{"id":11386,"date":"2021-05-14T02:08:22","date_gmt":"2021-05-14T02:08:22","guid":{"rendered":"https:\/\/www.cnshining.com\/?page_id=11386"},"modified":"2026-04-09T08:26:01","modified_gmt":"2026-04-09T08:26:01","slug":"kappenverschluss","status":"publish","type":"page","link":"https:\/\/www.cnshining.com\/de\/kappenverschluss","title":{"rendered":"Kappe &amp; Verschluss"},"content":{"rendered":"<div data-elementor-type=\"wp-page\" data-elementor-id=\"11386\" class=\"elementor elementor-11386\" data-elementor-post-type=\"page\">\n\t\t\t\t<div class=\"elementor-element elementor-element-384e0657 e-flex e-con-boxed e-con e-parent\" data-id=\"384e0657\" data-element_type=\"container\" data-settings=\"{&quot;background_background&quot;:&quot;classic&quot;}\">\n\t\t\t\t\t<div class=\"e-con-inner\">\n\t\t\t\t<div class=\"elementor-element elementor-element-6a6e66b2 elementor-icon-list--layout-inline elementor-align-center elementor-list-item-link-full_width elementor-widget elementor-widget-icon-list\" data-id=\"6a6e66b2\" data-element_type=\"widget\" data-widget_type=\"icon-list.default\">\n\t\t\t\t\t\t\t<ul class=\"elementor-icon-list-items elementor-inline-items\">\n\t\t\t\t\t\t\t<li class=\"elementor-icon-list-item elementor-inline-item\">\n\t\t\t\t\t\t\t\t\t\t\t<a href=\"https:\/\/www.cnshining.com\/de\" target=\"_blank\">\n\n\t\t\t\t\t\t\t\t\t\t\t\t<span class=\"elementor-icon-list-icon\">\n\t\t\t\t\t\t\t<svg aria-hidden=\"true\" class=\"e-font-icon-svg e-fas-home\" viewbox=\"0 0 576 512\" xmlns=\"http:\/\/www.w3.org\/2000\/svg\"><path d=\"M280.37 148.26L96 300.11V464a16 16 0 0 0 16 16l112.06-.29a16 16 0 0 0 15.92-16V368a16 16 0 0 1 16-16h64a16 16 0 0 1 16 16v95.64a16 16 0 0 0 16 16.05L464 480a16 16 0 0 0 16-16V300L295.67 148.26a12.19 12.19 0 0 0-15.3 0zM571.6 251.47L488 182.56V44.05a12 12 0 0 0-12-12h-56a12 12 0 0 0-12 12v72.61L318.47 43a48 48 0 0 0-61 0L4.34 251.47a12 12 0 0 0-1.6 16.9l25.5 31A12 12 0 0 0 45.15 301l235.22-193.74a12.19 12.19 0 0 1 15.3 0L530.9 301a12 12 0 0 0 16.9-1.6l25.5-31a12 12 0 0 0-1.7-16.93z\"><\/path><\/svg>\t\t\t\t\t\t<\/span>\n\t\t\t\t\t\t\t\t\t\t<span class=\"elementor-icon-list-text\">Heim \/<\/span>\n\t\t\t\t\t\t\t\t\t\t\t<\/a>\n\t\t\t\t\t\t\t\t\t<\/li>\n\t\t\t\t\t\t\t\t<li class=\"elementor-icon-list-item elementor-inline-item\">\n\t\t\t\t\t\t\t\t\t\t\t<a href=\"https:\/\/www.cnshining.com\/de\/produkt\/\" target=\"_blank\">\n\n\t\t\t\t\t\t\t\t\t\t\t<span class=\"elementor-icon-list-text\">Produkte \/<\/span>\n\t\t\t\t\t\t\t\t\t\t\t<\/a>\n\t\t\t\t\t\t\t\t\t<\/li>\n\t\t\t\t\t\t<\/ul>\n\t\t\t\t\t\t<\/div>\n\t\t\t\t\t<\/div>\n\t\t\t\t<\/div>\n\t\t<div class=\"elementor-element elementor-element-38a5d7ec e-flex e-con-boxed e-con e-parent\" data-id=\"38a5d7ec\" data-element_type=\"container\">\n\t\t\t\t\t<div class=\"e-con-inner\">\n\t\t<div class=\"elementor-element elementor-element-7c212a4 e-con-full e-flex e-con e-child\" data-id=\"7c212a4\" data-element_type=\"container\">\n\t\t\t\t<div class=\"elementor-element elementor-element-9e8e75e elementor-headline--style-highlight elementor-widget elementor-widget-animated-headline\" data-id=\"9e8e75e\" data-element_type=\"widget\" data-settings=\"{&quot;marker&quot;:&quot;double_underline&quot;,&quot;highlighted_text&quot;:&quot;Accessories&quot;,&quot;headline_style&quot;:&quot;highlight&quot;,&quot;loop&quot;:&quot;yes&quot;,&quot;highlight_animation_duration&quot;:1200,&quot;highlight_iteration_delay&quot;:8000}\" data-widget_type=\"animated-headline.default\">\n\t\t\t\t\t\t\t<h2 class=\"elementor-headline\">\n\t\t\t\t\t<span class=\"elementor-headline-plain-text elementor-headline-text-wrapper\">Aerosolverpackung<\/span>\n\t\t\t\t<span class=\"elementor-headline-dynamic-wrapper elementor-headline-text-wrapper\">\n\t\t\t\t\t<span class=\"elementor-headline-dynamic-text elementor-headline-text-active\">Zubeh\u00f6r<\/span>\n\t\t\t\t<\/span>\n\t\t\t\t<\/h2>\n\t\t\t\t\t\t<\/div>\n\t\t\t\t<\/div>\n\t\t<div class=\"elementor-element elementor-element-3200078 e-con-full e-flex e-con e-child\" data-id=\"3200078\" data-element_type=\"container\">\n\t\t<a class=\"elementor-element elementor-element-e4fa12c e-con-full e-flex e-con e-child\" data-id=\"e4fa12c\" data-element_type=\"container\" href=\"https:\/\/www.cnshining.com\/de\/aerosolventilhersteller\/\" target=\"_blank\">\n\t\t\t\t<div class=\"elementor-element elementor-element-95ae345 img elementor-cta--skin-classic elementor-animated-content elementor-bg-transform elementor-bg-transform-zoom-in elementor-widget elementor-widget-call-to-action\" data-id=\"95ae345\" data-element_type=\"widget\" data-widget_type=\"call-to-action.default\">\n\t\t\t\t\t\t\t<div class=\"elementor-cta\">\n\t\t\t\t\t<div class=\"elementor-cta__bg-wrapper\">\n\t\t\t\t<div class=\"elementor-cta__bg elementor-bg\" style=\"background-image: url(https:\/\/www.cnshining.com\/wp-content\/uploads\/elementor\/thumbs\/Aerosol-Valve-rfl7hxds9fmryked0txwlxiq2duosdkbuubq7kxq0y.webp);\" role=\"img\" aria-label=\"Aerosolventil\"><\/div>\n\t\t\t\t<div class=\"elementor-cta__bg-overlay\"><\/div>\n\t\t\t<\/div>\n\t\t\t\t\t\t\t\t<\/div>\n\t\t\t\t\t\t<\/div>\n\t\t\t\t<div class=\"elementor-element elementor-element-044b5ce elementor-widget elementor-widget-heading\" data-id=\"044b5ce\" data-element_type=\"widget\" data-widget_type=\"heading.default\">\n\t\t\t\t\t<h2 class=\"elementor-heading-title elementor-size-default\">Aerosolventil<\/h2>\t\t\t\t<\/div>\n\t\t\t\t<\/a>\n\t\t<a class=\"elementor-element elementor-element-259e5ab e-con-full e-flex e-con e-child\" data-id=\"259e5ab\" data-element_type=\"container\" href=\"https:\/\/www.cnshining.com\/de\/hersteller-von-aerosoldosen-uberkappen\/\" target=\"_blank\">\n\t\t\t\t<div class=\"elementor-element elementor-element-7e567cb img elementor-cta--skin-classic elementor-animated-content elementor-bg-transform elementor-bg-transform-zoom-in elementor-widget elementor-widget-call-to-action\" data-id=\"7e567cb\" data-element_type=\"widget\" data-widget_type=\"call-to-action.default\">\n\t\t\t\t\t\t\t<div class=\"elementor-cta\">\n\t\t\t\t\t<div class=\"elementor-cta__bg-wrapper\">\n\t\t\t\t<div class=\"elementor-cta__bg elementor-bg\" style=\"background-image: url(https:\/\/www.cnshining.com\/wp-content\/uploads\/elementor\/thumbs\/Aerosol-Overcap-rfl7i1550rrx908wevkevwkkfxc5n5z97cxo4os5c2.webp);\" role=\"img\" aria-label=\"Aerosol-\u00dcberkappe\"><\/div>\n\t\t\t\t<div class=\"elementor-cta__bg-overlay\"><\/div>\n\t\t\t<\/div>\n\t\t\t\t\t\t\t\t<\/div>\n\t\t\t\t\t\t<\/div>\n\t\t\t\t<div class=\"elementor-element elementor-element-8312b1b elementor-widget elementor-widget-heading\" data-id=\"8312b1b\" data-element_type=\"widget\" data-widget_type=\"heading.default\">\n\t\t\t\t\t<h2 class=\"elementor-heading-title elementor-size-default\">Aerosol-\u00dcberkappe<\/h2>\t\t\t\t<\/div>\n\t\t\t\t<\/a>\n\t\t<a class=\"elementor-element elementor-element-7b421ef e-con-full e-flex e-con e-child\" data-id=\"7b421ef\" data-element_type=\"container\" href=\"https:\/\/www.cnshining.com\/de\/hersteller-von-aerosoldosen-auslosern\/\" target=\"_blank\">\n\t\t\t\t<div class=\"elementor-element elementor-element-2bdf054 img elementor-cta--skin-classic elementor-animated-content elementor-bg-transform elementor-bg-transform-zoom-in elementor-widget elementor-widget-call-to-action\" data-id=\"2bdf054\" data-element_type=\"widget\" data-widget_type=\"call-to-action.default\">\n\t\t\t\t\t\t\t<div class=\"elementor-cta\">\n\t\t\t\t\t<div class=\"elementor-cta__bg-wrapper\">\n\t\t\t\t<div class=\"elementor-cta__bg elementor-bg\" style=\"background-image: url(https:\/\/www.cnshining.com\/wp-content\/uploads\/elementor\/thumbs\/Aerosol-Actuator-rfl7hvi3vrk7bch3bt4ngxzsvm3yczcv6l0r910ide.webp);\" role=\"img\" aria-label=\"Aerosol-Aktor\"><\/div>\n\t\t\t\t<div class=\"elementor-cta__bg-overlay\"><\/div>\n\t\t\t<\/div>\n\t\t\t\t\t\t\t\t<\/div>\n\t\t\t\t\t\t<\/div>\n\t\t\t\t<div class=\"elementor-element elementor-element-ef98017 elementor-widget elementor-widget-heading\" data-id=\"ef98017\" data-element_type=\"widget\" data-widget_type=\"heading.default\">\n\t\t\t\t\t<h2 class=\"elementor-heading-title elementor-size-default\">Aerosoldosen-Ausl\u00f6ser<\/h2>\t\t\t\t<\/div>\n\t\t\t\t<\/a>\n\t\t\t\t<\/div>\n\t\t<div class=\"elementor-element elementor-element-61046ae e-con-full e-flex e-con e-child\" data-id=\"61046ae\" data-element_type=\"container\">\n\t\t<a class=\"elementor-element elementor-element-4414244 e-con-full e-flex e-con e-child\" data-id=\"4414244\" data-element_type=\"container\" href=\"https:\/\/www.cnshining.com\/de\/bov\/\" target=\"_blank\">\n\t\t\t\t<div class=\"elementor-element elementor-element-5987daf img elementor-cta--skin-classic elementor-animated-content elementor-bg-transform elementor-bg-transform-zoom-in elementor-widget elementor-widget-call-to-action\" data-id=\"5987daf\" data-element_type=\"widget\" data-widget_type=\"call-to-action.default\">\n\t\t\t\t\t\t\t<div class=\"elementor-cta\">\n\t\t\t\t\t<div class=\"elementor-cta__bg-wrapper\">\n\t\t\t\t<div class=\"elementor-cta__bg elementor-bg\" style=\"background-image: url(https:\/\/www.cnshining.com\/wp-content\/uploads\/elementor\/thumbs\/Bag-On-Valve-rfuk0q0x8fvhh6zd4ioc7syt29kelmgotihgwq7i82.webp);\" role=\"img\" aria-label=\"Bag-on-Valve\"><\/div>\n\t\t\t\t<div class=\"elementor-cta__bg-overlay\"><\/div>\n\t\t\t<\/div>\n\t\t\t\t\t\t\t\t<\/div>\n\t\t\t\t\t\t<\/div>\n\t\t\t\t<div class=\"elementor-element elementor-element-89d8b12 elementor-widget elementor-widget-heading\" data-id=\"89d8b12\" data-element_type=\"widget\" data-widget_type=\"heading.default\">\n\t\t\t\t\t<h2 class=\"elementor-heading-title elementor-size-default\">Bag-on-Valve<\/h2>\t\t\t\t<\/div>\n\t\t\t\t<\/a>\n\t\t\t\t<\/div>\n\t\t<div class=\"elementor-element elementor-element-90a2c02 e-con-full e-flex e-con e-child\" data-id=\"90a2c02\" data-element_type=\"container\">\n\t\t\t\t<div class=\"elementor-element elementor-element-1c39620 elementor-headline--style-highlight elementor-widget elementor-widget-animated-headline\" data-id=\"1c39620\" data-element_type=\"widget\" data-settings=\"{&quot;marker&quot;:&quot;double_underline&quot;,&quot;highlighted_text&quot;:&quot;Accessories&quot;,&quot;headline_style&quot;:&quot;highlight&quot;,&quot;loop&quot;:&quot;yes&quot;,&quot;highlight_animation_duration&quot;:1200,&quot;highlight_iteration_delay&quot;:8000}\" data-widget_type=\"animated-headline.default\">\n\t\t\t\t\t\t\t<h2 class=\"elementor-headline\">\n\t\t\t\t\t<span class=\"elementor-headline-plain-text elementor-headline-text-wrapper\">Aluminiumflasche<\/span>\n\t\t\t\t<span class=\"elementor-headline-dynamic-wrapper elementor-headline-text-wrapper\">\n\t\t\t\t\t<span class=\"elementor-headline-dynamic-text elementor-headline-text-active\">Zubeh\u00f6r<\/span>\n\t\t\t\t<\/span>\n\t\t\t\t<\/h2>\n\t\t\t\t\t\t<\/div>\n\t\t\t\t<\/div>\n\t\t<div class=\"elementor-element elementor-element-02de76e e-con-full e-flex e-con e-child\" data-id=\"02de76e\" data-element_type=\"container\">\n\t\t<a class=\"elementor-element elementor-element-278c2b2 e-con-full e-flex e-con e-child\" data-id=\"278c2b2\" data-element_type=\"container\" href=\"https:\/\/www.cnshining.com\/de\/behandlungspumpe\/\" target=\"_blank\">\n\t\t\t\t<div class=\"elementor-element elementor-element-d0b0d51 img elementor-cta--skin-classic elementor-animated-content elementor-bg-transform elementor-bg-transform-zoom-in elementor-widget elementor-widget-call-to-action\" data-id=\"d0b0d51\" data-element_type=\"widget\" data-widget_type=\"call-to-action.default\">\n\t\t\t\t\t\t\t<div class=\"elementor-cta\">\n\t\t\t\t\t<div class=\"elementor-cta__bg-wrapper\">\n\t\t\t\t<div class=\"elementor-cta__bg elementor-bg\" style=\"background-image: url(https:\/\/www.cnshining.com\/wp-content\/uploads\/elementor\/thumbs\/Treatment-Pump-rflplbjcg7c9qa7pceeejjye377v17jtextayr3y0y.webp);\" role=\"img\" aria-label=\"Behandlungspumpe\"><\/div>\n\t\t\t\t<div class=\"elementor-cta__bg-overlay\"><\/div>\n\t\t\t<\/div>\n\t\t\t\t\t\t\t\t<\/div>\n\t\t\t\t\t\t<\/div>\n\t\t\t\t<div class=\"elementor-element elementor-element-943c7cc elementor-widget elementor-widget-heading\" data-id=\"943c7cc\" data-element_type=\"widget\" data-widget_type=\"heading.default\">\n\t\t\t\t\t<h2 class=\"elementor-heading-title elementor-size-default\">Behandlungspumpe<\/h2>\t\t\t\t<\/div>\n\t\t\t\t<\/a>\n\t\t<a class=\"elementor-element elementor-element-3b029b0 e-con-full e-flex e-con e-child\" data-id=\"3b029b0\" data-element_type=\"container\" href=\"https:\/\/www.cnshining.com\/de\/lotionpumpe\/\" target=\"_blank\">\n\t\t\t\t<div class=\"elementor-element elementor-element-7c186b4 img elementor-cta--skin-classic elementor-animated-content elementor-bg-transform elementor-bg-transform-zoom-in elementor-widget elementor-widget-call-to-action\" data-id=\"7c186b4\" data-element_type=\"widget\" data-widget_type=\"call-to-action.default\">\n\t\t\t\t\t\t\t<div class=\"elementor-cta\">\n\t\t\t\t\t<div class=\"elementor-cta__bg-wrapper\">\n\t\t\t\t<div class=\"elementor-cta__bg elementor-bg\" style=\"background-image: url(https:\/\/www.cnshining.com\/wp-content\/uploads\/elementor\/thumbs\/Lotion-Pump-rflpk0jeyhjxls3yyu322vtcdxniccd8kh70yx1mo2.webp);\" role=\"img\" aria-label=\"Lotionpumpe\"><\/div>\n\t\t\t\t<div class=\"elementor-cta__bg-overlay\"><\/div>\n\t\t\t<\/div>\n\t\t\t\t\t\t\t\t<\/div>\n\t\t\t\t\t\t<\/div>\n\t\t\t\t<div class=\"elementor-element elementor-element-d2d1712 elementor-widget elementor-widget-heading\" data-id=\"d2d1712\" data-element_type=\"widget\" data-widget_type=\"heading.default\">\n\t\t\t\t\t<h2 class=\"elementor-heading-title elementor-size-default\">Lotionpumpe<\/h2>\t\t\t\t<\/div>\n\t\t\t\t<\/a>\n\t\t<a class=\"elementor-element elementor-element-2ae2c2a e-con-full e-flex e-con e-child\" data-id=\"2ae2c2a\" data-element_type=\"container\" href=\"https:\/\/www.cnshining.com\/de\/feinnebelspray\/\" target=\"_blank\">\n\t\t\t\t<div class=\"elementor-element elementor-element-e8d4b44 img elementor-cta--skin-classic elementor-animated-content elementor-bg-transform elementor-bg-transform-zoom-in elementor-widget elementor-widget-call-to-action\" data-id=\"e8d4b44\" data-element_type=\"widget\" data-widget_type=\"call-to-action.default\">\n\t\t\t\t\t\t\t<div class=\"elementor-cta\">\n\t\t\t\t\t<div class=\"elementor-cta__bg-wrapper\">\n\t\t\t\t<div class=\"elementor-cta__bg elementor-bg\" style=\"background-image: url(https:\/\/www.cnshining.com\/wp-content\/uploads\/elementor\/thumbs\/Fine-Mist-Spray-rflpitau83wqrpurzbe7w6q527kmi9ll2j6ow6tqma.webp);\" role=\"img\" aria-label=\"Feiner Spr\u00fchnebel\"><\/div>\n\t\t\t\t<div class=\"elementor-cta__bg-overlay\"><\/div>\n\t\t\t<\/div>\n\t\t\t\t\t\t\t\t<\/div>\n\t\t\t\t\t\t<\/div>\n\t\t\t\t<div class=\"elementor-element elementor-element-9e949eb elementor-widget elementor-widget-heading\" data-id=\"9e949eb\" data-element_type=\"widget\" data-widget_type=\"heading.default\">\n\t\t\t\t\t<h2 class=\"elementor-heading-title elementor-size-default\">Feiner Spr\u00fchnebel<\/h2>\t\t\t\t<\/div>\n\t\t\t\t<\/a>\n\t\t<a class=\"elementor-element elementor-element-e1d9000 e-con-full e-flex e-con e-child\" data-id=\"e1d9000\" data-element_type=\"container\" href=\"https:\/\/www.cnshining.com\/de\/spruhpistole\/\" target=\"_blank\">\n\t\t\t\t<div class=\"elementor-element elementor-element-94e3b57 img elementor-cta--skin-classic elementor-animated-content elementor-bg-transform elementor-bg-transform-zoom-in elementor-widget elementor-widget-call-to-action\" data-id=\"94e3b57\" data-element_type=\"widget\" data-widget_type=\"call-to-action.default\">\n\t\t\t\t\t\t\t<div class=\"elementor-cta\">\n\t\t\t\t\t<div class=\"elementor-cta__bg-wrapper\">\n\t\t\t\t<div class=\"elementor-cta__bg elementor-bg\" style=\"background-image: url(https:\/\/www.cnshining.com\/wp-content\/uploads\/elementor\/thumbs\/Trigger-Spray-rfl7hz9gn3pclsbmpur5qx1n95lf7rrsj3mp64uxoi.webp);\" role=\"img\" aria-label=\"Spr\u00fchpistole\"><\/div>\n\t\t\t\t<div class=\"elementor-cta__bg-overlay\"><\/div>\n\t\t\t<\/div>\n\t\t\t\t\t\t\t\t<\/div>\n\t\t\t\t\t\t<\/div>\n\t\t\t\t<div class=\"elementor-element elementor-element-b0d4318 elementor-widget elementor-widget-heading\" data-id=\"b0d4318\" data-element_type=\"widget\" data-widget_type=\"heading.default\">\n\t\t\t\t\t<h2 class=\"elementor-heading-title elementor-size-default\">Spr\u00fchpistole<\/h2>\t\t\t\t<\/div>\n\t\t\t\t<\/a>\n\t\t<a class=\"elementor-element elementor-element-d263d8b e-con-full e-flex e-con e-child\" data-id=\"d263d8b\" data-element_type=\"container\" href=\"https:\/\/www.cnshining.com\/de\/schaumpumpe\/\" target=\"_blank\">\n\t\t\t\t<div class=\"elementor-element elementor-element-9ed3404 img elementor-cta--skin-classic elementor-animated-content elementor-bg-transform elementor-bg-transform-zoom-in elementor-widget elementor-widget-call-to-action\" data-id=\"9ed3404\" data-element_type=\"widget\" data-widget_type=\"call-to-action.default\">\n\t\t\t\t\t\t\t<div class=\"elementor-cta\">\n\t\t\t\t\t<div class=\"elementor-cta__bg-wrapper\">\n\t\t\t\t<div class=\"elementor-cta__bg elementor-bg\" style=\"background-image: url(https:\/\/www.cnshining.com\/wp-content\/uploads\/elementor\/thumbs\/Foam-Pump-rfl7hz9gn3pclsbmpur5qx1n95lf7rrsj3mp64uxoi.webp);\" role=\"img\" aria-label=\"Schaumpumpe\"><\/div>\n\t\t\t\t<div class=\"elementor-cta__bg-overlay\"><\/div>\n\t\t\t<\/div>\n\t\t\t\t\t\t\t\t<\/div>\n\t\t\t\t\t\t<\/div>\n\t\t\t\t<div class=\"elementor-element elementor-element-f50b677 elementor-widget elementor-widget-heading\" data-id=\"f50b677\" data-element_type=\"widget\" data-widget_type=\"heading.default\">\n\t\t\t\t\t<h2 class=\"elementor-heading-title elementor-size-default\">Schaumpumpe<\/h2>\t\t\t\t<\/div>\n\t\t\t\t<\/a>\n\t\t<a class=\"elementor-element elementor-element-24b80ce e-con-full e-flex e-con e-child\" data-id=\"24b80ce\" data-element_type=\"container\" href=\"https:\/\/www.cnshining.com\/de\/aluminium-flaschenverschluss\/\" target=\"_blank\">\n\t\t\t\t<div class=\"elementor-element elementor-element-ec8b3ea img elementor-cta--skin-classic elementor-animated-content elementor-bg-transform elementor-bg-transform-zoom-in elementor-widget elementor-widget-call-to-action\" data-id=\"ec8b3ea\" data-element_type=\"widget\" data-widget_type=\"call-to-action.default\">\n\t\t\t\t\t\t\t<div class=\"elementor-cta\">\n\t\t\t\t\t<div class=\"elementor-cta__bg-wrapper\">\n\t\t\t\t<div class=\"elementor-cta__bg elementor-bg\" style=\"background-image: url(https:\/\/www.cnshining.com\/wp-content\/uploads\/elementor\/thumbs\/Aluminum-Bottle-Cap-rfl7htmfi3hmo4jtmsbebygvoud7xl5eibpsah3apu.webp);\" role=\"img\" aria-label=\"Aluminium-Flaschenverschluss\"><\/div>\n\t\t\t\t<div class=\"elementor-cta__bg-overlay\"><\/div>\n\t\t\t<\/div>\n\t\t\t\t\t\t\t\t<\/div>\n\t\t\t\t\t\t<\/div>\n\t\t\t\t<div class=\"elementor-element elementor-element-aaf714c elementor-widget elementor-widget-heading\" data-id=\"aaf714c\" data-element_type=\"widget\" data-widget_type=\"heading.default\">\n\t\t\t\t\t<h2 class=\"elementor-heading-title elementor-size-default\">Kappen<\/h2>\t\t\t\t<\/div>\n\t\t\t\t<\/a>\n\t\t\t\t<\/div>\n\t\t\t\t\t<\/div>\n\t\t\t\t<\/div>\n\t\t\t\t<\/div>","protected":false},"excerpt":{"rendered":"<p>F\u00fchrender chinesischer Lieferant von Aluminium-Flaschenverschl\u00fcssen: Aerosol-\u00dcberkappen, Bet\u00e4tigungselemente, 1-Zoll-Ventile, Aluminium-Flaschenverschl\u00fcsse, Originalit\u00e4tsverschl\u00fcsse und CRC-gepr\u00fcfte Verschl\u00fcsse. Sonderfarben, niedrige Mindestbestellmenge., <\/p>","protected":false},"author":1,"featured_media":42067,"parent":0,"menu_order":0,"comment_status":"closed","ping_status":"closed","template":"","meta":{"footnotes":""},"class_list":["post-11386","page","type-page","status-publish","has-post-thumbnail","hentry"],"_links":{"self":[{"href":"https:\/\/www.cnshining.com\/de\/wp-json\/wp\/v2\/pages\/11386","targetHints":{"allow":["GET"]}}],"collection":[{"href":"https:\/\/www.cnshining.com\/de\/wp-json\/wp\/v2\/pages"}],"about":[{"href":"https:\/\/www.cnshining.com\/de\/wp-json\/wp\/v2\/types\/page"}],"author":[{"embeddable":true,"href":"https:\/\/www.cnshining.com\/de\/wp-json\/wp\/v2\/users\/1"}],"replies":[{"embeddable":true,"href":"https:\/\/www.cnshining.com\/de\/wp-json\/wp\/v2\/comments?post=11386"}],"version-history":[{"count":3,"href":"https:\/\/www.cnshining.com\/de\/wp-json\/wp\/v2\/pages\/11386\/revisions"}],"predecessor-version":[{"id":47177,"href":"https:\/\/www.cnshining.com\/de\/wp-json\/wp\/v2\/pages\/11386\/revisions\/47177"}],"wp:featuredmedia":[{"embeddable":true,"href":"https:\/\/www.cnshining.com\/de\/wp-json\/wp\/v2\/media\/42067"}],"wp:attachment":[{"href":"https:\/\/www.cnshining.com\/de\/wp-json\/wp\/v2\/media?parent=11386"}],"curies":[{"name":"wp","href":"https:\/\/api.w.org\/{rel}","templated":true}]}}