{"id":1422,"date":"2014-10-29T08:47:26","date_gmt":"2014-10-29T08:47:26","guid":{"rendered":"http:\/\/www.cnshining.com\/?page_id=1422"},"modified":"2025-12-07T11:30:38","modified_gmt":"2025-12-07T11:30:38","slug":"datenschutz-bestimmungen","status":"publish","type":"page","link":"https:\/\/www.cnshining.com\/de\/datenschutz-bestimmungen","title":{"rendered":"Datenschutzrichtlinie"},"content":{"rendered":"<div data-elementor-type=\"wp-page\" data-elementor-id=\"1422\" class=\"elementor elementor-1422\" data-elementor-post-type=\"page\">\n\t\t\t\t<div class=\"elementor-element elementor-element-72b4c427 e-flex e-con-boxed e-con e-parent\" data-id=\"72b4c427\" data-element_type=\"container\" data-settings=\"{&quot;background_background&quot;:&quot;classic&quot;}\">\n\t\t\t\t\t<div class=\"e-con-inner\">\n\t\t\t\t<div class=\"elementor-element elementor-element-5bcc330b elementor-icon-list--layout-inline elementor-align-center elementor-list-item-link-full_width elementor-widget elementor-widget-icon-list\" data-id=\"5bcc330b\" data-element_type=\"widget\" data-widget_type=\"icon-list.default\">\n\t\t\t\t\t\t\t<ul class=\"elementor-icon-list-items elementor-inline-items\">\n\t\t\t\t\t\t\t<li class=\"elementor-icon-list-item elementor-inline-item\">\n\t\t\t\t\t\t\t\t\t\t\t<a href=\"https:\/\/www.cnshining.com\/de\" target=\"_blank\">\n\n\t\t\t\t\t\t\t\t\t\t\t\t<span class=\"elementor-icon-list-icon\">\n\t\t\t\t\t\t\t<svg aria-hidden=\"true\" class=\"e-font-icon-svg e-fas-home\" viewbox=\"0 0 576 512\" xmlns=\"http:\/\/www.w3.org\/2000\/svg\"><path d=\"M280.37 148.26L96 300.11V464a16 16 0 0 0 16 16l112.06-.29a16 16 0 0 0 15.92-16V368a16 16 0 0 1 16-16h64a16 16 0 0 1 16 16v95.64a16 16 0 0 0 16 16.05L464 480a16 16 0 0 0 16-16V300L295.67 148.26a12.19 12.19 0 0 0-15.3 0zM571.6 251.47L488 182.56V44.05a12 12 0 0 0-12-12h-56a12 12 0 0 0-12 12v72.61L318.47 43a48 48 0 0 0-61 0L4.34 251.47a12 12 0 0 0-1.6 16.9l25.5 31A12 12 0 0 0 45.15 301l235.22-193.74a12.19 12.19 0 0 1 15.3 0L530.9 301a12 12 0 0 0 16.9-1.6l25.5-31a12 12 0 0 0-1.7-16.93z\"><\/path><\/svg>\t\t\t\t\t\t<\/span>\n\t\t\t\t\t\t\t\t\t\t<span class=\"elementor-icon-list-text\">Heim \/<\/span>\n\t\t\t\t\t\t\t\t\t\t\t<\/a>\n\t\t\t\t\t\t\t\t\t<\/li>\n\t\t\t\t\t\t<\/ul>\n\t\t\t\t\t\t<\/div>\n\t\t\t\t\t<\/div>\n\t\t\t\t<\/div>\n\t\t<div class=\"elementor-element elementor-element-3e13885a e-flex e-con-boxed e-con e-parent\" data-id=\"3e13885a\" data-element_type=\"container\">\n\t\t\t\t\t<div class=\"e-con-inner\">\n\t\t\t\t<div class=\"elementor-element elementor-element-4f037485 elementor-widget elementor-widget-text-editor\" data-id=\"4f037485\" data-element_type=\"widget\" data-widget_type=\"text-editor.default\">\n\t\t\t\t\t\t\t\t\t\n<p>Shining Packaging verpflichtet sich, alle personenbezogenen Daten, die Sie uns \u00fcbermitteln, zu sch\u00fctzen. Insbesondere ist es uns wichtig, dass Sie wissen, wie wir mit Informationen umgehen, die wir \u00fcber diese Website von Ihnen erhalten.<\/p>\n\t\t\t\t\t\t\t\t<\/div>\n\t\t\t\t<div class=\"elementor-element elementor-element-b7f82fc elementor-widget elementor-widget-heading\" data-id=\"b7f82fc\" data-element_type=\"widget\" data-widget_type=\"heading.default\">\n\t\t\t\t\t<h2 class=\"elementor-heading-title elementor-size-default\">Gesammelte Informationen<\/h2>\t\t\t\t<\/div>\n\t\t\t\t<div class=\"elementor-element elementor-element-105d2e4 elementor-widget elementor-widget-text-editor\" data-id=\"105d2e4\" data-element_type=\"widget\" data-widget_type=\"text-editor.default\">\n\t\t\t\t\t\t\t\t\t<p>Im Allgemeinen k\u00f6nnen Sie diese Website besuchen, ohne uns Ihre Identit\u00e4t preiszugeben oder pers\u00f6nliche Daten anzugeben. Unsere Webserver erfassen die Domainnamen, nicht die E-Mail-Adressen der Besucher. Wie viele andere Websites auch, versuchen unsere Webserver, einen Cookie (eine kleine Datendatei) auf der Festplatte Ihres Computers zu speichern. Dieser Cookie erm\u00f6glicht es dem Server, Ihren Computer bei einem erneuten Besuch wiederzuerkennen und statistische Informationen \u00fcber Ihre Navigation auf unserer Website sowie \u00fcber Shining Packaging-Werbeaktionen auf anderen Websites zu erfassen. Dieser Cookie wird nicht verwendet, um Ihren Namen oder andere personenbezogene Daten zu erhalten. Die erfassten Informationen dienen ausschlie\u00dflich internen Zwecken, wie der Verbesserung der Website-Navigation und der Messung der Effektivit\u00e4t unserer Werbema\u00dfnahmen. Sie werden nicht an Dritte weitergegeben, au\u00dfer an Shining Packaging-Partner und Auftragnehmer, die Shining Packaging bei diesen Aufgaben unterst\u00fctzen und zur Vertraulichkeit verpflichtet sind. Wenn Sie keine Cookies akzeptieren m\u00f6chten, k\u00f6nnen Sie Ihren Browser so einstellen, dass er diese ablehnt oder Sie vor dem Speichern eines Cookies benachrichtigt.<\/p>\n<p><!-- \/wp:paragraph --><!-- wp:paragraph --><\/p>\n<p><!-- \/wp:paragraph --><!-- wp:paragraph --><\/p>\t\t\t\t\t\t\t\t<\/div>\n\t\t\t\t<div class=\"elementor-element elementor-element-b71065f elementor-widget elementor-widget-text-editor\" data-id=\"b71065f\" data-element_type=\"widget\" data-widget_type=\"text-editor.default\">\n\t\t\t\t\t\t\t\t\t<p>Dar\u00fcber hinaus gibt es Bereiche dieser Website, in denen wir m\u00f6glicherweise personenbezogene Daten von Ihnen f\u00fcr einen bestimmten Zweck erheben m\u00fcssen, beispielsweise um Ihnen angeforderte Informationen bereitzustellen. Zu den erhobenen Daten k\u00f6nnen Ihr Name, Ihre Adresse, Ihre Telefon- und Faxnummer sowie Ihre E-Mail-Adresse geh\u00f6ren. F\u00fcr den elektronischen Zugriff auf Gesch\u00e4ftsberichte und Stimmrechtsvollmachten erfassen wir Ihre Steueridentifikationsnummer, um Ihren Aktion\u00e4rsstatus zu \u00fcberpr\u00fcfen. F\u00fcr unsere Website zur F\u00f6rderung der Lieferantenvielfalt erfassen wir notwendigerweise Informationen zu Geschlecht und ethnischer Zugeh\u00f6rigkeit, beispielsweise ob Ihr Unternehmen in Frauenhand ist.<\/p>\n<p><!-- \/wp:paragraph --><!-- wp:paragraph --><\/p>\n<p><!-- \/wp:paragraph --><!-- wp:paragraph --><\/p>\t\t\t\t\t\t\t\t<\/div>\n\t\t\t\t<div class=\"elementor-element elementor-element-8bad1be elementor-widget elementor-widget-text-editor\" data-id=\"8bad1be\" data-element_type=\"widget\" data-widget_type=\"text-editor.default\">\n\t\t\t\t\t\t\t\t\t<p>Wir nutzen eine Drittanbietertechnologie, um unsere Anzeigen auf anderen Websites zu platzieren. Diese Technologie installiert beim Ansehen unserer Anzeige eine kleine Cookie-Datei auf Ihrem Computer. Diese Cookies enthalten keine personenbezogenen Daten (wie Ihren Namen oder Ihre E-Mail-Adresse), sondern eine zuf\u00e4llig generierte Nummer, die f\u00fcr Ihren Browser eindeutig ist und von einem Web-Beacon (transparente GIF-Datei) auf unserer Website erkannt werden kann, wenn Sie \u00fcber eine unserer Anzeigen auf unsere Website gelangen. Dadurch k\u00f6nnen wir die Anzahl der eindeutigen Besucher unserer Website und die jeweiligen Anzeigen, \u00fcber die sie auf unsere Website gelangt sind, erfassen und so die Effektivit\u00e4t unserer Anzeigen und deren Platzierung messen. Die Datenschutzrichtlinien der Websites, auf denen wir werben und \u00fcber die die Cookies installiert werden, informieren Sie \u00fcber die Verwendung von Cookies. Selbstverst\u00e4ndlich k\u00f6nnen Sie Ihren Browser so einstellen, dass er Cookies ablehnt.<\/p>\n<p><!-- \/wp:paragraph --><!-- wp:paragraph --><\/p>\n<p><!-- \/wp:paragraph --><!-- wp:paragraph --><\/p>\n<p><!-- \/wp:paragraph --><!-- wp:paragraph --><\/p>\t\t\t\t\t\t\t\t<\/div>\n\t\t\t\t<div class=\"elementor-element elementor-element-7a4761e elementor-widget elementor-widget-text-editor\" data-id=\"7a4761e\" data-element_type=\"widget\" data-widget_type=\"text-editor.default\">\n\t\t\t\t\t\t\t\t\t<p>Diese Website ist nicht f\u00fcr Personen unter 13 Jahren bestimmt. Wir erfassen wissentlich keine personenbezogenen Daten von oder \u00fcber Kinder und vermarkten unsere Produkte oder Dienstleistungen nicht gezielt an Kinder.<\/p>\n<p><!-- \/wp:paragraph --><!-- wp:paragraph --><\/p>\t\t\t\t\t\t\t\t<\/div>\n\t\t\t\t<div class=\"elementor-element elementor-element-9b07115 elementor-widget elementor-widget-heading\" data-id=\"9b07115\" data-element_type=\"widget\" data-widget_type=\"heading.default\">\n\t\t\t\t\t<h2 class=\"elementor-heading-title elementor-size-default\">Nutzung der gesammelten Informationen<\/h2>\t\t\t\t<\/div>\n\t\t\t\t<div class=\"elementor-element elementor-element-92944ac elementor-widget elementor-widget-text-editor\" data-id=\"92944ac\" data-element_type=\"widget\" data-widget_type=\"text-editor.default\">\n\t\t\t\t\t\t\t\t\t<p>Die von uns erfassten Domainnameninformationen werden nicht dazu verwendet, Sie pers\u00f6nlich zu identifizieren, sondern aggregiert, um die Anzahl der Besuche, die durchschnittliche Verweildauer auf der Website, die aufgerufenen Seiten usw. zu messen. Wir nutzen diese Informationen, um die Nutzung unserer Website zu analysieren und deren Inhalte zu verbessern.<\/p>\n<p><!-- \/wp:paragraph --><!-- wp:paragraph --><\/p>\n<p><!-- \/wp:paragraph --><!-- wp:paragraph --><\/p>\t\t\t\t\t\t\t\t<\/div>\n\t\t\t\t<div class=\"elementor-element elementor-element-0cf241f elementor-widget elementor-widget-text-editor\" data-id=\"0cf241f\" data-element_type=\"widget\" data-widget_type=\"text-editor.default\">\n\t\t\t\t\t\t\t\t\t<p>Wenn wir weitere Informationen von Ihnen erheben, wie beispielsweise Ihren Namen und Ihre E-Mail-Adresse, informieren wir Sie in der Regel zum Zeitpunkt der Erhebung dar\u00fcber, wie wir diese personenbezogenen Daten verwenden. \u00dcblicherweise nutzen wir die von Ihnen angegebenen personenbezogenen Daten ausschlie\u00dflich, um Ihre Anfrage zu beantworten oder Ihr Anliegen zu bearbeiten (z. B. den Erhalt elektronischer Jahresberichte oder die Aufnahme in unsere Datenbank zur Lieferantenvielfalt). Diese Informationen k\u00f6nnen an andere Unternehmen der Shining Packaging-Gruppe weitergegeben werden, jedoch nur, wenn dies zur Erf\u00fcllung Ihrer Anfrage oder f\u00fcr damit zusammenh\u00e4ngende Zwecke erforderlich ist.<\/p>\n<p><!-- \/wp:paragraph --><!-- wp:paragraph --><\/p>\n<p><!-- \/wp:paragraph --><!-- wp:paragraph --><\/p>\t\t\t\t\t\t\t\t<\/div>\n\t\t\t\t<div class=\"elementor-element elementor-element-9e0bcb1 elementor-widget elementor-widget-text-editor\" data-id=\"9e0bcb1\" data-element_type=\"widget\" data-widget_type=\"text-editor.default\">\n\t\t\t\t\t\t\t\t\t<p>Wir k\u00f6nnen Ihre personenbezogenen Daten an andere Unternehmen weitergeben, die wir mit der Erbringung von Dienstleistungen f\u00fcr uns beauftragt haben. Diese Unternehmen \u2013 unsere Dienstleister \u2013 sind vertraglich verpflichtet, die von uns weitergegebenen personenbezogenen Daten ausschlie\u00dflich zur Erf\u00fcllung der von uns beauftragten Dienstleistungen zu verwenden. Wir geben Ihre personenbezogenen Daten nicht an Dritte zu deren Marketingzwecken weiter, verkaufen oder vermieten sie nicht. Wir geben Ihre Daten nur dann weiter, wenn Sie uns dazu anweisen, wenn wir gesetzlich dazu verpflichtet sind oder in anderen gesetzlich begrenzten F\u00e4llen (z. B. zum Schutz Ihres Kontos vor Betrug).<\/p>\n<p><!-- \/wp:paragraph --><!-- wp:paragraph --><\/p>\n<p><!-- \/wp:paragraph --><!-- wp:paragraph --><\/p>\t\t\t\t\t\t\t\t<\/div>\n\t\t\t\t<div class=\"elementor-element elementor-element-28ec41d elementor-widget elementor-widget-text-editor\" data-id=\"28ec41d\" data-element_type=\"widget\" data-widget_type=\"text-editor.default\">\n\t\t\t\t\t\t\t\t\t<p>Wenn Sie sich online bei einer Gesch\u00e4ftseinheit von Shining Packaging registrieren, kann diese Ihre Daten nutzen, um Ihnen ma\u00dfgeschneiderte Informationen zu den Angeboten von Shining Packaging bereitzustellen, die Ihre gesch\u00e4ftlichen Bed\u00fcrfnisse unterst\u00fctzen. Dabei kann, wie oben beschrieben, auch ein Cookie (eine kleine Datendatei) gesetzt werden, um Ihnen personalisierte Informationen anzubieten. Weitere Informationen zu den Datenschutzpraktiken der jeweiligen Shining Packaging-Gesch\u00e4ftseinheit finden Sie in deren Datenschutzerkl\u00e4rung auf deren Website.<\/p>\n<p><!-- \/wp:paragraph --><!-- wp:paragraph --><\/p>\t\t\t\t\t\t\t\t<\/div>\n\t\t\t\t<div class=\"elementor-element elementor-element-58abbf3 elementor-widget elementor-widget-heading\" data-id=\"58abbf3\" data-element_type=\"widget\" data-widget_type=\"heading.default\">\n\t\t\t\t\t<h2 class=\"elementor-heading-title elementor-size-default\">Links zu anderen Websites<\/h2>\t\t\t\t<\/div>\n\t\t\t\t<div class=\"elementor-element elementor-element-875a40c elementor-widget elementor-widget-text-editor\" data-id=\"875a40c\" data-element_type=\"widget\" data-widget_type=\"text-editor.default\">\n\t\t\t\t\t\t\t\t\t<p>Die Website von Shining Packaging kann Links zu anderen Websites enthalten, beispielsweise zu Shining Packaging-Distributoren und Vertriebspartnern. Wir bem\u00fchen uns, nur auf Websites zu verlinken, die unsere hohen Standards und unseren Respekt f\u00fcr den Datenschutz teilen. Dennoch \u00fcbernehmen wir keine Verantwortung f\u00fcr die Inhalte, die Sicherheit oder die Datenschutzpraktiken anderer Websites.<\/p>\n<p><!-- \/wp:paragraph --><!-- wp:paragraph --><\/p>\n<p><!-- \/wp:paragraph --><!-- wp:paragraph --><\/p>\t\t\t\t\t\t\t\t<\/div>\n\t\t\t\t<div class=\"elementor-element elementor-element-73cb71b elementor-widget elementor-widget-heading\" data-id=\"73cb71b\" data-element_type=\"widget\" data-widget_type=\"heading.default\">\n\t\t\t\t\t<h2 class=\"elementor-heading-title elementor-size-default\">Sicherheit der gesammelten Informationen<\/h2>\t\t\t\t<\/div>\n\t\t\t\t<div class=\"elementor-element elementor-element-914ab92 elementor-widget elementor-widget-text-editor\" data-id=\"914ab92\" data-element_type=\"widget\" data-widget_type=\"text-editor.default\">\n\t\t\t\t\t\t\t\t\t<p>Wir setzen strenge physische, elektronische und administrative Sicherheitsvorkehrungen ein, um Ihre personenbezogenen Daten vor unbefugtem oder unangemessenem Zugriff zu sch\u00fctzen. Der Zugriff auf Ihre Daten ist auf diejenigen Shining Packaging-Mitarbeiter beschr\u00e4nkt, die diese Informationen zur Bearbeitung Ihrer Anfrage ben\u00f6tigen. Mitarbeiter, die personenbezogene Daten missbrauchen, werden disziplinarisch belangt.<\/p>\n<p><!-- \/wp:paragraph --><!-- wp:paragraph --><\/p>\t\t\t\t\t\t\t\t<\/div>\n\t\t\t\t<div class=\"elementor-element elementor-element-c034338 elementor-widget elementor-widget-heading\" data-id=\"c034338\" data-element_type=\"widget\" data-widget_type=\"heading.default\">\n\t\t\t\t\t<h2 class=\"elementor-heading-title elementor-size-default\">Zugriff auf gesammelte Informationen<\/h2>\t\t\t\t<\/div>\n\t\t\t\t<div class=\"elementor-element elementor-element-a105339 elementor-widget elementor-widget-text-editor\" data-id=\"a105339\" data-element_type=\"widget\" data-widget_type=\"text-editor.default\">\n\t\t\t\t\t\t\t\t\t<p>Sie k\u00f6nnen die Informationen, die Sie uns \u00fcber diese Website zur Verf\u00fcgung stellen, einsehen und aktualisieren, indem Sie uns wie unten beschrieben kontaktieren.<\/p>\n<p><!-- \/wp:paragraph --><!-- wp:paragraph --><\/p>\n<p><!-- \/wp:paragraph --><!-- wp:paragraph --><\/p>\t\t\t\t\t\t\t\t<\/div>\n\t\t\t\t<div class=\"elementor-element elementor-element-0d2060c elementor-widget elementor-widget-heading\" data-id=\"0d2060c\" data-element_type=\"widget\" data-widget_type=\"heading.default\">\n\t\t\t\t\t<h2 class=\"elementor-heading-title elementor-size-default\">Kontakt<\/h2>\t\t\t\t<\/div>\n\t\t\t\t<div class=\"elementor-element elementor-element-bee52be elementor-widget elementor-widget-text-editor\" data-id=\"bee52be\" data-element_type=\"widget\" data-widget_type=\"text-editor.default\">\n\t\t\t\t\t\t\t\t\t<p>Bei Fragen zu dieser Datenschutzerkl\u00e4rung nutzen Sie bitte unsere Kontaktseite. Wir freuen uns \u00fcber Ihre Fragen und Anregungen zu unserer Datenschutzerkl\u00e4rung.<\/p>\n<p><!-- \/wp:paragraph --><!-- wp:paragraph --><\/p>\t\t\t\t\t\t\t\t<\/div>\n\t\t\t\t<div class=\"elementor-element elementor-element-7c53d25 elementor-widget elementor-widget-heading\" data-id=\"7c53d25\" data-element_type=\"widget\" data-widget_type=\"heading.default\">\n\t\t\t\t\t<h2 class=\"elementor-heading-title elementor-size-default\">\u00c4nderungen dieser Richtlinie<\/h2>\t\t\t\t<\/div>\n\t\t\t\t<div class=\"elementor-element elementor-element-eb52e40 elementor-widget elementor-widget-text-editor\" data-id=\"eb52e40\" data-element_type=\"widget\" data-widget_type=\"text-editor.default\">\n\t\t\t\t\t\t\t\t\t<p>Bitte \u00fcberpr\u00fcfen Sie diese Datenschutzrichtlinie regelm\u00e4\u00dfig, um sich \u00fcber etwaige \u00c4nderungen zu informieren. Obwohl wir uns das Recht vorbehalten, diese Datenschutzrichtlinie zu \u00e4ndern oder zu erg\u00e4nzen, werden wir Sie \u00fcber wesentliche \u00c4nderungen mindestens 30 Tage nach deren Inkrafttreten auf dieser Website informieren.<\/p>\t\t\t\t\t\t\t\t<\/div>\n\t\t\t\t\t<\/div>\n\t\t\t\t<\/div>\n\t\t\t\t<\/div>","protected":false},"excerpt":{"rendered":"<p>Startseite \/ Shining Packaging verpflichtet sich zum Schutz Ihrer pers\u00f6nlichen Daten. Insbesondere ist es uns wichtig, dass Sie wissen, wie wir mit Informationen umgehen, die wir \u00fcber diese Website erhalten. Erfassung von Informationen: Im Allgemeinen k\u00f6nnen Sie diese Website besuchen, ohne uns Ihre pers\u00f6nlichen Daten mitzuteilen [\u2026]<\/p>","protected":false},"author":1,"featured_media":0,"parent":0,"menu_order":0,"comment_status":"closed","ping_status":"closed","template":"","meta":{"footnotes":""},"class_list":["post-1422","page","type-page","status-publish","hentry"],"_links":{"self":[{"href":"https:\/\/www.cnshining.com\/de\/wp-json\/wp\/v2\/pages\/1422","targetHints":{"allow":["GET"]}}],"collection":[{"href":"https:\/\/www.cnshining.com\/de\/wp-json\/wp\/v2\/pages"}],"about":[{"href":"https:\/\/www.cnshining.com\/de\/wp-json\/wp\/v2\/types\/page"}],"author":[{"embeddable":true,"href":"https:\/\/www.cnshining.com\/de\/wp-json\/wp\/v2\/users\/1"}],"replies":[{"embeddable":true,"href":"https:\/\/www.cnshining.com\/de\/wp-json\/wp\/v2\/comments?post=1422"}],"version-history":[{"count":0,"href":"https:\/\/www.cnshining.com\/de\/wp-json\/wp\/v2\/pages\/1422\/revisions"}],"wp:attachment":[{"href":"https:\/\/www.cnshining.com\/de\/wp-json\/wp\/v2\/media?parent=1422"}],"curies":[{"name":"wp","href":"https:\/\/api.w.org\/{rel}","templated":true}]}}