{"id":15251,"date":"2022-11-24T13:01:48","date_gmt":"2022-11-24T13:01:48","guid":{"rendered":"https:\/\/www.cnshining.com\/?page_id=15251"},"modified":"2025-12-23T05:33:33","modified_gmt":"2025-12-23T05:33:33","slug":"aluminium-spreu-kartusche","status":"publish","type":"page","link":"https:\/\/www.cnshining.com\/de\/aluminium-spreu-kartusche","title":{"rendered":"Leere Aluminium-St\u00f6rpatronenh\u00fclsen"},"content":{"rendered":"<div data-elementor-type=\"wp-page\" data-elementor-id=\"15251\" class=\"elementor elementor-15251\" data-elementor-post-type=\"page\">\n\t\t\t\t<div class=\"elementor-element elementor-element-39890c8a e-flex e-con-boxed e-con e-parent\" data-id=\"39890c8a\" data-element_type=\"container\" data-settings=\"{&quot;background_background&quot;:&quot;classic&quot;}\">\n\t\t\t\t\t<div class=\"e-con-inner\">\n\t\t\t\t<div class=\"elementor-element elementor-element-c3bb075 elementor-icon-list--layout-inline elementor-align-center elementor-list-item-link-full_width elementor-widget elementor-widget-icon-list\" data-id=\"c3bb075\" data-element_type=\"widget\" data-widget_type=\"icon-list.default\">\n\t\t\t\t\t\t\t<ul class=\"elementor-icon-list-items elementor-inline-items\">\n\t\t\t\t\t\t\t<li class=\"elementor-icon-list-item elementor-inline-item\">\n\t\t\t\t\t\t\t\t\t\t\t<a href=\"https:\/\/www.cnshining.com\/de\" target=\"_blank\">\n\n\t\t\t\t\t\t\t\t\t\t\t\t<span class=\"elementor-icon-list-icon\">\n\t\t\t\t\t\t\t<svg aria-hidden=\"true\" class=\"e-font-icon-svg e-fas-home\" viewbox=\"0 0 576 512\" xmlns=\"http:\/\/www.w3.org\/2000\/svg\"><path d=\"M280.37 148.26L96 300.11V464a16 16 0 0 0 16 16l112.06-.29a16 16 0 0 0 15.92-16V368a16 16 0 0 1 16-16h64a16 16 0 0 1 16 16v95.64a16 16 0 0 0 16 16.05L464 480a16 16 0 0 0 16-16V300L295.67 148.26a12.19 12.19 0 0 0-15.3 0zM571.6 251.47L488 182.56V44.05a12 12 0 0 0-12-12h-56a12 12 0 0 0-12 12v72.61L318.47 43a48 48 0 0 0-61 0L4.34 251.47a12 12 0 0 0-1.6 16.9l25.5 31A12 12 0 0 0 45.15 301l235.22-193.74a12.19 12.19 0 0 1 15.3 0L530.9 301a12 12 0 0 0 16.9-1.6l25.5-31a12 12 0 0 0-1.7-16.93z\"><\/path><\/svg>\t\t\t\t\t\t<\/span>\n\t\t\t\t\t\t\t\t\t\t<span class=\"elementor-icon-list-text\">Heim \/<\/span>\n\t\t\t\t\t\t\t\t\t\t\t<\/a>\n\t\t\t\t\t\t\t\t\t<\/li>\n\t\t\t\t\t\t\t\t<li class=\"elementor-icon-list-item elementor-inline-item\">\n\t\t\t\t\t\t\t\t\t\t\t<a href=\"https:\/\/www.cnshining.com\/de\/nicht-todliche-patrone\/\" target=\"_blank\">\n\n\t\t\t\t\t\t\t\t\t\t\t<span class=\"elementor-icon-list-text\">Nicht t\u00f6dliche Patrone\/<\/span>\n\t\t\t\t\t\t\t\t\t\t\t<\/a>\n\t\t\t\t\t\t\t\t\t<\/li>\n\t\t\t\t\t\t<\/ul>\n\t\t\t\t\t\t<\/div>\n\t\t\t\t\t<\/div>\n\t\t\t\t<\/div>\n\t\t<div class=\"elementor-element elementor-element-bbf017b e-flex e-con-boxed e-con e-parent\" data-id=\"bbf017b\" data-element_type=\"container\" data-settings=\"{&quot;background_background&quot;:&quot;classic&quot;}\">\n\t\t\t\t\t<div class=\"e-con-inner\">\n\t\t<div class=\"elementor-element elementor-element-574e862 e-con-full e-flex e-con e-child\" data-id=\"574e862\" data-element_type=\"container\">\n\t\t<div class=\"elementor-element elementor-element-78e22ba e-con-full e-flex e-con e-child\" data-id=\"78e22ba\" data-element_type=\"container\">\n\t\t\t\t<div class=\"elementor-element elementor-element-4bdfa6c elementor-widget elementor-widget-image\" data-id=\"4bdfa6c\" data-element_type=\"widget\" data-widget_type=\"image.default\">\n\t\t\t\t\t\t\t\t\t\t\t\t\t\t\t<img fetchpriority=\"high\" decoding=\"async\" width=\"1000\" height=\"1000\" src=\"https:\/\/www.cnshining.com\/wp-content\/uploads\/2025\/10\/Aluminium-Chaff-Cartridge-2.webp\" class=\"attachment-large size-large wp-image-30501\" alt=\"Aluminium-Spreupatrone\" title=\"\">\t\t\t\t\t\t\t\t\t\t\t\t\t\t\t<\/div>\n\t\t\t\t<\/div>\n\t\t<div class=\"elementor-element elementor-element-1dd51a5 e-con-full e-flex e-con e-child\" data-id=\"1dd51a5\" data-element_type=\"container\">\n\t\t<div class=\"elementor-element elementor-element-b5bb97e e-con-full e-flex e-con e-child\" data-id=\"b5bb97e\" data-element_type=\"container\">\n\t\t<div class=\"elementor-element elementor-element-a262cfb e-con-full e-flex e-con e-child\" data-id=\"a262cfb\" data-element_type=\"container\">\n\t\t\t\t<div class=\"elementor-element elementor-element-92d1ad0 elementor-widget elementor-widget-heading\" data-id=\"92d1ad0\" data-element_type=\"widget\" data-widget_type=\"heading.default\">\n\t\t\t\t\t<h3 class=\"elementor-heading-title elementor-size-default\">Material<\/h3>\t\t\t\t<\/div>\n\t\t\t\t<div class=\"elementor-element elementor-element-b9aa4f1 elementor-widget__width-initial elementor-widget-tablet__width-initial elementor-widget elementor-widget-text-editor\" data-id=\"b9aa4f1\" data-element_type=\"widget\" data-widget_type=\"text-editor.default\">\n\t\t\t\t\t\t\t\t\t<p>Aluminiumlegierung<\/p>\t\t\t\t\t\t\t\t<\/div>\n\t\t\t\t<\/div>\n\t\t<div class=\"elementor-element elementor-element-cf3897c e-con-full e-flex e-con e-child\" data-id=\"cf3897c\" data-element_type=\"container\">\n\t\t\t\t<div class=\"elementor-element elementor-element-117d8cc elementor-widget elementor-widget-heading\" data-id=\"117d8cc\" data-element_type=\"widget\" data-widget_type=\"heading.default\">\n\t\t\t\t\t<h3 class=\"elementor-heading-title elementor-size-default\">Durchmesser<\/h3>\t\t\t\t<\/div>\n\t\t\t\t<div class=\"elementor-element elementor-element-a3bb42f elementor-widget__width-initial elementor-widget-tablet__width-initial elementor-widget elementor-widget-text-editor\" data-id=\"a3bb42f\" data-element_type=\"widget\" data-widget_type=\"text-editor.default\">\n\t\t\t\t\t\t\t\t\t<p dir=\"auto\">26,5\/27\/37\/38\/40 mm<\/p>\t\t\t\t\t\t\t\t<\/div>\n\t\t\t\t<\/div>\n\t\t\t\t<\/div>\n\t\t<div class=\"elementor-element elementor-element-088b797 e-con-full e-flex e-con e-child\" data-id=\"088b797\" data-element_type=\"container\">\n\t\t<div class=\"elementor-element elementor-element-f022dcb e-con-full e-flex e-con e-child\" data-id=\"f022dcb\" data-element_type=\"container\">\n\t\t\t\t<div class=\"elementor-element elementor-element-f998340 elementor-widget elementor-widget-heading\" data-id=\"f998340\" data-element_type=\"widget\" data-widget_type=\"heading.default\">\n\t\t\t\t\t<h3 class=\"elementor-heading-title elementor-size-default\">Brauch<\/h3>\t\t\t\t<\/div>\n\t\t\t\t<div class=\"elementor-element elementor-element-0d53a00 elementor-widget__width-initial elementor-widget-tablet__width-initial elementor-widget elementor-widget-text-editor\" data-id=\"0d53a00\" data-element_type=\"widget\" data-widget_type=\"text-editor.default\">\n\t\t\t\t\t\t\t\t\t<p>Sondergr\u00f6\u00dfen m\u00f6glich<\/p>\t\t\t\t\t\t\t\t<\/div>\n\t\t\t\t<\/div>\n\t\t<div class=\"elementor-element elementor-element-9bd2a0d e-con-full e-flex e-con e-child\" data-id=\"9bd2a0d\" data-element_type=\"container\">\n\t\t\t\t<div class=\"elementor-element elementor-element-0346712 elementor-widget elementor-widget-heading\" data-id=\"0346712\" data-element_type=\"widget\" data-widget_type=\"heading.default\">\n\t\t\t\t\t<h3 class=\"elementor-heading-title elementor-size-default\">Mindestbestellmenge<\/h3>\t\t\t\t<\/div>\n\t\t\t\t<div class=\"elementor-element elementor-element-a547487 elementor-widget__width-initial elementor-widget-tablet__width-initial elementor-widget elementor-widget-text-editor\" data-id=\"a547487\" data-element_type=\"widget\" data-widget_type=\"text-editor.default\">\n\t\t\t\t\t\t\t\t\t<p>10.000 St\u00fcck<\/p>\t\t\t\t\t\t\t\t<\/div>\n\t\t\t\t<\/div>\n\t\t\t\t<\/div>\n\t\t<div class=\"elementor-element elementor-element-8ba6325 e-con-full e-flex e-con e-child\" data-id=\"8ba6325\" data-element_type=\"container\">\n\t\t\t\t<div class=\"elementor-element elementor-element-17c8ba7 elementor-widget-divider--view-line elementor-widget elementor-widget-divider\" data-id=\"17c8ba7\" data-element_type=\"widget\" data-widget_type=\"divider.default\">\n\t\t\t\t\t\t\t<div class=\"elementor-divider\">\n\t\t\t<span class=\"elementor-divider-separator\">\n\t\t\t\t\t\t<\/span>\n\t\t<\/div>\n\t\t\t\t\t\t<\/div>\n\t\t\t\t<\/div>\n\t\t\t\t<div class=\"elementor-element elementor-element-d639589 elementor-mobile-align-left elementor-align-right elementor-widget elementor-widget-button\" data-id=\"d639589\" data-element_type=\"widget\" data-widget_type=\"button.default\">\n\t\t\t\t\t\t\t\t\t\t<a class=\"elementor-button elementor-button-link elementor-size-sm\" href=\"#elementor-action%3Aaction%3Dpopup%3Aopen%26settings%3DeyJpZCI6IjE0MTMyIiwidG9nZ2xlIjpmYWxzZX0%3D\" target=\"_blank\">\n\t\t\t\t\t\t<span class=\"elementor-button-content-wrapper\">\n\t\t\t\t\t\t<span class=\"elementor-button-icon\">\n\t\t\t\t<svg aria-hidden=\"true\" class=\"e-font-icon-svg e-fas-arrow-right\" viewbox=\"0 0 448 512\" xmlns=\"http:\/\/www.w3.org\/2000\/svg\"><path d=\"M190.5 66.9l22.2-22.2c9.4-9.4 24.6-9.4 33.9 0L441 239c9.4 9.4 9.4 24.6 0 33.9L246.6 467.3c-9.4 9.4-24.6 9.4-33.9 0l-22.2-22.2c-9.5-9.5-9.3-25 .4-34.3L311.4 296H24c-13.3 0-24-10.7-24-24v-32c0-13.3 10.7-24 24-24h287.4L190.9 101.2c-9.8-9.3-10-24.8-.4-34.3z\"><\/path><\/svg>\t\t\t<\/span>\n\t\t\t\t\t\t\t\t\t<span class=\"elementor-button-text\">Kontaktieren Sie uns<\/span>\n\t\t\t\t\t<\/span>\n\t\t\t\t\t<\/a>\n\t\t\t\t\t\t\t\t<\/div>\n\t\t\t\t<\/div>\n\t\t\t\t<\/div>\n\t\t\t\t\t<\/div>\n\t\t\t\t<\/div>\n\t\t<div class=\"elementor-element elementor-element-50a6d63 e-flex e-con-boxed e-con e-parent\" data-id=\"50a6d63\" data-element_type=\"container\" data-settings=\"{&quot;background_background&quot;:&quot;classic&quot;}\">\n\t\t\t\t\t<div class=\"e-con-inner\">\n\t\t<div class=\"elementor-element elementor-element-3d1e0f1 e-con-full e-flex e-con e-child\" data-id=\"3d1e0f1\" data-element_type=\"container\">\n\t\t\t\t<div class=\"elementor-element elementor-element-0dfa1ec elementor-skin-carousel elementor-arrows-yes elementor-widget elementor-widget-media-carousel\" data-id=\"0dfa1ec\" data-element_type=\"widget\" data-settings=\"{&quot;lazyload&quot;:&quot;yes&quot;,&quot;slides_per_view&quot;:&quot;2&quot;,&quot;space_between&quot;:{&quot;unit&quot;:&quot;px&quot;,&quot;size&quot;:25,&quot;sizes&quot;:[]},&quot;slides_per_view_tablet&quot;:&quot;1&quot;,&quot;skin&quot;:&quot;carousel&quot;,&quot;effect&quot;:&quot;slide&quot;,&quot;show_arrows&quot;:&quot;yes&quot;,&quot;speed&quot;:500,&quot;autoplay&quot;:&quot;yes&quot;,&quot;autoplay_speed&quot;:5000,&quot;loop&quot;:&quot;yes&quot;,&quot;pause_on_hover&quot;:&quot;yes&quot;,&quot;pause_on_interaction&quot;:&quot;yes&quot;,&quot;space_between_tablet&quot;:{&quot;unit&quot;:&quot;px&quot;,&quot;size&quot;:10,&quot;sizes&quot;:[]},&quot;space_between_mobile&quot;:{&quot;unit&quot;:&quot;px&quot;,&quot;size&quot;:10,&quot;sizes&quot;:[]}}\" data-widget_type=\"media-carousel.default\">\n\t\t\t\t\t\t\t\t\t\t<div class=\"elementor-main-swiper swiper\" role=\"region\" aria-roledescription=\"carousel\" aria-label=\"Folien\">\n\t\t\t\t<div class=\"swiper-wrapper\">\n\t\t\t\t\t\t\t\t\t\t\t<div class=\"swiper-slide\" role=\"group\" aria-roledescription=\"slide\">\n\t\t\t\t\t\t\t<a href=\"https:\/\/www.cnshining.com\/wp-content\/uploads\/2025\/10\/Aluminium-Chaff-Cartridge-1.webp\" data-elementor-open-lightbox=\"yes\" data-elementor-lightbox-slideshow=\"0dfa1ec\" data-elementor-lightbox-title=\"Aluminium Chaff Cartridge\" data-e-action-hash=\"#elementor-action%3Aaction%3Dlightbox%26settings%3DeyJpZCI6MzA1MDAsInVybCI6Imh0dHBzOlwvXC93d3cuY25zaGluaW5nLmNvbVwvd3AtY29udGVudFwvdXBsb2Fkc1wvMjAyNVwvMTBcL0FsdW1pbml1bS1DaGFmZi1DYXJ0cmlkZ2UtMS53ZWJwIiwic2xpZGVzaG93IjoiMGRmYTFlYyJ9\">\t\t<div class=\"elementor-carousel-image swiper-lazy\" role=\"img\" aria-label=\"Aluminium-Spreupatrone\" data-background=\"https:\/\/www.cnshining.com\/wp-content\/uploads\/2025\/10\/Aluminium-Chaff-Cartridge-1.webp\">\n\n\t\t\t\t\t\t\t<div class=\"swiper-lazy-preloader\"><\/div>\n\t\t\t\n\t\t\t\t\t<\/div>\n\t\t<\/a>\t\t\t\t\t\t<\/div>\n\t\t\t\t\t\t\t\t\t\t\t<div class=\"swiper-slide\" role=\"group\" aria-roledescription=\"slide\">\n\t\t\t\t\t\t\t<a href=\"https:\/\/www.cnshining.com\/wp-content\/uploads\/2025\/10\/Aluminum-37-38-40mm-CS-Cartridge.webp\" data-elementor-open-lightbox=\"yes\" data-elementor-lightbox-slideshow=\"0dfa1ec\" data-elementor-lightbox-title=\"Aluminum 37 38 40mm CS Cartridge\" data-e-action-hash=\"#elementor-action%3Aaction%3Dlightbox%26settings%3DeyJpZCI6MzA0MTcsInVybCI6Imh0dHBzOlwvXC93d3cuY25zaGluaW5nLmNvbVwvd3AtY29udGVudFwvdXBsb2Fkc1wvMjAyNVwvMTBcL0FsdW1pbnVtLTM3LTM4LTQwbW0tQ1MtQ2FydHJpZGdlLndlYnAiLCJzbGlkZXNob3ciOiIwZGZhMWVjIn0%3D\">\t\t<div class=\"elementor-carousel-image swiper-lazy\" role=\"img\" aria-label=\"Aluminium 37 38 40mm CS-Kartusche\" data-background=\"https:\/\/www.cnshining.com\/wp-content\/uploads\/2025\/10\/Aluminum-37-38-40mm-CS-Cartridge.webp\">\n\n\t\t\t\t\t\t\t<div class=\"swiper-lazy-preloader\"><\/div>\n\t\t\t\n\t\t\t\t\t<\/div>\n\t\t<\/a>\t\t\t\t\t\t<\/div>\n\t\t\t\t\t\t\t\t\t<\/div>\n\t\t\t\t\t\t\t\t\t\t\t\t\t\t\t<div class=\"elementor-swiper-button elementor-swiper-button-prev\" role=\"button\" tabindex=\"0\" aria-label=\"Vorherige\">\n\t\t\t\t\t\t\t<svg aria-hidden=\"true\" class=\"e-font-icon-svg e-eicon-chevron-left\" viewbox=\"0 0 1000 1000\" xmlns=\"http:\/\/www.w3.org\/2000\/svg\"><path d=\"M646 125C629 125 613 133 604 142L308 442C296 454 292 471 292 487 292 504 296 521 308 533L604 854C617 867 629 875 646 875 663 875 679 871 692 858 704 846 713 829 713 812 713 796 708 779 692 767L438 487 692 225C700 217 708 204 708 187 708 171 704 154 692 142 675 129 663 125 646 125Z\"><\/path><\/svg>\t\t\t\t\t\t<\/div>\n\t\t\t\t\t\t<div class=\"elementor-swiper-button elementor-swiper-button-next\" role=\"button\" tabindex=\"0\" aria-label=\"N\u00e4chste\">\n\t\t\t\t\t\t\t<svg aria-hidden=\"true\" class=\"e-font-icon-svg e-eicon-chevron-right\" viewbox=\"0 0 1000 1000\" xmlns=\"http:\/\/www.w3.org\/2000\/svg\"><path d=\"M696 533C708 521 713 504 713 487 713 471 708 454 696 446L400 146C388 133 375 125 354 125 338 125 325 129 313 142 300 154 292 171 292 187 292 204 296 221 308 233L563 492 304 771C292 783 288 800 288 817 288 833 296 850 308 863 321 871 338 875 354 875 371 875 388 867 400 854L696 533Z\"><\/path><\/svg>\t\t\t\t\t\t<\/div>\n\t\t\t\t\t\t\t\t\t\t\t\t\t\t\t\t\t<\/div>\n\t\t\t\t\t\t\t\t<\/div>\n\t\t\t\t<\/div>\n\t\t\t\t\t<\/div>\n\t\t\t\t<\/div>\n\t\t<div class=\"elementor-element elementor-element-8b1f06f e-flex e-con-boxed e-con e-parent\" data-id=\"8b1f06f\" data-element_type=\"container\">\n\t\t\t\t\t<div class=\"e-con-inner\">\n\t\t<div class=\"elementor-element elementor-element-02e11cb e-con-full e-flex e-con e-child\" data-id=\"02e11cb\" data-element_type=\"container\">\n\t\t<div class=\"elementor-element elementor-element-cf4dd68 e-con-full e-flex e-con e-child\" data-id=\"cf4dd68\" data-element_type=\"container\">\n\t\t\t\t<div class=\"elementor-element elementor-element-968dd0b truncate-text elementor-widget elementor-widget-text-editor\" data-id=\"968dd0b\" data-element_type=\"widget\" data-widget_type=\"text-editor.default\">\n\t\t\t\t\t\t\t\t\t<h2>Was ist eine Aluminium-Spreupatrone?<\/h2><p>Eine St\u00f6rpatrone ist ein Ger\u00e4t zur Abwehr anfliegender Raketen oder Flugzeuge. Sie gibt eine Wolke kleiner Metallstreifen, sogenannter St\u00f6rstreifen, in die Luft ab. Diese St\u00f6rstreifen st\u00f6ren radargelenkte Raketen, indem sie deren Radarsignale zur\u00fcckwerfen und so zum Verlust des Ziels f\u00fchren. St\u00f6rpatronen sind typischerweise auf Milit\u00e4rflugzeugen und -schiffen angebracht.<\/p><p>T\u00e4uschk\u00f6rper wurden erstmals im Zweiten Weltkrieg eingesetzt und werden seither weltweit von Milit\u00e4rs in verschiedenen Formen verwendet. Das US-Milit\u00e4r nutzt derzeit eine Art von T\u00e4uschk\u00f6rpern, die als CDS-Kartuschen (Countermeasure Dispensing System) bezeichnet werden. CDS-Kartuschen sind so konstruiert, dass sie je nach Richtung der Bedrohung von bestimmten Punkten eines Flugzeugs aus ausgel\u00f6st werden.<\/p><p>St\u00f6rstreifen sind eine wirksame Gegenma\u00dfnahme gegen radargelenkte Raketen, aber sie sind nicht narrensicher.<\/p><h2>Verwendung in der Geschichte<\/h2><p>Im Zweiten Weltkrieg entwickelten die Briten ein \u201dWindow\u201d-System, das Aluminiumstreifen freisetzte, um deutsche radargelenkte Bomben abzufangen. Auch die Vereinigten Staaten setzten im Zweiten Weltkrieg St\u00f6rstreifen ein, und das Milit\u00e4r nutzt diese auch heute noch zur Abwehr von Raketen und anderen Bedrohungen.<\/p><h2>Heutige Verwendung<\/h2><p>Die St\u00f6rpatrone ist eine Munitionsart, die in Flugabwehrkanonen eingesetzt wird. Sie findet auch in einigen radargelenkten Raketen Verwendung. Die St\u00f6rpatrone besteht aus einem Beh\u00e4lter mit kleinen Metallstreifen oder -fasern. Beim Abschuss des Beh\u00e4lters werden die Streifen in die Luft geschleudert. Sie reflektieren Radarsignale und erzeugen so den Eindruck zahlreicher Ziele. Dies erschwert feindlichen Flugzeugen oder Raketen den Angriff.<\/p><h2>Vor- und Nachteile der Verwendung von Aluminium-Spelzenpatronen<\/h2><p>Aluminium-St\u00f6rpatronen werden in milit\u00e4rischen und zivilen Anwendungen zur Abwehr radargelenkter Raketen eingesetzt. Die Patronen sind mit Tausenden kleiner Aluminiumstreifen gef\u00fcllt, die durch eine Sprengladung in die Luft geschleudert werden. Die Aluminiumstreifen reflektieren Radarsignale vom Ziel weg, st\u00f6ren so das Lenksystem der Rakete und f\u00fchren dazu, dass diese ihr Ziel verfehlt.<\/p><p>Die Verwendung von Aluminium-St\u00f6rsendern bietet mehrere Vorteile. Sie sind kosteng\u00fcnstig, einfach anzuwenden und wirksam gegen die meisten radargelenkten Raketen. Da die Streifen nach dem Auswerfen schnell zu Boden fallen, stellen sie auch f\u00fcr eigene Flugzeuge und Besatzungen kaum eine Gefahr dar.<\/p><p>Die Verwendung von St\u00f6rstreifen birgt auch Nachteile. Beispielsweise k\u00f6nnen sie durch starke Winde zur\u00fcck zu den eigenen Truppen geweht werden und dort Sch\u00e4den oder Verletzungen verursachen. Au\u00dferdem k\u00f6nnen St\u00f6rstreifen Motoren und andere empfindliche Ger\u00e4te verstopfen, wenn sie nicht sachgem\u00e4\u00df eingesetzt werden.<\/p><h2>Abschluss<\/h2><p>Suchen Sie einen zuverl\u00e4ssigen Hersteller und Lieferanten von Aluminium-Spelzenpatronen in China? Dann sind Sie bei uns genau richtig! Wir bieten Ihnen hochwertige Produkte zu wettbewerbsf\u00e4higen Preisen. Kontaktieren Sie uns noch heute, um mehr zu erfahren.<\/p>\t\t\t\t\t\t\t\t<\/div>\n\t\t\t\t<\/div>\n\t\t\t\t<\/div>\n\t\t\t\t\t<\/div>\n\t\t\t\t<\/div>\n\t\t\t\t<\/div>","protected":false},"excerpt":{"rendered":"<p>Pr\u00e4zisionsgefertigte, leere Aluminium-Patronenh\u00fclsen in den Kalibern 26,5\/27\/37\/38\/40 mm. Ungeladen, ohne Z\u00fcndh\u00fctchen\/Treibladung, f\u00fcr Wiederladungen mit Rauch-, Leucht- oder St\u00f6rstreifen. Mindestbestellmenge 10.000 St\u00fcck, OEM-Lieferant f\u00fcr Sonderl\u00e4ngen.<\/p>","protected":false},"author":1,"featured_media":30916,"parent":0,"menu_order":0,"comment_status":"closed","ping_status":"closed","template":"","meta":{"footnotes":""},"class_list":["post-15251","page","type-page","status-publish","has-post-thumbnail","hentry"],"_links":{"self":[{"href":"https:\/\/www.cnshining.com\/de\/wp-json\/wp\/v2\/pages\/15251","targetHints":{"allow":["GET"]}}],"collection":[{"href":"https:\/\/www.cnshining.com\/de\/wp-json\/wp\/v2\/pages"}],"about":[{"href":"https:\/\/www.cnshining.com\/de\/wp-json\/wp\/v2\/types\/page"}],"author":[{"embeddable":true,"href":"https:\/\/www.cnshining.com\/de\/wp-json\/wp\/v2\/users\/1"}],"replies":[{"embeddable":true,"href":"https:\/\/www.cnshining.com\/de\/wp-json\/wp\/v2\/comments?post=15251"}],"version-history":[{"count":0,"href":"https:\/\/www.cnshining.com\/de\/wp-json\/wp\/v2\/pages\/15251\/revisions"}],"wp:featuredmedia":[{"embeddable":true,"href":"https:\/\/www.cnshining.com\/de\/wp-json\/wp\/v2\/media\/30916"}],"wp:attachment":[{"href":"https:\/\/www.cnshining.com\/de\/wp-json\/wp\/v2\/media?parent=15251"}],"curies":[{"name":"wp","href":"https:\/\/api.w.org\/{rel}","templated":true}]}}