{"id":15263,"date":"2022-11-24T14:09:45","date_gmt":"2022-11-24T14:09:45","guid":{"rendered":"https:\/\/www.cnshining.com\/?page_id=15263"},"modified":"2025-12-23T02:42:43","modified_gmt":"2025-12-23T02:42:43","slug":"aluminium-grus-patrone","status":"publish","type":"page","link":"https:\/\/www.cnshining.com\/de\/aluminium-grus-patrone","title":{"rendered":"Leere Salutpatronen aus Aluminium, 16\u201338 mm"},"content":{"rendered":"<div data-elementor-type=\"wp-page\" data-elementor-id=\"15263\" class=\"elementor elementor-15263\" data-elementor-post-type=\"page\">\n\t\t\t\t<div class=\"elementor-element elementor-element-37c184a7 e-flex e-con-boxed e-con e-parent\" data-id=\"37c184a7\" data-element_type=\"container\" data-settings=\"{&quot;background_background&quot;:&quot;classic&quot;}\">\n\t\t\t\t\t<div class=\"e-con-inner\">\n\t\t\t\t<div class=\"elementor-element elementor-element-fca8f63 elementor-icon-list--layout-inline elementor-align-center elementor-list-item-link-full_width elementor-widget elementor-widget-icon-list\" data-id=\"fca8f63\" data-element_type=\"widget\" data-widget_type=\"icon-list.default\">\n\t\t\t\t\t\t\t<ul class=\"elementor-icon-list-items elementor-inline-items\">\n\t\t\t\t\t\t\t<li class=\"elementor-icon-list-item elementor-inline-item\">\n\t\t\t\t\t\t\t\t\t\t\t<a href=\"https:\/\/www.cnshining.com\/de\" target=\"_blank\">\n\n\t\t\t\t\t\t\t\t\t\t\t\t<span class=\"elementor-icon-list-icon\">\n\t\t\t\t\t\t\t<svg aria-hidden=\"true\" class=\"e-font-icon-svg e-fas-home\" viewbox=\"0 0 576 512\" xmlns=\"http:\/\/www.w3.org\/2000\/svg\"><path d=\"M280.37 148.26L96 300.11V464a16 16 0 0 0 16 16l112.06-.29a16 16 0 0 0 15.92-16V368a16 16 0 0 1 16-16h64a16 16 0 0 1 16 16v95.64a16 16 0 0 0 16 16.05L464 480a16 16 0 0 0 16-16V300L295.67 148.26a12.19 12.19 0 0 0-15.3 0zM571.6 251.47L488 182.56V44.05a12 12 0 0 0-12-12h-56a12 12 0 0 0-12 12v72.61L318.47 43a48 48 0 0 0-61 0L4.34 251.47a12 12 0 0 0-1.6 16.9l25.5 31A12 12 0 0 0 45.15 301l235.22-193.74a12.19 12.19 0 0 1 15.3 0L530.9 301a12 12 0 0 0 16.9-1.6l25.5-31a12 12 0 0 0-1.7-16.93z\"><\/path><\/svg>\t\t\t\t\t\t<\/span>\n\t\t\t\t\t\t\t\t\t\t<span class=\"elementor-icon-list-text\">Heim \/<\/span>\n\t\t\t\t\t\t\t\t\t\t\t<\/a>\n\t\t\t\t\t\t\t\t\t<\/li>\n\t\t\t\t\t\t\t\t<li class=\"elementor-icon-list-item elementor-inline-item\">\n\t\t\t\t\t\t\t\t\t\t\t<a href=\"https:\/\/www.cnshining.com\/de\/nicht-todliche-patrone\/\" target=\"_blank\">\n\n\t\t\t\t\t\t\t\t\t\t\t<span class=\"elementor-icon-list-text\">Nicht t\u00f6dliche Patrone\/<\/span>\n\t\t\t\t\t\t\t\t\t\t\t<\/a>\n\t\t\t\t\t\t\t\t\t<\/li>\n\t\t\t\t\t\t<\/ul>\n\t\t\t\t\t\t<\/div>\n\t\t\t\t\t<\/div>\n\t\t\t\t<\/div>\n\t\t<div class=\"elementor-element elementor-element-013cd65 e-flex e-con-boxed e-con e-parent\" data-id=\"013cd65\" data-element_type=\"container\" data-settings=\"{&quot;background_background&quot;:&quot;classic&quot;}\">\n\t\t\t\t\t<div class=\"e-con-inner\">\n\t\t<div class=\"elementor-element elementor-element-51b5bc8 e-con-full e-flex e-con e-child\" data-id=\"51b5bc8\" data-element_type=\"container\">\n\t\t<div class=\"elementor-element elementor-element-19ea26b e-con-full e-flex e-con e-child\" data-id=\"19ea26b\" data-element_type=\"container\">\n\t\t\t\t<div class=\"elementor-element elementor-element-71ede47 elementor-widget elementor-widget-image\" data-id=\"71ede47\" data-element_type=\"widget\" data-widget_type=\"image.default\">\n\t\t\t\t\t\t\t\t\t\t\t\t\t\t\t<img fetchpriority=\"high\" decoding=\"async\" width=\"1000\" height=\"1000\" src=\"https:\/\/www.cnshining.com\/wp-content\/uploads\/2025\/10\/Aluminium-Salute-Cartridge.webp\" class=\"attachment-large size-large wp-image-30445\" alt=\"Aluminium Salute Cartridge\" title=\"\">\t\t\t\t\t\t\t\t\t\t\t\t\t\t\t<\/div>\n\t\t\t\t<\/div>\n\t\t<div class=\"elementor-element elementor-element-737e463 e-con-full e-flex e-con e-child\" data-id=\"737e463\" data-element_type=\"container\">\n\t\t<div class=\"elementor-element elementor-element-ba51457 e-con-full e-flex e-con e-child\" data-id=\"ba51457\" data-element_type=\"container\">\n\t\t<div class=\"elementor-element elementor-element-eedf264 e-con-full e-flex e-con e-child\" data-id=\"eedf264\" data-element_type=\"container\">\n\t\t\t\t<div class=\"elementor-element elementor-element-27995ae elementor-widget elementor-widget-heading\" data-id=\"27995ae\" data-element_type=\"widget\" data-widget_type=\"heading.default\">\n\t\t\t\t\t<h3 class=\"elementor-heading-title elementor-size-default\">Material<\/h3>\t\t\t\t<\/div>\n\t\t\t\t<div class=\"elementor-element elementor-element-089c218 elementor-widget__width-initial elementor-widget-tablet__width-initial elementor-widget elementor-widget-text-editor\" data-id=\"089c218\" data-element_type=\"widget\" data-widget_type=\"text-editor.default\">\n\t\t\t\t\t\t\t\t\t<p>Aluminiumlegierung<\/p>\t\t\t\t\t\t\t\t<\/div>\n\t\t\t\t<\/div>\n\t\t<div class=\"elementor-element elementor-element-f6fa3bb e-con-full e-flex e-con e-child\" data-id=\"f6fa3bb\" data-element_type=\"container\">\n\t\t\t\t<div class=\"elementor-element elementor-element-5af6a6c elementor-widget elementor-widget-heading\" data-id=\"5af6a6c\" data-element_type=\"widget\" data-widget_type=\"heading.default\">\n\t\t\t\t\t<h3 class=\"elementor-heading-title elementor-size-default\">Durchmesser<\/h3>\t\t\t\t<\/div>\n\t\t\t\t<div class=\"elementor-element elementor-element-0cd7175 elementor-widget__width-initial elementor-widget-tablet__width-initial elementor-widget elementor-widget-text-editor\" data-id=\"0cd7175\" data-element_type=\"widget\" data-widget_type=\"text-editor.default\">\n\t\t\t\t\t\t\t\t\t<p>16 mm, 19 mm, 26,5 mm, 38 mm<\/p>\t\t\t\t\t\t\t\t<\/div>\n\t\t\t\t<\/div>\n\t\t\t\t<\/div>\n\t\t<div class=\"elementor-element elementor-element-71aac44 e-con-full e-flex e-con e-child\" data-id=\"71aac44\" data-element_type=\"container\">\n\t\t<div class=\"elementor-element elementor-element-039fc6f e-con-full e-flex e-con e-child\" data-id=\"039fc6f\" data-element_type=\"container\">\n\t\t\t\t<div class=\"elementor-element elementor-element-1945dcd elementor-widget elementor-widget-heading\" data-id=\"1945dcd\" data-element_type=\"widget\" data-widget_type=\"heading.default\">\n\t\t\t\t\t<h3 class=\"elementor-heading-title elementor-size-default\">Brauch<\/h3>\t\t\t\t<\/div>\n\t\t\t\t<div class=\"elementor-element elementor-element-656030f elementor-widget__width-initial elementor-widget-tablet__width-initial elementor-widget elementor-widget-text-editor\" data-id=\"656030f\" data-element_type=\"widget\" data-widget_type=\"text-editor.default\">\n\t\t\t\t\t\t\t\t\t<p>Sondergr\u00f6\u00dfen m\u00f6glich<\/p>\t\t\t\t\t\t\t\t<\/div>\n\t\t\t\t<\/div>\n\t\t<div class=\"elementor-element elementor-element-46f25c7 e-con-full e-flex e-con e-child\" data-id=\"46f25c7\" data-element_type=\"container\">\n\t\t\t\t<div class=\"elementor-element elementor-element-f289cba elementor-widget elementor-widget-heading\" data-id=\"f289cba\" data-element_type=\"widget\" data-widget_type=\"heading.default\">\n\t\t\t\t\t<h3 class=\"elementor-heading-title elementor-size-default\">Mindestbestellmenge<\/h3>\t\t\t\t<\/div>\n\t\t\t\t<div class=\"elementor-element elementor-element-6d5939b elementor-widget__width-initial elementor-widget-tablet__width-initial elementor-widget elementor-widget-text-editor\" data-id=\"6d5939b\" data-element_type=\"widget\" data-widget_type=\"text-editor.default\">\n\t\t\t\t\t\t\t\t\t<p>10.000 St\u00fcck<\/p>\t\t\t\t\t\t\t\t<\/div>\n\t\t\t\t<\/div>\n\t\t\t\t<\/div>\n\t\t<div class=\"elementor-element elementor-element-d075209 e-con-full e-flex e-con e-child\" data-id=\"d075209\" data-element_type=\"container\">\n\t\t\t\t<div class=\"elementor-element elementor-element-191f694 elementor-widget-divider--view-line elementor-widget elementor-widget-divider\" data-id=\"191f694\" data-element_type=\"widget\" data-widget_type=\"divider.default\">\n\t\t\t\t\t\t\t<div class=\"elementor-divider\">\n\t\t\t<span class=\"elementor-divider-separator\">\n\t\t\t\t\t\t<\/span>\n\t\t<\/div>\n\t\t\t\t\t\t<\/div>\n\t\t\t\t<\/div>\n\t\t\t\t<div class=\"elementor-element elementor-element-bde02ae elementor-mobile-align-left elementor-align-right elementor-widget elementor-widget-button\" data-id=\"bde02ae\" data-element_type=\"widget\" data-widget_type=\"button.default\">\n\t\t\t\t\t\t\t\t\t\t<a class=\"elementor-button elementor-button-link elementor-size-sm\" href=\"#elementor-action%3Aaction%3Dpopup%3Aopen%26settings%3DeyJpZCI6IjE0MTMyIiwidG9nZ2xlIjpmYWxzZX0%3D\" target=\"_blank\">\n\t\t\t\t\t\t<span class=\"elementor-button-content-wrapper\">\n\t\t\t\t\t\t<span class=\"elementor-button-icon\">\n\t\t\t\t<svg aria-hidden=\"true\" class=\"e-font-icon-svg e-fas-arrow-right\" viewbox=\"0 0 448 512\" xmlns=\"http:\/\/www.w3.org\/2000\/svg\"><path d=\"M190.5 66.9l22.2-22.2c9.4-9.4 24.6-9.4 33.9 0L441 239c9.4 9.4 9.4 24.6 0 33.9L246.6 467.3c-9.4 9.4-24.6 9.4-33.9 0l-22.2-22.2c-9.5-9.5-9.3-25 .4-34.3L311.4 296H24c-13.3 0-24-10.7-24-24v-32c0-13.3 10.7-24 24-24h287.4L190.9 101.2c-9.8-9.3-10-24.8-.4-34.3z\"><\/path><\/svg>\t\t\t<\/span>\n\t\t\t\t\t\t\t\t\t<span class=\"elementor-button-text\">Kontaktieren Sie uns<\/span>\n\t\t\t\t\t<\/span>\n\t\t\t\t\t<\/a>\n\t\t\t\t\t\t\t\t<\/div>\n\t\t\t\t<\/div>\n\t\t\t\t<\/div>\n\t\t\t\t\t<\/div>\n\t\t\t\t<\/div>\n\t\t<div class=\"elementor-element elementor-element-e88cd61 e-flex e-con-boxed e-con e-parent\" data-id=\"e88cd61\" data-element_type=\"container\" data-settings=\"{&quot;background_background&quot;:&quot;classic&quot;}\">\n\t\t\t\t\t<div class=\"e-con-inner\">\n\t\t<div class=\"elementor-element elementor-element-d917d13 e-con-full e-flex e-con e-child\" data-id=\"d917d13\" data-element_type=\"container\">\n\t\t\t\t<div class=\"elementor-element elementor-element-31e8420 elementor-widget elementor-widget-image\" data-id=\"31e8420\" data-element_type=\"widget\" data-widget_type=\"image.default\">\n\t\t\t\t\t\t\t\t\t\t\t\t\t\t\t<img decoding=\"async\" width=\"1000\" height=\"563\" src=\"https:\/\/www.cnshining.com\/wp-content\/uploads\/2025\/10\/Aluminum-37-38-40mm-CS-Cartridge.webp\" class=\"attachment-large size-large wp-image-30417\" alt=\"Aluminium 37 38 40mm CS-Kartusche\" title=\"\">\t\t\t\t\t\t\t\t\t\t\t\t\t\t\t<\/div>\n\t\t\t\t<\/div>\n\t\t\t\t\t<\/div>\n\t\t\t\t<\/div>\n\t\t<div class=\"elementor-element elementor-element-5698888 e-flex e-con-boxed e-con e-parent\" data-id=\"5698888\" data-element_type=\"container\" data-settings=\"{&quot;background_background&quot;:&quot;classic&quot;}\">\n\t\t\t\t\t<div class=\"e-con-inner\">\n\t\t<div class=\"elementor-element elementor-element-d219143 e-con-full e-flex e-con e-child\" data-id=\"d219143\" data-element_type=\"container\">\n\t\t<div class=\"elementor-element elementor-element-3c809d7 e-con-full e-flex e-con e-child\" data-id=\"3c809d7\" data-element_type=\"container\">\n\t\t\t\t<div class=\"elementor-element elementor-element-4a87ed4 truncate-text elementor-widget elementor-widget-text-editor\" data-id=\"4a87ed4\" data-element_type=\"widget\" data-widget_type=\"text-editor.default\">\n\t\t\t\t\t\t\t\t\t<h2>Was ist eine Salutpatrone aus Aluminium?<\/h2><p>Eine Salutpatrone ist ein kleiner Aluminiumbeh\u00e4lter, der eine pyrotechnische Masse enth\u00e4lt. Beim Z\u00fcnden erzeugt die Masse einen lauten Knall und eine Rauchwolke. Salutpatronen werden f\u00fcr zeremonielle Anl\u00e4sse verwendet, beispielsweise bei milit\u00e4rischen Ehrenwachen und Salutsch\u00fcssen mit 21 Sch\u00fcssen. Sie kommen auch bei Feuerwerken zum Einsatz.<\/p><p>\u201cSalutieren\u201d stammt vom lateinischen Wort \u201csalus\u201d ab, was \u201eSicherheit\u201c bedeutet. Urspr\u00fcnglich bezeichnete der Begriff das Ber\u00fchren des Hutes oder der Waffe einer Person als Zeichen des Respekts. Heute beschreibt das Wort jede Geste oder Handlung, die Respekt oder Wertsch\u00e4tzung ausdr\u00fcckt.<\/p><h2>Arten von Salutpatronen: Welche verschiedenen Arten gibt es?<\/h2><p>Bei Salutpatronen unterscheidet man drei Haupttypen: Platzpatronen, Signalpatronen und Rauchpatronen. Platzpatronen sind die gebr\u00e4uchlichste Art von Salutpatronen und werden f\u00fcr zeremonielle Zwecke verwendet. Signalpatronen erzeugen einen lauten Knall und enthalten in der Regel pyrotechnisches Material. Rauchpatronen erzeugen eine Rauchwolke und werden h\u00e4ufig zur Signalgebung oder als Markierung eingesetzt.<\/p><h2>Anwendungsgebiete: Was sind einige g\u00e4ngige Anwendungsgebiete f\u00fcr Salutpatronen?<\/h2><p>Salutpatronen werden h\u00e4ufig beim Milit\u00e4r und zu zeremoniellen Zwecken verwendet. Sie eignen sich auch f\u00fcr Ausbildungs- und Schie\u00df\u00fcbungen. Salutpatronen sind \u00fcblicherweise mit Platzpatronen geladen, k\u00f6nnen aber auch mit scharfer Munition best\u00fcckt werden.<\/p><h2>Sicherheit: Gibt es irgendwelche Sicherheitsbedenken bei der Verwendung von Salutpatronen?<\/h2><p>Beim Umgang mit Feuerwerksk\u00f6rpern sollte Sicherheit oberste Priorit\u00e4t haben. Obwohl Salutpatronen eine relativ sichere M\u00f6glichkeit darstellen, Feuerwerk zu genie\u00dfen, gibt es dennoch einige Sicherheitsaspekte, die beachtet werden sollten.<\/p><p>Salutpatronen sollten grunds\u00e4tzlich nur in gut bel\u00fcfteten R\u00e4umen verwendet werden. Der Rauch und die D\u00e4mpfe, die von der Patrone abgegeben werden, k\u00f6nnen bei l\u00e4ngerem Einatmen gesundheitssch\u00e4dlich sein. Au\u00dferdem ist es wichtig, Kinder und Haustiere beim Gebrauch von Salutpatronen im Auge zu behalten, da sie durch den lauten Knall erschreckt werden k\u00f6nnen.<\/p><p>Alles in allem sind Salutpatronen, solange grundlegende Sicherheitsvorkehrungen eingehalten werden, eine gro\u00dfartige M\u00f6glichkeit, Feuerwerk verantwortungsvoll zu genie\u00dfen.<\/p><h2>Abschluss<\/h2><p>Als professioneller Hersteller und Lieferant von Salutpatronen aus Aluminium in China bieten wir Ihnen Produkte und Service von h\u00f6chster Qualit\u00e4t. \u00dcberzeugen Sie sich selbst!<\/p>\t\t\t\t\t\t\t\t<\/div>\n\t\t\t\t<\/div>\n\t\t\t\t<\/div>\n\t\t\t\t\t<\/div>\n\t\t\t\t<\/div>\n\t\t\t\t<\/div>","protected":false},"excerpt":{"rendered":"<p>CNC-gefr\u00e4ste, leere Salutpatronenh\u00fclsen aus Aluminium, 16\/19\/26,5\/38 mm. Ohne Pulver\/Z\u00fcndh\u00fctchen, nur die H\u00fclse, individuelle H\u00f6he, zum Wiederladen von Platzpatronen. Mindestbestellmenge 10.000 St\u00fcck. OEM-Lieferant.<\/p>","protected":false},"author":1,"featured_media":30444,"parent":0,"menu_order":0,"comment_status":"closed","ping_status":"closed","template":"","meta":{"footnotes":""},"class_list":["post-15263","page","type-page","status-publish","has-post-thumbnail","hentry"],"_links":{"self":[{"href":"https:\/\/www.cnshining.com\/de\/wp-json\/wp\/v2\/pages\/15263","targetHints":{"allow":["GET"]}}],"collection":[{"href":"https:\/\/www.cnshining.com\/de\/wp-json\/wp\/v2\/pages"}],"about":[{"href":"https:\/\/www.cnshining.com\/de\/wp-json\/wp\/v2\/types\/page"}],"author":[{"embeddable":true,"href":"https:\/\/www.cnshining.com\/de\/wp-json\/wp\/v2\/users\/1"}],"replies":[{"embeddable":true,"href":"https:\/\/www.cnshining.com\/de\/wp-json\/wp\/v2\/comments?post=15263"}],"version-history":[{"count":0,"href":"https:\/\/www.cnshining.com\/de\/wp-json\/wp\/v2\/pages\/15263\/revisions"}],"wp:featuredmedia":[{"embeddable":true,"href":"https:\/\/www.cnshining.com\/de\/wp-json\/wp\/v2\/media\/30444"}],"wp:attachment":[{"href":"https:\/\/www.cnshining.com\/de\/wp-json\/wp\/v2\/media?parent=15263"}],"curies":[{"name":"wp","href":"https:\/\/api.w.org\/{rel}","templated":true}]}}