{"id":16086,"date":"2023-05-02T06:17:00","date_gmt":"2023-05-02T06:17:00","guid":{"rendered":"https:\/\/www.cnshining.com\/?page_id=16086"},"modified":"2025-12-23T05:33:05","modified_gmt":"2025-12-23T05:33:05","slug":"aluminium-patrone-fur-flugzeug-militar-leuchtraketen","status":"publish","type":"page","link":"https:\/\/www.cnshining.com\/de\/aluminium-patrone-fur-flugzeug-militar-leuchtraketen","title":{"rendered":"Leere Aluminiumh\u00fclse f\u00fcr Flugzeug-Leuchtraketen"},"content":{"rendered":"<div data-elementor-type=\"wp-page\" data-elementor-id=\"16086\" class=\"elementor elementor-16086\" data-elementor-post-type=\"page\">\n\t\t\t\t<div class=\"elementor-element elementor-element-6db5a787 e-flex e-con-boxed e-con e-parent\" data-id=\"6db5a787\" data-element_type=\"container\" data-settings=\"{&quot;background_background&quot;:&quot;classic&quot;}\">\n\t\t\t\t\t<div class=\"e-con-inner\">\n\t\t\t\t<div class=\"elementor-element elementor-element-5d6702f elementor-icon-list--layout-inline elementor-align-center elementor-list-item-link-full_width elementor-widget elementor-widget-icon-list\" data-id=\"5d6702f\" data-element_type=\"widget\" data-widget_type=\"icon-list.default\">\n\t\t\t\t\t\t\t<ul class=\"elementor-icon-list-items elementor-inline-items\">\n\t\t\t\t\t\t\t<li class=\"elementor-icon-list-item elementor-inline-item\">\n\t\t\t\t\t\t\t\t\t\t\t<a href=\"https:\/\/www.cnshining.com\/de\" target=\"_blank\">\n\n\t\t\t\t\t\t\t\t\t\t\t\t<span class=\"elementor-icon-list-icon\">\n\t\t\t\t\t\t\t<svg aria-hidden=\"true\" class=\"e-font-icon-svg e-fas-home\" viewbox=\"0 0 576 512\" xmlns=\"http:\/\/www.w3.org\/2000\/svg\"><path d=\"M280.37 148.26L96 300.11V464a16 16 0 0 0 16 16l112.06-.29a16 16 0 0 0 15.92-16V368a16 16 0 0 1 16-16h64a16 16 0 0 1 16 16v95.64a16 16 0 0 0 16 16.05L464 480a16 16 0 0 0 16-16V300L295.67 148.26a12.19 12.19 0 0 0-15.3 0zM571.6 251.47L488 182.56V44.05a12 12 0 0 0-12-12h-56a12 12 0 0 0-12 12v72.61L318.47 43a48 48 0 0 0-61 0L4.34 251.47a12 12 0 0 0-1.6 16.9l25.5 31A12 12 0 0 0 45.15 301l235.22-193.74a12.19 12.19 0 0 1 15.3 0L530.9 301a12 12 0 0 0 16.9-1.6l25.5-31a12 12 0 0 0-1.7-16.93z\"><\/path><\/svg>\t\t\t\t\t\t<\/span>\n\t\t\t\t\t\t\t\t\t\t<span class=\"elementor-icon-list-text\">Heim \/<\/span>\n\t\t\t\t\t\t\t\t\t\t\t<\/a>\n\t\t\t\t\t\t\t\t\t<\/li>\n\t\t\t\t\t\t\t\t<li class=\"elementor-icon-list-item elementor-inline-item\">\n\t\t\t\t\t\t\t\t\t\t\t<a href=\"https:\/\/www.cnshining.com\/de\/nicht-todliche-patrone\/\" target=\"_blank\">\n\n\t\t\t\t\t\t\t\t\t\t\t<span class=\"elementor-icon-list-text\">Nicht t\u00f6dliche Patrone\/<\/span>\n\t\t\t\t\t\t\t\t\t\t\t<\/a>\n\t\t\t\t\t\t\t\t\t<\/li>\n\t\t\t\t\t\t<\/ul>\n\t\t\t\t\t\t<\/div>\n\t\t\t\t\t<\/div>\n\t\t\t\t<\/div>\n\t\t<div class=\"elementor-element elementor-element-5f15548 e-flex e-con-boxed e-con e-parent\" data-id=\"5f15548\" data-element_type=\"container\" data-settings=\"{&quot;background_background&quot;:&quot;classic&quot;}\">\n\t\t\t\t\t<div class=\"e-con-inner\">\n\t\t<div class=\"elementor-element elementor-element-e4b09ad e-con-full e-flex e-con e-child\" data-id=\"e4b09ad\" data-element_type=\"container\">\n\t\t<div class=\"elementor-element elementor-element-f1b5438 e-con-full e-flex e-con e-child\" data-id=\"f1b5438\" data-element_type=\"container\">\n\t\t\t\t<div class=\"elementor-element elementor-element-404fa28 elementor-widget elementor-widget-image\" data-id=\"404fa28\" data-element_type=\"widget\" data-widget_type=\"image.default\">\n\t\t\t\t\t\t\t\t\t\t\t\t\t\t\t<img fetchpriority=\"high\" decoding=\"async\" width=\"2000\" height=\"2001\" src=\"https:\/\/www.cnshining.com\/wp-content\/uploads\/2025\/10\/Aluminum-Cartridge-for-Aircraft-Military-Flares.webp\" class=\"attachment-large size-large wp-image-30987\" alt=\"Aluminiumpatrone f\u00fcr Flugzeug-Milit\u00e4rfackeln\" title=\"\">\t\t\t\t\t\t\t\t\t\t\t\t\t\t\t<\/div>\n\t\t\t\t<\/div>\n\t\t<div class=\"elementor-element elementor-element-6122e77 e-con-full e-flex e-con e-child\" data-id=\"6122e77\" data-element_type=\"container\">\n\t\t<div class=\"elementor-element elementor-element-7bc242b e-con-full e-flex e-con e-child\" data-id=\"7bc242b\" data-element_type=\"container\">\n\t\t<div class=\"elementor-element elementor-element-4841fea e-con-full e-flex e-con e-child\" data-id=\"4841fea\" data-element_type=\"container\">\n\t\t\t\t<div class=\"elementor-element elementor-element-b32ceb0 elementor-widget elementor-widget-heading\" data-id=\"b32ceb0\" data-element_type=\"widget\" data-widget_type=\"heading.default\">\n\t\t\t\t\t<h3 class=\"elementor-heading-title elementor-size-default\">Material<\/h3>\t\t\t\t<\/div>\n\t\t\t\t<div class=\"elementor-element elementor-element-fd02e20 elementor-widget__width-initial elementor-widget-tablet__width-initial elementor-widget elementor-widget-text-editor\" data-id=\"fd02e20\" data-element_type=\"widget\" data-widget_type=\"text-editor.default\">\n\t\t\t\t\t\t\t\t\t<p>Aluminiumlegierung<\/p>\t\t\t\t\t\t\t\t<\/div>\n\t\t\t\t<\/div>\n\t\t<div class=\"elementor-element elementor-element-bed2ffe e-con-full e-flex e-con e-child\" data-id=\"bed2ffe\" data-element_type=\"container\">\n\t\t\t\t<div class=\"elementor-element elementor-element-0243f28 elementor-widget elementor-widget-heading\" data-id=\"0243f28\" data-element_type=\"widget\" data-widget_type=\"heading.default\">\n\t\t\t\t\t<h3 class=\"elementor-heading-title elementor-size-default\">Mindestbestellmenge<\/h3>\t\t\t\t<\/div>\n\t\t\t\t<div class=\"elementor-element elementor-element-ebf878a elementor-widget__width-initial elementor-widget-tablet__width-initial elementor-widget elementor-widget-text-editor\" data-id=\"ebf878a\" data-element_type=\"widget\" data-widget_type=\"text-editor.default\">\n\t\t\t\t\t\t\t\t\t<p>10.000 St\u00fcck<\/p>\t\t\t\t\t\t\t\t<\/div>\n\t\t\t\t<\/div>\n\t\t\t\t<\/div>\n\t\t<div class=\"elementor-element elementor-element-ce75e64 e-con-full e-flex e-con e-child\" data-id=\"ce75e64\" data-element_type=\"container\">\n\t\t<div class=\"elementor-element elementor-element-497286d e-con-full e-flex e-con e-child\" data-id=\"497286d\" data-element_type=\"container\">\n\t\t\t\t<div class=\"elementor-element elementor-element-6e4dbdd elementor-widget elementor-widget-heading\" data-id=\"6e4dbdd\" data-element_type=\"widget\" data-widget_type=\"heading.default\">\n\t\t\t\t\t<h3 class=\"elementor-heading-title elementor-size-default\">Brauch<\/h3>\t\t\t\t<\/div>\n\t\t\t\t<div class=\"elementor-element elementor-element-b8ee607 elementor-widget__width-initial elementor-widget-tablet__width-initial elementor-widget elementor-widget-text-editor\" data-id=\"b8ee607\" data-element_type=\"widget\" data-widget_type=\"text-editor.default\">\n\t\t\t\t\t\t\t\t\t<p>Sondergr\u00f6\u00dfen m\u00f6glich<\/p>\t\t\t\t\t\t\t\t<\/div>\n\t\t\t\t<\/div>\n\t\t\t\t<\/div>\n\t\t<div class=\"elementor-element elementor-element-c483ca6 e-con-full e-flex e-con e-child\" data-id=\"c483ca6\" data-element_type=\"container\">\n\t\t\t\t<div class=\"elementor-element elementor-element-391a3e8 elementor-widget-divider--view-line elementor-widget elementor-widget-divider\" data-id=\"391a3e8\" data-element_type=\"widget\" data-widget_type=\"divider.default\">\n\t\t\t\t\t\t\t<div class=\"elementor-divider\">\n\t\t\t<span class=\"elementor-divider-separator\">\n\t\t\t\t\t\t<\/span>\n\t\t<\/div>\n\t\t\t\t\t\t<\/div>\n\t\t\t\t<\/div>\n\t\t\t\t<div class=\"elementor-element elementor-element-1415bbd elementor-mobile-align-left elementor-align-right elementor-widget elementor-widget-button\" data-id=\"1415bbd\" data-element_type=\"widget\" data-widget_type=\"button.default\">\n\t\t\t\t\t\t\t\t\t\t<a class=\"elementor-button elementor-button-link elementor-size-sm\" href=\"#elementor-action%3Aaction%3Dpopup%3Aopen%26settings%3DeyJpZCI6IjE0MTMyIiwidG9nZ2xlIjpmYWxzZX0%3D\" target=\"_blank\">\n\t\t\t\t\t\t<span class=\"elementor-button-content-wrapper\">\n\t\t\t\t\t\t<span class=\"elementor-button-icon\">\n\t\t\t\t<svg aria-hidden=\"true\" class=\"e-font-icon-svg e-fas-arrow-right\" viewbox=\"0 0 448 512\" xmlns=\"http:\/\/www.w3.org\/2000\/svg\"><path d=\"M190.5 66.9l22.2-22.2c9.4-9.4 24.6-9.4 33.9 0L441 239c9.4 9.4 9.4 24.6 0 33.9L246.6 467.3c-9.4 9.4-24.6 9.4-33.9 0l-22.2-22.2c-9.5-9.5-9.3-25 .4-34.3L311.4 296H24c-13.3 0-24-10.7-24-24v-32c0-13.3 10.7-24 24-24h287.4L190.9 101.2c-9.8-9.3-10-24.8-.4-34.3z\"><\/path><\/svg>\t\t\t<\/span>\n\t\t\t\t\t\t\t\t\t<span class=\"elementor-button-text\">Kontaktieren Sie uns<\/span>\n\t\t\t\t\t<\/span>\n\t\t\t\t\t<\/a>\n\t\t\t\t\t\t\t\t<\/div>\n\t\t\t\t<\/div>\n\t\t\t\t<\/div>\n\t\t\t\t\t<\/div>\n\t\t\t\t<\/div>\n\t\t<div class=\"elementor-element elementor-element-0799cf7 e-flex e-con-boxed e-con e-parent\" data-id=\"0799cf7\" data-element_type=\"container\" data-settings=\"{&quot;background_background&quot;:&quot;classic&quot;}\">\n\t\t\t\t\t<div class=\"e-con-inner\">\n\t\t<div class=\"elementor-element elementor-element-5382932 e-con-full e-flex e-con e-child\" data-id=\"5382932\" data-element_type=\"container\">\n\t\t\t\t<div class=\"elementor-element elementor-element-44093b8 elementor-skin-carousel elementor-arrows-yes elementor-pagination-type-bullets elementor-pagination-position-outside elementor-widget elementor-widget-media-carousel\" data-id=\"44093b8\" data-element_type=\"widget\" data-settings=\"{&quot;lazyload&quot;:&quot;yes&quot;,&quot;slides_per_view&quot;:&quot;2&quot;,&quot;space_between&quot;:{&quot;unit&quot;:&quot;px&quot;,&quot;size&quot;:25,&quot;sizes&quot;:[]},&quot;skin&quot;:&quot;carousel&quot;,&quot;effect&quot;:&quot;slide&quot;,&quot;show_arrows&quot;:&quot;yes&quot;,&quot;pagination&quot;:&quot;bullets&quot;,&quot;speed&quot;:500,&quot;autoplay&quot;:&quot;yes&quot;,&quot;autoplay_speed&quot;:5000,&quot;loop&quot;:&quot;yes&quot;,&quot;pause_on_hover&quot;:&quot;yes&quot;,&quot;pause_on_interaction&quot;:&quot;yes&quot;,&quot;space_between_tablet&quot;:{&quot;unit&quot;:&quot;px&quot;,&quot;size&quot;:10,&quot;sizes&quot;:[]},&quot;space_between_mobile&quot;:{&quot;unit&quot;:&quot;px&quot;,&quot;size&quot;:10,&quot;sizes&quot;:[]}}\" data-widget_type=\"media-carousel.default\">\n\t\t\t\t\t\t\t\t\t\t<div class=\"elementor-main-swiper swiper\" role=\"region\" aria-roledescription=\"carousel\" aria-label=\"Folien\">\n\t\t\t\t<div class=\"swiper-wrapper\">\n\t\t\t\t\t\t\t\t\t\t\t<div class=\"swiper-slide\" role=\"group\" aria-roledescription=\"slide\">\n\t\t\t\t\t\t\t<a href=\"https:\/\/www.cnshining.com\/wp-content\/uploads\/2025\/10\/Aluminum-Cartridge-for-Aircraft-Military-Flares-6.webp\" data-elementor-open-lightbox=\"yes\" data-elementor-lightbox-slideshow=\"44093b8\" data-elementor-lightbox-title=\"Aluminum Cartridge for Aircraft Military Flares\" data-e-action-hash=\"#elementor-action%3Aaction%3Dlightbox%26settings%3DeyJpZCI6MzA5ODgsInVybCI6Imh0dHBzOlwvXC93d3cuY25zaGluaW5nLmNvbVwvd3AtY29udGVudFwvdXBsb2Fkc1wvMjAyNVwvMTBcL0FsdW1pbnVtLUNhcnRyaWRnZS1mb3ItQWlyY3JhZnQtTWlsaXRhcnktRmxhcmVzLTYud2VicCIsInNsaWRlc2hvdyI6IjQ0MDkzYjgifQ%3D%3D\">\t\t<div class=\"elementor-carousel-image swiper-lazy\" role=\"img\" aria-label=\"Aluminiumpatrone f\u00fcr Flugzeug-Milit\u00e4rfackeln\" data-background=\"https:\/\/www.cnshining.com\/wp-content\/uploads\/2025\/10\/Aluminum-Cartridge-for-Aircraft-Military-Flares-6.webp\">\n\n\t\t\t\t\t\t\t<div class=\"swiper-lazy-preloader\"><\/div>\n\t\t\t\n\t\t\t\t\t<\/div>\n\t\t<\/a>\t\t\t\t\t\t<\/div>\n\t\t\t\t\t\t\t\t\t\t\t<div class=\"swiper-slide\" role=\"group\" aria-roledescription=\"slide\">\n\t\t\t\t\t\t\t<a href=\"https:\/\/www.cnshining.com\/wp-content\/uploads\/2025\/10\/Aluminum-Cartridge-for-Aircraft-Military-Flares-4.webp\" data-elementor-open-lightbox=\"yes\" data-elementor-lightbox-slideshow=\"44093b8\" data-elementor-lightbox-title=\"Aluminum Cartridge for Aircraft Military Flares\" data-e-action-hash=\"#elementor-action%3Aaction%3Dlightbox%26settings%3DeyJpZCI6MzA5ODYsInVybCI6Imh0dHBzOlwvXC93d3cuY25zaGluaW5nLmNvbVwvd3AtY29udGVudFwvdXBsb2Fkc1wvMjAyNVwvMTBcL0FsdW1pbnVtLUNhcnRyaWRnZS1mb3ItQWlyY3JhZnQtTWlsaXRhcnktRmxhcmVzLTQud2VicCIsInNsaWRlc2hvdyI6IjQ0MDkzYjgifQ%3D%3D\">\t\t<div class=\"elementor-carousel-image swiper-lazy\" role=\"img\" aria-label=\"Aluminiumpatrone f\u00fcr Flugzeug-Milit\u00e4rfackeln\" data-background=\"https:\/\/www.cnshining.com\/wp-content\/uploads\/2025\/10\/Aluminum-Cartridge-for-Aircraft-Military-Flares-4.webp\">\n\n\t\t\t\t\t\t\t<div class=\"swiper-lazy-preloader\"><\/div>\n\t\t\t\n\t\t\t\t\t<\/div>\n\t\t<\/a>\t\t\t\t\t\t<\/div>\n\t\t\t\t\t\t\t\t\t\t\t<div class=\"swiper-slide\" role=\"group\" aria-roledescription=\"slide\">\n\t\t\t\t\t\t\t<a href=\"https:\/\/www.cnshining.com\/wp-content\/uploads\/2025\/10\/Aluminum-Cartridge-for-Aircraft-Military-Flares-3.webp\" data-elementor-open-lightbox=\"yes\" data-elementor-lightbox-slideshow=\"44093b8\" data-elementor-lightbox-title=\"Aluminum Cartridge for Aircraft Military Flares\" data-e-action-hash=\"#elementor-action%3Aaction%3Dlightbox%26settings%3DeyJpZCI6MzA5ODUsInVybCI6Imh0dHBzOlwvXC93d3cuY25zaGluaW5nLmNvbVwvd3AtY29udGVudFwvdXBsb2Fkc1wvMjAyNVwvMTBcL0FsdW1pbnVtLUNhcnRyaWRnZS1mb3ItQWlyY3JhZnQtTWlsaXRhcnktRmxhcmVzLTMud2VicCIsInNsaWRlc2hvdyI6IjQ0MDkzYjgifQ%3D%3D\">\t\t<div class=\"elementor-carousel-image swiper-lazy\" role=\"img\" aria-label=\"Aluminiumpatrone f\u00fcr Flugzeug-Milit\u00e4rfackeln\" data-background=\"https:\/\/www.cnshining.com\/wp-content\/uploads\/2025\/10\/Aluminum-Cartridge-for-Aircraft-Military-Flares-3.webp\">\n\n\t\t\t\t\t\t\t<div class=\"swiper-lazy-preloader\"><\/div>\n\t\t\t\n\t\t\t\t\t<\/div>\n\t\t<\/a>\t\t\t\t\t\t<\/div>\n\t\t\t\t\t\t\t\t\t\t\t<div class=\"swiper-slide\" role=\"group\" aria-roledescription=\"slide\">\n\t\t\t\t\t\t\t<a href=\"https:\/\/www.cnshining.com\/wp-content\/uploads\/2025\/10\/Aluminum-Cartridge-for-Aircraft-Military-Flares-2.webp\" data-elementor-open-lightbox=\"yes\" data-elementor-lightbox-slideshow=\"44093b8\" data-elementor-lightbox-title=\"Aluminum Cartridge for Aircraft Military Flares\" data-e-action-hash=\"#elementor-action%3Aaction%3Dlightbox%26settings%3DeyJpZCI6MzA5ODQsInVybCI6Imh0dHBzOlwvXC93d3cuY25zaGluaW5nLmNvbVwvd3AtY29udGVudFwvdXBsb2Fkc1wvMjAyNVwvMTBcL0FsdW1pbnVtLUNhcnRyaWRnZS1mb3ItQWlyY3JhZnQtTWlsaXRhcnktRmxhcmVzLTIud2VicCIsInNsaWRlc2hvdyI6IjQ0MDkzYjgifQ%3D%3D\">\t\t<div class=\"elementor-carousel-image swiper-lazy\" role=\"img\" aria-label=\"Aluminiumpatrone f\u00fcr Flugzeug-Milit\u00e4rfackeln\" data-background=\"https:\/\/www.cnshining.com\/wp-content\/uploads\/2025\/10\/Aluminum-Cartridge-for-Aircraft-Military-Flares-2.webp\">\n\n\t\t\t\t\t\t\t<div class=\"swiper-lazy-preloader\"><\/div>\n\t\t\t\n\t\t\t\t\t<\/div>\n\t\t<\/a>\t\t\t\t\t\t<\/div>\n\t\t\t\t\t\t\t\t\t\t\t<div class=\"swiper-slide\" role=\"group\" aria-roledescription=\"slide\">\n\t\t\t\t\t\t\t<a href=\"https:\/\/www.cnshining.com\/wp-content\/uploads\/2025\/10\/Aluminum-Cartridge-for-Aircraft-Military-Flares-1.webp\" data-elementor-open-lightbox=\"yes\" data-elementor-lightbox-slideshow=\"44093b8\" data-elementor-lightbox-title=\"Aluminum Cartridge for Aircraft Military Flares\" data-e-action-hash=\"#elementor-action%3Aaction%3Dlightbox%26settings%3DeyJpZCI6MzA5ODMsInVybCI6Imh0dHBzOlwvXC93d3cuY25zaGluaW5nLmNvbVwvd3AtY29udGVudFwvdXBsb2Fkc1wvMjAyNVwvMTBcL0FsdW1pbnVtLUNhcnRyaWRnZS1mb3ItQWlyY3JhZnQtTWlsaXRhcnktRmxhcmVzLTEud2VicCIsInNsaWRlc2hvdyI6IjQ0MDkzYjgifQ%3D%3D\">\t\t<div class=\"elementor-carousel-image swiper-lazy\" role=\"img\" aria-label=\"Aluminiumpatrone f\u00fcr Flugzeug-Milit\u00e4rfackeln\" data-background=\"https:\/\/www.cnshining.com\/wp-content\/uploads\/2025\/10\/Aluminum-Cartridge-for-Aircraft-Military-Flares-1.webp\">\n\n\t\t\t\t\t\t\t<div class=\"swiper-lazy-preloader\"><\/div>\n\t\t\t\n\t\t\t\t\t<\/div>\n\t\t<\/a>\t\t\t\t\t\t<\/div>\n\t\t\t\t\t\t\t\t\t<\/div>\n\t\t\t\t\t\t\t\t\t\t\t\t\t\t\t<div class=\"elementor-swiper-button elementor-swiper-button-prev\" role=\"button\" tabindex=\"0\" aria-label=\"Vorherige\">\n\t\t\t\t\t\t\t<svg aria-hidden=\"true\" class=\"e-font-icon-svg e-eicon-chevron-left\" viewbox=\"0 0 1000 1000\" xmlns=\"http:\/\/www.w3.org\/2000\/svg\"><path d=\"M646 125C629 125 613 133 604 142L308 442C296 454 292 471 292 487 292 504 296 521 308 533L604 854C617 867 629 875 646 875 663 875 679 871 692 858 704 846 713 829 713 812 713 796 708 779 692 767L438 487 692 225C700 217 708 204 708 187 708 171 704 154 692 142 675 129 663 125 646 125Z\"><\/path><\/svg>\t\t\t\t\t\t<\/div>\n\t\t\t\t\t\t<div class=\"elementor-swiper-button elementor-swiper-button-next\" role=\"button\" tabindex=\"0\" aria-label=\"N\u00e4chste\">\n\t\t\t\t\t\t\t<svg aria-hidden=\"true\" class=\"e-font-icon-svg e-eicon-chevron-right\" viewbox=\"0 0 1000 1000\" xmlns=\"http:\/\/www.w3.org\/2000\/svg\"><path d=\"M696 533C708 521 713 504 713 487 713 471 708 454 696 446L400 146C388 133 375 125 354 125 338 125 325 129 313 142 300 154 292 171 292 187 292 204 296 221 308 233L563 492 304 771C292 783 288 800 288 817 288 833 296 850 308 863 321 871 338 875 354 875 371 875 388 867 400 854L696 533Z\"><\/path><\/svg>\t\t\t\t\t\t<\/div>\n\t\t\t\t\t\t\t\t\t\t\t\t\t\t\t\t<div class=\"swiper-pagination\"><\/div>\n\t\t\t\t\t\t\t\t\t\t\t\t<\/div>\n\t\t\t\t\t\t\t\t<\/div>\n\t\t\t\t<div class=\"elementor-element elementor-element-9b183fb elementor-widget elementor-widget-text-editor\" data-id=\"9b183fb\" data-element_type=\"widget\" data-widget_type=\"text-editor.default\">\n\t\t\t\t\t\t\t\t\t<ul><li><strong>Erkl\u00e4rung der milit\u00e4rischen Leuchtraketen<\/strong>Milit\u00e4rische Leuchtraketen sind kleine, leichte Ger\u00e4te, die helles Licht und eine W\u00e4rmesignatur aussenden, um w\u00e4rmesuchende Raketen oder andere infrarotgelenkte Waffen zu verwirren und abzulenken. Sie werden h\u00e4ufig in Milit\u00e4rflugzeugen und anderen Verteidigungsanwendungen eingesetzt, um Schutz vor feindlichen Angriffen zu bieten.<\/li><li><strong>\u00a0Zweck milit\u00e4rischer Leuchtraketen:<\/strong> Der Hauptzweck milit\u00e4rischer Leuchtraketen besteht darin, als Gegenma\u00dfnahme gegen infrarotgelenkte Raketen zu dienen, die auf Flugzeuge gerichtet sind. Diese Raketen sind darauf ausgelegt, die W\u00e4rmesignatur eines Flugzeugs zu erfassen. Milit\u00e4rische Leuchtraketen k\u00f6nnen eingesetzt werden, um eine falsche W\u00e4rmesignatur zu erzeugen und die Rakete so vom Flugzeug weg und zur Leuchtrakete zu lenken.<\/li><li><strong>\u00a0Bedeutung milit\u00e4rischer Leuchtraketen in der Flugzeugabwehr<\/strong>Der Einsatz von Leuchtraketen ist f\u00fcr die Flugzeugabwehr von entscheidender Bedeutung, da sie ein wirksames Mittel zur Abwehr w\u00e4rmesuchender Raketen darstellen. Ohne solche Gegenma\u00dfnahmen w\u00e4ren Milit\u00e4rflugzeuge angreifbar, und die Erfolgswahrscheinlichkeit von Missionen w\u00fcrde erheblich sinken.<\/li><\/ul>\t\t\t\t\t\t\t\t<\/div>\n\t\t\t\t<div class=\"elementor-element elementor-element-38717ed truncate-text elementor-widget elementor-widget-text-editor\" data-id=\"38717ed\" data-element_type=\"widget\" data-widget_type=\"text-editor.default\">\n\t\t\t\t\t\t\t\t\t<h2>1. Arten von milit\u00e4rischen Leuchtraketen<\/h2><h3>1.1. Infrarot-Flares:<\/h3><p>Infrarot-Leuchtraketen sind die am h\u00e4ufigsten verwendeten milit\u00e4rischen Leuchtraketen. Sie erzeugen eine helle, intensive W\u00e4rmesignatur, die die von einem Flugzeugtriebwerk erzeugte W\u00e4rme imitiert und so w\u00e4rmesuchende Raketen verwirrt und vom Flugzeug weglockt.<\/p><h3>1.2. Sichtbare Leuchtspuren:<\/h3><p>Sichtbare Leuchtraketen sind so konstruiert, dass sie ein helles, mit blo\u00dfem Auge erkennbares Licht aussenden. Sie dienen dazu, feindliche Piloten oder Beobachter optisch abzulenken und ihre Aufmerksamkeit vom Flugzeug auf die Leuchtrakete zu lenken.<\/p><h3>1.3. Elektronische Gegenma\u00dfnahmen:<\/h3><p>Elektronische Gegenma\u00dfnahmen sind eine Art milit\u00e4rischer Leuchtraketen, die elektronische Signale nutzen, um die Lenksysteme feindlicher Raketen zu st\u00f6ren oder zu blockieren. Sie werden in Kombination mit anderen Leuchtraketentypen eingesetzt, um einen umfassenderen Schutz gegen Raketenangriffe zu gew\u00e4hrleisten.<\/p><h2>2. Funktionsweise milit\u00e4rischer Leuchtraketen<\/h2><h3>2.1. Erkennung von Bedrohungen:<\/h3><p>Die Erkennung einer Raketenbedrohung erfolgt \u00fcblicherweise durch bordeigene Sensoren oder Radarsysteme. Sobald eine Bedrohung erkannt wird, aktiviert der Pilot das T\u00e4uschk\u00f6rper-Abwurfsystem.<\/p><h3>2.2. Einsatz von Leuchtraketen:<\/h3><p>Milit\u00e4rische Leuchtraketen werden \u00fcblicherweise von einem am Flugzeug angebrachten Spender abgefeuert. Der Spender setzt die Leuchtraketen frei, die dann eine helle, intensive W\u00e4rmesignatur erzeugen, welche die Rakete vom Flugzeug weglockt.<\/p><h3>2.3. T\u00e4uschungstechniken:<\/h3><p>Milit\u00e4rflugzeuge k\u00f6nnen auch T\u00e4uschungstechniken einsetzen, wie zum Beispiel das Fliegen in einem Zickzackmuster oder das Abwerfen von St\u00f6rstreifen (kleine Metallstreifen), um das Leitsystem einer anfliegenden Rakete weiter zu verwirren.<\/p><h2>3. Vorteile von Milit\u00e4rfackeln<\/h2><h3>3.1. Kosteneffektiv:<\/h3><p>Milit\u00e4rische Leuchtraketen sind im Vergleich zu anderen Verteidigungsformen relativ preiswert und stellen daher eine kosteneffektive Option f\u00fcr Milit\u00e4rflugzeuge dar.<\/p><h3>3.2. Zuverl\u00e4ssig:<\/h3><p>Milit\u00e4rische Leuchtraketen sind ein bew\u00e4hrtes Verteidigungsmittel gegen w\u00e4rmesuchende Raketen und werden seit Jahrzehnten erfolgreich eingesetzt.<\/p><h3>3.3. Einfache Bedienung:<\/h3><p>Milit\u00e4rische Leuchtraketen sind einfach zu bedienen und erfordern nur eine minimale Schulung, was sie zu einer idealen Option f\u00fcr den Einsatz in Kampfsituationen macht.<\/p><h3>3.4. Wirksam bei der Abwehr von Bedrohungen:<\/h3><p>Milit\u00e4rische Leuchtraketen sind \u00e4u\u00dferst wirksam, um w\u00e4rmesuchende Raketen zu verwirren und abzulenken, wodurch die \u00dcberlebenschancen des Flugzeugs bei einem Angriff erheblich steigen.<\/p><h2>4. Einschr\u00e4nkungen milit\u00e4rischer Leuchtraketen<\/h2><h3>4.1. Begrenzte St\u00fcckzahl:<\/h3><p>Milit\u00e4rflugzeuge f\u00fchren \u00fcblicherweise nur eine begrenzte Anzahl von Leuchtraketen mit, was ihre Wirksamkeit in l\u00e4ngeren Kampfsituationen einschr\u00e4nken kann.<\/p><h3>4.2. Erkennung von Leuchtraketen:<\/h3><p>Feindliche Flugzeuge k\u00f6nnten mit Sensoren ausgestattet sein, die das Vorhandensein milit\u00e4rischer Leuchtraketen erkennen k\u00f6nnen, wodurch deren Wirksamkeit als Gegenma\u00dfnahme verringert wird.<\/p><h3>4.3. Gegenma\u00dfnahmen gegen w\u00e4rmesuchende Raketen:<\/h3><p>Moderne w\u00e4rmesuchende Raketen k\u00f6nnten zwischen der W\u00e4rmesignatur eines Flugzeugs und der einer Leuchtfackel unterscheiden, wodurch die Wirksamkeit der Gegenma\u00dfnahme verringert w\u00fcrde.<\/p><h2>5. Schlussfolgerung<\/h2><p>A. Zusammenfassung zu milit\u00e4rischen Leuchtraketen: Milit\u00e4rische Leuchtraketen sind kleine, leichte Ger\u00e4te, die ein helles Licht und eine W\u00e4rmesignatur aussenden, um w\u00e4rmesuchende Raketen oder andere infrarotgelenkte Waffen zu verwirren und abzulenken.<\/p><p>B. Bedeutung von Leuchtraketen in der Flugzeugabwehr: Leuchtraketen spielen eine entscheidende Rolle beim Schutz von Milit\u00e4rflugzeugen vor Angriffen mit w\u00e4rmesuchenden Raketen. Ohne diese wirksame Gegenma\u00dfnahme w\u00e4ren Flugzeuge deutlich anf\u00e4lliger f\u00fcr feindliche Angriffe, was den Erfolg milit\u00e4rischer Operationen gef\u00e4hrden w\u00fcrde.<\/p><p>C. Zukunft milit\u00e4rischer Leuchtraketen in der Flugzeugabwehr: Mit dem technologischen Fortschritt werden fortlaufend neue Arten von w\u00e4rmesuchenden Raketen und anderen infrarotgelenkten Waffensystemen entwickelt. Daher ist die Entwicklung und der Einsatz fortschrittlicherer milit\u00e4rischer Leuchtraketen notwendig, um die Wirksamkeit dieses wichtigen Verteidigungsmechanismus auch in Zukunft zu gew\u00e4hrleisten. Kontinuierliche Forschung und Entwicklung in diesem Bereich sind unerl\u00e4sslich, um den fortw\u00e4hrenden Schutz milit\u00e4rischer Flugzeuge und den Erfolg milit\u00e4rischer Operationen sicherzustellen.<\/p>\t\t\t\t\t\t\t\t<\/div>\n\t\t\t\t<\/div>\n\t\t\t\t\t<\/div>\n\t\t\t\t<\/div>\n\t\t\t\t<\/div>","protected":false},"excerpt":{"rendered":"<p>Leere Aluminium-Leuchtpatronenh\u00fclsen. Nur zum Wiederladen von IR-T\u00e4uschk\u00f6rpern. Kundenspezifische L\u00e4ngen und Wandst\u00e4rken, Mindestbestellmenge 10.000 St\u00fcck, pr\u00e4zise CNC-Fertigung, schnelle Lieferung, Luft- und Raumfahrtzulieferer.<\/p>","protected":false},"author":1,"featured_media":30988,"parent":0,"menu_order":0,"comment_status":"closed","ping_status":"closed","template":"","meta":{"footnotes":""},"class_list":["post-16086","page","type-page","status-publish","has-post-thumbnail","hentry"],"_links":{"self":[{"href":"https:\/\/www.cnshining.com\/de\/wp-json\/wp\/v2\/pages\/16086","targetHints":{"allow":["GET"]}}],"collection":[{"href":"https:\/\/www.cnshining.com\/de\/wp-json\/wp\/v2\/pages"}],"about":[{"href":"https:\/\/www.cnshining.com\/de\/wp-json\/wp\/v2\/types\/page"}],"author":[{"embeddable":true,"href":"https:\/\/www.cnshining.com\/de\/wp-json\/wp\/v2\/users\/1"}],"replies":[{"embeddable":true,"href":"https:\/\/www.cnshining.com\/de\/wp-json\/wp\/v2\/comments?post=16086"}],"version-history":[{"count":0,"href":"https:\/\/www.cnshining.com\/de\/wp-json\/wp\/v2\/pages\/16086\/revisions"}],"wp:featuredmedia":[{"embeddable":true,"href":"https:\/\/www.cnshining.com\/de\/wp-json\/wp\/v2\/media\/30988"}],"wp:attachment":[{"href":"https:\/\/www.cnshining.com\/de\/wp-json\/wp\/v2\/media?parent=16086"}],"curies":[{"name":"wp","href":"https:\/\/api.w.org\/{rel}","templated":true}]}}