{"id":16708,"date":"2024-07-21T07:11:32","date_gmt":"2024-07-21T07:11:32","guid":{"rendered":"https:\/\/www.cnshining.com\/?page_id=16708"},"modified":"2025-12-23T02:06:00","modified_gmt":"2025-12-23T02:06:00","slug":"aluminiumgehause-fur-40mm-granate","status":"publish","type":"page","link":"https:\/\/www.cnshining.com\/de\/aluminiumgehause-fur-40mm-granate","title":{"rendered":"40-mm-Leerh\u00fclse aus Aluminium"},"content":{"rendered":"<div data-elementor-type=\"wp-page\" data-elementor-id=\"16708\" class=\"elementor elementor-16708\" data-elementor-post-type=\"page\">\n\t\t\t\t<div class=\"elementor-element elementor-element-482fce0e e-flex e-con-boxed e-con e-parent\" data-id=\"482fce0e\" data-element_type=\"container\" data-settings=\"{&quot;background_background&quot;:&quot;classic&quot;}\">\n\t\t\t\t\t<div class=\"e-con-inner\">\n\t\t\t\t<div class=\"elementor-element elementor-element-897a9cd elementor-icon-list--layout-inline elementor-align-center elementor-list-item-link-full_width elementor-widget elementor-widget-icon-list\" data-id=\"897a9cd\" data-element_type=\"widget\" data-widget_type=\"icon-list.default\">\n\t\t\t\t\t\t\t<ul class=\"elementor-icon-list-items elementor-inline-items\">\n\t\t\t\t\t\t\t<li class=\"elementor-icon-list-item elementor-inline-item\">\n\t\t\t\t\t\t\t\t\t\t\t<a href=\"https:\/\/www.cnshining.com\/de\" target=\"_blank\">\n\n\t\t\t\t\t\t\t\t\t\t\t\t<span class=\"elementor-icon-list-icon\">\n\t\t\t\t\t\t\t<svg aria-hidden=\"true\" class=\"e-font-icon-svg e-fas-home\" viewbox=\"0 0 576 512\" xmlns=\"http:\/\/www.w3.org\/2000\/svg\"><path d=\"M280.37 148.26L96 300.11V464a16 16 0 0 0 16 16l112.06-.29a16 16 0 0 0 15.92-16V368a16 16 0 0 1 16-16h64a16 16 0 0 1 16 16v95.64a16 16 0 0 0 16 16.05L464 480a16 16 0 0 0 16-16V300L295.67 148.26a12.19 12.19 0 0 0-15.3 0zM571.6 251.47L488 182.56V44.05a12 12 0 0 0-12-12h-56a12 12 0 0 0-12 12v72.61L318.47 43a48 48 0 0 0-61 0L4.34 251.47a12 12 0 0 0-1.6 16.9l25.5 31A12 12 0 0 0 45.15 301l235.22-193.74a12.19 12.19 0 0 1 15.3 0L530.9 301a12 12 0 0 0 16.9-1.6l25.5-31a12 12 0 0 0-1.7-16.93z\"><\/path><\/svg>\t\t\t\t\t\t<\/span>\n\t\t\t\t\t\t\t\t\t\t<span class=\"elementor-icon-list-text\">Heim \/<\/span>\n\t\t\t\t\t\t\t\t\t\t\t<\/a>\n\t\t\t\t\t\t\t\t\t<\/li>\n\t\t\t\t\t\t\t\t<li class=\"elementor-icon-list-item elementor-inline-item\">\n\t\t\t\t\t\t\t\t\t\t\t<a href=\"https:\/\/www.cnshining.com\/de\/nicht-todliche-patrone\/\" target=\"_blank\">\n\n\t\t\t\t\t\t\t\t\t\t\t<span class=\"elementor-icon-list-text\">Nicht t\u00f6dliche Patrone\/<\/span>\n\t\t\t\t\t\t\t\t\t\t\t<\/a>\n\t\t\t\t\t\t\t\t\t<\/li>\n\t\t\t\t\t\t<\/ul>\n\t\t\t\t\t\t<\/div>\n\t\t\t\t\t<\/div>\n\t\t\t\t<\/div>\n\t\t<div class=\"elementor-element elementor-element-0831303 e-flex e-con-boxed e-con e-parent\" data-id=\"0831303\" data-element_type=\"container\" data-settings=\"{&quot;background_background&quot;:&quot;classic&quot;}\">\n\t\t\t\t\t<div class=\"e-con-inner\">\n\t\t<div class=\"elementor-element elementor-element-9a7f8dd e-con-full e-flex e-con e-child\" data-id=\"9a7f8dd\" data-element_type=\"container\">\n\t\t<div class=\"elementor-element elementor-element-8d5ee8d e-con-full e-flex e-con e-child\" data-id=\"8d5ee8d\" data-element_type=\"container\">\n\t\t\t\t<div class=\"elementor-element elementor-element-1ae40c1 elementor-widget elementor-widget-image\" data-id=\"1ae40c1\" data-element_type=\"widget\" data-widget_type=\"image.default\">\n\t\t\t\t\t\t\t\t\t\t\t\t\t\t\t<img fetchpriority=\"high\" decoding=\"async\" width=\"1200\" height=\"787\" src=\"https:\/\/www.cnshining.com\/wp-content\/uploads\/2025\/10\/Aluminum-Cartridge-for-40mm-Grenade-Shell-1.webp\" class=\"attachment-large size-large wp-image-30698\" alt=\"Aluminiumpatrone f\u00fcr 40-mm-Granatenh\u00fclse\" title=\"\">\t\t\t\t\t\t\t\t\t\t\t\t\t\t\t<\/div>\n\t\t\t\t<\/div>\n\t\t<div class=\"elementor-element elementor-element-2b695f7 e-con-full e-flex e-con e-child\" data-id=\"2b695f7\" data-element_type=\"container\">\n\t\t<div class=\"elementor-element elementor-element-b954591 e-con-full e-flex e-con e-child\" data-id=\"b954591\" data-element_type=\"container\">\n\t\t<div class=\"elementor-element elementor-element-df2e709 e-con-full e-flex e-con e-child\" data-id=\"df2e709\" data-element_type=\"container\">\n\t\t\t\t<div class=\"elementor-element elementor-element-bbb119b elementor-widget elementor-widget-heading\" data-id=\"bbb119b\" data-element_type=\"widget\" data-widget_type=\"heading.default\">\n\t\t\t\t\t<h3 class=\"elementor-heading-title elementor-size-default\">Material<\/h3>\t\t\t\t<\/div>\n\t\t\t\t<div class=\"elementor-element elementor-element-3d6fd4b elementor-widget__width-initial elementor-widget-tablet__width-initial elementor-widget elementor-widget-text-editor\" data-id=\"3d6fd4b\" data-element_type=\"widget\" data-widget_type=\"text-editor.default\">\n\t\t\t\t\t\t\t\t\t<p>Aluminium<\/p>\t\t\t\t\t\t\t\t<\/div>\n\t\t\t\t<\/div>\n\t\t<div class=\"elementor-element elementor-element-9044622 e-con-full e-flex e-con e-child\" data-id=\"9044622\" data-element_type=\"container\">\n\t\t\t\t<div class=\"elementor-element elementor-element-a5fc041 elementor-widget elementor-widget-heading\" data-id=\"a5fc041\" data-element_type=\"widget\" data-widget_type=\"heading.default\">\n\t\t\t\t\t<h3 class=\"elementor-heading-title elementor-size-default\">Durchmesser<\/h3>\t\t\t\t<\/div>\n\t\t\t\t<div class=\"elementor-element elementor-element-16c3864 elementor-widget__width-initial elementor-widget-tablet__width-initial elementor-widget elementor-widget-text-editor\" data-id=\"16c3864\" data-element_type=\"widget\" data-widget_type=\"text-editor.default\">\n\t\t\t\t\t\t\t\t\t<p>40 mm\u00a0<\/p>\t\t\t\t\t\t\t\t<\/div>\n\t\t\t\t<\/div>\n\t\t\t\t<\/div>\n\t\t<div class=\"elementor-element elementor-element-c9ae06f e-con-full e-flex e-con e-child\" data-id=\"c9ae06f\" data-element_type=\"container\">\n\t\t<div class=\"elementor-element elementor-element-4d5d63d e-con-full e-flex e-con e-child\" data-id=\"4d5d63d\" data-element_type=\"container\">\n\t\t\t\t<div class=\"elementor-element elementor-element-24422c8 elementor-widget elementor-widget-heading\" data-id=\"24422c8\" data-element_type=\"widget\" data-widget_type=\"heading.default\">\n\t\t\t\t\t<h3 class=\"elementor-heading-title elementor-size-default\">H\u00f6he<\/h3>\t\t\t\t<\/div>\n\t\t\t\t<div class=\"elementor-element elementor-element-806a47d elementor-widget__width-initial elementor-widget-tablet__width-initial elementor-widget elementor-widget-text-editor\" data-id=\"806a47d\" data-element_type=\"widget\" data-widget_type=\"text-editor.default\">\n\t\t\t\t\t\t\t\t\t<p>\u00a0107 mm, anpassbar<\/p>\t\t\t\t\t\t\t\t<\/div>\n\t\t\t\t<\/div>\n\t\t<div class=\"elementor-element elementor-element-1b51e97 e-con-full e-flex e-con e-child\" data-id=\"1b51e97\" data-element_type=\"container\">\n\t\t\t\t<div class=\"elementor-element elementor-element-7c8b29a elementor-widget elementor-widget-heading\" data-id=\"7c8b29a\" data-element_type=\"widget\" data-widget_type=\"heading.default\">\n\t\t\t\t\t<h3 class=\"elementor-heading-title elementor-size-default\">Verwendung<\/h3>\t\t\t\t<\/div>\n\t\t\t\t<div class=\"elementor-element elementor-element-697e192 elementor-widget__width-initial elementor-widget-tablet__width-initial elementor-widget elementor-widget-text-editor\" data-id=\"697e192\" data-element_type=\"widget\" data-widget_type=\"text-editor.default\">\n\t\t\t\t\t\t\t\t\t<p>40-mm-Granatenh\u00fclse<\/p>\t\t\t\t\t\t\t\t<\/div>\n\t\t\t\t<\/div>\n\t\t\t\t<\/div>\n\t\t<div class=\"elementor-element elementor-element-d4b8b14 e-con-full e-flex e-con e-child\" data-id=\"d4b8b14\" data-element_type=\"container\">\n\t\t<div class=\"elementor-element elementor-element-c45da86 e-con-full e-flex e-con e-child\" data-id=\"c45da86\" data-element_type=\"container\">\n\t\t\t\t<div class=\"elementor-element elementor-element-0904d03 elementor-widget elementor-widget-heading\" data-id=\"0904d03\" data-element_type=\"widget\" data-widget_type=\"heading.default\">\n\t\t\t\t\t<h3 class=\"elementor-heading-title elementor-size-default\">Oberfl\u00e4chenbeschaffenheit<\/h3>\t\t\t\t<\/div>\n\t\t\t\t<div class=\"elementor-element elementor-element-15d2a1b elementor-widget__width-initial elementor-widget-tablet__width-initial elementor-widget elementor-widget-text-editor\" data-id=\"15d2a1b\" data-element_type=\"widget\" data-widget_type=\"text-editor.default\">\n\t\t\t\t\t\t\t\t\t<p>Oxidation, Anodisierung<\/p>\t\t\t\t\t\t\t\t<\/div>\n\t\t\t\t<\/div>\n\t\t<div class=\"elementor-element elementor-element-6fda6ee e-con-full e-flex e-con e-child\" data-id=\"6fda6ee\" data-element_type=\"container\">\n\t\t\t\t<div class=\"elementor-element elementor-element-7caaffc elementor-widget elementor-widget-heading\" data-id=\"7caaffc\" data-element_type=\"widget\" data-widget_type=\"heading.default\">\n\t\t\t\t\t<h3 class=\"elementor-heading-title elementor-size-default\">Mindestbestellmenge<\/h3>\t\t\t\t<\/div>\n\t\t\t\t<div class=\"elementor-element elementor-element-29a1e29 elementor-widget__width-initial elementor-widget-tablet__width-initial elementor-widget elementor-widget-text-editor\" data-id=\"29a1e29\" data-element_type=\"widget\" data-widget_type=\"text-editor.default\">\n\t\t\t\t\t\t\t\t\t<p>10.000 St\u00fcck<\/p>\t\t\t\t\t\t\t\t<\/div>\n\t\t\t\t<\/div>\n\t\t\t\t<\/div>\n\t\t\t\t<div class=\"elementor-element elementor-element-9b12ac5 elementor-mobile-align-left elementor-align-right elementor-widget elementor-widget-button\" data-id=\"9b12ac5\" data-element_type=\"widget\" data-widget_type=\"button.default\">\n\t\t\t\t\t\t\t\t\t\t<a class=\"elementor-button elementor-button-link elementor-size-sm\" href=\"#elementor-action%3Aaction%3Dpopup%3Aopen%26settings%3DeyJpZCI6IjE0MTMyIiwidG9nZ2xlIjpmYWxzZX0%3D\" target=\"_blank\">\n\t\t\t\t\t\t<span class=\"elementor-button-content-wrapper\">\n\t\t\t\t\t\t<span class=\"elementor-button-icon\">\n\t\t\t\t<svg aria-hidden=\"true\" class=\"e-font-icon-svg e-fas-arrow-right\" viewbox=\"0 0 448 512\" xmlns=\"http:\/\/www.w3.org\/2000\/svg\"><path d=\"M190.5 66.9l22.2-22.2c9.4-9.4 24.6-9.4 33.9 0L441 239c9.4 9.4 9.4 24.6 0 33.9L246.6 467.3c-9.4 9.4-24.6 9.4-33.9 0l-22.2-22.2c-9.5-9.5-9.3-25 .4-34.3L311.4 296H24c-13.3 0-24-10.7-24-24v-32c0-13.3 10.7-24 24-24h287.4L190.9 101.2c-9.8-9.3-10-24.8-.4-34.3z\"><\/path><\/svg>\t\t\t<\/span>\n\t\t\t\t\t\t\t\t\t<span class=\"elementor-button-text\">Kontaktieren Sie uns<\/span>\n\t\t\t\t\t<\/span>\n\t\t\t\t\t<\/a>\n\t\t\t\t\t\t\t\t<\/div>\n\t\t\t\t<\/div>\n\t\t\t\t<\/div>\n\t\t\t\t\t<\/div>\n\t\t\t\t<\/div>\n\t\t<div class=\"elementor-element elementor-element-a735f1b e-flex e-con-boxed e-con e-parent\" data-id=\"a735f1b\" data-element_type=\"container\" data-settings=\"{&quot;background_background&quot;:&quot;classic&quot;}\">\n\t\t\t\t\t<div class=\"e-con-inner\">\n\t\t<div class=\"elementor-element elementor-element-24d9032 e-con-full e-flex e-con e-child\" data-id=\"24d9032\" data-element_type=\"container\">\n\t\t\t\t<div class=\"elementor-element elementor-element-19b948d elementor-widget elementor-widget-text-editor\" data-id=\"19b948d\" data-element_type=\"widget\" data-widget_type=\"text-editor.default\">\n\t\t\t\t\t\t\t\t\t<p>Bei Shining Packaging fertigen wir hochwertige, leere Aluminiumh\u00fclsen speziell f\u00fcr 40-mm-Granaten. Unsere H\u00fclsen zeichnen sich durch Langlebigkeit, Pr\u00e4zision und Zuverl\u00e4ssigkeit aus und gew\u00e4hrleisten optimale Leistung in anspruchsvollen milit\u00e4rischen und Verteidigungsanwendungen. Entdecken Sie unser vielf\u00e4ltiges Sortiment an 40-mm-Granatenh\u00fclsen und finden Sie die passende L\u00f6sung f\u00fcr Ihre Bed\u00fcrfnisse.<\/p>\t\t\t\t\t\t\t\t<\/div>\n\t\t\t\t<\/div>\n\t\t\t\t<div class=\"elementor-element elementor-element-7dcd78d e-n-tabs-mobile elementor-widget elementor-widget-n-tabs\" data-id=\"7dcd78d\" data-element_type=\"widget\" data-widget_type=\"nested-tabs.default\">\n\t\t\t\t\t\t\t<div class=\"e-n-tabs\" data-widget-number=\"131913613\" aria-label=\"Registerkarten. Elemente mit der Eingabetaste oder der Leertaste \u00f6ffnen, mit der Escape-Taste schlie\u00dfen und mit den Pfeiltasten navigieren.\">\n\t\t\t<div class=\"e-n-tabs-heading\" role=\"tablist\">\n\t\t\t\t\t<button id=\"e-n-tab-title-1319136131\" data-tab-title-id=\"e-n-tab-title-1319136131\" class=\"e-n-tab-title\" aria-selected=\"true\" data-tab-index=\"1\" role=\"tab\" tabindex=\"0\" aria-controls=\"e-n-tab-content-1319136131\" style=\"--n-tabs-title-order: 1;\">\n\t\t\t\t\t\t<span class=\"e-n-tab-title-text\">\n\t\t\t\t40\u00d746mm LV Geh\u00e4use\t\t\t<\/span>\n\t\t<\/button>\n\t\t\t\t<button id=\"e-n-tab-title-1319136132\" data-tab-title-id=\"e-n-tab-title-1319136132\" class=\"e-n-tab-title\" aria-selected=\"false\" data-tab-index=\"2\" role=\"tab\" tabindex=\"-1\" aria-controls=\"e-n-tab-content-1319136132\" style=\"--n-tabs-title-order: 2;\">\n\t\t\t\t\t\t<span class=\"e-n-tab-title-text\">\n\t\t\t\t40\u00d751mm MV-Geh\u00e4use\t\t\t<\/span>\n\t\t<\/button>\n\t\t\t\t<button id=\"e-n-tab-title-1319136133\" data-tab-title-id=\"e-n-tab-title-1319136133\" class=\"e-n-tab-title\" aria-selected=\"false\" data-tab-index=\"3\" role=\"tab\" tabindex=\"-1\" aria-controls=\"e-n-tab-content-1319136133\" style=\"--n-tabs-title-order: 3;\">\n\t\t\t\t\t\t<span class=\"e-n-tab-title-text\">\n\t\t\t\t40\u00d753mm HV-Geh\u00e4use\t\t\t<\/span>\n\t\t<\/button>\n\t\t\t\t\t<\/div>\n\t\t\t<div class=\"e-n-tabs-content\">\n\t\t\t\t<div id=\"e-n-tab-content-1319136131\" role=\"tabpanel\" aria-labelledby=\"e-n-tab-title-1319136131\" data-tab-index=\"1\" style=\"--n-tabs-title-order: 1;\" class=\"e-active elementor-element elementor-element-cd0b8f4 e-con-full e-flex e-con e-child\" data-id=\"cd0b8f4\" data-element_type=\"container\">\n\t\t\t\t<div class=\"elementor-element elementor-element-10d9712 elementor-widget elementor-widget-image\" data-id=\"10d9712\" data-element_type=\"widget\" data-widget_type=\"image.default\">\n\t\t\t\t\t\t\t\t\t\t\t\t\t\t\t<img decoding=\"async\" width=\"1200\" height=\"675\" src=\"https:\/\/www.cnshining.com\/wp-content\/uploads\/2025\/10\/Aluminum-Cartridge-for-40mm-Grenade-Shell-2.webp\" class=\"attachment-large size-large wp-image-30699\" alt=\"Aluminiumpatrone f\u00fcr 40-mm-Granatenh\u00fclse\" title=\"\">\t\t\t\t\t\t\t\t\t\t\t\t\t\t\t<\/div>\n\t\t\t\t<div class=\"elementor-element elementor-element-ac402ee truncate-text elementor-widget elementor-widget-text-editor\" data-id=\"ac402ee\" data-element_type=\"widget\" data-widget_type=\"text-editor.default\">\n\t\t\t\t\t\t\t\t\t<p>Unsere 40\u00d746 mm LV-Aluminiumh\u00fclsen sind f\u00fcr Handgranaten mit niedriger M\u00fcndungsgeschwindigkeit konzipiert. Sie zeichnen sich durch au\u00dfergew\u00f6hnliche Festigkeit und Langlebigkeit aus und eignen sich daher ideal f\u00fcr diverse taktische Eins\u00e4tze und Trainingsszenarien. Dank ihrer Pr\u00e4zision und hohen Qualit\u00e4t gew\u00e4hrleisten diese H\u00fclsen sichere Handhabung und gleichbleibende Leistung.<\/p>\t\t\t\t\t\t\t\t<\/div>\n\t\t\t\t<\/div>\n\t\t<div id=\"e-n-tab-content-1319136132\" role=\"tabpanel\" aria-labelledby=\"e-n-tab-title-1319136132\" data-tab-index=\"2\" style=\"--n-tabs-title-order: 2;\" class=\"elementor-element elementor-element-0f7260d e-con-full e-flex e-con e-child\" data-id=\"0f7260d\" data-element_type=\"container\">\n\t\t<div class=\"elementor-element elementor-element-e150b88 e-flex e-con-boxed e-con e-child\" data-id=\"e150b88\" data-element_type=\"container\">\n\t\t\t\t\t<div class=\"e-con-inner\">\n\t\t\t\t<div class=\"elementor-element elementor-element-7335a07 elementor-widget elementor-widget-image\" data-id=\"7335a07\" data-element_type=\"widget\" data-widget_type=\"image.default\">\n\t\t\t\t\t\t\t\t\t\t\t\t\t\t\t<img decoding=\"async\" width=\"1200\" height=\"675\" src=\"https:\/\/www.cnshining.com\/wp-content\/uploads\/2025\/10\/Aluminum-Cartridge-for-40mm-Grenade-Shell-3.webp\" class=\"attachment-large size-large wp-image-30700\" alt=\"Aluminiumpatrone f\u00fcr 40-mm-Granatenh\u00fclse\" title=\"\">\t\t\t\t\t\t\t\t\t\t\t\t\t\t\t<\/div>\n\t\t\t\t<div class=\"elementor-element elementor-element-84edf2d truncate-text elementor-widget elementor-widget-text-editor\" data-id=\"84edf2d\" data-element_type=\"widget\" data-widget_type=\"text-editor.default\">\n\t\t\t\t\t\t\t\t\t<p>F\u00fcr Anwendungen mit mittleren Geschwindigkeiten bieten unsere 40\u00d751 mm gro\u00dfen MV-Aluminiumgeh\u00e4use verbesserte Leistung und Zuverl\u00e4ssigkeit. Sie sind so konstruiert, dass sie h\u00f6heren Dr\u00fccken und St\u00f6\u00dfen standhalten und eignen sich perfekt f\u00fcr eine Vielzahl von Einsatzanforderungen. Unser sorgf\u00e4ltiger Fertigungsprozess garantiert h\u00f6chste Qualit\u00e4t und Langlebigkeit.<\/p>\t\t\t\t\t\t\t\t<\/div>\n\t\t\t\t\t<\/div>\n\t\t\t\t<\/div>\n\t\t\t\t<\/div>\n\t\t<div id=\"e-n-tab-content-1319136133\" role=\"tabpanel\" aria-labelledby=\"e-n-tab-title-1319136133\" data-tab-index=\"3\" style=\"--n-tabs-title-order: 3;\" class=\"elementor-element elementor-element-98003fd e-con-full e-flex e-con e-child\" data-id=\"98003fd\" data-element_type=\"container\">\n\t\t<div class=\"elementor-element elementor-element-0201438 e-flex e-con-boxed e-con e-child\" data-id=\"0201438\" data-element_type=\"container\">\n\t\t\t\t\t<div class=\"e-con-inner\">\n\t\t\t\t<div class=\"elementor-element elementor-element-b3d9cac elementor-widget elementor-widget-image\" data-id=\"b3d9cac\" data-element_type=\"widget\" data-widget_type=\"image.default\">\n\t\t\t\t\t\t\t\t\t\t\t\t\t\t\t<img loading=\"lazy\" decoding=\"async\" width=\"1200\" height=\"675\" src=\"https:\/\/www.cnshining.com\/wp-content\/uploads\/2025\/10\/Aluminum-Cartridge-for-40mm-Grenade-Shell-4.webp\" class=\"attachment-large size-large wp-image-30701\" alt=\"Aluminiumpatrone f\u00fcr 40-mm-Granatenh\u00fclse\" title=\"\">\t\t\t\t\t\t\t\t\t\t\t\t\t\t\t<\/div>\n\t\t\t\t<div class=\"elementor-element elementor-element-94c8321 truncate-text elementor-widget elementor-widget-text-editor\" data-id=\"94c8321\" data-element_type=\"widget\" data-widget_type=\"text-editor.default\">\n\t\t\t\t\t\t\t\t\t<p>Die 40\u00d753 mm HV-Aluminiumgeh\u00e4use sind speziell f\u00fcr Hochgeschwindigkeitsgranaten gefertigt und zeichnen sich durch ihre robuste Konstruktion aus, die auch extremen Bedingungen standh\u00e4lt. Diese Geh\u00e4use sind f\u00fcr den Hochleistungseinsatz konzipiert und gew\u00e4hrleisten zuverl\u00e4ssige Funktion und Sicherheit in kritischen Situationen. Vertrauen Sie auf unsere Expertise \u2013 wir liefern Produkte h\u00f6chster Qualit\u00e4t.<\/p>\t\t\t\t\t\t\t\t<\/div>\n\t\t\t\t\t<\/div>\n\t\t\t\t<\/div>\n\t\t\t\t<\/div>\n\t\t\t\t\t<\/div>\n\t\t<\/div>\n\t\t\t\t\t\t<\/div>\n\t\t<div class=\"elementor-element elementor-element-dfd1f95 e-con-full e-flex e-con e-child\" data-id=\"dfd1f95\" data-element_type=\"container\">\n\t\t\t\t<div class=\"elementor-element elementor-element-bb72886 truncate-text elementor-widget elementor-widget-text-editor\" data-id=\"bb72886\" data-element_type=\"widget\" id=\"truncate-text\" data-widget_type=\"text-editor.default\">\n\t\t\t\t\t\t\t\t\t<p>Wenn Sie hochwertige Komponenten f\u00fcr 40-mm-Granatenh\u00fclsen suchen, sind Sie bei uns genau richtig. Als etablierter Hersteller sind wir auf die Produktion spezialisiert. <strong>40-mm-Granaten<\/strong> Hergestellt aus robustem Aluminium. Obwohl wir keine kompletten 40-mm-Granaten produzieren, sind unsere pr\u00e4zisionsgefertigten Aluminiumgeh\u00e4use unerl\u00e4sslich f\u00fcr den Bau von allem, was dazugeh\u00f6rt. <strong>40-mm-Granaten<\/strong> Zu <strong>40-mm-Schrotpatronen<\/strong> Und <strong>40-mm-Rauchgranaten<\/strong>.<\/p>\n<p><!-- \/wp:paragraph --><!-- wp:paragraph --><\/p>\t\t\t\t\t\t\t\t<\/div>\n\t\t\t\t<div class=\"elementor-element elementor-element-2f58e0b truncate-text elementor-widget elementor-widget-text-editor\" data-id=\"2f58e0b\" data-element_type=\"widget\" data-widget_type=\"text-editor.default\">\n\t\t\t\t\t\t\t\t\t<p>Unser <strong>40-mm-Patronenh\u00fclsen<\/strong> Sie werden mit gr\u00f6\u00dfter Sorgfalt und Liebe zum Detail gefertigt, um die hohen Branchenstandards zu erf\u00fcllen. Diese H\u00fclsen eignen sich f\u00fcr vielf\u00e4ltige Anwendungen, darunter \u00dcbungsmunition, milit\u00e4rische Ger\u00e4te und sogar individuelle Airsoft-Projekte. <strong>40-mm-Airsoftgranaten<\/strong>. Wenn Sie an der Herstellung von 40-mm-Munition beteiligt sind, bieten unsere H\u00fclsen die perfekte Grundlage.<\/p>\n<p><!-- \/wp:paragraph --><!-- wp:paragraph --><\/p>\n<p><!-- \/wp:paragraph --><!-- wp:paragraph --><\/p>\t\t\t\t\t\t\t\t<\/div>\n\t\t\t\t<div class=\"elementor-element elementor-element-dc49f6a truncate-text elementor-widget elementor-widget-text-editor\" data-id=\"dc49f6a\" data-element_type=\"widget\" data-widget_type=\"text-editor.default\">\n\t\t\t\t\t\t\t\t\t<p>Wir bieten eine Reihe von Optionen an f\u00fcr <strong>40-mm-Granatentypen<\/strong>, So k\u00f6nnen Sie Ihr Produkt an Ihre spezifischen Bed\u00fcrfnisse anpassen. Egal ob Sie \u00dcbungsmunition, nicht-t\u00f6dliche Projektile oder Spezialausr\u00fcstung herstellen m\u00f6chten, unser Angebot bietet Ihnen die passende L\u00f6sung. <strong>40-mm-Aluminiumgeh\u00e4use<\/strong> Wir bieten Ihnen die Flexibilit\u00e4t und Langlebigkeit, die Sie ben\u00f6tigen. Wir handeln jedoch nicht mit komplett montierten Produkten. <strong>40-mm-Granaten zu verkaufen<\/strong>, Unsere Komponenten sind bei Fachleuten gefragt, die die Bedeutung von Qualit\u00e4t in jedem Teil des Herstellungsprozesses verstehen.<\/p>\n<p><!-- \/wp:paragraph --><!-- wp:paragraph --><\/p>\n<p><!-- \/wp:paragraph --><!-- wp:paragraph --><\/p>\n<p><!-- \/wp:paragraph --><!-- wp:paragraph --><\/p>\t\t\t\t\t\t\t\t<\/div>\n\t\t\t\t<div class=\"elementor-element elementor-element-20954a4 truncate-text elementor-widget elementor-widget-text-editor\" data-id=\"20954a4\" data-element_type=\"widget\" data-widget_type=\"text-editor.default\">\n\t\t\t\t\t\t\t\t\t<p>Indem man sich ausschlie\u00dflich auf <strong>40-mm-Geh\u00e4use<\/strong> Dank unserer Fertigungstechnologie k\u00f6nnen wir ein hohes Ma\u00df an Pr\u00e4zision und Zuverl\u00e4ssigkeit gew\u00e4hrleisten. Wenn Sie Ihren Fertigungsprozess mit erstklassigen Komponenten optimieren m\u00f6chten, sind Sie bei uns genau richtig. <strong>40-mm-H\u00fclse<\/strong> Unsere Produkte sind so konzipiert, dass sie den h\u00f6chsten Branchenstandards entsprechen.<\/p>\n<p><!-- \/wp:paragraph --><!-- wp:paragraph --><\/p>\n<p><!-- \/wp:paragraph --><!-- wp:paragraph --><\/p>\n<p><!-- \/wp:paragraph --><!-- wp:paragraph --><\/p>\n<p><!-- \/wp:paragraph --><!-- wp:paragraph --><\/p>\t\t\t\t\t\t\t\t<\/div>\n\t\t\t\t<div class=\"elementor-element elementor-element-6f4e48a truncate-text elementor-widget elementor-widget-text-editor\" data-id=\"6f4e48a\" data-element_type=\"widget\" data-widget_type=\"text-editor.default\">\n\t\t\t\t\t\t\t\t\t<p>Unsere Aluminiumgeh\u00e4use sind mit verschiedenen Munitionstypen kompatibel, von <strong>40-mm-Granaten<\/strong> Zu <strong>40-mm-Rauchgranaten<\/strong> und vieles mehr. Egal ob Sie Geh\u00e4use f\u00fcr zivile, milit\u00e4rische oder Airsoft-Zwecke ben\u00f6tigen, wir k\u00f6nnen Ihre Produktionsanforderungen erf\u00fcllen. Wenn Sie auf der Suche nach langlebigen und zuverl\u00e4ssigen Geh\u00e4usen sind, sind Sie bei uns genau richtig. <strong>40-mm-Aluminiumgeh\u00e4use<\/strong>, Sie brauchen nicht weiter zu suchen.<\/p>\n<p><!-- \/wp:paragraph --><!-- wp:paragraph --><\/p>\n<p><!-- \/wp:paragraph --><!-- wp:paragraph --><\/p>\n<p><!-- \/wp:paragraph --><!-- wp:paragraph --><\/p>\n<p><!-- \/wp:paragraph --><!-- wp:paragraph --><\/p>\t\t\t\t\t\t\t\t<\/div>\n\t\t\t\t<div class=\"elementor-element elementor-element-f9896d3 elementor-widget elementor-widget-text-editor\" data-id=\"f9896d3\" data-element_type=\"widget\" data-widget_type=\"text-editor.default\">\n\t\t\t\t\t\t\t\t\t<div class=\"wp-block-group\">\n<div class=\"wp-block-group__inner-container\"><a title=\"\" href=\"https:\/\/www.cnshining.com\/de\/kontakt\/\" target=\"_blank\" rel=\"noopener nofollow noreferrer\">Kontaktieren Sie uns<\/a> Kontaktieren Sie uns noch heute, um mehr dar\u00fcber zu erfahren, wie unsere Produkte Ihre Fertigungsanforderungen unterst\u00fctzen und Ihre 40-mm-Munition auf die n\u00e4chste Stufe heben k\u00f6nnen.<\/div>\n<\/div>\t\t\t\t\t\t\t\t<\/div>\n\t\t\t\t<\/div>\n\t\t\t\t\t<\/div>\n\t\t\t\t<\/div>\n\t\t\t\t<\/div>","protected":false},"excerpt":{"rendered":"<p>Leere 40-mm-Aluminiumh\u00fclsen zum Nachladen von Rauch-, weniger t\u00f6dlichen und \u00dcbungsgranaten. Oxidierte Oberfl\u00e4che, individuelle Wandst\u00e4rke und H\u00f6he. Mindestbestellmenge 10.000 St\u00fcck. OEM-Lieferant.<\/p>","protected":false},"author":1,"featured_media":30698,"parent":0,"menu_order":0,"comment_status":"closed","ping_status":"closed","template":"","meta":{"footnotes":""},"class_list":["post-16708","page","type-page","status-publish","has-post-thumbnail","hentry"],"_links":{"self":[{"href":"https:\/\/www.cnshining.com\/de\/wp-json\/wp\/v2\/pages\/16708","targetHints":{"allow":["GET"]}}],"collection":[{"href":"https:\/\/www.cnshining.com\/de\/wp-json\/wp\/v2\/pages"}],"about":[{"href":"https:\/\/www.cnshining.com\/de\/wp-json\/wp\/v2\/types\/page"}],"author":[{"embeddable":true,"href":"https:\/\/www.cnshining.com\/de\/wp-json\/wp\/v2\/users\/1"}],"replies":[{"embeddable":true,"href":"https:\/\/www.cnshining.com\/de\/wp-json\/wp\/v2\/comments?post=16708"}],"version-history":[{"count":0,"href":"https:\/\/www.cnshining.com\/de\/wp-json\/wp\/v2\/pages\/16708\/revisions"}],"wp:featuredmedia":[{"embeddable":true,"href":"https:\/\/www.cnshining.com\/de\/wp-json\/wp\/v2\/media\/30698"}],"wp:attachment":[{"href":"https:\/\/www.cnshining.com\/de\/wp-json\/wp\/v2\/media?parent=16708"}],"curies":[{"name":"wp","href":"https:\/\/api.w.org\/{rel}","templated":true}]}}