{"id":29145,"date":"2025-09-09T09:14:34","date_gmt":"2025-09-09T09:14:34","guid":{"rendered":"https:\/\/www.cnshining.com\/?page_id=29145"},"modified":"2025-12-26T05:07:39","modified_gmt":"2025-12-26T05:07:39","slug":"nicht-todliche-patrone","status":"publish","type":"page","link":"https:\/\/www.cnshining.com\/de\/nicht-todliche-patrone","title":{"rendered":"Aluminiumpatrone f\u00fcr nicht-t\u00f6dliche Anwendungen und Verteidigung"},"content":{"rendered":"<div data-elementor-type=\"wp-page\" data-elementor-id=\"29145\" class=\"elementor elementor-29145\" data-elementor-post-type=\"page\">\n\t\t\t\t<div class=\"elementor-element elementor-element-1b14bb36 e-flex e-con-boxed e-con e-parent\" data-id=\"1b14bb36\" data-element_type=\"container\" data-settings=\"{&quot;background_background&quot;:&quot;classic&quot;}\">\n\t\t\t\t\t<div class=\"e-con-inner\">\n\t\t\t\t<div class=\"elementor-element elementor-element-78e7e049 elementor-icon-list--layout-inline elementor-align-center elementor-list-item-link-full_width elementor-widget elementor-widget-icon-list\" data-id=\"78e7e049\" data-element_type=\"widget\" data-widget_type=\"icon-list.default\">\n\t\t\t\t\t\t\t<ul class=\"elementor-icon-list-items elementor-inline-items\">\n\t\t\t\t\t\t\t<li class=\"elementor-icon-list-item elementor-inline-item\">\n\t\t\t\t\t\t\t\t\t\t\t<a href=\"https:\/\/www.cnshining.com\/de\" target=\"_blank\">\n\n\t\t\t\t\t\t\t\t\t\t\t\t<span class=\"elementor-icon-list-icon\">\n\t\t\t\t\t\t\t<svg aria-hidden=\"true\" class=\"e-font-icon-svg e-fas-home\" viewbox=\"0 0 576 512\" xmlns=\"http:\/\/www.w3.org\/2000\/svg\"><path d=\"M280.37 148.26L96 300.11V464a16 16 0 0 0 16 16l112.06-.29a16 16 0 0 0 15.92-16V368a16 16 0 0 1 16-16h64a16 16 0 0 1 16 16v95.64a16 16 0 0 0 16 16.05L464 480a16 16 0 0 0 16-16V300L295.67 148.26a12.19 12.19 0 0 0-15.3 0zM571.6 251.47L488 182.56V44.05a12 12 0 0 0-12-12h-56a12 12 0 0 0-12 12v72.61L318.47 43a48 48 0 0 0-61 0L4.34 251.47a12 12 0 0 0-1.6 16.9l25.5 31A12 12 0 0 0 45.15 301l235.22-193.74a12.19 12.19 0 0 1 15.3 0L530.9 301a12 12 0 0 0 16.9-1.6l25.5-31a12 12 0 0 0-1.7-16.93z\"><\/path><\/svg>\t\t\t\t\t\t<\/span>\n\t\t\t\t\t\t\t\t\t\t<span class=\"elementor-icon-list-text\">Heim \/<\/span>\n\t\t\t\t\t\t\t\t\t\t\t<\/a>\n\t\t\t\t\t\t\t\t\t<\/li>\n\t\t\t\t\t\t<\/ul>\n\t\t\t\t\t\t<\/div>\n\t\t\t\t\t<\/div>\n\t\t\t\t<\/div>\n\t\t<div class=\"elementor-element elementor-element-153950f e-flex e-con-boxed e-con e-parent\" data-id=\"153950f\" data-element_type=\"container\">\n\t\t\t\t\t<div class=\"e-con-inner\">\n\t\t<div class=\"elementor-element elementor-element-15ad32e e-con-full e-flex e-con e-child\" data-id=\"15ad32e\" data-element_type=\"container\">\n\t\t<div class=\"elementor-element elementor-element-8dad211 e-con-full e-flex e-con e-child\" data-id=\"8dad211\" data-element_type=\"container\">\n\t\t<div class=\"elementor-element elementor-element-8ca8122 e-con-full e-flex e-con e-child\" data-id=\"8ca8122\" data-element_type=\"container\">\n\t\t\t\t<div class=\"elementor-element elementor-element-944e207 elementor-widget elementor-widget-heading\" data-id=\"944e207\" data-element_type=\"widget\" data-widget_type=\"heading.default\">\n\t\t\t\t\t<h2 class=\"elementor-heading-title elementor-size-default\">Aluminiumpatrone f\u00fcr nicht-t\u00f6dliche Anwendungen und Verteidigung<\/h2>\t\t\t\t<\/div>\n\t\t\t\t<\/div>\n\t\t<div class=\"elementor-element elementor-element-5baf03f e-con-full e-flex e-con e-child\" data-id=\"5baf03f\" data-element_type=\"container\">\n\t\t\t\t<div class=\"elementor-element elementor-element-0cdee16 elementor-widget elementor-widget-text-editor\" data-id=\"0cdee16\" data-element_type=\"widget\" data-widget_type=\"text-editor.default\">\n\t\t\t\t\t\t\t\t\t<p><strong>Gl\u00e4nzende Verpackung<\/strong> ist ein professioneller Hersteller, der sich spezialisiert hat auf <strong>Pr\u00e4zisionsgefertigte leere Aluminiumgeh\u00e4use<\/strong> f\u00fcr nicht-t\u00f6dliche Systeme, Ausbildungs-, Signal- und Verteidigungssysteme. <strong>Alle Produkte werden unbeladen geliefert, ohne Z\u00fcndh\u00fctchen, Treibmittel oder pyrotechnische Zusammensetzung \u2013 es handelt sich ausschlie\u00dflich um reine Aluminiumkomponenten.<\/strong><\/p><h2>Unser Produktsortiment<\/h2><ul><li>26,5 mm \u2013 40 mm leere Leucht- und Signalpatronenh\u00fclsen (Fallschirm, Rakete, Mehrstern)<\/li><li>37 \/ 38 \/ 40 mm leere H\u00fclsen f\u00fcr weniger t\u00f6dliche und Rauchgranaten (CS, Gummi, Schlagstock, Sprenggranate, Ablenkungsgranate)<\/li><li>60\/66 mm leere Rauch- und \u00dcbungsgranatenh\u00fclsen<\/li><li>16\u201338 mm leere T\u00e4uschk\u00f6rper- und IR-Leuchtpatronenh\u00fclsen f\u00fcr Flugzeuge\u00a0<\/li><li>40 mm &amp; 60 mm leere Filtergeh\u00e4use\u00a0<\/li><li>7\u20137,5 mm leere industrielle Z\u00fcnd- und Sprengkapselh\u00fclsen (Bergbau &amp; \u00d6l- und Gasindustrie)<\/li><li>Ma\u00dfgefertigte Salut-, Aufstandsbek\u00e4mpfungs-, Start- und spezielle leere Aluminiumk\u00f6rper<\/li><\/ul><h2>Technische F\u00e4higkeiten<\/h2><p>Hergestellt aus <strong>Aluminium 6061 \/ 6063 \/ 5052<\/strong> CNC-Pr\u00e4zision, Toleranz \u00b10,03 mm, Anodisierung, Oxidation und einfarbiger Druck m\u00f6glich. Mindestbestellmenge 5.000\u2013200.000 St\u00fcck, Abmessungen, Gewinde und Oberfl\u00e4chenbeschaffenheit individuell anpassbar.<\/p><p>Seit \u00fcber 20 Jahren vertrauen Strafverfolgungsbeh\u00f6rden, Ausbildungseinrichtungen und OEM-Hersteller weltweit auf uns.<\/p><p><a href=\"https:\/\/www.cnshining.com\/de\/kontakt\/\" target=\"_blank\" rel=\"noopener\" data-wplink-edit=\"true\"><strong>Kontaktieren Sie uns noch heute.<\/strong><\/a> f\u00fcr Katalog, technische Zeichnungen und Angebot.<\/p>\t\t\t\t\t\t\t\t<\/div>\n\t\t\t\t<\/div>\n\t\t\t\t<\/div>\n\t\t\t\t<\/div>\n\t\t\t\t\t<\/div>\n\t\t\t\t<\/div>\n\t\t<div class=\"elementor-element elementor-element-0823494 e-flex e-con-boxed e-con e-parent\" data-id=\"0823494\" data-element_type=\"container\" data-settings=\"{&quot;background_background&quot;:&quot;classic&quot;}\">\n\t\t\t\t\t<div class=\"e-con-inner\">\n\t\t<div class=\"elementor-element elementor-element-08cee02 e-con-full e-flex e-con e-child\" data-id=\"08cee02\" data-element_type=\"container\">\n\t\t<a class=\"elementor-element elementor-element-9904973 e-con-full e-flex e-con e-child\" data-id=\"9904973\" data-element_type=\"container\" href=\"https:\/\/www.cnshining.com\/de\/37mm-aluminium-tonabnehmer-adapter\/\" target=\"_blank\" rel=\"nofollow\">\n\t\t\t\t<div class=\"elementor-element elementor-element-869ede2 img elementor-cta--skin-classic elementor-animated-content elementor-bg-transform elementor-bg-transform-zoom-in elementor-widget elementor-widget-call-to-action\" data-id=\"869ede2\" data-element_type=\"widget\" data-widget_type=\"call-to-action.default\">\n\t\t\t\t\t\t\t<div class=\"elementor-cta\">\n\t\t\t\t\t<div class=\"elementor-cta__bg-wrapper\">\n\t\t\t\t<div class=\"elementor-cta__bg elementor-bg\" style=\"background-image: url(https:\/\/www.cnshining.com\/wp-content\/uploads\/elementor\/thumbs\/37mm-Aluminium-Cartridge-adapter-1-rgf68tiputztz1ertzzs23yk10li2zrfg64dj4b2l0.webp);\" role=\"img\" aria-label=\"37-mm-Aluminium-Tonabnehmeradapter\"><\/div>\n\t\t\t\t<div class=\"elementor-cta__bg-overlay\"><\/div>\n\t\t\t<\/div>\n\t\t\t\t\t\t\t\t<\/div>\n\t\t\t\t\t\t<\/div>\n\t\t\t\t<div class=\"elementor-element elementor-element-50b13e9 elementor-widget elementor-widget-heading\" data-id=\"50b13e9\" data-element_type=\"widget\" data-widget_type=\"heading.default\">\n\t\t\t\t\t<h2 class=\"elementor-heading-title elementor-size-default\">37-mm-Aluminium-Tonabnehmeradapter<\/h2>\t\t\t\t<\/div>\n\t\t\t\t<\/a>\n\t\t<a class=\"elementor-element elementor-element-dc87832 e-con-full e-flex e-con e-child\" data-id=\"dc87832\" data-element_type=\"container\" href=\"https:\/\/www.cnshining.com\/de\/aluminiumkartusche-fur-26-5mm-fackeln\/\" target=\"_blank\" rel=\"nofollow\">\n\t\t\t\t<div class=\"elementor-element elementor-element-5226141 img elementor-cta--skin-classic elementor-animated-content elementor-bg-transform elementor-bg-transform-zoom-in elementor-widget elementor-widget-call-to-action\" data-id=\"5226141\" data-element_type=\"widget\" data-widget_type=\"call-to-action.default\">\n\t\t\t\t\t\t\t<div class=\"elementor-cta\">\n\t\t\t\t\t<div class=\"elementor-cta__bg-wrapper\">\n\t\t\t\t<div class=\"elementor-cta__bg elementor-bg\" style=\"background-image: url(https:\/\/www.cnshining.com\/wp-content\/uploads\/elementor\/thumbs\/Aluminium-Cartridge-For-26.5mm-Flares-3-rgf68z5qzu7jwp6kx2fjh2jblbtpd6dtgy1aes2pjo.webp);\" role=\"img\" aria-label=\"Aluminiumpatrone f\u00fcr 26,5-mm-B\u00f6rdelungen\"><\/div>\n\t\t\t\t<div class=\"elementor-cta__bg-overlay\"><\/div>\n\t\t\t<\/div>\n\t\t\t\t\t\t\t\t<\/div>\n\t\t\t\t\t\t<\/div>\n\t\t\t\t<div class=\"elementor-element elementor-element-702319f elementor-widget elementor-widget-heading\" data-id=\"702319f\" data-element_type=\"widget\" data-widget_type=\"heading.default\">\n\t\t\t\t\t<h2 class=\"elementor-heading-title elementor-size-default\">26,5-mm-Aluminium-Tonabnehmer<\/h2>\t\t\t\t<\/div>\n\t\t\t\t<\/a>\n\t\t<a class=\"elementor-element elementor-element-487fd93 e-con-full e-flex e-con e-child\" data-id=\"487fd93\" data-element_type=\"container\" href=\"https:\/\/www.cnshining.com\/de\/aluminium-37-38-40mm-cs-kartusche\/\" target=\"_blank\" rel=\"nofollow\">\n\t\t\t\t<div class=\"elementor-element elementor-element-e34c0ff img elementor-cta--skin-classic elementor-animated-content elementor-bg-transform elementor-bg-transform-zoom-in elementor-widget elementor-widget-call-to-action\" data-id=\"e34c0ff\" data-element_type=\"widget\" data-widget_type=\"call-to-action.default\">\n\t\t\t\t\t\t\t<div class=\"elementor-cta\">\n\t\t\t\t\t<div class=\"elementor-cta__bg-wrapper\">\n\t\t\t\t<div class=\"elementor-cta__bg elementor-bg\" style=\"background-image: url(https:\/\/www.cnshining.com\/wp-content\/uploads\/2025\/11\/Aluminum-373840mm-CS-Cartridge.webp);\" role=\"img\" aria-label=\"Aluminium 37\/38\/40mm CS-Kartusche\"><\/div>\n\t\t\t\t<div class=\"elementor-cta__bg-overlay\"><\/div>\n\t\t\t<\/div>\n\t\t\t\t\t\t\t\t<\/div>\n\t\t\t\t\t\t<\/div>\n\t\t\t\t<div class=\"elementor-element elementor-element-e074ae9 elementor-widget elementor-widget-heading\" data-id=\"e074ae9\" data-element_type=\"widget\" data-widget_type=\"heading.default\">\n\t\t\t\t\t<h2 class=\"elementor-heading-title elementor-size-default\">Aluminium-Kartusche 37\/38\/40 mm<\/h2>\t\t\t\t<\/div>\n\t\t\t\t<\/a>\n\t\t<a class=\"elementor-element elementor-element-de384db e-con-full e-flex e-con e-child\" data-id=\"de384db\" data-element_type=\"container\" href=\"https:\/\/www.cnshining.com\/de\/aluminium-patrone-fur-flugzeug-militar-spreu\/\" target=\"_blank\" rel=\"nofollow\">\n\t\t\t\t<div class=\"elementor-element elementor-element-155dfa5 img elementor-cta--skin-classic elementor-animated-content elementor-bg-transform elementor-bg-transform-zoom-in elementor-widget elementor-widget-call-to-action\" data-id=\"155dfa5\" data-element_type=\"widget\" data-widget_type=\"call-to-action.default\">\n\t\t\t\t\t\t\t<div class=\"elementor-cta\">\n\t\t\t\t\t<div class=\"elementor-cta__bg-wrapper\">\n\t\t\t\t<div class=\"elementor-cta__bg elementor-bg\" style=\"background-image: url(https:\/\/www.cnshining.com\/wp-content\/uploads\/elementor\/thumbs\/Aluminum-Cartridge-for-Milita-Chaff-2-rf0fkkuqer6lkjtug9v31z72zagbtn5x974scpo6vo.webp);\" role=\"img\" aria-label=\"Aluminiumpatrone f\u00fcr milit\u00e4rische T\u00e4uschk\u00f6rper\"><\/div>\n\t\t\t\t<div class=\"elementor-cta__bg-overlay\"><\/div>\n\t\t\t<\/div>\n\t\t\t\t\t\t\t\t<\/div>\n\t\t\t\t\t\t<\/div>\n\t\t\t\t<div class=\"elementor-element elementor-element-ba34d0e elementor-widget elementor-widget-heading\" data-id=\"ba34d0e\" data-element_type=\"widget\" data-widget_type=\"heading.default\">\n\t\t\t\t\t<h2 class=\"elementor-heading-title elementor-size-default\">Aluminiumpatrone f\u00fcr milit\u00e4rische T\u00e4uschk\u00f6rper<\/h2>\t\t\t\t<\/div>\n\t\t\t\t<\/a>\n\t\t<a class=\"elementor-element elementor-element-895ee84 e-con-full e-flex e-con e-child\" data-id=\"895ee84\" data-element_type=\"container\" href=\"https:\/\/www.cnshining.com\/de\/aluminiumpatrone-fur-rauchgranate\/\" target=\"_blank\" rel=\"nofollow\">\n\t\t\t\t<div class=\"elementor-element elementor-element-f7d9658 img elementor-cta--skin-classic elementor-animated-content elementor-bg-transform elementor-bg-transform-zoom-in elementor-widget elementor-widget-call-to-action\" data-id=\"f7d9658\" data-element_type=\"widget\" data-widget_type=\"call-to-action.default\">\n\t\t\t\t\t\t\t<div class=\"elementor-cta\">\n\t\t\t\t\t<div class=\"elementor-cta__bg-wrapper\">\n\t\t\t\t<div class=\"elementor-cta__bg elementor-bg\" style=\"background-image: url(https:\/\/www.cnshining.com\/wp-content\/uploads\/elementor\/thumbs\/Aluminum-Cartridge-for-Smoke-Grenade-1-rf0ia4jrnspufq4wuft9td16atnmmuf400etah1d5g.webp);\" role=\"img\" aria-label=\"Aluminiumpatrone f\u00fcr Rauchgranate\"><\/div>\n\t\t\t\t<div class=\"elementor-cta__bg-overlay\"><\/div>\n\t\t\t<\/div>\n\t\t\t\t\t\t\t\t<\/div>\n\t\t\t\t\t\t<\/div>\n\t\t\t\t<div class=\"elementor-element elementor-element-f64e611 elementor-widget elementor-widget-heading\" data-id=\"f64e611\" data-element_type=\"widget\" data-widget_type=\"heading.default\">\n\t\t\t\t\t<h2 class=\"elementor-heading-title elementor-size-default\">Aluminiumpatrone f\u00fcr Rauchgranate<\/h2>\t\t\t\t<\/div>\n\t\t\t\t<\/a>\n\t\t<a class=\"elementor-element elementor-element-764084e e-con-full e-flex e-con e-child\" data-id=\"764084e\" data-element_type=\"container\" href=\"https:\/\/www.cnshining.com\/de\/rauchhandgranatenschale\/\" target=\"_blank\" rel=\"nofollow\">\n\t\t\t\t<div class=\"elementor-element elementor-element-36ba9f6 img elementor-cta--skin-classic elementor-animated-content elementor-bg-transform elementor-bg-transform-zoom-in elementor-widget elementor-widget-call-to-action\" data-id=\"36ba9f6\" data-element_type=\"widget\" data-widget_type=\"call-to-action.default\">\n\t\t\t\t\t\t\t<div class=\"elementor-cta\">\n\t\t\t\t\t<div class=\"elementor-cta__bg-wrapper\">\n\t\t\t\t<div class=\"elementor-cta__bg elementor-bg\" style=\"background-image: url(https:\/\/www.cnshining.com\/wp-content\/uploads\/elementor\/thumbs\/Smoke-Hand-Grenade-1-rf0ia2o3a4n9si7n5f00odi941ww7g7nbr3ubx45hw.webp);\" role=\"img\" aria-label=\"Rauchhandgranate\"><\/div>\n\t\t\t\t<div class=\"elementor-cta__bg-overlay\"><\/div>\n\t\t\t<\/div>\n\t\t\t\t\t\t\t\t<\/div>\n\t\t\t\t\t\t<\/div>\n\t\t\t\t<div class=\"elementor-element elementor-element-e0120da elementor-widget elementor-widget-heading\" data-id=\"e0120da\" data-element_type=\"widget\" data-widget_type=\"heading.default\">\n\t\t\t\t\t<h2 class=\"elementor-heading-title elementor-size-default\">Rauchhandgranate<\/h2>\t\t\t\t<\/div>\n\t\t\t\t<\/a>\n\t\t<a class=\"elementor-element elementor-element-f406e09 e-con-full e-flex e-con e-child\" data-id=\"f406e09\" data-element_type=\"container\" href=\"https:\/\/www.cnshining.com\/de\/aluminiumgehause-fur-gasmaskenfilter\/\" target=\"_blank\" rel=\"nofollow\">\n\t\t\t\t<div class=\"elementor-element elementor-element-b7515f4 img elementor-cta--skin-classic elementor-animated-content elementor-bg-transform elementor-bg-transform-zoom-in elementor-widget elementor-widget-call-to-action\" data-id=\"b7515f4\" data-element_type=\"widget\" data-widget_type=\"call-to-action.default\">\n\t\t\t\t\t\t\t<div class=\"elementor-cta\">\n\t\t\t\t\t<div class=\"elementor-cta__bg-wrapper\">\n\t\t\t\t<div class=\"elementor-cta__bg elementor-bg\" style=\"background-image: url(https:\/\/www.cnshining.com\/wp-content\/uploads\/elementor\/thumbs\/Aluminum-Housing-for-Gas-Mask-Filter-1-rf0ia6fg1gsf2y26jgmiyck3hled28mko9ps90ykt0.webp);\" role=\"img\" aria-label=\"Aluminiumgeh\u00e4use f\u00fcr Gasmaskenfilter\"><\/div>\n\t\t\t\t<div class=\"elementor-cta__bg-overlay\"><\/div>\n\t\t\t<\/div>\n\t\t\t\t\t\t\t\t<\/div>\n\t\t\t\t\t\t<\/div>\n\t\t\t\t<div class=\"elementor-element elementor-element-d43d792 elementor-widget elementor-widget-heading\" data-id=\"d43d792\" data-element_type=\"widget\" data-widget_type=\"heading.default\">\n\t\t\t\t\t<h2 class=\"elementor-heading-title elementor-size-default\">Aluminiumgeh\u00e4use f\u00fcr Gasmaskenfilter<\/h2>\t\t\t\t<\/div>\n\t\t\t\t<\/a>\n\t\t<a class=\"elementor-element elementor-element-f24ddd2 e-con-full e-flex e-con e-child\" data-id=\"f24ddd2\" data-element_type=\"container\" href=\"https:\/\/www.cnshining.com\/de\/aluminium-zunder-sprengkapseln-rohrengehause\/\" target=\"_blank\" rel=\"nofollow\">\n\t\t\t\t<div class=\"elementor-element elementor-element-a0ac230 img elementor-cta--skin-classic elementor-animated-content elementor-bg-transform elementor-bg-transform-zoom-in elementor-widget elementor-widget-call-to-action\" data-id=\"a0ac230\" data-element_type=\"widget\" data-widget_type=\"call-to-action.default\">\n\t\t\t\t\t\t\t<div class=\"elementor-cta\">\n\t\t\t\t\t<div class=\"elementor-cta__bg-wrapper\">\n\t\t\t\t<div class=\"elementor-cta__bg elementor-bg\" style=\"background-image: url(https:\/\/www.cnshining.com\/wp-content\/uploads\/elementor\/thumbs\/Aluminum-Detonator-Blasting-Caps-1-rf0ia6fg1gsf2y26jgmiyck3hled28mko9ps90ykt0.webp);\" role=\"img\" aria-label=\"Z\u00fcndkapseln aus Aluminium\"><\/div>\n\t\t\t\t<div class=\"elementor-cta__bg-overlay\"><\/div>\n\t\t\t<\/div>\n\t\t\t\t\t\t\t\t<\/div>\n\t\t\t\t\t\t<\/div>\n\t\t\t\t<div class=\"elementor-element elementor-element-5899901 elementor-widget elementor-widget-heading\" data-id=\"5899901\" data-element_type=\"widget\" data-widget_type=\"heading.default\">\n\t\t\t\t\t<h2 class=\"elementor-heading-title elementor-size-default\">Z\u00fcndkapseln aus Aluminium<\/h2>\t\t\t\t<\/div>\n\t\t\t\t<\/a>\n\t\t\t\t<\/div>\n\t\t\t\t\t<\/div>\n\t\t\t\t<\/div>\n\t\t\t\t<\/div>","protected":false},"excerpt":{"rendered":"<p>Pr\u00e4zisionsgefertigte, leere Aluminium-Patronenh\u00fclsen und -geh\u00e4use f\u00fcr 26,5\u201366 mm Rauch-, Leucht- und St\u00f6rmunition sowie 37\u201340 mm weniger t\u00f6dliche Munition und Z\u00fcnder. Unbeladen, ohne Z\u00fcndh\u00fctchen\/Pulver, Mindestbestellmenge 5.000\u2013200.000 St\u00fcck, kundenspezifischer OEM-Lieferant.<\/p>","protected":false},"author":1,"featured_media":31428,"parent":0,"menu_order":0,"comment_status":"closed","ping_status":"closed","template":"","meta":{"footnotes":""},"class_list":["post-29145","page","type-page","status-publish","has-post-thumbnail","hentry"],"_links":{"self":[{"href":"https:\/\/www.cnshining.com\/de\/wp-json\/wp\/v2\/pages\/29145","targetHints":{"allow":["GET"]}}],"collection":[{"href":"https:\/\/www.cnshining.com\/de\/wp-json\/wp\/v2\/pages"}],"about":[{"href":"https:\/\/www.cnshining.com\/de\/wp-json\/wp\/v2\/types\/page"}],"author":[{"embeddable":true,"href":"https:\/\/www.cnshining.com\/de\/wp-json\/wp\/v2\/users\/1"}],"replies":[{"embeddable":true,"href":"https:\/\/www.cnshining.com\/de\/wp-json\/wp\/v2\/comments?post=29145"}],"version-history":[{"count":0,"href":"https:\/\/www.cnshining.com\/de\/wp-json\/wp\/v2\/pages\/29145\/revisions"}],"wp:featuredmedia":[{"embeddable":true,"href":"https:\/\/www.cnshining.com\/de\/wp-json\/wp\/v2\/media\/31428"}],"wp:attachment":[{"href":"https:\/\/www.cnshining.com\/de\/wp-json\/wp\/v2\/media?parent=29145"}],"curies":[{"name":"wp","href":"https:\/\/api.w.org\/{rel}","templated":true}]}}