{"id":29777,"date":"2025-10-09T06:35:15","date_gmt":"2025-10-09T06:35:15","guid":{"rendered":"https:\/\/www.cnshining.com\/?page_id=29777"},"modified":"2025-12-23T06:59:30","modified_gmt":"2025-12-23T06:59:30","slug":"aluminiumflasche-fur-landwirtschaftsdunger","status":"publish","type":"page","link":"https:\/\/www.cnshining.com\/de\/projekt\/aluminiumflasche-fur-landwirtschaftsdunger","title":{"rendered":"Aluminiumflaschen f\u00fcr Agrochemikalien und D\u00fcngemittel"},"content":{"rendered":"<div data-elementor-type=\"wp-page\" data-elementor-id=\"29777\" class=\"elementor elementor-29777\" data-elementor-post-type=\"page\">\n\t\t\t\t<div class=\"elementor-element elementor-element-794ff14c e-flex e-con-boxed e-con e-parent\" data-id=\"794ff14c\" data-element_type=\"container\" data-settings=\"{&quot;background_background&quot;:&quot;classic&quot;}\">\n\t\t\t\t\t<div class=\"e-con-inner\">\n\t\t\t\t<div class=\"elementor-element elementor-element-586127fa elementor-icon-list--layout-inline elementor-align-center elementor-list-item-link-full_width elementor-widget elementor-widget-icon-list\" data-id=\"586127fa\" data-element_type=\"widget\" data-widget_type=\"icon-list.default\">\n\t\t\t\t\t\t\t<ul class=\"elementor-icon-list-items elementor-inline-items\">\n\t\t\t\t\t\t\t<li class=\"elementor-icon-list-item elementor-inline-item\">\n\t\t\t\t\t\t\t\t\t\t\t<a href=\"https:\/\/www.cnshining.com\/de\" target=\"_blank\">\n\n\t\t\t\t\t\t\t\t\t\t\t\t<span class=\"elementor-icon-list-icon\">\n\t\t\t\t\t\t\t<svg aria-hidden=\"true\" class=\"e-font-icon-svg e-fas-home\" viewbox=\"0 0 576 512\" xmlns=\"http:\/\/www.w3.org\/2000\/svg\"><path d=\"M280.37 148.26L96 300.11V464a16 16 0 0 0 16 16l112.06-.29a16 16 0 0 0 15.92-16V368a16 16 0 0 1 16-16h64a16 16 0 0 1 16 16v95.64a16 16 0 0 0 16 16.05L464 480a16 16 0 0 0 16-16V300L295.67 148.26a12.19 12.19 0 0 0-15.3 0zM571.6 251.47L488 182.56V44.05a12 12 0 0 0-12-12h-56a12 12 0 0 0-12 12v72.61L318.47 43a48 48 0 0 0-61 0L4.34 251.47a12 12 0 0 0-1.6 16.9l25.5 31A12 12 0 0 0 45.15 301l235.22-193.74a12.19 12.19 0 0 1 15.3 0L530.9 301a12 12 0 0 0 16.9-1.6l25.5-31a12 12 0 0 0-1.7-16.93z\"><\/path><\/svg>\t\t\t\t\t\t<\/span>\n\t\t\t\t\t\t\t\t\t\t<span class=\"elementor-icon-list-text\">Heim \/<\/span>\n\t\t\t\t\t\t\t\t\t\t\t<\/a>\n\t\t\t\t\t\t\t\t\t<\/li>\n\t\t\t\t\t\t\t\t<li class=\"elementor-icon-list-item elementor-inline-item\">\n\t\t\t\t\t\t\t\t\t\t\t<a href=\"https:\/\/www.cnshining.com\/de\/aluminium-flaschen-markt\/\" target=\"_blank\">\n\n\t\t\t\t\t\t\t\t\t\t\t<span class=\"elementor-icon-list-text\">Aluminiumflasche \/<\/span>\n\t\t\t\t\t\t\t\t\t\t\t<\/a>\n\t\t\t\t\t\t\t\t\t<\/li>\n\t\t\t\t\t\t<\/ul>\n\t\t\t\t\t\t<\/div>\n\t\t\t\t\t<\/div>\n\t\t\t\t<\/div>\n\t\t<div class=\"elementor-element elementor-element-b81bdfa e-flex e-con-boxed e-con e-parent\" data-id=\"b81bdfa\" data-element_type=\"container\" data-settings=\"{&quot;background_background&quot;:&quot;classic&quot;}\">\n\t\t\t\t\t<div class=\"e-con-inner\">\n\t\t\t\t\t<\/div>\n\t\t\t\t<\/div>\n\t\t<div class=\"elementor-element elementor-element-b7fb217 e-flex e-con-boxed e-con e-parent\" data-id=\"b7fb217\" data-element_type=\"container\">\n\t\t\t\t\t<div class=\"e-con-inner\">\n\t\t\t\t<div class=\"elementor-element elementor-element-c90dbde elementor-widget elementor-widget-image\" data-id=\"c90dbde\" data-element_type=\"widget\" data-widget_type=\"image.default\">\n\t\t\t\t\t\t\t\t\t\t\t\t\t\t\t<img fetchpriority=\"high\" decoding=\"async\" width=\"1000\" height=\"563\" src=\"https:\/\/www.cnshining.com\/wp-content\/uploads\/2025\/10\/Aluminum-Bottle-For-Agriculture-Fertilizer-5.webp\" class=\"attachment-large size-large wp-image-29782\" alt=\"Aluminiumflasche f\u00fcr \u00e4therische \u00d6le\" title=\"\">\t\t\t\t\t\t\t\t\t\t\t\t\t\t\t<\/div>\n\t\t\t\t\t<\/div>\n\t\t\t\t<\/div>\n\t\t<div class=\"elementor-element elementor-element-4b917172 e-flex e-con-boxed e-con e-parent\" data-id=\"4b917172\" data-element_type=\"container\">\n\t\t\t\t\t<div class=\"e-con-inner\">\n\t\t<div class=\"elementor-element elementor-element-3ca76cc9 e-con-full e-flex e-con e-child\" data-id=\"3ca76cc9\" data-element_type=\"container\">\n\t\t\t\t<div class=\"elementor-element elementor-element-abb2afa elementor-widget__width-initial truncate-text elementor-widget elementor-widget-text-editor\" data-id=\"abb2afa\" data-element_type=\"widget\" data-widget_type=\"text-editor.default\">\n\t\t\t\t\t\t\t\t\t<p>Entdecken Sie Shining Packaging als Ihren zuverl\u00e4ssigen Hersteller und Lieferanten von Aluminiumflaschen f\u00fcr die Bereiche Landwirtschaft, D\u00fcngemittel und Chemie. Wir bieten leichte, widerstandsf\u00e4hige und recycelbare L\u00f6sungen.<\/p><h2>Einf\u00fchrung in Aluminiumflaschen<\/h2><p>Wir bei Shining Packaging sind auf die Herstellung und den Vertrieb von hochwertigen Produkten spezialisiert.\u00a0<b>Aluminiumflaschen<\/b>\u00a0Speziell f\u00fcr anspruchsvolle Branchen entwickelt. Als vertrauensw\u00fcrdiger Partner.\u00a0<b>Hersteller<\/b>\u00a0Und\u00a0<b>Anbieter<\/b>, Unsere Produkte zeichnen sich aus durch\u00a0<b>Landwirtschaft<\/b>,\u00a0<b>D\u00fcnger<\/b>, Und\u00a0<b>chemische<\/b>\u00a0Branchen, die zuverl\u00e4ssige Verpackungsl\u00f6sungen anbieten, die strengen Standards entsprechen.<\/p><p>Unser\u00a0<b>Aluminiumflaschen<\/b>\u00a0Sie sind auf Langlebigkeit und Effizienz ausgelegt und eignen sich daher ideal f\u00fcr die Lagerung und den Transport empfindlicher Materialien. Dank unseres Innovationsfokus bieten unsere Flaschen optimalen Schutz und sind gleichzeitig umweltfreundlich.<\/p><h2>Leichte und widerstandsf\u00e4hige Eigenschaften<\/h2><p>Einer der Hauptvorteile unseres\u00a0<b>Aluminiumflaschen<\/b>\u00a0Ihre leichte Konstruktion ist vergleichbar mit Kunststoff, aber weitaus robuster. Hergestellt aus reinem Aluminium, bieten diese Flaschen hervorragenden Schutz vor Gasen und Licht, was von entscheidender Bedeutung ist.\u00a0<b>Landwirtschaft<\/b>\u00a0Und\u00a0<b>chemische<\/b>\u00a0Anwendungen.<\/p><p>F\u00fcr zus\u00e4tzliche\u00a0<b>chemische<\/b>\u00a0Um die Best\u00e4ndigkeit zu gew\u00e4hrleisten, verwenden wir bei Bedarf lebensmittelechte Beschichtungen, damit Ihre Produkte sicher und unversehrt bleiben. Dadurch eignen sich unsere Flaschen perfekt f\u00fcr\u00a0<b>D\u00fcnger<\/b>\u00a0Lagerung, bei der Integrit\u00e4t von gr\u00f6\u00dfter Bedeutung ist.<\/p><h2>\u00dcberragende Dichtigkeit und Benutzerfreundlichkeit<\/h2><p>Die nahtlose Struktur unserer\u00a0<b>Aluminiumflaschen<\/b>\u00a0Gew\u00e4hrleistet au\u00dfergew\u00f6hnliche Dichtheit, verhindert Leckagen und erh\u00e4lt die Produktqualit\u00e4t. Optimierte Dichtfl\u00e4chen und widerstandsf\u00e4hige Auskleidungen verst\u00e4rken diese Eigenschaft und machen sie f\u00fcr den wiederholten Einsatz geeignet.\u00a0<b>Landwirtschaft<\/b>\u00a0Einstellungen.<\/p><p>Dar\u00fcber hinaus erm\u00f6glicht das Vollaluminiumgeh\u00e4use ein einfaches Wiederreinigen und Sterilisieren und f\u00f6rdert so die Hygiene.\u00a0<b>chemische<\/b>\u00a0Und\u00a0<b>D\u00fcnger<\/b>\u00a0Handhabung. Die weite \u00d6ffnung erm\u00f6glicht m\u00fcheloses Ausgie\u00dfen, reduziert Abfall und verbessert die Effizienz in der Landwirtschaft oder im Labor.<\/p><h2>Recyclingf\u00e4higkeit und Nachhaltigkeit<\/h2><p>Als verantwortungsbewusster\u00a0<b>Hersteller<\/b>, Wir legen Wert auf Nachhaltigkeit.\u00a0<b>Aluminiumflaschen<\/b>\u00a0Sie sind gem\u00e4\u00df 100% recycelbar und haben einen hohen Schrottwert, der umweltfreundliche Praktiken f\u00f6rdert. Dies entspricht perfekt den modernen Anforderungen.\u00a0<b>Landwirtschaft<\/b>\u00a0Und\u00a0<b>D\u00fcnger<\/b>\u00a0Branchen, die nach umweltfreundlichen Alternativen suchen.<\/p><p>Ideal f\u00fcr Lagerung und Transport von\u00a0<b>chemische<\/b>\u00a0Diese Flaschen minimieren die Umweltbelastung und maximieren gleichzeitig die Leistung. W\u00e4hlen Sie Shining Packaging als Ihre\u00a0<b>Anbieter<\/b>\u00a0f\u00fcr Verpackungen, die sowohl Ihr Unternehmen als auch den Planeten unterst\u00fctzen.<\/p><h2>Aluminiumflaschen f\u00fcr Landwirtschaft &amp; D\u00fcngemittel<\/h2><p>Shining Packaging zeichnet sich als f\u00fchrender\u00a0<b>Hersteller von Aluminiumflaschen<\/b>\u00a0mit dem Anspruch auf Qualit\u00e4t und Kundenzufriedenheit. Unsere Expertise in\u00a0<b>Landwirtschaft<\/b>,\u00a0<b>D\u00fcnger<\/b>, Und\u00a0<b>chemische<\/b>\u00a0Durch unsere Verpackungsl\u00f6sungen erhalten Sie ma\u00dfgeschneiderte L\u00f6sungen, die Ihre Betriebsabl\u00e4ufe optimieren.<\/p><p>Kontaktieren Sie uns noch heute, um zu erfahren, wie unsere\u00a0<b>Aluminiumflaschen<\/b>\u00a0kann Ihren spezifischen Bed\u00fcrfnissen gerecht werden, von leichten Designs bis hin zu recycelbaren Optionen.<\/p>\t\t\t\t\t\t\t\t<\/div>\n\t\t\t\t<div class=\"elementor-element elementor-element-4147afe elementor-widget elementor-widget-html\" data-id=\"4147afe\" data-element_type=\"widget\" data-widget_type=\"html.default\">\n\t\t\t\t\t<script>\r\ndocument.addEventListener('DOMContentLoaded', function() {\r\n    const button = document.querySelector('.read-more-btn');\r\n    const text = document.querySelector('.truncate-text');\r\n    button.addEventListener('click', function() {\r\n        text.classList.toggle('expanded');\r\n        button.textContent = text.classList.contains('expanded') ? 'Read Less' : 'Reading More';\r\n    });\r\n});\r\n<\/script>\t\t\t\t<\/div>\n\t\t\t\t<\/div>\n\t\t<div class=\"elementor-element elementor-element-ea0ec50 e-con-full e-flex e-con e-child\" data-id=\"ea0ec50\" data-element_type=\"container\">\n\t\t\t\t<div class=\"elementor-element elementor-element-1f8784d elementor-widget__width-initial read-more-btn elementor-widget elementor-widget-button\" data-id=\"1f8784d\" data-element_type=\"widget\" data-widget_type=\"button.default\">\n\t\t\t\t\t\t\t\t\t\t<a class=\"elementor-button elementor-size-sm\" role=\"button\">\n\t\t\t\t\t\t<span class=\"elementor-button-content-wrapper\">\n\t\t\t\t\t\t\t\t\t<span class=\"elementor-button-text\">Weiterlesen<\/span>\n\t\t\t\t\t<\/span>\n\t\t\t\t\t<\/a>\n\t\t\t\t\t\t\t\t<\/div>\n\t\t\t\t<\/div>\n\t\t\t\t\t<\/div>\n\t\t\t\t<\/div>\n\t\t<div class=\"elementor-element elementor-element-35f0612f e-flex e-con-boxed e-con e-parent\" data-id=\"35f0612f\" data-element_type=\"container\" data-settings=\"{&quot;background_background&quot;:&quot;classic&quot;}\">\n\t\t\t\t\t<div class=\"e-con-inner\">\n\t\t<div class=\"elementor-element elementor-element-2bea90ed e-con-full e-flex e-con e-child\" data-id=\"2bea90ed\" data-element_type=\"container\">\n\t\t<div class=\"elementor-element elementor-element-2555aadf e-con-full e-flex e-con e-child\" data-id=\"2555aadf\" data-element_type=\"container\">\n\t\t\t\t<div class=\"elementor-element elementor-element-0de6686 image-container elementor-widget elementor-widget-image\" data-id=\"0de6686\" data-element_type=\"widget\" data-widget_type=\"image.default\">\n\t\t\t\t\t\t\t\t\t\t\t\t\t\t\t\t<a href=\"https:\/\/www.cnshining.com\/wp-content\/uploads\/2025\/10\/Aluminum-Bottle-For-Agriculture-Fertilizer-2.webp\" data-elementor-open-lightbox=\"yes\" data-elementor-lightbox-title=\"Aluminum Bottle for Seed\" data-e-action-hash=\"#elementor-action%3Aaction%3Dlightbox%26settings%3DeyJpZCI6Mjk3NzksInVybCI6Imh0dHBzOlwvXC93d3cuY25zaGluaW5nLmNvbVwvd3AtY29udGVudFwvdXBsb2Fkc1wvMjAyNVwvMTBcL0FsdW1pbnVtLUJvdHRsZS1Gb3ItQWdyaWN1bHR1cmUtRmVydGlsaXplci0yLndlYnAifQ%3D%3D\">\n\t\t\t\t\t\t\t<img decoding=\"async\" src=\"https:\/\/www.cnshining.com\/wp-content\/uploads\/elementor\/thumbs\/Aluminum-Bottle-For-Agriculture-Fertilizer-2-rcxwuskezel6ok2c34o23y5p4e0lygjxh3twe30dx0.webp\" title=\"Aluminiumflasche f\u00fcr Saatgut\" alt=\"Aluminiumflasche f\u00fcr Saatgut\" loading=\"lazy\" \/>\t\t\t\t\t\t\t\t<\/a>\n\t\t\t\t\t\t\t\t\t\t\t\t\t\t\t<\/div>\n\t\t\t\t<div class=\"elementor-element elementor-element-995382d elementor-align-center elementor-widget elementor-widget-button\" data-id=\"995382d\" data-element_type=\"widget\" data-widget_type=\"button.default\">\n\t\t\t\t\t\t\t\t\t\t<a class=\"elementor-button elementor-button-link elementor-size-sm\" href=\"https:\/\/www.cnshining.com\/de\/produkt\/alu-kanister\/\" target=\"_blank\">\n\t\t\t\t\t\t<span class=\"elementor-button-content-wrapper\">\n\t\t\t\t\t\t<span class=\"elementor-button-icon\">\n\t\t\t\t<svg aria-hidden=\"true\" class=\"e-font-icon-svg e-fas-arrow-right\" viewbox=\"0 0 448 512\" xmlns=\"http:\/\/www.w3.org\/2000\/svg\"><path d=\"M190.5 66.9l22.2-22.2c9.4-9.4 24.6-9.4 33.9 0L441 239c9.4 9.4 9.4 24.6 0 33.9L246.6 467.3c-9.4 9.4-24.6 9.4-33.9 0l-22.2-22.2c-9.5-9.5-9.3-25 .4-34.3L311.4 296H24c-13.3 0-24-10.7-24-24v-32c0-13.3 10.7-24 24-24h287.4L190.9 101.2c-9.8-9.3-10-24.8-.4-34.3z\"><\/path><\/svg>\t\t\t<\/span>\n\t\t\t\t\t\t\t\t\t<span class=\"elementor-button-text\"> Samen<\/span>\n\t\t\t\t\t<\/span>\n\t\t\t\t\t<\/a>\n\t\t\t\t\t\t\t\t<\/div>\n\t\t\t\t<\/div>\n\t\t<div class=\"elementor-element elementor-element-4b92899 e-con-full e-flex e-con e-child\" data-id=\"4b92899\" data-element_type=\"container\">\n\t\t\t\t<div class=\"elementor-element elementor-element-9e03161 image-container elementor-widget elementor-widget-image\" data-id=\"9e03161\" data-element_type=\"widget\" data-widget_type=\"image.default\">\n\t\t\t\t\t\t\t\t\t\t\t\t\t\t\t\t<a href=\"https:\/\/www.cnshining.com\/wp-content\/uploads\/2025\/10\/Aluminum-Bottle-For-Agriculture-Fertilizer-3.webp\" data-elementor-open-lightbox=\"yes\" data-elementor-lightbox-title=\"Aluminum Bottle for Bloom Stimulator\" data-e-action-hash=\"#elementor-action%3Aaction%3Dlightbox%26settings%3DeyJpZCI6Mjk3ODAsInVybCI6Imh0dHBzOlwvXC93d3cuY25zaGluaW5nLmNvbVwvd3AtY29udGVudFwvdXBsb2Fkc1wvMjAyNVwvMTBcL0FsdW1pbnVtLUJvdHRsZS1Gb3ItQWdyaWN1bHR1cmUtRmVydGlsaXplci0zLndlYnAifQ%3D%3D\">\n\t\t\t\t\t\t\t<img decoding=\"async\" src=\"https:\/\/www.cnshining.com\/wp-content\/uploads\/elementor\/thumbs\/Aluminum-Bottle-For-Agriculture-Fertilizer-3-rcxwuug3d2nrbrzls5hb8xomb5rcdure5d4vcmxlkk.webp\" title=\"Aluminiumflasche f\u00fcr Bl\u00fchstimulator\" alt=\"Aluminiumflasche f\u00fcr Bl\u00fchstimulator\" loading=\"lazy\" \/>\t\t\t\t\t\t\t\t<\/a>\n\t\t\t\t\t\t\t\t\t\t\t\t\t\t\t<\/div>\n\t\t\t\t<div class=\"elementor-element elementor-element-1fbe6f9 elementor-align-center elementor-widget elementor-widget-button\" data-id=\"1fbe6f9\" data-element_type=\"widget\" data-widget_type=\"button.default\">\n\t\t\t\t\t\t\t\t\t\t<a class=\"elementor-button elementor-button-link elementor-size-sm\" href=\"https:\/\/www.cnshining.com\/de\/produkt\/aluminium-atherische-ol-flasche\/\" target=\"_blank\">\n\t\t\t\t\t\t<span class=\"elementor-button-content-wrapper\">\n\t\t\t\t\t\t<span class=\"elementor-button-icon\">\n\t\t\t\t<svg aria-hidden=\"true\" class=\"e-font-icon-svg e-fas-arrow-right\" viewbox=\"0 0 448 512\" xmlns=\"http:\/\/www.w3.org\/2000\/svg\"><path d=\"M190.5 66.9l22.2-22.2c9.4-9.4 24.6-9.4 33.9 0L441 239c9.4 9.4 9.4 24.6 0 33.9L246.6 467.3c-9.4 9.4-24.6 9.4-33.9 0l-22.2-22.2c-9.5-9.5-9.3-25 .4-34.3L311.4 296H24c-13.3 0-24-10.7-24-24v-32c0-13.3 10.7-24 24-24h287.4L190.9 101.2c-9.8-9.3-10-24.8-.4-34.3z\"><\/path><\/svg>\t\t\t<\/span>\n\t\t\t\t\t\t\t\t\t<span class=\"elementor-button-text\">Bl\u00fchstimulator<\/span>\n\t\t\t\t\t<\/span>\n\t\t\t\t\t<\/a>\n\t\t\t\t\t\t\t\t<\/div>\n\t\t\t\t<\/div>\n\t\t<div class=\"elementor-element elementor-element-b680d83 e-con-full e-flex e-con e-child\" data-id=\"b680d83\" data-element_type=\"container\">\n\t\t\t\t<div class=\"elementor-element elementor-element-5fcf46e image-container elementor-widget elementor-widget-image\" data-id=\"5fcf46e\" data-element_type=\"widget\" data-widget_type=\"image.default\">\n\t\t\t\t\t\t\t\t\t\t\t\t\t\t\t\t<a href=\"https:\/\/www.cnshining.com\/wp-content\/uploads\/2025\/10\/Aluminum-Bottle-For-Agriculture-Fertilizer-5.webp\" data-elementor-open-lightbox=\"yes\" data-elementor-lightbox-title=\"Aluminum Bottle for Essential oil\" data-e-action-hash=\"#elementor-action%3Aaction%3Dlightbox%26settings%3DeyJpZCI6Mjk3ODIsInVybCI6Imh0dHBzOlwvXC93d3cuY25zaGluaW5nLmNvbVwvd3AtY29udGVudFwvdXBsb2Fkc1wvMjAyNVwvMTBcL0FsdW1pbnVtLUJvdHRsZS1Gb3ItQWdyaWN1bHR1cmUtRmVydGlsaXplci01LndlYnAifQ%3D%3D\">\n\t\t\t\t\t\t\t<img decoding=\"async\" src=\"https:\/\/www.cnshining.com\/wp-content\/uploads\/elementor\/thumbs\/Aluminum-Bottle-For-Agriculture-Fertilizer-5-rcxwuy7g4eswm7u5673tiwqgop8t8n6bhvqt9qs0vo.webp\" title=\"Aluminiumflasche f\u00fcr \u00e4therische \u00d6le\" alt=\"Aluminiumflasche f\u00fcr \u00e4therische \u00d6le\" loading=\"lazy\" \/>\t\t\t\t\t\t\t\t<\/a>\n\t\t\t\t\t\t\t\t\t\t\t\t\t\t\t<\/div>\n\t\t\t\t<div class=\"elementor-element elementor-element-4dc1ad4 elementor-align-center elementor-widget elementor-widget-button\" data-id=\"4dc1ad4\" data-element_type=\"widget\" data-widget_type=\"button.default\">\n\t\t\t\t\t\t\t\t\t\t<a class=\"elementor-button elementor-button-link elementor-size-sm\" href=\"https:\/\/www.cnshining.com\/de\/produkt\/weithals-grose-eloxierte-aluminium-flasche\/\" target=\"_blank\">\n\t\t\t\t\t\t<span class=\"elementor-button-content-wrapper\">\n\t\t\t\t\t\t<span class=\"elementor-button-icon\">\n\t\t\t\t<svg aria-hidden=\"true\" class=\"e-font-icon-svg e-fas-arrow-right\" viewbox=\"0 0 448 512\" xmlns=\"http:\/\/www.w3.org\/2000\/svg\"><path d=\"M190.5 66.9l22.2-22.2c9.4-9.4 24.6-9.4 33.9 0L441 239c9.4 9.4 9.4 24.6 0 33.9L246.6 467.3c-9.4 9.4-24.6 9.4-33.9 0l-22.2-22.2c-9.5-9.5-9.3-25 .4-34.3L311.4 296H24c-13.3 0-24-10.7-24-24v-32c0-13.3 10.7-24 24-24h287.4L190.9 101.2c-9.8-9.3-10-24.8-.4-34.3z\"><\/path><\/svg>\t\t\t<\/span>\n\t\t\t\t\t\t\t\t\t<span class=\"elementor-button-text\">\u00c4therisches \u00d6l<\/span>\n\t\t\t\t\t<\/span>\n\t\t\t\t\t<\/a>\n\t\t\t\t\t\t\t\t<\/div>\n\t\t\t\t<\/div>\n\t\t<div class=\"elementor-element elementor-element-9f26125 e-con-full e-flex e-con e-child\" data-id=\"9f26125\" data-element_type=\"container\">\n\t\t\t\t<div class=\"elementor-element elementor-element-0ac4c03 image-container elementor-widget elementor-widget-image\" data-id=\"0ac4c03\" data-element_type=\"widget\" data-widget_type=\"image.default\">\n\t\t\t\t\t\t\t\t\t\t\t\t\t\t\t\t<a href=\"https:\/\/www.cnshining.com\/wp-content\/uploads\/2025\/10\/Aluminum-Bottle-For-Agriculture-Fertilizer-4.webp\" data-elementor-open-lightbox=\"yes\" data-elementor-lightbox-title=\"Aluminum Bottle for Chemical\" data-e-action-hash=\"#elementor-action%3Aaction%3Dlightbox%26settings%3DeyJpZCI6Mjk3ODEsInVybCI6Imh0dHBzOlwvXC93d3cuY25zaGluaW5nLmNvbVwvd3AtY29udGVudFwvdXBsb2Fkc1wvMjAyNVwvMTBcL0FsdW1pbnVtLUJvdHRsZS1Gb3ItQWdyaWN1bHR1cmUtRmVydGlsaXplci00LndlYnAifQ%3D%3D\">\n\t\t\t\t\t\t\t<img decoding=\"async\" src=\"https:\/\/www.cnshining.com\/wp-content\/uploads\/elementor\/thumbs\/Aluminum-Bottle-For-Agriculture-Fertilizer-4-rcxwuwbrqqqbyzwvh6akdx7jhxi2t8yutmfub6ut84.webp\" title=\"Aluminiumflasche f\u00fcr Chemikalien\" alt=\"Aluminiumflasche f\u00fcr Chemikalien\" loading=\"lazy\" \/>\t\t\t\t\t\t\t\t<\/a>\n\t\t\t\t\t\t\t\t\t\t\t\t\t\t\t<\/div>\n\t\t\t\t<div class=\"elementor-element elementor-element-8b05903 elementor-align-center elementor-widget elementor-widget-button\" data-id=\"8b05903\" data-element_type=\"widget\" data-widget_type=\"button.default\">\n\t\t\t\t\t\t\t\t\t\t<a class=\"elementor-button elementor-button-link elementor-size-sm\" href=\"https:\/\/www.cnshining.com\/de\/produkt\/aluminium-pestizid-flasche\/\" target=\"_blank\">\n\t\t\t\t\t\t<span class=\"elementor-button-content-wrapper\">\n\t\t\t\t\t\t<span class=\"elementor-button-icon\">\n\t\t\t\t<svg aria-hidden=\"true\" class=\"e-font-icon-svg e-fas-arrow-right\" viewbox=\"0 0 448 512\" xmlns=\"http:\/\/www.w3.org\/2000\/svg\"><path d=\"M190.5 66.9l22.2-22.2c9.4-9.4 24.6-9.4 33.9 0L441 239c9.4 9.4 9.4 24.6 0 33.9L246.6 467.3c-9.4 9.4-24.6 9.4-33.9 0l-22.2-22.2c-9.5-9.5-9.3-25 .4-34.3L311.4 296H24c-13.3 0-24-10.7-24-24v-32c0-13.3 10.7-24 24-24h287.4L190.9 101.2c-9.8-9.3-10-24.8-.4-34.3z\"><\/path><\/svg>\t\t\t<\/span>\n\t\t\t\t\t\t\t\t\t<span class=\"elementor-button-text\">Chemische<\/span>\n\t\t\t\t\t<\/span>\n\t\t\t\t\t<\/a>\n\t\t\t\t\t\t\t\t<\/div>\n\t\t\t\t<\/div>\n\t\t\t\t<\/div>\n\t\t\t\t\t<\/div>\n\t\t\t\t<\/div>\n\t\t<div class=\"elementor-element elementor-element-e41763d e-con-full e-flex e-con e-parent\" data-id=\"e41763d\" data-element_type=\"container\">\n\t\t\t\t<div class=\"elementor-element elementor-element-7aa2258 elementor-widget elementor-widget-text-editor\" data-id=\"7aa2258\" data-element_type=\"widget\" data-widget_type=\"text-editor.default\">\n\t\t\t\t\t\t\t\t\t<p>\t\t<div data-elementor-type=\"container\" data-elementor-id=\"22909\" class=\"elementor elementor-22909\" data-elementor-post-type=\"elementor_library\">\n\t\t\t\t<div class=\"elementor-element elementor-element-31fc8a4b e-flex e-con-boxed e-con e-parent\" data-id=\"31fc8a4b\" data-element_type=\"container\">\n\t\t\t\t\t<div class=\"e-con-inner\">\n\t\t\t\t<div class=\"elementor-element elementor-element-00eb7f0 elementor-widget elementor-widget-text-editor\" data-id=\"00eb7f0\" data-element_type=\"widget\" data-widget_type=\"text-editor.default\">\n\t\t\t\t\t\t\t\t\t<p>Von \u00fcber 1.000 Marken genutzt<\/p>\t\t\t\t\t\t\t\t<\/div>\n\t\t\t\t<div class=\"elementor-element elementor-element-57c5a96c elementor-widget elementor-widget-image-carousel\" data-id=\"57c5a96c\" data-element_type=\"widget\" data-settings=\"{&quot;slides_to_show&quot;:&quot;6&quot;,&quot;slides_to_show_tablet&quot;:&quot;4&quot;,&quot;slides_to_show_mobile&quot;:&quot;2&quot;,&quot;navigation&quot;:&quot;none&quot;,&quot;autoplay_speed&quot;:3000,&quot;slides_to_scroll&quot;:&quot;2&quot;,&quot;autoplay&quot;:&quot;yes&quot;,&quot;pause_on_hover&quot;:&quot;yes&quot;,&quot;pause_on_interaction&quot;:&quot;yes&quot;,&quot;infinite&quot;:&quot;yes&quot;,&quot;speed&quot;:500}\" data-widget_type=\"image-carousel.default\">\n\t\t\t\t\t\t\t<div class=\"elementor-image-carousel-wrapper swiper\" role=\"region\" aria-roledescription=\"carousel\" aria-label=\"Bilderkarussell\" dir=\"ltr\">\n\t\t\t<div class=\"elementor-image-carousel swiper-wrapper\" aria-live=\"off\">\n\t\t\t\t\t\t\t\t<div class=\"swiper-slide\" role=\"group\" aria-roledescription=\"slide\" aria-label=\"1 von 8\"><figure class=\"swiper-slide-inner\"><img decoding=\"async\" class=\"swiper-slide-image\" src=\"https:\/\/www.cnshining.com\/wp-content\/uploads\/2025\/08\/McDonalds-logo.webp\" alt=\"McDonald&#039;s-Logo\" title=\"\"><\/figure><\/div><div class=\"swiper-slide\" role=\"group\" aria-roledescription=\"slide\" aria-label=\"2 von 8\"><figure class=\"swiper-slide-inner\"><img decoding=\"async\" class=\"swiper-slide-image\" src=\"https:\/\/www.cnshining.com\/wp-content\/uploads\/2025\/08\/Castrol-logo.webp\" alt=\"Castrol-Logo\" title=\"\"><\/figure><\/div><div class=\"swiper-slide\" role=\"group\" aria-roledescription=\"slide\" aria-label=\"3 von 8\"><figure class=\"swiper-slide-inner\"><img decoding=\"async\" class=\"swiper-slide-image\" src=\"https:\/\/www.cnshining.com\/wp-content\/uploads\/2025\/08\/Coca-Cola-logo.webp\" alt=\"Coca-Cola-Logo\" title=\"\"><\/figure><\/div><div class=\"swiper-slide\" role=\"group\" aria-roledescription=\"slide\" aria-label=\"4 von 8\"><figure class=\"swiper-slide-inner\"><img decoding=\"async\" class=\"swiper-slide-image\" src=\"https:\/\/www.cnshining.com\/wp-content\/uploads\/2025\/08\/Disney-logo.webp\" alt=\"Disney-Logo\" title=\"\"><\/figure><\/div><div class=\"swiper-slide\" role=\"group\" aria-roledescription=\"slide\" aria-label=\"5 von 8\"><figure class=\"swiper-slide-inner\"><img decoding=\"async\" class=\"swiper-slide-image\" src=\"https:\/\/www.cnshining.com\/wp-content\/uploads\/2025\/08\/Dove-logo.webp\" alt=\"Taubenlogo\" title=\"\"><\/figure><\/div><div class=\"swiper-slide\" role=\"group\" aria-roledescription=\"slide\" aria-label=\"6 von 8\"><figure class=\"swiper-slide-inner\"><img decoding=\"async\" class=\"swiper-slide-image\" src=\"https:\/\/www.cnshining.com\/wp-content\/uploads\/2025\/08\/Fuchs-logo.webp\" alt=\"Fuchs-Logo\" title=\"\"><\/figure><\/div><div class=\"swiper-slide\" role=\"group\" aria-roledescription=\"slide\" aria-label=\"7 von 8\"><figure class=\"swiper-slide-inner\"><img decoding=\"async\" class=\"swiper-slide-image\" src=\"https:\/\/www.cnshining.com\/wp-content\/uploads\/2025\/08\/Gillette-logo.webp\" alt=\"Gillette-Logo\" title=\"\"><\/figure><\/div><div class=\"swiper-slide\" role=\"group\" aria-roledescription=\"slide\" aria-label=\"8 von 8\"><figure class=\"swiper-slide-inner\"><img decoding=\"async\" class=\"swiper-slide-image\" src=\"https:\/\/www.cnshining.com\/wp-content\/uploads\/2025\/08\/Grove-logo.webp\" alt=\"Grove-Logo\" title=\"\"><\/figure><\/div>\t\t\t<\/div>\n\t\t\t\t\t\t\t\n\t\t\t\t\t\t\t\t\t<\/div>\n\t\t\t\t\t\t<\/div>\n\t\t\t\t\t<\/div>\n\t\t\t\t<\/div>\n\t\t\t\t<\/div>\n\t\t<\/p>\t\t\t\t\t\t\t\t<\/div>\n\t\t\t\t<\/div>\n\t\t\t\t<\/div>","protected":false},"excerpt":{"rendered":"<p>Aluminiumflaschen (100 ml bis 1 l) f\u00fcr Fl\u00fcssigd\u00fcnger, Pflanzenschutzmittel, Bl\u00fchstimulatoren und Saatgutbehandlungsmittel. Auslaufsichere, chemikalienbest\u00e4ndige Innenauskleidung (100%), HDPE-Verschluss, recycelbarer Lieferant.<\/p>","protected":false},"author":1,"featured_media":29783,"parent":25916,"menu_order":0,"comment_status":"closed","ping_status":"closed","template":"","meta":{"footnotes":""},"class_list":["post-29777","page","type-page","status-publish","has-post-thumbnail","hentry"],"_links":{"self":[{"href":"https:\/\/www.cnshining.com\/de\/wp-json\/wp\/v2\/pages\/29777","targetHints":{"allow":["GET"]}}],"collection":[{"href":"https:\/\/www.cnshining.com\/de\/wp-json\/wp\/v2\/pages"}],"about":[{"href":"https:\/\/www.cnshining.com\/de\/wp-json\/wp\/v2\/types\/page"}],"author":[{"embeddable":true,"href":"https:\/\/www.cnshining.com\/de\/wp-json\/wp\/v2\/users\/1"}],"replies":[{"embeddable":true,"href":"https:\/\/www.cnshining.com\/de\/wp-json\/wp\/v2\/comments?post=29777"}],"version-history":[{"count":0,"href":"https:\/\/www.cnshining.com\/de\/wp-json\/wp\/v2\/pages\/29777\/revisions"}],"up":[{"embeddable":true,"href":"https:\/\/www.cnshining.com\/de\/wp-json\/wp\/v2\/pages\/25916"}],"wp:featuredmedia":[{"embeddable":true,"href":"https:\/\/www.cnshining.com\/de\/wp-json\/wp\/v2\/media\/29783"}],"wp:attachment":[{"href":"https:\/\/www.cnshining.com\/de\/wp-json\/wp\/v2\/media?parent=29777"}],"curies":[{"name":"wp","href":"https:\/\/api.w.org\/{rel}","templated":true}]}}