{"id":31654,"date":"2025-11-03T05:31:34","date_gmt":"2025-11-03T05:31:34","guid":{"rendered":"https:\/\/www.cnshining.com\/?page_id=31654"},"modified":"2025-12-19T03:29:58","modified_gmt":"2025-12-19T03:29:58","slug":"aluminium-flasche-als-werbegeschenk","status":"publish","type":"page","link":"https:\/\/www.cnshining.com\/de\/projekt\/aluminium-flasche-als-werbegeschenk","title":{"rendered":"Werbe-Aluminiumflaschen mit individuellem Logo"},"content":{"rendered":"<div data-elementor-type=\"wp-page\" data-elementor-id=\"31654\" class=\"elementor elementor-31654\" data-elementor-post-type=\"page\">\n\t\t\t\t<div class=\"elementor-element elementor-element-794ff14c e-flex e-con-boxed e-con e-parent\" data-id=\"794ff14c\" data-element_type=\"container\" data-settings=\"{&quot;background_background&quot;:&quot;classic&quot;}\">\n\t\t\t\t\t<div class=\"e-con-inner\">\n\t\t\t\t<div class=\"elementor-element elementor-element-586127fa elementor-icon-list--layout-inline elementor-align-center elementor-list-item-link-full_width elementor-widget elementor-widget-icon-list\" data-id=\"586127fa\" data-element_type=\"widget\" data-widget_type=\"icon-list.default\">\n\t\t\t\t\t\t\t<ul class=\"elementor-icon-list-items elementor-inline-items\">\n\t\t\t\t\t\t\t<li class=\"elementor-icon-list-item elementor-inline-item\">\n\t\t\t\t\t\t\t\t\t\t\t<a href=\"https:\/\/www.cnshining.com\/de\" target=\"_blank\">\n\n\t\t\t\t\t\t\t\t\t\t\t\t<span class=\"elementor-icon-list-icon\">\n\t\t\t\t\t\t\t<svg aria-hidden=\"true\" class=\"e-font-icon-svg e-fas-home\" viewbox=\"0 0 576 512\" xmlns=\"http:\/\/www.w3.org\/2000\/svg\"><path d=\"M280.37 148.26L96 300.11V464a16 16 0 0 0 16 16l112.06-.29a16 16 0 0 0 15.92-16V368a16 16 0 0 1 16-16h64a16 16 0 0 1 16 16v95.64a16 16 0 0 0 16 16.05L464 480a16 16 0 0 0 16-16V300L295.67 148.26a12.19 12.19 0 0 0-15.3 0zM571.6 251.47L488 182.56V44.05a12 12 0 0 0-12-12h-56a12 12 0 0 0-12 12v72.61L318.47 43a48 48 0 0 0-61 0L4.34 251.47a12 12 0 0 0-1.6 16.9l25.5 31A12 12 0 0 0 45.15 301l235.22-193.74a12.19 12.19 0 0 1 15.3 0L530.9 301a12 12 0 0 0 16.9-1.6l25.5-31a12 12 0 0 0-1.7-16.93z\"><\/path><\/svg>\t\t\t\t\t\t<\/span>\n\t\t\t\t\t\t\t\t\t\t<span class=\"elementor-icon-list-text\">Heim \/<\/span>\n\t\t\t\t\t\t\t\t\t\t\t<\/a>\n\t\t\t\t\t\t\t\t\t<\/li>\n\t\t\t\t\t\t\t\t<li class=\"elementor-icon-list-item elementor-inline-item\">\n\t\t\t\t\t\t\t\t\t\t\t<a href=\"https:\/\/www.cnshining.com\/de\/aluminium-flaschen-markt\/\" target=\"_blank\">\n\n\t\t\t\t\t\t\t\t\t\t\t<span class=\"elementor-icon-list-text\">Aluminiumflasche \/<\/span>\n\t\t\t\t\t\t\t\t\t\t\t<\/a>\n\t\t\t\t\t\t\t\t\t<\/li>\n\t\t\t\t\t\t<\/ul>\n\t\t\t\t\t\t<\/div>\n\t\t\t\t\t<\/div>\n\t\t\t\t<\/div>\n\t\t<div class=\"elementor-element elementor-element-5fdcb604 e-flex e-con-boxed e-con e-parent\" data-id=\"5fdcb604\" data-element_type=\"container\" data-settings=\"{&quot;background_background&quot;:&quot;classic&quot;}\">\n\t\t\t\t\t<div class=\"e-con-inner\">\n\t\t\t\t\t<\/div>\n\t\t\t\t<\/div>\n\t\t<div class=\"elementor-element elementor-element-1c04d7ff e-flex e-con-boxed e-con e-parent\" data-id=\"1c04d7ff\" data-element_type=\"container\">\n\t\t\t\t\t<div class=\"e-con-inner\">\n\t\t\t\t<div class=\"elementor-element elementor-element-bcc4442 elementor-widget elementor-widget-image\" data-id=\"bcc4442\" data-element_type=\"widget\" data-widget_type=\"image.default\">\n\t\t\t\t\t\t\t\t\t\t\t\t\t\t\t<img fetchpriority=\"high\" decoding=\"async\" width=\"1000\" height=\"562\" src=\"https:\/\/www.cnshining.com\/wp-content\/uploads\/2025\/11\/Aluminum-Bottle-for-Promotion-Gift-1.webp\" class=\"attachment-large size-large wp-image-32314\" alt=\"Aluminiumflasche f\u00fcr Coca-Cola\" title=\"\">\t\t\t\t\t\t\t\t\t\t\t\t\t\t\t<\/div>\n\t\t\t\t\t<\/div>\n\t\t\t\t<\/div>\n\t\t<div class=\"elementor-element elementor-element-4b917172 e-flex e-con-boxed e-con e-parent\" data-id=\"4b917172\" data-element_type=\"container\">\n\t\t\t\t\t<div class=\"e-con-inner\">\n\t\t<div class=\"elementor-element elementor-element-3ca76cc9 e-con-full e-flex e-con e-child\" data-id=\"3ca76cc9\" data-element_type=\"container\">\n\t\t\t\t<div class=\"elementor-element elementor-element-abb2afa elementor-widget__width-initial truncate-text elementor-widget elementor-widget-text-editor\" data-id=\"abb2afa\" data-element_type=\"widget\" data-widget_type=\"text-editor.default\">\n\t\t\t\t\t\t\t\t\t<h2>Vorteile von Aluminiumflaschen<\/h2><p>Wir bei Shining Packaging sind auf die Herstellung hochwertiger Produkte spezialisiert.\u00a0<b>Aluminiumflaschen<\/b>\u00a0Aluminiumverpackungen heben sich im Markt deutlich ab. Sie bieten vielf\u00e4ltige Oberfl\u00e4chenveredelungen und erm\u00f6glichen so beeindruckende Grafikdesigns, die die Pr\u00e4senz im Regal und die Markenidentit\u00e4t st\u00e4rken. Dank ihrer Kompatibilit\u00e4t mit allen Drucktechnologien bieten sie Designern maximale kreative Freiheit.<\/p><p>Die Formbarkeit von Aluminium gew\u00e4hrleistet Formstabilit\u00e4t und macht es somit ideal f\u00fcr vielf\u00e4ltige Anwendungen. Als zuverl\u00e4ssiges Material\u00a0<b>Hersteller von Aluminiumflaschen<\/b>\u00a0Und\u00a0<b>Anbieter<\/b>, Wir stellen sicher, dass unsere Produkte h\u00f6chsten Anspr\u00fcchen an Langlebigkeit und \u00c4sthetik gen\u00fcgen.<\/p><h2>Aluminiumflaschen als Werbegeschenke<\/h2><p><b>Aluminiumflaschen<\/b>\u00a0sind eine ideale Wahl f\u00fcr\u00a0<b>Werbegeschenke<\/b>, Funktionalit\u00e4t mit ansprechendem Design verbinden. Egal, ob Sie nach individuellen L\u00f6sungen suchen.\u00a0<b>Aluminiumflaschen als Werbegeschenke<\/b>\u00a0Ob es um einzigartige Verpackungsl\u00f6sungen geht, die Vielseitigkeit von Aluminium kommt voll zum Tragen.<\/p><p>Unsere Expertise als\u00a0<b>Lieferant von Aluminiumflaschen<\/b>\u00a0hat zu erfolgreichen Kooperationen mit globalen Marken gef\u00fchrt. Zum Beispiel haben wir Mini-Produkte entwickelt.\u00a0<b>Aluminiumflaschen<\/b>\u00a0f\u00fcr Coca-Cola-Werbeaktionen, kompakte und dennoch wirkungsvolle L\u00f6sungen\u00a0<b>Werbegeschenke<\/b>\u00a0die bei den Verbrauchern Anklang finden.<\/p><h2>Kundenspezifische Anwendungen f\u00fcr Aluminiumflaschen<\/h2><p>Shining Packaging&#039;s\u00a0<b>Aluminiumflaschen<\/b> Sie sind f\u00fcr vielf\u00e4ltige Zwecke geeignet. Nehmen Sie zum Beispiel unsere Aluminiumbecher, die als Geschenke f\u00fcr McDonald&#039;s gedacht sind. <b>Werbegeschenke<\/b>\u00a0Sie zeichnen sich durch eine robuste Verarbeitung und lebendige Drucke aus und eignen sich perfekt f\u00fcr mobiles Branding.<\/p><p>Wir bieten auch Aluminiumbecher an, die von Themen wie der Justice League inspiriert sind und so gew\u00f6hnliche Gegenst\u00e4nde in aufregende Erlebnisse verwandeln.\u00a0<b>Werbegeschenke<\/b>. F\u00fcr Sportbegeisterte bieten unsere Aluminium-Sportwasserflaschen f\u00fcr Fu\u00dfballligen Trinkl\u00f6sungen mit einem werbewirksamen Touch, die Langlebigkeit und Stil betonen.<\/p><p>Als engagierter\u00a0<b>Hersteller von Aluminiumflaschen<\/b>, wir integrieren\u00a0<b>kundenspezifische Aluminiumverpackung<\/b>\u00a0Elemente, die auf die spezifischen Bed\u00fcrfnisse der Kunden zugeschnitten sind und sicherstellen, dass jedes Produkt die Markenbekanntheit steigert.<\/p><h2>Individuell gestaltete Aluminiumflaschen als Werbegeschenke<\/h2><p>Eine Partnerschaft mit Shining Packaging bedeutet Zugang zu erstklassigen Diensten.\u00a0<b>Aluminiumflaschen<\/b>\u00a0von einem vertrauensw\u00fcrdigen\u00a0<b>Anbieter<\/b>. Unser Engagement f\u00fcr Innovation in\u00a0<b>Werbe-Aluminiumverpackung<\/b>\u00a0Wir bieten Produkte, die nicht nur Inhalte sch\u00fctzen, sondern auch Ihre Marketingaktivit\u00e4ten optimieren. Erleben Sie den Unterschied noch heute mit unseren professionellen L\u00f6sungen.<\/p>\t\t\t\t\t\t\t\t<\/div>\n\t\t\t\t<div class=\"elementor-element elementor-element-4147afe elementor-widget elementor-widget-html\" data-id=\"4147afe\" data-element_type=\"widget\" data-widget_type=\"html.default\">\n\t\t\t\t\t<script>\r\ndocument.addEventListener('DOMContentLoaded', function() {\r\n    const button = document.querySelector('.read-more-btn');\r\n    const text = document.querySelector('.truncate-text');\r\n    button.addEventListener('click', function() {\r\n        text.classList.toggle('expanded');\r\n        button.textContent = text.classList.contains('expanded') ? 'Read Less' : 'Reading More';\r\n    });\r\n});\r\n<\/script>\t\t\t\t<\/div>\n\t\t\t\t<\/div>\n\t\t<div class=\"elementor-element elementor-element-ea0ec50 e-con-full e-flex e-con e-child\" data-id=\"ea0ec50\" data-element_type=\"container\">\n\t\t\t\t<div class=\"elementor-element elementor-element-1f8784d elementor-widget__width-initial read-more-btn elementor-widget elementor-widget-button\" data-id=\"1f8784d\" data-element_type=\"widget\" data-widget_type=\"button.default\">\n\t\t\t\t\t\t\t\t\t\t<a class=\"elementor-button elementor-size-sm\" role=\"button\">\n\t\t\t\t\t\t<span class=\"elementor-button-content-wrapper\">\n\t\t\t\t\t\t\t\t\t<span class=\"elementor-button-text\">Weiterlesen<\/span>\n\t\t\t\t\t<\/span>\n\t\t\t\t\t<\/a>\n\t\t\t\t\t\t\t\t<\/div>\n\t\t\t\t<\/div>\n\t\t\t\t\t<\/div>\n\t\t\t\t<\/div>\n\t\t<div class=\"elementor-element elementor-element-35f0612f e-flex e-con-boxed e-con e-parent\" data-id=\"35f0612f\" data-element_type=\"container\" data-settings=\"{&quot;background_background&quot;:&quot;classic&quot;}\">\n\t\t\t\t\t<div class=\"e-con-inner\">\n\t\t<div class=\"elementor-element elementor-element-2bea90ed e-con-full e-flex e-con e-child\" data-id=\"2bea90ed\" data-element_type=\"container\">\n\t\t<div class=\"elementor-element elementor-element-2555aadf e-con-full e-flex e-con e-child\" data-id=\"2555aadf\" data-element_type=\"container\">\n\t\t\t\t<div class=\"elementor-element elementor-element-0de6686 image-container elementor-widget elementor-widget-image\" data-id=\"0de6686\" data-element_type=\"widget\" data-widget_type=\"image.default\">\n\t\t\t\t\t\t\t\t\t\t\t\t\t\t\t\t<a href=\"https:\/\/www.cnshining.com\/wp-content\/uploads\/2025\/11\/Aluminum-Bottle-for-Promotion-Gift-1.webp\" data-elementor-open-lightbox=\"yes\" data-elementor-lightbox-title=\"Aluminum Bottle for Coca Cola\" data-e-action-hash=\"#elementor-action%3Aaction%3Dlightbox%26settings%3DeyJpZCI6MzIzMTQsInVybCI6Imh0dHBzOlwvXC93d3cuY25zaGluaW5nLmNvbVwvd3AtY29udGVudFwvdXBsb2Fkc1wvMjAyNVwvMTFcL0FsdW1pbnVtLUJvdHRsZS1mb3ItUHJvbW90aW9uLUdpZnQtMS53ZWJwIn0%3D\">\n\t\t\t\t\t\t\t<img decoding=\"async\" src=\"https:\/\/www.cnshining.com\/wp-content\/uploads\/elementor\/thumbs\/Aluminum-Bottle-for-Promotion-Gift-1-re8zwi8j9gpoiyme53mpubyen5rdieivujkvcpib1w.webp\" title=\"Aluminiumflasche f\u00fcr Coca-Cola\" alt=\"Aluminiumflasche f\u00fcr Coca-Cola\" loading=\"lazy\" \/>\t\t\t\t\t\t\t\t<\/a>\n\t\t\t\t\t\t\t\t\t\t\t\t\t\t\t<\/div>\n\t\t\t\t<div class=\"elementor-element elementor-element-995382d elementor-align-center elementor-widget elementor-widget-button\" data-id=\"995382d\" data-element_type=\"widget\" data-widget_type=\"button.default\">\n\t\t\t\t\t\t\t\t\t\t<a class=\"elementor-button elementor-button-link elementor-size-sm\" href=\"https:\/\/www.cnshining.com\/de\/produkt\/mini-aluminium-flasche\/\" target=\"_blank\">\n\t\t\t\t\t\t<span class=\"elementor-button-content-wrapper\">\n\t\t\t\t\t\t<span class=\"elementor-button-icon\">\n\t\t\t\t<svg aria-hidden=\"true\" class=\"e-font-icon-svg e-fas-arrow-right\" viewbox=\"0 0 448 512\" xmlns=\"http:\/\/www.w3.org\/2000\/svg\"><path d=\"M190.5 66.9l22.2-22.2c9.4-9.4 24.6-9.4 33.9 0L441 239c9.4 9.4 9.4 24.6 0 33.9L246.6 467.3c-9.4 9.4-24.6 9.4-33.9 0l-22.2-22.2c-9.5-9.5-9.3-25 .4-34.3L311.4 296H24c-13.3 0-24-10.7-24-24v-32c0-13.3 10.7-24 24-24h287.4L190.9 101.2c-9.8-9.3-10-24.8-.4-34.3z\"><\/path><\/svg>\t\t\t<\/span>\n\t\t\t\t\t\t\t\t\t<span class=\"elementor-button-text\">Coca-Cola Mini-Aluminiumflasche<\/span>\n\t\t\t\t\t<\/span>\n\t\t\t\t\t<\/a>\n\t\t\t\t\t\t\t\t<\/div>\n\t\t\t\t<\/div>\n\t\t<div class=\"elementor-element elementor-element-4b92899 e-con-full e-flex e-con e-child\" data-id=\"4b92899\" data-element_type=\"container\">\n\t\t\t\t<div class=\"elementor-element elementor-element-9e03161 image-container elementor-widget elementor-widget-image\" data-id=\"9e03161\" data-element_type=\"widget\" data-widget_type=\"image.default\">\n\t\t\t\t\t\t\t\t\t\t\t\t\t\t\t\t<a href=\"https:\/\/www.cnshining.com\/wp-content\/uploads\/2025\/11\/Aluminum-Bottle-for-Promotion-Gift-2.webp\" data-elementor-open-lightbox=\"yes\" data-elementor-lightbox-title=\"Aluminum Cup for Justice League\" data-e-action-hash=\"#elementor-action%3Aaction%3Dlightbox%26settings%3DeyJpZCI6MzI2MTIsInVybCI6Imh0dHBzOlwvXC93d3cuY25zaGluaW5nLmNvbVwvd3AtY29udGVudFwvdXBsb2Fkc1wvMjAyNVwvMTFcL0FsdW1pbnVtLUJvdHRsZS1mb3ItUHJvbW90aW9uLUdpZnQtMi53ZWJwIn0%3D\">\n\t\t\t\t\t\t\t<img decoding=\"async\" src=\"https:\/\/www.cnshining.com\/wp-content\/uploads\/elementor\/thumbs\/Aluminum-Bottle-for-Promotion-Gift-2-reat8v3yx8wvzhow0x4svq0trnaex37ylmsa7xn790.webp\" title=\"Aluminiumbecher f\u00fcr die Justice League\" alt=\"Aluminiumbecher f\u00fcr die Justice League\" loading=\"lazy\" \/>\t\t\t\t\t\t\t\t<\/a>\n\t\t\t\t\t\t\t\t\t\t\t\t\t\t\t<\/div>\n\t\t\t\t<div class=\"elementor-element elementor-element-1fbe6f9 elementor-align-center elementor-widget elementor-widget-button\" data-id=\"1fbe6f9\" data-element_type=\"widget\" data-widget_type=\"button.default\">\n\t\t\t\t\t\t\t\t\t\t<a class=\"elementor-button elementor-button-link elementor-size-sm\" href=\"https:\/\/www.cnshining.com\/de\/aluminium-becher\/\" target=\"_blank\">\n\t\t\t\t\t\t<span class=\"elementor-button-content-wrapper\">\n\t\t\t\t\t\t<span class=\"elementor-button-icon\">\n\t\t\t\t<svg aria-hidden=\"true\" class=\"e-font-icon-svg e-fas-arrow-right\" viewbox=\"0 0 448 512\" xmlns=\"http:\/\/www.w3.org\/2000\/svg\"><path d=\"M190.5 66.9l22.2-22.2c9.4-9.4 24.6-9.4 33.9 0L441 239c9.4 9.4 9.4 24.6 0 33.9L246.6 467.3c-9.4 9.4-24.6 9.4-33.9 0l-22.2-22.2c-9.5-9.5-9.3-25 .4-34.3L311.4 296H24c-13.3 0-24-10.7-24-24v-32c0-13.3 10.7-24 24-24h287.4L190.9 101.2c-9.8-9.3-10-24.8-.4-34.3z\"><\/path><\/svg>\t\t\t<\/span>\n\t\t\t\t\t\t\t\t\t<span class=\"elementor-button-text\">Justice League Alu Cup<\/span>\n\t\t\t\t\t<\/span>\n\t\t\t\t\t<\/a>\n\t\t\t\t\t\t\t\t<\/div>\n\t\t\t\t<\/div>\n\t\t<div class=\"elementor-element elementor-element-b680d83 e-con-full e-flex e-con e-child\" data-id=\"b680d83\" data-element_type=\"container\">\n\t\t\t\t<div class=\"elementor-element elementor-element-5fcf46e image-container elementor-widget elementor-widget-image\" data-id=\"5fcf46e\" data-element_type=\"widget\" data-widget_type=\"image.default\">\n\t\t\t\t\t\t\t\t\t\t\t\t\t\t\t\t<a href=\"https:\/\/www.cnshining.com\/wp-content\/uploads\/2025\/11\/Aluminum-Bottle-for-Promotion-Gift-3.webp\" data-elementor-open-lightbox=\"yes\" data-elementor-lightbox-title=\"Aluminum Cup for Olympic\" data-e-action-hash=\"#elementor-action%3Aaction%3Dlightbox%26settings%3DeyJpZCI6MzI2MTQsInVybCI6Imh0dHBzOlwvXC93d3cuY25zaGluaW5nLmNvbVwvd3AtY29udGVudFwvdXBsb2Fkc1wvMjAyNVwvMTFcL0FsdW1pbnVtLUJvdHRsZS1mb3ItUHJvbW90aW9uLUdpZnQtMy53ZWJwIn0%3D\">\n\t\t\t\t\t\t\t<img decoding=\"async\" src=\"https:\/\/www.cnshining.com\/wp-content\/uploads\/elementor\/thumbs\/Aluminum-Bottle-for-Promotion-Gift-3-reatdkax3fci1av4ky9ncjbsp04helvn8w7olqoc50.webp\" title=\"Aluminiumbecher f\u00fcr Olympia\" alt=\"Aluminiumbecher f\u00fcr Olympia\" loading=\"lazy\" \/>\t\t\t\t\t\t\t\t<\/a>\n\t\t\t\t\t\t\t\t\t\t\t\t\t\t\t<\/div>\n\t\t\t\t<div class=\"elementor-element elementor-element-4dc1ad4 elementor-align-center elementor-widget elementor-widget-button\" data-id=\"4dc1ad4\" data-element_type=\"widget\" data-widget_type=\"button.default\">\n\t\t\t\t\t\t\t\t\t\t<a class=\"elementor-button elementor-button-link elementor-size-sm\" href=\"https:\/\/www.cnshining.com\/de\/aluminium-becher\/\" target=\"_blank\">\n\t\t\t\t\t\t<span class=\"elementor-button-content-wrapper\">\n\t\t\t\t\t\t<span class=\"elementor-button-icon\">\n\t\t\t\t<svg aria-hidden=\"true\" class=\"e-font-icon-svg e-fas-arrow-right\" viewbox=\"0 0 448 512\" xmlns=\"http:\/\/www.w3.org\/2000\/svg\"><path d=\"M190.5 66.9l22.2-22.2c9.4-9.4 24.6-9.4 33.9 0L441 239c9.4 9.4 9.4 24.6 0 33.9L246.6 467.3c-9.4 9.4-24.6 9.4-33.9 0l-22.2-22.2c-9.5-9.5-9.3-25 .4-34.3L311.4 296H24c-13.3 0-24-10.7-24-24v-32c0-13.3 10.7-24 24-24h287.4L190.9 101.2c-9.8-9.3-10-24.8-.4-34.3z\"><\/path><\/svg>\t\t\t<\/span>\n\t\t\t\t\t\t\t\t\t<span class=\"elementor-button-text\">Olympischer Aluminiumbecher<\/span>\n\t\t\t\t\t<\/span>\n\t\t\t\t\t<\/a>\n\t\t\t\t\t\t\t\t<\/div>\n\t\t\t\t<\/div>\n\t\t<div class=\"elementor-element elementor-element-9f26125 e-con-full e-flex e-con e-child\" data-id=\"9f26125\" data-element_type=\"container\">\n\t\t\t\t<div class=\"elementor-element elementor-element-0ac4c03 image-container elementor-widget elementor-widget-image\" data-id=\"0ac4c03\" data-element_type=\"widget\" data-widget_type=\"image.default\">\n\t\t\t\t\t\t\t\t\t\t\t\t\t\t\t\t<a href=\"https:\/\/www.cnshining.com\/wp-content\/uploads\/2025\/11\/Aluminum-Bottle-for-Promotion-Gift-4.webp\" data-elementor-open-lightbox=\"yes\" data-elementor-lightbox-title=\"Aluminum Bottle for Sport\" data-e-action-hash=\"#elementor-action%3Aaction%3Dlightbox%26settings%3DeyJpZCI6MzI2MTYsInVybCI6Imh0dHBzOlwvXC93d3cuY25zaGluaW5nLmNvbVwvd3AtY29udGVudFwvdXBsb2Fkc1wvMjAyNVwvMTFcL0FsdW1pbnVtLUJvdHRsZS1mb3ItUHJvbW90aW9uLUdpZnQtNC53ZWJwIn0%3D\">\n\t\t\t\t\t\t\t<img decoding=\"async\" src=\"https:\/\/www.cnshining.com\/wp-content\/uploads\/elementor\/thumbs\/Aluminum-Bottle-for-Promotion-Gift-4-reatk8xlp0hwlh5ljua52ulsrn6g54exhz7zgkrjw4.webp\" title=\"Aluminiumflasche f\u00fcr Sport\" alt=\"Aluminiumflasche f\u00fcr Sport\" loading=\"lazy\" \/>\t\t\t\t\t\t\t\t<\/a>\n\t\t\t\t\t\t\t\t\t\t\t\t\t\t\t<\/div>\n\t\t\t\t<div class=\"elementor-element elementor-element-8b05903 elementor-align-center elementor-widget elementor-widget-button\" data-id=\"8b05903\" data-element_type=\"widget\" data-widget_type=\"button.default\">\n\t\t\t\t\t\t\t\t\t\t<a class=\"elementor-button elementor-button-link elementor-size-sm\" href=\"https:\/\/www.cnshining.com\/de\/produkt\/aluminium-sportflasche\/\" target=\"_blank\">\n\t\t\t\t\t\t<span class=\"elementor-button-content-wrapper\">\n\t\t\t\t\t\t<span class=\"elementor-button-icon\">\n\t\t\t\t<svg aria-hidden=\"true\" class=\"e-font-icon-svg e-fas-arrow-right\" viewbox=\"0 0 448 512\" xmlns=\"http:\/\/www.w3.org\/2000\/svg\"><path d=\"M190.5 66.9l22.2-22.2c9.4-9.4 24.6-9.4 33.9 0L441 239c9.4 9.4 9.4 24.6 0 33.9L246.6 467.3c-9.4 9.4-24.6 9.4-33.9 0l-22.2-22.2c-9.5-9.5-9.3-25 .4-34.3L311.4 296H24c-13.3 0-24-10.7-24-24v-32c0-13.3 10.7-24 24-24h287.4L190.9 101.2c-9.8-9.3-10-24.8-.4-34.3z\"><\/path><\/svg>\t\t\t<\/span>\n\t\t\t\t\t\t\t\t\t<span class=\"elementor-button-text\">Sportflasche aus Aluminium<\/span>\n\t\t\t\t\t<\/span>\n\t\t\t\t\t<\/a>\n\t\t\t\t\t\t\t\t<\/div>\n\t\t\t\t<\/div>\n\t\t\t\t<\/div>\n\t\t\t\t\t<\/div>\n\t\t\t\t<\/div>\n\t\t<div class=\"elementor-element elementor-element-e41763d e-con-full e-flex e-con e-parent\" data-id=\"e41763d\" data-element_type=\"container\">\n\t\t\t\t<div class=\"elementor-element elementor-element-7aa2258 elementor-widget elementor-widget-text-editor\" data-id=\"7aa2258\" data-element_type=\"widget\" data-widget_type=\"text-editor.default\">\n\t\t\t\t\t\t\t\t\t<p>\t\t<div data-elementor-type=\"container\" data-elementor-id=\"22909\" class=\"elementor elementor-22909\" data-elementor-post-type=\"elementor_library\">\n\t\t\t\t<div class=\"elementor-element elementor-element-31fc8a4b e-flex e-con-boxed e-con e-parent\" data-id=\"31fc8a4b\" data-element_type=\"container\">\n\t\t\t\t\t<div class=\"e-con-inner\">\n\t\t\t\t<div class=\"elementor-element elementor-element-00eb7f0 elementor-widget elementor-widget-text-editor\" data-id=\"00eb7f0\" data-element_type=\"widget\" data-widget_type=\"text-editor.default\">\n\t\t\t\t\t\t\t\t\t<p>Von \u00fcber 1.000 Marken genutzt<\/p>\t\t\t\t\t\t\t\t<\/div>\n\t\t\t\t<div class=\"elementor-element elementor-element-57c5a96c elementor-widget elementor-widget-image-carousel\" data-id=\"57c5a96c\" data-element_type=\"widget\" data-settings=\"{&quot;slides_to_show&quot;:&quot;6&quot;,&quot;slides_to_show_tablet&quot;:&quot;4&quot;,&quot;slides_to_show_mobile&quot;:&quot;2&quot;,&quot;navigation&quot;:&quot;none&quot;,&quot;autoplay_speed&quot;:3000,&quot;slides_to_scroll&quot;:&quot;2&quot;,&quot;autoplay&quot;:&quot;yes&quot;,&quot;pause_on_hover&quot;:&quot;yes&quot;,&quot;pause_on_interaction&quot;:&quot;yes&quot;,&quot;infinite&quot;:&quot;yes&quot;,&quot;speed&quot;:500}\" data-widget_type=\"image-carousel.default\">\n\t\t\t\t\t\t\t<div class=\"elementor-image-carousel-wrapper swiper\" role=\"region\" aria-roledescription=\"carousel\" aria-label=\"Bilderkarussell\" dir=\"ltr\">\n\t\t\t<div class=\"elementor-image-carousel swiper-wrapper\" aria-live=\"off\">\n\t\t\t\t\t\t\t\t<div class=\"swiper-slide\" role=\"group\" aria-roledescription=\"slide\" aria-label=\"1 von 8\"><figure class=\"swiper-slide-inner\"><img decoding=\"async\" class=\"swiper-slide-image\" src=\"https:\/\/www.cnshining.com\/wp-content\/uploads\/2025\/08\/McDonalds-logo.webp\" alt=\"McDonald&#039;s-Logo\" title=\"\"><\/figure><\/div><div class=\"swiper-slide\" role=\"group\" aria-roledescription=\"slide\" aria-label=\"2 von 8\"><figure class=\"swiper-slide-inner\"><img decoding=\"async\" class=\"swiper-slide-image\" src=\"https:\/\/www.cnshining.com\/wp-content\/uploads\/2025\/08\/Castrol-logo.webp\" alt=\"Castrol-Logo\" title=\"\"><\/figure><\/div><div class=\"swiper-slide\" role=\"group\" aria-roledescription=\"slide\" aria-label=\"3 von 8\"><figure class=\"swiper-slide-inner\"><img decoding=\"async\" class=\"swiper-slide-image\" src=\"https:\/\/www.cnshining.com\/wp-content\/uploads\/2025\/08\/Coca-Cola-logo.webp\" alt=\"Coca-Cola-Logo\" title=\"\"><\/figure><\/div><div class=\"swiper-slide\" role=\"group\" aria-roledescription=\"slide\" aria-label=\"4 von 8\"><figure class=\"swiper-slide-inner\"><img decoding=\"async\" class=\"swiper-slide-image\" src=\"https:\/\/www.cnshining.com\/wp-content\/uploads\/2025\/08\/Disney-logo.webp\" alt=\"Disney-Logo\" title=\"\"><\/figure><\/div><div class=\"swiper-slide\" role=\"group\" aria-roledescription=\"slide\" aria-label=\"5 von 8\"><figure class=\"swiper-slide-inner\"><img decoding=\"async\" class=\"swiper-slide-image\" src=\"https:\/\/www.cnshining.com\/wp-content\/uploads\/2025\/08\/Dove-logo.webp\" alt=\"Taubenlogo\" title=\"\"><\/figure><\/div><div class=\"swiper-slide\" role=\"group\" aria-roledescription=\"slide\" aria-label=\"6 von 8\"><figure class=\"swiper-slide-inner\"><img decoding=\"async\" class=\"swiper-slide-image\" src=\"https:\/\/www.cnshining.com\/wp-content\/uploads\/2025\/08\/Fuchs-logo.webp\" alt=\"Fuchs-Logo\" title=\"\"><\/figure><\/div><div class=\"swiper-slide\" role=\"group\" aria-roledescription=\"slide\" aria-label=\"7 von 8\"><figure class=\"swiper-slide-inner\"><img decoding=\"async\" class=\"swiper-slide-image\" src=\"https:\/\/www.cnshining.com\/wp-content\/uploads\/2025\/08\/Gillette-logo.webp\" alt=\"Gillette-Logo\" title=\"\"><\/figure><\/div><div class=\"swiper-slide\" role=\"group\" aria-roledescription=\"slide\" aria-label=\"8 von 8\"><figure class=\"swiper-slide-inner\"><img decoding=\"async\" class=\"swiper-slide-image\" src=\"https:\/\/www.cnshining.com\/wp-content\/uploads\/2025\/08\/Grove-logo.webp\" alt=\"Grove-Logo\" title=\"\"><\/figure><\/div>\t\t\t<\/div>\n\t\t\t\t\t\t\t\n\t\t\t\t\t\t\t\t\t<\/div>\n\t\t\t\t\t\t<\/div>\n\t\t\t\t\t<\/div>\n\t\t\t\t<\/div>\n\t\t\t\t<\/div>\n\t\t<\/p>\t\t\t\t\t\t\t\t<\/div>\n\t\t\t\t<\/div>\n\t\t\t\t<\/div>","protected":false},"excerpt":{"rendered":"<p>Individuell gestaltete Aluminiumflaschen f\u00fcr Werbegeschenke und Branding. Vollfarbdruck, jede Form m\u00f6glich, recycelbar nach 100%. Vertrauen Sie auf unsere Produkte \u2013 Coca-Cola, McDonald\u2019s und viele weitere globale Marken.<\/p>","protected":false},"author":1,"featured_media":39172,"parent":25916,"menu_order":0,"comment_status":"closed","ping_status":"closed","template":"","meta":{"footnotes":""},"class_list":["post-31654","page","type-page","status-publish","has-post-thumbnail","hentry"],"_links":{"self":[{"href":"https:\/\/www.cnshining.com\/de\/wp-json\/wp\/v2\/pages\/31654","targetHints":{"allow":["GET"]}}],"collection":[{"href":"https:\/\/www.cnshining.com\/de\/wp-json\/wp\/v2\/pages"}],"about":[{"href":"https:\/\/www.cnshining.com\/de\/wp-json\/wp\/v2\/types\/page"}],"author":[{"embeddable":true,"href":"https:\/\/www.cnshining.com\/de\/wp-json\/wp\/v2\/users\/1"}],"replies":[{"embeddable":true,"href":"https:\/\/www.cnshining.com\/de\/wp-json\/wp\/v2\/comments?post=31654"}],"version-history":[{"count":0,"href":"https:\/\/www.cnshining.com\/de\/wp-json\/wp\/v2\/pages\/31654\/revisions"}],"up":[{"embeddable":true,"href":"https:\/\/www.cnshining.com\/de\/wp-json\/wp\/v2\/pages\/25916"}],"wp:featuredmedia":[{"embeddable":true,"href":"https:\/\/www.cnshining.com\/de\/wp-json\/wp\/v2\/media\/39172"}],"wp:attachment":[{"href":"https:\/\/www.cnshining.com\/de\/wp-json\/wp\/v2\/media?parent=31654"}],"curies":[{"name":"wp","href":"https:\/\/api.w.org\/{rel}","templated":true}]}}