{"id":33789,"date":"2025-11-11T08:25:49","date_gmt":"2025-11-11T08:25:49","guid":{"rendered":"https:\/\/www.cnshining.com\/?page_id=33789"},"modified":"2025-12-23T06:42:14","modified_gmt":"2025-12-23T06:42:14","slug":"aluminiumflasche-fur-atherisches-ol","status":"publish","type":"page","link":"https:\/\/www.cnshining.com\/de\/projekt\/aluminiumflasche-fur-atherisches-ol","title":{"rendered":"Aluminiumflaschen f\u00fcr \u00e4therische \u00d6le"},"content":{"rendered":"<div data-elementor-type=\"wp-page\" data-elementor-id=\"33789\" class=\"elementor elementor-33789\" data-elementor-post-type=\"page\">\n\t\t\t\t<div class=\"elementor-element elementor-element-794ff14c e-flex e-con-boxed e-con e-parent\" data-id=\"794ff14c\" data-element_type=\"container\" data-settings=\"{&quot;background_background&quot;:&quot;classic&quot;}\">\n\t\t\t\t\t<div class=\"e-con-inner\">\n\t\t\t\t<div class=\"elementor-element elementor-element-586127fa elementor-icon-list--layout-inline elementor-align-center elementor-list-item-link-full_width elementor-widget elementor-widget-icon-list\" data-id=\"586127fa\" data-element_type=\"widget\" data-widget_type=\"icon-list.default\">\n\t\t\t\t\t\t\t<ul class=\"elementor-icon-list-items elementor-inline-items\">\n\t\t\t\t\t\t\t<li class=\"elementor-icon-list-item elementor-inline-item\">\n\t\t\t\t\t\t\t\t\t\t\t<a href=\"https:\/\/www.cnshining.com\/de\" target=\"_blank\">\n\n\t\t\t\t\t\t\t\t\t\t\t\t<span class=\"elementor-icon-list-icon\">\n\t\t\t\t\t\t\t<svg aria-hidden=\"true\" class=\"e-font-icon-svg e-fas-home\" viewbox=\"0 0 576 512\" xmlns=\"http:\/\/www.w3.org\/2000\/svg\"><path d=\"M280.37 148.26L96 300.11V464a16 16 0 0 0 16 16l112.06-.29a16 16 0 0 0 15.92-16V368a16 16 0 0 1 16-16h64a16 16 0 0 1 16 16v95.64a16 16 0 0 0 16 16.05L464 480a16 16 0 0 0 16-16V300L295.67 148.26a12.19 12.19 0 0 0-15.3 0zM571.6 251.47L488 182.56V44.05a12 12 0 0 0-12-12h-56a12 12 0 0 0-12 12v72.61L318.47 43a48 48 0 0 0-61 0L4.34 251.47a12 12 0 0 0-1.6 16.9l25.5 31A12 12 0 0 0 45.15 301l235.22-193.74a12.19 12.19 0 0 1 15.3 0L530.9 301a12 12 0 0 0 16.9-1.6l25.5-31a12 12 0 0 0-1.7-16.93z\"><\/path><\/svg>\t\t\t\t\t\t<\/span>\n\t\t\t\t\t\t\t\t\t\t<span class=\"elementor-icon-list-text\">Heim \/<\/span>\n\t\t\t\t\t\t\t\t\t\t\t<\/a>\n\t\t\t\t\t\t\t\t\t<\/li>\n\t\t\t\t\t\t\t\t<li class=\"elementor-icon-list-item elementor-inline-item\">\n\t\t\t\t\t\t\t\t\t\t\t<a href=\"https:\/\/www.cnshining.com\/de\/aluminium-flaschen-markt\/\" target=\"_blank\">\n\n\t\t\t\t\t\t\t\t\t\t\t<span class=\"elementor-icon-list-text\">Aluminiumflasche \/<\/span>\n\t\t\t\t\t\t\t\t\t\t\t<\/a>\n\t\t\t\t\t\t\t\t\t<\/li>\n\t\t\t\t\t\t<\/ul>\n\t\t\t\t\t\t<\/div>\n\t\t\t\t\t<\/div>\n\t\t\t\t<\/div>\n\t\t<div class=\"elementor-element elementor-element-2e53b2e9 e-flex e-con-boxed e-con e-parent\" data-id=\"2e53b2e9\" data-element_type=\"container\" data-settings=\"{&quot;background_background&quot;:&quot;classic&quot;}\">\n\t\t\t\t\t<div class=\"e-con-inner\">\n\t\t\t\t\t<\/div>\n\t\t\t\t<\/div>\n\t\t<div class=\"elementor-element elementor-element-747374ab e-flex e-con-boxed e-con e-parent\" data-id=\"747374ab\" data-element_type=\"container\">\n\t\t\t\t\t<div class=\"e-con-inner\">\n\t\t\t\t<div class=\"elementor-element elementor-element-17ee4b52 elementor-widget elementor-widget-image\" data-id=\"17ee4b52\" data-element_type=\"widget\" data-widget_type=\"image.default\">\n\t\t\t\t\t\t\t\t\t\t\t\t\t\t\t<img fetchpriority=\"high\" decoding=\"async\" width=\"1000\" height=\"566\" src=\"https:\/\/www.cnshining.com\/wp-content\/uploads\/2025\/11\/Aluminum-Bottle-for-Essential-Oil-4.webp\" class=\"attachment-large size-large wp-image-33798\" alt=\"Aluminiumflasche f\u00fcr \u00e4therische \u00d6le\" title=\"\">\t\t\t\t\t\t\t\t\t\t\t\t\t\t\t<\/div>\n\t\t\t\t\t<\/div>\n\t\t\t\t<\/div>\n\t\t<div class=\"elementor-element elementor-element-4b917172 e-flex e-con-boxed e-con e-parent\" data-id=\"4b917172\" data-element_type=\"container\">\n\t\t\t\t\t<div class=\"e-con-inner\">\n\t\t<div class=\"elementor-element elementor-element-3ca76cc9 e-con-full e-flex e-con e-child\" data-id=\"3ca76cc9\" data-element_type=\"container\">\n\t\t\t\t<div class=\"elementor-element elementor-element-abb2afa elementor-widget__width-initial truncate-text elementor-widget elementor-widget-text-editor\" data-id=\"abb2afa\" data-element_type=\"widget\" data-widget_type=\"text-editor.default\">\n\t\t\t\t\t\t\t\t\t<h2>Warum man Aluminiumflaschen f\u00fcr \u00e4therische \u00d6le w\u00e4hlen sollte<\/h2><p>Wir bei Shining Packaging sind auf die Herstellung hochwertiger Produkte spezialisiert.\u00a0<b>Aluminiumflaschen<\/b>\u00a0entwickelt, um den besonderen Bed\u00fcrfnissen von\u00a0<b>\u00e4therisches \u00d6l<\/b>\u00a0Aufbewahrung. Unsere Flaschen aus reinem Aluminium bieten au\u00dfergew\u00f6hnlichen Schutz vor St\u00f6\u00dfen, Druck und Durchstichen. Die chemische Neutralit\u00e4t von Aluminium gew\u00e4hrleistet, dass Ihre\u00a0<b>\u00e4therische \u00d6le<\/b>\u00a0Sie bleiben unverf\u00e4lscht und bewahren so ihre Reinheit und Wirksamkeit. Als vertrauensw\u00fcrdiger\u00a0<b>Hersteller<\/b>\u00a0Und\u00a0<b>Anbieter<\/b>, Bei jedem Produkt legen wir Wert auf Langlebigkeit und Funktionalit\u00e4t.<\/p><p>Unser\u00a0<b>Aluminiumflaschen<\/b>\u00a0Unsere Flaschen sind in einer Vielzahl von Gr\u00f6\u00dfen erh\u00e4ltlich, von 30 ml bis 30.000 ml, und decken damit sowohl Klein- als auch Gro\u00dfverpackungsbed\u00fcrfnisse ab. Ob Sie als Unternehmen eine zuverl\u00e4ssige Verpackung suchen oder als Marke Ihre Produktpr\u00e4sentation optimieren m\u00f6chten \u2013 unsere Flaschen bieten die perfekte L\u00f6sung.<\/p><h2>Vorteile von Aluminiumflaschen f\u00fcr \u00e4therische \u00d6le<\/h2><p>Unser\u00a0<b>Aluminiumflaschen mit \u00e4therischen \u00d6len<\/b>\u00a0Sie sind auf Komfort und Effizienz ausgelegt. Die weite \u00d6ffnung erm\u00f6glicht einfaches Ausgie\u00dfen, w\u00e4hrend Varianten mit Tropfverschluss eine pr\u00e4zise Dosierung gew\u00e4hrleisten \u2013 ideal f\u00fcr\u00a0<b>\u00e4therisches \u00d6l<\/b>\u00a0Anwendungsbereiche. Diese Flaschen sind nicht nur robust, sondern auch leicht, wodurch sie einfach zu handhaben und zu transportieren sind.<\/p><p>Als f\u00fchrender\u00a0<b>Hersteller von Aluminiumflaschen<\/b>, Wir stellen sicher, dass unsere Produkte umweltfreundlich und recycelbar sind und damit den aktuellen Trends f\u00fcr nachhaltige Verpackungen entsprechen. Das macht unsere Flaschen zur bevorzugten Wahl f\u00fcr Unternehmen, die ihren \u00f6kologischen Fu\u00dfabdruck verringern und gleichzeitig die Produktqualit\u00e4t erhalten m\u00f6chten.<\/p><h2>Vielseitige Einsatzm\u00f6glichkeiten von Aluminiumflaschen<\/h2><p>Shining Packaging&#039;s\u00a0<b>Aluminiumflaschen f\u00fcr \u00e4therische \u00d6le<\/b>\u00a0Sie sind vielseitig einsetzbar und eignen sich f\u00fcr Branchen jenseits der Aromatherapie, darunter Kosmetik, Pharmazie und K\u00f6rperpflege. Die chemische Neutralit\u00e4t unserer Flaschen gew\u00e4hrleistet die Kompatibilit\u00e4t mit einer breiten Produktpalette und macht sie somit zur ersten Wahl f\u00fcr\u00a0<b>Verpackung f\u00fcr \u00e4therische \u00d6le<\/b>.<\/p><p>Unser Engagement als zuverl\u00e4ssiger\u00a0<b>Anbieter<\/b>\u00a0Das bedeutet, dass wir individuell anpassbare Optionen anbieten, die Ihren spezifischen Bed\u00fcrfnissen entsprechen. Ob Sie kleine 30-ml-Fl\u00e4schchen f\u00fcr den Einzelhandel oder gr\u00f6\u00dfere Beh\u00e4lter f\u00fcr den industriellen Einsatz ben\u00f6tigen \u2013 unser Angebot umfasst alles.\u00a0<b>Aluminiumflaschen<\/b>\u00a0liefern un\u00fcbertroffene Qualit\u00e4t und Leistung.<\/p><h2>Aluminiumflaschen f\u00fcr die Verpackung von \u00e4therischen \u00d6len<\/h2><p>Als Premier\u00a0<b>Lieferant von Aluminiumflaschen<\/b>, Shining Packaging vereint Innovation mit Qualit\u00e4t und liefert so herausragende Verpackungsl\u00f6sungen. Unsere Expertise als\u00a0<b>Hersteller<\/b>\u00a0stellt sicher, dass jede Flasche strengen Qualit\u00e4tsstandards entspricht und bietet Unternehmen weltweit somit Sicherheit.<\/p><p>W\u00e4hlen Sie Shining Packaging f\u00fcr\u00a0<b>Aluminiumflaschen<\/b>\u00a0Die Produkte bieten Langlebigkeit, Nachhaltigkeit und Vielseitigkeit. Kontaktieren Sie uns noch heute, um unser Sortiment zu entdecken.\u00a0<b>Aluminiumflaschen mit \u00e4therischen \u00d6len<\/b>\u00a0und werten Sie Ihre Marke mit erstklassigen Verpackungsl\u00f6sungen auf.<\/p>\t\t\t\t\t\t\t\t<\/div>\n\t\t\t\t<div class=\"elementor-element elementor-element-4147afe elementor-widget elementor-widget-html\" data-id=\"4147afe\" data-element_type=\"widget\" data-widget_type=\"html.default\">\n\t\t\t\t\t<script>\r\ndocument.addEventListener('DOMContentLoaded', function() {\r\n    const button = document.querySelector('.read-more-btn');\r\n    const text = document.querySelector('.truncate-text');\r\n    button.addEventListener('click', function() {\r\n        text.classList.toggle('expanded');\r\n        button.textContent = text.classList.contains('expanded') ? 'Read Less' : 'Reading More';\r\n    });\r\n});\r\n<\/script>\t\t\t\t<\/div>\n\t\t\t\t<\/div>\n\t\t<div class=\"elementor-element elementor-element-ea0ec50 e-con-full e-flex e-con e-child\" data-id=\"ea0ec50\" data-element_type=\"container\">\n\t\t\t\t<div class=\"elementor-element elementor-element-1f8784d elementor-widget__width-initial read-more-btn elementor-widget elementor-widget-button\" data-id=\"1f8784d\" data-element_type=\"widget\" data-widget_type=\"button.default\">\n\t\t\t\t\t\t\t\t\t\t<a class=\"elementor-button elementor-size-sm\" role=\"button\">\n\t\t\t\t\t\t<span class=\"elementor-button-content-wrapper\">\n\t\t\t\t\t\t\t\t\t<span class=\"elementor-button-text\">Weiterlesen<\/span>\n\t\t\t\t\t<\/span>\n\t\t\t\t\t<\/a>\n\t\t\t\t\t\t\t\t<\/div>\n\t\t\t\t<\/div>\n\t\t\t\t\t<\/div>\n\t\t\t\t<\/div>\n\t\t<div class=\"elementor-element elementor-element-35f0612f e-flex e-con-boxed e-con e-parent\" data-id=\"35f0612f\" data-element_type=\"container\" data-settings=\"{&quot;background_background&quot;:&quot;classic&quot;}\">\n\t\t\t\t\t<div class=\"e-con-inner\">\n\t\t<div class=\"elementor-element elementor-element-2bea90ed e-con-full e-flex e-con e-child\" data-id=\"2bea90ed\" data-element_type=\"container\">\n\t\t<div class=\"elementor-element elementor-element-2555aadf e-con-full e-flex e-con e-child\" data-id=\"2555aadf\" data-element_type=\"container\">\n\t\t\t\t<div class=\"elementor-element elementor-element-0de6686 image-container elementor-widget elementor-widget-image\" data-id=\"0de6686\" data-element_type=\"widget\" data-widget_type=\"image.default\">\n\t\t\t\t\t\t\t\t\t\t\t\t\t\t\t\t<a href=\"https:\/\/www.cnshining.com\/wp-content\/uploads\/2025\/11\/Aluminum-Bottle-for-Essential-Oil-1.webp\" data-elementor-open-lightbox=\"yes\" data-elementor-lightbox-title=\"Aluminum Bottle for Essential Oil\" data-e-action-hash=\"#elementor-action%3Aaction%3Dlightbox%26settings%3DeyJpZCI6MzM3OTUsInVybCI6Imh0dHBzOlwvXC93d3cuY25zaGluaW5nLmNvbVwvd3AtY29udGVudFwvdXBsb2Fkc1wvMjAyNVwvMTFcL0FsdW1pbnVtLUJvdHRsZS1mb3ItRXNzZW50aWFsLU9pbC0xLndlYnAifQ%3D%3D\">\n\t\t\t\t\t\t\t<img decoding=\"async\" src=\"https:\/\/www.cnshining.com\/wp-content\/uploads\/elementor\/thumbs\/Aluminum-Bottle-for-Essential-Oil-1-rejhkbd4h4cmz9y85ypj3h68ktqxb8xzrju5eyv7g4.webp\" title=\"Aluminiumflasche f\u00fcr \u00e4therische \u00d6le\" alt=\"Aluminiumflasche f\u00fcr \u00e4therische \u00d6le\" loading=\"lazy\" \/>\t\t\t\t\t\t\t\t<\/a>\n\t\t\t\t\t\t\t\t\t\t\t\t\t\t\t<\/div>\n\t\t\t\t<div class=\"elementor-element elementor-element-995382d elementor-align-center elementor-widget elementor-widget-button\" data-id=\"995382d\" data-element_type=\"widget\" data-widget_type=\"button.default\">\n\t\t\t\t\t\t\t\t\t\t<a class=\"elementor-button elementor-button-link elementor-size-sm\" href=\"https:\/\/www.cnshining.com\/de\/produkt\/aluminium-atherische-ol-flasche\/\" target=\"_blank\">\n\t\t\t\t\t\t<span class=\"elementor-button-content-wrapper\">\n\t\t\t\t\t\t<span class=\"elementor-button-icon\">\n\t\t\t\t<svg aria-hidden=\"true\" class=\"e-font-icon-svg e-fas-arrow-right\" viewbox=\"0 0 448 512\" xmlns=\"http:\/\/www.w3.org\/2000\/svg\"><path d=\"M190.5 66.9l22.2-22.2c9.4-9.4 24.6-9.4 33.9 0L441 239c9.4 9.4 9.4 24.6 0 33.9L246.6 467.3c-9.4 9.4-24.6 9.4-33.9 0l-22.2-22.2c-9.5-9.5-9.3-25 .4-34.3L311.4 296H24c-13.3 0-24-10.7-24-24v-32c0-13.3 10.7-24 24-24h287.4L190.9 101.2c-9.8-9.3-10-24.8-.4-34.3z\"><\/path><\/svg>\t\t\t<\/span>\n\t\t\t\t\t\t\t\t\t<span class=\"elementor-button-text\">\u00c4therisches \u00d6l<\/span>\n\t\t\t\t\t<\/span>\n\t\t\t\t\t<\/a>\n\t\t\t\t\t\t\t\t<\/div>\n\t\t\t\t<\/div>\n\t\t<div class=\"elementor-element elementor-element-4b92899 e-con-full e-flex e-con e-child\" data-id=\"4b92899\" data-element_type=\"container\">\n\t\t\t\t<div class=\"elementor-element elementor-element-9e03161 image-container elementor-widget elementor-widget-image\" data-id=\"9e03161\" data-element_type=\"widget\" data-widget_type=\"image.default\">\n\t\t\t\t\t\t\t\t\t\t\t\t\t\t\t\t<a href=\"https:\/\/www.cnshining.com\/wp-content\/uploads\/2025\/11\/Aluminum-Bottle-for-Essential-Oil-2.webp\" data-elementor-open-lightbox=\"yes\" data-elementor-lightbox-title=\"Aluminum Bottle for Essential Oil\" data-e-action-hash=\"#elementor-action%3Aaction%3Dlightbox%26settings%3DeyJpZCI6MzM3OTYsInVybCI6Imh0dHBzOlwvXC93d3cuY25zaGluaW5nLmNvbVwvd3AtY29udGVudFwvdXBsb2Fkc1wvMjAyNVwvMTFcL0FsdW1pbnVtLUJvdHRsZS1mb3ItRXNzZW50aWFsLU9pbC0yLndlYnAifQ%3D%3D\">\n\t\t\t\t\t\t\t<img decoding=\"async\" src=\"https:\/\/www.cnshining.com\/wp-content\/uploads\/elementor\/thumbs\/Aluminum-Bottle-for-Essential-Oil-2-rejhls033ucp1ftrmlgmz3w1uejhaaqymsdcagp5ro.webp\" title=\"Aluminiumflasche f\u00fcr \u00e4therische \u00d6le\" alt=\"Aluminiumflasche f\u00fcr \u00e4therische \u00d6le\" loading=\"lazy\" \/>\t\t\t\t\t\t\t\t<\/a>\n\t\t\t\t\t\t\t\t\t\t\t\t\t\t\t<\/div>\n\t\t\t\t<div class=\"elementor-element elementor-element-1fbe6f9 elementor-align-center elementor-widget elementor-widget-button\" data-id=\"1fbe6f9\" data-element_type=\"widget\" data-widget_type=\"button.default\">\n\t\t\t\t\t\t\t\t\t\t<a class=\"elementor-button elementor-button-link elementor-size-sm\" href=\"https:\/\/www.cnshining.com\/de\/produkt\/aluminium-tropfflasche\/\" target=\"_blank\">\n\t\t\t\t\t\t<span class=\"elementor-button-content-wrapper\">\n\t\t\t\t\t\t<span class=\"elementor-button-icon\">\n\t\t\t\t<svg aria-hidden=\"true\" class=\"e-font-icon-svg e-fas-arrow-right\" viewbox=\"0 0 448 512\" xmlns=\"http:\/\/www.w3.org\/2000\/svg\"><path d=\"M190.5 66.9l22.2-22.2c9.4-9.4 24.6-9.4 33.9 0L441 239c9.4 9.4 9.4 24.6 0 33.9L246.6 467.3c-9.4 9.4-24.6 9.4-33.9 0l-22.2-22.2c-9.5-9.5-9.3-25 .4-34.3L311.4 296H24c-13.3 0-24-10.7-24-24v-32c0-13.3 10.7-24 24-24h287.4L190.9 101.2c-9.8-9.3-10-24.8-.4-34.3z\"><\/path><\/svg>\t\t\t<\/span>\n\t\t\t\t\t\t\t\t\t<span class=\"elementor-button-text\">\u00c4therisches \u00d6l<\/span>\n\t\t\t\t\t<\/span>\n\t\t\t\t\t<\/a>\n\t\t\t\t\t\t\t\t<\/div>\n\t\t\t\t<\/div>\n\t\t<div class=\"elementor-element elementor-element-b680d83 e-con-full e-flex e-con e-child\" data-id=\"b680d83\" data-element_type=\"container\">\n\t\t\t\t<div class=\"elementor-element elementor-element-5fcf46e image-container elementor-widget elementor-widget-image\" data-id=\"5fcf46e\" data-element_type=\"widget\" data-widget_type=\"image.default\">\n\t\t\t\t\t\t\t\t\t\t\t\t\t\t\t\t<a href=\"https:\/\/www.cnshining.com\/wp-content\/uploads\/2025\/11\/Aluminum-Bottle-for-Essential-Oil-3.webp\" data-elementor-open-lightbox=\"yes\" data-elementor-lightbox-title=\"Aluminum Bottle for Essential Oil\" data-e-action-hash=\"#elementor-action%3Aaction%3Dlightbox%26settings%3DeyJpZCI6MzM3OTcsInVybCI6Imh0dHBzOlwvXC93d3cuY25zaGluaW5nLmNvbVwvd3AtY29udGVudFwvdXBsb2Fkc1wvMjAyNVwvMTFcL0FsdW1pbnVtLUJvdHRsZS1mb3ItRXNzZW50aWFsLU9pbC0zLndlYnAifQ%3D%3D\">\n\t\t\t\t\t\t\t<img decoding=\"async\" src=\"https:\/\/www.cnshining.com\/wp-content\/uploads\/elementor\/thumbs\/Aluminum-Bottle-for-Essential-Oil-3-rejhmgfw1ja5fau9nw0xrxq1af70uffze5byrnox9w.webp\" title=\"Aluminiumflasche f\u00fcr \u00e4therische \u00d6le\" alt=\"Aluminiumflasche f\u00fcr \u00e4therische \u00d6le\" loading=\"lazy\" \/>\t\t\t\t\t\t\t\t<\/a>\n\t\t\t\t\t\t\t\t\t\t\t\t\t\t\t<\/div>\n\t\t\t\t<div class=\"elementor-element elementor-element-4dc1ad4 elementor-align-center elementor-widget elementor-widget-button\" data-id=\"4dc1ad4\" data-element_type=\"widget\" data-widget_type=\"button.default\">\n\t\t\t\t\t\t\t\t\t\t<a class=\"elementor-button elementor-button-link elementor-size-sm\" href=\"https:\/\/www.cnshining.com\/de\/produkt\/weithals-grose-eloxierte-aluminium-flasche\/\" target=\"_blank\">\n\t\t\t\t\t\t<span class=\"elementor-button-content-wrapper\">\n\t\t\t\t\t\t<span class=\"elementor-button-icon\">\n\t\t\t\t<svg aria-hidden=\"true\" class=\"e-font-icon-svg e-fas-arrow-right\" viewbox=\"0 0 448 512\" xmlns=\"http:\/\/www.w3.org\/2000\/svg\"><path d=\"M190.5 66.9l22.2-22.2c9.4-9.4 24.6-9.4 33.9 0L441 239c9.4 9.4 9.4 24.6 0 33.9L246.6 467.3c-9.4 9.4-24.6 9.4-33.9 0l-22.2-22.2c-9.5-9.5-9.3-25 .4-34.3L311.4 296H24c-13.3 0-24-10.7-24-24v-32c0-13.3 10.7-24 24-24h287.4L190.9 101.2c-9.8-9.3-10-24.8-.4-34.3z\"><\/path><\/svg>\t\t\t<\/span>\n\t\t\t\t\t\t\t\t\t<span class=\"elementor-button-text\">\u00c4therisches \u00d6l<\/span>\n\t\t\t\t\t<\/span>\n\t\t\t\t\t<\/a>\n\t\t\t\t\t\t\t\t<\/div>\n\t\t\t\t<\/div>\n\t\t<div class=\"elementor-element elementor-element-9f26125 e-con-full e-flex e-con e-child\" data-id=\"9f26125\" data-element_type=\"container\">\n\t\t\t\t<div class=\"elementor-element elementor-element-0ac4c03 image-container elementor-widget elementor-widget-image\" data-id=\"0ac4c03\" data-element_type=\"widget\" data-widget_type=\"image.default\">\n\t\t\t\t\t\t\t\t\t\t\t\t\t\t\t\t<a href=\"https:\/\/www.cnshining.com\/wp-content\/uploads\/2025\/11\/Aluminum-Bottle-for-Essential-Oil-4.webp\" data-elementor-open-lightbox=\"yes\" data-elementor-lightbox-title=\"Aluminum Bottle for Essential Oil\" data-e-action-hash=\"#elementor-action%3Aaction%3Dlightbox%26settings%3DeyJpZCI6MzM3OTgsInVybCI6Imh0dHBzOlwvXC93d3cuY25zaGluaW5nLmNvbVwvd3AtY29udGVudFwvdXBsb2Fkc1wvMjAyNVwvMTFcL0FsdW1pbnVtLUJvdHRsZS1mb3ItRXNzZW50aWFsLU9pbC00LndlYnAifQ%3D%3D\">\n\t\t\t\t\t\t\t<img decoding=\"async\" src=\"https:\/\/www.cnshining.com\/wp-content\/uploads\/elementor\/thumbs\/Aluminum-Bottle-for-Essential-Oil-4-rejhn8n1qkcr3lpb387quqlv3zc19cjxi0wj5yj438.webp\" title=\"Aluminiumflasche f\u00fcr \u00e4therische \u00d6le\" alt=\"Aluminiumflasche f\u00fcr \u00e4therische \u00d6le\" loading=\"lazy\" \/>\t\t\t\t\t\t\t\t<\/a>\n\t\t\t\t\t\t\t\t\t\t\t\t\t\t\t<\/div>\n\t\t\t\t<div class=\"elementor-element elementor-element-8b05903 elementor-align-center elementor-widget elementor-widget-button\" data-id=\"8b05903\" data-element_type=\"widget\" data-widget_type=\"button.default\">\n\t\t\t\t\t\t\t\t\t\t<a class=\"elementor-button elementor-button-link elementor-size-sm\" href=\"https:\/\/www.cnshining.com\/de\/produkt\/aluminium-atherische-ol-flasche\/\" target=\"_blank\">\n\t\t\t\t\t\t<span class=\"elementor-button-content-wrapper\">\n\t\t\t\t\t\t<span class=\"elementor-button-icon\">\n\t\t\t\t<svg aria-hidden=\"true\" class=\"e-font-icon-svg e-fas-arrow-right\" viewbox=\"0 0 448 512\" xmlns=\"http:\/\/www.w3.org\/2000\/svg\"><path d=\"M190.5 66.9l22.2-22.2c9.4-9.4 24.6-9.4 33.9 0L441 239c9.4 9.4 9.4 24.6 0 33.9L246.6 467.3c-9.4 9.4-24.6 9.4-33.9 0l-22.2-22.2c-9.5-9.5-9.3-25 .4-34.3L311.4 296H24c-13.3 0-24-10.7-24-24v-32c0-13.3 10.7-24 24-24h287.4L190.9 101.2c-9.8-9.3-10-24.8-.4-34.3z\"><\/path><\/svg>\t\t\t<\/span>\n\t\t\t\t\t\t\t\t\t<span class=\"elementor-button-text\">\u00c4therisches \u00d6l<\/span>\n\t\t\t\t\t<\/span>\n\t\t\t\t\t<\/a>\n\t\t\t\t\t\t\t\t<\/div>\n\t\t\t\t<\/div>\n\t\t\t\t<\/div>\n\t\t\t\t\t<\/div>\n\t\t\t\t<\/div>\n\t\t<div class=\"elementor-element elementor-element-e41763d e-con-full e-flex e-con e-parent\" data-id=\"e41763d\" data-element_type=\"container\">\n\t\t\t\t<div class=\"elementor-element elementor-element-7aa2258 elementor-widget elementor-widget-text-editor\" data-id=\"7aa2258\" data-element_type=\"widget\" data-widget_type=\"text-editor.default\">\n\t\t\t\t\t\t\t\t\t<p>\t\t<div data-elementor-type=\"container\" data-elementor-id=\"22909\" class=\"elementor elementor-22909\" data-elementor-post-type=\"elementor_library\">\n\t\t\t\t<div class=\"elementor-element elementor-element-31fc8a4b e-flex e-con-boxed e-con e-parent\" data-id=\"31fc8a4b\" data-element_type=\"container\">\n\t\t\t\t\t<div class=\"e-con-inner\">\n\t\t\t\t<div class=\"elementor-element elementor-element-00eb7f0 elementor-widget elementor-widget-text-editor\" data-id=\"00eb7f0\" data-element_type=\"widget\" data-widget_type=\"text-editor.default\">\n\t\t\t\t\t\t\t\t\t<p>Von \u00fcber 1.000 Marken genutzt<\/p>\t\t\t\t\t\t\t\t<\/div>\n\t\t\t\t<div class=\"elementor-element elementor-element-57c5a96c elementor-widget elementor-widget-image-carousel\" data-id=\"57c5a96c\" data-element_type=\"widget\" data-settings=\"{&quot;slides_to_show&quot;:&quot;6&quot;,&quot;slides_to_show_tablet&quot;:&quot;4&quot;,&quot;slides_to_show_mobile&quot;:&quot;2&quot;,&quot;navigation&quot;:&quot;none&quot;,&quot;autoplay_speed&quot;:3000,&quot;slides_to_scroll&quot;:&quot;2&quot;,&quot;autoplay&quot;:&quot;yes&quot;,&quot;pause_on_hover&quot;:&quot;yes&quot;,&quot;pause_on_interaction&quot;:&quot;yes&quot;,&quot;infinite&quot;:&quot;yes&quot;,&quot;speed&quot;:500}\" data-widget_type=\"image-carousel.default\">\n\t\t\t\t\t\t\t<div class=\"elementor-image-carousel-wrapper swiper\" role=\"region\" aria-roledescription=\"carousel\" aria-label=\"Bilderkarussell\" dir=\"ltr\">\n\t\t\t<div class=\"elementor-image-carousel swiper-wrapper\" aria-live=\"off\">\n\t\t\t\t\t\t\t\t<div class=\"swiper-slide\" role=\"group\" aria-roledescription=\"slide\" aria-label=\"1 von 8\"><figure class=\"swiper-slide-inner\"><img decoding=\"async\" class=\"swiper-slide-image\" src=\"https:\/\/www.cnshining.com\/wp-content\/uploads\/2025\/08\/McDonalds-logo.webp\" alt=\"McDonald&#039;s-Logo\" title=\"\"><\/figure><\/div><div class=\"swiper-slide\" role=\"group\" aria-roledescription=\"slide\" aria-label=\"2 von 8\"><figure class=\"swiper-slide-inner\"><img decoding=\"async\" class=\"swiper-slide-image\" src=\"https:\/\/www.cnshining.com\/wp-content\/uploads\/2025\/08\/Castrol-logo.webp\" alt=\"Castrol-Logo\" title=\"\"><\/figure><\/div><div class=\"swiper-slide\" role=\"group\" aria-roledescription=\"slide\" aria-label=\"3 von 8\"><figure class=\"swiper-slide-inner\"><img decoding=\"async\" class=\"swiper-slide-image\" src=\"https:\/\/www.cnshining.com\/wp-content\/uploads\/2025\/08\/Coca-Cola-logo.webp\" alt=\"Coca-Cola-Logo\" title=\"\"><\/figure><\/div><div class=\"swiper-slide\" role=\"group\" aria-roledescription=\"slide\" aria-label=\"4 von 8\"><figure class=\"swiper-slide-inner\"><img decoding=\"async\" class=\"swiper-slide-image\" src=\"https:\/\/www.cnshining.com\/wp-content\/uploads\/2025\/08\/Disney-logo.webp\" alt=\"Disney-Logo\" title=\"\"><\/figure><\/div><div class=\"swiper-slide\" role=\"group\" aria-roledescription=\"slide\" aria-label=\"5 von 8\"><figure class=\"swiper-slide-inner\"><img decoding=\"async\" class=\"swiper-slide-image\" src=\"https:\/\/www.cnshining.com\/wp-content\/uploads\/2025\/08\/Dove-logo.webp\" alt=\"Taubenlogo\" title=\"\"><\/figure><\/div><div class=\"swiper-slide\" role=\"group\" aria-roledescription=\"slide\" aria-label=\"6 von 8\"><figure class=\"swiper-slide-inner\"><img decoding=\"async\" class=\"swiper-slide-image\" src=\"https:\/\/www.cnshining.com\/wp-content\/uploads\/2025\/08\/Fuchs-logo.webp\" alt=\"Fuchs-Logo\" title=\"\"><\/figure><\/div><div class=\"swiper-slide\" role=\"group\" aria-roledescription=\"slide\" aria-label=\"7 von 8\"><figure class=\"swiper-slide-inner\"><img decoding=\"async\" class=\"swiper-slide-image\" src=\"https:\/\/www.cnshining.com\/wp-content\/uploads\/2025\/08\/Gillette-logo.webp\" alt=\"Gillette-Logo\" title=\"\"><\/figure><\/div><div class=\"swiper-slide\" role=\"group\" aria-roledescription=\"slide\" aria-label=\"8 von 8\"><figure class=\"swiper-slide-inner\"><img decoding=\"async\" class=\"swiper-slide-image\" src=\"https:\/\/www.cnshining.com\/wp-content\/uploads\/2025\/08\/Grove-logo.webp\" alt=\"Grove-Logo\" title=\"\"><\/figure><\/div>\t\t\t<\/div>\n\t\t\t\t\t\t\t\n\t\t\t\t\t\t\t\t\t<\/div>\n\t\t\t\t\t\t<\/div>\n\t\t\t\t\t<\/div>\n\t\t\t\t<\/div>\n\t\t\t\t<\/div>\n\t\t<\/p>\t\t\t\t\t\t\t\t<\/div>\n\t\t\t\t<\/div>\n\t\t\t\t<\/div>","protected":false},"excerpt":{"rendered":"<p>Aluminiumflaschen f\u00fcr \u00e4therische \u00d6le \u2013 100%, lichtundurchl\u00e4ssig, chemikalienneutral, auslaufsicher mit Pipette. Leicht und recycelbar. Hochwertige Verpackung, auf die Aromatherapie-Marken vertrauen.<\/p>","protected":false},"author":1,"featured_media":43402,"parent":25916,"menu_order":0,"comment_status":"closed","ping_status":"closed","template":"","meta":{"footnotes":""},"class_list":["post-33789","page","type-page","status-publish","has-post-thumbnail","hentry"],"_links":{"self":[{"href":"https:\/\/www.cnshining.com\/de\/wp-json\/wp\/v2\/pages\/33789","targetHints":{"allow":["GET"]}}],"collection":[{"href":"https:\/\/www.cnshining.com\/de\/wp-json\/wp\/v2\/pages"}],"about":[{"href":"https:\/\/www.cnshining.com\/de\/wp-json\/wp\/v2\/types\/page"}],"author":[{"embeddable":true,"href":"https:\/\/www.cnshining.com\/de\/wp-json\/wp\/v2\/users\/1"}],"replies":[{"embeddable":true,"href":"https:\/\/www.cnshining.com\/de\/wp-json\/wp\/v2\/comments?post=33789"}],"version-history":[{"count":0,"href":"https:\/\/www.cnshining.com\/de\/wp-json\/wp\/v2\/pages\/33789\/revisions"}],"up":[{"embeddable":true,"href":"https:\/\/www.cnshining.com\/de\/wp-json\/wp\/v2\/pages\/25916"}],"wp:featuredmedia":[{"embeddable":true,"href":"https:\/\/www.cnshining.com\/de\/wp-json\/wp\/v2\/media\/43402"}],"wp:attachment":[{"href":"https:\/\/www.cnshining.com\/de\/wp-json\/wp\/v2\/media?parent=33789"}],"curies":[{"name":"wp","href":"https:\/\/api.w.org\/{rel}","templated":true}]}}