{"id":41721,"date":"2025-12-10T09:54:52","date_gmt":"2025-12-10T09:54:52","guid":{"rendered":"https:\/\/www.cnshining.com\/?page_id=41721"},"modified":"2026-04-14T01:13:17","modified_gmt":"2026-04-14T01:13:17","slug":"produkt-2","status":"publish","type":"page","link":"https:\/\/www.cnshining.com\/de\/produkt-2","title":{"rendered":"Gr\u00f6\u00dfe und Fassungsverm\u00f6gen der Aluminiumflasche"},"content":{"rendered":"<div data-elementor-type=\"wp-page\" data-elementor-id=\"41721\" class=\"elementor elementor-41721\" data-elementor-post-type=\"page\">\n\t\t\t\t<div class=\"elementor-element elementor-element-90b08fc e-flex e-con-boxed e-con e-parent\" data-id=\"90b08fc\" data-element_type=\"container\" data-settings=\"{&quot;background_background&quot;:&quot;classic&quot;}\">\n\t\t\t\t\t<div class=\"e-con-inner\">\n\t\t\t\t<div class=\"elementor-element elementor-element-d611365 elementor-widget elementor-widget-heading\" data-id=\"d611365\" data-element_type=\"widget\" data-widget_type=\"heading.default\">\n\t\t\t\t\t<h1 class=\"elementor-heading-title elementor-size-default\">Gr\u00f6\u00dfe und Fassungsverm\u00f6gen der Aluminiumflasche<\/h1>\t\t\t\t<\/div>\n\t\t\t\t<div class=\"elementor-element elementor-element-f63beaa elementor-icon-list--layout-inline elementor-align-center elementor-list-item-link-full_width elementor-widget elementor-widget-icon-list\" data-id=\"f63beaa\" data-element_type=\"widget\" data-widget_type=\"icon-list.default\">\n\t\t\t\t\t\t\t<ul class=\"elementor-icon-list-items elementor-inline-items\">\n\t\t\t\t\t\t\t<li class=\"elementor-icon-list-item elementor-inline-item\">\n\t\t\t\t\t\t\t\t\t\t\t<a href=\"https:\/\/www.cnshining.com\/de\" target=\"_blank\">\n\n\t\t\t\t\t\t\t\t\t\t\t\t<span class=\"elementor-icon-list-icon\">\n\t\t\t\t\t\t\t<svg aria-hidden=\"true\" class=\"e-font-icon-svg e-fas-home\" viewbox=\"0 0 576 512\" xmlns=\"http:\/\/www.w3.org\/2000\/svg\"><path d=\"M280.37 148.26L96 300.11V464a16 16 0 0 0 16 16l112.06-.29a16 16 0 0 0 15.92-16V368a16 16 0 0 1 16-16h64a16 16 0 0 1 16 16v95.64a16 16 0 0 0 16 16.05L464 480a16 16 0 0 0 16-16V300L295.67 148.26a12.19 12.19 0 0 0-15.3 0zM571.6 251.47L488 182.56V44.05a12 12 0 0 0-12-12h-56a12 12 0 0 0-12 12v72.61L318.47 43a48 48 0 0 0-61 0L4.34 251.47a12 12 0 0 0-1.6 16.9l25.5 31A12 12 0 0 0 45.15 301l235.22-193.74a12.19 12.19 0 0 1 15.3 0L530.9 301a12 12 0 0 0 16.9-1.6l25.5-31a12 12 0 0 0-1.7-16.93z\"><\/path><\/svg>\t\t\t\t\t\t<\/span>\n\t\t\t\t\t\t\t\t\t\t<span class=\"elementor-icon-list-text\">Heim \/<\/span>\n\t\t\t\t\t\t\t\t\t\t\t<\/a>\n\t\t\t\t\t\t\t\t\t<\/li>\n\t\t\t\t\t\t\t\t<li class=\"elementor-icon-list-item elementor-inline-item\">\n\t\t\t\t\t\t\t\t\t\t\t<a href=\"https:\/\/www.cnshining.com\/de\/aluminium-flaschen-markt\/\" target=\"_blank\">\n\n\t\t\t\t\t\t\t\t\t\t\t<span class=\"elementor-icon-list-text\">Aluminiumflasche\/<\/span>\n\t\t\t\t\t\t\t\t\t\t\t<\/a>\n\t\t\t\t\t\t\t\t\t<\/li>\n\t\t\t\t\t\t<\/ul>\n\t\t\t\t\t\t<\/div>\n\t\t\t\t\t<\/div>\n\t\t\t\t<\/div>\n\t\t<div class=\"elementor-element elementor-element-64c9185 e-flex e-con-boxed e-con e-parent\" data-id=\"64c9185\" data-element_type=\"container\" data-settings=\"{&quot;background_background&quot;:&quot;classic&quot;}\">\n\t\t\t\t\t<div class=\"e-con-inner\">\n\t\t<div class=\"elementor-element elementor-element-127e4f0 e-con-full e-flex e-con e-child\" data-id=\"127e4f0\" data-element_type=\"container\">\n\t\t<a class=\"elementor-element elementor-element-99c2967 e-con-full e-flex e-con e-child\" data-id=\"99c2967\" data-element_type=\"container\" href=\"https:\/\/www.cnshining.com\/de\/1oz-aluminiumflasche-30ml-aluminiumflasche%e2%80%8b\/\" target=\"_blank\">\n\t\t\t\t<div class=\"elementor-element elementor-element-1c18892 img elementor-cta--skin-classic elementor-animated-content elementor-bg-transform elementor-bg-transform-zoom-in elementor-widget elementor-widget-call-to-action\" data-id=\"1c18892\" data-element_type=\"widget\" data-widget_type=\"call-to-action.default\">\n\t\t\t\t\t\t\t<div class=\"elementor-cta\">\n\t\t\t\t\t<div class=\"elementor-cta__bg-wrapper\">\n\t\t\t\t<div class=\"elementor-cta__bg elementor-bg\" style=\"background-image: url(https:\/\/www.cnshining.com\/wp-content\/uploads\/elementor\/thumbs\/1oz-Aluminum-Package-Size-Capacity-rfzjj27fzibtww2plweip20nh1iuk1hyn49s5ofnr6.webp);\" role=\"img\" aria-label=\"1-Unzen-Aluminiumverpackung \u2013 Gr\u00f6\u00dfe und Kapazit\u00e4t\"><\/div>\n\t\t\t\t<div class=\"elementor-cta__bg-overlay\"><\/div>\n\t\t\t<\/div>\n\t\t\t\t\t\t\t\t<\/div>\n\t\t\t\t\t\t<\/div>\n\t\t\t\t<div class=\"elementor-element elementor-element-6ebad3b elementor-widget elementor-widget-heading\" data-id=\"6ebad3b\" data-element_type=\"widget\" data-widget_type=\"heading.default\">\n\t\t\t\t\t<h2 class=\"elementor-heading-title elementor-size-default\">1oz 30ml Aluminiumflasche<\/h2>\t\t\t\t<\/div>\n\t\t\t\t<\/a>\n\t\t<a class=\"elementor-element elementor-element-471c270 e-con-full e-flex e-con e-child\" data-id=\"471c270\" data-element_type=\"container\" href=\"https:\/\/www.cnshining.com\/de\/benutzerdefinierte-2-oz-aluminiumflasche-60ml-aluminiumflasche%e2%80%8b\/\" target=\"_blank\">\n\t\t\t\t<div class=\"elementor-element elementor-element-7e8413c img elementor-cta--skin-classic elementor-animated-content elementor-bg-transform elementor-bg-transform-zoom-in elementor-widget elementor-widget-call-to-action\" data-id=\"7e8413c\" data-element_type=\"widget\" data-widget_type=\"call-to-action.default\">\n\t\t\t\t\t\t\t<div class=\"elementor-cta\">\n\t\t\t\t\t<div class=\"elementor-cta__bg-wrapper\">\n\t\t\t\t<div class=\"elementor-cta__bg elementor-bg\" style=\"background-image: url(https:\/\/www.cnshining.com\/wp-content\/uploads\/elementor\/thumbs\/2oz-Aluminum-Package-Size-Capacity-rfzjj27fzibtww2plweip20nh1iuk1hyn49s5ofnr6.webp);\" role=\"img\" aria-label=\"2-Unzen-Aluminiumverpackung \u2013 Gr\u00f6\u00dfe und Kapazit\u00e4t\"><\/div>\n\t\t\t\t<div class=\"elementor-cta__bg-overlay\"><\/div>\n\t\t\t<\/div>\n\t\t\t\t\t\t\t\t<\/div>\n\t\t\t\t\t\t<\/div>\n\t\t\t\t<div class=\"elementor-element elementor-element-66eeeb2 elementor-widget elementor-widget-heading\" data-id=\"66eeeb2\" data-element_type=\"widget\" data-widget_type=\"heading.default\">\n\t\t\t\t\t<h2 class=\"elementor-heading-title elementor-size-default\">2oz 60ml Aluminiumflasche<\/h2>\t\t\t\t<\/div>\n\t\t\t\t<\/a>\n\t\t<a class=\"elementor-element elementor-element-7fde22f e-con-full e-flex e-con e-child\" data-id=\"7fde22f\" data-element_type=\"container\" href=\"https:\/\/www.cnshining.com\/de\/benutzerdefinierte-3-oz-4-oz-aluminiumflasche-100ml-aluminiumflasche\/\" target=\"_blank\">\n\t\t\t\t<div class=\"elementor-element elementor-element-04d0ac0 img elementor-cta--skin-classic elementor-animated-content elementor-bg-transform elementor-bg-transform-zoom-in elementor-widget elementor-widget-call-to-action\" data-id=\"04d0ac0\" data-element_type=\"widget\" data-widget_type=\"call-to-action.default\">\n\t\t\t\t\t\t\t<div class=\"elementor-cta\">\n\t\t\t\t\t<div class=\"elementor-cta__bg-wrapper\">\n\t\t\t\t<div class=\"elementor-cta__bg elementor-bg\" style=\"background-image: url(https:\/\/www.cnshining.com\/wp-content\/uploads\/elementor\/thumbs\/3-4oz-Aluminum-Package-Size-Capacity-rfzjj434d6eek3zzax7ru1jknt9kzfpfbdkr48cveq.webp);\" role=\"img\" aria-label=\"3-4 oz Aluminiumverpackungsgr\u00f6\u00dfe und -kapazit\u00e4t\"><\/div>\n\t\t\t\t<div class=\"elementor-cta__bg-overlay\"><\/div>\n\t\t\t<\/div>\n\t\t\t\t\t\t\t\t<\/div>\n\t\t\t\t\t\t<\/div>\n\t\t\t\t<div class=\"elementor-element elementor-element-650bf30 elementor-widget elementor-widget-heading\" data-id=\"650bf30\" data-element_type=\"widget\" data-widget_type=\"heading.default\">\n\t\t\t\t\t<h2 class=\"elementor-heading-title elementor-size-default\">3oz 4oz Aluminiumflasche<\/h2>\t\t\t\t<\/div>\n\t\t\t\t<\/a>\n\t\t<a class=\"elementor-element elementor-element-7512a53 e-con-full e-flex e-con e-child\" data-id=\"7512a53\" data-element_type=\"container\" href=\"https:\/\/www.cnshining.com\/de\/6-oz-8-oz-aluminiumflasche-200ml-250ml-300ml-aluminiumflasche\/\" target=\"_blank\">\n\t\t\t\t<div class=\"elementor-element elementor-element-4a58aba img elementor-cta--skin-classic elementor-animated-content elementor-bg-transform elementor-bg-transform-zoom-in elementor-widget elementor-widget-call-to-action\" data-id=\"4a58aba\" data-element_type=\"widget\" data-widget_type=\"call-to-action.default\">\n\t\t\t\t\t\t\t<div class=\"elementor-cta\">\n\t\t\t\t\t<div class=\"elementor-cta__bg-wrapper\">\n\t\t\t\t<div class=\"elementor-cta__bg elementor-bg\" style=\"background-image: url(https:\/\/www.cnshining.com\/wp-content\/uploads\/elementor\/thumbs\/6-8oz-Aluminum-Package-Size-Capacity-rfzjj434d6eek3zzax7ru1jknt9kzfpfbdkr48cveq.webp);\" role=\"img\" aria-label=\"6-8 oz Aluminium-Verpackungsgr\u00f6\u00dfe &amp; Kapazit\u00e4t\"><\/div>\n\t\t\t\t<div class=\"elementor-cta__bg-overlay\"><\/div>\n\t\t\t<\/div>\n\t\t\t\t\t\t\t\t<\/div>\n\t\t\t\t\t\t<\/div>\n\t\t\t\t<div class=\"elementor-element elementor-element-d598be2 elementor-widget elementor-widget-heading\" data-id=\"d598be2\" data-element_type=\"widget\" data-widget_type=\"heading.default\">\n\t\t\t\t\t<h2 class=\"elementor-heading-title elementor-size-default\">6oz 8oz Aluminiumflasche<\/h2>\t\t\t\t<\/div>\n\t\t\t\t<\/a>\n\t\t<a class=\"elementor-element elementor-element-b98de00 e-con-full e-flex e-con e-child\" data-id=\"b98de00\" data-element_type=\"container\" href=\"https:\/\/www.cnshining.com\/de\/10-oz-12-oz-aluminiumflasche-300ml-350ml-aluminiumflasche\/\" target=\"_blank\">\n\t\t\t\t<div class=\"elementor-element elementor-element-61fcce5 img elementor-cta--skin-classic elementor-animated-content elementor-bg-transform elementor-bg-transform-zoom-in elementor-widget elementor-widget-call-to-action\" data-id=\"61fcce5\" data-element_type=\"widget\" data-widget_type=\"call-to-action.default\">\n\t\t\t\t\t\t\t<div class=\"elementor-cta\">\n\t\t\t\t\t<div class=\"elementor-cta__bg-wrapper\">\n\t\t\t\t<div class=\"elementor-cta__bg elementor-bg\" style=\"background-image: url(https:\/\/www.cnshining.com\/wp-content\/uploads\/elementor\/thumbs\/10-12oz-Aluminum-Package-Size-Capacity-rfzjj434d6eek3zzax7ru1jknt9kzfpfbdkr48cveq.webp);\" role=\"img\" aria-label=\"10-12 oz Aluminium-Verpackungsgr\u00f6\u00dfe &amp; Kapazit\u00e4t\"><\/div>\n\t\t\t\t<div class=\"elementor-cta__bg-overlay\"><\/div>\n\t\t\t<\/div>\n\t\t\t\t\t\t\t\t<\/div>\n\t\t\t\t\t\t<\/div>\n\t\t\t\t<div class=\"elementor-element elementor-element-b761ea8 elementor-widget elementor-widget-heading\" data-id=\"b761ea8\" data-element_type=\"widget\" data-widget_type=\"heading.default\">\n\t\t\t\t\t<h2 class=\"elementor-heading-title elementor-size-default\">10oz 12oz Aluminiumflaschen<\/h2>\t\t\t\t<\/div>\n\t\t\t\t<\/a>\n\t\t<a class=\"elementor-element elementor-element-7cff63d e-con-full e-flex e-con e-child\" data-id=\"7cff63d\" data-element_type=\"container\" href=\"https:\/\/www.cnshining.com\/de\/benutzerdefinierte-16-oz-aluminiumflasche-500ml-aluminiumflasche\/\" target=\"_blank\">\n\t\t\t\t<div class=\"elementor-element elementor-element-4398c99 img elementor-cta--skin-classic elementor-animated-content elementor-bg-transform elementor-bg-transform-zoom-in elementor-widget elementor-widget-call-to-action\" data-id=\"4398c99\" data-element_type=\"widget\" data-widget_type=\"call-to-action.default\">\n\t\t\t\t\t\t\t<div class=\"elementor-cta\">\n\t\t\t\t\t<div class=\"elementor-cta__bg-wrapper\">\n\t\t\t\t<div class=\"elementor-cta__bg elementor-bg\" style=\"background-image: url(https:\/\/www.cnshining.com\/wp-content\/uploads\/elementor\/thumbs\/16oz-Aluminum-Package-Size-Capacity-rfzjj5ysqugz7bx8zy10z12hul0betwvzmvq2sa32a.webp);\" role=\"img\" aria-label=\"16-Unzen-Aluminiumverpackung \u2013 Gr\u00f6\u00dfe und Fassungsverm\u00f6gen\"><\/div>\n\t\t\t\t<div class=\"elementor-cta__bg-overlay\"><\/div>\n\t\t\t<\/div>\n\t\t\t\t\t\t\t\t<\/div>\n\t\t\t\t\t\t<\/div>\n\t\t\t\t<div class=\"elementor-element elementor-element-5da644c elementor-widget elementor-widget-heading\" data-id=\"5da644c\" data-element_type=\"widget\" data-widget_type=\"heading.default\">\n\t\t\t\t\t<h2 class=\"elementor-heading-title elementor-size-default\">16oz 500ml Aluminiumflasche<\/h2>\t\t\t\t<\/div>\n\t\t\t\t<\/a>\n\t\t<a class=\"elementor-element elementor-element-1ae5608 e-con-full e-flex e-con e-child\" data-id=\"1ae5608\" data-element_type=\"container\" href=\"https:\/\/www.cnshining.com\/de\/25oz-aluminium-flasche-700-750ml-aluminium-flasche\/\" target=\"_blank\">\n\t\t\t\t<div class=\"elementor-element elementor-element-5a76e4b img elementor-cta--skin-classic elementor-animated-content elementor-bg-transform elementor-bg-transform-zoom-in elementor-widget elementor-widget-call-to-action\" data-id=\"5a76e4b\" data-element_type=\"widget\" data-widget_type=\"call-to-action.default\">\n\t\t\t\t\t\t\t<div class=\"elementor-cta\">\n\t\t\t\t\t<div class=\"elementor-cta__bg-wrapper\">\n\t\t\t\t<div class=\"elementor-cta__bg elementor-bg\" style=\"background-image: url(https:\/\/www.cnshining.com\/wp-content\/uploads\/elementor\/thumbs\/24-25oz-Aluminum-Package-Size-Capacity-rfzjj5ysqugz7bx8zy10z12hul0betwvzmvq2sa32a.webp);\" role=\"img\" aria-label=\"24-25 oz Aluminium-Verpackungsgr\u00f6\u00dfe und -kapazit\u00e4t\"><\/div>\n\t\t\t\t<div class=\"elementor-cta__bg-overlay\"><\/div>\n\t\t\t<\/div>\n\t\t\t\t\t\t\t\t<\/div>\n\t\t\t\t\t\t<\/div>\n\t\t\t\t<div class=\"elementor-element elementor-element-c168a9d elementor-widget elementor-widget-heading\" data-id=\"c168a9d\" data-element_type=\"widget\" data-widget_type=\"heading.default\">\n\t\t\t\t\t<h2 class=\"elementor-heading-title elementor-size-default\">24oz 25oz Aluminiumflasche<\/h2>\t\t\t\t<\/div>\n\t\t\t\t<\/a>\n\t\t<a class=\"elementor-element elementor-element-fef5b78 e-con-full e-flex e-con e-child\" data-id=\"fef5b78\" data-element_type=\"container\" href=\"https:\/\/www.cnshining.com\/de\/33-oz-34-oz-aluminiumflasche-1000ml-aluminiumflasche\/\" target=\"_blank\">\n\t\t\t\t<div class=\"elementor-element elementor-element-f26c26d img elementor-cta--skin-classic elementor-animated-content elementor-bg-transform elementor-bg-transform-zoom-in elementor-widget elementor-widget-call-to-action\" data-id=\"f26c26d\" data-element_type=\"widget\" data-widget_type=\"call-to-action.default\">\n\t\t\t\t\t\t\t<div class=\"elementor-cta\">\n\t\t\t\t\t<div class=\"elementor-cta__bg-wrapper\">\n\t\t\t\t<div class=\"elementor-cta__bg elementor-bg\" style=\"background-image: url(https:\/\/www.cnshining.com\/wp-content\/uploads\/elementor\/thumbs\/33-34oz-Aluminum-Package-Size-Capacity-rfzjj7uh4ijjujuioyua40lf1cr1u84cnw6p1c7apu.webp);\" role=\"img\" aria-label=\"33-34 oz Aluminium-Verpackungsgr\u00f6\u00dfe und -kapazit\u00e4t\"><\/div>\n\t\t\t\t<div class=\"elementor-cta__bg-overlay\"><\/div>\n\t\t\t<\/div>\n\t\t\t\t\t\t\t\t<\/div>\n\t\t\t\t\t\t<\/div>\n\t\t\t\t<div class=\"elementor-element elementor-element-45eceed elementor-widget elementor-widget-heading\" data-id=\"45eceed\" data-element_type=\"widget\" data-widget_type=\"heading.default\">\n\t\t\t\t\t<h2 class=\"elementor-heading-title elementor-size-default\">33oz 34oz Aluminiumflasche<\/h2>\t\t\t\t<\/div>\n\t\t\t\t<\/a>\n\t\t<a class=\"elementor-element elementor-element-91982d3 e-con-full e-flex e-con e-child\" data-id=\"91982d3\" data-element_type=\"container\" href=\"https:\/\/www.cnshining.com\/de\/grose-aluminiumflasche-2\/\" target=\"_blank\">\n\t\t\t\t<div class=\"elementor-element elementor-element-fa6f392 img elementor-cta--skin-classic elementor-animated-content elementor-bg-transform elementor-bg-transform-zoom-in elementor-widget elementor-widget-call-to-action\" data-id=\"fa6f392\" data-element_type=\"widget\" data-widget_type=\"call-to-action.default\">\n\t\t\t\t\t\t\t<div class=\"elementor-cta\">\n\t\t\t\t\t<div class=\"elementor-cta__bg-wrapper\">\n\t\t\t\t<div class=\"elementor-cta__bg elementor-bg\" style=\"background-image: url(https:\/\/www.cnshining.com\/wp-content\/uploads\/elementor\/thumbs\/1L-Aluminum-Package-Size-Capacity-rfzjj0brlu999o5fwvl9k2hqa9s44nahyuyt74ig3m.webp);\" role=\"img\" aria-label=\"&gt;1L Aluminium-Verpackungsgr\u00f6\u00dfe &amp; Kapazit\u00e4t\"><\/div>\n\t\t\t\t<div class=\"elementor-cta__bg-overlay\"><\/div>\n\t\t\t<\/div>\n\t\t\t\t\t\t\t\t<\/div>\n\t\t\t\t\t\t<\/div>\n\t\t\t\t<div class=\"elementor-element elementor-element-71532a8 elementor-widget elementor-widget-heading\" data-id=\"71532a8\" data-element_type=\"widget\" data-widget_type=\"heading.default\">\n\t\t\t\t\t<h2 class=\"elementor-heading-title elementor-size-default\">1-Liter-Aluminiumflasche<\/h2>\t\t\t\t<\/div>\n\t\t\t\t<\/a>\n\t\t\t\t<\/div>\n\t\t\t\t\t<\/div>\n\t\t\t\t<\/div>\n\t\t\t\t<\/div>","protected":false},"excerpt":{"rendered":"<p>F\u00fchrender chinesischer Hersteller von Aerosoldosen, Aluminiumflaschen, Kanistern, Tuben und Bechern. Nachhaltige Metallverpackungen f\u00fcr Getr\u00e4nke, Kosmetik, Pharmazeutika und Lebensmittel. Individueller Druck, niedrige Mindestbestellmenge.<\/p>","protected":false},"author":1,"featured_media":37388,"parent":0,"menu_order":0,"comment_status":"closed","ping_status":"closed","template":"","meta":{"footnotes":""},"class_list":["post-41721","page","type-page","status-publish","has-post-thumbnail","hentry"],"_links":{"self":[{"href":"https:\/\/www.cnshining.com\/de\/wp-json\/wp\/v2\/pages\/41721","targetHints":{"allow":["GET"]}}],"collection":[{"href":"https:\/\/www.cnshining.com\/de\/wp-json\/wp\/v2\/pages"}],"about":[{"href":"https:\/\/www.cnshining.com\/de\/wp-json\/wp\/v2\/types\/page"}],"author":[{"embeddable":true,"href":"https:\/\/www.cnshining.com\/de\/wp-json\/wp\/v2\/users\/1"}],"replies":[{"embeddable":true,"href":"https:\/\/www.cnshining.com\/de\/wp-json\/wp\/v2\/comments?post=41721"}],"version-history":[{"count":4,"href":"https:\/\/www.cnshining.com\/de\/wp-json\/wp\/v2\/pages\/41721\/revisions"}],"predecessor-version":[{"id":47235,"href":"https:\/\/www.cnshining.com\/de\/wp-json\/wp\/v2\/pages\/41721\/revisions\/47235"}],"wp:featuredmedia":[{"embeddable":true,"href":"https:\/\/www.cnshining.com\/de\/wp-json\/wp\/v2\/media\/37388"}],"wp:attachment":[{"href":"https:\/\/www.cnshining.com\/de\/wp-json\/wp\/v2\/media?parent=41721"}],"curies":[{"name":"wp","href":"https:\/\/api.w.org\/{rel}","templated":true}]}}