{"id":1422,"date":"2014-10-29T08:47:26","date_gmt":"2014-10-29T08:47:26","guid":{"rendered":"http:\/\/www.cnshining.com\/?page_id=1422"},"modified":"2025-12-07T11:30:38","modified_gmt":"2025-12-07T11:30:38","slug":"politica-de-privacidad","status":"publish","type":"page","link":"https:\/\/www.cnshining.com\/es\/politica-de-privacidad","title":{"rendered":"pol\u00edtica de privacidad"},"content":{"rendered":"<div data-elementor-type=\"wp-page\" data-elementor-id=\"1422\" class=\"elementor elementor-1422\" data-elementor-post-type=\"page\">\n\t\t\t\t<div class=\"elementor-element elementor-element-72b4c427 e-flex e-con-boxed e-con e-parent\" data-id=\"72b4c427\" data-element_type=\"container\" data-settings=\"{&quot;background_background&quot;:&quot;classic&quot;}\">\n\t\t\t\t\t<div class=\"e-con-inner\">\n\t\t\t\t<div class=\"elementor-element elementor-element-5bcc330b elementor-icon-list--layout-inline elementor-align-center elementor-list-item-link-full_width elementor-widget elementor-widget-icon-list\" data-id=\"5bcc330b\" data-element_type=\"widget\" data-widget_type=\"icon-list.default\">\n\t\t\t\t\t\t\t<ul class=\"elementor-icon-list-items elementor-inline-items\">\n\t\t\t\t\t\t\t<li class=\"elementor-icon-list-item elementor-inline-item\">\n\t\t\t\t\t\t\t\t\t\t\t<a href=\"https:\/\/www.cnshining.com\/es\" target=\"_blank\">\n\n\t\t\t\t\t\t\t\t\t\t\t\t<span class=\"elementor-icon-list-icon\">\n\t\t\t\t\t\t\t<svg aria-hidden=\"true\" class=\"e-font-icon-svg e-fas-home\" viewbox=\"0 0 576 512\" xmlns=\"http:\/\/www.w3.org\/2000\/svg\"><path d=\"M280.37 148.26L96 300.11V464a16 16 0 0 0 16 16l112.06-.29a16 16 0 0 0 15.92-16V368a16 16 0 0 1 16-16h64a16 16 0 0 1 16 16v95.64a16 16 0 0 0 16 16.05L464 480a16 16 0 0 0 16-16V300L295.67 148.26a12.19 12.19 0 0 0-15.3 0zM571.6 251.47L488 182.56V44.05a12 12 0 0 0-12-12h-56a12 12 0 0 0-12 12v72.61L318.47 43a48 48 0 0 0-61 0L4.34 251.47a12 12 0 0 0-1.6 16.9l25.5 31A12 12 0 0 0 45.15 301l235.22-193.74a12.19 12.19 0 0 1 15.3 0L530.9 301a12 12 0 0 0 16.9-1.6l25.5-31a12 12 0 0 0-1.7-16.93z\"><\/path><\/svg>\t\t\t\t\t\t<\/span>\n\t\t\t\t\t\t\t\t\t\t<span class=\"elementor-icon-list-text\">Hogar \/<\/span>\n\t\t\t\t\t\t\t\t\t\t\t<\/a>\n\t\t\t\t\t\t\t\t\t<\/li>\n\t\t\t\t\t\t<\/ul>\n\t\t\t\t\t\t<\/div>\n\t\t\t\t\t<\/div>\n\t\t\t\t<\/div>\n\t\t<div class=\"elementor-element elementor-element-3e13885a e-flex e-con-boxed e-con e-parent\" data-id=\"3e13885a\" data-element_type=\"container\">\n\t\t\t\t\t<div class=\"e-con-inner\">\n\t\t\t\t<div class=\"elementor-element elementor-element-4f037485 elementor-widget elementor-widget-text-editor\" data-id=\"4f037485\" data-element_type=\"widget\" data-widget_type=\"text-editor.default\">\n\t\t\t\t\t\t\t\t\t\n<p>En Shining Packaging nos comprometemos a proteger cualquier informaci\u00f3n personal que nos proporcione. En particular, consideramos importante que sepa c\u00f3mo tratamos la informaci\u00f3n que recibimos de este sitio web.<\/p>\n\t\t\t\t\t\t\t\t<\/div>\n\t\t\t\t<div class=\"elementor-element elementor-element-b7f82fc elementor-widget elementor-widget-heading\" data-id=\"b7f82fc\" data-element_type=\"widget\" data-widget_type=\"heading.default\">\n\t\t\t\t\t<h2 class=\"elementor-heading-title elementor-size-default\">Informaci\u00f3n recopilada<\/h2>\t\t\t\t<\/div>\n\t\t\t\t<div class=\"elementor-element elementor-element-105d2e4 elementor-widget elementor-widget-text-editor\" data-id=\"105d2e4\" data-element_type=\"widget\" data-widget_type=\"text-editor.default\">\n\t\t\t\t\t\t\t\t\t<p>En general, puede visitar este sitio web sin revelar su identidad ni ning\u00fan dato personal. Nuestros servidores web recopilan los nombres de dominio, no las direcciones de correo electr\u00f3nico, de los visitantes. Al igual que muchos sitios web, nuestros servidores tambi\u00e9n instalan una &quot;cookie&quot; (un peque\u00f1o archivo de datos) en el disco duro de su ordenador. Esta cookie permite al servidor identificar el ordenador cuando vuelve a visitarlo, con el fin de recopilar informaci\u00f3n estad\u00edstica sobre la navegaci\u00f3n en ciertas \u00e1reas de nuestro sitio y las promociones de Shining Packaging en otros sitios. Esta cookie no se utiliza para obtener su nombre ni ning\u00fan dato personal, y la informaci\u00f3n recopilada se utiliza \u00fanicamente para fines internos, como mejorar la navegaci\u00f3n del sitio y medir la eficacia de nuestras promociones. No se comparte con nadie m\u00e1s que con los afiliados y contratistas de Shining Packaging que colaboran con Shining Packaging en estas iniciativas y est\u00e1n obligados a mantener la confidencialidad. Sin embargo, si prefiere no aceptar cookies, puede configurar su navegador para que las rechace o le avise antes de que se instalen.<\/p>\n<p><!-- \/wp:paragraph --><!-- wp:paragraph --><\/p>\n<p><!-- \/wp:paragraph --><!-- wp:paragraph --><\/p>\t\t\t\t\t\t\t\t<\/div>\n\t\t\t\t<div class=\"elementor-element elementor-element-b71065f elementor-widget elementor-widget-text-editor\" data-id=\"b71065f\" data-element_type=\"widget\" data-widget_type=\"text-editor.default\">\n\t\t\t\t\t\t\t\t\t<p>Adem\u00e1s, en algunas secciones de este sitio web, podr\u00edamos necesitar recopilar su informaci\u00f3n personal para un fin espec\u00edfico, como proporcionarle la informaci\u00f3n que solicite. Esta informaci\u00f3n puede incluir su nombre, direcci\u00f3n, tel\u00e9fono, n\u00famero de fax o direcci\u00f3n de correo electr\u00f3nico. Para acceder electr\u00f3nicamente a los informes anuales y a las declaraciones de representaci\u00f3n, recopilamos su n\u00famero de identificaci\u00f3n fiscal para verificar su condici\u00f3n de accionista. Para nuestro sitio web sobre diversidad de proveedores, recopilamos necesariamente informaci\u00f3n sobre g\u00e9nero y etnia, por ejemplo, si su empresa es propiedad de una mujer.<\/p>\n<p><!-- \/wp:paragraph --><!-- wp:paragraph --><\/p>\n<p><!-- \/wp:paragraph --><!-- wp:paragraph --><\/p>\t\t\t\t\t\t\t\t<\/div>\n\t\t\t\t<div class=\"elementor-element elementor-element-8bad1be elementor-widget elementor-widget-text-editor\" data-id=\"8bad1be\" data-element_type=\"widget\" data-widget_type=\"text-editor.default\">\n\t\t\t\t\t\t\t\t\t<p>Utilizamos tecnolog\u00eda de terceros para mostrar nuestros anuncios en otros sitios web. Esta tecnolog\u00eda instala una peque\u00f1a cookie en su ordenador cuando ve nuestro anuncio. Estas cookies no contienen informaci\u00f3n que le identifique personalmente (como su nombre o direcci\u00f3n de correo electr\u00f3nico), sino un n\u00famero generado aleatoriamente, \u00fanico para su navegador, que puede reconocerse mediante una baliza web (archivo GIF transparente) en nuestro sitio si hace clic en uno de nuestros anuncios. Esto nos permite registrar el n\u00famero de visitantes \u00fanicos que recibimos y los anuncios desde los que accedieron, para poder medir la eficacia de nuestros anuncios y su ubicaci\u00f3n. Las pol\u00edticas de privacidad de los sitios web donde nos anunciamos y a trav\u00e9s de los cuales se instalan las cookies le informar\u00e1n sobre la cookie; por supuesto, puede configurar su navegador para que las rechace.<\/p>\n<p><!-- \/wp:paragraph --><!-- wp:paragraph --><\/p>\n<p><!-- \/wp:paragraph --><!-- wp:paragraph --><\/p>\n<p><!-- \/wp:paragraph --><!-- wp:paragraph --><\/p>\t\t\t\t\t\t\t\t<\/div>\n\t\t\t\t<div class=\"elementor-element elementor-element-7a4761e elementor-widget elementor-widget-text-editor\" data-id=\"7a4761e\" data-element_type=\"widget\" data-widget_type=\"text-editor.default\">\n\t\t\t\t\t\t\t\t\t<p>Este sitio web no est\u00e1 dirigido a menores de 13 a\u00f1os. No solicitamos ni recopilamos deliberadamente informaci\u00f3n personal de menores ni sobre menores, ni comercializamos deliberadamente nuestros productos o servicios a menores.<\/p>\n<p><!-- \/wp:paragraph --><!-- wp:paragraph --><\/p>\t\t\t\t\t\t\t\t<\/div>\n\t\t\t\t<div class=\"elementor-element elementor-element-9b07115 elementor-widget elementor-widget-heading\" data-id=\"9b07115\" data-element_type=\"widget\" data-widget_type=\"heading.default\">\n\t\t\t\t\t<h2 class=\"elementor-heading-title elementor-size-default\">Uso de la informaci\u00f3n recopilada<\/h2>\t\t\t\t<\/div>\n\t\t\t\t<div class=\"elementor-element elementor-element-92944ac elementor-widget elementor-widget-text-editor\" data-id=\"92944ac\" data-element_type=\"widget\" data-widget_type=\"text-editor.default\">\n\t\t\t\t\t\t\t\t\t<p>La informaci\u00f3n del nombre de dominio que recopilamos no se utiliza para identificarlo personalmente, sino que se agrega para medir la cantidad de visitas, el tiempo promedio invertido en el sitio, las p\u00e1ginas vistas, etc. Usamos esta informaci\u00f3n para medir el uso de nuestro sitio y mejorar el contenido de nuestro sitio.<\/p>\n<p><!-- \/wp:paragraph --><!-- wp:paragraph --><\/p>\n<p><!-- \/wp:paragraph --><!-- wp:paragraph --><\/p>\t\t\t\t\t\t\t\t<\/div>\n\t\t\t\t<div class=\"elementor-element elementor-element-0cf241f elementor-widget elementor-widget-text-editor\" data-id=\"0cf241f\" data-element_type=\"widget\" data-widget_type=\"text-editor.default\">\n\t\t\t\t\t\t\t\t\t<p>Cuando recopilamos otra informaci\u00f3n suya, como su nombre y direcci\u00f3n de correo electr\u00f3nico, generalmente le informamos en el momento de la recopilaci\u00f3n c\u00f3mo la utilizaremos. Normalmente, utilizamos la informaci\u00f3n personal que nos proporciona \u00fanicamente para responder a su consulta o procesar su solicitud (por ejemplo, para recibir informes anuales electr\u00f3nicos o para que le agreguemos a nuestra base de datos de diversidad de proveedores). Esta informaci\u00f3n podr\u00e1 compartirse con otras empresas de Shining Packaging, pero solo si es necesario para atender su solicitud o para fines relacionados.<\/p>\n<p><!-- \/wp:paragraph --><!-- wp:paragraph --><\/p>\n<p><!-- \/wp:paragraph --><!-- wp:paragraph --><\/p>\t\t\t\t\t\t\t\t<\/div>\n\t\t\t\t<div class=\"elementor-element elementor-element-9e0bcb1 elementor-widget elementor-widget-text-editor\" data-id=\"9e0bcb1\" data-element_type=\"widget\" data-widget_type=\"text-editor.default\">\n\t\t\t\t\t\t\t\t\t<p>Podemos compartir la informaci\u00f3n personal que nos proporciona con otras empresas que hemos contratado para que nos presten servicios. Estas empresas (nuestros proveedores) est\u00e1n obligadas contractualmente a utilizar la informaci\u00f3n personal que compartimos con ellas \u00fanicamente para prestar los servicios que les hemos encomendado. No compartimos, vendemos ni alquilamos su informaci\u00f3n personal a terceros para fines de marketing. Divulgaremos informaci\u00f3n sobre usted si nos lo solicita, si la ley nos lo exige o en otras circunstancias legalmente limitadas (por ejemplo, para proteger su cuenta contra fraudes).<\/p>\n<p><!-- \/wp:paragraph --><!-- wp:paragraph --><\/p>\n<p><!-- \/wp:paragraph --><!-- wp:paragraph --><\/p>\t\t\t\t\t\t\t\t<\/div>\n\t\t\t\t<div class=\"elementor-element elementor-element-28ec41d elementor-widget elementor-widget-text-editor\" data-id=\"28ec41d\" data-element_type=\"widget\" data-widget_type=\"text-editor.default\">\n\t\t\t\t\t\t\t\t\t<p>Si se registra en l\u00ednea en una de las unidades de negocio de Shining Packaging, es posible que utilicen esta informaci\u00f3n para brindarle informaci\u00f3n personalizada sobre las ofertas de Shining Packaging para satisfacer sus necesidades comerciales. Tambi\u00e9n podr\u00edan intentar instalar una &quot;cookie&quot; (peque\u00f1o archivo de datos), como se mencion\u00f3 anteriormente, para brindarle informaci\u00f3n personalizada. Consulte la pol\u00edtica de privacidad del sitio web de Shining Packaging para obtener m\u00e1s informaci\u00f3n sobre las pr\u00e1cticas de privacidad de Shining Aluminium Container.<\/p>\n<p><!-- \/wp:paragraph --><!-- wp:paragraph --><\/p>\t\t\t\t\t\t\t\t<\/div>\n\t\t\t\t<div class=\"elementor-element elementor-element-58abbf3 elementor-widget elementor-widget-heading\" data-id=\"58abbf3\" data-element_type=\"widget\" data-widget_type=\"heading.default\">\n\t\t\t\t\t<h2 class=\"elementor-heading-title elementor-size-default\">Enlaces a otros sitios<\/h2>\t\t\t\t<\/div>\n\t\t\t\t<div class=\"elementor-element elementor-element-875a40c elementor-widget elementor-widget-text-editor\" data-id=\"875a40c\" data-element_type=\"widget\" data-widget_type=\"text-editor.default\">\n\t\t\t\t\t\t\t\t\t<p>El sitio web de Shining Packaging puede contener enlaces a otros sitios, como distribuidores y afiliados de ventas de Shining Packaging. Si bien intentamos enlazar \u00fanicamente a sitios que comparten nuestros altos est\u00e1ndares y respeto por la privacidad, no nos responsabilizamos del contenido, la seguridad ni las pr\u00e1cticas de privacidad de otros sitios.<\/p>\n<p><!-- \/wp:paragraph --><!-- wp:paragraph --><\/p>\n<p><!-- \/wp:paragraph --><!-- wp:paragraph --><\/p>\t\t\t\t\t\t\t\t<\/div>\n\t\t\t\t<div class=\"elementor-element elementor-element-73cb71b elementor-widget elementor-widget-heading\" data-id=\"73cb71b\" data-element_type=\"widget\" data-widget_type=\"heading.default\">\n\t\t\t\t\t<h2 class=\"elementor-heading-title elementor-size-default\">Seguridad de la informaci\u00f3n recopilada<\/h2>\t\t\t\t<\/div>\n\t\t\t\t<div class=\"elementor-element elementor-element-914ab92 elementor-widget elementor-widget-text-editor\" data-id=\"914ab92\" data-element_type=\"widget\" data-widget_type=\"text-editor.default\">\n\t\t\t\t\t\t\t\t\t<p>Mantenemos estrictas medidas de seguridad f\u00edsicas, electr\u00f3nicas y administrativas para proteger su informaci\u00f3n personal del acceso no autorizado o inapropiado. Restringimos el acceso a su informaci\u00f3n personal a los empleados de Shining Packaging que la necesitan para responder a su consulta o solicitud. Los empleados que hagan un uso indebido de su informaci\u00f3n personal estar\u00e1n sujetos a medidas disciplinarias.<\/p>\n<p><!-- \/wp:paragraph --><!-- wp:paragraph --><\/p>\t\t\t\t\t\t\t\t<\/div>\n\t\t\t\t<div class=\"elementor-element elementor-element-c034338 elementor-widget elementor-widget-heading\" data-id=\"c034338\" data-element_type=\"widget\" data-widget_type=\"heading.default\">\n\t\t\t\t\t<h2 class=\"elementor-heading-title elementor-size-default\">Acceso a la informaci\u00f3n recopilada<\/h2>\t\t\t\t<\/div>\n\t\t\t\t<div class=\"elementor-element elementor-element-a105339 elementor-widget elementor-widget-text-editor\" data-id=\"a105339\" data-element_type=\"widget\" data-widget_type=\"text-editor.default\">\n\t\t\t\t\t\t\t\t\t<p>Puede revisar y actualizar la informaci\u00f3n que nos proporciona a trav\u00e9s de este sitio web comunic\u00e1ndose con nosotros como se describe a continuaci\u00f3n.<\/p>\n<p><!-- \/wp:paragraph --><!-- wp:paragraph --><\/p>\n<p><!-- \/wp:paragraph --><!-- wp:paragraph --><\/p>\t\t\t\t\t\t\t\t<\/div>\n\t\t\t\t<div class=\"elementor-element elementor-element-0d2060c elementor-widget elementor-widget-heading\" data-id=\"0d2060c\" data-element_type=\"widget\" data-widget_type=\"heading.default\">\n\t\t\t\t\t<h2 class=\"elementor-heading-title elementor-size-default\">Cont\u00e1ctenos<\/h2>\t\t\t\t<\/div>\n\t\t\t\t<div class=\"elementor-element elementor-element-bee52be elementor-widget elementor-widget-text-editor\" data-id=\"bee52be\" data-element_type=\"widget\" data-widget_type=\"text-editor.default\">\n\t\t\t\t\t\t\t\t\t<p>Si tiene alguna pregunta sobre esta pol\u00edtica de privacidad, utilice la p\u00e1gina Cont\u00e1ctenos. Agradecemos sus preguntas y sugerencias sobre nuestra pol\u00edtica de privacidad.<\/p>\n<p><!-- \/wp:paragraph --><!-- wp:paragraph --><\/p>\t\t\t\t\t\t\t\t<\/div>\n\t\t\t\t<div class=\"elementor-element elementor-element-7c53d25 elementor-widget elementor-widget-heading\" data-id=\"7c53d25\" data-element_type=\"widget\" data-widget_type=\"heading.default\">\n\t\t\t\t\t<h2 class=\"elementor-heading-title elementor-size-default\">Cambios a esta Pol\u00edtica<\/h2>\t\t\t\t<\/div>\n\t\t\t\t<div class=\"elementor-element elementor-element-eb52e40 elementor-widget elementor-widget-text-editor\" data-id=\"eb52e40\" data-element_type=\"widget\" data-widget_type=\"text-editor.default\">\n\t\t\t\t\t\t\t\t\t<p>Revise esta pol\u00edtica de privacidad peri\u00f3dicamente para mantenerse informado sobre cualquier cambio. Si bien nos reservamos el derecho de modificar o complementar esta pol\u00edtica de privacidad, le notificaremos en este sitio web sobre cualquier cambio importante durante al menos 30 d\u00edas despu\u00e9s de la modificaci\u00f3n.<\/p>\t\t\t\t\t\t\t\t<\/div>\n\t\t\t\t\t<\/div>\n\t\t\t\t<\/div>\n\t\t\t\t<\/div>","protected":false},"excerpt":{"rendered":"<p>Inicio \/ Shining Packaging se compromete a proteger cualquier informaci\u00f3n personal que nos proporcione. En particular, consideramos importante que sepa c\u00f3mo tratamos la informaci\u00f3n sobre usted que recibimos de este sitio web. Informaci\u00f3n recopilada: En general, puede visitar este sitio web sin necesidad de informarnos [\u2026]<\/p>","protected":false},"author":1,"featured_media":0,"parent":0,"menu_order":0,"comment_status":"closed","ping_status":"closed","template":"","meta":{"footnotes":""},"class_list":["post-1422","page","type-page","status-publish","hentry"],"_links":{"self":[{"href":"https:\/\/www.cnshining.com\/es\/wp-json\/wp\/v2\/pages\/1422","targetHints":{"allow":["GET"]}}],"collection":[{"href":"https:\/\/www.cnshining.com\/es\/wp-json\/wp\/v2\/pages"}],"about":[{"href":"https:\/\/www.cnshining.com\/es\/wp-json\/wp\/v2\/types\/page"}],"author":[{"embeddable":true,"href":"https:\/\/www.cnshining.com\/es\/wp-json\/wp\/v2\/users\/1"}],"replies":[{"embeddable":true,"href":"https:\/\/www.cnshining.com\/es\/wp-json\/wp\/v2\/comments?post=1422"}],"version-history":[{"count":0,"href":"https:\/\/www.cnshining.com\/es\/wp-json\/wp\/v2\/pages\/1422\/revisions"}],"wp:attachment":[{"href":"https:\/\/www.cnshining.com\/es\/wp-json\/wp\/v2\/media?parent=1422"}],"curies":[{"name":"wp","href":"https:\/\/api.w.org\/{rel}","templated":true}]}}