{"id":15251,"date":"2022-11-24T13:01:48","date_gmt":"2022-11-24T13:01:48","guid":{"rendered":"https:\/\/www.cnshining.com\/?page_id=15251"},"modified":"2025-12-23T05:33:33","modified_gmt":"2025-12-23T05:33:33","slug":"cartucho-de-aluminio-chaff","status":"publish","type":"page","link":"https:\/\/www.cnshining.com\/es\/cartucho-de-aluminio-chaff","title":{"rendered":"Carcasas de cartuchos de aluminio vac\u00edas"},"content":{"rendered":"<div data-elementor-type=\"wp-page\" data-elementor-id=\"15251\" class=\"elementor elementor-15251\" data-elementor-post-type=\"page\">\n\t\t\t\t<div class=\"elementor-element elementor-element-39890c8a e-flex e-con-boxed e-con e-parent\" data-id=\"39890c8a\" data-element_type=\"container\" data-settings=\"{&quot;background_background&quot;:&quot;classic&quot;}\">\n\t\t\t\t\t<div class=\"e-con-inner\">\n\t\t\t\t<div class=\"elementor-element elementor-element-c3bb075 elementor-icon-list--layout-inline elementor-align-center elementor-list-item-link-full_width elementor-widget elementor-widget-icon-list\" data-id=\"c3bb075\" data-element_type=\"widget\" data-widget_type=\"icon-list.default\">\n\t\t\t\t\t\t\t<ul class=\"elementor-icon-list-items elementor-inline-items\">\n\t\t\t\t\t\t\t<li class=\"elementor-icon-list-item elementor-inline-item\">\n\t\t\t\t\t\t\t\t\t\t\t<a href=\"https:\/\/www.cnshining.com\/es\" target=\"_blank\">\n\n\t\t\t\t\t\t\t\t\t\t\t\t<span class=\"elementor-icon-list-icon\">\n\t\t\t\t\t\t\t<svg aria-hidden=\"true\" class=\"e-font-icon-svg e-fas-home\" viewbox=\"0 0 576 512\" xmlns=\"http:\/\/www.w3.org\/2000\/svg\"><path d=\"M280.37 148.26L96 300.11V464a16 16 0 0 0 16 16l112.06-.29a16 16 0 0 0 15.92-16V368a16 16 0 0 1 16-16h64a16 16 0 0 1 16 16v95.64a16 16 0 0 0 16 16.05L464 480a16 16 0 0 0 16-16V300L295.67 148.26a12.19 12.19 0 0 0-15.3 0zM571.6 251.47L488 182.56V44.05a12 12 0 0 0-12-12h-56a12 12 0 0 0-12 12v72.61L318.47 43a48 48 0 0 0-61 0L4.34 251.47a12 12 0 0 0-1.6 16.9l25.5 31A12 12 0 0 0 45.15 301l235.22-193.74a12.19 12.19 0 0 1 15.3 0L530.9 301a12 12 0 0 0 16.9-1.6l25.5-31a12 12 0 0 0-1.7-16.93z\"><\/path><\/svg>\t\t\t\t\t\t<\/span>\n\t\t\t\t\t\t\t\t\t\t<span class=\"elementor-icon-list-text\">Hogar \/<\/span>\n\t\t\t\t\t\t\t\t\t\t\t<\/a>\n\t\t\t\t\t\t\t\t\t<\/li>\n\t\t\t\t\t\t\t\t<li class=\"elementor-icon-list-item elementor-inline-item\">\n\t\t\t\t\t\t\t\t\t\t\t<a href=\"https:\/\/www.cnshining.com\/es\/cartucho-no-letal\/\" target=\"_blank\">\n\n\t\t\t\t\t\t\t\t\t\t\t<span class=\"elementor-icon-list-text\">Cartucho no letal\/<\/span>\n\t\t\t\t\t\t\t\t\t\t\t<\/a>\n\t\t\t\t\t\t\t\t\t<\/li>\n\t\t\t\t\t\t<\/ul>\n\t\t\t\t\t\t<\/div>\n\t\t\t\t\t<\/div>\n\t\t\t\t<\/div>\n\t\t<div class=\"elementor-element elementor-element-bbf017b e-flex e-con-boxed e-con e-parent\" data-id=\"bbf017b\" data-element_type=\"container\" data-settings=\"{&quot;background_background&quot;:&quot;classic&quot;}\">\n\t\t\t\t\t<div class=\"e-con-inner\">\n\t\t<div class=\"elementor-element elementor-element-574e862 e-con-full e-flex e-con e-child\" data-id=\"574e862\" data-element_type=\"container\">\n\t\t<div class=\"elementor-element elementor-element-78e22ba e-con-full e-flex e-con e-child\" data-id=\"78e22ba\" data-element_type=\"container\">\n\t\t\t\t<div class=\"elementor-element elementor-element-4bdfa6c elementor-widget elementor-widget-image\" data-id=\"4bdfa6c\" data-element_type=\"widget\" data-widget_type=\"image.default\">\n\t\t\t\t\t\t\t\t\t\t\t\t\t\t\t<img fetchpriority=\"high\" decoding=\"async\" width=\"1000\" height=\"1000\" src=\"https:\/\/www.cnshining.com\/wp-content\/uploads\/2025\/10\/Aluminium-Chaff-Cartridge-2.webp\" class=\"attachment-large size-large wp-image-30501\" alt=\"Cartucho de aluminio para granzas\" title=\"\">\t\t\t\t\t\t\t\t\t\t\t\t\t\t\t<\/div>\n\t\t\t\t<\/div>\n\t\t<div class=\"elementor-element elementor-element-1dd51a5 e-con-full e-flex e-con e-child\" data-id=\"1dd51a5\" data-element_type=\"container\">\n\t\t<div class=\"elementor-element elementor-element-b5bb97e e-con-full e-flex e-con e-child\" data-id=\"b5bb97e\" data-element_type=\"container\">\n\t\t<div class=\"elementor-element elementor-element-a262cfb e-con-full e-flex e-con e-child\" data-id=\"a262cfb\" data-element_type=\"container\">\n\t\t\t\t<div class=\"elementor-element elementor-element-92d1ad0 elementor-widget elementor-widget-heading\" data-id=\"92d1ad0\" data-element_type=\"widget\" data-widget_type=\"heading.default\">\n\t\t\t\t\t<h3 class=\"elementor-heading-title elementor-size-default\">Material<\/h3>\t\t\t\t<\/div>\n\t\t\t\t<div class=\"elementor-element elementor-element-b9aa4f1 elementor-widget__width-initial elementor-widget-tablet__width-initial elementor-widget elementor-widget-text-editor\" data-id=\"b9aa4f1\" data-element_type=\"widget\" data-widget_type=\"text-editor.default\">\n\t\t\t\t\t\t\t\t\t<p>Aleaci\u00f3n de aluminio<\/p>\t\t\t\t\t\t\t\t<\/div>\n\t\t\t\t<\/div>\n\t\t<div class=\"elementor-element elementor-element-cf3897c e-con-full e-flex e-con e-child\" data-id=\"cf3897c\" data-element_type=\"container\">\n\t\t\t\t<div class=\"elementor-element elementor-element-117d8cc elementor-widget elementor-widget-heading\" data-id=\"117d8cc\" data-element_type=\"widget\" data-widget_type=\"heading.default\">\n\t\t\t\t\t<h3 class=\"elementor-heading-title elementor-size-default\">Di\u00e1metro<\/h3>\t\t\t\t<\/div>\n\t\t\t\t<div class=\"elementor-element elementor-element-a3bb42f elementor-widget__width-initial elementor-widget-tablet__width-initial elementor-widget elementor-widget-text-editor\" data-id=\"a3bb42f\" data-element_type=\"widget\" data-widget_type=\"text-editor.default\">\n\t\t\t\t\t\t\t\t\t<p dir=\"auto\">26,5\/27\/37\/38\/40 mm<\/p>\t\t\t\t\t\t\t\t<\/div>\n\t\t\t\t<\/div>\n\t\t\t\t<\/div>\n\t\t<div class=\"elementor-element elementor-element-088b797 e-con-full e-flex e-con e-child\" data-id=\"088b797\" data-element_type=\"container\">\n\t\t<div class=\"elementor-element elementor-element-f022dcb e-con-full e-flex e-con e-child\" data-id=\"f022dcb\" data-element_type=\"container\">\n\t\t\t\t<div class=\"elementor-element elementor-element-f998340 elementor-widget elementor-widget-heading\" data-id=\"f998340\" data-element_type=\"widget\" data-widget_type=\"heading.default\">\n\t\t\t\t\t<h3 class=\"elementor-heading-title elementor-size-default\">Costumbre<\/h3>\t\t\t\t<\/div>\n\t\t\t\t<div class=\"elementor-element elementor-element-0d53a00 elementor-widget__width-initial elementor-widget-tablet__width-initial elementor-widget elementor-widget-text-editor\" data-id=\"0d53a00\" data-element_type=\"widget\" data-widget_type=\"text-editor.default\">\n\t\t\t\t\t\t\t\t\t<p>Aceptamos tama\u00f1os personalizados<\/p>\t\t\t\t\t\t\t\t<\/div>\n\t\t\t\t<\/div>\n\t\t<div class=\"elementor-element elementor-element-9bd2a0d e-con-full e-flex e-con e-child\" data-id=\"9bd2a0d\" data-element_type=\"container\">\n\t\t\t\t<div class=\"elementor-element elementor-element-0346712 elementor-widget elementor-widget-heading\" data-id=\"0346712\" data-element_type=\"widget\" data-widget_type=\"heading.default\">\n\t\t\t\t\t<h3 class=\"elementor-heading-title elementor-size-default\">Cantidad m\u00ednima de pedido<\/h3>\t\t\t\t<\/div>\n\t\t\t\t<div class=\"elementor-element elementor-element-a547487 elementor-widget__width-initial elementor-widget-tablet__width-initial elementor-widget elementor-widget-text-editor\" data-id=\"a547487\" data-element_type=\"widget\" data-widget_type=\"text-editor.default\">\n\t\t\t\t\t\t\t\t\t<p>10.000 piezas<\/p>\t\t\t\t\t\t\t\t<\/div>\n\t\t\t\t<\/div>\n\t\t\t\t<\/div>\n\t\t<div class=\"elementor-element elementor-element-8ba6325 e-con-full e-flex e-con e-child\" data-id=\"8ba6325\" data-element_type=\"container\">\n\t\t\t\t<div class=\"elementor-element elementor-element-17c8ba7 elementor-widget-divider--view-line elementor-widget elementor-widget-divider\" data-id=\"17c8ba7\" data-element_type=\"widget\" data-widget_type=\"divider.default\">\n\t\t\t\t\t\t\t<div class=\"elementor-divider\">\n\t\t\t<span class=\"elementor-divider-separator\">\n\t\t\t\t\t\t<\/span>\n\t\t<\/div>\n\t\t\t\t\t\t<\/div>\n\t\t\t\t<\/div>\n\t\t\t\t<div class=\"elementor-element elementor-element-d639589 elementor-mobile-align-left elementor-align-right elementor-widget elementor-widget-button\" data-id=\"d639589\" data-element_type=\"widget\" data-widget_type=\"button.default\">\n\t\t\t\t\t\t\t\t\t\t<a class=\"elementor-button elementor-button-link elementor-size-sm\" href=\"#elementor-action%3Aaction%3Dpopup%3Aopen%26settings%3DeyJpZCI6IjE0MTMyIiwidG9nZ2xlIjpmYWxzZX0%3D\" target=\"_blank\">\n\t\t\t\t\t\t<span class=\"elementor-button-content-wrapper\">\n\t\t\t\t\t\t<span class=\"elementor-button-icon\">\n\t\t\t\t<svg aria-hidden=\"true\" class=\"e-font-icon-svg e-fas-arrow-right\" viewbox=\"0 0 448 512\" xmlns=\"http:\/\/www.w3.org\/2000\/svg\"><path d=\"M190.5 66.9l22.2-22.2c9.4-9.4 24.6-9.4 33.9 0L441 239c9.4 9.4 9.4 24.6 0 33.9L246.6 467.3c-9.4 9.4-24.6 9.4-33.9 0l-22.2-22.2c-9.5-9.5-9.3-25 .4-34.3L311.4 296H24c-13.3 0-24-10.7-24-24v-32c0-13.3 10.7-24 24-24h287.4L190.9 101.2c-9.8-9.3-10-24.8-.4-34.3z\"><\/path><\/svg>\t\t\t<\/span>\n\t\t\t\t\t\t\t\t\t<span class=\"elementor-button-text\">Cont\u00e1ctanos<\/span>\n\t\t\t\t\t<\/span>\n\t\t\t\t\t<\/a>\n\t\t\t\t\t\t\t\t<\/div>\n\t\t\t\t<\/div>\n\t\t\t\t<\/div>\n\t\t\t\t\t<\/div>\n\t\t\t\t<\/div>\n\t\t<div class=\"elementor-element elementor-element-50a6d63 e-flex e-con-boxed e-con e-parent\" data-id=\"50a6d63\" data-element_type=\"container\" data-settings=\"{&quot;background_background&quot;:&quot;classic&quot;}\">\n\t\t\t\t\t<div class=\"e-con-inner\">\n\t\t<div class=\"elementor-element elementor-element-3d1e0f1 e-con-full e-flex e-con e-child\" data-id=\"3d1e0f1\" data-element_type=\"container\">\n\t\t\t\t<div class=\"elementor-element elementor-element-0dfa1ec elementor-skin-carousel elementor-arrows-yes elementor-widget elementor-widget-media-carousel\" data-id=\"0dfa1ec\" data-element_type=\"widget\" data-settings=\"{&quot;lazyload&quot;:&quot;yes&quot;,&quot;slides_per_view&quot;:&quot;2&quot;,&quot;space_between&quot;:{&quot;unit&quot;:&quot;px&quot;,&quot;size&quot;:25,&quot;sizes&quot;:[]},&quot;slides_per_view_tablet&quot;:&quot;1&quot;,&quot;skin&quot;:&quot;carousel&quot;,&quot;effect&quot;:&quot;slide&quot;,&quot;show_arrows&quot;:&quot;yes&quot;,&quot;speed&quot;:500,&quot;autoplay&quot;:&quot;yes&quot;,&quot;autoplay_speed&quot;:5000,&quot;loop&quot;:&quot;yes&quot;,&quot;pause_on_hover&quot;:&quot;yes&quot;,&quot;pause_on_interaction&quot;:&quot;yes&quot;,&quot;space_between_tablet&quot;:{&quot;unit&quot;:&quot;px&quot;,&quot;size&quot;:10,&quot;sizes&quot;:[]},&quot;space_between_mobile&quot;:{&quot;unit&quot;:&quot;px&quot;,&quot;size&quot;:10,&quot;sizes&quot;:[]}}\" data-widget_type=\"media-carousel.default\">\n\t\t\t\t\t\t\t\t\t\t<div class=\"elementor-main-swiper swiper\" role=\"region\" aria-roledescription=\"carousel\" aria-label=\"Diapositivas\">\n\t\t\t\t<div class=\"swiper-wrapper\">\n\t\t\t\t\t\t\t\t\t\t\t<div class=\"swiper-slide\" role=\"group\" aria-roledescription=\"slide\">\n\t\t\t\t\t\t\t<a href=\"https:\/\/www.cnshining.com\/wp-content\/uploads\/2025\/10\/Aluminium-Chaff-Cartridge-1.webp\" data-elementor-open-lightbox=\"yes\" data-elementor-lightbox-slideshow=\"0dfa1ec\" data-elementor-lightbox-title=\"Aluminium Chaff Cartridge\" data-e-action-hash=\"#elementor-action%3Aaction%3Dlightbox%26settings%3DeyJpZCI6MzA1MDAsInVybCI6Imh0dHBzOlwvXC93d3cuY25zaGluaW5nLmNvbVwvd3AtY29udGVudFwvdXBsb2Fkc1wvMjAyNVwvMTBcL0FsdW1pbml1bS1DaGFmZi1DYXJ0cmlkZ2UtMS53ZWJwIiwic2xpZGVzaG93IjoiMGRmYTFlYyJ9\">\t\t<div class=\"elementor-carousel-image swiper-lazy\" role=\"img\" aria-label=\"Cartucho de aluminio para granzas\" data-background=\"https:\/\/www.cnshining.com\/wp-content\/uploads\/2025\/10\/Aluminium-Chaff-Cartridge-1.webp\">\n\n\t\t\t\t\t\t\t<div class=\"swiper-lazy-preloader\"><\/div>\n\t\t\t\n\t\t\t\t\t<\/div>\n\t\t<\/a>\t\t\t\t\t\t<\/div>\n\t\t\t\t\t\t\t\t\t\t\t<div class=\"swiper-slide\" role=\"group\" aria-roledescription=\"slide\">\n\t\t\t\t\t\t\t<a href=\"https:\/\/www.cnshining.com\/wp-content\/uploads\/2025\/10\/Aluminum-37-38-40mm-CS-Cartridge.webp\" data-elementor-open-lightbox=\"yes\" data-elementor-lightbox-slideshow=\"0dfa1ec\" data-elementor-lightbox-title=\"Aluminum 37 38 40mm CS Cartridge\" data-e-action-hash=\"#elementor-action%3Aaction%3Dlightbox%26settings%3DeyJpZCI6MzA0MTcsInVybCI6Imh0dHBzOlwvXC93d3cuY25zaGluaW5nLmNvbVwvd3AtY29udGVudFwvdXBsb2Fkc1wvMjAyNVwvMTBcL0FsdW1pbnVtLTM3LTM4LTQwbW0tQ1MtQ2FydHJpZGdlLndlYnAiLCJzbGlkZXNob3ciOiIwZGZhMWVjIn0%3D\">\t\t<div class=\"elementor-carousel-image swiper-lazy\" role=\"img\" aria-label=\"Cartucho CS de aluminio de 37, 38 y 40 mm\" data-background=\"https:\/\/www.cnshining.com\/wp-content\/uploads\/2025\/10\/Aluminum-37-38-40mm-CS-Cartridge.webp\">\n\n\t\t\t\t\t\t\t<div class=\"swiper-lazy-preloader\"><\/div>\n\t\t\t\n\t\t\t\t\t<\/div>\n\t\t<\/a>\t\t\t\t\t\t<\/div>\n\t\t\t\t\t\t\t\t\t<\/div>\n\t\t\t\t\t\t\t\t\t\t\t\t\t\t\t<div class=\"elementor-swiper-button elementor-swiper-button-prev\" role=\"button\" tabindex=\"0\" aria-label=\"Anterior\">\n\t\t\t\t\t\t\t<svg aria-hidden=\"true\" class=\"e-font-icon-svg e-eicon-chevron-left\" viewbox=\"0 0 1000 1000\" xmlns=\"http:\/\/www.w3.org\/2000\/svg\"><path d=\"M646 125C629 125 613 133 604 142L308 442C296 454 292 471 292 487 292 504 296 521 308 533L604 854C617 867 629 875 646 875 663 875 679 871 692 858 704 846 713 829 713 812 713 796 708 779 692 767L438 487 692 225C700 217 708 204 708 187 708 171 704 154 692 142 675 129 663 125 646 125Z\"><\/path><\/svg>\t\t\t\t\t\t<\/div>\n\t\t\t\t\t\t<div class=\"elementor-swiper-button elementor-swiper-button-next\" role=\"button\" tabindex=\"0\" aria-label=\"Pr\u00f3ximo\">\n\t\t\t\t\t\t\t<svg aria-hidden=\"true\" class=\"e-font-icon-svg e-eicon-chevron-right\" viewbox=\"0 0 1000 1000\" xmlns=\"http:\/\/www.w3.org\/2000\/svg\"><path d=\"M696 533C708 521 713 504 713 487 713 471 708 454 696 446L400 146C388 133 375 125 354 125 338 125 325 129 313 142 300 154 292 171 292 187 292 204 296 221 308 233L563 492 304 771C292 783 288 800 288 817 288 833 296 850 308 863 321 871 338 875 354 875 371 875 388 867 400 854L696 533Z\"><\/path><\/svg>\t\t\t\t\t\t<\/div>\n\t\t\t\t\t\t\t\t\t\t\t\t\t\t\t\t\t<\/div>\n\t\t\t\t\t\t\t\t<\/div>\n\t\t\t\t<\/div>\n\t\t\t\t\t<\/div>\n\t\t\t\t<\/div>\n\t\t<div class=\"elementor-element elementor-element-8b1f06f e-flex e-con-boxed e-con e-parent\" data-id=\"8b1f06f\" data-element_type=\"container\">\n\t\t\t\t\t<div class=\"e-con-inner\">\n\t\t<div class=\"elementor-element elementor-element-02e11cb e-con-full e-flex e-con e-child\" data-id=\"02e11cb\" data-element_type=\"container\">\n\t\t<div class=\"elementor-element elementor-element-cf4dd68 e-con-full e-flex e-con e-child\" data-id=\"cf4dd68\" data-element_type=\"container\">\n\t\t\t\t<div class=\"elementor-element elementor-element-968dd0b truncate-text elementor-widget elementor-widget-text-editor\" data-id=\"968dd0b\" data-element_type=\"widget\" data-widget_type=\"text-editor.default\">\n\t\t\t\t\t\t\t\t\t<h2>\u00bfQu\u00e9 es un cartucho de aluminio para granzas?<\/h2><p>Un cartucho chaff es un dispositivo que se utiliza para contrarrestar el impacto de misiles o aeronaves mediante la liberaci\u00f3n de una nube de peque\u00f1as tiras met\u00e1licas, llamadas chaff, en el aire. El chaff confunde a los misiles guiados por radar al reflejar sus se\u00f1ales de radar, lo que les hace perder el rastro de su objetivo. Los cartuchos chaff se encuentran generalmente en aeronaves y buques militares.<\/p><p>El chaff se utiliz\u00f3 por primera vez durante la Segunda Guerra Mundial y, desde entonces, se ha utilizado en diversas formas por ej\u00e9rcitos de todo el mundo. El ej\u00e9rcito estadounidense utiliza actualmente un tipo de chaff llamado cartuchos del Sistema Dispensador de Contramedidas (CDS). Los cartuchos CDS est\u00e1n dise\u00f1ados para ser disparados desde puntos espec\u00edficos de una aeronave, seg\u00fan la direcci\u00f3n de la amenaza.<\/p><p>El chaff es una contramedida eficaz contra los misiles guiados por radar, pero no es infalible.<\/p><h2>Uso en la historia<\/h2><p>En la Segunda Guerra Mundial, los brit\u00e1nicos desarrollaron un sistema de &quot;ventana&quot; que liberaba tiras de aluminio para frustrar las bombas alemanas guiadas por radar. Estados Unidos tambi\u00e9n utiliz\u00f3 chaff durante la Segunda Guerra Mundial, y el ej\u00e9rcito contin\u00faa us\u00e1ndolo hoy en d\u00eda como defensa contra misiles y otras amenazas.<\/p><h2>Uso actual<\/h2><p>El cartucho chaff es un tipo de munici\u00f3n utilizada en ca\u00f1ones antia\u00e9reos. Tambi\u00e9n se utiliza en algunos tipos de misiles guiados por radar. El cartucho chaff consiste en un cartucho de peque\u00f1as tiras o fibras met\u00e1licas. Al dispararse, las tiras se expulsan al aire. Estas tiras reflejan las se\u00f1ales de radar, creando la impresi\u00f3n de que hay muchos objetivos. Esto dificulta el ataque de aeronaves o misiles enemigos.<\/p><h2>Ventajas y desventajas del uso de cartuchos de aluminio para granzas<\/h2><p>Los cartuchos de aluminio se utilizan en aplicaciones militares y comerciales para contrarrestar misiles guiados por radar. Los cartuchos contienen miles de peque\u00f1as tiras de aluminio que se expulsan al aire mediante una peque\u00f1a carga explosiva. Estas tiras de aluminio reflejan las se\u00f1ales de radar lejos del objetivo, confundiendo el sistema de gu\u00eda del misil y provocando que falle.<\/p><p>El uso de cartuchos de aluminio antia\u00e9reo ofrece varias ventajas. Son econ\u00f3micos, f\u00e1ciles de usar y eficaces contra la mayor\u00eda de los misiles guiados por radar. Adem\u00e1s, el antia\u00e9reo representa un peligro m\u00ednimo para las aeronaves o el personal aliado, ya que las tiras caen r\u00e1pidamente al suelo tras su despliegue.<\/p><p>El uso de chaff tambi\u00e9n presenta algunas desventajas. Por ejemplo, puede ser devuelto a fuerzas aliadas por fuertes vientos, lo que podr\u00eda causar da\u00f1os o lesiones. Adem\u00e1s, puede obstruir motores y otros equipos sensibles si no se utiliza correctamente.<\/p><h2>Conclusi\u00f3n<\/h2><p>Si busca un fabricante y proveedor confiable de cartuchos de granza de aluminio en China, \u00a1no busque m\u00e1s! Ofrecemos productos de alta calidad a precios competitivos. Cont\u00e1ctenos hoy mismo para obtener m\u00e1s informaci\u00f3n.<\/p>\t\t\t\t\t\t\t\t<\/div>\n\t\t\t\t<\/div>\n\t\t\t\t<\/div>\n\t\t\t\t\t<\/div>\n\t\t\t\t<\/div>\n\t\t\t\t<\/div>","protected":false},"excerpt":{"rendered":"<p>Cartuchos vac\u00edos de aluminio CNC de precisi\u00f3n de 26,5\/27\/37\/38\/40 mm. Descargados, sin cebador ni propelente, para recarga de humo, bengalas y se\u00f1uelos. Cantidad m\u00ednima de pedido: 10\u00a0000 unidades. Longitud personalizada, proveedor OEM.<\/p>","protected":false},"author":1,"featured_media":30916,"parent":0,"menu_order":0,"comment_status":"closed","ping_status":"closed","template":"","meta":{"footnotes":""},"class_list":["post-15251","page","type-page","status-publish","has-post-thumbnail","hentry"],"_links":{"self":[{"href":"https:\/\/www.cnshining.com\/es\/wp-json\/wp\/v2\/pages\/15251","targetHints":{"allow":["GET"]}}],"collection":[{"href":"https:\/\/www.cnshining.com\/es\/wp-json\/wp\/v2\/pages"}],"about":[{"href":"https:\/\/www.cnshining.com\/es\/wp-json\/wp\/v2\/types\/page"}],"author":[{"embeddable":true,"href":"https:\/\/www.cnshining.com\/es\/wp-json\/wp\/v2\/users\/1"}],"replies":[{"embeddable":true,"href":"https:\/\/www.cnshining.com\/es\/wp-json\/wp\/v2\/comments?post=15251"}],"version-history":[{"count":0,"href":"https:\/\/www.cnshining.com\/es\/wp-json\/wp\/v2\/pages\/15251\/revisions"}],"wp:featuredmedia":[{"embeddable":true,"href":"https:\/\/www.cnshining.com\/es\/wp-json\/wp\/v2\/media\/30916"}],"wp:attachment":[{"href":"https:\/\/www.cnshining.com\/es\/wp-json\/wp\/v2\/media?parent=15251"}],"curies":[{"name":"wp","href":"https:\/\/api.w.org\/{rel}","templated":true}]}}