{"id":15263,"date":"2022-11-24T14:09:45","date_gmt":"2022-11-24T14:09:45","guid":{"rendered":"https:\/\/www.cnshining.com\/?page_id=15263"},"modified":"2025-12-23T02:42:43","modified_gmt":"2025-12-23T02:42:43","slug":"cartucho-saludo-de-aluminio","status":"publish","type":"page","link":"https:\/\/www.cnshining.com\/es\/cartucho-saludo-de-aluminio","title":{"rendered":"Proyectiles de salva vac\u00edos de aluminio de 16 a 38 mm"},"content":{"rendered":"<div data-elementor-type=\"wp-page\" data-elementor-id=\"15263\" class=\"elementor elementor-15263\" data-elementor-post-type=\"page\">\n\t\t\t\t<div class=\"elementor-element elementor-element-37c184a7 e-flex e-con-boxed e-con e-parent\" data-id=\"37c184a7\" data-element_type=\"container\" data-settings=\"{&quot;background_background&quot;:&quot;classic&quot;}\">\n\t\t\t\t\t<div class=\"e-con-inner\">\n\t\t\t\t<div class=\"elementor-element elementor-element-fca8f63 elementor-icon-list--layout-inline elementor-align-center elementor-list-item-link-full_width elementor-widget elementor-widget-icon-list\" data-id=\"fca8f63\" data-element_type=\"widget\" data-widget_type=\"icon-list.default\">\n\t\t\t\t\t\t\t<ul class=\"elementor-icon-list-items elementor-inline-items\">\n\t\t\t\t\t\t\t<li class=\"elementor-icon-list-item elementor-inline-item\">\n\t\t\t\t\t\t\t\t\t\t\t<a href=\"https:\/\/www.cnshining.com\/es\" target=\"_blank\">\n\n\t\t\t\t\t\t\t\t\t\t\t\t<span class=\"elementor-icon-list-icon\">\n\t\t\t\t\t\t\t<svg aria-hidden=\"true\" class=\"e-font-icon-svg e-fas-home\" viewbox=\"0 0 576 512\" xmlns=\"http:\/\/www.w3.org\/2000\/svg\"><path d=\"M280.37 148.26L96 300.11V464a16 16 0 0 0 16 16l112.06-.29a16 16 0 0 0 15.92-16V368a16 16 0 0 1 16-16h64a16 16 0 0 1 16 16v95.64a16 16 0 0 0 16 16.05L464 480a16 16 0 0 0 16-16V300L295.67 148.26a12.19 12.19 0 0 0-15.3 0zM571.6 251.47L488 182.56V44.05a12 12 0 0 0-12-12h-56a12 12 0 0 0-12 12v72.61L318.47 43a48 48 0 0 0-61 0L4.34 251.47a12 12 0 0 0-1.6 16.9l25.5 31A12 12 0 0 0 45.15 301l235.22-193.74a12.19 12.19 0 0 1 15.3 0L530.9 301a12 12 0 0 0 16.9-1.6l25.5-31a12 12 0 0 0-1.7-16.93z\"><\/path><\/svg>\t\t\t\t\t\t<\/span>\n\t\t\t\t\t\t\t\t\t\t<span class=\"elementor-icon-list-text\">Hogar \/<\/span>\n\t\t\t\t\t\t\t\t\t\t\t<\/a>\n\t\t\t\t\t\t\t\t\t<\/li>\n\t\t\t\t\t\t\t\t<li class=\"elementor-icon-list-item elementor-inline-item\">\n\t\t\t\t\t\t\t\t\t\t\t<a href=\"https:\/\/www.cnshining.com\/es\/cartucho-no-letal\/\" target=\"_blank\">\n\n\t\t\t\t\t\t\t\t\t\t\t<span class=\"elementor-icon-list-text\">Cartucho no letal\/<\/span>\n\t\t\t\t\t\t\t\t\t\t\t<\/a>\n\t\t\t\t\t\t\t\t\t<\/li>\n\t\t\t\t\t\t<\/ul>\n\t\t\t\t\t\t<\/div>\n\t\t\t\t\t<\/div>\n\t\t\t\t<\/div>\n\t\t<div class=\"elementor-element elementor-element-013cd65 e-flex e-con-boxed e-con e-parent\" data-id=\"013cd65\" data-element_type=\"container\" data-settings=\"{&quot;background_background&quot;:&quot;classic&quot;}\">\n\t\t\t\t\t<div class=\"e-con-inner\">\n\t\t<div class=\"elementor-element elementor-element-51b5bc8 e-con-full e-flex e-con e-child\" data-id=\"51b5bc8\" data-element_type=\"container\">\n\t\t<div class=\"elementor-element elementor-element-19ea26b e-con-full e-flex e-con e-child\" data-id=\"19ea26b\" data-element_type=\"container\">\n\t\t\t\t<div class=\"elementor-element elementor-element-71ede47 elementor-widget elementor-widget-image\" data-id=\"71ede47\" data-element_type=\"widget\" data-widget_type=\"image.default\">\n\t\t\t\t\t\t\t\t\t\t\t\t\t\t\t<img fetchpriority=\"high\" decoding=\"async\" width=\"1000\" height=\"1000\" src=\"https:\/\/www.cnshining.com\/wp-content\/uploads\/2025\/10\/Aluminium-Salute-Cartridge.webp\" class=\"attachment-large size-large wp-image-30445\" alt=\"Cartucho de aluminio Salute\" title=\"\">\t\t\t\t\t\t\t\t\t\t\t\t\t\t\t<\/div>\n\t\t\t\t<\/div>\n\t\t<div class=\"elementor-element elementor-element-737e463 e-con-full e-flex e-con e-child\" data-id=\"737e463\" data-element_type=\"container\">\n\t\t<div class=\"elementor-element elementor-element-ba51457 e-con-full e-flex e-con e-child\" data-id=\"ba51457\" data-element_type=\"container\">\n\t\t<div class=\"elementor-element elementor-element-eedf264 e-con-full e-flex e-con e-child\" data-id=\"eedf264\" data-element_type=\"container\">\n\t\t\t\t<div class=\"elementor-element elementor-element-27995ae elementor-widget elementor-widget-heading\" data-id=\"27995ae\" data-element_type=\"widget\" data-widget_type=\"heading.default\">\n\t\t\t\t\t<h3 class=\"elementor-heading-title elementor-size-default\">Material<\/h3>\t\t\t\t<\/div>\n\t\t\t\t<div class=\"elementor-element elementor-element-089c218 elementor-widget__width-initial elementor-widget-tablet__width-initial elementor-widget elementor-widget-text-editor\" data-id=\"089c218\" data-element_type=\"widget\" data-widget_type=\"text-editor.default\">\n\t\t\t\t\t\t\t\t\t<p>Aleaci\u00f3n de aluminio<\/p>\t\t\t\t\t\t\t\t<\/div>\n\t\t\t\t<\/div>\n\t\t<div class=\"elementor-element elementor-element-f6fa3bb e-con-full e-flex e-con e-child\" data-id=\"f6fa3bb\" data-element_type=\"container\">\n\t\t\t\t<div class=\"elementor-element elementor-element-5af6a6c elementor-widget elementor-widget-heading\" data-id=\"5af6a6c\" data-element_type=\"widget\" data-widget_type=\"heading.default\">\n\t\t\t\t\t<h3 class=\"elementor-heading-title elementor-size-default\">Di\u00e1metro<\/h3>\t\t\t\t<\/div>\n\t\t\t\t<div class=\"elementor-element elementor-element-0cd7175 elementor-widget__width-initial elementor-widget-tablet__width-initial elementor-widget elementor-widget-text-editor\" data-id=\"0cd7175\" data-element_type=\"widget\" data-widget_type=\"text-editor.default\">\n\t\t\t\t\t\t\t\t\t<p>16 mm, 19 mm, 26,5 mm, 38 mm<\/p>\t\t\t\t\t\t\t\t<\/div>\n\t\t\t\t<\/div>\n\t\t\t\t<\/div>\n\t\t<div class=\"elementor-element elementor-element-71aac44 e-con-full e-flex e-con e-child\" data-id=\"71aac44\" data-element_type=\"container\">\n\t\t<div class=\"elementor-element elementor-element-039fc6f e-con-full e-flex e-con e-child\" data-id=\"039fc6f\" data-element_type=\"container\">\n\t\t\t\t<div class=\"elementor-element elementor-element-1945dcd elementor-widget elementor-widget-heading\" data-id=\"1945dcd\" data-element_type=\"widget\" data-widget_type=\"heading.default\">\n\t\t\t\t\t<h3 class=\"elementor-heading-title elementor-size-default\">Costumbre<\/h3>\t\t\t\t<\/div>\n\t\t\t\t<div class=\"elementor-element elementor-element-656030f elementor-widget__width-initial elementor-widget-tablet__width-initial elementor-widget elementor-widget-text-editor\" data-id=\"656030f\" data-element_type=\"widget\" data-widget_type=\"text-editor.default\">\n\t\t\t\t\t\t\t\t\t<p>Aceptamos tama\u00f1os personalizados<\/p>\t\t\t\t\t\t\t\t<\/div>\n\t\t\t\t<\/div>\n\t\t<div class=\"elementor-element elementor-element-46f25c7 e-con-full e-flex e-con e-child\" data-id=\"46f25c7\" data-element_type=\"container\">\n\t\t\t\t<div class=\"elementor-element elementor-element-f289cba elementor-widget elementor-widget-heading\" data-id=\"f289cba\" data-element_type=\"widget\" data-widget_type=\"heading.default\">\n\t\t\t\t\t<h3 class=\"elementor-heading-title elementor-size-default\">Cantidad m\u00ednima de pedido<\/h3>\t\t\t\t<\/div>\n\t\t\t\t<div class=\"elementor-element elementor-element-6d5939b elementor-widget__width-initial elementor-widget-tablet__width-initial elementor-widget elementor-widget-text-editor\" data-id=\"6d5939b\" data-element_type=\"widget\" data-widget_type=\"text-editor.default\">\n\t\t\t\t\t\t\t\t\t<p>10.000 piezas<\/p>\t\t\t\t\t\t\t\t<\/div>\n\t\t\t\t<\/div>\n\t\t\t\t<\/div>\n\t\t<div class=\"elementor-element elementor-element-d075209 e-con-full e-flex e-con e-child\" data-id=\"d075209\" data-element_type=\"container\">\n\t\t\t\t<div class=\"elementor-element elementor-element-191f694 elementor-widget-divider--view-line elementor-widget elementor-widget-divider\" data-id=\"191f694\" data-element_type=\"widget\" data-widget_type=\"divider.default\">\n\t\t\t\t\t\t\t<div class=\"elementor-divider\">\n\t\t\t<span class=\"elementor-divider-separator\">\n\t\t\t\t\t\t<\/span>\n\t\t<\/div>\n\t\t\t\t\t\t<\/div>\n\t\t\t\t<\/div>\n\t\t\t\t<div class=\"elementor-element elementor-element-bde02ae elementor-mobile-align-left elementor-align-right elementor-widget elementor-widget-button\" data-id=\"bde02ae\" data-element_type=\"widget\" data-widget_type=\"button.default\">\n\t\t\t\t\t\t\t\t\t\t<a class=\"elementor-button elementor-button-link elementor-size-sm\" href=\"#elementor-action%3Aaction%3Dpopup%3Aopen%26settings%3DeyJpZCI6IjE0MTMyIiwidG9nZ2xlIjpmYWxzZX0%3D\" target=\"_blank\">\n\t\t\t\t\t\t<span class=\"elementor-button-content-wrapper\">\n\t\t\t\t\t\t<span class=\"elementor-button-icon\">\n\t\t\t\t<svg aria-hidden=\"true\" class=\"e-font-icon-svg e-fas-arrow-right\" viewbox=\"0 0 448 512\" xmlns=\"http:\/\/www.w3.org\/2000\/svg\"><path d=\"M190.5 66.9l22.2-22.2c9.4-9.4 24.6-9.4 33.9 0L441 239c9.4 9.4 9.4 24.6 0 33.9L246.6 467.3c-9.4 9.4-24.6 9.4-33.9 0l-22.2-22.2c-9.5-9.5-9.3-25 .4-34.3L311.4 296H24c-13.3 0-24-10.7-24-24v-32c0-13.3 10.7-24 24-24h287.4L190.9 101.2c-9.8-9.3-10-24.8-.4-34.3z\"><\/path><\/svg>\t\t\t<\/span>\n\t\t\t\t\t\t\t\t\t<span class=\"elementor-button-text\">Cont\u00e1ctanos<\/span>\n\t\t\t\t\t<\/span>\n\t\t\t\t\t<\/a>\n\t\t\t\t\t\t\t\t<\/div>\n\t\t\t\t<\/div>\n\t\t\t\t<\/div>\n\t\t\t\t\t<\/div>\n\t\t\t\t<\/div>\n\t\t<div class=\"elementor-element elementor-element-e88cd61 e-flex e-con-boxed e-con e-parent\" data-id=\"e88cd61\" data-element_type=\"container\" data-settings=\"{&quot;background_background&quot;:&quot;classic&quot;}\">\n\t\t\t\t\t<div class=\"e-con-inner\">\n\t\t<div class=\"elementor-element elementor-element-d917d13 e-con-full e-flex e-con e-child\" data-id=\"d917d13\" data-element_type=\"container\">\n\t\t\t\t<div class=\"elementor-element elementor-element-31e8420 elementor-widget elementor-widget-image\" data-id=\"31e8420\" data-element_type=\"widget\" data-widget_type=\"image.default\">\n\t\t\t\t\t\t\t\t\t\t\t\t\t\t\t<img decoding=\"async\" width=\"1000\" height=\"563\" src=\"https:\/\/www.cnshining.com\/wp-content\/uploads\/2025\/10\/Aluminum-37-38-40mm-CS-Cartridge.webp\" class=\"attachment-large size-large wp-image-30417\" alt=\"Cartucho CS de aluminio de 37, 38 y 40 mm\" title=\"\">\t\t\t\t\t\t\t\t\t\t\t\t\t\t\t<\/div>\n\t\t\t\t<\/div>\n\t\t\t\t\t<\/div>\n\t\t\t\t<\/div>\n\t\t<div class=\"elementor-element elementor-element-5698888 e-flex e-con-boxed e-con e-parent\" data-id=\"5698888\" data-element_type=\"container\" data-settings=\"{&quot;background_background&quot;:&quot;classic&quot;}\">\n\t\t\t\t\t<div class=\"e-con-inner\">\n\t\t<div class=\"elementor-element elementor-element-d219143 e-con-full e-flex e-con e-child\" data-id=\"d219143\" data-element_type=\"container\">\n\t\t<div class=\"elementor-element elementor-element-3c809d7 e-con-full e-flex e-con e-child\" data-id=\"3c809d7\" data-element_type=\"container\">\n\t\t\t\t<div class=\"elementor-element elementor-element-4a87ed4 truncate-text elementor-widget elementor-widget-text-editor\" data-id=\"4a87ed4\" data-element_type=\"widget\" data-widget_type=\"text-editor.default\">\n\t\t\t\t\t\t\t\t\t<h2>\u00bfQu\u00e9 es un cartucho de saludo de aluminio?<\/h2><p>Un cartucho de salva es un peque\u00f1o bote de aluminio que contiene una composici\u00f3n pirot\u00e9cnica. Al encenderse, produce una fuerte explosi\u00f3n y una nube de humo. Los cartuchos de salva se utilizan en ceremonias, como las guardias de honor militares y las salvas de 21 ca\u00f1onazos. Tambi\u00e9n se utilizan en espect\u00e1culos pirot\u00e9cnicos.<\/p><p>\u201cSaludo\u201d proviene del lat\u00edn salus, que significa \u201cseguridad\u201d. Originalmente, el t\u00e9rmino se refer\u00eda a tocar el sombrero o el arma de alguien para mostrar respeto. Hoy en d\u00eda, la palabra describe cualquier gesto o acci\u00f3n que demuestre respeto o aprecio.<\/p><h2>Tipos de cartuchos de saludo: \u00bfcu\u00e1les son los diferentes tipos?<\/h2><p>En cuanto a los cartuchos de salva, existen tres tipos principales: de fogueo, de se\u00f1ales y de humo. Los cartuchos de fogueo son los m\u00e1s comunes para ceremonias. Los cartuchos de se\u00f1ales producen un fuerte ruido y suelen contener material pirot\u00e9cnico. Los cartuchos de humo producen una nube de humo y se utilizan a menudo para se\u00f1alizaci\u00f3n o como marcador.<\/p><h2>Usos: \u00bfCu\u00e1les son algunos usos comunes de los cartuchos de saludo?<\/h2><p>Los cartuchos de salva se usan com\u00fanmente en el ej\u00e9rcito y con fines ceremoniales. Tambi\u00e9n se pueden usar para entrenamiento y pr\u00e1cticas de tiro. Suelen cargarse con munici\u00f3n de fogueo, pero tambi\u00e9n pueden cargarse con munici\u00f3n real.<\/p><h2>Seguridad: \u00bfExisten preocupaciones de seguridad al utilizar cartuchos Salute?<\/h2><p>Al manipular fuegos artificiales, la seguridad debe ser la prioridad principal. Si bien los cartuchos de salvas son una forma relativamente segura de disfrutar de los fuegos artificiales, a\u00fan existen algunas cuestiones de seguridad que deben considerarse.<\/p><p>Para empezar, los cartuchos de salvas solo deben usarse en \u00e1reas bien ventiladas. El humo y los vapores que emiten pueden ser da\u00f1inos si se inhalan durante demasiado tiempo. Adem\u00e1s, es importante vigilar a los ni\u00f1os y las mascotas mientras se usan los cartuchos de salvas, ya que pueden asustarse por el ruido fuerte.<\/p><p>En general, siempre que se sigan las precauciones b\u00e1sicas de seguridad, los cartuchos de salva son una excelente manera de disfrutar de los fuegos artificiales de manera responsable.<\/p><h2>Conclusi\u00f3n<\/h2><p>Como fabricante y proveedor profesional de cartuchos de aluminio para salvas en China, le ofrecemos productos y servicios de la mejor calidad. \u00a1Venga y disfrute de nuestros productos!<\/p>\t\t\t\t\t\t\t\t<\/div>\n\t\t\t\t<\/div>\n\t\t\t\t<\/div>\n\t\t\t\t\t<\/div>\n\t\t\t\t<\/div>\n\t\t\t\t<\/div>","protected":false},"excerpt":{"rendered":"<p>Cartuchos de salva vac\u00edos de aluminio CNC de 16\/19\/26,5\/38 mm. Sin p\u00f3lvora ni fulminante, solo cartucho, altura personalizada, para recarga ceremonial de fogueo. Pedido m\u00ednimo: 10\u00a0000, proveedor OEM.<\/p>","protected":false},"author":1,"featured_media":30444,"parent":0,"menu_order":0,"comment_status":"closed","ping_status":"closed","template":"","meta":{"footnotes":""},"class_list":["post-15263","page","type-page","status-publish","has-post-thumbnail","hentry"],"_links":{"self":[{"href":"https:\/\/www.cnshining.com\/es\/wp-json\/wp\/v2\/pages\/15263","targetHints":{"allow":["GET"]}}],"collection":[{"href":"https:\/\/www.cnshining.com\/es\/wp-json\/wp\/v2\/pages"}],"about":[{"href":"https:\/\/www.cnshining.com\/es\/wp-json\/wp\/v2\/types\/page"}],"author":[{"embeddable":true,"href":"https:\/\/www.cnshining.com\/es\/wp-json\/wp\/v2\/users\/1"}],"replies":[{"embeddable":true,"href":"https:\/\/www.cnshining.com\/es\/wp-json\/wp\/v2\/comments?post=15263"}],"version-history":[{"count":0,"href":"https:\/\/www.cnshining.com\/es\/wp-json\/wp\/v2\/pages\/15263\/revisions"}],"wp:featuredmedia":[{"embeddable":true,"href":"https:\/\/www.cnshining.com\/es\/wp-json\/wp\/v2\/media\/30444"}],"wp:attachment":[{"href":"https:\/\/www.cnshining.com\/es\/wp-json\/wp\/v2\/media?parent=15263"}],"curies":[{"name":"wp","href":"https:\/\/api.w.org\/{rel}","templated":true}]}}