{"id":15604,"date":"2022-12-14T06:49:47","date_gmt":"2022-12-14T06:49:47","guid":{"rendered":"https:\/\/www.cnshining.com\/?page_id=15604"},"modified":"2025-12-23T02:02:25","modified_gmt":"2025-12-23T02:02:25","slug":"cartucho-aluminio-para-bengalas-26-5mm","status":"publish","type":"page","link":"https:\/\/www.cnshining.com\/es\/cartucho-aluminio-para-bengalas-26-5mm","title":{"rendered":"Carcasas de cartucho de aluminio de 26,5 mm"},"content":{"rendered":"<div data-elementor-type=\"wp-page\" data-elementor-id=\"15604\" class=\"elementor elementor-15604\" data-elementor-post-type=\"page\">\n\t\t\t\t<div class=\"elementor-element elementor-element-980d8c6 e-flex e-con-boxed e-con e-parent\" data-id=\"980d8c6\" data-element_type=\"container\" data-settings=\"{&quot;background_background&quot;:&quot;classic&quot;}\">\n\t\t\t\t\t<div class=\"e-con-inner\">\n\t\t\t\t<div class=\"elementor-element elementor-element-5d7284d elementor-icon-list--layout-inline elementor-align-center elementor-list-item-link-full_width elementor-widget elementor-widget-icon-list\" data-id=\"5d7284d\" data-element_type=\"widget\" data-widget_type=\"icon-list.default\">\n\t\t\t\t\t\t\t<ul class=\"elementor-icon-list-items elementor-inline-items\">\n\t\t\t\t\t\t\t<li class=\"elementor-icon-list-item elementor-inline-item\">\n\t\t\t\t\t\t\t\t\t\t\t<a href=\"https:\/\/www.cnshining.com\/es\" target=\"_blank\">\n\n\t\t\t\t\t\t\t\t\t\t\t\t<span class=\"elementor-icon-list-icon\">\n\t\t\t\t\t\t\t<svg aria-hidden=\"true\" class=\"e-font-icon-svg e-fas-home\" viewbox=\"0 0 576 512\" xmlns=\"http:\/\/www.w3.org\/2000\/svg\"><path d=\"M280.37 148.26L96 300.11V464a16 16 0 0 0 16 16l112.06-.29a16 16 0 0 0 15.92-16V368a16 16 0 0 1 16-16h64a16 16 0 0 1 16 16v95.64a16 16 0 0 0 16 16.05L464 480a16 16 0 0 0 16-16V300L295.67 148.26a12.19 12.19 0 0 0-15.3 0zM571.6 251.47L488 182.56V44.05a12 12 0 0 0-12-12h-56a12 12 0 0 0-12 12v72.61L318.47 43a48 48 0 0 0-61 0L4.34 251.47a12 12 0 0 0-1.6 16.9l25.5 31A12 12 0 0 0 45.15 301l235.22-193.74a12.19 12.19 0 0 1 15.3 0L530.9 301a12 12 0 0 0 16.9-1.6l25.5-31a12 12 0 0 0-1.7-16.93z\"><\/path><\/svg>\t\t\t\t\t\t<\/span>\n\t\t\t\t\t\t\t\t\t\t<span class=\"elementor-icon-list-text\">Hogar \/<\/span>\n\t\t\t\t\t\t\t\t\t\t\t<\/a>\n\t\t\t\t\t\t\t\t\t<\/li>\n\t\t\t\t\t\t\t\t<li class=\"elementor-icon-list-item elementor-inline-item\">\n\t\t\t\t\t\t\t\t\t\t\t<a href=\"https:\/\/www.cnshining.com\/es\/cartucho-no-letal\/\" target=\"_blank\">\n\n\t\t\t\t\t\t\t\t\t\t\t<span class=\"elementor-icon-list-text\">Cartucho no letal\/<\/span>\n\t\t\t\t\t\t\t\t\t\t\t<\/a>\n\t\t\t\t\t\t\t\t\t<\/li>\n\t\t\t\t\t\t<\/ul>\n\t\t\t\t\t\t<\/div>\n\t\t\t\t\t<\/div>\n\t\t\t\t<\/div>\n\t\t<div class=\"elementor-element elementor-element-112e894 e-flex e-con-boxed e-con e-parent\" data-id=\"112e894\" data-element_type=\"container\" data-settings=\"{&quot;background_background&quot;:&quot;classic&quot;}\">\n\t\t\t\t\t<div class=\"e-con-inner\">\n\t\t<div class=\"elementor-element elementor-element-c31d3a2 e-con-full e-flex e-con e-child\" data-id=\"c31d3a2\" data-element_type=\"container\">\n\t\t<div class=\"elementor-element elementor-element-04e0664 e-con-full e-flex e-con e-child\" data-id=\"04e0664\" data-element_type=\"container\">\n\t\t\t\t<div class=\"elementor-element elementor-element-1a56b99 elementor-widget elementor-widget-image\" data-id=\"1a56b99\" data-element_type=\"widget\" data-widget_type=\"image.default\">\n\t\t\t\t\t\t\t\t\t\t\t\t\t\t\t<img fetchpriority=\"high\" decoding=\"async\" width=\"1000\" height=\"1000\" src=\"https:\/\/www.cnshining.com\/wp-content\/uploads\/2025\/11\/Aluminium-Cartridge-For-26.5mm-Flares.webp\" class=\"attachment-large size-large wp-image-31837\" alt=\"Cartucho de aluminio para bengalas de 26,5 mm\" title=\"\">\t\t\t\t\t\t\t\t\t\t\t\t\t\t\t<\/div>\n\t\t\t\t<\/div>\n\t\t<div class=\"elementor-element elementor-element-5ac2bb3 e-con-full e-flex e-con e-child\" data-id=\"5ac2bb3\" data-element_type=\"container\">\n\t\t<div class=\"elementor-element elementor-element-cf879ea e-con-full e-flex e-con e-child\" data-id=\"cf879ea\" data-element_type=\"container\">\n\t\t<div class=\"elementor-element elementor-element-e0a7cae e-con-full e-flex e-con e-child\" data-id=\"e0a7cae\" data-element_type=\"container\">\n\t\t\t\t<div class=\"elementor-element elementor-element-dc9db9e elementor-widget elementor-widget-heading\" data-id=\"dc9db9e\" data-element_type=\"widget\" data-widget_type=\"heading.default\">\n\t\t\t\t\t<h3 class=\"elementor-heading-title elementor-size-default\">Material<\/h3>\t\t\t\t<\/div>\n\t\t\t\t<div class=\"elementor-element elementor-element-1113cc5 elementor-widget__width-initial elementor-widget-tablet__width-initial elementor-widget elementor-widget-text-editor\" data-id=\"1113cc5\" data-element_type=\"widget\" data-widget_type=\"text-editor.default\">\n\t\t\t\t\t\t\t\t\t<p>Aleaci\u00f3n de aluminio<\/p>\t\t\t\t\t\t\t\t<\/div>\n\t\t\t\t<\/div>\n\t\t<div class=\"elementor-element elementor-element-c6172e1 e-con-full e-flex e-con e-child\" data-id=\"c6172e1\" data-element_type=\"container\">\n\t\t\t\t<div class=\"elementor-element elementor-element-17f3cf8 elementor-widget elementor-widget-heading\" data-id=\"17f3cf8\" data-element_type=\"widget\" data-widget_type=\"heading.default\">\n\t\t\t\t\t<h3 class=\"elementor-heading-title elementor-size-default\">Di\u00e1metro<\/h3>\t\t\t\t<\/div>\n\t\t\t\t<div class=\"elementor-element elementor-element-3ed213d elementor-widget__width-initial elementor-widget-tablet__width-initial elementor-widget elementor-widget-text-editor\" data-id=\"3ed213d\" data-element_type=\"widget\" data-widget_type=\"text-editor.default\">\n\t\t\t\t\t\t\t\t\t<p>26,5 mm<\/p>\t\t\t\t\t\t\t\t<\/div>\n\t\t\t\t<\/div>\n\t\t\t\t<\/div>\n\t\t<div class=\"elementor-element elementor-element-a711ec6 e-con-full e-flex e-con e-child\" data-id=\"a711ec6\" data-element_type=\"container\">\n\t\t<div class=\"elementor-element elementor-element-ba8f761 e-con-full e-flex e-con e-child\" data-id=\"ba8f761\" data-element_type=\"container\">\n\t\t\t\t<div class=\"elementor-element elementor-element-7aff87a elementor-widget elementor-widget-heading\" data-id=\"7aff87a\" data-element_type=\"widget\" data-widget_type=\"heading.default\">\n\t\t\t\t\t<h3 class=\"elementor-heading-title elementor-size-default\">Cantidad m\u00ednima de pedido<\/h3>\t\t\t\t<\/div>\n\t\t\t\t<div class=\"elementor-element elementor-element-1efdacf elementor-widget__width-initial elementor-widget-tablet__width-initial elementor-widget elementor-widget-text-editor\" data-id=\"1efdacf\" data-element_type=\"widget\" data-widget_type=\"text-editor.default\">\n\t\t\t\t\t\t\t\t\t<p>10.000 piezas<\/p>\t\t\t\t\t\t\t\t<\/div>\n\t\t\t\t<\/div>\n\t\t<div class=\"elementor-element elementor-element-cff5ca2 e-con-full e-flex e-con e-child\" data-id=\"cff5ca2\" data-element_type=\"container\">\n\t\t\t\t<div class=\"elementor-element elementor-element-603f3e2 elementor-widget elementor-widget-heading\" data-id=\"603f3e2\" data-element_type=\"widget\" data-widget_type=\"heading.default\">\n\t\t\t\t\t<h3 class=\"elementor-heading-title elementor-size-default\">costumbre<\/h3>\t\t\t\t<\/div>\n\t\t\t\t<div class=\"elementor-element elementor-element-c91f2be elementor-widget__width-initial elementor-widget-tablet__width-initial elementor-widget elementor-widget-text-editor\" data-id=\"c91f2be\" data-element_type=\"widget\" data-widget_type=\"text-editor.default\">\n\t\t\t\t\t\t\t\t\t<p>Aceptamos tama\u00f1os personalizados<\/p>\t\t\t\t\t\t\t\t<\/div>\n\t\t\t\t<\/div>\n\t\t\t\t<\/div>\n\t\t\t\t<div class=\"elementor-element elementor-element-9f4f01b elementor-mobile-align-left elementor-align-right elementor-widget elementor-widget-button\" data-id=\"9f4f01b\" data-element_type=\"widget\" data-widget_type=\"button.default\">\n\t\t\t\t\t\t\t\t\t\t<a class=\"elementor-button elementor-button-link elementor-size-sm\" href=\"#elementor-action%3Aaction%3Dpopup%3Aopen%26settings%3DeyJpZCI6IjE0MTMyIiwidG9nZ2xlIjpmYWxzZX0%3D\" target=\"_blank\">\n\t\t\t\t\t\t<span class=\"elementor-button-content-wrapper\">\n\t\t\t\t\t\t<span class=\"elementor-button-icon\">\n\t\t\t\t<svg aria-hidden=\"true\" class=\"e-font-icon-svg e-fas-arrow-right\" viewbox=\"0 0 448 512\" xmlns=\"http:\/\/www.w3.org\/2000\/svg\"><path d=\"M190.5 66.9l22.2-22.2c9.4-9.4 24.6-9.4 33.9 0L441 239c9.4 9.4 9.4 24.6 0 33.9L246.6 467.3c-9.4 9.4-24.6 9.4-33.9 0l-22.2-22.2c-9.5-9.5-9.3-25 .4-34.3L311.4 296H24c-13.3 0-24-10.7-24-24v-32c0-13.3 10.7-24 24-24h287.4L190.9 101.2c-9.8-9.3-10-24.8-.4-34.3z\"><\/path><\/svg>\t\t\t<\/span>\n\t\t\t\t\t\t\t\t\t<span class=\"elementor-button-text\">Cont\u00e1ctanos<\/span>\n\t\t\t\t\t<\/span>\n\t\t\t\t\t<\/a>\n\t\t\t\t\t\t\t\t<\/div>\n\t\t\t\t<\/div>\n\t\t\t\t<\/div>\n\t\t\t\t\t<\/div>\n\t\t\t\t<\/div>\n\t\t<div class=\"elementor-element elementor-element-94a3fa1 e-flex e-con-boxed e-con e-parent\" data-id=\"94a3fa1\" data-element_type=\"container\" data-settings=\"{&quot;background_background&quot;:&quot;classic&quot;}\">\n\t\t\t\t\t<div class=\"e-con-inner\">\n\t\t<div class=\"elementor-element elementor-element-8fbbe8c e-con-full e-flex e-con e-child\" data-id=\"8fbbe8c\" data-element_type=\"container\">\n\t\t\t\t<div class=\"elementor-element elementor-element-52f3749 elementor-skin-carousel elementor-arrows-yes elementor-widget elementor-widget-media-carousel\" data-id=\"52f3749\" data-element_type=\"widget\" data-settings=\"{&quot;lazyload&quot;:&quot;yes&quot;,&quot;space_between&quot;:{&quot;unit&quot;:&quot;px&quot;,&quot;size&quot;:25,&quot;sizes&quot;:[]},&quot;slides_per_view_tablet&quot;:&quot;1&quot;,&quot;skin&quot;:&quot;carousel&quot;,&quot;effect&quot;:&quot;slide&quot;,&quot;show_arrows&quot;:&quot;yes&quot;,&quot;speed&quot;:500,&quot;autoplay&quot;:&quot;yes&quot;,&quot;autoplay_speed&quot;:5000,&quot;loop&quot;:&quot;yes&quot;,&quot;pause_on_hover&quot;:&quot;yes&quot;,&quot;pause_on_interaction&quot;:&quot;yes&quot;,&quot;space_between_tablet&quot;:{&quot;unit&quot;:&quot;px&quot;,&quot;size&quot;:10,&quot;sizes&quot;:[]},&quot;space_between_mobile&quot;:{&quot;unit&quot;:&quot;px&quot;,&quot;size&quot;:10,&quot;sizes&quot;:[]}}\" data-widget_type=\"media-carousel.default\">\n\t\t\t\t\t\t\t\t\t\t<div class=\"elementor-main-swiper swiper\" role=\"region\" aria-roledescription=\"carousel\" aria-label=\"Diapositivas\">\n\t\t\t\t<div class=\"swiper-wrapper\">\n\t\t\t\t\t\t\t\t\t\t\t<div class=\"swiper-slide\" role=\"group\" aria-roledescription=\"slide\">\n\t\t\t\t\t\t\t<a href=\"https:\/\/www.cnshining.com\/wp-content\/uploads\/2025\/10\/Aluminium-Cartridge-For-26.5mm-Flares-1.webp\" data-elementor-open-lightbox=\"yes\" data-elementor-lightbox-slideshow=\"52f3749\" data-elementor-lightbox-title=\"Aluminium Cartridge For 26.5mm Flares\" data-e-action-hash=\"#elementor-action%3Aaction%3Dlightbox%26settings%3DeyJpZCI6MzA0MTYsInVybCI6Imh0dHBzOlwvXC93d3cuY25zaGluaW5nLmNvbVwvd3AtY29udGVudFwvdXBsb2Fkc1wvMjAyNVwvMTBcL0FsdW1pbml1bS1DYXJ0cmlkZ2UtRm9yLTI2LjVtbS1GbGFyZXMtMS53ZWJwIiwic2xpZGVzaG93IjoiNTJmMzc0OSJ9\">\t\t<div class=\"elementor-carousel-image swiper-lazy\" role=\"img\" aria-label=\"Cartucho de aluminio para bengalas de 26,5 mm\" data-background=\"https:\/\/www.cnshining.com\/wp-content\/uploads\/2025\/10\/Aluminium-Cartridge-For-26.5mm-Flares-1.webp\">\n\n\t\t\t\t\t\t\t<div class=\"swiper-lazy-preloader\"><\/div>\n\t\t\t\n\t\t\t\t\t<\/div>\n\t\t<\/a>\t\t\t\t\t\t<\/div>\n\t\t\t\t\t\t\t\t\t\t\t<div class=\"swiper-slide\" role=\"group\" aria-roledescription=\"slide\">\n\t\t\t\t\t\t\t<a href=\"https:\/\/www.cnshining.com\/wp-content\/uploads\/2025\/10\/Aluminum-37-38-40mm-CS-Cartridge.webp\" data-elementor-open-lightbox=\"yes\" data-elementor-lightbox-slideshow=\"52f3749\" data-elementor-lightbox-title=\"Aluminum 37 38 40mm CS Cartridge\" data-e-action-hash=\"#elementor-action%3Aaction%3Dlightbox%26settings%3DeyJpZCI6MzA0MTcsInVybCI6Imh0dHBzOlwvXC93d3cuY25zaGluaW5nLmNvbVwvd3AtY29udGVudFwvdXBsb2Fkc1wvMjAyNVwvMTBcL0FsdW1pbnVtLTM3LTM4LTQwbW0tQ1MtQ2FydHJpZGdlLndlYnAiLCJzbGlkZXNob3ciOiI1MmYzNzQ5In0%3D\">\t\t<div class=\"elementor-carousel-image swiper-lazy\" role=\"img\" aria-label=\"Cartucho CS de aluminio de 37, 38 y 40 mm\" data-background=\"https:\/\/www.cnshining.com\/wp-content\/uploads\/2025\/10\/Aluminum-37-38-40mm-CS-Cartridge.webp\">\n\n\t\t\t\t\t\t\t<div class=\"swiper-lazy-preloader\"><\/div>\n\t\t\t\n\t\t\t\t\t<\/div>\n\t\t<\/a>\t\t\t\t\t\t<\/div>\n\t\t\t\t\t\t\t\t\t<\/div>\n\t\t\t\t\t\t\t\t\t\t\t\t\t\t\t<div class=\"elementor-swiper-button elementor-swiper-button-prev\" role=\"button\" tabindex=\"0\" aria-label=\"Anterior\">\n\t\t\t\t\t\t\t<svg aria-hidden=\"true\" class=\"e-font-icon-svg e-eicon-chevron-left\" viewbox=\"0 0 1000 1000\" xmlns=\"http:\/\/www.w3.org\/2000\/svg\"><path d=\"M646 125C629 125 613 133 604 142L308 442C296 454 292 471 292 487 292 504 296 521 308 533L604 854C617 867 629 875 646 875 663 875 679 871 692 858 704 846 713 829 713 812 713 796 708 779 692 767L438 487 692 225C700 217 708 204 708 187 708 171 704 154 692 142 675 129 663 125 646 125Z\"><\/path><\/svg>\t\t\t\t\t\t<\/div>\n\t\t\t\t\t\t<div class=\"elementor-swiper-button elementor-swiper-button-next\" role=\"button\" tabindex=\"0\" aria-label=\"Pr\u00f3ximo\">\n\t\t\t\t\t\t\t<svg aria-hidden=\"true\" class=\"e-font-icon-svg e-eicon-chevron-right\" viewbox=\"0 0 1000 1000\" xmlns=\"http:\/\/www.w3.org\/2000\/svg\"><path d=\"M696 533C708 521 713 504 713 487 713 471 708 454 696 446L400 146C388 133 375 125 354 125 338 125 325 129 313 142 300 154 292 171 292 187 292 204 296 221 308 233L563 492 304 771C292 783 288 800 288 817 288 833 296 850 308 863 321 871 338 875 354 875 371 875 388 867 400 854L696 533Z\"><\/path><\/svg>\t\t\t\t\t\t<\/div>\n\t\t\t\t\t\t\t\t\t\t\t\t\t\t\t\t\t<\/div>\n\t\t\t\t\t\t\t\t<\/div>\n\t\t\t\t<\/div>\n\t\t\t\t\t<\/div>\n\t\t\t\t<\/div>\n\t\t<div class=\"elementor-element elementor-element-3affb2c e-flex e-con-boxed e-con e-parent\" data-id=\"3affb2c\" data-element_type=\"container\">\n\t\t\t\t\t<div class=\"e-con-inner\">\n\t\t<div class=\"elementor-element elementor-element-d3b4749 e-con-full e-flex e-con e-child\" data-id=\"d3b4749\" data-element_type=\"container\">\n\t\t<div class=\"elementor-element elementor-element-4923882 e-con-full e-flex e-con e-child\" data-id=\"4923882\" data-element_type=\"container\">\n\t\t\t\t<div class=\"elementor-element elementor-element-4b45c9a truncate-text elementor-widget elementor-widget-text-editor\" data-id=\"4b45c9a\" data-element_type=\"widget\" data-widget_type=\"text-editor.default\">\n\t\t\t\t\t\t\t\t\t<p>El cartucho de aluminio para bengalas de 26,5 mm es un elemento esencial para cualquier tirador que necesite usar munici\u00f3n de 26,5 mm en el campo. Este cartucho est\u00e1 dise\u00f1ado espec\u00edficamente para encajar en el adaptador de bengalas de 26,5 mm y proporcionar una potencia de fuego fiable y precisa en cualquier situaci\u00f3n. Su construcci\u00f3n en aluminio garantiza la m\u00e1xima durabilidad y su ligereza facilita su transporte y almacenamiento cuando no se utiliza.<\/p><h2>Historia: Or\u00edgenes y desarrollo<\/h2><p>El uso de pistolas de bengalas de 26,5 mm y sus posteriores adaptadores tiene una rica historia que se remonta a principios del siglo XIX. El primer uso documentado de estas pistolas, tambi\u00e9n conocidas como pistolas de se\u00f1ales, data de 1820, cuando fueron utilizadas por las tropas brit\u00e1nicas estacionadas en la India durante el conflicto. Las bengalas se disparaban para dar una alarma o alertar a las tropas cercanas de una situaci\u00f3n de emergencia. Antes de la invenci\u00f3n de los cartuchos, estas armas utilizaban p\u00f3lvora y taco en lugar de propulsi\u00f3n.<\/p><p>A lo largo de su evoluci\u00f3n, el ca\u00f1\u00f3n de bengalas de 26,5 mm se ha adaptado para alojar varios tipos de munici\u00f3n, incluidas balas de fogueo, balas trazadoras y otros tipos que se pueden cargar f\u00e1cilmente en cartuchos a trav\u00e9s de un adaptador de aluminio dise\u00f1ado para este fin.<\/p><h2>Descripci\u00f3n: Dise\u00f1o y Construcci\u00f3n<\/h2><p>Las bengalas cohete de 26,5 mm est\u00e1n dise\u00f1adas para usarse en diversas situaciones, como se\u00f1ales de socorro y disparos de advertencia. Su dise\u00f1o y construcci\u00f3n son fundamentales para garantizar su rendimiento en estos escenarios.<\/p><p>El cartucho para las bengalas de 26,5 mm consta de un cuerpo de aluminio que alberga la carga propulsora y el n\u00facleo de la bengala, un adaptador con un mecanismo de disparo que libera la bengala al dispararse, as\u00ed como un escudo t\u00e9rmico para evitar da\u00f1os causados por la combusti\u00f3n de los materiales expulsados durante el disparo. El cartucho tambi\u00e9n cuenta con un sistema de ignici\u00f3n que utiliza se\u00f1ales el\u00e9ctricas enviadas a trav\u00e9s de cargas pirot\u00e9cnicas para encender el propulsor en su interior.<\/p><h2>Usos: Variedad de prop\u00f3sitos<\/h2><p>El cartucho de aluminio para bengalas de 26,5 mm es una herramienta vers\u00e1til y fiable que se puede utilizar en diversas situaciones. Estos cartuchos son especialmente \u00fatiles para producir bengalas luminosas, lo que los convierte en una herramienta ideal para operaciones de b\u00fasqueda y rescate y actividades recreativas. Tambi\u00e9n se utilizan en aplicaciones militares para proporcionar marcadores visuales y fuentes de iluminaci\u00f3n fiables en el campo de batalla.<\/p><p>Los cartuchos de bengala de 26,5 mm combinan construcci\u00f3n de aluminio, ingenier\u00eda avanzada y materiales especializados para crear un producto de alta calidad, duradero y fiable en diversas situaciones. Esta versatilidad hace que estos cartuchos sean muy solicitados por su capacidad para funcionar en condiciones clim\u00e1ticas extremas, lo que los hace ideales para uso diurno y nocturno.<\/p><h2>Beneficios: Eficiencia y seguridad<\/h2><p>El cartucho de aluminio para bengalas de 26,5 mm es un accesorio importante para iluminar el cielo nocturno con diversas se\u00f1ales y mensajes luminosos. Este dispositivo \u00fanico ofrece numerosas ventajas, como mayor eficiencia y seguridad, a quienes lo utilizan en sus actividades de se\u00f1alizaci\u00f3n.<\/p><h2>Conclusi\u00f3n<\/h2><p>La conclusi\u00f3n del art\u00edculo sobre los cartuchos de aluminio para bengalas de 26,5 mm es que constituyen una soluci\u00f3n eficaz y fiable para proporcionar iluminaci\u00f3n y se\u00f1ales de humo en emergencias. Los cartuchos de bengalas de 26,5 mm est\u00e1n dise\u00f1ados para ser ligeros y duraderos, lo que los convierte en una excelente opci\u00f3n para quienes necesitan dispositivos de se\u00f1alizaci\u00f3n port\u00e1tiles. Adem\u00e1s, son relativamente econ\u00f3micos en comparaci\u00f3n con otros tipos de dispositivos de se\u00f1alizaci\u00f3n, lo que ofrece una forma rentable de comunicarse en situaciones de emergencia.<\/p><p>En general, el cartucho de aluminio para bengalas de 26,5 mm proporciona un medio de comunicaci\u00f3n fiable y eficiente en situaciones de peligro. Su dise\u00f1o superior y los materiales empleados en su fabricaci\u00f3n permiten utilizarlas eficazmente tanto como bengalas de iluminaci\u00f3n como como se\u00f1ales de humo, lo que las hace ideales para cualquier situaci\u00f3n que requiera la atenci\u00f3n inmediata de fuentes cercanas.<\/p>\t\t\t\t\t\t\t\t<\/div>\n\t\t\t\t<\/div>\n\t\t\t\t<\/div>\n\t\t\t\t\t<\/div>\n\t\t\t\t<\/div>\n\t\t\t\t<\/div>","protected":false},"excerpt":{"rendered":"<p>Cartuchos de bengala de aluminio CNC de 26,5 mm para pistola\/lanzador de se\u00f1ales. Rojo\/blanco\/verde\/paraca\u00eddas, emergencia mar\u00edtima y uso militar. Cantidad m\u00ednima de pedido: 10\u00a0000. Se aceptan longitudes y colores personalizados.<\/p>","protected":false},"author":1,"featured_media":31837,"parent":0,"menu_order":0,"comment_status":"closed","ping_status":"closed","template":"","meta":{"footnotes":""},"class_list":["post-15604","page","type-page","status-publish","has-post-thumbnail","hentry"],"_links":{"self":[{"href":"https:\/\/www.cnshining.com\/es\/wp-json\/wp\/v2\/pages\/15604","targetHints":{"allow":["GET"]}}],"collection":[{"href":"https:\/\/www.cnshining.com\/es\/wp-json\/wp\/v2\/pages"}],"about":[{"href":"https:\/\/www.cnshining.com\/es\/wp-json\/wp\/v2\/types\/page"}],"author":[{"embeddable":true,"href":"https:\/\/www.cnshining.com\/es\/wp-json\/wp\/v2\/users\/1"}],"replies":[{"embeddable":true,"href":"https:\/\/www.cnshining.com\/es\/wp-json\/wp\/v2\/comments?post=15604"}],"version-history":[{"count":0,"href":"https:\/\/www.cnshining.com\/es\/wp-json\/wp\/v2\/pages\/15604\/revisions"}],"wp:featuredmedia":[{"embeddable":true,"href":"https:\/\/www.cnshining.com\/es\/wp-json\/wp\/v2\/media\/31837"}],"wp:attachment":[{"href":"https:\/\/www.cnshining.com\/es\/wp-json\/wp\/v2\/media?parent=15604"}],"curies":[{"name":"wp","href":"https:\/\/api.w.org\/{rel}","templated":true}]}}