{"id":16086,"date":"2023-05-02T06:17:00","date_gmt":"2023-05-02T06:17:00","guid":{"rendered":"https:\/\/www.cnshining.com\/?page_id=16086"},"modified":"2025-12-23T05:33:05","modified_gmt":"2025-12-23T05:33:05","slug":"cartucho-de-aluminio-para-aviones-bengalas-militares","status":"publish","type":"page","link":"https:\/\/www.cnshining.com\/es\/cartucho-de-aluminio-para-aviones-bengalas-militares","title":{"rendered":"Carcasa de cartucho de bengala de aluminio vac\u00eda para aeronaves"},"content":{"rendered":"<div data-elementor-type=\"wp-page\" data-elementor-id=\"16086\" class=\"elementor elementor-16086\" data-elementor-post-type=\"page\">\n\t\t\t\t<div class=\"elementor-element elementor-element-6db5a787 e-flex e-con-boxed e-con e-parent\" data-id=\"6db5a787\" data-element_type=\"container\" data-settings=\"{&quot;background_background&quot;:&quot;classic&quot;}\">\n\t\t\t\t\t<div class=\"e-con-inner\">\n\t\t\t\t<div class=\"elementor-element elementor-element-5d6702f elementor-icon-list--layout-inline elementor-align-center elementor-list-item-link-full_width elementor-widget elementor-widget-icon-list\" data-id=\"5d6702f\" data-element_type=\"widget\" data-widget_type=\"icon-list.default\">\n\t\t\t\t\t\t\t<ul class=\"elementor-icon-list-items elementor-inline-items\">\n\t\t\t\t\t\t\t<li class=\"elementor-icon-list-item elementor-inline-item\">\n\t\t\t\t\t\t\t\t\t\t\t<a href=\"https:\/\/www.cnshining.com\/es\" target=\"_blank\">\n\n\t\t\t\t\t\t\t\t\t\t\t\t<span class=\"elementor-icon-list-icon\">\n\t\t\t\t\t\t\t<svg aria-hidden=\"true\" class=\"e-font-icon-svg e-fas-home\" viewbox=\"0 0 576 512\" xmlns=\"http:\/\/www.w3.org\/2000\/svg\"><path d=\"M280.37 148.26L96 300.11V464a16 16 0 0 0 16 16l112.06-.29a16 16 0 0 0 15.92-16V368a16 16 0 0 1 16-16h64a16 16 0 0 1 16 16v95.64a16 16 0 0 0 16 16.05L464 480a16 16 0 0 0 16-16V300L295.67 148.26a12.19 12.19 0 0 0-15.3 0zM571.6 251.47L488 182.56V44.05a12 12 0 0 0-12-12h-56a12 12 0 0 0-12 12v72.61L318.47 43a48 48 0 0 0-61 0L4.34 251.47a12 12 0 0 0-1.6 16.9l25.5 31A12 12 0 0 0 45.15 301l235.22-193.74a12.19 12.19 0 0 1 15.3 0L530.9 301a12 12 0 0 0 16.9-1.6l25.5-31a12 12 0 0 0-1.7-16.93z\"><\/path><\/svg>\t\t\t\t\t\t<\/span>\n\t\t\t\t\t\t\t\t\t\t<span class=\"elementor-icon-list-text\">Hogar \/<\/span>\n\t\t\t\t\t\t\t\t\t\t\t<\/a>\n\t\t\t\t\t\t\t\t\t<\/li>\n\t\t\t\t\t\t\t\t<li class=\"elementor-icon-list-item elementor-inline-item\">\n\t\t\t\t\t\t\t\t\t\t\t<a href=\"https:\/\/www.cnshining.com\/es\/cartucho-no-letal\/\" target=\"_blank\">\n\n\t\t\t\t\t\t\t\t\t\t\t<span class=\"elementor-icon-list-text\">Cartucho no letal\/<\/span>\n\t\t\t\t\t\t\t\t\t\t\t<\/a>\n\t\t\t\t\t\t\t\t\t<\/li>\n\t\t\t\t\t\t<\/ul>\n\t\t\t\t\t\t<\/div>\n\t\t\t\t\t<\/div>\n\t\t\t\t<\/div>\n\t\t<div class=\"elementor-element elementor-element-5f15548 e-flex e-con-boxed e-con e-parent\" data-id=\"5f15548\" data-element_type=\"container\" data-settings=\"{&quot;background_background&quot;:&quot;classic&quot;}\">\n\t\t\t\t\t<div class=\"e-con-inner\">\n\t\t<div class=\"elementor-element elementor-element-e4b09ad e-con-full e-flex e-con e-child\" data-id=\"e4b09ad\" data-element_type=\"container\">\n\t\t<div class=\"elementor-element elementor-element-f1b5438 e-con-full e-flex e-con e-child\" data-id=\"f1b5438\" data-element_type=\"container\">\n\t\t\t\t<div class=\"elementor-element elementor-element-404fa28 elementor-widget elementor-widget-image\" data-id=\"404fa28\" data-element_type=\"widget\" data-widget_type=\"image.default\">\n\t\t\t\t\t\t\t\t\t\t\t\t\t\t\t<img fetchpriority=\"high\" decoding=\"async\" width=\"2000\" height=\"2001\" src=\"https:\/\/www.cnshining.com\/wp-content\/uploads\/2025\/10\/Aluminum-Cartridge-for-Aircraft-Military-Flares.webp\" class=\"attachment-large size-large wp-image-30987\" alt=\"Cartucho de aluminio para bengalas militares de aeronaves\" title=\"\">\t\t\t\t\t\t\t\t\t\t\t\t\t\t\t<\/div>\n\t\t\t\t<\/div>\n\t\t<div class=\"elementor-element elementor-element-6122e77 e-con-full e-flex e-con e-child\" data-id=\"6122e77\" data-element_type=\"container\">\n\t\t<div class=\"elementor-element elementor-element-7bc242b e-con-full e-flex e-con e-child\" data-id=\"7bc242b\" data-element_type=\"container\">\n\t\t<div class=\"elementor-element elementor-element-4841fea e-con-full e-flex e-con e-child\" data-id=\"4841fea\" data-element_type=\"container\">\n\t\t\t\t<div class=\"elementor-element elementor-element-b32ceb0 elementor-widget elementor-widget-heading\" data-id=\"b32ceb0\" data-element_type=\"widget\" data-widget_type=\"heading.default\">\n\t\t\t\t\t<h3 class=\"elementor-heading-title elementor-size-default\">Material<\/h3>\t\t\t\t<\/div>\n\t\t\t\t<div class=\"elementor-element elementor-element-fd02e20 elementor-widget__width-initial elementor-widget-tablet__width-initial elementor-widget elementor-widget-text-editor\" data-id=\"fd02e20\" data-element_type=\"widget\" data-widget_type=\"text-editor.default\">\n\t\t\t\t\t\t\t\t\t<p>Aleaci\u00f3n de aluminio<\/p>\t\t\t\t\t\t\t\t<\/div>\n\t\t\t\t<\/div>\n\t\t<div class=\"elementor-element elementor-element-bed2ffe e-con-full e-flex e-con e-child\" data-id=\"bed2ffe\" data-element_type=\"container\">\n\t\t\t\t<div class=\"elementor-element elementor-element-0243f28 elementor-widget elementor-widget-heading\" data-id=\"0243f28\" data-element_type=\"widget\" data-widget_type=\"heading.default\">\n\t\t\t\t\t<h3 class=\"elementor-heading-title elementor-size-default\">Cantidad m\u00ednima de pedido<\/h3>\t\t\t\t<\/div>\n\t\t\t\t<div class=\"elementor-element elementor-element-ebf878a elementor-widget__width-initial elementor-widget-tablet__width-initial elementor-widget elementor-widget-text-editor\" data-id=\"ebf878a\" data-element_type=\"widget\" data-widget_type=\"text-editor.default\">\n\t\t\t\t\t\t\t\t\t<p>10.000 piezas<\/p>\t\t\t\t\t\t\t\t<\/div>\n\t\t\t\t<\/div>\n\t\t\t\t<\/div>\n\t\t<div class=\"elementor-element elementor-element-ce75e64 e-con-full e-flex e-con e-child\" data-id=\"ce75e64\" data-element_type=\"container\">\n\t\t<div class=\"elementor-element elementor-element-497286d e-con-full e-flex e-con e-child\" data-id=\"497286d\" data-element_type=\"container\">\n\t\t\t\t<div class=\"elementor-element elementor-element-6e4dbdd elementor-widget elementor-widget-heading\" data-id=\"6e4dbdd\" data-element_type=\"widget\" data-widget_type=\"heading.default\">\n\t\t\t\t\t<h3 class=\"elementor-heading-title elementor-size-default\">Costumbre<\/h3>\t\t\t\t<\/div>\n\t\t\t\t<div class=\"elementor-element elementor-element-b8ee607 elementor-widget__width-initial elementor-widget-tablet__width-initial elementor-widget elementor-widget-text-editor\" data-id=\"b8ee607\" data-element_type=\"widget\" data-widget_type=\"text-editor.default\">\n\t\t\t\t\t\t\t\t\t<p>Aceptamos tama\u00f1os personalizados<\/p>\t\t\t\t\t\t\t\t<\/div>\n\t\t\t\t<\/div>\n\t\t\t\t<\/div>\n\t\t<div class=\"elementor-element elementor-element-c483ca6 e-con-full e-flex e-con e-child\" data-id=\"c483ca6\" data-element_type=\"container\">\n\t\t\t\t<div class=\"elementor-element elementor-element-391a3e8 elementor-widget-divider--view-line elementor-widget elementor-widget-divider\" data-id=\"391a3e8\" data-element_type=\"widget\" data-widget_type=\"divider.default\">\n\t\t\t\t\t\t\t<div class=\"elementor-divider\">\n\t\t\t<span class=\"elementor-divider-separator\">\n\t\t\t\t\t\t<\/span>\n\t\t<\/div>\n\t\t\t\t\t\t<\/div>\n\t\t\t\t<\/div>\n\t\t\t\t<div class=\"elementor-element elementor-element-1415bbd elementor-mobile-align-left elementor-align-right elementor-widget elementor-widget-button\" data-id=\"1415bbd\" data-element_type=\"widget\" data-widget_type=\"button.default\">\n\t\t\t\t\t\t\t\t\t\t<a class=\"elementor-button elementor-button-link elementor-size-sm\" href=\"#elementor-action%3Aaction%3Dpopup%3Aopen%26settings%3DeyJpZCI6IjE0MTMyIiwidG9nZ2xlIjpmYWxzZX0%3D\" target=\"_blank\">\n\t\t\t\t\t\t<span class=\"elementor-button-content-wrapper\">\n\t\t\t\t\t\t<span class=\"elementor-button-icon\">\n\t\t\t\t<svg aria-hidden=\"true\" class=\"e-font-icon-svg e-fas-arrow-right\" viewbox=\"0 0 448 512\" xmlns=\"http:\/\/www.w3.org\/2000\/svg\"><path d=\"M190.5 66.9l22.2-22.2c9.4-9.4 24.6-9.4 33.9 0L441 239c9.4 9.4 9.4 24.6 0 33.9L246.6 467.3c-9.4 9.4-24.6 9.4-33.9 0l-22.2-22.2c-9.5-9.5-9.3-25 .4-34.3L311.4 296H24c-13.3 0-24-10.7-24-24v-32c0-13.3 10.7-24 24-24h287.4L190.9 101.2c-9.8-9.3-10-24.8-.4-34.3z\"><\/path><\/svg>\t\t\t<\/span>\n\t\t\t\t\t\t\t\t\t<span class=\"elementor-button-text\">Cont\u00e1ctanos<\/span>\n\t\t\t\t\t<\/span>\n\t\t\t\t\t<\/a>\n\t\t\t\t\t\t\t\t<\/div>\n\t\t\t\t<\/div>\n\t\t\t\t<\/div>\n\t\t\t\t\t<\/div>\n\t\t\t\t<\/div>\n\t\t<div class=\"elementor-element elementor-element-0799cf7 e-flex e-con-boxed e-con e-parent\" data-id=\"0799cf7\" data-element_type=\"container\" data-settings=\"{&quot;background_background&quot;:&quot;classic&quot;}\">\n\t\t\t\t\t<div class=\"e-con-inner\">\n\t\t<div class=\"elementor-element elementor-element-5382932 e-con-full e-flex e-con e-child\" data-id=\"5382932\" data-element_type=\"container\">\n\t\t\t\t<div class=\"elementor-element elementor-element-44093b8 elementor-skin-carousel elementor-arrows-yes elementor-pagination-type-bullets elementor-pagination-position-outside elementor-widget elementor-widget-media-carousel\" data-id=\"44093b8\" data-element_type=\"widget\" data-settings=\"{&quot;lazyload&quot;:&quot;yes&quot;,&quot;slides_per_view&quot;:&quot;2&quot;,&quot;space_between&quot;:{&quot;unit&quot;:&quot;px&quot;,&quot;size&quot;:25,&quot;sizes&quot;:[]},&quot;skin&quot;:&quot;carousel&quot;,&quot;effect&quot;:&quot;slide&quot;,&quot;show_arrows&quot;:&quot;yes&quot;,&quot;pagination&quot;:&quot;bullets&quot;,&quot;speed&quot;:500,&quot;autoplay&quot;:&quot;yes&quot;,&quot;autoplay_speed&quot;:5000,&quot;loop&quot;:&quot;yes&quot;,&quot;pause_on_hover&quot;:&quot;yes&quot;,&quot;pause_on_interaction&quot;:&quot;yes&quot;,&quot;space_between_tablet&quot;:{&quot;unit&quot;:&quot;px&quot;,&quot;size&quot;:10,&quot;sizes&quot;:[]},&quot;space_between_mobile&quot;:{&quot;unit&quot;:&quot;px&quot;,&quot;size&quot;:10,&quot;sizes&quot;:[]}}\" data-widget_type=\"media-carousel.default\">\n\t\t\t\t\t\t\t\t\t\t<div class=\"elementor-main-swiper swiper\" role=\"region\" aria-roledescription=\"carousel\" aria-label=\"Diapositivas\">\n\t\t\t\t<div class=\"swiper-wrapper\">\n\t\t\t\t\t\t\t\t\t\t\t<div class=\"swiper-slide\" role=\"group\" aria-roledescription=\"slide\">\n\t\t\t\t\t\t\t<a href=\"https:\/\/www.cnshining.com\/wp-content\/uploads\/2025\/10\/Aluminum-Cartridge-for-Aircraft-Military-Flares-6.webp\" data-elementor-open-lightbox=\"yes\" data-elementor-lightbox-slideshow=\"44093b8\" data-elementor-lightbox-title=\"Aluminum Cartridge for Aircraft Military Flares\" data-e-action-hash=\"#elementor-action%3Aaction%3Dlightbox%26settings%3DeyJpZCI6MzA5ODgsInVybCI6Imh0dHBzOlwvXC93d3cuY25zaGluaW5nLmNvbVwvd3AtY29udGVudFwvdXBsb2Fkc1wvMjAyNVwvMTBcL0FsdW1pbnVtLUNhcnRyaWRnZS1mb3ItQWlyY3JhZnQtTWlsaXRhcnktRmxhcmVzLTYud2VicCIsInNsaWRlc2hvdyI6IjQ0MDkzYjgifQ%3D%3D\">\t\t<div class=\"elementor-carousel-image swiper-lazy\" role=\"img\" aria-label=\"Cartucho de aluminio para bengalas militares de aeronaves\" data-background=\"https:\/\/www.cnshining.com\/wp-content\/uploads\/2025\/10\/Aluminum-Cartridge-for-Aircraft-Military-Flares-6.webp\">\n\n\t\t\t\t\t\t\t<div class=\"swiper-lazy-preloader\"><\/div>\n\t\t\t\n\t\t\t\t\t<\/div>\n\t\t<\/a>\t\t\t\t\t\t<\/div>\n\t\t\t\t\t\t\t\t\t\t\t<div class=\"swiper-slide\" role=\"group\" aria-roledescription=\"slide\">\n\t\t\t\t\t\t\t<a href=\"https:\/\/www.cnshining.com\/wp-content\/uploads\/2025\/10\/Aluminum-Cartridge-for-Aircraft-Military-Flares-4.webp\" data-elementor-open-lightbox=\"yes\" data-elementor-lightbox-slideshow=\"44093b8\" data-elementor-lightbox-title=\"Aluminum Cartridge for Aircraft Military Flares\" data-e-action-hash=\"#elementor-action%3Aaction%3Dlightbox%26settings%3DeyJpZCI6MzA5ODYsInVybCI6Imh0dHBzOlwvXC93d3cuY25zaGluaW5nLmNvbVwvd3AtY29udGVudFwvdXBsb2Fkc1wvMjAyNVwvMTBcL0FsdW1pbnVtLUNhcnRyaWRnZS1mb3ItQWlyY3JhZnQtTWlsaXRhcnktRmxhcmVzLTQud2VicCIsInNsaWRlc2hvdyI6IjQ0MDkzYjgifQ%3D%3D\">\t\t<div class=\"elementor-carousel-image swiper-lazy\" role=\"img\" aria-label=\"Cartucho de aluminio para bengalas militares de aeronaves\" data-background=\"https:\/\/www.cnshining.com\/wp-content\/uploads\/2025\/10\/Aluminum-Cartridge-for-Aircraft-Military-Flares-4.webp\">\n\n\t\t\t\t\t\t\t<div class=\"swiper-lazy-preloader\"><\/div>\n\t\t\t\n\t\t\t\t\t<\/div>\n\t\t<\/a>\t\t\t\t\t\t<\/div>\n\t\t\t\t\t\t\t\t\t\t\t<div class=\"swiper-slide\" role=\"group\" aria-roledescription=\"slide\">\n\t\t\t\t\t\t\t<a href=\"https:\/\/www.cnshining.com\/wp-content\/uploads\/2025\/10\/Aluminum-Cartridge-for-Aircraft-Military-Flares-3.webp\" data-elementor-open-lightbox=\"yes\" data-elementor-lightbox-slideshow=\"44093b8\" data-elementor-lightbox-title=\"Aluminum Cartridge for Aircraft Military Flares\" data-e-action-hash=\"#elementor-action%3Aaction%3Dlightbox%26settings%3DeyJpZCI6MzA5ODUsInVybCI6Imh0dHBzOlwvXC93d3cuY25zaGluaW5nLmNvbVwvd3AtY29udGVudFwvdXBsb2Fkc1wvMjAyNVwvMTBcL0FsdW1pbnVtLUNhcnRyaWRnZS1mb3ItQWlyY3JhZnQtTWlsaXRhcnktRmxhcmVzLTMud2VicCIsInNsaWRlc2hvdyI6IjQ0MDkzYjgifQ%3D%3D\">\t\t<div class=\"elementor-carousel-image swiper-lazy\" role=\"img\" aria-label=\"Cartucho de aluminio para bengalas militares de aeronaves\" data-background=\"https:\/\/www.cnshining.com\/wp-content\/uploads\/2025\/10\/Aluminum-Cartridge-for-Aircraft-Military-Flares-3.webp\">\n\n\t\t\t\t\t\t\t<div class=\"swiper-lazy-preloader\"><\/div>\n\t\t\t\n\t\t\t\t\t<\/div>\n\t\t<\/a>\t\t\t\t\t\t<\/div>\n\t\t\t\t\t\t\t\t\t\t\t<div class=\"swiper-slide\" role=\"group\" aria-roledescription=\"slide\">\n\t\t\t\t\t\t\t<a href=\"https:\/\/www.cnshining.com\/wp-content\/uploads\/2025\/10\/Aluminum-Cartridge-for-Aircraft-Military-Flares-2.webp\" data-elementor-open-lightbox=\"yes\" data-elementor-lightbox-slideshow=\"44093b8\" data-elementor-lightbox-title=\"Aluminum Cartridge for Aircraft Military Flares\" data-e-action-hash=\"#elementor-action%3Aaction%3Dlightbox%26settings%3DeyJpZCI6MzA5ODQsInVybCI6Imh0dHBzOlwvXC93d3cuY25zaGluaW5nLmNvbVwvd3AtY29udGVudFwvdXBsb2Fkc1wvMjAyNVwvMTBcL0FsdW1pbnVtLUNhcnRyaWRnZS1mb3ItQWlyY3JhZnQtTWlsaXRhcnktRmxhcmVzLTIud2VicCIsInNsaWRlc2hvdyI6IjQ0MDkzYjgifQ%3D%3D\">\t\t<div class=\"elementor-carousel-image swiper-lazy\" role=\"img\" aria-label=\"Cartucho de aluminio para bengalas militares de aeronaves\" data-background=\"https:\/\/www.cnshining.com\/wp-content\/uploads\/2025\/10\/Aluminum-Cartridge-for-Aircraft-Military-Flares-2.webp\">\n\n\t\t\t\t\t\t\t<div class=\"swiper-lazy-preloader\"><\/div>\n\t\t\t\n\t\t\t\t\t<\/div>\n\t\t<\/a>\t\t\t\t\t\t<\/div>\n\t\t\t\t\t\t\t\t\t\t\t<div class=\"swiper-slide\" role=\"group\" aria-roledescription=\"slide\">\n\t\t\t\t\t\t\t<a href=\"https:\/\/www.cnshining.com\/wp-content\/uploads\/2025\/10\/Aluminum-Cartridge-for-Aircraft-Military-Flares-1.webp\" data-elementor-open-lightbox=\"yes\" data-elementor-lightbox-slideshow=\"44093b8\" data-elementor-lightbox-title=\"Aluminum Cartridge for Aircraft Military Flares\" data-e-action-hash=\"#elementor-action%3Aaction%3Dlightbox%26settings%3DeyJpZCI6MzA5ODMsInVybCI6Imh0dHBzOlwvXC93d3cuY25zaGluaW5nLmNvbVwvd3AtY29udGVudFwvdXBsb2Fkc1wvMjAyNVwvMTBcL0FsdW1pbnVtLUNhcnRyaWRnZS1mb3ItQWlyY3JhZnQtTWlsaXRhcnktRmxhcmVzLTEud2VicCIsInNsaWRlc2hvdyI6IjQ0MDkzYjgifQ%3D%3D\">\t\t<div class=\"elementor-carousel-image swiper-lazy\" role=\"img\" aria-label=\"Cartucho de aluminio para bengalas militares de aeronaves\" data-background=\"https:\/\/www.cnshining.com\/wp-content\/uploads\/2025\/10\/Aluminum-Cartridge-for-Aircraft-Military-Flares-1.webp\">\n\n\t\t\t\t\t\t\t<div class=\"swiper-lazy-preloader\"><\/div>\n\t\t\t\n\t\t\t\t\t<\/div>\n\t\t<\/a>\t\t\t\t\t\t<\/div>\n\t\t\t\t\t\t\t\t\t<\/div>\n\t\t\t\t\t\t\t\t\t\t\t\t\t\t\t<div class=\"elementor-swiper-button elementor-swiper-button-prev\" role=\"button\" tabindex=\"0\" aria-label=\"Anterior\">\n\t\t\t\t\t\t\t<svg aria-hidden=\"true\" class=\"e-font-icon-svg e-eicon-chevron-left\" viewbox=\"0 0 1000 1000\" xmlns=\"http:\/\/www.w3.org\/2000\/svg\"><path d=\"M646 125C629 125 613 133 604 142L308 442C296 454 292 471 292 487 292 504 296 521 308 533L604 854C617 867 629 875 646 875 663 875 679 871 692 858 704 846 713 829 713 812 713 796 708 779 692 767L438 487 692 225C700 217 708 204 708 187 708 171 704 154 692 142 675 129 663 125 646 125Z\"><\/path><\/svg>\t\t\t\t\t\t<\/div>\n\t\t\t\t\t\t<div class=\"elementor-swiper-button elementor-swiper-button-next\" role=\"button\" tabindex=\"0\" aria-label=\"Pr\u00f3ximo\">\n\t\t\t\t\t\t\t<svg aria-hidden=\"true\" class=\"e-font-icon-svg e-eicon-chevron-right\" viewbox=\"0 0 1000 1000\" xmlns=\"http:\/\/www.w3.org\/2000\/svg\"><path d=\"M696 533C708 521 713 504 713 487 713 471 708 454 696 446L400 146C388 133 375 125 354 125 338 125 325 129 313 142 300 154 292 171 292 187 292 204 296 221 308 233L563 492 304 771C292 783 288 800 288 817 288 833 296 850 308 863 321 871 338 875 354 875 371 875 388 867 400 854L696 533Z\"><\/path><\/svg>\t\t\t\t\t\t<\/div>\n\t\t\t\t\t\t\t\t\t\t\t\t\t\t\t\t<div class=\"swiper-pagination\"><\/div>\n\t\t\t\t\t\t\t\t\t\t\t\t<\/div>\n\t\t\t\t\t\t\t\t<\/div>\n\t\t\t\t<div class=\"elementor-element elementor-element-9b183fb elementor-widget elementor-widget-text-editor\" data-id=\"9b183fb\" data-element_type=\"widget\" data-widget_type=\"text-editor.default\">\n\t\t\t\t\t\t\t\t\t<ul><li><strong>Explicaci\u00f3n de las bengalas militares<\/strong>Las bengalas militares son dispositivos peque\u00f1os y ligeros que emiten una luz brillante y una se\u00f1al de calor para confundir y distraer a los misiles termoguiados u otras armas guiadas por infrarrojos. Se utilizan com\u00fanmente en aeronaves militares y otras aplicaciones de defensa para protegerse de ataques enemigos.<\/li><li><strong>\u00a0Prop\u00f3sito de las bengalas militares:<\/strong> El prop\u00f3sito principal de las bengalas militares es actuar como contramedida contra misiles guiados por infrarrojos que se utilizan para atacar aeronaves. Estos misiles est\u00e1n dise\u00f1ados para rastrear la se\u00f1al t\u00e9rmica de una aeronave, y pueden utilizarse para crear una se\u00f1al t\u00e9rmica falsa, alejando el misil de la aeronave y acerc\u00e1ndolo a la bengala.<\/li><li><strong>\u00a0Importancia de las bengalas militares en la defensa a\u00e9rea<\/strong>El uso de bengalas militares es crucial en la defensa a\u00e9rea, ya que proporcionan un medio eficaz de defensa contra misiles termoguiados. Sin estas contramedidas, las aeronaves militares ser\u00edan vulnerables a los ataques y la probabilidad de misiones exitosas se reducir\u00eda considerablemente.<\/li><\/ul>\t\t\t\t\t\t\t\t<\/div>\n\t\t\t\t<div class=\"elementor-element elementor-element-38717ed truncate-text elementor-widget elementor-widget-text-editor\" data-id=\"38717ed\" data-element_type=\"widget\" data-widget_type=\"text-editor.default\">\n\t\t\t\t\t\t\t\t\t<h2>1. Tipos de bengalas militares<\/h2><h3>1.1. Bengalas infrarrojas:<\/h3><p>Las bengalas infrarrojas son el tipo de bengala militar m\u00e1s utilizado. Emiten una se\u00f1al de calor brillante e intensa que imita el calor generado por un motor de avi\u00f3n, confundiendo a los misiles termoguiados y alej\u00e1ndolos del avi\u00f3n.<\/p><h3>1.2. Destellos visibles:<\/h3><p>Las bengalas visibles est\u00e1n dise\u00f1adas para emitir una luz brillante visible a simple vista. Se utilizan para distraer visualmente a un piloto u observador enemigo, desviando su atenci\u00f3n del avi\u00f3n hacia la bengala.<\/p><h3>1.3. Contramedidas electr\u00f3nicas:<\/h3><p>Las contramedidas electr\u00f3nicas son un tipo de bengala militar que utiliza se\u00f1ales electr\u00f3nicas para confundir o interferir los sistemas de gu\u00eda de los misiles enemigos. Se utilizan junto con otros tipos de bengalas para proporcionar una defensa m\u00e1s completa contra ataques con misiles.<\/p><h2>2. Funcionamiento de las bengalas militares<\/h2><h3>2.1. Detecci\u00f3n de amenazas:<\/h3><p>La detecci\u00f3n de una amenaza de misiles suele realizarse mediante sensores a bordo o sistemas de radar. Una vez detectada la amenaza, el piloto activa el sistema de despliegue de bengalas.<\/p><h3>2.2. Despliegue de bengalas:<\/h3><p>Las bengalas militares suelen lanzarse desde un dispensador ubicado en la aeronave. El dispensador libera las bengalas, que generan una se\u00f1al de calor brillante e intensa que aleja el misil de la aeronave.<\/p><h3>2.3. T\u00e9cnicas de se\u00f1uelo:<\/h3><p>Los aviones militares tambi\u00e9n pueden utilizar t\u00e9cnicas de se\u00f1uelo, como volar en zigzag o soltar se\u00f1uelos (peque\u00f1as tiras de metal) para confundir a\u00fan m\u00e1s el sistema de gu\u00eda de un misil entrante.<\/p><h2>3. Ventajas de la bengala militar<\/h2><h3>3.1. Rentable:<\/h3><p>Las bengalas militares son relativamente econ\u00f3micas en comparaci\u00f3n con otras formas de defensa, lo que las convierte en una opci\u00f3n rentable para los aviones militares.<\/p><h3>3.2. Confiabilidad:<\/h3><p>Las bengalas militares son una defensa probada contra los misiles guiados por calor y se han utilizado con \u00e9xito durante d\u00e9cadas.<\/p><h3>3.3. F\u00e1cil de usar:<\/h3><p>Las bengalas militares son f\u00e1ciles de operar y requieren un entrenamiento m\u00ednimo, lo que las convierte en una opci\u00f3n ideal para su uso en un entorno de combate.<\/p><h3>3.4. Eficacia para contrarrestar amenazas:<\/h3><p>Las bengalas militares son muy eficaces para confundir y distraer a los misiles guiados por calor, lo que aumenta enormemente las posibilidades de que la aeronave sobreviva a un ataque.<\/p><h2>4. Limitaciones de las bengalas militares<\/h2><h3>4.1. Cantidad limitada:<\/h3><p>Los aviones militares suelen llevar un n\u00famero limitado de bengalas, lo que puede limitar su eficacia en situaciones de combate prolongadas.<\/p><h3>4.2. Detecci\u00f3n de llamaradas:<\/h3><p>Los aviones enemigos pueden estar equipados con sensores que pueden detectar la presencia de bengalas militares, reduciendo su eficacia como contramedida.<\/p><h3>4.3. Contramedidas para misiles guiados por calor:<\/h3><p>Los misiles avanzados buscadores de calor pueden ser capaces de distinguir entre la firma de calor de una aeronave y la de una bengala, reduciendo la eficacia de la contramedida.<\/p><h2>5. Conclusi\u00f3n<\/h2><p>A. Resumen de bengalas militares: Las bengalas militares son dispositivos peque\u00f1os y livianos que emiten una luz brillante y una se\u00f1al de calor para confundir y distraer a los misiles guiados por calor u otras armas guiadas por infrarrojos.<\/p><p>B. Importancia de las bengalas militares en la defensa a\u00e9rea: Las bengalas militares desempe\u00f1an un papel fundamental en la protecci\u00f3n de las aeronaves militares contra ataques de misiles termoguiados. Sin esta eficaz contramedida, las aeronaves ser\u00edan mucho m\u00e1s vulnerables a los ataques enemigos, lo que comprometer\u00eda el \u00e9xito de las operaciones militares.<\/p><p>C. Futuro de las bengalas militares en la defensa a\u00e9rea: A medida que la tecnolog\u00eda avanza, seguir\u00e1n surgiendo nuevos tipos de misiles termoguiados y otras armas guiadas por infrarrojos. Esto significa que ser\u00e1 necesario el desarrollo y despliegue de bengalas militares m\u00e1s avanzadas para mantener la eficacia de este mecanismo de defensa cr\u00edtico en el futuro. La investigaci\u00f3n y el desarrollo continuos en esta \u00e1rea ser\u00e1n necesarios para garantizar la protecci\u00f3n continua de las aeronaves militares y el \u00e9xito de las operaciones militares.<\/p>\t\t\t\t\t\t\t\t<\/div>\n\t\t\t\t<\/div>\n\t\t\t\t\t<\/div>\n\t\t\t\t<\/div>\n\t\t\t\t<\/div>","protected":false},"excerpt":{"rendered":"<p>Vainas vac\u00edas de aluminio para cartuchos de bengala. Solo para recarga de se\u00f1uelos infrarrojos. Longitud y pared a medida, pedido m\u00ednimo de 10\u00a0000 unidades, CNC de precisi\u00f3n, entrega r\u00e1pida, proveedor aeroespacial.<\/p>","protected":false},"author":1,"featured_media":30988,"parent":0,"menu_order":0,"comment_status":"closed","ping_status":"closed","template":"","meta":{"footnotes":""},"class_list":["post-16086","page","type-page","status-publish","has-post-thumbnail","hentry"],"_links":{"self":[{"href":"https:\/\/www.cnshining.com\/es\/wp-json\/wp\/v2\/pages\/16086","targetHints":{"allow":["GET"]}}],"collection":[{"href":"https:\/\/www.cnshining.com\/es\/wp-json\/wp\/v2\/pages"}],"about":[{"href":"https:\/\/www.cnshining.com\/es\/wp-json\/wp\/v2\/types\/page"}],"author":[{"embeddable":true,"href":"https:\/\/www.cnshining.com\/es\/wp-json\/wp\/v2\/users\/1"}],"replies":[{"embeddable":true,"href":"https:\/\/www.cnshining.com\/es\/wp-json\/wp\/v2\/comments?post=16086"}],"version-history":[{"count":0,"href":"https:\/\/www.cnshining.com\/es\/wp-json\/wp\/v2\/pages\/16086\/revisions"}],"wp:featuredmedia":[{"embeddable":true,"href":"https:\/\/www.cnshining.com\/es\/wp-json\/wp\/v2\/media\/30988"}],"wp:attachment":[{"href":"https:\/\/www.cnshining.com\/es\/wp-json\/wp\/v2\/media?parent=16086"}],"curies":[{"name":"wp","href":"https:\/\/api.w.org\/{rel}","templated":true}]}}