{"id":16708,"date":"2024-07-21T07:11:32","date_gmt":"2024-07-21T07:11:32","guid":{"rendered":"https:\/\/www.cnshining.com\/?page_id=16708"},"modified":"2025-12-23T02:06:00","modified_gmt":"2025-12-23T02:06:00","slug":"caja-de-aluminio-para-granada-de-40-mm","status":"publish","type":"page","link":"https:\/\/www.cnshining.com\/es\/caja-de-aluminio-para-granada-de-40-mm","title":{"rendered":"Proyectil de granada de aluminio vac\u00edo de 40 mm"},"content":{"rendered":"<div data-elementor-type=\"wp-page\" data-elementor-id=\"16708\" class=\"elementor elementor-16708\" data-elementor-post-type=\"page\">\n\t\t\t\t<div class=\"elementor-element elementor-element-482fce0e e-flex e-con-boxed e-con e-parent\" data-id=\"482fce0e\" data-element_type=\"container\" data-settings=\"{&quot;background_background&quot;:&quot;classic&quot;}\">\n\t\t\t\t\t<div class=\"e-con-inner\">\n\t\t\t\t<div class=\"elementor-element elementor-element-897a9cd elementor-icon-list--layout-inline elementor-align-center elementor-list-item-link-full_width elementor-widget elementor-widget-icon-list\" data-id=\"897a9cd\" data-element_type=\"widget\" data-widget_type=\"icon-list.default\">\n\t\t\t\t\t\t\t<ul class=\"elementor-icon-list-items elementor-inline-items\">\n\t\t\t\t\t\t\t<li class=\"elementor-icon-list-item elementor-inline-item\">\n\t\t\t\t\t\t\t\t\t\t\t<a href=\"https:\/\/www.cnshining.com\/es\" target=\"_blank\">\n\n\t\t\t\t\t\t\t\t\t\t\t\t<span class=\"elementor-icon-list-icon\">\n\t\t\t\t\t\t\t<svg aria-hidden=\"true\" class=\"e-font-icon-svg e-fas-home\" viewbox=\"0 0 576 512\" xmlns=\"http:\/\/www.w3.org\/2000\/svg\"><path d=\"M280.37 148.26L96 300.11V464a16 16 0 0 0 16 16l112.06-.29a16 16 0 0 0 15.92-16V368a16 16 0 0 1 16-16h64a16 16 0 0 1 16 16v95.64a16 16 0 0 0 16 16.05L464 480a16 16 0 0 0 16-16V300L295.67 148.26a12.19 12.19 0 0 0-15.3 0zM571.6 251.47L488 182.56V44.05a12 12 0 0 0-12-12h-56a12 12 0 0 0-12 12v72.61L318.47 43a48 48 0 0 0-61 0L4.34 251.47a12 12 0 0 0-1.6 16.9l25.5 31A12 12 0 0 0 45.15 301l235.22-193.74a12.19 12.19 0 0 1 15.3 0L530.9 301a12 12 0 0 0 16.9-1.6l25.5-31a12 12 0 0 0-1.7-16.93z\"><\/path><\/svg>\t\t\t\t\t\t<\/span>\n\t\t\t\t\t\t\t\t\t\t<span class=\"elementor-icon-list-text\">Hogar \/<\/span>\n\t\t\t\t\t\t\t\t\t\t\t<\/a>\n\t\t\t\t\t\t\t\t\t<\/li>\n\t\t\t\t\t\t\t\t<li class=\"elementor-icon-list-item elementor-inline-item\">\n\t\t\t\t\t\t\t\t\t\t\t<a href=\"https:\/\/www.cnshining.com\/es\/cartucho-no-letal\/\" target=\"_blank\">\n\n\t\t\t\t\t\t\t\t\t\t\t<span class=\"elementor-icon-list-text\">Cartucho no letal\/<\/span>\n\t\t\t\t\t\t\t\t\t\t\t<\/a>\n\t\t\t\t\t\t\t\t\t<\/li>\n\t\t\t\t\t\t<\/ul>\n\t\t\t\t\t\t<\/div>\n\t\t\t\t\t<\/div>\n\t\t\t\t<\/div>\n\t\t<div class=\"elementor-element elementor-element-0831303 e-flex e-con-boxed e-con e-parent\" data-id=\"0831303\" data-element_type=\"container\" data-settings=\"{&quot;background_background&quot;:&quot;classic&quot;}\">\n\t\t\t\t\t<div class=\"e-con-inner\">\n\t\t<div class=\"elementor-element elementor-element-9a7f8dd e-con-full e-flex e-con e-child\" data-id=\"9a7f8dd\" data-element_type=\"container\">\n\t\t<div class=\"elementor-element elementor-element-8d5ee8d e-con-full e-flex e-con e-child\" data-id=\"8d5ee8d\" data-element_type=\"container\">\n\t\t\t\t<div class=\"elementor-element elementor-element-1ae40c1 elementor-widget elementor-widget-image\" data-id=\"1ae40c1\" data-element_type=\"widget\" data-widget_type=\"image.default\">\n\t\t\t\t\t\t\t\t\t\t\t\t\t\t\t<img fetchpriority=\"high\" decoding=\"async\" width=\"1200\" height=\"787\" src=\"https:\/\/www.cnshining.com\/wp-content\/uploads\/2025\/10\/Aluminum-Cartridge-for-40mm-Grenade-Shell-1.webp\" class=\"attachment-large size-large wp-image-30698\" alt=\"Cartucho de aluminio para granada de 40 mm\" title=\"\">\t\t\t\t\t\t\t\t\t\t\t\t\t\t\t<\/div>\n\t\t\t\t<\/div>\n\t\t<div class=\"elementor-element elementor-element-2b695f7 e-con-full e-flex e-con e-child\" data-id=\"2b695f7\" data-element_type=\"container\">\n\t\t<div class=\"elementor-element elementor-element-b954591 e-con-full e-flex e-con e-child\" data-id=\"b954591\" data-element_type=\"container\">\n\t\t<div class=\"elementor-element elementor-element-df2e709 e-con-full e-flex e-con e-child\" data-id=\"df2e709\" data-element_type=\"container\">\n\t\t\t\t<div class=\"elementor-element elementor-element-bbb119b elementor-widget elementor-widget-heading\" data-id=\"bbb119b\" data-element_type=\"widget\" data-widget_type=\"heading.default\">\n\t\t\t\t\t<h3 class=\"elementor-heading-title elementor-size-default\">Material<\/h3>\t\t\t\t<\/div>\n\t\t\t\t<div class=\"elementor-element elementor-element-3d6fd4b elementor-widget__width-initial elementor-widget-tablet__width-initial elementor-widget elementor-widget-text-editor\" data-id=\"3d6fd4b\" data-element_type=\"widget\" data-widget_type=\"text-editor.default\">\n\t\t\t\t\t\t\t\t\t<p>Aluminio<\/p>\t\t\t\t\t\t\t\t<\/div>\n\t\t\t\t<\/div>\n\t\t<div class=\"elementor-element elementor-element-9044622 e-con-full e-flex e-con e-child\" data-id=\"9044622\" data-element_type=\"container\">\n\t\t\t\t<div class=\"elementor-element elementor-element-a5fc041 elementor-widget elementor-widget-heading\" data-id=\"a5fc041\" data-element_type=\"widget\" data-widget_type=\"heading.default\">\n\t\t\t\t\t<h3 class=\"elementor-heading-title elementor-size-default\">Di\u00e1metro<\/h3>\t\t\t\t<\/div>\n\t\t\t\t<div class=\"elementor-element elementor-element-16c3864 elementor-widget__width-initial elementor-widget-tablet__width-initial elementor-widget elementor-widget-text-editor\" data-id=\"16c3864\" data-element_type=\"widget\" data-widget_type=\"text-editor.default\">\n\t\t\t\t\t\t\t\t\t<p>40 mm\u00a0<\/p>\t\t\t\t\t\t\t\t<\/div>\n\t\t\t\t<\/div>\n\t\t\t\t<\/div>\n\t\t<div class=\"elementor-element elementor-element-c9ae06f e-con-full e-flex e-con e-child\" data-id=\"c9ae06f\" data-element_type=\"container\">\n\t\t<div class=\"elementor-element elementor-element-4d5d63d e-con-full e-flex e-con e-child\" data-id=\"4d5d63d\" data-element_type=\"container\">\n\t\t\t\t<div class=\"elementor-element elementor-element-24422c8 elementor-widget elementor-widget-heading\" data-id=\"24422c8\" data-element_type=\"widget\" data-widget_type=\"heading.default\">\n\t\t\t\t\t<h3 class=\"elementor-heading-title elementor-size-default\">Altura<\/h3>\t\t\t\t<\/div>\n\t\t\t\t<div class=\"elementor-element elementor-element-806a47d elementor-widget__width-initial elementor-widget-tablet__width-initial elementor-widget elementor-widget-text-editor\" data-id=\"806a47d\" data-element_type=\"widget\" data-widget_type=\"text-editor.default\">\n\t\t\t\t\t\t\t\t\t<p>\u00a0107 mm, se puede personalizar<\/p>\t\t\t\t\t\t\t\t<\/div>\n\t\t\t\t<\/div>\n\t\t<div class=\"elementor-element elementor-element-1b51e97 e-con-full e-flex e-con e-child\" data-id=\"1b51e97\" data-element_type=\"container\">\n\t\t\t\t<div class=\"elementor-element elementor-element-7c8b29a elementor-widget elementor-widget-heading\" data-id=\"7c8b29a\" data-element_type=\"widget\" data-widget_type=\"heading.default\">\n\t\t\t\t\t<h3 class=\"elementor-heading-title elementor-size-default\">Uso<\/h3>\t\t\t\t<\/div>\n\t\t\t\t<div class=\"elementor-element elementor-element-697e192 elementor-widget__width-initial elementor-widget-tablet__width-initial elementor-widget elementor-widget-text-editor\" data-id=\"697e192\" data-element_type=\"widget\" data-widget_type=\"text-editor.default\">\n\t\t\t\t\t\t\t\t\t<p>Proyectil de granada de 40 mm<\/p>\t\t\t\t\t\t\t\t<\/div>\n\t\t\t\t<\/div>\n\t\t\t\t<\/div>\n\t\t<div class=\"elementor-element elementor-element-d4b8b14 e-con-full e-flex e-con e-child\" data-id=\"d4b8b14\" data-element_type=\"container\">\n\t\t<div class=\"elementor-element elementor-element-c45da86 e-con-full e-flex e-con e-child\" data-id=\"c45da86\" data-element_type=\"container\">\n\t\t\t\t<div class=\"elementor-element elementor-element-0904d03 elementor-widget elementor-widget-heading\" data-id=\"0904d03\" data-element_type=\"widget\" data-widget_type=\"heading.default\">\n\t\t\t\t\t<h3 class=\"elementor-heading-title elementor-size-default\">Acabado de la superficie<\/h3>\t\t\t\t<\/div>\n\t\t\t\t<div class=\"elementor-element elementor-element-15d2a1b elementor-widget__width-initial elementor-widget-tablet__width-initial elementor-widget elementor-widget-text-editor\" data-id=\"15d2a1b\" data-element_type=\"widget\" data-widget_type=\"text-editor.default\">\n\t\t\t\t\t\t\t\t\t<p>Oxidaci\u00f3n, anodizado<\/p>\t\t\t\t\t\t\t\t<\/div>\n\t\t\t\t<\/div>\n\t\t<div class=\"elementor-element elementor-element-6fda6ee e-con-full e-flex e-con e-child\" data-id=\"6fda6ee\" data-element_type=\"container\">\n\t\t\t\t<div class=\"elementor-element elementor-element-7caaffc elementor-widget elementor-widget-heading\" data-id=\"7caaffc\" data-element_type=\"widget\" data-widget_type=\"heading.default\">\n\t\t\t\t\t<h3 class=\"elementor-heading-title elementor-size-default\">Cantidad m\u00ednima de pedido<\/h3>\t\t\t\t<\/div>\n\t\t\t\t<div class=\"elementor-element elementor-element-29a1e29 elementor-widget__width-initial elementor-widget-tablet__width-initial elementor-widget elementor-widget-text-editor\" data-id=\"29a1e29\" data-element_type=\"widget\" data-widget_type=\"text-editor.default\">\n\t\t\t\t\t\t\t\t\t<p>10.000 piezas<\/p>\t\t\t\t\t\t\t\t<\/div>\n\t\t\t\t<\/div>\n\t\t\t\t<\/div>\n\t\t\t\t<div class=\"elementor-element elementor-element-9b12ac5 elementor-mobile-align-left elementor-align-right elementor-widget elementor-widget-button\" data-id=\"9b12ac5\" data-element_type=\"widget\" data-widget_type=\"button.default\">\n\t\t\t\t\t\t\t\t\t\t<a class=\"elementor-button elementor-button-link elementor-size-sm\" href=\"#elementor-action%3Aaction%3Dpopup%3Aopen%26settings%3DeyJpZCI6IjE0MTMyIiwidG9nZ2xlIjpmYWxzZX0%3D\" target=\"_blank\">\n\t\t\t\t\t\t<span class=\"elementor-button-content-wrapper\">\n\t\t\t\t\t\t<span class=\"elementor-button-icon\">\n\t\t\t\t<svg aria-hidden=\"true\" class=\"e-font-icon-svg e-fas-arrow-right\" viewbox=\"0 0 448 512\" xmlns=\"http:\/\/www.w3.org\/2000\/svg\"><path d=\"M190.5 66.9l22.2-22.2c9.4-9.4 24.6-9.4 33.9 0L441 239c9.4 9.4 9.4 24.6 0 33.9L246.6 467.3c-9.4 9.4-24.6 9.4-33.9 0l-22.2-22.2c-9.5-9.5-9.3-25 .4-34.3L311.4 296H24c-13.3 0-24-10.7-24-24v-32c0-13.3 10.7-24 24-24h287.4L190.9 101.2c-9.8-9.3-10-24.8-.4-34.3z\"><\/path><\/svg>\t\t\t<\/span>\n\t\t\t\t\t\t\t\t\t<span class=\"elementor-button-text\">Cont\u00e1ctanos<\/span>\n\t\t\t\t\t<\/span>\n\t\t\t\t\t<\/a>\n\t\t\t\t\t\t\t\t<\/div>\n\t\t\t\t<\/div>\n\t\t\t\t<\/div>\n\t\t\t\t\t<\/div>\n\t\t\t\t<\/div>\n\t\t<div class=\"elementor-element elementor-element-a735f1b e-flex e-con-boxed e-con e-parent\" data-id=\"a735f1b\" data-element_type=\"container\" data-settings=\"{&quot;background_background&quot;:&quot;classic&quot;}\">\n\t\t\t\t\t<div class=\"e-con-inner\">\n\t\t<div class=\"elementor-element elementor-element-24d9032 e-con-full e-flex e-con e-child\" data-id=\"24d9032\" data-element_type=\"container\">\n\t\t\t\t<div class=\"elementor-element elementor-element-19b948d elementor-widget elementor-widget-text-editor\" data-id=\"19b948d\" data-element_type=\"widget\" data-widget_type=\"text-editor.default\">\n\t\t\t\t\t\t\t\t\t<p>En Shining Packaging, fabricamos estuches de aluminio vac\u00edos de alta calidad, dise\u00f1ados espec\u00edficamente para granadas de 40 mm. Nuestros estuches est\u00e1n dise\u00f1ados para ofrecer durabilidad, precisi\u00f3n y fiabilidad, garantizando un rendimiento \u00f3ptimo en aplicaciones militares y de defensa exigentes. Explore nuestra diversa gama de cartuchos para granadas de 40 mm y encuentre el que mejor se adapte a sus necesidades.<\/p>\t\t\t\t\t\t\t\t<\/div>\n\t\t\t\t<\/div>\n\t\t\t\t<div class=\"elementor-element elementor-element-7dcd78d e-n-tabs-mobile elementor-widget elementor-widget-n-tabs\" data-id=\"7dcd78d\" data-element_type=\"widget\" data-widget_type=\"nested-tabs.default\">\n\t\t\t\t\t\t\t<div class=\"e-n-tabs\" data-widget-number=\"131913613\" aria-label=\"Pesta\u00f1as. Abre elementos con Intro o Espacio, ci\u00e9rralos con Escape y navega con las fechas.\">\n\t\t\t<div class=\"e-n-tabs-heading\" role=\"tablist\">\n\t\t\t\t\t<button id=\"e-n-tab-title-1319136131\" data-tab-title-id=\"e-n-tab-title-1319136131\" class=\"e-n-tab-title\" aria-selected=\"true\" data-tab-index=\"1\" role=\"tab\" tabindex=\"0\" aria-controls=\"e-n-tab-content-1319136131\" style=\"--n-tabs-title-order: 1;\">\n\t\t\t\t\t\t<span class=\"e-n-tab-title-text\">\n\t\t\t\tEstuches LV de 40\u00d746 mm\t\t\t<\/span>\n\t\t<\/button>\n\t\t\t\t<button id=\"e-n-tab-title-1319136132\" data-tab-title-id=\"e-n-tab-title-1319136132\" class=\"e-n-tab-title\" aria-selected=\"false\" data-tab-index=\"2\" role=\"tab\" tabindex=\"-1\" aria-controls=\"e-n-tab-content-1319136132\" style=\"--n-tabs-title-order: 2;\">\n\t\t\t\t\t\t<span class=\"e-n-tab-title-text\">\n\t\t\t\tEstuches MV de 40\u00d751 mm\t\t\t<\/span>\n\t\t<\/button>\n\t\t\t\t<button id=\"e-n-tab-title-1319136133\" data-tab-title-id=\"e-n-tab-title-1319136133\" class=\"e-n-tab-title\" aria-selected=\"false\" data-tab-index=\"3\" role=\"tab\" tabindex=\"-1\" aria-controls=\"e-n-tab-content-1319136133\" style=\"--n-tabs-title-order: 3;\">\n\t\t\t\t\t\t<span class=\"e-n-tab-title-text\">\n\t\t\t\tEstuches HV de 40\u00d753 mm\t\t\t<\/span>\n\t\t<\/button>\n\t\t\t\t\t<\/div>\n\t\t\t<div class=\"e-n-tabs-content\">\n\t\t\t\t<div id=\"e-n-tab-content-1319136131\" role=\"tabpanel\" aria-labelledby=\"e-n-tab-title-1319136131\" data-tab-index=\"1\" style=\"--n-tabs-title-order: 1;\" class=\"e-active elementor-element elementor-element-cd0b8f4 e-con-full e-flex e-con e-child\" data-id=\"cd0b8f4\" data-element_type=\"container\">\n\t\t\t\t<div class=\"elementor-element elementor-element-10d9712 elementor-widget elementor-widget-image\" data-id=\"10d9712\" data-element_type=\"widget\" data-widget_type=\"image.default\">\n\t\t\t\t\t\t\t\t\t\t\t\t\t\t\t<img decoding=\"async\" width=\"1200\" height=\"675\" src=\"https:\/\/www.cnshining.com\/wp-content\/uploads\/2025\/10\/Aluminum-Cartridge-for-40mm-Grenade-Shell-2.webp\" class=\"attachment-large size-large wp-image-30699\" alt=\"Cartucho de aluminio para granada de 40 mm\" title=\"\">\t\t\t\t\t\t\t\t\t\t\t\t\t\t\t<\/div>\n\t\t\t\t<div class=\"elementor-element elementor-element-ac402ee truncate-text elementor-widget elementor-widget-text-editor\" data-id=\"ac402ee\" data-element_type=\"widget\" data-widget_type=\"text-editor.default\">\n\t\t\t\t\t\t\t\t\t<p>Nuestras vainas de aluminio LV de 40\u00d746 mm est\u00e1n dise\u00f1adas para granadas de baja velocidad. Ofrecen una resistencia y durabilidad excepcionales, lo que las hace ideales para diversas situaciones t\u00e1cticas y de entrenamiento. Con un enfoque en la precisi\u00f3n y la calidad, estos cartuchos garantizan un manejo seguro y un rendimiento constante.<\/p>\t\t\t\t\t\t\t\t<\/div>\n\t\t\t\t<\/div>\n\t\t<div id=\"e-n-tab-content-1319136132\" role=\"tabpanel\" aria-labelledby=\"e-n-tab-title-1319136132\" data-tab-index=\"2\" style=\"--n-tabs-title-order: 2;\" class=\"elementor-element elementor-element-0f7260d e-con-full e-flex e-con e-child\" data-id=\"0f7260d\" data-element_type=\"container\">\n\t\t<div class=\"elementor-element elementor-element-e150b88 e-flex e-con-boxed e-con e-child\" data-id=\"e150b88\" data-element_type=\"container\">\n\t\t\t\t\t<div class=\"e-con-inner\">\n\t\t\t\t<div class=\"elementor-element elementor-element-7335a07 elementor-widget elementor-widget-image\" data-id=\"7335a07\" data-element_type=\"widget\" data-widget_type=\"image.default\">\n\t\t\t\t\t\t\t\t\t\t\t\t\t\t\t<img decoding=\"async\" width=\"1200\" height=\"675\" src=\"https:\/\/www.cnshining.com\/wp-content\/uploads\/2025\/10\/Aluminum-Cartridge-for-40mm-Grenade-Shell-3.webp\" class=\"attachment-large size-large wp-image-30700\" alt=\"Cartucho de aluminio para granada de 40 mm\" title=\"\">\t\t\t\t\t\t\t\t\t\t\t\t\t\t\t<\/div>\n\t\t\t\t<div class=\"elementor-element elementor-element-84edf2d truncate-text elementor-widget elementor-widget-text-editor\" data-id=\"84edf2d\" data-element_type=\"widget\" data-widget_type=\"text-editor.default\">\n\t\t\t\t\t\t\t\t\t<p>Para aplicaciones de velocidad media, nuestras cajas de aluminio MV de 40\u00d751 mm ofrecen un rendimiento y una fiabilidad mejorados. Dise\u00f1adas para soportar presiones e impactos m\u00e1s elevados, estas cajas son perfectas para diversas necesidades operativas. Nuestro meticuloso proceso de fabricaci\u00f3n garantiza una calidad y durabilidad excepcionales.<\/p>\t\t\t\t\t\t\t\t<\/div>\n\t\t\t\t\t<\/div>\n\t\t\t\t<\/div>\n\t\t\t\t<\/div>\n\t\t<div id=\"e-n-tab-content-1319136133\" role=\"tabpanel\" aria-labelledby=\"e-n-tab-title-1319136133\" data-tab-index=\"3\" style=\"--n-tabs-title-order: 3;\" class=\"elementor-element elementor-element-98003fd e-con-full e-flex e-con e-child\" data-id=\"98003fd\" data-element_type=\"container\">\n\t\t<div class=\"elementor-element elementor-element-0201438 e-flex e-con-boxed e-con e-child\" data-id=\"0201438\" data-element_type=\"container\">\n\t\t\t\t\t<div class=\"e-con-inner\">\n\t\t\t\t<div class=\"elementor-element elementor-element-b3d9cac elementor-widget elementor-widget-image\" data-id=\"b3d9cac\" data-element_type=\"widget\" data-widget_type=\"image.default\">\n\t\t\t\t\t\t\t\t\t\t\t\t\t\t\t<img loading=\"lazy\" decoding=\"async\" width=\"1200\" height=\"675\" src=\"https:\/\/www.cnshining.com\/wp-content\/uploads\/2025\/10\/Aluminum-Cartridge-for-40mm-Grenade-Shell-4.webp\" class=\"attachment-large size-large wp-image-30701\" alt=\"Cartucho de aluminio para granada de 40 mm\" title=\"\">\t\t\t\t\t\t\t\t\t\t\t\t\t\t\t<\/div>\n\t\t\t\t<div class=\"elementor-element elementor-element-94c8321 truncate-text elementor-widget elementor-widget-text-editor\" data-id=\"94c8321\" data-element_type=\"widget\" data-widget_type=\"text-editor.default\">\n\t\t\t\t\t\t\t\t\t<p>Las cajas de aluminio HV de 40\u00d753 mm est\u00e1n dise\u00f1adas para granadas de alta velocidad y ofrecen una construcci\u00f3n robusta para soportar condiciones extremas. Estas cajas est\u00e1n dise\u00f1adas para un uso de alto rendimiento, garantizando un funcionamiento fiable y seguridad en situaciones cr\u00edticas. Conf\u00ede en nuestra experiencia para ofrecer productos de la m\u00e1s alta calidad.<\/p>\t\t\t\t\t\t\t\t<\/div>\n\t\t\t\t\t<\/div>\n\t\t\t\t<\/div>\n\t\t\t\t<\/div>\n\t\t\t\t\t<\/div>\n\t\t<\/div>\n\t\t\t\t\t\t<\/div>\n\t\t<div class=\"elementor-element elementor-element-dfd1f95 e-con-full e-flex e-con e-child\" data-id=\"dfd1f95\" data-element_type=\"container\">\n\t\t\t\t<div class=\"elementor-element elementor-element-bb72886 truncate-text elementor-widget elementor-widget-text-editor\" data-id=\"bb72886\" data-element_type=\"widget\" id=\"truncate-text\" data-widget_type=\"text-editor.default\">\n\t\t\t\t\t\t\t\t\t<p>Si busca componentes de alta calidad para granadas de 40 mm, est\u00e1 en el lugar indicado. Como fabricante de confianza, nos especializamos en la producci\u00f3n de... <strong>proyectiles de granada de 40 mm<\/strong> Fabricadas con aluminio duradero. Si bien no fabricamos granadas completas de 40 mm, nuestras carcasas de aluminio de precisi\u00f3n son esenciales para construir todo tipo de... <strong>granadas de 40 mm<\/strong> a <strong>cartuchos de escopeta de 40 mm<\/strong> y <strong>granadas de humo de 40 mm<\/strong>.<\/p>\n<p><!-- \/wp:paragraph --><!-- wp:paragraph --><\/p>\t\t\t\t\t\t\t\t<\/div>\n\t\t\t\t<div class=\"elementor-element elementor-element-2f58e0b truncate-text elementor-widget elementor-widget-text-editor\" data-id=\"2f58e0b\" data-element_type=\"widget\" data-widget_type=\"text-editor.default\">\n\t\t\t\t\t\t\t\t\t<p>Nuestro <strong>casquillos de proyectil de 40 mm<\/strong> Se fabrican con meticulosa atenci\u00f3n al detalle, garantizando que cumplan con los exigentes est\u00e1ndares de la industria. Estas carcasas se pueden utilizar para una amplia variedad de aplicaciones, incluyendo balas de pr\u00e1ctica, dispositivos de grado militar e incluso proyectos de airsoft personalizados como... <strong>granadas de airsoft de 40 mm<\/strong>. Si se dedica a la producci\u00f3n de municiones de 40 mm, nuestras carcasas ofrecen la base perfecta.<\/p>\n<p><!-- \/wp:paragraph --><!-- wp:paragraph --><\/p>\n<p><!-- \/wp:paragraph --><!-- wp:paragraph --><\/p>\t\t\t\t\t\t\t\t<\/div>\n\t\t\t\t<div class=\"elementor-element elementor-element-dc49f6a truncate-text elementor-widget elementor-widget-text-editor\" data-id=\"dc49f6a\" data-element_type=\"widget\" data-widget_type=\"text-editor.default\">\n\t\t\t\t\t\t\t\t\t<p>Ofrecemos una gama de opciones para <strong>Tipos de granadas de 40 mm<\/strong>, lo que le permite personalizar su producto para satisfacer necesidades espec\u00edficas. Ya sea que busque producir munici\u00f3n de entrenamiento, proyectiles no letales o equipo especializado, nuestros... <strong>carcasas de aluminio de 40 mm<\/strong> Ofrecemos la flexibilidad y durabilidad que necesita. Si bien no trabajamos con productos completamente ensamblados, <strong>Granadas de 40 mm a la venta<\/strong>, Nuestros componentes son buscados por profesionales que entienden la importancia de la calidad en cada parte del proceso de fabricaci\u00f3n.<\/p>\n<p><!-- \/wp:paragraph --><!-- wp:paragraph --><\/p>\n<p><!-- \/wp:paragraph --><!-- wp:paragraph --><\/p>\n<p><!-- \/wp:paragraph --><!-- wp:paragraph --><\/p>\t\t\t\t\t\t\t\t<\/div>\n\t\t\t\t<div class=\"elementor-element elementor-element-20954a4 truncate-text elementor-widget elementor-widget-text-editor\" data-id=\"20954a4\" data-element_type=\"widget\" data-widget_type=\"text-editor.default\">\n\t\t\t\t\t\t\t\t\t<p>Centr\u00e1ndose \u00fanicamente en <strong>Proyectil de 40 mm<\/strong> En la producci\u00f3n, podemos mantener un alto nivel de precisi\u00f3n y confiabilidad. Si busca optimizar su proceso de fabricaci\u00f3n con productos de primera calidad <strong>casquillo de 40 mm<\/strong> Componentes, nuestros productos est\u00e1n dise\u00f1ados para cumplir con los m\u00e1s altos est\u00e1ndares de la industria.<\/p>\n<p><!-- \/wp:paragraph --><!-- wp:paragraph --><\/p>\n<p><!-- \/wp:paragraph --><!-- wp:paragraph --><\/p>\n<p><!-- \/wp:paragraph --><!-- wp:paragraph --><\/p>\n<p><!-- \/wp:paragraph --><!-- wp:paragraph --><\/p>\t\t\t\t\t\t\t\t<\/div>\n\t\t\t\t<div class=\"elementor-element elementor-element-6f4e48a truncate-text elementor-widget elementor-widget-text-editor\" data-id=\"6f4e48a\" data-element_type=\"widget\" data-widget_type=\"text-editor.default\">\n\t\t\t\t\t\t\t\t\t<p>Nuestras carcasas de aluminio son compatibles con varias municiones, desde <strong>granadas de 40 mm<\/strong> a <strong>granadas de humo de 40 mm<\/strong> Y m\u00e1s. Ya sea que necesite cartuchos para uso civil, militar o de airsoft, podemos satisfacer sus necesidades de producci\u00f3n. Si busca cartuchos duraderos y confiables... <strong>carcasas de aluminio de 40 mm<\/strong>, no busques m\u00e1s.<\/p>\n<p><!-- \/wp:paragraph --><!-- wp:paragraph --><\/p>\n<p><!-- \/wp:paragraph --><!-- wp:paragraph --><\/p>\n<p><!-- \/wp:paragraph --><!-- wp:paragraph --><\/p>\n<p><!-- \/wp:paragraph --><!-- wp:paragraph --><\/p>\t\t\t\t\t\t\t\t<\/div>\n\t\t\t\t<div class=\"elementor-element elementor-element-f9896d3 elementor-widget elementor-widget-text-editor\" data-id=\"f9896d3\" data-element_type=\"widget\" data-widget_type=\"text-editor.default\">\n\t\t\t\t\t\t\t\t\t<div class=\"wp-block-group\">\n<div class=\"wp-block-group__inner-container\"><a title=\"\" href=\"https:\/\/www.cnshining.com\/es\/contacto\/\" target=\"_blank\" rel=\"noopener nofollow noreferrer\">Cont\u00e1ctanos<\/a> hoy para obtener m\u00e1s informaci\u00f3n sobre c\u00f3mo nuestros productos pueden respaldar sus necesidades de fabricaci\u00f3n y llevar sus municiones de 40 mm al siguiente nivel.<\/div>\n<\/div>\t\t\t\t\t\t\t\t<\/div>\n\t\t\t\t<\/div>\n\t\t\t\t\t<\/div>\n\t\t\t\t<\/div>\n\t\t\t\t<\/div>","protected":false},"excerpt":{"rendered":"<p>Casquillos de aluminio vac\u00edos de 40 mm para recarga de granadas de humo, de baja letalidad y de entrenamiento. Acabado oxidado, grosor y altura personalizados. Pedido m\u00ednimo de 10\u00a0000. Proveedor OEM.<\/p>","protected":false},"author":1,"featured_media":30698,"parent":0,"menu_order":0,"comment_status":"closed","ping_status":"closed","template":"","meta":{"footnotes":""},"class_list":["post-16708","page","type-page","status-publish","has-post-thumbnail","hentry"],"_links":{"self":[{"href":"https:\/\/www.cnshining.com\/es\/wp-json\/wp\/v2\/pages\/16708","targetHints":{"allow":["GET"]}}],"collection":[{"href":"https:\/\/www.cnshining.com\/es\/wp-json\/wp\/v2\/pages"}],"about":[{"href":"https:\/\/www.cnshining.com\/es\/wp-json\/wp\/v2\/types\/page"}],"author":[{"embeddable":true,"href":"https:\/\/www.cnshining.com\/es\/wp-json\/wp\/v2\/users\/1"}],"replies":[{"embeddable":true,"href":"https:\/\/www.cnshining.com\/es\/wp-json\/wp\/v2\/comments?post=16708"}],"version-history":[{"count":0,"href":"https:\/\/www.cnshining.com\/es\/wp-json\/wp\/v2\/pages\/16708\/revisions"}],"wp:featuredmedia":[{"embeddable":true,"href":"https:\/\/www.cnshining.com\/es\/wp-json\/wp\/v2\/media\/30698"}],"wp:attachment":[{"href":"https:\/\/www.cnshining.com\/es\/wp-json\/wp\/v2\/media?parent=16708"}],"curies":[{"name":"wp","href":"https:\/\/api.w.org\/{rel}","templated":true}]}}