{"id":29145,"date":"2025-09-09T09:14:34","date_gmt":"2025-09-09T09:14:34","guid":{"rendered":"https:\/\/www.cnshining.com\/?page_id=29145"},"modified":"2025-12-26T05:07:39","modified_gmt":"2025-12-26T05:07:39","slug":"cartucho-no-letal","status":"publish","type":"page","link":"https:\/\/www.cnshining.com\/es\/cartucho-no-letal","title":{"rendered":"Cartucho de aluminio para uso no letal y de defensa"},"content":{"rendered":"<div data-elementor-type=\"wp-page\" data-elementor-id=\"29145\" class=\"elementor elementor-29145\" data-elementor-post-type=\"page\">\n\t\t\t\t<div class=\"elementor-element elementor-element-1b14bb36 e-flex e-con-boxed e-con e-parent\" data-id=\"1b14bb36\" data-element_type=\"container\" data-settings=\"{&quot;background_background&quot;:&quot;classic&quot;}\">\n\t\t\t\t\t<div class=\"e-con-inner\">\n\t\t\t\t<div class=\"elementor-element elementor-element-78e7e049 elementor-icon-list--layout-inline elementor-align-center elementor-list-item-link-full_width elementor-widget elementor-widget-icon-list\" data-id=\"78e7e049\" data-element_type=\"widget\" data-widget_type=\"icon-list.default\">\n\t\t\t\t\t\t\t<ul class=\"elementor-icon-list-items elementor-inline-items\">\n\t\t\t\t\t\t\t<li class=\"elementor-icon-list-item elementor-inline-item\">\n\t\t\t\t\t\t\t\t\t\t\t<a href=\"https:\/\/www.cnshining.com\/es\" target=\"_blank\">\n\n\t\t\t\t\t\t\t\t\t\t\t\t<span class=\"elementor-icon-list-icon\">\n\t\t\t\t\t\t\t<svg aria-hidden=\"true\" class=\"e-font-icon-svg e-fas-home\" viewbox=\"0 0 576 512\" xmlns=\"http:\/\/www.w3.org\/2000\/svg\"><path d=\"M280.37 148.26L96 300.11V464a16 16 0 0 0 16 16l112.06-.29a16 16 0 0 0 15.92-16V368a16 16 0 0 1 16-16h64a16 16 0 0 1 16 16v95.64a16 16 0 0 0 16 16.05L464 480a16 16 0 0 0 16-16V300L295.67 148.26a12.19 12.19 0 0 0-15.3 0zM571.6 251.47L488 182.56V44.05a12 12 0 0 0-12-12h-56a12 12 0 0 0-12 12v72.61L318.47 43a48 48 0 0 0-61 0L4.34 251.47a12 12 0 0 0-1.6 16.9l25.5 31A12 12 0 0 0 45.15 301l235.22-193.74a12.19 12.19 0 0 1 15.3 0L530.9 301a12 12 0 0 0 16.9-1.6l25.5-31a12 12 0 0 0-1.7-16.93z\"><\/path><\/svg>\t\t\t\t\t\t<\/span>\n\t\t\t\t\t\t\t\t\t\t<span class=\"elementor-icon-list-text\">Hogar \/<\/span>\n\t\t\t\t\t\t\t\t\t\t\t<\/a>\n\t\t\t\t\t\t\t\t\t<\/li>\n\t\t\t\t\t\t<\/ul>\n\t\t\t\t\t\t<\/div>\n\t\t\t\t\t<\/div>\n\t\t\t\t<\/div>\n\t\t<div class=\"elementor-element elementor-element-153950f e-flex e-con-boxed e-con e-parent\" data-id=\"153950f\" data-element_type=\"container\">\n\t\t\t\t\t<div class=\"e-con-inner\">\n\t\t<div class=\"elementor-element elementor-element-15ad32e e-con-full e-flex e-con e-child\" data-id=\"15ad32e\" data-element_type=\"container\">\n\t\t<div class=\"elementor-element elementor-element-8dad211 e-con-full e-flex e-con e-child\" data-id=\"8dad211\" data-element_type=\"container\">\n\t\t<div class=\"elementor-element elementor-element-8ca8122 e-con-full e-flex e-con e-child\" data-id=\"8ca8122\" data-element_type=\"container\">\n\t\t\t\t<div class=\"elementor-element elementor-element-944e207 elementor-widget elementor-widget-heading\" data-id=\"944e207\" data-element_type=\"widget\" data-widget_type=\"heading.default\">\n\t\t\t\t\t<h2 class=\"elementor-heading-title elementor-size-default\">Cartucho de aluminio para uso no letal y de defensa<\/h2>\t\t\t\t<\/div>\n\t\t\t\t<\/div>\n\t\t<div class=\"elementor-element elementor-element-5baf03f e-con-full e-flex e-con e-child\" data-id=\"5baf03f\" data-element_type=\"container\">\n\t\t\t\t<div class=\"elementor-element elementor-element-0cdee16 elementor-widget elementor-widget-text-editor\" data-id=\"0cdee16\" data-element_type=\"widget\" data-widget_type=\"text-editor.default\">\n\t\t\t\t\t\t\t\t\t<p><strong>Embalaje brillante<\/strong> es un fabricante profesional especializado en <strong>carcasas y carcasas de aluminio vac\u00edas de precisi\u00f3n<\/strong> para sistemas no letales, de entrenamiento, se\u00f1alizaci\u00f3n y defensa. <strong>Todos los productos se suministran descargados, sin cebador, propelente ni composici\u00f3n pirot\u00e9cnica; \u00fanicamente componentes de aluminio puro.<\/strong><\/p><h2>Nuestra gama de productos<\/h2><ul><li>Cartuchos vac\u00edos de bengalas y se\u00f1ales de 26,5 mm a 40 mm (paraca\u00eddas, cohetes, multiestrellas)<\/li><li>Cajas vac\u00edas de granadas de humo y de baja letalidad de 37\/38\/40 mm (CS, goma, porra, explosivas, de distracci\u00f3n)<\/li><li>Proyectiles vac\u00edos de granadas de humo y de entrenamiento de 60\/66 mm<\/li><li>Proyectiles vac\u00edos de 16\u201338 mm para bengalas infrarrojas y de chaff para aeronaves\u00a0<\/li><li>Carcasas de cartuchos de filtro vac\u00edos de 40 mm y 60 mm\u00a0<\/li><li>Detonadores industriales vac\u00edos de 7 a 7,5 mm y casquillos detonadores (miner\u00eda, petr\u00f3leo y gas)<\/li><li>Saludo personalizado, control de disturbios, lanzamiento y carrocer\u00edas de aluminio vac\u00edas especiales.<\/li><\/ul><h2>Capacidades t\u00e9cnicas<\/h2><p>Fabricado a partir de <strong>Aluminio 6061\/6063\/5052<\/strong> Con precisi\u00f3n CNC, tolerancia de \u00b10,03 mm, opciones de anodizado, oxidaci\u00f3n e impresi\u00f3n a 1 color disponibles. Cantidad m\u00ednima de pedido (MOQ) de 5000 a 200\u00a0000 piezas, dimensiones, roscas y acabado superficial totalmente personalizables.<\/p><p>Con la confianza de las fuerzas de seguridad, los centros de formaci\u00f3n y los fabricantes de equipos originales de todo el mundo desde hace m\u00e1s de 20 a\u00f1os.<\/p><p><a href=\"https:\/\/www.cnshining.com\/es\/contacto\/\" target=\"_blank\" rel=\"noopener\" data-wplink-edit=\"true\"><strong>Cont\u00e1ctanos hoy<\/strong><\/a> Para cat\u00e1logo, dibujos t\u00e9cnicos y cotizaci\u00f3n.<\/p>\t\t\t\t\t\t\t\t<\/div>\n\t\t\t\t<\/div>\n\t\t\t\t<\/div>\n\t\t\t\t<\/div>\n\t\t\t\t\t<\/div>\n\t\t\t\t<\/div>\n\t\t<div class=\"elementor-element elementor-element-0823494 e-flex e-con-boxed e-con e-parent\" data-id=\"0823494\" data-element_type=\"container\" data-settings=\"{&quot;background_background&quot;:&quot;classic&quot;}\">\n\t\t\t\t\t<div class=\"e-con-inner\">\n\t\t<div class=\"elementor-element elementor-element-08cee02 e-con-full e-flex e-con e-child\" data-id=\"08cee02\" data-element_type=\"container\">\n\t\t<a class=\"elementor-element elementor-element-9904973 e-con-full e-flex e-con e-child\" data-id=\"9904973\" data-element_type=\"container\" href=\"https:\/\/www.cnshining.com\/es\/adaptador-de-cartucho-de-aluminio-de-37-mm\/\" target=\"_blank\" rel=\"nofollow\">\n\t\t\t\t<div class=\"elementor-element elementor-element-869ede2 img elementor-cta--skin-classic elementor-animated-content elementor-bg-transform elementor-bg-transform-zoom-in elementor-widget elementor-widget-call-to-action\" data-id=\"869ede2\" data-element_type=\"widget\" data-widget_type=\"call-to-action.default\">\n\t\t\t\t\t\t\t<div class=\"elementor-cta\">\n\t\t\t\t\t<div class=\"elementor-cta__bg-wrapper\">\n\t\t\t\t<div class=\"elementor-cta__bg elementor-bg\" style=\"background-image: url(https:\/\/www.cnshining.com\/wp-content\/uploads\/elementor\/thumbs\/37mm-Aluminium-Cartridge-adapter-1-rgf68tiputztz1ertzzs23yk10li2zrfg64dj4b2l0.webp);\" role=\"img\" aria-label=\"Adaptador de cartucho de aluminio de 37 mm\"><\/div>\n\t\t\t\t<div class=\"elementor-cta__bg-overlay\"><\/div>\n\t\t\t<\/div>\n\t\t\t\t\t\t\t\t<\/div>\n\t\t\t\t\t\t<\/div>\n\t\t\t\t<div class=\"elementor-element elementor-element-50b13e9 elementor-widget elementor-widget-heading\" data-id=\"50b13e9\" data-element_type=\"widget\" data-widget_type=\"heading.default\">\n\t\t\t\t\t<h2 class=\"elementor-heading-title elementor-size-default\">Adaptador de cartucho de aluminio de 37 mm<\/h2>\t\t\t\t<\/div>\n\t\t\t\t<\/a>\n\t\t<a class=\"elementor-element elementor-element-dc87832 e-con-full e-flex e-con e-child\" data-id=\"dc87832\" data-element_type=\"container\" href=\"https:\/\/www.cnshining.com\/es\/cartucho-aluminio-para-bengalas-26-5mm\/\" target=\"_blank\" rel=\"nofollow\">\n\t\t\t\t<div class=\"elementor-element elementor-element-5226141 img elementor-cta--skin-classic elementor-animated-content elementor-bg-transform elementor-bg-transform-zoom-in elementor-widget elementor-widget-call-to-action\" data-id=\"5226141\" data-element_type=\"widget\" data-widget_type=\"call-to-action.default\">\n\t\t\t\t\t\t\t<div class=\"elementor-cta\">\n\t\t\t\t\t<div class=\"elementor-cta__bg-wrapper\">\n\t\t\t\t<div class=\"elementor-cta__bg elementor-bg\" style=\"background-image: url(https:\/\/www.cnshining.com\/wp-content\/uploads\/elementor\/thumbs\/Aluminium-Cartridge-For-26.5mm-Flares-3-rgf68z5qzu7jwp6kx2fjh2jblbtpd6dtgy1aes2pjo.webp);\" role=\"img\" aria-label=\"Cartucho de aluminio para bengalas de 26,5 mm\"><\/div>\n\t\t\t\t<div class=\"elementor-cta__bg-overlay\"><\/div>\n\t\t\t<\/div>\n\t\t\t\t\t\t\t\t<\/div>\n\t\t\t\t\t\t<\/div>\n\t\t\t\t<div class=\"elementor-element elementor-element-702319f elementor-widget elementor-widget-heading\" data-id=\"702319f\" data-element_type=\"widget\" data-widget_type=\"heading.default\">\n\t\t\t\t\t<h2 class=\"elementor-heading-title elementor-size-default\">Cartucho de aluminio de 26,5 mm<\/h2>\t\t\t\t<\/div>\n\t\t\t\t<\/a>\n\t\t<a class=\"elementor-element elementor-element-487fd93 e-con-full e-flex e-con e-child\" data-id=\"487fd93\" data-element_type=\"container\" href=\"https:\/\/www.cnshining.com\/es\/aluminio-37-38-40mm-cs-cartucho\/\" target=\"_blank\" rel=\"nofollow\">\n\t\t\t\t<div class=\"elementor-element elementor-element-e34c0ff img elementor-cta--skin-classic elementor-animated-content elementor-bg-transform elementor-bg-transform-zoom-in elementor-widget elementor-widget-call-to-action\" data-id=\"e34c0ff\" data-element_type=\"widget\" data-widget_type=\"call-to-action.default\">\n\t\t\t\t\t\t\t<div class=\"elementor-cta\">\n\t\t\t\t\t<div class=\"elementor-cta__bg-wrapper\">\n\t\t\t\t<div class=\"elementor-cta__bg elementor-bg\" style=\"background-image: url(https:\/\/www.cnshining.com\/wp-content\/uploads\/2025\/11\/Aluminum-373840mm-CS-Cartridge.webp);\" role=\"img\" aria-label=\"Cartucho CS de aluminio de 37\/38\/40 mm\"><\/div>\n\t\t\t\t<div class=\"elementor-cta__bg-overlay\"><\/div>\n\t\t\t<\/div>\n\t\t\t\t\t\t\t\t<\/div>\n\t\t\t\t\t\t<\/div>\n\t\t\t\t<div class=\"elementor-element elementor-element-e074ae9 elementor-widget elementor-widget-heading\" data-id=\"e074ae9\" data-element_type=\"widget\" data-widget_type=\"heading.default\">\n\t\t\t\t\t<h2 class=\"elementor-heading-title elementor-size-default\">Cartucho de aluminio de 37\/38\/40 mm<\/h2>\t\t\t\t<\/div>\n\t\t\t\t<\/a>\n\t\t<a class=\"elementor-element elementor-element-de384db e-con-full e-flex e-con e-child\" data-id=\"de384db\" data-element_type=\"container\" href=\"https:\/\/www.cnshining.com\/es\/cartucho-de-aluminio-para-aviones-militar-chaff\/\" target=\"_blank\" rel=\"nofollow\">\n\t\t\t\t<div class=\"elementor-element elementor-element-155dfa5 img elementor-cta--skin-classic elementor-animated-content elementor-bg-transform elementor-bg-transform-zoom-in elementor-widget elementor-widget-call-to-action\" data-id=\"155dfa5\" data-element_type=\"widget\" data-widget_type=\"call-to-action.default\">\n\t\t\t\t\t\t\t<div class=\"elementor-cta\">\n\t\t\t\t\t<div class=\"elementor-cta__bg-wrapper\">\n\t\t\t\t<div class=\"elementor-cta__bg elementor-bg\" style=\"background-image: url(https:\/\/www.cnshining.com\/wp-content\/uploads\/elementor\/thumbs\/Aluminum-Cartridge-for-Milita-Chaff-2-rf0fkkuqer6lkjtug9v31z72zagbtn5x974scpo6vo.webp);\" role=\"img\" aria-label=\"Cartucho de aluminio para chaff militar\"><\/div>\n\t\t\t\t<div class=\"elementor-cta__bg-overlay\"><\/div>\n\t\t\t<\/div>\n\t\t\t\t\t\t\t\t<\/div>\n\t\t\t\t\t\t<\/div>\n\t\t\t\t<div class=\"elementor-element elementor-element-ba34d0e elementor-widget elementor-widget-heading\" data-id=\"ba34d0e\" data-element_type=\"widget\" data-widget_type=\"heading.default\">\n\t\t\t\t\t<h2 class=\"elementor-heading-title elementor-size-default\">Cartucho de aluminio para chaff militar<\/h2>\t\t\t\t<\/div>\n\t\t\t\t<\/a>\n\t\t<a class=\"elementor-element elementor-element-895ee84 e-con-full e-flex e-con e-child\" data-id=\"895ee84\" data-element_type=\"container\" href=\"https:\/\/www.cnshining.com\/es\/cartucho-de-aluminio-para-granada-de-humo\/\" target=\"_blank\" rel=\"nofollow\">\n\t\t\t\t<div class=\"elementor-element elementor-element-f7d9658 img elementor-cta--skin-classic elementor-animated-content elementor-bg-transform elementor-bg-transform-zoom-in elementor-widget elementor-widget-call-to-action\" data-id=\"f7d9658\" data-element_type=\"widget\" data-widget_type=\"call-to-action.default\">\n\t\t\t\t\t\t\t<div class=\"elementor-cta\">\n\t\t\t\t\t<div class=\"elementor-cta__bg-wrapper\">\n\t\t\t\t<div class=\"elementor-cta__bg elementor-bg\" style=\"background-image: url(https:\/\/www.cnshining.com\/wp-content\/uploads\/elementor\/thumbs\/Aluminum-Cartridge-for-Smoke-Grenade-1-rf0ia4jrnspufq4wuft9td16atnmmuf400etah1d5g.webp);\" role=\"img\" aria-label=\"Cartucho de aluminio para granada de humo\"><\/div>\n\t\t\t\t<div class=\"elementor-cta__bg-overlay\"><\/div>\n\t\t\t<\/div>\n\t\t\t\t\t\t\t\t<\/div>\n\t\t\t\t\t\t<\/div>\n\t\t\t\t<div class=\"elementor-element elementor-element-f64e611 elementor-widget elementor-widget-heading\" data-id=\"f64e611\" data-element_type=\"widget\" data-widget_type=\"heading.default\">\n\t\t\t\t\t<h2 class=\"elementor-heading-title elementor-size-default\">Cartucho de aluminio para granada de humo<\/h2>\t\t\t\t<\/div>\n\t\t\t\t<\/a>\n\t\t<a class=\"elementor-element elementor-element-764084e e-con-full e-flex e-con e-child\" data-id=\"764084e\" data-element_type=\"container\" href=\"https:\/\/www.cnshining.com\/es\/granada-de-mano-de-humo\/\" target=\"_blank\" rel=\"nofollow\">\n\t\t\t\t<div class=\"elementor-element elementor-element-36ba9f6 img elementor-cta--skin-classic elementor-animated-content elementor-bg-transform elementor-bg-transform-zoom-in elementor-widget elementor-widget-call-to-action\" data-id=\"36ba9f6\" data-element_type=\"widget\" data-widget_type=\"call-to-action.default\">\n\t\t\t\t\t\t\t<div class=\"elementor-cta\">\n\t\t\t\t\t<div class=\"elementor-cta__bg-wrapper\">\n\t\t\t\t<div class=\"elementor-cta__bg elementor-bg\" style=\"background-image: url(https:\/\/www.cnshining.com\/wp-content\/uploads\/elementor\/thumbs\/Smoke-Hand-Grenade-1-rf0ia2o3a4n9si7n5f00odi941ww7g7nbr3ubx45hw.webp);\" role=\"img\" aria-label=\"Granada de mano de humo\"><\/div>\n\t\t\t\t<div class=\"elementor-cta__bg-overlay\"><\/div>\n\t\t\t<\/div>\n\t\t\t\t\t\t\t\t<\/div>\n\t\t\t\t\t\t<\/div>\n\t\t\t\t<div class=\"elementor-element elementor-element-e0120da elementor-widget elementor-widget-heading\" data-id=\"e0120da\" data-element_type=\"widget\" data-widget_type=\"heading.default\">\n\t\t\t\t\t<h2 class=\"elementor-heading-title elementor-size-default\">granada de mano de humo<\/h2>\t\t\t\t<\/div>\n\t\t\t\t<\/a>\n\t\t<a class=\"elementor-element elementor-element-f406e09 e-con-full e-flex e-con e-child\" data-id=\"f406e09\" data-element_type=\"container\" href=\"https:\/\/www.cnshining.com\/es\/carcasa-de-aluminio-para-filtro-mascarilla-de-gas\/\" target=\"_blank\" rel=\"nofollow\">\n\t\t\t\t<div class=\"elementor-element elementor-element-b7515f4 img elementor-cta--skin-classic elementor-animated-content elementor-bg-transform elementor-bg-transform-zoom-in elementor-widget elementor-widget-call-to-action\" data-id=\"b7515f4\" data-element_type=\"widget\" data-widget_type=\"call-to-action.default\">\n\t\t\t\t\t\t\t<div class=\"elementor-cta\">\n\t\t\t\t\t<div class=\"elementor-cta__bg-wrapper\">\n\t\t\t\t<div class=\"elementor-cta__bg elementor-bg\" style=\"background-image: url(https:\/\/www.cnshining.com\/wp-content\/uploads\/elementor\/thumbs\/Aluminum-Housing-for-Gas-Mask-Filter-1-rf0ia6fg1gsf2y26jgmiyck3hled28mko9ps90ykt0.webp);\" role=\"img\" aria-label=\"Carcasa de aluminio para filtro de m\u00e1scara de gas\"><\/div>\n\t\t\t\t<div class=\"elementor-cta__bg-overlay\"><\/div>\n\t\t\t<\/div>\n\t\t\t\t\t\t\t\t<\/div>\n\t\t\t\t\t\t<\/div>\n\t\t\t\t<div class=\"elementor-element elementor-element-d43d792 elementor-widget elementor-widget-heading\" data-id=\"d43d792\" data-element_type=\"widget\" data-widget_type=\"heading.default\">\n\t\t\t\t\t<h2 class=\"elementor-heading-title elementor-size-default\">Carcasa de aluminio para filtro de m\u00e1scara de gas<\/h2>\t\t\t\t<\/div>\n\t\t\t\t<\/a>\n\t\t<a class=\"elementor-element elementor-element-f24ddd2 e-con-full e-flex e-con e-child\" data-id=\"f24ddd2\" data-element_type=\"container\" href=\"https:\/\/www.cnshining.com\/es\/detonador-detonador-detonador-de-aluminio-caja-tubo\/\" target=\"_blank\" rel=\"nofollow\">\n\t\t\t\t<div class=\"elementor-element elementor-element-a0ac230 img elementor-cta--skin-classic elementor-animated-content elementor-bg-transform elementor-bg-transform-zoom-in elementor-widget elementor-widget-call-to-action\" data-id=\"a0ac230\" data-element_type=\"widget\" data-widget_type=\"call-to-action.default\">\n\t\t\t\t\t\t\t<div class=\"elementor-cta\">\n\t\t\t\t\t<div class=\"elementor-cta__bg-wrapper\">\n\t\t\t\t<div class=\"elementor-cta__bg elementor-bg\" style=\"background-image: url(https:\/\/www.cnshining.com\/wp-content\/uploads\/elementor\/thumbs\/Aluminum-Detonator-Blasting-Caps-1-rf0ia6fg1gsf2y26jgmiyck3hled28mko9ps90ykt0.webp);\" role=\"img\" aria-label=\"Detonadores de aluminio\"><\/div>\n\t\t\t\t<div class=\"elementor-cta__bg-overlay\"><\/div>\n\t\t\t<\/div>\n\t\t\t\t\t\t\t\t<\/div>\n\t\t\t\t\t\t<\/div>\n\t\t\t\t<div class=\"elementor-element elementor-element-5899901 elementor-widget elementor-widget-heading\" data-id=\"5899901\" data-element_type=\"widget\" data-widget_type=\"heading.default\">\n\t\t\t\t\t<h2 class=\"elementor-heading-title elementor-size-default\">Tapas detonadoras de aluminio<\/h2>\t\t\t\t<\/div>\n\t\t\t\t<\/a>\n\t\t\t\t<\/div>\n\t\t\t\t\t<\/div>\n\t\t\t\t<\/div>\n\t\t\t\t<\/div>","protected":false},"excerpt":{"rendered":"<p>Cartuchos y carcasas de aluminio vac\u00edos de precisi\u00f3n para fum\u00edgenos, bengalas y chaff de 26,5-66 mm, detonadores de baja letalidad de 37-40 mm. Descargados, sin fulminante ni p\u00f3lvora, pedido m\u00ednimo de 5.000 a 200.000 unidades, proveedor OEM personalizado.<\/p>","protected":false},"author":1,"featured_media":31428,"parent":0,"menu_order":0,"comment_status":"closed","ping_status":"closed","template":"","meta":{"footnotes":""},"class_list":["post-29145","page","type-page","status-publish","has-post-thumbnail","hentry"],"_links":{"self":[{"href":"https:\/\/www.cnshining.com\/es\/wp-json\/wp\/v2\/pages\/29145","targetHints":{"allow":["GET"]}}],"collection":[{"href":"https:\/\/www.cnshining.com\/es\/wp-json\/wp\/v2\/pages"}],"about":[{"href":"https:\/\/www.cnshining.com\/es\/wp-json\/wp\/v2\/types\/page"}],"author":[{"embeddable":true,"href":"https:\/\/www.cnshining.com\/es\/wp-json\/wp\/v2\/users\/1"}],"replies":[{"embeddable":true,"href":"https:\/\/www.cnshining.com\/es\/wp-json\/wp\/v2\/comments?post=29145"}],"version-history":[{"count":0,"href":"https:\/\/www.cnshining.com\/es\/wp-json\/wp\/v2\/pages\/29145\/revisions"}],"wp:featuredmedia":[{"embeddable":true,"href":"https:\/\/www.cnshining.com\/es\/wp-json\/wp\/v2\/media\/31428"}],"wp:attachment":[{"href":"https:\/\/www.cnshining.com\/es\/wp-json\/wp\/v2\/media?parent=29145"}],"curies":[{"name":"wp","href":"https:\/\/api.w.org\/{rel}","templated":true}]}}