{"id":31658,"date":"2025-11-03T05:34:46","date_gmt":"2025-11-03T05:34:46","guid":{"rendered":"https:\/\/www.cnshining.com\/?page_id=31658"},"modified":"2025-12-19T03:27:41","modified_gmt":"2025-12-19T03:27:41","slug":"botella-de-aluminio-para-polvo","status":"publish","type":"page","link":"https:\/\/www.cnshining.com\/es\/proyecto\/botella-de-aluminio-para-polvo","title":{"rendered":"Botellas de aluminio para polvo"},"content":{"rendered":"<div data-elementor-type=\"wp-page\" data-elementor-id=\"31658\" class=\"elementor elementor-31658\" data-elementor-post-type=\"page\">\n\t\t\t\t<div class=\"elementor-element elementor-element-794ff14c e-flex e-con-boxed e-con e-parent\" data-id=\"794ff14c\" data-element_type=\"container\" data-settings=\"{&quot;background_background&quot;:&quot;classic&quot;}\">\n\t\t\t\t\t<div class=\"e-con-inner\">\n\t\t\t\t<div class=\"elementor-element elementor-element-586127fa elementor-icon-list--layout-inline elementor-align-center elementor-list-item-link-full_width elementor-widget elementor-widget-icon-list\" data-id=\"586127fa\" data-element_type=\"widget\" data-widget_type=\"icon-list.default\">\n\t\t\t\t\t\t\t<ul class=\"elementor-icon-list-items elementor-inline-items\">\n\t\t\t\t\t\t\t<li class=\"elementor-icon-list-item elementor-inline-item\">\n\t\t\t\t\t\t\t\t\t\t\t<a href=\"https:\/\/www.cnshining.com\/es\" target=\"_blank\">\n\n\t\t\t\t\t\t\t\t\t\t\t\t<span class=\"elementor-icon-list-icon\">\n\t\t\t\t\t\t\t<svg aria-hidden=\"true\" class=\"e-font-icon-svg e-fas-home\" viewbox=\"0 0 576 512\" xmlns=\"http:\/\/www.w3.org\/2000\/svg\"><path d=\"M280.37 148.26L96 300.11V464a16 16 0 0 0 16 16l112.06-.29a16 16 0 0 0 15.92-16V368a16 16 0 0 1 16-16h64a16 16 0 0 1 16 16v95.64a16 16 0 0 0 16 16.05L464 480a16 16 0 0 0 16-16V300L295.67 148.26a12.19 12.19 0 0 0-15.3 0zM571.6 251.47L488 182.56V44.05a12 12 0 0 0-12-12h-56a12 12 0 0 0-12 12v72.61L318.47 43a48 48 0 0 0-61 0L4.34 251.47a12 12 0 0 0-1.6 16.9l25.5 31A12 12 0 0 0 45.15 301l235.22-193.74a12.19 12.19 0 0 1 15.3 0L530.9 301a12 12 0 0 0 16.9-1.6l25.5-31a12 12 0 0 0-1.7-16.93z\"><\/path><\/svg>\t\t\t\t\t\t<\/span>\n\t\t\t\t\t\t\t\t\t\t<span class=\"elementor-icon-list-text\">Hogar \/<\/span>\n\t\t\t\t\t\t\t\t\t\t\t<\/a>\n\t\t\t\t\t\t\t\t\t<\/li>\n\t\t\t\t\t\t\t\t<li class=\"elementor-icon-list-item elementor-inline-item\">\n\t\t\t\t\t\t\t\t\t\t\t<a href=\"https:\/\/www.cnshining.com\/es\/mercado-de-botellas-de-aluminio\/\" target=\"_blank\">\n\n\t\t\t\t\t\t\t\t\t\t\t<span class=\"elementor-icon-list-text\">Botella de aluminio \/<\/span>\n\t\t\t\t\t\t\t\t\t\t\t<\/a>\n\t\t\t\t\t\t\t\t\t<\/li>\n\t\t\t\t\t\t<\/ul>\n\t\t\t\t\t\t<\/div>\n\t\t\t\t\t<\/div>\n\t\t\t\t<\/div>\n\t\t<div class=\"elementor-element elementor-element-7caa2bd2 e-flex e-con-boxed e-con e-parent\" data-id=\"7caa2bd2\" data-element_type=\"container\" data-settings=\"{&quot;background_background&quot;:&quot;classic&quot;}\">\n\t\t\t\t\t<div class=\"e-con-inner\">\n\t\t\t\t\t<\/div>\n\t\t\t\t<\/div>\n\t\t<div class=\"elementor-element elementor-element-6f709185 e-flex e-con-boxed e-con e-parent\" data-id=\"6f709185\" data-element_type=\"container\">\n\t\t\t\t\t<div class=\"e-con-inner\">\n\t\t\t\t<div class=\"elementor-element elementor-element-3cbfbe8e elementor-widget elementor-widget-image\" data-id=\"3cbfbe8e\" data-element_type=\"widget\" data-widget_type=\"image.default\">\n\t\t\t\t\t\t\t\t\t\t\t\t\t\t\t<img fetchpriority=\"high\" decoding=\"async\" width=\"1000\" height=\"562\" src=\"https:\/\/www.cnshining.com\/wp-content\/uploads\/2025\/11\/Aluminum-Bottle-for-Powder-1.webp\" class=\"attachment-large size-large wp-image-31964\" alt=\"Botella de aluminio para talco en polvo\" title=\"\">\t\t\t\t\t\t\t\t\t\t\t\t\t\t\t<\/div>\n\t\t\t\t\t<\/div>\n\t\t\t\t<\/div>\n\t\t<div class=\"elementor-element elementor-element-4b917172 e-flex e-con-boxed e-con e-parent\" data-id=\"4b917172\" data-element_type=\"container\">\n\t\t\t\t\t<div class=\"e-con-inner\">\n\t\t<div class=\"elementor-element elementor-element-3ca76cc9 e-con-full e-flex e-con e-child\" data-id=\"3ca76cc9\" data-element_type=\"container\">\n\t\t\t\t<div class=\"elementor-element elementor-element-abb2afa elementor-widget__width-initial truncate-text elementor-widget elementor-widget-text-editor\" data-id=\"abb2afa\" data-element_type=\"widget\" id=\"truncate-text\" data-widget_type=\"text-editor.default\">\n\t\t\t\t\t\t\t\t\t<h2>\u00bfPor qu\u00e9 elegir botellas de aluminio para el envasado de polvos?<\/h2><p>En el competitivo mundo del embalaje,\u00a0<b>botellas de aluminio<\/b>\u00a0Destacar como una opci\u00f3n superior para\u00a0<b>polvo<\/b>\u00a0Productos. En Shining Packaging, nos especializamos en crear soluciones duraderas y ecol\u00f3gicas que no solo protegen sus productos, sino que tambi\u00e9n realzan la presencia de su marca en el anaquel.<\/p><p>Nuestro\u00a0<b>botellas de aluminio<\/b>\u00a0Est\u00e1n dise\u00f1ados con la innovaci\u00f3n en mente, ofreciendo una construcci\u00f3n liviana pero robusta que resiste la humedad y la contaminaci\u00f3n, ideal para varios\u00a0<b>polvo<\/b>\u00a0aplicaciones.<\/p><h2>Caracter\u00edsticas innovadoras de nuestras botellas de aluminio en polvo<\/h2><p>Shining Packaging ofrece tecnolog\u00eda de vanguardia\u00a0<b>botella de aluminio<\/b>\u00a0dise\u00f1os a medida para\u00a0<b>polvo<\/b>\u00a0Almacenamiento. Desde soluciones de tapas seguras hasta opciones de marca personalizables, nuestros productos garantizan comodidad y confiabilidad para los usuarios finales.<\/p><p>Como una persona de confianza\u00a0<b>fabricante de botellas de aluminio<\/b>\u00a0y\u00a0<b>proveedor<\/b>, Incorporamos materiales sostenibles que se alinean con los est\u00e1ndares ambientales globales, proporcionando embalajes que son funcionales y responsables.<\/p><h2>Aplicaciones de las botellas de aluminio en productos en polvo<\/h2><p>Nuestro vers\u00e1til\u00a0<b>botellas de aluminio<\/b>\u00a0son perfectos para una variedad de\u00a0<b>polvo<\/b>-elementos basados, incluido el cuerpo\u00a0<b>polvo<\/b>\u00a0talco, mineral\u00a0<b>polvo<\/b>, perla\u00a0<b>polvo<\/b>\u00a0exfoliante facial,\u00a0<b>polvo<\/b>\u00a0champ\u00fa y eliminador de olores\u00a0<b>polvo<\/b>.<\/p><p>Ya sea que se dedique a la cosm\u00e9tica, el cuidado personal o los productos para el hogar, nuestra\u00a0<b>botellas de polvo de aluminio<\/b>\u00a0Ofrecen la protecci\u00f3n necesaria para mantener la integridad y frescura del producto.<\/p><h2>Beneficios de asociarse con un proveedor de botellas de aluminio<\/h2><p>Colaborando con Shining Packaging como su\u00a0<b>proveedor de botellas de aluminio<\/b>\u00a0significa acceder a opciones personalizables de alta calidad que satisfacen las necesidades espec\u00edficas de la industria. Nuestra experiencia en\u00a0<b>polvo<\/b>\u00a0El embalaje garantiza que sus productos se destaquen en el mercado.<\/p><p>Nos centramos en ofrecer valor a trav\u00e9s de dise\u00f1os innovadores, ayudando a las marcas a crear experiencias memorables priorizando la sostenibilidad y la eficiencia.<\/p><h2>Soluciones de botellas de aluminio para productos en polvo<\/h2><p>M\u00e1s all\u00e1 de la funcionalidad, nuestra\u00a0<b>botellas de aluminio<\/b>\u00a0Proporcionar una sensaci\u00f3n premium que resuena entre los consumidores que buscan calidad.\u00a0<b>polvo<\/b>\u00a0Embalaje. Con opciones para varios estilos de tapa, ofrecen la comodidad que exigen los clientes modernos.<\/p><p>Como un mundo\u00a0<b>fabricante de botellas de aluminio<\/b>, Shining Packaging est\u00e1 comprometido con la excelencia, garantizando que cada botella refleje el compromiso de su marca con la innovaci\u00f3n y la sostenibilidad.<\/p>\t\t\t\t\t\t\t\t<\/div>\n\t\t\t\t<div class=\"elementor-element elementor-element-4147afe elementor-widget elementor-widget-html\" data-id=\"4147afe\" data-element_type=\"widget\" data-widget_type=\"html.default\">\n\t\t\t\t\t<script>\r\ndocument.addEventListener('DOMContentLoaded', function() {\r\n    const button = document.querySelector('.read-more-btn');\r\n    const text = document.querySelector('.truncate-text');\r\n    button.addEventListener('click', function() {\r\n        text.classList.toggle('expanded');\r\n        button.textContent = text.classList.contains('expanded') ? 'Read Less' : 'Reading More';\r\n    });\r\n});\r\n<\/script>\t\t\t\t<\/div>\n\t\t\t\t<\/div>\n\t\t<div class=\"elementor-element elementor-element-ea0ec50 e-con-full e-flex e-con e-child\" data-id=\"ea0ec50\" data-element_type=\"container\">\n\t\t\t\t<div class=\"elementor-element elementor-element-1f8784d elementor-widget__width-initial read-more-btn elementor-widget elementor-widget-button\" data-id=\"1f8784d\" data-element_type=\"widget\" data-widget_type=\"button.default\">\n\t\t\t\t\t\t\t\t\t\t<a class=\"elementor-button elementor-size-sm\" role=\"button\">\n\t\t\t\t\t\t<span class=\"elementor-button-content-wrapper\">\n\t\t\t\t\t\t\t\t\t<span class=\"elementor-button-text\">Leer m\u00e1s<\/span>\n\t\t\t\t\t<\/span>\n\t\t\t\t\t<\/a>\n\t\t\t\t\t\t\t\t<\/div>\n\t\t\t\t<\/div>\n\t\t\t\t\t<\/div>\n\t\t\t\t<\/div>\n\t\t<div class=\"elementor-element elementor-element-35f0612f e-flex e-con-boxed e-con e-parent\" data-id=\"35f0612f\" data-element_type=\"container\" data-settings=\"{&quot;background_background&quot;:&quot;classic&quot;}\">\n\t\t\t\t\t<div class=\"e-con-inner\">\n\t\t<div class=\"elementor-element elementor-element-2bea90ed e-con-full e-flex e-con e-child\" data-id=\"2bea90ed\" data-element_type=\"container\">\n\t\t<div class=\"elementor-element elementor-element-2555aadf e-con-full e-flex e-con e-child\" data-id=\"2555aadf\" data-element_type=\"container\">\n\t\t\t\t<div class=\"elementor-element elementor-element-0de6686 image-container elementor-widget elementor-widget-image\" data-id=\"0de6686\" data-element_type=\"widget\" data-widget_type=\"image.default\">\n\t\t\t\t\t\t\t\t\t\t\t\t\t\t\t\t<a href=\"https:\/\/www.cnshining.com\/wp-content\/uploads\/2025\/11\/Aluminum-Bottle-for-Powder-1.webp\" data-elementor-open-lightbox=\"yes\" data-elementor-lightbox-title=\"Aluminum Bottle for Powder Talc\" data-e-action-hash=\"#elementor-action%3Aaction%3Dlightbox%26settings%3DeyJpZCI6MzE5NjQsInVybCI6Imh0dHBzOlwvXC93d3cuY25zaGluaW5nLmNvbVwvd3AtY29udGVudFwvdXBsb2Fkc1wvMjAyNVwvMTFcL0FsdW1pbnVtLUJvdHRsZS1mb3ItUG93ZGVyLTEud2VicCJ9\">\n\t\t\t\t\t\t\t<img decoding=\"async\" src=\"https:\/\/www.cnshining.com\/wp-content\/uploads\/elementor\/thumbs\/Aluminum-Bottle-for-Powder-1-re7cizd5milqlzhts56yoq8n91cfdap9as4l66u4qc.webp\" title=\"Botella de aluminio para talco en polvo\" alt=\"Botella de aluminio para talco en polvo\" loading=\"lazy\" \/>\t\t\t\t\t\t\t\t<\/a>\n\t\t\t\t\t\t\t\t\t\t\t\t\t\t\t<\/div>\n\t\t\t\t<div class=\"elementor-element elementor-element-995382d elementor-align-center elementor-widget elementor-widget-button\" data-id=\"995382d\" data-element_type=\"widget\" data-widget_type=\"button.default\">\n\t\t\t\t\t\t\t\t\t\t<a class=\"elementor-button elementor-button-link elementor-size-sm\" href=\"https:\/\/www.cnshining.com\/es\/producto\/botella-de-polvo-de-aluminio\/\" target=\"_blank\">\n\t\t\t\t\t\t<span class=\"elementor-button-content-wrapper\">\n\t\t\t\t\t\t<span class=\"elementor-button-icon\">\n\t\t\t\t<svg aria-hidden=\"true\" class=\"e-font-icon-svg e-fas-arrow-right\" viewbox=\"0 0 448 512\" xmlns=\"http:\/\/www.w3.org\/2000\/svg\"><path d=\"M190.5 66.9l22.2-22.2c9.4-9.4 24.6-9.4 33.9 0L441 239c9.4 9.4 9.4 24.6 0 33.9L246.6 467.3c-9.4 9.4-24.6 9.4-33.9 0l-22.2-22.2c-9.5-9.5-9.3-25 .4-34.3L311.4 296H24c-13.3 0-24-10.7-24-24v-32c0-13.3 10.7-24 24-24h287.4L190.9 101.2c-9.8-9.3-10-24.8-.4-34.3z\"><\/path><\/svg>\t\t\t<\/span>\n\t\t\t\t\t\t\t\t\t<span class=\"elementor-button-text\">Talco en polvo<\/span>\n\t\t\t\t\t<\/span>\n\t\t\t\t\t<\/a>\n\t\t\t\t\t\t\t\t<\/div>\n\t\t\t\t<\/div>\n\t\t<div class=\"elementor-element elementor-element-4b92899 e-con-full e-flex e-con e-child\" data-id=\"4b92899\" data-element_type=\"container\">\n\t\t\t\t<div class=\"elementor-element elementor-element-9e03161 image-container elementor-widget elementor-widget-image\" data-id=\"9e03161\" data-element_type=\"widget\" data-widget_type=\"image.default\">\n\t\t\t\t\t\t\t\t\t\t\t\t\t\t\t\t<a href=\"https:\/\/www.cnshining.com\/wp-content\/uploads\/2025\/11\/Aluminum-Bottle-for-Powder-2.webp\" data-elementor-open-lightbox=\"yes\" data-elementor-lightbox-title=\"Aluminum Bottle for Mineral Powder\" data-e-action-hash=\"#elementor-action%3Aaction%3Dlightbox%26settings%3DeyJpZCI6MzE5NjgsInVybCI6Imh0dHBzOlwvXC93d3cuY25zaGluaW5nLmNvbVwvd3AtY29udGVudFwvdXBsb2Fkc1wvMjAyNVwvMTFcL0FsdW1pbnVtLUJvdHRsZS1mb3ItUG93ZGVyLTIud2VicCJ9\">\n\t\t\t\t\t\t\t<img decoding=\"async\" src=\"https:\/\/www.cnshining.com\/wp-content\/uploads\/elementor\/thumbs\/Aluminum-Bottle-for-Powder-2-re7ckad348e2qhlk5pib5edoyaws25vu58qv60wg38.webp\" title=\"Botella de aluminio para polvo mineral\" alt=\"Botella de aluminio para polvo mineral\" loading=\"lazy\" \/>\t\t\t\t\t\t\t\t<\/a>\n\t\t\t\t\t\t\t\t\t\t\t\t\t\t\t<\/div>\n\t\t\t\t<div class=\"elementor-element elementor-element-1fbe6f9 elementor-align-center elementor-widget elementor-widget-button\" data-id=\"1fbe6f9\" data-element_type=\"widget\" data-widget_type=\"button.default\">\n\t\t\t\t\t\t\t\t\t\t<a class=\"elementor-button elementor-button-link elementor-size-sm\" href=\"https:\/\/www.cnshining.com\/es\/producto\/botella-de-polvo-de-aluminio\/\" target=\"_blank\">\n\t\t\t\t\t\t<span class=\"elementor-button-content-wrapper\">\n\t\t\t\t\t\t<span class=\"elementor-button-icon\">\n\t\t\t\t<svg aria-hidden=\"true\" class=\"e-font-icon-svg e-fas-arrow-right\" viewbox=\"0 0 448 512\" xmlns=\"http:\/\/www.w3.org\/2000\/svg\"><path d=\"M190.5 66.9l22.2-22.2c9.4-9.4 24.6-9.4 33.9 0L441 239c9.4 9.4 9.4 24.6 0 33.9L246.6 467.3c-9.4 9.4-24.6 9.4-33.9 0l-22.2-22.2c-9.5-9.5-9.3-25 .4-34.3L311.4 296H24c-13.3 0-24-10.7-24-24v-32c0-13.3 10.7-24 24-24h287.4L190.9 101.2c-9.8-9.3-10-24.8-.4-34.3z\"><\/path><\/svg>\t\t\t<\/span>\n\t\t\t\t\t\t\t\t\t<span class=\"elementor-button-text\">Polvo mineral<\/span>\n\t\t\t\t\t<\/span>\n\t\t\t\t\t<\/a>\n\t\t\t\t\t\t\t\t<\/div>\n\t\t\t\t<\/div>\n\t\t<div class=\"elementor-element elementor-element-b680d83 e-con-full e-flex e-con e-child\" data-id=\"b680d83\" data-element_type=\"container\">\n\t\t\t\t<div class=\"elementor-element elementor-element-5fcf46e image-container elementor-widget elementor-widget-image\" data-id=\"5fcf46e\" data-element_type=\"widget\" data-widget_type=\"image.default\">\n\t\t\t\t\t\t\t\t\t\t\t\t\t\t\t\t<a href=\"https:\/\/www.cnshining.com\/wp-content\/uploads\/2025\/11\/Aluminum-Bottle-for-Powder-3.webp\" data-elementor-open-lightbox=\"yes\" data-elementor-lightbox-title=\"Aluminum Bottle for Pearl Powder Face Scrub\" data-e-action-hash=\"#elementor-action%3Aaction%3Dlightbox%26settings%3DeyJpZCI6MzE5NjksInVybCI6Imh0dHBzOlwvXC93d3cuY25zaGluaW5nLmNvbVwvd3AtY29udGVudFwvdXBsb2Fkc1wvMjAyNVwvMTFcL0FsdW1pbnVtLUJvdHRsZS1mb3ItUG93ZGVyLTMud2VicCJ9\">\n\t\t\t\t\t\t\t<img decoding=\"async\" src=\"https:\/\/www.cnshining.com\/wp-content\/uploads\/elementor\/thumbs\/Aluminum-Bottle-for-Powder-3-re7cldub39w4a407r6kn24f1whi71g8kao59bn9wtw.webp\" title=\"Botella de aluminio para exfoliante facial de polvo de perla\" alt=\"Botella de aluminio para exfoliante facial de polvo de perla\" loading=\"lazy\" \/>\t\t\t\t\t\t\t\t<\/a>\n\t\t\t\t\t\t\t\t\t\t\t\t\t\t\t<\/div>\n\t\t\t\t<div class=\"elementor-element elementor-element-4dc1ad4 elementor-align-center elementor-widget elementor-widget-button\" data-id=\"4dc1ad4\" data-element_type=\"widget\" data-widget_type=\"button.default\">\n\t\t\t\t\t\t\t\t\t\t<a class=\"elementor-button elementor-button-link elementor-size-sm\" href=\"https:\/\/www.cnshining.com\/es\/producto\/botella-de-polvo-de-talco-de-aluminio\/\" target=\"_blank\">\n\t\t\t\t\t\t<span class=\"elementor-button-content-wrapper\">\n\t\t\t\t\t\t<span class=\"elementor-button-icon\">\n\t\t\t\t<svg aria-hidden=\"true\" class=\"e-font-icon-svg e-fas-arrow-right\" viewbox=\"0 0 448 512\" xmlns=\"http:\/\/www.w3.org\/2000\/svg\"><path d=\"M190.5 66.9l22.2-22.2c9.4-9.4 24.6-9.4 33.9 0L441 239c9.4 9.4 9.4 24.6 0 33.9L246.6 467.3c-9.4 9.4-24.6 9.4-33.9 0l-22.2-22.2c-9.5-9.5-9.3-25 .4-34.3L311.4 296H24c-13.3 0-24-10.7-24-24v-32c0-13.3 10.7-24 24-24h287.4L190.9 101.2c-9.8-9.3-10-24.8-.4-34.3z\"><\/path><\/svg>\t\t\t<\/span>\n\t\t\t\t\t\t\t\t\t<span class=\"elementor-button-text\">Exfoliante facial en polvo de perla<\/span>\n\t\t\t\t\t<\/span>\n\t\t\t\t\t<\/a>\n\t\t\t\t\t\t\t\t<\/div>\n\t\t\t\t<\/div>\n\t\t<div class=\"elementor-element elementor-element-9f26125 e-con-full e-flex e-con e-child\" data-id=\"9f26125\" data-element_type=\"container\">\n\t\t\t\t<div class=\"elementor-element elementor-element-0ac4c03 image-container elementor-widget elementor-widget-image\" data-id=\"0ac4c03\" data-element_type=\"widget\" data-widget_type=\"image.default\">\n\t\t\t\t\t\t\t\t\t\t\t\t\t\t\t\t<a href=\"https:\/\/www.cnshining.com\/wp-content\/uploads\/2025\/11\/Aluminum-Bottle-for-Powder-4.webp\" data-elementor-open-lightbox=\"yes\" data-elementor-lightbox-title=\"Aluminum Bottle for Powder Shampoo\" data-e-action-hash=\"#elementor-action%3Aaction%3Dlightbox%26settings%3DeyJpZCI6MzE5NzEsInVybCI6Imh0dHBzOlwvXC93d3cuY25zaGluaW5nLmNvbVwvd3AtY29udGVudFwvdXBsb2Fkc1wvMjAyNVwvMTFcL0FsdW1pbnVtLUJvdHRsZS1mb3ItUG93ZGVyLTQud2VicCJ9\">\n\t\t\t\t\t\t\t<img decoding=\"async\" src=\"https:\/\/www.cnshining.com\/wp-content\/uploads\/elementor\/thumbs\/Aluminum-Bottle-for-Powder-4-re7cn04av03w9xnkavricppmqdiyaonx6old2svi44.webp\" title=\"Botella de aluminio para champ\u00fa en polvo\" alt=\"Botella de aluminio para champ\u00fa en polvo\" loading=\"lazy\" \/>\t\t\t\t\t\t\t\t<\/a>\n\t\t\t\t\t\t\t\t\t\t\t\t\t\t\t<\/div>\n\t\t\t\t<div class=\"elementor-element elementor-element-8b05903 elementor-align-center elementor-widget elementor-widget-button\" data-id=\"8b05903\" data-element_type=\"widget\" data-widget_type=\"button.default\">\n\t\t\t\t\t\t\t\t\t\t<a class=\"elementor-button elementor-button-link elementor-size-sm\" href=\"https:\/\/www.cnshining.com\/es\/producto\/botella-de-polvo-de-talco-de-aluminio\/\" target=\"_blank\">\n\t\t\t\t\t\t<span class=\"elementor-button-content-wrapper\">\n\t\t\t\t\t\t<span class=\"elementor-button-icon\">\n\t\t\t\t<svg aria-hidden=\"true\" class=\"e-font-icon-svg e-fas-arrow-right\" viewbox=\"0 0 448 512\" xmlns=\"http:\/\/www.w3.org\/2000\/svg\"><path d=\"M190.5 66.9l22.2-22.2c9.4-9.4 24.6-9.4 33.9 0L441 239c9.4 9.4 9.4 24.6 0 33.9L246.6 467.3c-9.4 9.4-24.6 9.4-33.9 0l-22.2-22.2c-9.5-9.5-9.3-25 .4-34.3L311.4 296H24c-13.3 0-24-10.7-24-24v-32c0-13.3 10.7-24 24-24h287.4L190.9 101.2c-9.8-9.3-10-24.8-.4-34.3z\"><\/path><\/svg>\t\t\t<\/span>\n\t\t\t\t\t\t\t\t\t<span class=\"elementor-button-text\">Champ\u00fa en polvo<\/span>\n\t\t\t\t\t<\/span>\n\t\t\t\t\t<\/a>\n\t\t\t\t\t\t\t\t<\/div>\n\t\t\t\t<\/div>\n\t\t<div class=\"elementor-element elementor-element-2248416 e-con-full e-flex e-con e-child\" data-id=\"2248416\" data-element_type=\"container\">\n\t\t\t\t<div class=\"elementor-element elementor-element-9074491 image-container elementor-widget elementor-widget-image\" data-id=\"9074491\" data-element_type=\"widget\" data-widget_type=\"image.default\">\n\t\t\t\t\t\t\t\t\t\t\t\t\t\t\t\t<a href=\"https:\/\/www.cnshining.com\/wp-content\/uploads\/2025\/11\/Aluminum-Bottle-for-Powder-5.webp\" data-elementor-open-lightbox=\"yes\" data-elementor-lightbox-title=\"Aluminum Bottle for Smell Remover\" data-e-action-hash=\"#elementor-action%3Aaction%3Dlightbox%26settings%3DeyJpZCI6MzE5NzUsInVybCI6Imh0dHBzOlwvXC93d3cuY25zaGluaW5nLmNvbVwvd3AtY29udGVudFwvdXBsb2Fkc1wvMjAyNVwvMTFcL0FsdW1pbnVtLUJvdHRsZS1mb3ItUG93ZGVyLTUud2VicCJ9\">\n\t\t\t\t\t\t\t<img decoding=\"async\" src=\"https:\/\/www.cnshining.com\/wp-content\/uploads\/elementor\/thumbs\/Aluminum-Bottle-for-Powder-5-re7co1pugdjd6c4y7c0l4g82hsdmukt6nuos9vbr78.webp\" title=\"Botella de aluminio para eliminar olores\" alt=\"Botella de aluminio para eliminar olores\" loading=\"lazy\" \/>\t\t\t\t\t\t\t\t<\/a>\n\t\t\t\t\t\t\t\t\t\t\t\t\t\t\t<\/div>\n\t\t\t\t<div class=\"elementor-element elementor-element-838c806 elementor-align-center elementor-widget elementor-widget-button\" data-id=\"838c806\" data-element_type=\"widget\" data-widget_type=\"button.default\">\n\t\t\t\t\t\t\t\t\t\t<a class=\"elementor-button elementor-button-link elementor-size-sm\" href=\"https:\/\/www.cnshining.com\/es\/producto\/botella-de-polvo-de-talco-de-aluminio\/\" target=\"_blank\">\n\t\t\t\t\t\t<span class=\"elementor-button-content-wrapper\">\n\t\t\t\t\t\t<span class=\"elementor-button-icon\">\n\t\t\t\t<svg aria-hidden=\"true\" class=\"e-font-icon-svg e-fas-arrow-right\" viewbox=\"0 0 448 512\" xmlns=\"http:\/\/www.w3.org\/2000\/svg\"><path d=\"M190.5 66.9l22.2-22.2c9.4-9.4 24.6-9.4 33.9 0L441 239c9.4 9.4 9.4 24.6 0 33.9L246.6 467.3c-9.4 9.4-24.6 9.4-33.9 0l-22.2-22.2c-9.5-9.5-9.3-25 .4-34.3L311.4 296H24c-13.3 0-24-10.7-24-24v-32c0-13.3 10.7-24 24-24h287.4L190.9 101.2c-9.8-9.3-10-24.8-.4-34.3z\"><\/path><\/svg>\t\t\t<\/span>\n\t\t\t\t\t\t\t\t\t<span class=\"elementor-button-text\">Eliminador de olores<\/span>\n\t\t\t\t\t<\/span>\n\t\t\t\t\t<\/a>\n\t\t\t\t\t\t\t\t<\/div>\n\t\t\t\t<\/div>\n\t\t\t\t<\/div>\n\t\t\t\t\t<\/div>\n\t\t\t\t<\/div>\n\t\t<div class=\"elementor-element elementor-element-e41763d e-con-full e-flex e-con e-parent\" data-id=\"e41763d\" data-element_type=\"container\">\n\t\t\t\t<div class=\"elementor-element elementor-element-7aa2258 elementor-widget elementor-widget-text-editor\" data-id=\"7aa2258\" data-element_type=\"widget\" data-widget_type=\"text-editor.default\">\n\t\t\t\t\t\t\t\t\t<p>\t\t<div data-elementor-type=\"container\" data-elementor-id=\"22909\" class=\"elementor elementor-22909\" data-elementor-post-type=\"elementor_library\">\n\t\t\t\t<div class=\"elementor-element elementor-element-31fc8a4b e-flex e-con-boxed e-con e-parent\" data-id=\"31fc8a4b\" data-element_type=\"container\">\n\t\t\t\t\t<div class=\"e-con-inner\">\n\t\t\t\t<div class=\"elementor-element elementor-element-00eb7f0 elementor-widget elementor-widget-text-editor\" data-id=\"00eb7f0\" data-element_type=\"widget\" data-widget_type=\"text-editor.default\">\n\t\t\t\t\t\t\t\t\t<p>M\u00e1s de 1000 marcas conf\u00edan en nosotros<\/p>\t\t\t\t\t\t\t\t<\/div>\n\t\t\t\t<div class=\"elementor-element elementor-element-57c5a96c elementor-widget elementor-widget-image-carousel\" data-id=\"57c5a96c\" data-element_type=\"widget\" data-settings=\"{&quot;slides_to_show&quot;:&quot;6&quot;,&quot;slides_to_show_tablet&quot;:&quot;4&quot;,&quot;slides_to_show_mobile&quot;:&quot;2&quot;,&quot;navigation&quot;:&quot;none&quot;,&quot;autoplay_speed&quot;:3000,&quot;slides_to_scroll&quot;:&quot;2&quot;,&quot;autoplay&quot;:&quot;yes&quot;,&quot;pause_on_hover&quot;:&quot;yes&quot;,&quot;pause_on_interaction&quot;:&quot;yes&quot;,&quot;infinite&quot;:&quot;yes&quot;,&quot;speed&quot;:500}\" data-widget_type=\"image-carousel.default\">\n\t\t\t\t\t\t\t<div class=\"elementor-image-carousel-wrapper swiper\" role=\"region\" aria-roledescription=\"carousel\" aria-label=\"Carrusel de im\u00e1genes\" dir=\"ltr\">\n\t\t\t<div class=\"elementor-image-carousel swiper-wrapper\" aria-live=\"off\">\n\t\t\t\t\t\t\t\t<div class=\"swiper-slide\" role=\"group\" aria-roledescription=\"slide\" aria-label=\"1 de 8\"><figure class=\"swiper-slide-inner\"><img decoding=\"async\" class=\"swiper-slide-image\" src=\"https:\/\/www.cnshining.com\/wp-content\/uploads\/2025\/08\/McDonalds-logo.webp\" alt=\"Logotipo de McDonald&#039;s\" title=\"\"><\/figure><\/div><div class=\"swiper-slide\" role=\"group\" aria-roledescription=\"slide\" aria-label=\"2 de 8\"><figure class=\"swiper-slide-inner\"><img decoding=\"async\" class=\"swiper-slide-image\" src=\"https:\/\/www.cnshining.com\/wp-content\/uploads\/2025\/08\/Castrol-logo.webp\" alt=\"Logotipo de Castrol\" title=\"\"><\/figure><\/div><div class=\"swiper-slide\" role=\"group\" aria-roledescription=\"slide\" aria-label=\"3 de 8\"><figure class=\"swiper-slide-inner\"><img decoding=\"async\" class=\"swiper-slide-image\" src=\"https:\/\/www.cnshining.com\/wp-content\/uploads\/2025\/08\/Coca-Cola-logo.webp\" alt=\"Logotipo de Coca Cola\" title=\"\"><\/figure><\/div><div class=\"swiper-slide\" role=\"group\" aria-roledescription=\"slide\" aria-label=\"4 de 8\"><figure class=\"swiper-slide-inner\"><img decoding=\"async\" class=\"swiper-slide-image\" src=\"https:\/\/www.cnshining.com\/wp-content\/uploads\/2025\/08\/Disney-logo.webp\" alt=\"Logotipo de Disney\" title=\"\"><\/figure><\/div><div class=\"swiper-slide\" role=\"group\" aria-roledescription=\"slide\" aria-label=\"5 de 8\"><figure class=\"swiper-slide-inner\"><img decoding=\"async\" class=\"swiper-slide-image\" src=\"https:\/\/www.cnshining.com\/wp-content\/uploads\/2025\/08\/Dove-logo.webp\" alt=\"Logotipo de la paloma\" title=\"\"><\/figure><\/div><div class=\"swiper-slide\" role=\"group\" aria-roledescription=\"slide\" aria-label=\"6 de 8\"><figure class=\"swiper-slide-inner\"><img decoding=\"async\" class=\"swiper-slide-image\" src=\"https:\/\/www.cnshining.com\/wp-content\/uploads\/2025\/08\/Fuchs-logo.webp\" alt=\"Logotipo de Fuchs\" title=\"\"><\/figure><\/div><div class=\"swiper-slide\" role=\"group\" aria-roledescription=\"slide\" aria-label=\"7 de 8\"><figure class=\"swiper-slide-inner\"><img decoding=\"async\" class=\"swiper-slide-image\" src=\"https:\/\/www.cnshining.com\/wp-content\/uploads\/2025\/08\/Gillette-logo.webp\" alt=\"Logotipo de Gillette\" title=\"\"><\/figure><\/div><div class=\"swiper-slide\" role=\"group\" aria-roledescription=\"slide\" aria-label=\"8 de 8\"><figure class=\"swiper-slide-inner\"><img decoding=\"async\" class=\"swiper-slide-image\" src=\"https:\/\/www.cnshining.com\/wp-content\/uploads\/2025\/08\/Grove-logo.webp\" alt=\"Logotipo de Grove\" title=\"\"><\/figure><\/div>\t\t\t<\/div>\n\t\t\t\t\t\t\t\n\t\t\t\t\t\t\t\t\t<\/div>\n\t\t\t\t\t\t<\/div>\n\t\t\t\t\t<\/div>\n\t\t\t\t<\/div>\n\t\t\t\t<\/div>\n\t\t<\/p>\t\t\t\t\t\t\t\t<\/div>\n\t\t\t\t<\/div>\n\t\t\t\t<\/div>","protected":false},"excerpt":{"rendered":"<p>Botellas de aluminio resistentes a la humedad para polvos, talco, polvos minerales y champ\u00fa seco. 100% reciclable, cierre herm\u00e9tico y acabado de lujo. Envase premium sostenible para polvos.<\/p>","protected":false},"author":1,"featured_media":39171,"parent":25916,"menu_order":0,"comment_status":"closed","ping_status":"closed","template":"","meta":{"footnotes":""},"class_list":["post-31658","page","type-page","status-publish","has-post-thumbnail","hentry"],"_links":{"self":[{"href":"https:\/\/www.cnshining.com\/es\/wp-json\/wp\/v2\/pages\/31658","targetHints":{"allow":["GET"]}}],"collection":[{"href":"https:\/\/www.cnshining.com\/es\/wp-json\/wp\/v2\/pages"}],"about":[{"href":"https:\/\/www.cnshining.com\/es\/wp-json\/wp\/v2\/types\/page"}],"author":[{"embeddable":true,"href":"https:\/\/www.cnshining.com\/es\/wp-json\/wp\/v2\/users\/1"}],"replies":[{"embeddable":true,"href":"https:\/\/www.cnshining.com\/es\/wp-json\/wp\/v2\/comments?post=31658"}],"version-history":[{"count":0,"href":"https:\/\/www.cnshining.com\/es\/wp-json\/wp\/v2\/pages\/31658\/revisions"}],"up":[{"embeddable":true,"href":"https:\/\/www.cnshining.com\/es\/wp-json\/wp\/v2\/pages\/25916"}],"wp:featuredmedia":[{"embeddable":true,"href":"https:\/\/www.cnshining.com\/es\/wp-json\/wp\/v2\/media\/39171"}],"wp:attachment":[{"href":"https:\/\/www.cnshining.com\/es\/wp-json\/wp\/v2\/media?parent=31658"}],"curies":[{"name":"wp","href":"https:\/\/api.w.org\/{rel}","templated":true}]}}