{"id":675,"date":"2013-11-01T05:19:11","date_gmt":"2013-11-01T05:19:11","guid":{"rendered":"http:\/\/www.cnshining.com\/?page_id=675"},"modified":"2026-04-17T06:04:38","modified_gmt":"2026-04-17T06:04:38","slug":"clientela","status":"publish","type":"page","link":"https:\/\/www.cnshining.com\/es\/clientela","title":{"rendered":"Con la confianza de marcas globales"},"content":{"rendered":"<div data-elementor-type=\"wp-page\" data-elementor-id=\"675\" class=\"elementor elementor-675\" data-elementor-post-type=\"page\">\n\t\t\t\t<div class=\"elementor-element elementor-element-32c99004 e-flex e-con-boxed e-con e-parent\" data-id=\"32c99004\" data-element_type=\"container\" data-settings=\"{&quot;background_background&quot;:&quot;classic&quot;}\">\n\t\t\t\t\t<div class=\"e-con-inner\">\n\t\t\t\t<div class=\"elementor-element elementor-element-162ebec8 elementor-icon-list--layout-inline elementor-align-center elementor-list-item-link-full_width elementor-widget elementor-widget-icon-list\" data-id=\"162ebec8\" data-element_type=\"widget\" data-widget_type=\"icon-list.default\">\n\t\t\t\t\t\t\t<ul class=\"elementor-icon-list-items elementor-inline-items\">\n\t\t\t\t\t\t\t<li class=\"elementor-icon-list-item elementor-inline-item\">\n\t\t\t\t\t\t\t\t\t\t\t<a href=\"https:\/\/www.cnshining.com\/es\" target=\"_blank\">\n\n\t\t\t\t\t\t\t\t\t\t\t\t<span class=\"elementor-icon-list-icon\">\n\t\t\t\t\t\t\t<svg aria-hidden=\"true\" class=\"e-font-icon-svg e-fas-home\" viewbox=\"0 0 576 512\" xmlns=\"http:\/\/www.w3.org\/2000\/svg\"><path d=\"M280.37 148.26L96 300.11V464a16 16 0 0 0 16 16l112.06-.29a16 16 0 0 0 15.92-16V368a16 16 0 0 1 16-16h64a16 16 0 0 1 16 16v95.64a16 16 0 0 0 16 16.05L464 480a16 16 0 0 0 16-16V300L295.67 148.26a12.19 12.19 0 0 0-15.3 0zM571.6 251.47L488 182.56V44.05a12 12 0 0 0-12-12h-56a12 12 0 0 0-12 12v72.61L318.47 43a48 48 0 0 0-61 0L4.34 251.47a12 12 0 0 0-1.6 16.9l25.5 31A12 12 0 0 0 45.15 301l235.22-193.74a12.19 12.19 0 0 1 15.3 0L530.9 301a12 12 0 0 0 16.9-1.6l25.5-31a12 12 0 0 0-1.7-16.93z\"><\/path><\/svg>\t\t\t\t\t\t<\/span>\n\t\t\t\t\t\t\t\t\t\t<span class=\"elementor-icon-list-text\">Hogar \/<\/span>\n\t\t\t\t\t\t\t\t\t\t\t<\/a>\n\t\t\t\t\t\t\t\t\t<\/li>\n\t\t\t\t\t\t<\/ul>\n\t\t\t\t\t\t<\/div>\n\t\t\t\t\t<\/div>\n\t\t\t\t<\/div>\n\t\t<div class=\"elementor-element elementor-element-a451a1d e-flex e-con-boxed e-con e-parent\" data-id=\"a451a1d\" data-element_type=\"container\">\n\t\t\t\t\t<div class=\"e-con-inner\">\n\t\t<div class=\"elementor-element elementor-element-6da9c0b e-con-full e-flex e-con e-child\" data-id=\"6da9c0b\" data-element_type=\"container\">\n\t\t\t\t<div class=\"elementor-element elementor-element-9ea152a elementor-widget elementor-widget-text-editor\" data-id=\"9ea152a\" data-element_type=\"widget\" data-widget_type=\"text-editor.default\">\n\t\t\t\t\t\t\t\t\t<p>Durante m\u00e1s de 25 a\u00f1os, Shining Packaging ha sido el socio predilecto de envases met\u00e1licos para marcas ic\u00f3nicas a nivel mundial. <strong>Coca-cola<\/strong> y <strong>McDonald&#039;s<\/strong> al l\u00edder de la belleza de lujo <strong>Sab\u00f3n<\/strong>, casa de fragancias <strong>Montale<\/strong>, marca de vodka premium <strong>Danzka<\/strong>, y gigantes del autom\u00f3vil <strong>Castrol<\/strong>, <b>ZF<\/b>\u00a0\u2014Nuestras latas de aerosol, botellas de aluminio y latas personalizadas protegen y elevan productos que millones de personas aman todos los d\u00edas.<\/p><p>Exportando a <strong>m\u00e1s de 70 pa\u00edses<\/strong> y sirviendo <strong>m\u00e1s de 1.000 clientes satisfechos<\/strong>, Combinamos fiabilidad comprobada con soluciones innovadoras y sostenibles. Cuando las marcas m\u00e1s importantes necesitan envases que rindan, protejan el planeta y llamen la atenci\u00f3n en los estantes, conf\u00edan en Shining Packaging.<\/p><p>Su marca merece la misma calidad de clase mundial.<\/p>\t\t\t\t\t\t\t\t<\/div>\n\t\t\t\t<div class=\"elementor-element elementor-element-01d083b elementor-mobile-align-center elementor-align-right elementor-widget elementor-widget-button\" data-id=\"01d083b\" data-element_type=\"widget\" data-widget_type=\"button.default\">\n\t\t\t\t\t\t\t\t\t\t<a class=\"elementor-button elementor-button-link elementor-size-sm\" href=\"#elementor-action%3Aaction%3Dpopup%3Aopen%26settings%3DeyJpZCI6IjE0MTMyIiwidG9nZ2xlIjpmYWxzZX0%3D\" target=\"_blank\" rel=\"nofollow\">\n\t\t\t\t\t\t<span class=\"elementor-button-content-wrapper\">\n\t\t\t\t\t\t\t\t\t<span class=\"elementor-button-text\">Hag\u00e1moslo realidad<\/span>\n\t\t\t\t\t<\/span>\n\t\t\t\t\t<\/a>\n\t\t\t\t\t\t\t\t<\/div>\n\t\t\t\t<div class=\"elementor-element elementor-element-87e463c elementor-widget elementor-widget-text-editor\" data-id=\"87e463c\" data-element_type=\"widget\" data-widget_type=\"text-editor.default\">\n\t\t\t\t\t\t\t\t\t<p dir=\"auto\"><em><strong>Haz clic en los logotipos<\/strong> A continuaci\u00f3n, puede consultar nuestros casos de \u00e9xito con clientes. Si necesita m\u00e1s ejemplos de casos de marca, p\u00f3ngase en contacto con nosotros.<\/em><\/p>\t\t\t\t\t\t\t\t<\/div>\n\t\t\t\t<\/div>\n\t\t\t\t\t<\/div>\n\t\t\t\t<\/div>\n\t\t<div class=\"elementor-element elementor-element-5528abc7 e-flex e-con-boxed e-con e-parent\" data-id=\"5528abc7\" data-element_type=\"container\" data-settings=\"{&quot;background_background&quot;:&quot;classic&quot;}\">\n\t\t\t\t\t<div class=\"e-con-inner\">\n\t\t<div class=\"elementor-element elementor-element-76e025db e-con-full e-flex e-con e-child\" data-id=\"76e025db\" data-element_type=\"container\">\n\t\t<div class=\"elementor-element elementor-element-1aaed8af e-con-full e-flex e-con e-child\" data-id=\"1aaed8af\" data-element_type=\"container\" data-settings=\"{&quot;background_background&quot;:&quot;classic&quot;}\">\n\t\t\t\t<\/div>\n\t\t\t\t<\/div>\n\t\t<div class=\"elementor-element elementor-element-ad6c41f e-con-full e-flex e-con e-child\" data-id=\"ad6c41f\" data-element_type=\"container\">\n\t\t<div class=\"elementor-element elementor-element-2656932 e-con-full e-flex e-con e-child\" data-id=\"2656932\" data-element_type=\"container\" data-settings=\"{&quot;background_background&quot;:&quot;classic&quot;}\">\n\t\t\t\t<\/div>\n\t\t\t\t<\/div>\n\t\t<div class=\"elementor-element elementor-element-5ca9927 e-con-full e-flex e-con e-child\" data-id=\"5ca9927\" data-element_type=\"container\">\n\t\t<div class=\"elementor-element elementor-element-8f220f2 e-con-full e-flex e-con e-child\" data-id=\"8f220f2\" data-element_type=\"container\" data-settings=\"{&quot;background_background&quot;:&quot;classic&quot;}\">\n\t\t\t\t<\/div>\n\t\t\t\t<\/div>\n\t\t<div class=\"elementor-element elementor-element-2546ce8 e-con-full e-flex e-con e-child\" data-id=\"2546ce8\" data-element_type=\"container\">\n\t\t<div class=\"elementor-element elementor-element-a22195c e-con-full e-flex e-con e-child\" data-id=\"a22195c\" data-element_type=\"container\" data-settings=\"{&quot;background_background&quot;:&quot;classic&quot;}\">\n\t\t\t\t<\/div>\n\t\t\t\t<\/div>\n\t\t<div class=\"elementor-element elementor-element-e108cd9 e-con-full e-flex e-con e-child\" data-id=\"e108cd9\" data-element_type=\"container\">\n\t\t<div class=\"elementor-element elementor-element-e52b539 e-con-full e-flex e-con e-child\" data-id=\"e52b539\" data-element_type=\"container\" data-settings=\"{&quot;background_background&quot;:&quot;classic&quot;}\">\n\t\t\t\t<\/div>\n\t\t\t\t<\/div>\n\t\t<div class=\"elementor-element elementor-element-70f90f0 e-con-full e-flex e-con e-child\" data-id=\"70f90f0\" data-element_type=\"container\">\n\t\t<div class=\"elementor-element elementor-element-bfefe49 e-con-full e-flex e-con e-child\" data-id=\"bfefe49\" data-element_type=\"container\" data-settings=\"{&quot;background_background&quot;:&quot;classic&quot;}\">\n\t\t\t\t<\/div>\n\t\t\t\t<\/div>\n\t\t<div class=\"elementor-element elementor-element-c4bb410 e-con-full e-flex e-con e-child\" data-id=\"c4bb410\" data-element_type=\"container\">\n\t\t<div class=\"elementor-element elementor-element-53534fd e-con-full e-flex e-con e-child\" data-id=\"53534fd\" data-element_type=\"container\" data-settings=\"{&quot;background_background&quot;:&quot;classic&quot;}\">\n\t\t\t\t<\/div>\n\t\t\t\t<\/div>\n\t\t<div class=\"elementor-element elementor-element-e6785cc e-con-full e-flex e-con e-child\" data-id=\"e6785cc\" data-element_type=\"container\">\n\t\t<div class=\"elementor-element elementor-element-cff38b3 e-con-full e-flex e-con e-child\" data-id=\"cff38b3\" data-element_type=\"container\" data-settings=\"{&quot;background_background&quot;:&quot;classic&quot;}\">\n\t\t\t\t<\/div>\n\t\t\t\t<\/div>\n\t\t<div class=\"elementor-element elementor-element-96b7fb2 e-con-full e-flex e-con e-child\" data-id=\"96b7fb2\" data-element_type=\"container\">\n\t\t<div class=\"elementor-element elementor-element-f5f99de e-con-full e-flex e-con e-child\" data-id=\"f5f99de\" data-element_type=\"container\" data-settings=\"{&quot;background_background&quot;:&quot;classic&quot;}\">\n\t\t\t\t<\/div>\n\t\t\t\t<\/div>\n\t\t<div class=\"elementor-element elementor-element-0da7b30 e-con-full e-flex e-con e-child\" data-id=\"0da7b30\" data-element_type=\"container\">\n\t\t<div class=\"elementor-element elementor-element-3ad6d0b e-con-full e-flex e-con e-child\" data-id=\"3ad6d0b\" data-element_type=\"container\" data-settings=\"{&quot;background_background&quot;:&quot;classic&quot;}\">\n\t\t\t\t<\/div>\n\t\t\t\t<\/div>\n\t\t<div class=\"elementor-element elementor-element-e6f77dd e-con-full e-flex e-con e-child\" data-id=\"e6f77dd\" data-element_type=\"container\">\n\t\t<div class=\"elementor-element elementor-element-c6dbe33 e-con-full e-flex e-con e-child\" data-id=\"c6dbe33\" data-element_type=\"container\" data-settings=\"{&quot;background_background&quot;:&quot;classic&quot;}\">\n\t\t\t\t<\/div>\n\t\t\t\t<\/div>\n\t\t<div class=\"elementor-element elementor-element-433892a e-con-full e-flex e-con e-child\" data-id=\"433892a\" data-element_type=\"container\">\n\t\t<div class=\"elementor-element elementor-element-95aeb28 e-con-full e-flex e-con e-child\" data-id=\"95aeb28\" data-element_type=\"container\" data-settings=\"{&quot;background_background&quot;:&quot;classic&quot;}\">\n\t\t\t\t<\/div>\n\t\t\t\t<\/div>\n\t\t<div class=\"elementor-element elementor-element-8dd0c5f e-con-full e-flex e-con e-child\" data-id=\"8dd0c5f\" data-element_type=\"container\">\n\t\t<div class=\"elementor-element elementor-element-5266d42 e-con-full e-flex e-con e-child\" data-id=\"5266d42\" data-element_type=\"container\" data-settings=\"{&quot;background_background&quot;:&quot;classic&quot;}\">\n\t\t\t\t<\/div>\n\t\t\t\t<\/div>\n\t\t<div class=\"elementor-element elementor-element-4f144cd e-con-full e-flex e-con e-child\" data-id=\"4f144cd\" data-element_type=\"container\">\n\t\t<div class=\"elementor-element elementor-element-e1204c8 e-con-full e-flex e-con e-child\" data-id=\"e1204c8\" data-element_type=\"container\" data-settings=\"{&quot;background_background&quot;:&quot;classic&quot;}\">\n\t\t\t\t<\/div>\n\t\t\t\t<\/div>\n\t\t<div class=\"elementor-element elementor-element-d81f97d e-con-full e-flex e-con e-child\" data-id=\"d81f97d\" data-element_type=\"container\">\n\t\t<div class=\"elementor-element elementor-element-9c179e3 e-con-full e-flex e-con e-child\" data-id=\"9c179e3\" data-element_type=\"container\" data-settings=\"{&quot;background_background&quot;:&quot;classic&quot;}\">\n\t\t\t\t<\/div>\n\t\t\t\t<\/div>\n\t\t<div class=\"elementor-element elementor-element-f0a7fa9 e-con-full e-flex e-con e-child\" data-id=\"f0a7fa9\" data-element_type=\"container\">\n\t\t<div class=\"elementor-element elementor-element-014acba e-con-full e-flex e-con e-child\" data-id=\"014acba\" data-element_type=\"container\" data-settings=\"{&quot;background_background&quot;:&quot;classic&quot;}\">\n\t\t\t\t<\/div>\n\t\t\t\t<\/div>\n\t\t\t\t\t<\/div>\n\t\t\t\t<\/div>\n\t\t\t\t<\/div>","protected":false},"excerpt":{"rendered":"<p>Shining Packaging suministra envases met\u00e1licos de primera calidad a m\u00e1s de 50 pa\u00edses. Socios orgullosos de Coca-Cola, McDonald&#039;s, Sabon, Montal, Danzka, Castrol, XADO y m\u00e1s de 1000 marcas l\u00edderes en todo el mundo.<\/p>","protected":false},"author":1,"featured_media":38458,"parent":0,"menu_order":0,"comment_status":"closed","ping_status":"closed","template":"","meta":{"footnotes":""},"class_list":["post-675","page","type-page","status-publish","has-post-thumbnail","hentry"],"_links":{"self":[{"href":"https:\/\/www.cnshining.com\/es\/wp-json\/wp\/v2\/pages\/675","targetHints":{"allow":["GET"]}}],"collection":[{"href":"https:\/\/www.cnshining.com\/es\/wp-json\/wp\/v2\/pages"}],"about":[{"href":"https:\/\/www.cnshining.com\/es\/wp-json\/wp\/v2\/types\/page"}],"author":[{"embeddable":true,"href":"https:\/\/www.cnshining.com\/es\/wp-json\/wp\/v2\/users\/1"}],"replies":[{"embeddable":true,"href":"https:\/\/www.cnshining.com\/es\/wp-json\/wp\/v2\/comments?post=675"}],"version-history":[{"count":3,"href":"https:\/\/www.cnshining.com\/es\/wp-json\/wp\/v2\/pages\/675\/revisions"}],"predecessor-version":[{"id":47258,"href":"https:\/\/www.cnshining.com\/es\/wp-json\/wp\/v2\/pages\/675\/revisions\/47258"}],"wp:featuredmedia":[{"embeddable":true,"href":"https:\/\/www.cnshining.com\/es\/wp-json\/wp\/v2\/media\/38458"}],"wp:attachment":[{"href":"https:\/\/www.cnshining.com\/es\/wp-json\/wp\/v2\/media?parent=675"}],"curies":[{"name":"wp","href":"https:\/\/api.w.org\/{rel}","templated":true}]}}