{"id":1422,"date":"2014-10-29T08:47:26","date_gmt":"2014-10-29T08:47:26","guid":{"rendered":"http:\/\/www.cnshining.com\/?page_id=1422"},"modified":"2025-12-07T11:30:38","modified_gmt":"2025-12-07T11:30:38","slug":"politique-de-confidentialite","status":"publish","type":"page","link":"https:\/\/www.cnshining.com\/fr\/politique-de-confidentialite","title":{"rendered":"politique de confidentialit\u00e9"},"content":{"rendered":"<div data-elementor-type=\"wp-page\" data-elementor-id=\"1422\" class=\"elementor elementor-1422\" data-elementor-post-type=\"page\">\n\t\t\t\t<div class=\"elementor-element elementor-element-72b4c427 e-flex e-con-boxed e-con e-parent\" data-id=\"72b4c427\" data-element_type=\"container\" data-settings=\"{&quot;background_background&quot;:&quot;classic&quot;}\">\n\t\t\t\t\t<div class=\"e-con-inner\">\n\t\t\t\t<div class=\"elementor-element elementor-element-5bcc330b elementor-icon-list--layout-inline elementor-align-center elementor-list-item-link-full_width elementor-widget elementor-widget-icon-list\" data-id=\"5bcc330b\" data-element_type=\"widget\" data-widget_type=\"icon-list.default\">\n\t\t\t\t\t\t\t<ul class=\"elementor-icon-list-items elementor-inline-items\">\n\t\t\t\t\t\t\t<li class=\"elementor-icon-list-item elementor-inline-item\">\n\t\t\t\t\t\t\t\t\t\t\t<a href=\"https:\/\/www.cnshining.com\/fr\" target=\"_blank\">\n\n\t\t\t\t\t\t\t\t\t\t\t\t<span class=\"elementor-icon-list-icon\">\n\t\t\t\t\t\t\t<svg aria-hidden=\"true\" class=\"e-font-icon-svg e-fas-home\" viewbox=\"0 0 576 512\" xmlns=\"http:\/\/www.w3.org\/2000\/svg\"><path d=\"M280.37 148.26L96 300.11V464a16 16 0 0 0 16 16l112.06-.29a16 16 0 0 0 15.92-16V368a16 16 0 0 1 16-16h64a16 16 0 0 1 16 16v95.64a16 16 0 0 0 16 16.05L464 480a16 16 0 0 0 16-16V300L295.67 148.26a12.19 12.19 0 0 0-15.3 0zM571.6 251.47L488 182.56V44.05a12 12 0 0 0-12-12h-56a12 12 0 0 0-12 12v72.61L318.47 43a48 48 0 0 0-61 0L4.34 251.47a12 12 0 0 0-1.6 16.9l25.5 31A12 12 0 0 0 45.15 301l235.22-193.74a12.19 12.19 0 0 1 15.3 0L530.9 301a12 12 0 0 0 16.9-1.6l25.5-31a12 12 0 0 0-1.7-16.93z\"><\/path><\/svg>\t\t\t\t\t\t<\/span>\n\t\t\t\t\t\t\t\t\t\t<span class=\"elementor-icon-list-text\">Maison \/<\/span>\n\t\t\t\t\t\t\t\t\t\t\t<\/a>\n\t\t\t\t\t\t\t\t\t<\/li>\n\t\t\t\t\t\t<\/ul>\n\t\t\t\t\t\t<\/div>\n\t\t\t\t\t<\/div>\n\t\t\t\t<\/div>\n\t\t<div class=\"elementor-element elementor-element-3e13885a e-flex e-con-boxed e-con e-parent\" data-id=\"3e13885a\" data-element_type=\"container\">\n\t\t\t\t\t<div class=\"e-con-inner\">\n\t\t\t\t<div class=\"elementor-element elementor-element-4f037485 elementor-widget elementor-widget-text-editor\" data-id=\"4f037485\" data-element_type=\"widget\" data-widget_type=\"text-editor.default\">\n\t\t\t\t\t\t\t\t\t\n<p>Shining Packaging s&#039;engage \u00e0 prot\u00e9ger les renseignements personnels que vous pourriez nous fournir. Nous estimons notamment important que vous sachiez comment nous traitons les renseignements vous concernant que nous pourrions recevoir par le biais de ce site Web.<\/p>\n\t\t\t\t\t\t\t\t<\/div>\n\t\t\t\t<div class=\"elementor-element elementor-element-b7f82fc elementor-widget elementor-widget-heading\" data-id=\"b7f82fc\" data-element_type=\"widget\" data-widget_type=\"heading.default\">\n\t\t\t\t\t<h2 class=\"elementor-heading-title elementor-size-default\">Informations collect\u00e9es<\/h2>\t\t\t\t<\/div>\n\t\t\t\t<div class=\"elementor-element elementor-element-105d2e4 elementor-widget elementor-widget-text-editor\" data-id=\"105d2e4\" data-element_type=\"widget\" data-widget_type=\"text-editor.default\">\n\t\t\t\t\t\t\t\t\t<p>En g\u00e9n\u00e9ral, vous pouvez visiter ce site Web sans nous indiquer votre identit\u00e9 ni r\u00e9v\u00e9ler d&#039;informations personnelles. Nos serveurs Web collectent les noms de domaine des visiteurs, et non leurs adresses \u00e9lectroniques. Comme de nombreux sites Web, nos serveurs d\u00e9posent \u00e9galement un \u201c\u00a0cookie\u00a0\u201d (un petit fichier de donn\u00e9es) sur le disque dur de votre ordinateur. Ce cookie permet au serveur de reconna\u00eetre votre ordinateur lors de vos prochaines visites, afin de recueillir des informations statistiques sur votre navigation sur certaines parties de notre site et sur les promotions Shining Packaging diffus\u00e9es sur d&#039;autres sites. Ce cookie n&#039;est pas utilis\u00e9 pour obtenir votre nom ni aucune donn\u00e9e personnelle. Les informations collect\u00e9es sont utilis\u00e9es uniquement \u00e0 des fins internes, notamment pour am\u00e9liorer la navigation sur le site et mesurer l&#039;efficacit\u00e9 de nos campagnes promotionnelles. Elles ne sont partag\u00e9es qu&#039;avec les partenaires et sous-traitants de Shining Packaging qui collaborent avec Shining Packaging dans ces activit\u00e9s et sont tenus \u00e0 la confidentialit\u00e9. Si vous pr\u00e9f\u00e9rez refuser les cookies, vous pouvez configurer votre navigateur pour les bloquer ou vous avertir avant leur d\u00e9p\u00f4t.<\/p>\n<p><!-- \/wp:paragraph --><!-- wp:paragraph --><\/p>\n<p><!-- \/wp:paragraph --><!-- wp:paragraph --><\/p>\t\t\t\t\t\t\t\t<\/div>\n\t\t\t\t<div class=\"elementor-element elementor-element-b71065f elementor-widget elementor-widget-text-editor\" data-id=\"b71065f\" data-element_type=\"widget\" data-widget_type=\"text-editor.default\">\n\t\t\t\t\t\t\t\t\t<p>De plus, certaines sections de ce site Web peuvent n\u00e9cessiter la collecte de vos renseignements personnels \u00e0 des fins sp\u00e9cifiques, notamment pour vous fournir les informations que vous demandez. Ces renseignements peuvent inclure vos nom, adresse, num\u00e9ro de t\u00e9l\u00e9phone, num\u00e9ro de t\u00e9l\u00e9copieur ou adresse courriel. Pour acc\u00e9der \u00e9lectroniquement aux rapports annuels et aux relev\u00e9s de procuration, nous recueillons votre num\u00e9ro d\u2019identification fiscale afin de v\u00e9rifier votre statut d\u2019actionnaire. Concernant notre site sur la diversit\u00e9 des fournisseurs, nous recueillons n\u00e9cessairement des renseignements sur le sexe et l\u2019origine ethnique, par exemple si votre entreprise est d\u00e9tenue par une femme.<\/p>\n<p><!-- \/wp:paragraph --><!-- wp:paragraph --><\/p>\n<p><!-- \/wp:paragraph --><!-- wp:paragraph --><\/p>\t\t\t\t\t\t\t\t<\/div>\n\t\t\t\t<div class=\"elementor-element elementor-element-8bad1be elementor-widget elementor-widget-text-editor\" data-id=\"8bad1be\" data-element_type=\"widget\" data-widget_type=\"text-editor.default\">\n\t\t\t\t\t\t\t\t\t<p>Nous utilisons une technologie tierce pour diffuser nos publicit\u00e9s sur d&#039;autres sites web. Cette technologie installe un petit fichier \u201c\u00a0cookie\u00a0\u201d sur votre ordinateur lorsque vous visualisez notre publicit\u00e9. Ces cookies ne contiennent aucune information permettant de vous identifier personnellement (comme votre nom ou votre adresse e-mail), mais un num\u00e9ro g\u00e9n\u00e9r\u00e9 al\u00e9atoirement et unique pour votre navigateur. Ce num\u00e9ro est reconnu par une balise web (fichier GIF transparent) sur notre site si vous cliquez sur un lien depuis l&#039;une de nos publicit\u00e9s. Cela nous permet de comptabiliser le nombre de visiteurs uniques sur notre site et d&#039;identifier les publicit\u00e9s qui les y ont conduits, afin de mesurer l&#039;efficacit\u00e9 de nos publicit\u00e9s et de leur placement. Les politiques de confidentialit\u00e9 des sites web sur lesquels nous diffusons nos publicit\u00e9s et par lesquels les cookies sont install\u00e9s vous informent sur l&#039;utilisation des cookies. Vous pouvez bien s\u00fbr configurer votre navigateur pour les refuser.<\/p>\n<p><!-- \/wp:paragraph --><!-- wp:paragraph --><\/p>\n<p><!-- \/wp:paragraph --><!-- wp:paragraph --><\/p>\n<p><!-- \/wp:paragraph --><!-- wp:paragraph --><\/p>\t\t\t\t\t\t\t\t<\/div>\n\t\t\t\t<div class=\"elementor-element elementor-element-7a4761e elementor-widget elementor-widget-text-editor\" data-id=\"7a4761e\" data-element_type=\"widget\" data-widget_type=\"text-editor.default\">\n\t\t\t\t\t\t\t\t\t<p>Ce site Web n&#039;est pas destin\u00e9 aux personnes de moins de 13 ans. Nous ne sollicitons ni ne recueillons sciemment d&#039;informations personnelles concernant les enfants, et nous ne commercialisons pas sciemment nos produits ou services aupr\u00e8s d&#039;eux.<\/p>\n<p><!-- \/wp:paragraph --><!-- wp:paragraph --><\/p>\t\t\t\t\t\t\t\t<\/div>\n\t\t\t\t<div class=\"elementor-element elementor-element-9b07115 elementor-widget elementor-widget-heading\" data-id=\"9b07115\" data-element_type=\"widget\" data-widget_type=\"heading.default\">\n\t\t\t\t\t<h2 class=\"elementor-heading-title elementor-size-default\">Utilisation des informations collect\u00e9es<\/h2>\t\t\t\t<\/div>\n\t\t\t\t<div class=\"elementor-element elementor-element-92944ac elementor-widget elementor-widget-text-editor\" data-id=\"92944ac\" data-element_type=\"widget\" data-widget_type=\"text-editor.default\">\n\t\t\t\t\t\t\t\t\t<p>Les informations relatives aux noms de domaine que nous recueillons ne sont pas utilis\u00e9es pour vous identifier personnellement\u00a0; elles sont plut\u00f4t agr\u00e9g\u00e9es afin de mesurer le nombre de visites, le temps moyen pass\u00e9 sur le site, les pages consult\u00e9es, etc. Nous utilisons ces informations pour mesurer l\u2019utilisation de notre site et pour en am\u00e9liorer le contenu.<\/p>\n<p><!-- \/wp:paragraph --><!-- wp:paragraph --><\/p>\n<p><!-- \/wp:paragraph --><!-- wp:paragraph --><\/p>\t\t\t\t\t\t\t\t<\/div>\n\t\t\t\t<div class=\"elementor-element elementor-element-0cf241f elementor-widget elementor-widget-text-editor\" data-id=\"0cf241f\" data-element_type=\"widget\" data-widget_type=\"text-editor.default\">\n\t\t\t\t\t\t\t\t\t<p>Lorsque nous recueillons d&#039;autres informations vous concernant, comme votre nom et votre adresse courriel, nous vous informons g\u00e9n\u00e9ralement, au moment de la collecte, de l&#039;utilisation que nous ferons de vos donn\u00e9es personnelles. Habituellement, nous utilisons les donn\u00e9es personnelles que vous nous fournissez uniquement pour r\u00e9pondre \u00e0 votre demande ou pour traiter votre requ\u00eate (par exemple, pour recevoir des rapports annuels \u00e9lectroniques ou pour \u00eatre ajout\u00e9 \u00e0 notre base de donn\u00e9es sur la diversit\u00e9 des fournisseurs). Ces informations peuvent \u00eatre partag\u00e9es avec d&#039;autres entit\u00e9s du groupe Shining Packaging, mais seulement si cela est n\u00e9cessaire pour r\u00e9pondre \u00e0 votre demande ou \u00e0 des fins connexes.<\/p>\n<p><!-- \/wp:paragraph --><!-- wp:paragraph --><\/p>\n<p><!-- \/wp:paragraph --><!-- wp:paragraph --><\/p>\t\t\t\t\t\t\t\t<\/div>\n\t\t\t\t<div class=\"elementor-element elementor-element-9e0bcb1 elementor-widget elementor-widget-text-editor\" data-id=\"9e0bcb1\" data-element_type=\"widget\" data-widget_type=\"text-editor.default\">\n\t\t\t\t\t\t\t\t\t<p>Nous pouvons partager les renseignements personnels que vous nous fournissez avec d&#039;autres entreprises auxquelles nous avons fait appel pour nous fournir des services. Ces entreprises, nos fournisseurs, sont contractuellement tenues d&#039;utiliser les renseignements personnels que nous leur communiquons uniquement pour ex\u00e9cuter les services pour lesquels nous les avons mandat\u00e9es. Nous ne partageons, ne vendons ni ne louons vos renseignements personnels \u00e0 aucun tiers \u00e0 des fins de marketing. Nous divulguerons des renseignements vous concernant si vous nous le demandez, si la loi nous y oblige ou dans d&#039;autres circonstances l\u00e9galement limit\u00e9es (par exemple, pour prot\u00e9ger votre compte contre la fraude).<\/p>\n<p><!-- \/wp:paragraph --><!-- wp:paragraph --><\/p>\n<p><!-- \/wp:paragraph --><!-- wp:paragraph --><\/p>\t\t\t\t\t\t\t\t<\/div>\n\t\t\t\t<div class=\"elementor-element elementor-element-28ec41d elementor-widget elementor-widget-text-editor\" data-id=\"28ec41d\" data-element_type=\"widget\" data-widget_type=\"text-editor.default\">\n\t\t\t\t\t\t\t\t\t<p>Si vous vous inscrivez en ligne aupr\u00e8s de l&#039;une des filiales de Shining Packaging, celle-ci pourra utiliser ces informations pour vous fournir des renseignements personnalis\u00e9s sur ses offres et leurs solutions, afin de r\u00e9pondre aux besoins de votre entreprise. Elle pourra \u00e9galement d\u00e9poser un \u2019\u00a0cookie\u00a0\u2019 (petit fichier de donn\u00e9es), comme indiqu\u00e9 pr\u00e9c\u00e9demment, afin de vous proposer des informations adapt\u00e9es. Pour en savoir plus sur les pratiques de confidentialit\u00e9 de l&#039;entit\u00e9 Shining Aluminium Container, veuillez consulter sa politique de confidentialit\u00e9 sur son site web.<\/p>\n<p><!-- \/wp:paragraph --><!-- wp:paragraph --><\/p>\t\t\t\t\t\t\t\t<\/div>\n\t\t\t\t<div class=\"elementor-element elementor-element-58abbf3 elementor-widget elementor-widget-heading\" data-id=\"58abbf3\" data-element_type=\"widget\" data-widget_type=\"heading.default\">\n\t\t\t\t\t<h2 class=\"elementor-heading-title elementor-size-default\">Liens vers d&#039;autres sites<\/h2>\t\t\t\t<\/div>\n\t\t\t\t<div class=\"elementor-element elementor-element-875a40c elementor-widget elementor-widget-text-editor\" data-id=\"875a40c\" data-element_type=\"widget\" data-widget_type=\"text-editor.default\">\n\t\t\t\t\t\t\t\t\t<p>Le site Web de Shining Packaging peut contenir des liens vers d&#039;autres sites, notamment ceux des distributeurs et partenaires commerciaux de Shining Packaging. Bien que nous nous efforcions de ne proposer que des liens vers des sites respectant nos normes \u00e9lev\u00e9es en mati\u00e8re de protection de la vie priv\u00e9e, nous ne sommes pas responsables du contenu, de la s\u00e9curit\u00e9 ni des pratiques de confidentialit\u00e9 de ces autres sites.<\/p>\n<p><!-- \/wp:paragraph --><!-- wp:paragraph --><\/p>\n<p><!-- \/wp:paragraph --><!-- wp:paragraph --><\/p>\t\t\t\t\t\t\t\t<\/div>\n\t\t\t\t<div class=\"elementor-element elementor-element-73cb71b elementor-widget elementor-widget-heading\" data-id=\"73cb71b\" data-element_type=\"widget\" data-widget_type=\"heading.default\">\n\t\t\t\t\t<h2 class=\"elementor-heading-title elementor-size-default\">S\u00e9curit\u00e9 des informations collect\u00e9es<\/h2>\t\t\t\t<\/div>\n\t\t\t\t<div class=\"elementor-element elementor-element-914ab92 elementor-widget elementor-widget-text-editor\" data-id=\"914ab92\" data-element_type=\"widget\" data-widget_type=\"text-editor.default\">\n\t\t\t\t\t\t\t\t\t<p>Nous appliquons des mesures de s\u00e9curit\u00e9 physiques, \u00e9lectroniques et administratives rigoureuses afin de prot\u00e9ger vos renseignements personnels contre tout acc\u00e8s non autoris\u00e9 ou inappropri\u00e9. L&#039;acc\u00e8s \u00e0 vos renseignements est limit\u00e9 aux employ\u00e9s de Shining Packaging qui en ont besoin pour r\u00e9pondre \u00e0 votre demande. Tout employ\u00e9 qui utilise abusivement des renseignements personnels s&#039;expose \u00e0 des mesures disciplinaires.<\/p>\n<p><!-- \/wp:paragraph --><!-- wp:paragraph --><\/p>\t\t\t\t\t\t\t\t<\/div>\n\t\t\t\t<div class=\"elementor-element elementor-element-c034338 elementor-widget elementor-widget-heading\" data-id=\"c034338\" data-element_type=\"widget\" data-widget_type=\"heading.default\">\n\t\t\t\t\t<h2 class=\"elementor-heading-title elementor-size-default\">Acc\u00e8s aux informations collect\u00e9es<\/h2>\t\t\t\t<\/div>\n\t\t\t\t<div class=\"elementor-element elementor-element-a105339 elementor-widget elementor-widget-text-editor\" data-id=\"a105339\" data-element_type=\"widget\" data-widget_type=\"text-editor.default\">\n\t\t\t\t\t\t\t\t\t<p>Vous pouvez consulter et mettre \u00e0 jour les informations que vous nous fournissez par le biais de ce site Web en nous contactant comme d\u00e9crit ci-dessous.<\/p>\n<p><!-- \/wp:paragraph --><!-- wp:paragraph --><\/p>\n<p><!-- \/wp:paragraph --><!-- wp:paragraph --><\/p>\t\t\t\t\t\t\t\t<\/div>\n\t\t\t\t<div class=\"elementor-element elementor-element-0d2060c elementor-widget elementor-widget-heading\" data-id=\"0d2060c\" data-element_type=\"widget\" data-widget_type=\"heading.default\">\n\t\t\t\t\t<h2 class=\"elementor-heading-title elementor-size-default\">Nous contacter<\/h2>\t\t\t\t<\/div>\n\t\t\t\t<div class=\"elementor-element elementor-element-bee52be elementor-widget elementor-widget-text-editor\" data-id=\"bee52be\" data-element_type=\"widget\" data-widget_type=\"text-editor.default\">\n\t\t\t\t\t\t\t\t\t<p>Pour toute question concernant cette politique de confidentialit\u00e9, veuillez utiliser la page \u00ab\u00a0Nous contacter\u00a0\u00bb. Vos questions et suggestions concernant notre politique de confidentialit\u00e9 sont les bienvenues.<\/p>\n<p><!-- \/wp:paragraph --><!-- wp:paragraph --><\/p>\t\t\t\t\t\t\t\t<\/div>\n\t\t\t\t<div class=\"elementor-element elementor-element-7c53d25 elementor-widget elementor-widget-heading\" data-id=\"7c53d25\" data-element_type=\"widget\" data-widget_type=\"heading.default\">\n\t\t\t\t\t<h2 class=\"elementor-heading-title elementor-size-default\">Modifications apport\u00e9es \u00e0 cette politique<\/h2>\t\t\t\t<\/div>\n\t\t\t\t<div class=\"elementor-element elementor-element-eb52e40 elementor-widget elementor-widget-text-editor\" data-id=\"eb52e40\" data-element_type=\"widget\" data-widget_type=\"text-editor.default\">\n\t\t\t\t\t\t\t\t\t<p>Veuillez consulter r\u00e9guli\u00e8rement cette politique de confidentialit\u00e9 afin de prendre connaissance de toute modification. Bien que nous nous r\u00e9servions le droit de modifier ou de compl\u00e9ter cette politique de confidentialit\u00e9, nous vous informerons de toute modification importante sur ce site Web pendant au moins 30 jours apr\u00e8s sa mise en \u0153uvre.<\/p>\t\t\t\t\t\t\t\t<\/div>\n\t\t\t\t\t<\/div>\n\t\t\t\t<\/div>\n\t\t\t\t<\/div>","protected":false},"excerpt":{"rendered":"<p>Accueil \/ Shining Packaging s&#039;engage \u00e0 prot\u00e9ger les informations personnelles que vous pourriez nous fournir. Nous estimons notamment important que vous sachiez comment nous traitons les informations vous concernant que nous pouvons recevoir via ce site Web. Informations collect\u00e9es En g\u00e9n\u00e9ral, vous pouvez visiter ce site Web sans nous indiquer [\u2026]<\/p>","protected":false},"author":1,"featured_media":0,"parent":0,"menu_order":0,"comment_status":"closed","ping_status":"closed","template":"","meta":{"footnotes":""},"class_list":["post-1422","page","type-page","status-publish","hentry"],"_links":{"self":[{"href":"https:\/\/www.cnshining.com\/fr\/wp-json\/wp\/v2\/pages\/1422","targetHints":{"allow":["GET"]}}],"collection":[{"href":"https:\/\/www.cnshining.com\/fr\/wp-json\/wp\/v2\/pages"}],"about":[{"href":"https:\/\/www.cnshining.com\/fr\/wp-json\/wp\/v2\/types\/page"}],"author":[{"embeddable":true,"href":"https:\/\/www.cnshining.com\/fr\/wp-json\/wp\/v2\/users\/1"}],"replies":[{"embeddable":true,"href":"https:\/\/www.cnshining.com\/fr\/wp-json\/wp\/v2\/comments?post=1422"}],"version-history":[{"count":0,"href":"https:\/\/www.cnshining.com\/fr\/wp-json\/wp\/v2\/pages\/1422\/revisions"}],"wp:attachment":[{"href":"https:\/\/www.cnshining.com\/fr\/wp-json\/wp\/v2\/media?parent=1422"}],"curies":[{"name":"wp","href":"https:\/\/api.w.org\/{rel}","templated":true}]}}