{"id":15251,"date":"2022-11-24T13:01:48","date_gmt":"2022-11-24T13:01:48","guid":{"rendered":"https:\/\/www.cnshining.com\/?page_id=15251"},"modified":"2025-12-23T05:33:33","modified_gmt":"2025-12-23T05:33:33","slug":"cartouche-de-paille-en-aluminium","status":"publish","type":"page","link":"https:\/\/www.cnshining.com\/fr\/cartouche-de-paille-en-aluminium","title":{"rendered":"Cartouches de paille vides en aluminium"},"content":{"rendered":"<div data-elementor-type=\"wp-page\" data-elementor-id=\"15251\" class=\"elementor elementor-15251\" data-elementor-post-type=\"page\">\n\t\t\t\t<div class=\"elementor-element elementor-element-39890c8a e-flex e-con-boxed e-con e-parent\" data-id=\"39890c8a\" data-element_type=\"container\" data-settings=\"{&quot;background_background&quot;:&quot;classic&quot;}\">\n\t\t\t\t\t<div class=\"e-con-inner\">\n\t\t\t\t<div class=\"elementor-element elementor-element-c3bb075 elementor-icon-list--layout-inline elementor-align-center elementor-list-item-link-full_width elementor-widget elementor-widget-icon-list\" data-id=\"c3bb075\" data-element_type=\"widget\" data-widget_type=\"icon-list.default\">\n\t\t\t\t\t\t\t<ul class=\"elementor-icon-list-items elementor-inline-items\">\n\t\t\t\t\t\t\t<li class=\"elementor-icon-list-item elementor-inline-item\">\n\t\t\t\t\t\t\t\t\t\t\t<a href=\"https:\/\/www.cnshining.com\/fr\" target=\"_blank\">\n\n\t\t\t\t\t\t\t\t\t\t\t\t<span class=\"elementor-icon-list-icon\">\n\t\t\t\t\t\t\t<svg aria-hidden=\"true\" class=\"e-font-icon-svg e-fas-home\" viewbox=\"0 0 576 512\" xmlns=\"http:\/\/www.w3.org\/2000\/svg\"><path d=\"M280.37 148.26L96 300.11V464a16 16 0 0 0 16 16l112.06-.29a16 16 0 0 0 15.92-16V368a16 16 0 0 1 16-16h64a16 16 0 0 1 16 16v95.64a16 16 0 0 0 16 16.05L464 480a16 16 0 0 0 16-16V300L295.67 148.26a12.19 12.19 0 0 0-15.3 0zM571.6 251.47L488 182.56V44.05a12 12 0 0 0-12-12h-56a12 12 0 0 0-12 12v72.61L318.47 43a48 48 0 0 0-61 0L4.34 251.47a12 12 0 0 0-1.6 16.9l25.5 31A12 12 0 0 0 45.15 301l235.22-193.74a12.19 12.19 0 0 1 15.3 0L530.9 301a12 12 0 0 0 16.9-1.6l25.5-31a12 12 0 0 0-1.7-16.93z\"><\/path><\/svg>\t\t\t\t\t\t<\/span>\n\t\t\t\t\t\t\t\t\t\t<span class=\"elementor-icon-list-text\">Maison \/<\/span>\n\t\t\t\t\t\t\t\t\t\t\t<\/a>\n\t\t\t\t\t\t\t\t\t<\/li>\n\t\t\t\t\t\t\t\t<li class=\"elementor-icon-list-item elementor-inline-item\">\n\t\t\t\t\t\t\t\t\t\t\t<a href=\"https:\/\/www.cnshining.com\/fr\/cartouche-non-letale\/\" target=\"_blank\">\n\n\t\t\t\t\t\t\t\t\t\t\t<span class=\"elementor-icon-list-text\">Cartouche non l\u00e9tale\/<\/span>\n\t\t\t\t\t\t\t\t\t\t\t<\/a>\n\t\t\t\t\t\t\t\t\t<\/li>\n\t\t\t\t\t\t<\/ul>\n\t\t\t\t\t\t<\/div>\n\t\t\t\t\t<\/div>\n\t\t\t\t<\/div>\n\t\t<div class=\"elementor-element elementor-element-bbf017b e-flex e-con-boxed e-con e-parent\" data-id=\"bbf017b\" data-element_type=\"container\" data-settings=\"{&quot;background_background&quot;:&quot;classic&quot;}\">\n\t\t\t\t\t<div class=\"e-con-inner\">\n\t\t<div class=\"elementor-element elementor-element-574e862 e-con-full e-flex e-con e-child\" data-id=\"574e862\" data-element_type=\"container\">\n\t\t<div class=\"elementor-element elementor-element-78e22ba e-con-full e-flex e-con e-child\" data-id=\"78e22ba\" data-element_type=\"container\">\n\t\t\t\t<div class=\"elementor-element elementor-element-4bdfa6c elementor-widget elementor-widget-image\" data-id=\"4bdfa6c\" data-element_type=\"widget\" data-widget_type=\"image.default\">\n\t\t\t\t\t\t\t\t\t\t\t\t\t\t\t<img fetchpriority=\"high\" decoding=\"async\" width=\"1000\" height=\"1000\" src=\"https:\/\/www.cnshining.com\/wp-content\/uploads\/2025\/10\/Aluminium-Chaff-Cartridge-2.webp\" class=\"attachment-large size-large wp-image-30501\" alt=\"Cartouche de paille en aluminium\" title=\"\">\t\t\t\t\t\t\t\t\t\t\t\t\t\t\t<\/div>\n\t\t\t\t<\/div>\n\t\t<div class=\"elementor-element elementor-element-1dd51a5 e-con-full e-flex e-con e-child\" data-id=\"1dd51a5\" data-element_type=\"container\">\n\t\t<div class=\"elementor-element elementor-element-b5bb97e e-con-full e-flex e-con e-child\" data-id=\"b5bb97e\" data-element_type=\"container\">\n\t\t<div class=\"elementor-element elementor-element-a262cfb e-con-full e-flex e-con e-child\" data-id=\"a262cfb\" data-element_type=\"container\">\n\t\t\t\t<div class=\"elementor-element elementor-element-92d1ad0 elementor-widget elementor-widget-heading\" data-id=\"92d1ad0\" data-element_type=\"widget\" data-widget_type=\"heading.default\">\n\t\t\t\t\t<h3 class=\"elementor-heading-title elementor-size-default\">Mat\u00e9riel<\/h3>\t\t\t\t<\/div>\n\t\t\t\t<div class=\"elementor-element elementor-element-b9aa4f1 elementor-widget__width-initial elementor-widget-tablet__width-initial elementor-widget elementor-widget-text-editor\" data-id=\"b9aa4f1\" data-element_type=\"widget\" data-widget_type=\"text-editor.default\">\n\t\t\t\t\t\t\t\t\t<p>Alliage d&#039;aluminium<\/p>\t\t\t\t\t\t\t\t<\/div>\n\t\t\t\t<\/div>\n\t\t<div class=\"elementor-element elementor-element-cf3897c e-con-full e-flex e-con e-child\" data-id=\"cf3897c\" data-element_type=\"container\">\n\t\t\t\t<div class=\"elementor-element elementor-element-117d8cc elementor-widget elementor-widget-heading\" data-id=\"117d8cc\" data-element_type=\"widget\" data-widget_type=\"heading.default\">\n\t\t\t\t\t<h3 class=\"elementor-heading-title elementor-size-default\">Diam\u00e8tre<\/h3>\t\t\t\t<\/div>\n\t\t\t\t<div class=\"elementor-element elementor-element-a3bb42f elementor-widget__width-initial elementor-widget-tablet__width-initial elementor-widget elementor-widget-text-editor\" data-id=\"a3bb42f\" data-element_type=\"widget\" data-widget_type=\"text-editor.default\">\n\t\t\t\t\t\t\t\t\t<p dir=\"auto\">26,5\/27\/37\/38\/40 mm<\/p>\t\t\t\t\t\t\t\t<\/div>\n\t\t\t\t<\/div>\n\t\t\t\t<\/div>\n\t\t<div class=\"elementor-element elementor-element-088b797 e-con-full e-flex e-con e-child\" data-id=\"088b797\" data-element_type=\"container\">\n\t\t<div class=\"elementor-element elementor-element-f022dcb e-con-full e-flex e-con e-child\" data-id=\"f022dcb\" data-element_type=\"container\">\n\t\t\t\t<div class=\"elementor-element elementor-element-f998340 elementor-widget elementor-widget-heading\" data-id=\"f998340\" data-element_type=\"widget\" data-widget_type=\"heading.default\">\n\t\t\t\t\t<h3 class=\"elementor-heading-title elementor-size-default\">Coutume<\/h3>\t\t\t\t<\/div>\n\t\t\t\t<div class=\"elementor-element elementor-element-0d53a00 elementor-widget__width-initial elementor-widget-tablet__width-initial elementor-widget elementor-widget-text-editor\" data-id=\"0d53a00\" data-element_type=\"widget\" data-widget_type=\"text-editor.default\">\n\t\t\t\t\t\t\t\t\t<p>Tailles personnalis\u00e9es accept\u00e9es<\/p>\t\t\t\t\t\t\t\t<\/div>\n\t\t\t\t<\/div>\n\t\t<div class=\"elementor-element elementor-element-9bd2a0d e-con-full e-flex e-con e-child\" data-id=\"9bd2a0d\" data-element_type=\"container\">\n\t\t\t\t<div class=\"elementor-element elementor-element-0346712 elementor-widget elementor-widget-heading\" data-id=\"0346712\" data-element_type=\"widget\" data-widget_type=\"heading.default\">\n\t\t\t\t\t<h3 class=\"elementor-heading-title elementor-size-default\">MOQ<\/h3>\t\t\t\t<\/div>\n\t\t\t\t<div class=\"elementor-element elementor-element-a547487 elementor-widget__width-initial elementor-widget-tablet__width-initial elementor-widget elementor-widget-text-editor\" data-id=\"a547487\" data-element_type=\"widget\" data-widget_type=\"text-editor.default\">\n\t\t\t\t\t\t\t\t\t<p>10 000 pi\u00e8ces<\/p>\t\t\t\t\t\t\t\t<\/div>\n\t\t\t\t<\/div>\n\t\t\t\t<\/div>\n\t\t<div class=\"elementor-element elementor-element-8ba6325 e-con-full e-flex e-con e-child\" data-id=\"8ba6325\" data-element_type=\"container\">\n\t\t\t\t<div class=\"elementor-element elementor-element-17c8ba7 elementor-widget-divider--view-line elementor-widget elementor-widget-divider\" data-id=\"17c8ba7\" data-element_type=\"widget\" data-widget_type=\"divider.default\">\n\t\t\t\t\t\t\t<div class=\"elementor-divider\">\n\t\t\t<span class=\"elementor-divider-separator\">\n\t\t\t\t\t\t<\/span>\n\t\t<\/div>\n\t\t\t\t\t\t<\/div>\n\t\t\t\t<\/div>\n\t\t\t\t<div class=\"elementor-element elementor-element-d639589 elementor-mobile-align-left elementor-align-right elementor-widget elementor-widget-button\" data-id=\"d639589\" data-element_type=\"widget\" data-widget_type=\"button.default\">\n\t\t\t\t\t\t\t\t\t\t<a class=\"elementor-button elementor-button-link elementor-size-sm\" href=\"#elementor-action%3Aaction%3Dpopup%3Aopen%26settings%3DeyJpZCI6IjE0MTMyIiwidG9nZ2xlIjpmYWxzZX0%3D\" target=\"_blank\">\n\t\t\t\t\t\t<span class=\"elementor-button-content-wrapper\">\n\t\t\t\t\t\t<span class=\"elementor-button-icon\">\n\t\t\t\t<svg aria-hidden=\"true\" class=\"e-font-icon-svg e-fas-arrow-right\" viewbox=\"0 0 448 512\" xmlns=\"http:\/\/www.w3.org\/2000\/svg\"><path d=\"M190.5 66.9l22.2-22.2c9.4-9.4 24.6-9.4 33.9 0L441 239c9.4 9.4 9.4 24.6 0 33.9L246.6 467.3c-9.4 9.4-24.6 9.4-33.9 0l-22.2-22.2c-9.5-9.5-9.3-25 .4-34.3L311.4 296H24c-13.3 0-24-10.7-24-24v-32c0-13.3 10.7-24 24-24h287.4L190.9 101.2c-9.8-9.3-10-24.8-.4-34.3z\"><\/path><\/svg>\t\t\t<\/span>\n\t\t\t\t\t\t\t\t\t<span class=\"elementor-button-text\">Contactez-nous<\/span>\n\t\t\t\t\t<\/span>\n\t\t\t\t\t<\/a>\n\t\t\t\t\t\t\t\t<\/div>\n\t\t\t\t<\/div>\n\t\t\t\t<\/div>\n\t\t\t\t\t<\/div>\n\t\t\t\t<\/div>\n\t\t<div class=\"elementor-element elementor-element-50a6d63 e-flex e-con-boxed e-con e-parent\" data-id=\"50a6d63\" data-element_type=\"container\" data-settings=\"{&quot;background_background&quot;:&quot;classic&quot;}\">\n\t\t\t\t\t<div class=\"e-con-inner\">\n\t\t<div class=\"elementor-element elementor-element-3d1e0f1 e-con-full e-flex e-con e-child\" data-id=\"3d1e0f1\" data-element_type=\"container\">\n\t\t\t\t<div class=\"elementor-element elementor-element-0dfa1ec elementor-skin-carousel elementor-arrows-yes elementor-widget elementor-widget-media-carousel\" data-id=\"0dfa1ec\" data-element_type=\"widget\" data-settings=\"{&quot;lazyload&quot;:&quot;yes&quot;,&quot;slides_per_view&quot;:&quot;2&quot;,&quot;space_between&quot;:{&quot;unit&quot;:&quot;px&quot;,&quot;size&quot;:25,&quot;sizes&quot;:[]},&quot;slides_per_view_tablet&quot;:&quot;1&quot;,&quot;skin&quot;:&quot;carousel&quot;,&quot;effect&quot;:&quot;slide&quot;,&quot;show_arrows&quot;:&quot;yes&quot;,&quot;speed&quot;:500,&quot;autoplay&quot;:&quot;yes&quot;,&quot;autoplay_speed&quot;:5000,&quot;loop&quot;:&quot;yes&quot;,&quot;pause_on_hover&quot;:&quot;yes&quot;,&quot;pause_on_interaction&quot;:&quot;yes&quot;,&quot;space_between_tablet&quot;:{&quot;unit&quot;:&quot;px&quot;,&quot;size&quot;:10,&quot;sizes&quot;:[]},&quot;space_between_mobile&quot;:{&quot;unit&quot;:&quot;px&quot;,&quot;size&quot;:10,&quot;sizes&quot;:[]}}\" data-widget_type=\"media-carousel.default\">\n\t\t\t\t\t\t\t\t\t\t<div class=\"elementor-main-swiper swiper\" role=\"region\" aria-roledescription=\"carousel\" aria-label=\"Diapositives\">\n\t\t\t\t<div class=\"swiper-wrapper\">\n\t\t\t\t\t\t\t\t\t\t\t<div class=\"swiper-slide\" role=\"group\" aria-roledescription=\"slide\">\n\t\t\t\t\t\t\t<a href=\"https:\/\/www.cnshining.com\/wp-content\/uploads\/2025\/10\/Aluminium-Chaff-Cartridge-1.webp\" data-elementor-open-lightbox=\"yes\" data-elementor-lightbox-slideshow=\"0dfa1ec\" data-elementor-lightbox-title=\"Aluminium Chaff Cartridge\" data-e-action-hash=\"#elementor-action%3Aaction%3Dlightbox%26settings%3DeyJpZCI6MzA1MDAsInVybCI6Imh0dHBzOlwvXC93d3cuY25zaGluaW5nLmNvbVwvd3AtY29udGVudFwvdXBsb2Fkc1wvMjAyNVwvMTBcL0FsdW1pbml1bS1DaGFmZi1DYXJ0cmlkZ2UtMS53ZWJwIiwic2xpZGVzaG93IjoiMGRmYTFlYyJ9\">\t\t<div class=\"elementor-carousel-image swiper-lazy\" role=\"img\" aria-label=\"Cartouche de paille en aluminium\" data-background=\"https:\/\/www.cnshining.com\/wp-content\/uploads\/2025\/10\/Aluminium-Chaff-Cartridge-1.webp\">\n\n\t\t\t\t\t\t\t<div class=\"swiper-lazy-preloader\"><\/div>\n\t\t\t\n\t\t\t\t\t<\/div>\n\t\t<\/a>\t\t\t\t\t\t<\/div>\n\t\t\t\t\t\t\t\t\t\t\t<div class=\"swiper-slide\" role=\"group\" aria-roledescription=\"slide\">\n\t\t\t\t\t\t\t<a href=\"https:\/\/www.cnshining.com\/wp-content\/uploads\/2025\/10\/Aluminum-37-38-40mm-CS-Cartridge.webp\" data-elementor-open-lightbox=\"yes\" data-elementor-lightbox-slideshow=\"0dfa1ec\" data-elementor-lightbox-title=\"Aluminum 37 38 40mm CS Cartridge\" data-e-action-hash=\"#elementor-action%3Aaction%3Dlightbox%26settings%3DeyJpZCI6MzA0MTcsInVybCI6Imh0dHBzOlwvXC93d3cuY25zaGluaW5nLmNvbVwvd3AtY29udGVudFwvdXBsb2Fkc1wvMjAyNVwvMTBcL0FsdW1pbnVtLTM3LTM4LTQwbW0tQ1MtQ2FydHJpZGdlLndlYnAiLCJzbGlkZXNob3ciOiIwZGZhMWVjIn0%3D\">\t\t<div class=\"elementor-carousel-image swiper-lazy\" role=\"img\" aria-label=\"Cartouche CS en aluminium 37 38 40 mm\" data-background=\"https:\/\/www.cnshining.com\/wp-content\/uploads\/2025\/10\/Aluminum-37-38-40mm-CS-Cartridge.webp\">\n\n\t\t\t\t\t\t\t<div class=\"swiper-lazy-preloader\"><\/div>\n\t\t\t\n\t\t\t\t\t<\/div>\n\t\t<\/a>\t\t\t\t\t\t<\/div>\n\t\t\t\t\t\t\t\t\t<\/div>\n\t\t\t\t\t\t\t\t\t\t\t\t\t\t\t<div class=\"elementor-swiper-button elementor-swiper-button-prev\" role=\"button\" tabindex=\"0\" aria-label=\"Pr\u00e9c\u00e9dent\">\n\t\t\t\t\t\t\t<svg aria-hidden=\"true\" class=\"e-font-icon-svg e-eicon-chevron-left\" viewbox=\"0 0 1000 1000\" xmlns=\"http:\/\/www.w3.org\/2000\/svg\"><path d=\"M646 125C629 125 613 133 604 142L308 442C296 454 292 471 292 487 292 504 296 521 308 533L604 854C617 867 629 875 646 875 663 875 679 871 692 858 704 846 713 829 713 812 713 796 708 779 692 767L438 487 692 225C700 217 708 204 708 187 708 171 704 154 692 142 675 129 663 125 646 125Z\"><\/path><\/svg>\t\t\t\t\t\t<\/div>\n\t\t\t\t\t\t<div class=\"elementor-swiper-button elementor-swiper-button-next\" role=\"button\" tabindex=\"0\" aria-label=\"Suivant\">\n\t\t\t\t\t\t\t<svg aria-hidden=\"true\" class=\"e-font-icon-svg e-eicon-chevron-right\" viewbox=\"0 0 1000 1000\" xmlns=\"http:\/\/www.w3.org\/2000\/svg\"><path d=\"M696 533C708 521 713 504 713 487 713 471 708 454 696 446L400 146C388 133 375 125 354 125 338 125 325 129 313 142 300 154 292 171 292 187 292 204 296 221 308 233L563 492 304 771C292 783 288 800 288 817 288 833 296 850 308 863 321 871 338 875 354 875 371 875 388 867 400 854L696 533Z\"><\/path><\/svg>\t\t\t\t\t\t<\/div>\n\t\t\t\t\t\t\t\t\t\t\t\t\t\t\t\t\t<\/div>\n\t\t\t\t\t\t\t\t<\/div>\n\t\t\t\t<\/div>\n\t\t\t\t\t<\/div>\n\t\t\t\t<\/div>\n\t\t<div class=\"elementor-element elementor-element-8b1f06f e-flex e-con-boxed e-con e-parent\" data-id=\"8b1f06f\" data-element_type=\"container\">\n\t\t\t\t\t<div class=\"e-con-inner\">\n\t\t<div class=\"elementor-element elementor-element-02e11cb e-con-full e-flex e-con e-child\" data-id=\"02e11cb\" data-element_type=\"container\">\n\t\t<div class=\"elementor-element elementor-element-cf4dd68 e-con-full e-flex e-con e-child\" data-id=\"cf4dd68\" data-element_type=\"container\">\n\t\t\t\t<div class=\"elementor-element elementor-element-968dd0b truncate-text elementor-widget elementor-widget-text-editor\" data-id=\"968dd0b\" data-element_type=\"widget\" data-widget_type=\"text-editor.default\">\n\t\t\t\t\t\t\t\t\t<h2>Qu&#039;est-ce qu&#039;une cartouche de paille en aluminium\u00a0?<\/h2><p>Une cartouche de leurres est un dispositif utilis\u00e9 pour contrer les missiles ou les a\u00e9ronefs ennemis en lib\u00e9rant dans l&#039;air un nuage de fines particules m\u00e9talliques, appel\u00e9es paillettes. Ces paillettes perturbent les missiles \u00e0 guidage radar en r\u00e9fl\u00e9chissant leurs signaux radar, ce qui les emp\u00eache de suivre leur cible. Les cartouches de leurres sont g\u00e9n\u00e9ralement install\u00e9es sur les a\u00e9ronefs et les navires militaires.<\/p><p>Les paillettes ont \u00e9t\u00e9 utilis\u00e9es pour la premi\u00e8re fois pendant la Seconde Guerre mondiale et, depuis, sous diverses formes, par les forces arm\u00e9es du monde entier. L&#039;arm\u00e9e am\u00e9ricaine utilise actuellement un type de paillettes appel\u00e9 cartouches CDS (Countermeasure Dispensing System). Ces cartouches sont con\u00e7ues pour \u00eatre largu\u00e9es \u00e0 partir de points pr\u00e9cis de l&#039;a\u00e9ronef, en fonction de la direction de la menace.<\/p><p>Le leurre est une contre-mesure efficace contre les missiles \u00e0 guidage radar, mais il n&#039;est pas infaillible.<\/p><h2>Utilisation dans l&#039;histoire<\/h2><p>Durant la Seconde Guerre mondiale, les Britanniques mirent au point le syst\u00e8me \u201d\u00a0Fen\u00eatre\u00a0\u201d, qui larguait des bandes d&#039;aluminium pour d\u00e9jouer les bombes allemandes \u00e0 guidage radar. Les \u00c9tats-Unis utilis\u00e8rent \u00e9galement des paillettes pendant ce conflit, et l&#039;arm\u00e9e am\u00e9ricaine continue de les employer aujourd&#039;hui comme moyen de d\u00e9fense contre les missiles et autres menaces.<\/p><h2>Utilisation actuelle<\/h2><p>La cartouche de leurres est un type de munition utilis\u00e9e dans les canons antia\u00e9riens. Elle est \u00e9galement employ\u00e9e dans certains missiles \u00e0 guidage radar. Cette cartouche se compose d&#039;un conteneur contenant de fines lamelles ou fibres m\u00e9talliques. Lors du tir, ces lamelles sont projet\u00e9es dans l&#039;air et r\u00e9fl\u00e9chissent les signaux radar, simulant ainsi la pr\u00e9sence de nombreuses cibles. Il devient alors plus difficile pour les avions ou missiles ennemis de les attaquer.<\/p><h2>Avantages et inconv\u00e9nients de l&#039;utilisation d&#039;une cartouche de paille en aluminium<\/h2><p>Les cartouches de leurres en aluminium sont utilis\u00e9es dans des applications militaires et civiles pour contrer les missiles \u00e0 guidage radar. Ces cartouches contiennent des milliers de fines lamelles d&#039;aluminium projet\u00e9es dans l&#039;air par une petite charge explosive. Ces lamelles r\u00e9fl\u00e9chissent les signaux radar, perturbant ainsi le syst\u00e8me de guidage du missile et l&#039;emp\u00eachant d&#039;atteindre sa cible.<\/p><p>L&#039;utilisation de cartouches de paillettes en aluminium pr\u00e9sente plusieurs avantages. Elles sont peu co\u00fbteuses, faciles \u00e0 utiliser et efficaces contre la plupart des missiles \u00e0 guidage radar. De plus, les paillettes ne pr\u00e9sentent que peu de danger pour les a\u00e9ronefs ou le personnel amis, car elles retombent rapidement au sol apr\u00e8s leur d\u00e9ploiement.<\/p><p>L&#039;utilisation de paillettes pr\u00e9sente \u00e9galement certains inconv\u00e9nients. Par exemple, elles peuvent \u00eatre renvoy\u00e9es vers les forces amies par des vents forts, ce qui risque de causer des dommages ou des blessures. De plus, les paillettes peuvent obstruer les moteurs et d&#039;autres \u00e9quipements sensibles si elles ne sont pas d\u00e9ploy\u00e9es correctement.<\/p><h2>Conclusion<\/h2><p>Vous recherchez un fabricant et fournisseur fiable de cartouches de paille en aluminium en Chine\u00a0? Ne cherchez plus\u00a0! Nous proposons des produits de haute qualit\u00e9 \u00e0 des prix comp\u00e9titifs. Contactez-nous d\u00e8s aujourd\u2019hui pour en savoir plus.<\/p>\t\t\t\t\t\t\t\t<\/div>\n\t\t\t\t<\/div>\n\t\t\t\t<\/div>\n\t\t\t\t\t<\/div>\n\t\t\t\t<\/div>\n\t\t\t\t<\/div>","protected":false},"excerpt":{"rendered":"<p>Douilles vides en aluminium usin\u00e9es CNC avec pr\u00e9cision, calibres 26,5\/27\/37\/38\/40 mm. Non charg\u00e9es, sans amorce ni poudre, pour le rechargement de munitions fumig\u00e8nes, \u00e9clairantes ou \u00e0 paillettes. Quantit\u00e9 minimale de commande\u00a0: 10\u00a0000 unit\u00e9s. Fournisseur OEM de longueurs personnalis\u00e9es.<\/p>","protected":false},"author":1,"featured_media":30916,"parent":0,"menu_order":0,"comment_status":"closed","ping_status":"closed","template":"","meta":{"footnotes":""},"class_list":["post-15251","page","type-page","status-publish","has-post-thumbnail","hentry"],"_links":{"self":[{"href":"https:\/\/www.cnshining.com\/fr\/wp-json\/wp\/v2\/pages\/15251","targetHints":{"allow":["GET"]}}],"collection":[{"href":"https:\/\/www.cnshining.com\/fr\/wp-json\/wp\/v2\/pages"}],"about":[{"href":"https:\/\/www.cnshining.com\/fr\/wp-json\/wp\/v2\/types\/page"}],"author":[{"embeddable":true,"href":"https:\/\/www.cnshining.com\/fr\/wp-json\/wp\/v2\/users\/1"}],"replies":[{"embeddable":true,"href":"https:\/\/www.cnshining.com\/fr\/wp-json\/wp\/v2\/comments?post=15251"}],"version-history":[{"count":0,"href":"https:\/\/www.cnshining.com\/fr\/wp-json\/wp\/v2\/pages\/15251\/revisions"}],"wp:featuredmedia":[{"embeddable":true,"href":"https:\/\/www.cnshining.com\/fr\/wp-json\/wp\/v2\/media\/30916"}],"wp:attachment":[{"href":"https:\/\/www.cnshining.com\/fr\/wp-json\/wp\/v2\/media?parent=15251"}],"curies":[{"name":"wp","href":"https:\/\/api.w.org\/{rel}","templated":true}]}}