{"id":15604,"date":"2022-12-14T06:49:47","date_gmt":"2022-12-14T06:49:47","guid":{"rendered":"https:\/\/www.cnshining.com\/?page_id=15604"},"modified":"2025-12-23T02:02:25","modified_gmt":"2025-12-23T02:02:25","slug":"cartouche-aluminium-pour-fusees-26-5mm","status":"publish","type":"page","link":"https:\/\/www.cnshining.com\/fr\/cartouche-aluminium-pour-fusees-26-5mm","title":{"rendered":"Cartouches de fus\u00e9e \u00e9clairante en aluminium de 26,5 mm"},"content":{"rendered":"<div data-elementor-type=\"wp-page\" data-elementor-id=\"15604\" class=\"elementor elementor-15604\" data-elementor-post-type=\"page\">\n\t\t\t\t<div class=\"elementor-element elementor-element-980d8c6 e-flex e-con-boxed e-con e-parent\" data-id=\"980d8c6\" data-element_type=\"container\" data-settings=\"{&quot;background_background&quot;:&quot;classic&quot;}\">\n\t\t\t\t\t<div class=\"e-con-inner\">\n\t\t\t\t<div class=\"elementor-element elementor-element-5d7284d elementor-icon-list--layout-inline elementor-align-center elementor-list-item-link-full_width elementor-widget elementor-widget-icon-list\" data-id=\"5d7284d\" data-element_type=\"widget\" data-widget_type=\"icon-list.default\">\n\t\t\t\t\t\t\t<ul class=\"elementor-icon-list-items elementor-inline-items\">\n\t\t\t\t\t\t\t<li class=\"elementor-icon-list-item elementor-inline-item\">\n\t\t\t\t\t\t\t\t\t\t\t<a href=\"https:\/\/www.cnshining.com\/fr\" target=\"_blank\">\n\n\t\t\t\t\t\t\t\t\t\t\t\t<span class=\"elementor-icon-list-icon\">\n\t\t\t\t\t\t\t<svg aria-hidden=\"true\" class=\"e-font-icon-svg e-fas-home\" viewbox=\"0 0 576 512\" xmlns=\"http:\/\/www.w3.org\/2000\/svg\"><path d=\"M280.37 148.26L96 300.11V464a16 16 0 0 0 16 16l112.06-.29a16 16 0 0 0 15.92-16V368a16 16 0 0 1 16-16h64a16 16 0 0 1 16 16v95.64a16 16 0 0 0 16 16.05L464 480a16 16 0 0 0 16-16V300L295.67 148.26a12.19 12.19 0 0 0-15.3 0zM571.6 251.47L488 182.56V44.05a12 12 0 0 0-12-12h-56a12 12 0 0 0-12 12v72.61L318.47 43a48 48 0 0 0-61 0L4.34 251.47a12 12 0 0 0-1.6 16.9l25.5 31A12 12 0 0 0 45.15 301l235.22-193.74a12.19 12.19 0 0 1 15.3 0L530.9 301a12 12 0 0 0 16.9-1.6l25.5-31a12 12 0 0 0-1.7-16.93z\"><\/path><\/svg>\t\t\t\t\t\t<\/span>\n\t\t\t\t\t\t\t\t\t\t<span class=\"elementor-icon-list-text\">Maison \/<\/span>\n\t\t\t\t\t\t\t\t\t\t\t<\/a>\n\t\t\t\t\t\t\t\t\t<\/li>\n\t\t\t\t\t\t\t\t<li class=\"elementor-icon-list-item elementor-inline-item\">\n\t\t\t\t\t\t\t\t\t\t\t<a href=\"https:\/\/www.cnshining.com\/fr\/cartouche-non-letale\/\" target=\"_blank\">\n\n\t\t\t\t\t\t\t\t\t\t\t<span class=\"elementor-icon-list-text\">Cartouche non l\u00e9tale\/<\/span>\n\t\t\t\t\t\t\t\t\t\t\t<\/a>\n\t\t\t\t\t\t\t\t\t<\/li>\n\t\t\t\t\t\t<\/ul>\n\t\t\t\t\t\t<\/div>\n\t\t\t\t\t<\/div>\n\t\t\t\t<\/div>\n\t\t<div class=\"elementor-element elementor-element-112e894 e-flex e-con-boxed e-con e-parent\" data-id=\"112e894\" data-element_type=\"container\" data-settings=\"{&quot;background_background&quot;:&quot;classic&quot;}\">\n\t\t\t\t\t<div class=\"e-con-inner\">\n\t\t<div class=\"elementor-element elementor-element-c31d3a2 e-con-full e-flex e-con e-child\" data-id=\"c31d3a2\" data-element_type=\"container\">\n\t\t<div class=\"elementor-element elementor-element-04e0664 e-con-full e-flex e-con e-child\" data-id=\"04e0664\" data-element_type=\"container\">\n\t\t\t\t<div class=\"elementor-element elementor-element-1a56b99 elementor-widget elementor-widget-image\" data-id=\"1a56b99\" data-element_type=\"widget\" data-widget_type=\"image.default\">\n\t\t\t\t\t\t\t\t\t\t\t\t\t\t\t<img fetchpriority=\"high\" decoding=\"async\" width=\"1000\" height=\"1000\" src=\"https:\/\/www.cnshining.com\/wp-content\/uploads\/2025\/11\/Aluminium-Cartridge-For-26.5mm-Flares.webp\" class=\"attachment-large size-large wp-image-31837\" alt=\"Cartouche en aluminium pour fus\u00e9es \u00e9clairantes de 26,5 mm\" title=\"\">\t\t\t\t\t\t\t\t\t\t\t\t\t\t\t<\/div>\n\t\t\t\t<\/div>\n\t\t<div class=\"elementor-element elementor-element-5ac2bb3 e-con-full e-flex e-con e-child\" data-id=\"5ac2bb3\" data-element_type=\"container\">\n\t\t<div class=\"elementor-element elementor-element-cf879ea e-con-full e-flex e-con e-child\" data-id=\"cf879ea\" data-element_type=\"container\">\n\t\t<div class=\"elementor-element elementor-element-e0a7cae e-con-full e-flex e-con e-child\" data-id=\"e0a7cae\" data-element_type=\"container\">\n\t\t\t\t<div class=\"elementor-element elementor-element-dc9db9e elementor-widget elementor-widget-heading\" data-id=\"dc9db9e\" data-element_type=\"widget\" data-widget_type=\"heading.default\">\n\t\t\t\t\t<h3 class=\"elementor-heading-title elementor-size-default\">Mat\u00e9riel<\/h3>\t\t\t\t<\/div>\n\t\t\t\t<div class=\"elementor-element elementor-element-1113cc5 elementor-widget__width-initial elementor-widget-tablet__width-initial elementor-widget elementor-widget-text-editor\" data-id=\"1113cc5\" data-element_type=\"widget\" data-widget_type=\"text-editor.default\">\n\t\t\t\t\t\t\t\t\t<p>Alliage d&#039;aluminium<\/p>\t\t\t\t\t\t\t\t<\/div>\n\t\t\t\t<\/div>\n\t\t<div class=\"elementor-element elementor-element-c6172e1 e-con-full e-flex e-con e-child\" data-id=\"c6172e1\" data-element_type=\"container\">\n\t\t\t\t<div class=\"elementor-element elementor-element-17f3cf8 elementor-widget elementor-widget-heading\" data-id=\"17f3cf8\" data-element_type=\"widget\" data-widget_type=\"heading.default\">\n\t\t\t\t\t<h3 class=\"elementor-heading-title elementor-size-default\">Diam\u00e8tre<\/h3>\t\t\t\t<\/div>\n\t\t\t\t<div class=\"elementor-element elementor-element-3ed213d elementor-widget__width-initial elementor-widget-tablet__width-initial elementor-widget elementor-widget-text-editor\" data-id=\"3ed213d\" data-element_type=\"widget\" data-widget_type=\"text-editor.default\">\n\t\t\t\t\t\t\t\t\t<p>26,5 mm<\/p>\t\t\t\t\t\t\t\t<\/div>\n\t\t\t\t<\/div>\n\t\t\t\t<\/div>\n\t\t<div class=\"elementor-element elementor-element-a711ec6 e-con-full e-flex e-con e-child\" data-id=\"a711ec6\" data-element_type=\"container\">\n\t\t<div class=\"elementor-element elementor-element-ba8f761 e-con-full e-flex e-con e-child\" data-id=\"ba8f761\" data-element_type=\"container\">\n\t\t\t\t<div class=\"elementor-element elementor-element-7aff87a elementor-widget elementor-widget-heading\" data-id=\"7aff87a\" data-element_type=\"widget\" data-widget_type=\"heading.default\">\n\t\t\t\t\t<h3 class=\"elementor-heading-title elementor-size-default\">MOQ<\/h3>\t\t\t\t<\/div>\n\t\t\t\t<div class=\"elementor-element elementor-element-1efdacf elementor-widget__width-initial elementor-widget-tablet__width-initial elementor-widget elementor-widget-text-editor\" data-id=\"1efdacf\" data-element_type=\"widget\" data-widget_type=\"text-editor.default\">\n\t\t\t\t\t\t\t\t\t<p>10 000 pi\u00e8ces<\/p>\t\t\t\t\t\t\t\t<\/div>\n\t\t\t\t<\/div>\n\t\t<div class=\"elementor-element elementor-element-cff5ca2 e-con-full e-flex e-con e-child\" data-id=\"cff5ca2\" data-element_type=\"container\">\n\t\t\t\t<div class=\"elementor-element elementor-element-603f3e2 elementor-widget elementor-widget-heading\" data-id=\"603f3e2\" data-element_type=\"widget\" data-widget_type=\"heading.default\">\n\t\t\t\t\t<h3 class=\"elementor-heading-title elementor-size-default\">coutume<\/h3>\t\t\t\t<\/div>\n\t\t\t\t<div class=\"elementor-element elementor-element-c91f2be elementor-widget__width-initial elementor-widget-tablet__width-initial elementor-widget elementor-widget-text-editor\" data-id=\"c91f2be\" data-element_type=\"widget\" data-widget_type=\"text-editor.default\">\n\t\t\t\t\t\t\t\t\t<p>Tailles personnalis\u00e9es accept\u00e9es<\/p>\t\t\t\t\t\t\t\t<\/div>\n\t\t\t\t<\/div>\n\t\t\t\t<\/div>\n\t\t\t\t<div class=\"elementor-element elementor-element-9f4f01b elementor-mobile-align-left elementor-align-right elementor-widget elementor-widget-button\" data-id=\"9f4f01b\" data-element_type=\"widget\" data-widget_type=\"button.default\">\n\t\t\t\t\t\t\t\t\t\t<a class=\"elementor-button elementor-button-link elementor-size-sm\" href=\"#elementor-action%3Aaction%3Dpopup%3Aopen%26settings%3DeyJpZCI6IjE0MTMyIiwidG9nZ2xlIjpmYWxzZX0%3D\" target=\"_blank\">\n\t\t\t\t\t\t<span class=\"elementor-button-content-wrapper\">\n\t\t\t\t\t\t<span class=\"elementor-button-icon\">\n\t\t\t\t<svg aria-hidden=\"true\" class=\"e-font-icon-svg e-fas-arrow-right\" viewbox=\"0 0 448 512\" xmlns=\"http:\/\/www.w3.org\/2000\/svg\"><path d=\"M190.5 66.9l22.2-22.2c9.4-9.4 24.6-9.4 33.9 0L441 239c9.4 9.4 9.4 24.6 0 33.9L246.6 467.3c-9.4 9.4-24.6 9.4-33.9 0l-22.2-22.2c-9.5-9.5-9.3-25 .4-34.3L311.4 296H24c-13.3 0-24-10.7-24-24v-32c0-13.3 10.7-24 24-24h287.4L190.9 101.2c-9.8-9.3-10-24.8-.4-34.3z\"><\/path><\/svg>\t\t\t<\/span>\n\t\t\t\t\t\t\t\t\t<span class=\"elementor-button-text\">Contactez-nous<\/span>\n\t\t\t\t\t<\/span>\n\t\t\t\t\t<\/a>\n\t\t\t\t\t\t\t\t<\/div>\n\t\t\t\t<\/div>\n\t\t\t\t<\/div>\n\t\t\t\t\t<\/div>\n\t\t\t\t<\/div>\n\t\t<div class=\"elementor-element elementor-element-94a3fa1 e-flex e-con-boxed e-con e-parent\" data-id=\"94a3fa1\" data-element_type=\"container\" data-settings=\"{&quot;background_background&quot;:&quot;classic&quot;}\">\n\t\t\t\t\t<div class=\"e-con-inner\">\n\t\t<div class=\"elementor-element elementor-element-8fbbe8c e-con-full e-flex e-con e-child\" data-id=\"8fbbe8c\" data-element_type=\"container\">\n\t\t\t\t<div class=\"elementor-element elementor-element-52f3749 elementor-skin-carousel elementor-arrows-yes elementor-widget elementor-widget-media-carousel\" data-id=\"52f3749\" data-element_type=\"widget\" data-settings=\"{&quot;lazyload&quot;:&quot;yes&quot;,&quot;space_between&quot;:{&quot;unit&quot;:&quot;px&quot;,&quot;size&quot;:25,&quot;sizes&quot;:[]},&quot;slides_per_view_tablet&quot;:&quot;1&quot;,&quot;skin&quot;:&quot;carousel&quot;,&quot;effect&quot;:&quot;slide&quot;,&quot;show_arrows&quot;:&quot;yes&quot;,&quot;speed&quot;:500,&quot;autoplay&quot;:&quot;yes&quot;,&quot;autoplay_speed&quot;:5000,&quot;loop&quot;:&quot;yes&quot;,&quot;pause_on_hover&quot;:&quot;yes&quot;,&quot;pause_on_interaction&quot;:&quot;yes&quot;,&quot;space_between_tablet&quot;:{&quot;unit&quot;:&quot;px&quot;,&quot;size&quot;:10,&quot;sizes&quot;:[]},&quot;space_between_mobile&quot;:{&quot;unit&quot;:&quot;px&quot;,&quot;size&quot;:10,&quot;sizes&quot;:[]}}\" data-widget_type=\"media-carousel.default\">\n\t\t\t\t\t\t\t\t\t\t<div class=\"elementor-main-swiper swiper\" role=\"region\" aria-roledescription=\"carousel\" aria-label=\"Diapositives\">\n\t\t\t\t<div class=\"swiper-wrapper\">\n\t\t\t\t\t\t\t\t\t\t\t<div class=\"swiper-slide\" role=\"group\" aria-roledescription=\"slide\">\n\t\t\t\t\t\t\t<a href=\"https:\/\/www.cnshining.com\/wp-content\/uploads\/2025\/10\/Aluminium-Cartridge-For-26.5mm-Flares-1.webp\" data-elementor-open-lightbox=\"yes\" data-elementor-lightbox-slideshow=\"52f3749\" data-elementor-lightbox-title=\"Aluminium Cartridge For 26.5mm Flares\" data-e-action-hash=\"#elementor-action%3Aaction%3Dlightbox%26settings%3DeyJpZCI6MzA0MTYsInVybCI6Imh0dHBzOlwvXC93d3cuY25zaGluaW5nLmNvbVwvd3AtY29udGVudFwvdXBsb2Fkc1wvMjAyNVwvMTBcL0FsdW1pbml1bS1DYXJ0cmlkZ2UtRm9yLTI2LjVtbS1GbGFyZXMtMS53ZWJwIiwic2xpZGVzaG93IjoiNTJmMzc0OSJ9\">\t\t<div class=\"elementor-carousel-image swiper-lazy\" role=\"img\" aria-label=\"Cartouche en aluminium pour fus\u00e9es \u00e9clairantes de 26,5 mm\" data-background=\"https:\/\/www.cnshining.com\/wp-content\/uploads\/2025\/10\/Aluminium-Cartridge-For-26.5mm-Flares-1.webp\">\n\n\t\t\t\t\t\t\t<div class=\"swiper-lazy-preloader\"><\/div>\n\t\t\t\n\t\t\t\t\t<\/div>\n\t\t<\/a>\t\t\t\t\t\t<\/div>\n\t\t\t\t\t\t\t\t\t\t\t<div class=\"swiper-slide\" role=\"group\" aria-roledescription=\"slide\">\n\t\t\t\t\t\t\t<a href=\"https:\/\/www.cnshining.com\/wp-content\/uploads\/2025\/10\/Aluminum-37-38-40mm-CS-Cartridge.webp\" data-elementor-open-lightbox=\"yes\" data-elementor-lightbox-slideshow=\"52f3749\" data-elementor-lightbox-title=\"Aluminum 37 38 40mm CS Cartridge\" data-e-action-hash=\"#elementor-action%3Aaction%3Dlightbox%26settings%3DeyJpZCI6MzA0MTcsInVybCI6Imh0dHBzOlwvXC93d3cuY25zaGluaW5nLmNvbVwvd3AtY29udGVudFwvdXBsb2Fkc1wvMjAyNVwvMTBcL0FsdW1pbnVtLTM3LTM4LTQwbW0tQ1MtQ2FydHJpZGdlLndlYnAiLCJzbGlkZXNob3ciOiI1MmYzNzQ5In0%3D\">\t\t<div class=\"elementor-carousel-image swiper-lazy\" role=\"img\" aria-label=\"Cartouche CS en aluminium 37 38 40 mm\" data-background=\"https:\/\/www.cnshining.com\/wp-content\/uploads\/2025\/10\/Aluminum-37-38-40mm-CS-Cartridge.webp\">\n\n\t\t\t\t\t\t\t<div class=\"swiper-lazy-preloader\"><\/div>\n\t\t\t\n\t\t\t\t\t<\/div>\n\t\t<\/a>\t\t\t\t\t\t<\/div>\n\t\t\t\t\t\t\t\t\t<\/div>\n\t\t\t\t\t\t\t\t\t\t\t\t\t\t\t<div class=\"elementor-swiper-button elementor-swiper-button-prev\" role=\"button\" tabindex=\"0\" aria-label=\"Pr\u00e9c\u00e9dent\">\n\t\t\t\t\t\t\t<svg aria-hidden=\"true\" class=\"e-font-icon-svg e-eicon-chevron-left\" viewbox=\"0 0 1000 1000\" xmlns=\"http:\/\/www.w3.org\/2000\/svg\"><path d=\"M646 125C629 125 613 133 604 142L308 442C296 454 292 471 292 487 292 504 296 521 308 533L604 854C617 867 629 875 646 875 663 875 679 871 692 858 704 846 713 829 713 812 713 796 708 779 692 767L438 487 692 225C700 217 708 204 708 187 708 171 704 154 692 142 675 129 663 125 646 125Z\"><\/path><\/svg>\t\t\t\t\t\t<\/div>\n\t\t\t\t\t\t<div class=\"elementor-swiper-button elementor-swiper-button-next\" role=\"button\" tabindex=\"0\" aria-label=\"Suivant\">\n\t\t\t\t\t\t\t<svg aria-hidden=\"true\" class=\"e-font-icon-svg e-eicon-chevron-right\" viewbox=\"0 0 1000 1000\" xmlns=\"http:\/\/www.w3.org\/2000\/svg\"><path d=\"M696 533C708 521 713 504 713 487 713 471 708 454 696 446L400 146C388 133 375 125 354 125 338 125 325 129 313 142 300 154 292 171 292 187 292 204 296 221 308 233L563 492 304 771C292 783 288 800 288 817 288 833 296 850 308 863 321 871 338 875 354 875 371 875 388 867 400 854L696 533Z\"><\/path><\/svg>\t\t\t\t\t\t<\/div>\n\t\t\t\t\t\t\t\t\t\t\t\t\t\t\t\t\t<\/div>\n\t\t\t\t\t\t\t\t<\/div>\n\t\t\t\t<\/div>\n\t\t\t\t\t<\/div>\n\t\t\t\t<\/div>\n\t\t<div class=\"elementor-element elementor-element-3affb2c e-flex e-con-boxed e-con e-parent\" data-id=\"3affb2c\" data-element_type=\"container\">\n\t\t\t\t\t<div class=\"e-con-inner\">\n\t\t<div class=\"elementor-element elementor-element-d3b4749 e-con-full e-flex e-con e-child\" data-id=\"d3b4749\" data-element_type=\"container\">\n\t\t<div class=\"elementor-element elementor-element-4923882 e-con-full e-flex e-con e-child\" data-id=\"4923882\" data-element_type=\"container\">\n\t\t\t\t<div class=\"elementor-element elementor-element-4b45c9a truncate-text elementor-widget elementor-widget-text-editor\" data-id=\"4b45c9a\" data-element_type=\"widget\" data-widget_type=\"text-editor.default\">\n\t\t\t\t\t\t\t\t\t<p>La cartouche en aluminium pour fus\u00e9es \u00e9clairantes de 26,5 mm est un \u00e9quipement indispensable pour tout tireur utilisant des munitions de 26,5 mm sur le terrain. Con\u00e7ue sp\u00e9cifiquement pour s&#039;adapter \u00e0 l&#039;adaptateur de fus\u00e9e \u00e9clairante de 26,5 mm, elle offre une puissance de feu fiable et pr\u00e9cise en toutes circonstances. Sa fabrication en aluminium lui conf\u00e8re une durabilit\u00e9 maximale, tandis que sa l\u00e9g\u00e8ret\u00e9 facilite son transport et son rangement.<\/p><h2>Histoire : Origines et d\u00e9veloppement<\/h2><p>L&#039;utilisation des pistolets lance-fus\u00e9es de 26,5 mm et de leurs adaptateurs ult\u00e9rieurs a une longue histoire qui remonte au d\u00e9but du XIXe si\u00e8cle. La premi\u00e8re utilisation document\u00e9e de ces armes, \u00e9galement appel\u00e9es pistolets de signalisation, date de 1820, lorsqu&#039;elles furent employ\u00e9es par les troupes britanniques stationn\u00e9es en Inde pendant le conflit. Les fus\u00e9es \u00e9clairantes \u00e9taient tir\u00e9es pour donner l&#039;alerte ou signaler une situation d&#039;urgence aux troupes avoisinantes. Avant l&#039;invention des cartouches, ces armes fonctionnaient \u00e0 la poudre et \u00e0 la bourre.<\/p><p>Tout au long de son \u00e9volution, le pistolet lance-fus\u00e9es de 26,5 mm a \u00e9t\u00e9 adapt\u00e9 pour s&#039;adapter \u00e0 diff\u00e9rents types de munitions, notamment des cartouches \u00e0 blanc, des balles tra\u00e7antes et d&#039;autres types qui peuvent \u00eatre facilement charg\u00e9es dans des cartouches gr\u00e2ce \u00e0 un adaptateur en aluminium con\u00e7u \u00e0 cet effet.<\/p><h2>Description : Conception et construction<\/h2><p>Les fus\u00e9es \u00e9clairantes de 26,5 mm sont con\u00e7ues pour \u00eatre utilis\u00e9es dans diverses situations, comme les signaux de d\u00e9tresse et les tirs de sommation. Leur conception et leur fabrication sont essentielles pour garantir leur efficacit\u00e9 dans ces cas de figure.<\/p><p>La cartouche pour fus\u00e9es \u00e9clairantes de 26,5 mm se compose d&#039;un corps en aluminium contenant la charge propulsive et le noyau de la fus\u00e9e, d&#039;un adaptateur avec un m\u00e9canisme de d\u00e9clenchement qui lib\u00e8re la fus\u00e9e lors du tir, ainsi que d&#039;un \u00e9cran thermique prot\u00e9geant des flammes projet\u00e9es. La cartouche est \u00e9galement dot\u00e9e d&#039;un syst\u00e8me d&#039;allumage utilisant des signaux \u00e9lectriques transmis par des charges pyrotechniques pour enflammer la charge propulsive.<\/p><h2>Utilisations : Diverses applications<\/h2><p>La cartouche en aluminium pour fus\u00e9es \u00e9clairantes de 26,5 mm est un outil polyvalent et fiable, utilisable dans diverses situations. Particuli\u00e8rement efficaces pour produire des fus\u00e9es \u00e9clairantes, ces cartouches sont id\u00e9ales pour les op\u00e9rations de recherche et de sauvetage ainsi que pour les activit\u00e9s de loisirs. Elles sont \u00e9galement utilis\u00e9es dans le domaine militaire pour fournir des marqueurs visuels et des sources d&#039;\u00e9clairage fiables sur le champ de bataille.<\/p><p>Les cartouches de fus\u00e9e \u00e9clairante de 26,5 mm sont fabriqu\u00e9es en aluminium et b\u00e9n\u00e9ficient d&#039;une ing\u00e9nierie de pointe et de mat\u00e9riaux sp\u00e9cialis\u00e9s, ce qui leur conf\u00e8re une grande qualit\u00e9, une durabilit\u00e9 et une fiabilit\u00e9 \u00e0 toute \u00e9preuve, m\u00eame dans des conditions climatiques extr\u00eames. Leur polyvalence les rend particuli\u00e8rement recherch\u00e9es, car elles peuvent \u00eatre utilis\u00e9es de jour comme de nuit.<\/p><h2>Avantages : Efficacit\u00e9 et s\u00e9curit\u00e9<\/h2><p>La cartouche en aluminium pour fus\u00e9es \u00e9clairantes de 26,5 mm est un accessoire essentiel pour illuminer le ciel nocturne au moyen de divers signaux et messages lumineux. Ce dispositif unique offre de nombreux avantages, notamment une efficacit\u00e9 et une s\u00e9curit\u00e9 accrues, aux personnes qui l&#039;utilisent dans leurs activit\u00e9s de signalisation.<\/p><h2>Conclusion<\/h2><p>L&#039;article conclut que les cartouches en aluminium pour fus\u00e9es \u00e9clairantes de 26,5 mm constituent une solution efficace et fiable pour l&#039;\u00e9clairage et la signalisation par fum\u00e9e en cas d&#039;urgence. Con\u00e7ues pour \u00eatre \u00e0 la fois l\u00e9g\u00e8res et r\u00e9sistantes, ces cartouches sont id\u00e9ales pour ceux qui ont besoin de dispositifs de signalisation portables. De plus, leur co\u00fbt relativement faible compar\u00e9 \u00e0 d&#039;autres types de dispositifs de signalisation en fait une solution \u00e9conomique pour communiquer en situation de d\u00e9tresse.<\/p><p>De mani\u00e8re g\u00e9n\u00e9rale, la cartouche en aluminium pour fus\u00e9es \u00e9clairantes de 26,5 mm offre un moyen de communication fiable et efficace en cas de d\u00e9tresse ou de danger. Gr\u00e2ce \u00e0 leur conception et aux mat\u00e9riaux de qualit\u00e9 sup\u00e9rieure utilis\u00e9s lors de leur fabrication, elles peuvent \u00eatre utilis\u00e9es aussi bien comme fus\u00e9es \u00e9clairantes que comme signaux de fum\u00e9e, ce qui les rend id\u00e9ales pour toute situation n\u00e9cessitant une intervention imm\u00e9diate des personnes \u00e0 proximit\u00e9.<\/p>\t\t\t\t\t\t\t\t<\/div>\n\t\t\t\t<\/div>\n\t\t\t\t<\/div>\n\t\t\t\t\t<\/div>\n\t\t\t\t<\/div>\n\t\t\t\t<\/div>","protected":false},"excerpt":{"rendered":"<p>Cartouches de fus\u00e9e \u00e9clairante en aluminium usin\u00e9 CNC de 26,5 mm pour pistolet\/lance-fus\u00e9es de signalisation. Rouge\/blanc\/vert\/parachute, d\u00e9tresse maritime et usage militaire. Quantit\u00e9 minimale de commande\u00a0: 10\u00a0000 unit\u00e9s. Longueur et couleur personnalis\u00e9es accept\u00e9es.<\/p>","protected":false},"author":1,"featured_media":31837,"parent":0,"menu_order":0,"comment_status":"closed","ping_status":"closed","template":"","meta":{"footnotes":""},"class_list":["post-15604","page","type-page","status-publish","has-post-thumbnail","hentry"],"_links":{"self":[{"href":"https:\/\/www.cnshining.com\/fr\/wp-json\/wp\/v2\/pages\/15604","targetHints":{"allow":["GET"]}}],"collection":[{"href":"https:\/\/www.cnshining.com\/fr\/wp-json\/wp\/v2\/pages"}],"about":[{"href":"https:\/\/www.cnshining.com\/fr\/wp-json\/wp\/v2\/types\/page"}],"author":[{"embeddable":true,"href":"https:\/\/www.cnshining.com\/fr\/wp-json\/wp\/v2\/users\/1"}],"replies":[{"embeddable":true,"href":"https:\/\/www.cnshining.com\/fr\/wp-json\/wp\/v2\/comments?post=15604"}],"version-history":[{"count":0,"href":"https:\/\/www.cnshining.com\/fr\/wp-json\/wp\/v2\/pages\/15604\/revisions"}],"wp:featuredmedia":[{"embeddable":true,"href":"https:\/\/www.cnshining.com\/fr\/wp-json\/wp\/v2\/media\/31837"}],"wp:attachment":[{"href":"https:\/\/www.cnshining.com\/fr\/wp-json\/wp\/v2\/media?parent=15604"}],"curies":[{"name":"wp","href":"https:\/\/api.w.org\/{rel}","templated":true}]}}