{"id":16708,"date":"2024-07-21T07:11:32","date_gmt":"2024-07-21T07:11:32","guid":{"rendered":"https:\/\/www.cnshining.com\/?page_id=16708"},"modified":"2025-12-23T02:06:00","modified_gmt":"2025-12-23T02:06:00","slug":"etui-en-aluminium-pour-grenade-de-40mm","status":"publish","type":"page","link":"https:\/\/www.cnshining.com\/fr\/etui-en-aluminium-pour-grenade-de-40mm","title":{"rendered":"Obus de grenade vide en aluminium de 40 mm"},"content":{"rendered":"<div data-elementor-type=\"wp-page\" data-elementor-id=\"16708\" class=\"elementor elementor-16708\" data-elementor-post-type=\"page\">\n\t\t\t\t<div class=\"elementor-element elementor-element-482fce0e e-flex e-con-boxed e-con e-parent\" data-id=\"482fce0e\" data-element_type=\"container\" data-settings=\"{&quot;background_background&quot;:&quot;classic&quot;}\">\n\t\t\t\t\t<div class=\"e-con-inner\">\n\t\t\t\t<div class=\"elementor-element elementor-element-897a9cd elementor-icon-list--layout-inline elementor-align-center elementor-list-item-link-full_width elementor-widget elementor-widget-icon-list\" data-id=\"897a9cd\" data-element_type=\"widget\" data-widget_type=\"icon-list.default\">\n\t\t\t\t\t\t\t<ul class=\"elementor-icon-list-items elementor-inline-items\">\n\t\t\t\t\t\t\t<li class=\"elementor-icon-list-item elementor-inline-item\">\n\t\t\t\t\t\t\t\t\t\t\t<a href=\"https:\/\/www.cnshining.com\/fr\" target=\"_blank\">\n\n\t\t\t\t\t\t\t\t\t\t\t\t<span class=\"elementor-icon-list-icon\">\n\t\t\t\t\t\t\t<svg aria-hidden=\"true\" class=\"e-font-icon-svg e-fas-home\" viewbox=\"0 0 576 512\" xmlns=\"http:\/\/www.w3.org\/2000\/svg\"><path d=\"M280.37 148.26L96 300.11V464a16 16 0 0 0 16 16l112.06-.29a16 16 0 0 0 15.92-16V368a16 16 0 0 1 16-16h64a16 16 0 0 1 16 16v95.64a16 16 0 0 0 16 16.05L464 480a16 16 0 0 0 16-16V300L295.67 148.26a12.19 12.19 0 0 0-15.3 0zM571.6 251.47L488 182.56V44.05a12 12 0 0 0-12-12h-56a12 12 0 0 0-12 12v72.61L318.47 43a48 48 0 0 0-61 0L4.34 251.47a12 12 0 0 0-1.6 16.9l25.5 31A12 12 0 0 0 45.15 301l235.22-193.74a12.19 12.19 0 0 1 15.3 0L530.9 301a12 12 0 0 0 16.9-1.6l25.5-31a12 12 0 0 0-1.7-16.93z\"><\/path><\/svg>\t\t\t\t\t\t<\/span>\n\t\t\t\t\t\t\t\t\t\t<span class=\"elementor-icon-list-text\">Maison \/<\/span>\n\t\t\t\t\t\t\t\t\t\t\t<\/a>\n\t\t\t\t\t\t\t\t\t<\/li>\n\t\t\t\t\t\t\t\t<li class=\"elementor-icon-list-item elementor-inline-item\">\n\t\t\t\t\t\t\t\t\t\t\t<a href=\"https:\/\/www.cnshining.com\/fr\/cartouche-non-letale\/\" target=\"_blank\">\n\n\t\t\t\t\t\t\t\t\t\t\t<span class=\"elementor-icon-list-text\">Cartouche non l\u00e9tale\/<\/span>\n\t\t\t\t\t\t\t\t\t\t\t<\/a>\n\t\t\t\t\t\t\t\t\t<\/li>\n\t\t\t\t\t\t<\/ul>\n\t\t\t\t\t\t<\/div>\n\t\t\t\t\t<\/div>\n\t\t\t\t<\/div>\n\t\t<div class=\"elementor-element elementor-element-0831303 e-flex e-con-boxed e-con e-parent\" data-id=\"0831303\" data-element_type=\"container\" data-settings=\"{&quot;background_background&quot;:&quot;classic&quot;}\">\n\t\t\t\t\t<div class=\"e-con-inner\">\n\t\t<div class=\"elementor-element elementor-element-9a7f8dd e-con-full e-flex e-con e-child\" data-id=\"9a7f8dd\" data-element_type=\"container\">\n\t\t<div class=\"elementor-element elementor-element-8d5ee8d e-con-full e-flex e-con e-child\" data-id=\"8d5ee8d\" data-element_type=\"container\">\n\t\t\t\t<div class=\"elementor-element elementor-element-1ae40c1 elementor-widget elementor-widget-image\" data-id=\"1ae40c1\" data-element_type=\"widget\" data-widget_type=\"image.default\">\n\t\t\t\t\t\t\t\t\t\t\t\t\t\t\t<img fetchpriority=\"high\" decoding=\"async\" width=\"1200\" height=\"787\" src=\"https:\/\/www.cnshining.com\/wp-content\/uploads\/2025\/10\/Aluminum-Cartridge-for-40mm-Grenade-Shell-1.webp\" class=\"attachment-large size-large wp-image-30698\" alt=\"Cartouche en aluminium pour obus de grenade de 40 mm\" title=\"\">\t\t\t\t\t\t\t\t\t\t\t\t\t\t\t<\/div>\n\t\t\t\t<\/div>\n\t\t<div class=\"elementor-element elementor-element-2b695f7 e-con-full e-flex e-con e-child\" data-id=\"2b695f7\" data-element_type=\"container\">\n\t\t<div class=\"elementor-element elementor-element-b954591 e-con-full e-flex e-con e-child\" data-id=\"b954591\" data-element_type=\"container\">\n\t\t<div class=\"elementor-element elementor-element-df2e709 e-con-full e-flex e-con e-child\" data-id=\"df2e709\" data-element_type=\"container\">\n\t\t\t\t<div class=\"elementor-element elementor-element-bbb119b elementor-widget elementor-widget-heading\" data-id=\"bbb119b\" data-element_type=\"widget\" data-widget_type=\"heading.default\">\n\t\t\t\t\t<h3 class=\"elementor-heading-title elementor-size-default\">Mat\u00e9riel<\/h3>\t\t\t\t<\/div>\n\t\t\t\t<div class=\"elementor-element elementor-element-3d6fd4b elementor-widget__width-initial elementor-widget-tablet__width-initial elementor-widget elementor-widget-text-editor\" data-id=\"3d6fd4b\" data-element_type=\"widget\" data-widget_type=\"text-editor.default\">\n\t\t\t\t\t\t\t\t\t<p>Aluminium<\/p>\t\t\t\t\t\t\t\t<\/div>\n\t\t\t\t<\/div>\n\t\t<div class=\"elementor-element elementor-element-9044622 e-con-full e-flex e-con e-child\" data-id=\"9044622\" data-element_type=\"container\">\n\t\t\t\t<div class=\"elementor-element elementor-element-a5fc041 elementor-widget elementor-widget-heading\" data-id=\"a5fc041\" data-element_type=\"widget\" data-widget_type=\"heading.default\">\n\t\t\t\t\t<h3 class=\"elementor-heading-title elementor-size-default\">Diam\u00e8tre<\/h3>\t\t\t\t<\/div>\n\t\t\t\t<div class=\"elementor-element elementor-element-16c3864 elementor-widget__width-initial elementor-widget-tablet__width-initial elementor-widget elementor-widget-text-editor\" data-id=\"16c3864\" data-element_type=\"widget\" data-widget_type=\"text-editor.default\">\n\t\t\t\t\t\t\t\t\t<p>40 mm\u00a0<\/p>\t\t\t\t\t\t\t\t<\/div>\n\t\t\t\t<\/div>\n\t\t\t\t<\/div>\n\t\t<div class=\"elementor-element elementor-element-c9ae06f e-con-full e-flex e-con e-child\" data-id=\"c9ae06f\" data-element_type=\"container\">\n\t\t<div class=\"elementor-element elementor-element-4d5d63d e-con-full e-flex e-con e-child\" data-id=\"4d5d63d\" data-element_type=\"container\">\n\t\t\t\t<div class=\"elementor-element elementor-element-24422c8 elementor-widget elementor-widget-heading\" data-id=\"24422c8\" data-element_type=\"widget\" data-widget_type=\"heading.default\">\n\t\t\t\t\t<h3 class=\"elementor-heading-title elementor-size-default\">Hauteur<\/h3>\t\t\t\t<\/div>\n\t\t\t\t<div class=\"elementor-element elementor-element-806a47d elementor-widget__width-initial elementor-widget-tablet__width-initial elementor-widget elementor-widget-text-editor\" data-id=\"806a47d\" data-element_type=\"widget\" data-widget_type=\"text-editor.default\">\n\t\t\t\t\t\t\t\t\t<p>\u00a0107 mm, personnalisable<\/p>\t\t\t\t\t\t\t\t<\/div>\n\t\t\t\t<\/div>\n\t\t<div class=\"elementor-element elementor-element-1b51e97 e-con-full e-flex e-con e-child\" data-id=\"1b51e97\" data-element_type=\"container\">\n\t\t\t\t<div class=\"elementor-element elementor-element-7c8b29a elementor-widget elementor-widget-heading\" data-id=\"7c8b29a\" data-element_type=\"widget\" data-widget_type=\"heading.default\">\n\t\t\t\t\t<h3 class=\"elementor-heading-title elementor-size-default\">Usage<\/h3>\t\t\t\t<\/div>\n\t\t\t\t<div class=\"elementor-element elementor-element-697e192 elementor-widget__width-initial elementor-widget-tablet__width-initial elementor-widget elementor-widget-text-editor\" data-id=\"697e192\" data-element_type=\"widget\" data-widget_type=\"text-editor.default\">\n\t\t\t\t\t\t\t\t\t<p>Obus de grenade de 40 mm<\/p>\t\t\t\t\t\t\t\t<\/div>\n\t\t\t\t<\/div>\n\t\t\t\t<\/div>\n\t\t<div class=\"elementor-element elementor-element-d4b8b14 e-con-full e-flex e-con e-child\" data-id=\"d4b8b14\" data-element_type=\"container\">\n\t\t<div class=\"elementor-element elementor-element-c45da86 e-con-full e-flex e-con e-child\" data-id=\"c45da86\" data-element_type=\"container\">\n\t\t\t\t<div class=\"elementor-element elementor-element-0904d03 elementor-widget elementor-widget-heading\" data-id=\"0904d03\" data-element_type=\"widget\" data-widget_type=\"heading.default\">\n\t\t\t\t\t<h3 class=\"elementor-heading-title elementor-size-default\">Finition de surface<\/h3>\t\t\t\t<\/div>\n\t\t\t\t<div class=\"elementor-element elementor-element-15d2a1b elementor-widget__width-initial elementor-widget-tablet__width-initial elementor-widget elementor-widget-text-editor\" data-id=\"15d2a1b\" data-element_type=\"widget\" data-widget_type=\"text-editor.default\">\n\t\t\t\t\t\t\t\t\t<p>Oxydation, anodisation<\/p>\t\t\t\t\t\t\t\t<\/div>\n\t\t\t\t<\/div>\n\t\t<div class=\"elementor-element elementor-element-6fda6ee e-con-full e-flex e-con e-child\" data-id=\"6fda6ee\" data-element_type=\"container\">\n\t\t\t\t<div class=\"elementor-element elementor-element-7caaffc elementor-widget elementor-widget-heading\" data-id=\"7caaffc\" data-element_type=\"widget\" data-widget_type=\"heading.default\">\n\t\t\t\t\t<h3 class=\"elementor-heading-title elementor-size-default\">MOQ<\/h3>\t\t\t\t<\/div>\n\t\t\t\t<div class=\"elementor-element elementor-element-29a1e29 elementor-widget__width-initial elementor-widget-tablet__width-initial elementor-widget elementor-widget-text-editor\" data-id=\"29a1e29\" data-element_type=\"widget\" data-widget_type=\"text-editor.default\">\n\t\t\t\t\t\t\t\t\t<p>10 000 pi\u00e8ces<\/p>\t\t\t\t\t\t\t\t<\/div>\n\t\t\t\t<\/div>\n\t\t\t\t<\/div>\n\t\t\t\t<div class=\"elementor-element elementor-element-9b12ac5 elementor-mobile-align-left elementor-align-right elementor-widget elementor-widget-button\" data-id=\"9b12ac5\" data-element_type=\"widget\" data-widget_type=\"button.default\">\n\t\t\t\t\t\t\t\t\t\t<a class=\"elementor-button elementor-button-link elementor-size-sm\" href=\"#elementor-action%3Aaction%3Dpopup%3Aopen%26settings%3DeyJpZCI6IjE0MTMyIiwidG9nZ2xlIjpmYWxzZX0%3D\" target=\"_blank\">\n\t\t\t\t\t\t<span class=\"elementor-button-content-wrapper\">\n\t\t\t\t\t\t<span class=\"elementor-button-icon\">\n\t\t\t\t<svg aria-hidden=\"true\" class=\"e-font-icon-svg e-fas-arrow-right\" viewbox=\"0 0 448 512\" xmlns=\"http:\/\/www.w3.org\/2000\/svg\"><path d=\"M190.5 66.9l22.2-22.2c9.4-9.4 24.6-9.4 33.9 0L441 239c9.4 9.4 9.4 24.6 0 33.9L246.6 467.3c-9.4 9.4-24.6 9.4-33.9 0l-22.2-22.2c-9.5-9.5-9.3-25 .4-34.3L311.4 296H24c-13.3 0-24-10.7-24-24v-32c0-13.3 10.7-24 24-24h287.4L190.9 101.2c-9.8-9.3-10-24.8-.4-34.3z\"><\/path><\/svg>\t\t\t<\/span>\n\t\t\t\t\t\t\t\t\t<span class=\"elementor-button-text\">Contactez-nous<\/span>\n\t\t\t\t\t<\/span>\n\t\t\t\t\t<\/a>\n\t\t\t\t\t\t\t\t<\/div>\n\t\t\t\t<\/div>\n\t\t\t\t<\/div>\n\t\t\t\t\t<\/div>\n\t\t\t\t<\/div>\n\t\t<div class=\"elementor-element elementor-element-a735f1b e-flex e-con-boxed e-con e-parent\" data-id=\"a735f1b\" data-element_type=\"container\" data-settings=\"{&quot;background_background&quot;:&quot;classic&quot;}\">\n\t\t\t\t\t<div class=\"e-con-inner\">\n\t\t<div class=\"elementor-element elementor-element-24d9032 e-con-full e-flex e-con e-child\" data-id=\"24d9032\" data-element_type=\"container\">\n\t\t\t\t<div class=\"elementor-element elementor-element-19b948d elementor-widget elementor-widget-text-editor\" data-id=\"19b948d\" data-element_type=\"widget\" data-widget_type=\"text-editor.default\">\n\t\t\t\t\t\t\t\t\t<p>Chez Shining Packaging, nous fabriquons des \u00e9tuis en aluminium vides de haute qualit\u00e9, sp\u00e9cialement con\u00e7us pour les grenades de 40 mm. Nos \u00e9tuis sont con\u00e7us pour offrir durabilit\u00e9, pr\u00e9cision et fiabilit\u00e9, garantissant des performances optimales pour les applications militaires et de d\u00e9fense les plus exigeantes. D\u00e9couvrez notre gamme compl\u00e8te de cartouches pour grenades de 40 mm et trouvez celle qui correspond parfaitement \u00e0 vos besoins.<\/p>\t\t\t\t\t\t\t\t<\/div>\n\t\t\t\t<\/div>\n\t\t\t\t<div class=\"elementor-element elementor-element-7dcd78d e-n-tabs-mobile elementor-widget elementor-widget-n-tabs\" data-id=\"7dcd78d\" data-element_type=\"widget\" data-widget_type=\"nested-tabs.default\">\n\t\t\t\t\t\t\t<div class=\"e-n-tabs\" data-widget-number=\"131913613\" aria-label=\"Onglets. Ouvrez des \u00e9l\u00e9ments avec Entrer ou Espace, fermez-les avec Echape et naviguez \u00e0 l&#039;aide des touches fl\u00e9ch\u00e9es.\">\n\t\t\t<div class=\"e-n-tabs-heading\" role=\"tablist\">\n\t\t\t\t\t<button id=\"e-n-tab-title-1319136131\" data-tab-title-id=\"e-n-tab-title-1319136131\" class=\"e-n-tab-title\" aria-selected=\"true\" data-tab-index=\"1\" role=\"tab\" tabindex=\"0\" aria-controls=\"e-n-tab-content-1319136131\" style=\"--n-tabs-title-order: 1;\">\n\t\t\t\t\t\t<span class=\"e-n-tab-title-text\">\n\t\t\t\t\u00c9tuis LV 40\u00d746 mm\t\t\t<\/span>\n\t\t<\/button>\n\t\t\t\t<button id=\"e-n-tab-title-1319136132\" data-tab-title-id=\"e-n-tab-title-1319136132\" class=\"e-n-tab-title\" aria-selected=\"false\" data-tab-index=\"2\" role=\"tab\" tabindex=\"-1\" aria-controls=\"e-n-tab-content-1319136132\" style=\"--n-tabs-title-order: 2;\">\n\t\t\t\t\t\t<span class=\"e-n-tab-title-text\">\n\t\t\t\tBo\u00eetiers MV 40\u00d751 mm\t\t\t<\/span>\n\t\t<\/button>\n\t\t\t\t<button id=\"e-n-tab-title-1319136133\" data-tab-title-id=\"e-n-tab-title-1319136133\" class=\"e-n-tab-title\" aria-selected=\"false\" data-tab-index=\"3\" role=\"tab\" tabindex=\"-1\" aria-controls=\"e-n-tab-content-1319136133\" style=\"--n-tabs-title-order: 3;\">\n\t\t\t\t\t\t<span class=\"e-n-tab-title-text\">\n\t\t\t\tBo\u00eetiers HV 40\u00d753 mm\t\t\t<\/span>\n\t\t<\/button>\n\t\t\t\t\t<\/div>\n\t\t\t<div class=\"e-n-tabs-content\">\n\t\t\t\t<div id=\"e-n-tab-content-1319136131\" role=\"tabpanel\" aria-labelledby=\"e-n-tab-title-1319136131\" data-tab-index=\"1\" style=\"--n-tabs-title-order: 1;\" class=\"e-active elementor-element elementor-element-cd0b8f4 e-con-full e-flex e-con e-child\" data-id=\"cd0b8f4\" data-element_type=\"container\">\n\t\t\t\t<div class=\"elementor-element elementor-element-10d9712 elementor-widget elementor-widget-image\" data-id=\"10d9712\" data-element_type=\"widget\" data-widget_type=\"image.default\">\n\t\t\t\t\t\t\t\t\t\t\t\t\t\t\t<img decoding=\"async\" width=\"1200\" height=\"675\" src=\"https:\/\/www.cnshining.com\/wp-content\/uploads\/2025\/10\/Aluminum-Cartridge-for-40mm-Grenade-Shell-2.webp\" class=\"attachment-large size-large wp-image-30699\" alt=\"Cartouche en aluminium pour obus de grenade de 40 mm\" title=\"\">\t\t\t\t\t\t\t\t\t\t\t\t\t\t\t<\/div>\n\t\t\t\t<div class=\"elementor-element elementor-element-ac402ee truncate-text elementor-widget elementor-widget-text-editor\" data-id=\"ac402ee\" data-element_type=\"widget\" data-widget_type=\"text-editor.default\">\n\t\t\t\t\t\t\t\t\t<p>Nos \u00e9tuis en aluminium 40\u00d746 mm LV sont con\u00e7us pour les grenades \u00e0 basse vitesse. Offrant une r\u00e9sistance et une durabilit\u00e9 exceptionnelles, ils sont parfaitement adapt\u00e9s \u00e0 diverses situations tactiques et d&#039;entra\u00eenement. Fabriqu\u00e9es avec un souci constant de pr\u00e9cision et de qualit\u00e9, ces cartouches garantissent une manipulation s\u00fbre et des performances constantes.<\/p>\t\t\t\t\t\t\t\t<\/div>\n\t\t\t\t<\/div>\n\t\t<div id=\"e-n-tab-content-1319136132\" role=\"tabpanel\" aria-labelledby=\"e-n-tab-title-1319136132\" data-tab-index=\"2\" style=\"--n-tabs-title-order: 2;\" class=\"elementor-element elementor-element-0f7260d e-con-full e-flex e-con e-child\" data-id=\"0f7260d\" data-element_type=\"container\">\n\t\t<div class=\"elementor-element elementor-element-e150b88 e-flex e-con-boxed e-con e-child\" data-id=\"e150b88\" data-element_type=\"container\">\n\t\t\t\t\t<div class=\"e-con-inner\">\n\t\t\t\t<div class=\"elementor-element elementor-element-7335a07 elementor-widget elementor-widget-image\" data-id=\"7335a07\" data-element_type=\"widget\" data-widget_type=\"image.default\">\n\t\t\t\t\t\t\t\t\t\t\t\t\t\t\t<img decoding=\"async\" width=\"1200\" height=\"675\" src=\"https:\/\/www.cnshining.com\/wp-content\/uploads\/2025\/10\/Aluminum-Cartridge-for-40mm-Grenade-Shell-3.webp\" class=\"attachment-large size-large wp-image-30700\" alt=\"Cartouche en aluminium pour obus de grenade de 40 mm\" title=\"\">\t\t\t\t\t\t\t\t\t\t\t\t\t\t\t<\/div>\n\t\t\t\t<div class=\"elementor-element elementor-element-84edf2d truncate-text elementor-widget elementor-widget-text-editor\" data-id=\"84edf2d\" data-element_type=\"widget\" data-widget_type=\"text-editor.default\">\n\t\t\t\t\t\t\t\t\t<p>Pour les applications \u00e0 vitesse moyenne, nos bo\u00eetiers en aluminium MV de 40 \u00d7 51 mm offrent des performances et une fiabilit\u00e9 accrues. Con\u00e7us pour r\u00e9sister \u00e0 des pressions et des impacts plus \u00e9lev\u00e9s, ces bo\u00eetiers r\u00e9pondent parfaitement \u00e0 une large gamme de besoins op\u00e9rationnels. Notre processus de fabrication rigoureux garantit une qualit\u00e9 et une durabilit\u00e9 optimales.<\/p>\t\t\t\t\t\t\t\t<\/div>\n\t\t\t\t\t<\/div>\n\t\t\t\t<\/div>\n\t\t\t\t<\/div>\n\t\t<div id=\"e-n-tab-content-1319136133\" role=\"tabpanel\" aria-labelledby=\"e-n-tab-title-1319136133\" data-tab-index=\"3\" style=\"--n-tabs-title-order: 3;\" class=\"elementor-element elementor-element-98003fd e-con-full e-flex e-con e-child\" data-id=\"98003fd\" data-element_type=\"container\">\n\t\t<div class=\"elementor-element elementor-element-0201438 e-flex e-con-boxed e-con e-child\" data-id=\"0201438\" data-element_type=\"container\">\n\t\t\t\t\t<div class=\"e-con-inner\">\n\t\t\t\t<div class=\"elementor-element elementor-element-b3d9cac elementor-widget elementor-widget-image\" data-id=\"b3d9cac\" data-element_type=\"widget\" data-widget_type=\"image.default\">\n\t\t\t\t\t\t\t\t\t\t\t\t\t\t\t<img loading=\"lazy\" decoding=\"async\" width=\"1200\" height=\"675\" src=\"https:\/\/www.cnshining.com\/wp-content\/uploads\/2025\/10\/Aluminum-Cartridge-for-40mm-Grenade-Shell-4.webp\" class=\"attachment-large size-large wp-image-30701\" alt=\"Cartouche en aluminium pour obus de grenade de 40 mm\" title=\"\">\t\t\t\t\t\t\t\t\t\t\t\t\t\t\t<\/div>\n\t\t\t\t<div class=\"elementor-element elementor-element-94c8321 truncate-text elementor-widget elementor-widget-text-editor\" data-id=\"94c8321\" data-element_type=\"widget\" data-widget_type=\"text-editor.default\">\n\t\t\t\t\t\t\t\t\t<p>Les \u00e9tuis en aluminium HV de 40 \u00d7 53 mm sont con\u00e7us pour les grenades \u00e0 haute v\u00e9locit\u00e9 et b\u00e9n\u00e9ficient d&#039;une construction robuste leur permettant de r\u00e9sister aux conditions extr\u00eames. Ces \u00e9tuis sont con\u00e7us pour une utilisation intensive, garantissant fiabilit\u00e9 et s\u00e9curit\u00e9 dans les situations critiques. Faites confiance \u00e0 notre expertise pour vous fournir des produits de la plus haute qualit\u00e9.<\/p>\t\t\t\t\t\t\t\t<\/div>\n\t\t\t\t\t<\/div>\n\t\t\t\t<\/div>\n\t\t\t\t<\/div>\n\t\t\t\t\t<\/div>\n\t\t<\/div>\n\t\t\t\t\t\t<\/div>\n\t\t<div class=\"elementor-element elementor-element-dfd1f95 e-con-full e-flex e-con e-child\" data-id=\"dfd1f95\" data-element_type=\"container\">\n\t\t\t\t<div class=\"elementor-element elementor-element-bb72886 truncate-text elementor-widget elementor-widget-text-editor\" data-id=\"bb72886\" data-element_type=\"widget\" id=\"truncate-text\" data-widget_type=\"text-editor.default\">\n\t\t\t\t\t\t\t\t\t<p>Si vous recherchez des composants de haute qualit\u00e9 pour obus de grenades de 40 mm, vous \u00eates au bon endroit. Fabricant de confiance, nous sommes sp\u00e9cialis\u00e9s dans la production de ces composants. <strong>obus de grenade de 40 mm<\/strong> Fabriqu\u00e9s en aluminium durable. Bien que nous ne produisions pas de grenades compl\u00e8tes de 40 mm, nos \u00e9tuis en aluminium de pr\u00e9cision sont essentiels \u00e0 la fabrication de tous types de grenades. <strong>Munitions de grenades de 40 mm<\/strong> \u00e0 <strong>cartouches de fusil de chasse de 40 mm<\/strong> et <strong>grenades fumig\u00e8nes de 40 mm<\/strong>.<\/p>\n<p><!-- \/wp:paragraph --><!-- wp:paragraph --><\/p>\t\t\t\t\t\t\t\t<\/div>\n\t\t\t\t<div class=\"elementor-element elementor-element-2f58e0b truncate-text elementor-widget elementor-widget-text-editor\" data-id=\"2f58e0b\" data-element_type=\"widget\" data-widget_type=\"text-editor.default\">\n\t\t\t\t\t\t\t\t\t<p>Notre <strong>Douilles de 40 mm<\/strong> Fabriqu\u00e9es avec un souci du d\u00e9tail m\u00e9ticuleux, ces douilles r\u00e9pondent aux normes rigoureuses de l&#039;industrie. Elles peuvent \u00eatre utilis\u00e9es pour une grande vari\u00e9t\u00e9 d&#039;applications, notamment les munitions d&#039;entra\u00eenement, les dispositifs militaires et m\u00eame les projets d&#039;airsoft personnalis\u00e9s. <strong>grenades airsoft de 40 mm<\/strong>. Si vous \u00eates impliqu\u00e9 dans la production de munitions de 40 mm, nos douilles constituent la base id\u00e9ale.<\/p>\n<p><!-- \/wp:paragraph --><!-- wp:paragraph --><\/p>\n<p><!-- \/wp:paragraph --><!-- wp:paragraph --><\/p>\t\t\t\t\t\t\t\t<\/div>\n\t\t\t\t<div class=\"elementor-element elementor-element-dc49f6a truncate-text elementor-widget elementor-widget-text-editor\" data-id=\"dc49f6a\" data-element_type=\"widget\" data-widget_type=\"text-editor.default\">\n\t\t\t\t\t\t\t\t\t<p>Nous proposons un \u00e9ventail d&#039;options pour <strong>types de grenades de 40 mm<\/strong>, vous permettant de personnaliser votre produit pour r\u00e9pondre \u00e0 des besoins sp\u00e9cifiques. Que vous souhaitiez produire des munitions d&#039;entra\u00eenement, des projectiles non l\u00e9taux ou des \u00e9quipements sp\u00e9cialis\u00e9s, notre <strong>Coques en aluminium de 40 mm<\/strong> Nous vous offrons la flexibilit\u00e9 et la durabilit\u00e9 dont vous avez besoin. Bien que nous ne proposions pas de produits enti\u00e8rement assembl\u00e9s. <strong>Grenades de 40 mm \u00e0 vendre<\/strong>, Nos composants sont recherch\u00e9s par les professionnels qui comprennent l&#039;importance de la qualit\u00e9 \u00e0 chaque \u00e9tape du processus de fabrication.<\/p>\n<p><!-- \/wp:paragraph --><!-- wp:paragraph --><\/p>\n<p><!-- \/wp:paragraph --><!-- wp:paragraph --><\/p>\n<p><!-- \/wp:paragraph --><!-- wp:paragraph --><\/p>\t\t\t\t\t\t\t\t<\/div>\n\t\t\t\t<div class=\"elementor-element elementor-element-20954a4 truncate-text elementor-widget elementor-widget-text-editor\" data-id=\"20954a4\" data-element_type=\"widget\" data-widget_type=\"text-editor.default\">\n\t\t\t\t\t\t\t\t\t<p>En se concentrant uniquement sur <strong>Coque de 40 mm<\/strong> Gr\u00e2ce \u00e0 notre production, nous maintenons un haut niveau de pr\u00e9cision et de fiabilit\u00e9. Si vous souhaitez optimiser votre processus de fabrication avec des solutions de pointe, contactez-nous. <strong>douille de 40 mm<\/strong> Nos produits, compos\u00e9s de composants sp\u00e9cifiques, sont con\u00e7us pour r\u00e9pondre aux normes les plus \u00e9lev\u00e9es du secteur.<\/p>\n<p><!-- \/wp:paragraph --><!-- wp:paragraph --><\/p>\n<p><!-- \/wp:paragraph --><!-- wp:paragraph --><\/p>\n<p><!-- \/wp:paragraph --><!-- wp:paragraph --><\/p>\n<p><!-- \/wp:paragraph --><!-- wp:paragraph --><\/p>\t\t\t\t\t\t\t\t<\/div>\n\t\t\t\t<div class=\"elementor-element elementor-element-6f4e48a truncate-text elementor-widget elementor-widget-text-editor\" data-id=\"6f4e48a\" data-element_type=\"widget\" data-widget_type=\"text-editor.default\">\n\t\t\t\t\t\t\t\t\t<p>Nos douilles en aluminium sont compatibles avec diverses munitions, de <strong>Munitions de grenades de 40 mm<\/strong> \u00e0 <strong>grenades fumig\u00e8nes de 40 mm<\/strong> et plus encore. Que vous ayez besoin de douilles pour un usage civil, militaire ou airsoft, nous pouvons r\u00e9pondre \u00e0 vos besoins de production. Si vous recherchez des douilles durables et fiables <strong>Coques en aluminium de 40 mm<\/strong>, Ne cherchez plus.<\/p>\n<p><!-- \/wp:paragraph --><!-- wp:paragraph --><\/p>\n<p><!-- \/wp:paragraph --><!-- wp:paragraph --><\/p>\n<p><!-- \/wp:paragraph --><!-- wp:paragraph --><\/p>\n<p><!-- \/wp:paragraph --><!-- wp:paragraph --><\/p>\t\t\t\t\t\t\t\t<\/div>\n\t\t\t\t<div class=\"elementor-element elementor-element-f9896d3 elementor-widget elementor-widget-text-editor\" data-id=\"f9896d3\" data-element_type=\"widget\" data-widget_type=\"text-editor.default\">\n\t\t\t\t\t\t\t\t\t<div class=\"wp-block-group\">\n<div class=\"wp-block-group__inner-container\"><a title=\"\" href=\"https:\/\/www.cnshining.com\/fr\/contactez\/\" target=\"_blank\" rel=\"noopener nofollow noreferrer\">Contactez-nous<\/a> Aujourd&#039;hui, apprenez-en davantage sur la fa\u00e7on dont nos produits peuvent r\u00e9pondre \u00e0 vos besoins de fabrication et faire passer vos munitions de 40 mm au niveau sup\u00e9rieur.<\/div>\n<\/div>\t\t\t\t\t\t\t\t<\/div>\n\t\t\t\t<\/div>\n\t\t\t\t\t<\/div>\n\t\t\t\t<\/div>\n\t\t\t\t<\/div>","protected":false},"excerpt":{"rendered":"<p>\u00c9tuis de cartouches vides en aluminium de 40 mm pour le rechargement de grenades fumig\u00e8nes, non l\u00e9tales et d&#039;entra\u00eenement. Finition oxyd\u00e9e, \u00e9paisseur et hauteur personnalisables. Quantit\u00e9 minimale de commande\u00a0: 10\u00a0000 unit\u00e9s. Fournisseur OEM.<\/p>","protected":false},"author":1,"featured_media":30698,"parent":0,"menu_order":0,"comment_status":"closed","ping_status":"closed","template":"","meta":{"footnotes":""},"class_list":["post-16708","page","type-page","status-publish","has-post-thumbnail","hentry"],"_links":{"self":[{"href":"https:\/\/www.cnshining.com\/fr\/wp-json\/wp\/v2\/pages\/16708","targetHints":{"allow":["GET"]}}],"collection":[{"href":"https:\/\/www.cnshining.com\/fr\/wp-json\/wp\/v2\/pages"}],"about":[{"href":"https:\/\/www.cnshining.com\/fr\/wp-json\/wp\/v2\/types\/page"}],"author":[{"embeddable":true,"href":"https:\/\/www.cnshining.com\/fr\/wp-json\/wp\/v2\/users\/1"}],"replies":[{"embeddable":true,"href":"https:\/\/www.cnshining.com\/fr\/wp-json\/wp\/v2\/comments?post=16708"}],"version-history":[{"count":0,"href":"https:\/\/www.cnshining.com\/fr\/wp-json\/wp\/v2\/pages\/16708\/revisions"}],"wp:featuredmedia":[{"embeddable":true,"href":"https:\/\/www.cnshining.com\/fr\/wp-json\/wp\/v2\/media\/30698"}],"wp:attachment":[{"href":"https:\/\/www.cnshining.com\/fr\/wp-json\/wp\/v2\/media?parent=16708"}],"curies":[{"name":"wp","href":"https:\/\/api.w.org\/{rel}","templated":true}]}}