{"id":29145,"date":"2025-09-09T09:14:34","date_gmt":"2025-09-09T09:14:34","guid":{"rendered":"https:\/\/www.cnshining.com\/?page_id=29145"},"modified":"2025-12-26T05:07:39","modified_gmt":"2025-12-26T05:07:39","slug":"cartouche-non-letale","status":"publish","type":"page","link":"https:\/\/www.cnshining.com\/fr\/cartouche-non-letale","title":{"rendered":"Cartouche en aluminium pour armes non l\u00e9tales et de d\u00e9fense"},"content":{"rendered":"<div data-elementor-type=\"wp-page\" data-elementor-id=\"29145\" class=\"elementor elementor-29145\" data-elementor-post-type=\"page\">\n\t\t\t\t<div class=\"elementor-element elementor-element-1b14bb36 e-flex e-con-boxed e-con e-parent\" data-id=\"1b14bb36\" data-element_type=\"container\" data-settings=\"{&quot;background_background&quot;:&quot;classic&quot;}\">\n\t\t\t\t\t<div class=\"e-con-inner\">\n\t\t\t\t<div class=\"elementor-element elementor-element-78e7e049 elementor-icon-list--layout-inline elementor-align-center elementor-list-item-link-full_width elementor-widget elementor-widget-icon-list\" data-id=\"78e7e049\" data-element_type=\"widget\" data-widget_type=\"icon-list.default\">\n\t\t\t\t\t\t\t<ul class=\"elementor-icon-list-items elementor-inline-items\">\n\t\t\t\t\t\t\t<li class=\"elementor-icon-list-item elementor-inline-item\">\n\t\t\t\t\t\t\t\t\t\t\t<a href=\"https:\/\/www.cnshining.com\/fr\" target=\"_blank\">\n\n\t\t\t\t\t\t\t\t\t\t\t\t<span class=\"elementor-icon-list-icon\">\n\t\t\t\t\t\t\t<svg aria-hidden=\"true\" class=\"e-font-icon-svg e-fas-home\" viewbox=\"0 0 576 512\" xmlns=\"http:\/\/www.w3.org\/2000\/svg\"><path d=\"M280.37 148.26L96 300.11V464a16 16 0 0 0 16 16l112.06-.29a16 16 0 0 0 15.92-16V368a16 16 0 0 1 16-16h64a16 16 0 0 1 16 16v95.64a16 16 0 0 0 16 16.05L464 480a16 16 0 0 0 16-16V300L295.67 148.26a12.19 12.19 0 0 0-15.3 0zM571.6 251.47L488 182.56V44.05a12 12 0 0 0-12-12h-56a12 12 0 0 0-12 12v72.61L318.47 43a48 48 0 0 0-61 0L4.34 251.47a12 12 0 0 0-1.6 16.9l25.5 31A12 12 0 0 0 45.15 301l235.22-193.74a12.19 12.19 0 0 1 15.3 0L530.9 301a12 12 0 0 0 16.9-1.6l25.5-31a12 12 0 0 0-1.7-16.93z\"><\/path><\/svg>\t\t\t\t\t\t<\/span>\n\t\t\t\t\t\t\t\t\t\t<span class=\"elementor-icon-list-text\">Maison \/<\/span>\n\t\t\t\t\t\t\t\t\t\t\t<\/a>\n\t\t\t\t\t\t\t\t\t<\/li>\n\t\t\t\t\t\t<\/ul>\n\t\t\t\t\t\t<\/div>\n\t\t\t\t\t<\/div>\n\t\t\t\t<\/div>\n\t\t<div class=\"elementor-element elementor-element-153950f e-flex e-con-boxed e-con e-parent\" data-id=\"153950f\" data-element_type=\"container\">\n\t\t\t\t\t<div class=\"e-con-inner\">\n\t\t<div class=\"elementor-element elementor-element-15ad32e e-con-full e-flex e-con e-child\" data-id=\"15ad32e\" data-element_type=\"container\">\n\t\t<div class=\"elementor-element elementor-element-8dad211 e-con-full e-flex e-con e-child\" data-id=\"8dad211\" data-element_type=\"container\">\n\t\t<div class=\"elementor-element elementor-element-8ca8122 e-con-full e-flex e-con e-child\" data-id=\"8ca8122\" data-element_type=\"container\">\n\t\t\t\t<div class=\"elementor-element elementor-element-944e207 elementor-widget elementor-widget-heading\" data-id=\"944e207\" data-element_type=\"widget\" data-widget_type=\"heading.default\">\n\t\t\t\t\t<h2 class=\"elementor-heading-title elementor-size-default\">Cartouche en aluminium pour armes non l\u00e9tales et de d\u00e9fense<\/h2>\t\t\t\t<\/div>\n\t\t\t\t<\/div>\n\t\t<div class=\"elementor-element elementor-element-5baf03f e-con-full e-flex e-con e-child\" data-id=\"5baf03f\" data-element_type=\"container\">\n\t\t\t\t<div class=\"elementor-element elementor-element-0cdee16 elementor-widget elementor-widget-text-editor\" data-id=\"0cdee16\" data-element_type=\"widget\" data-widget_type=\"text-editor.default\">\n\t\t\t\t\t\t\t\t\t<p><strong>Emballage brillant<\/strong> est un fabricant professionnel sp\u00e9cialis\u00e9 dans <strong>Coques et bo\u00eetiers vides en aluminium de pr\u00e9cision<\/strong> pour les syst\u00e8mes non l\u00e9taux, d&#039;entra\u00eenement, de signalisation et de d\u00e9fense. <strong>Tous les produits sont livr\u00e9s non charg\u00e9s, sans amorce, sans propergol ni composition pyrotechnique \u2013 uniquement des composants en aluminium pur.<\/strong><\/p><h2>Notre gamme de produits<\/h2><ul><li>Cartouches vides de fus\u00e9es \u00e9clairantes et de signalisation de 26,5 mm \u00e0 40 mm (parachute, fus\u00e9e, multi-\u00e9toile)<\/li><li>\u00c9tuis vides de grenades non l\u00e9tales et fumig\u00e8nes de calibre 37\/38\/40 mm (CS, caoutchouc, b\u00e2ton, explosion, distraction)<\/li><li>Obus vides de grenades fumig\u00e8nes et d&#039;entra\u00eenement de 60\/66 mm<\/li><li>Cartouches vides de leurres et de fus\u00e9es \u00e9clairantes infrarouges de 16 \u00e0 38 mm pour a\u00e9ronefs\u00a0<\/li><li>Bo\u00eetiers de cartouche filtrante vides de 40 mm et 60 mm\u00a0<\/li><li>Douilles vides de d\u00e9tonateurs industriels et de capsules de d\u00e9tonation de 7 \u00e0 7,5 mm (mines et p\u00e9trole-gaz)<\/li><li>Corps en aluminium vides sp\u00e9ciaux, pour salut personnalis\u00e9, contr\u00f4le des \u00e9meutes et lancement.<\/li><\/ul><h2>Capacit\u00e9s techniques<\/h2><p>Fabriqu\u00e9 \u00e0 partir de <strong>aluminium 6061 \/ 6063 \/ 5052<\/strong> Usinage CNC de pr\u00e9cision, tol\u00e9rance de \u00b10,03 mm, options d&#039;anodisation, d&#039;oxydation et d&#039;impression une couleur disponibles. Quantit\u00e9 minimale de commande\u00a0: 5\u00a0000 \u00e0 200\u00a0000\u00a0pi\u00e8ces. Dimensions, filetages et finitions de surface enti\u00e8rement personnalisables.<\/p><p>Reconnue par les forces de l&#039;ordre, les organismes de formation et les fabricants d&#039;\u00e9quipement d&#039;origine (OEM) du monde entier depuis plus de 20 ans.<\/p><p><a href=\"https:\/\/www.cnshining.com\/fr\/contactez\/\" target=\"_blank\" rel=\"noopener\" data-wplink-edit=\"true\"><strong>Contactez-nous d\u00e8s aujourd&#039;hui<\/strong><\/a> pour catalogue, dessins techniques et devis.<\/p>\t\t\t\t\t\t\t\t<\/div>\n\t\t\t\t<\/div>\n\t\t\t\t<\/div>\n\t\t\t\t<\/div>\n\t\t\t\t\t<\/div>\n\t\t\t\t<\/div>\n\t\t<div class=\"elementor-element elementor-element-0823494 e-flex e-con-boxed e-con e-parent\" data-id=\"0823494\" data-element_type=\"container\" data-settings=\"{&quot;background_background&quot;:&quot;classic&quot;}\">\n\t\t\t\t\t<div class=\"e-con-inner\">\n\t\t<div class=\"elementor-element elementor-element-08cee02 e-con-full e-flex e-con e-child\" data-id=\"08cee02\" data-element_type=\"container\">\n\t\t<a class=\"elementor-element elementor-element-9904973 e-con-full e-flex e-con e-child\" data-id=\"9904973\" data-element_type=\"container\" href=\"https:\/\/www.cnshining.com\/fr\/adaptateur-de-cartouche-en-aluminium-de-37-mm\/\" target=\"_blank\" rel=\"nofollow\">\n\t\t\t\t<div class=\"elementor-element elementor-element-869ede2 img elementor-cta--skin-classic elementor-animated-content elementor-bg-transform elementor-bg-transform-zoom-in elementor-widget elementor-widget-call-to-action\" data-id=\"869ede2\" data-element_type=\"widget\" data-widget_type=\"call-to-action.default\">\n\t\t\t\t\t\t\t<div class=\"elementor-cta\">\n\t\t\t\t\t<div class=\"elementor-cta__bg-wrapper\">\n\t\t\t\t<div class=\"elementor-cta__bg elementor-bg\" style=\"background-image: url(https:\/\/www.cnshining.com\/wp-content\/uploads\/elementor\/thumbs\/37mm-Aluminium-Cartridge-adapter-1-rgf68tiputztz1ertzzs23yk10li2zrfg64dj4b2l0.webp);\" role=\"img\" aria-label=\"Adaptateur de cartouche en aluminium de 37 mm\"><\/div>\n\t\t\t\t<div class=\"elementor-cta__bg-overlay\"><\/div>\n\t\t\t<\/div>\n\t\t\t\t\t\t\t\t<\/div>\n\t\t\t\t\t\t<\/div>\n\t\t\t\t<div class=\"elementor-element elementor-element-50b13e9 elementor-widget elementor-widget-heading\" data-id=\"50b13e9\" data-element_type=\"widget\" data-widget_type=\"heading.default\">\n\t\t\t\t\t<h2 class=\"elementor-heading-title elementor-size-default\">Adaptateur de cartouche en aluminium de 37 mm<\/h2>\t\t\t\t<\/div>\n\t\t\t\t<\/a>\n\t\t<a class=\"elementor-element elementor-element-dc87832 e-con-full e-flex e-con e-child\" data-id=\"dc87832\" data-element_type=\"container\" href=\"https:\/\/www.cnshining.com\/fr\/cartouche-aluminium-pour-fusees-26-5mm\/\" target=\"_blank\" rel=\"nofollow\">\n\t\t\t\t<div class=\"elementor-element elementor-element-5226141 img elementor-cta--skin-classic elementor-animated-content elementor-bg-transform elementor-bg-transform-zoom-in elementor-widget elementor-widget-call-to-action\" data-id=\"5226141\" data-element_type=\"widget\" data-widget_type=\"call-to-action.default\">\n\t\t\t\t\t\t\t<div class=\"elementor-cta\">\n\t\t\t\t\t<div class=\"elementor-cta__bg-wrapper\">\n\t\t\t\t<div class=\"elementor-cta__bg elementor-bg\" style=\"background-image: url(https:\/\/www.cnshining.com\/wp-content\/uploads\/elementor\/thumbs\/Aluminium-Cartridge-For-26.5mm-Flares-3-rgf68z5qzu7jwp6kx2fjh2jblbtpd6dtgy1aes2pjo.webp);\" role=\"img\" aria-label=\"Cartouche en aluminium pour fus\u00e9es \u00e9clairantes de 26,5 mm\"><\/div>\n\t\t\t\t<div class=\"elementor-cta__bg-overlay\"><\/div>\n\t\t\t<\/div>\n\t\t\t\t\t\t\t\t<\/div>\n\t\t\t\t\t\t<\/div>\n\t\t\t\t<div class=\"elementor-element elementor-element-702319f elementor-widget elementor-widget-heading\" data-id=\"702319f\" data-element_type=\"widget\" data-widget_type=\"heading.default\">\n\t\t\t\t\t<h2 class=\"elementor-heading-title elementor-size-default\">Cartouche en aluminium de 26,5 mm<\/h2>\t\t\t\t<\/div>\n\t\t\t\t<\/a>\n\t\t<a class=\"elementor-element elementor-element-487fd93 e-con-full e-flex e-con e-child\" data-id=\"487fd93\" data-element_type=\"container\" href=\"https:\/\/www.cnshining.com\/fr\/cartouche-aluminium-37-38-40mm-cs\/\" target=\"_blank\" rel=\"nofollow\">\n\t\t\t\t<div class=\"elementor-element elementor-element-e34c0ff img elementor-cta--skin-classic elementor-animated-content elementor-bg-transform elementor-bg-transform-zoom-in elementor-widget elementor-widget-call-to-action\" data-id=\"e34c0ff\" data-element_type=\"widget\" data-widget_type=\"call-to-action.default\">\n\t\t\t\t\t\t\t<div class=\"elementor-cta\">\n\t\t\t\t\t<div class=\"elementor-cta__bg-wrapper\">\n\t\t\t\t<div class=\"elementor-cta__bg elementor-bg\" style=\"background-image: url(https:\/\/www.cnshining.com\/wp-content\/uploads\/2025\/11\/Aluminum-373840mm-CS-Cartridge.webp);\" role=\"img\" aria-label=\"Cartouche CS en aluminium 37\/38\/40 mm\"><\/div>\n\t\t\t\t<div class=\"elementor-cta__bg-overlay\"><\/div>\n\t\t\t<\/div>\n\t\t\t\t\t\t\t\t<\/div>\n\t\t\t\t\t\t<\/div>\n\t\t\t\t<div class=\"elementor-element elementor-element-e074ae9 elementor-widget elementor-widget-heading\" data-id=\"e074ae9\" data-element_type=\"widget\" data-widget_type=\"heading.default\">\n\t\t\t\t\t<h2 class=\"elementor-heading-title elementor-size-default\">Cartouche en aluminium 37\/38\/40 mm<\/h2>\t\t\t\t<\/div>\n\t\t\t\t<\/a>\n\t\t<a class=\"elementor-element elementor-element-de384db e-con-full e-flex e-con e-child\" data-id=\"de384db\" data-element_type=\"container\" href=\"https:\/\/www.cnshining.com\/fr\/cartouche-en-aluminium-pour-avion-militaire-chaff\/\" target=\"_blank\" rel=\"nofollow\">\n\t\t\t\t<div class=\"elementor-element elementor-element-155dfa5 img elementor-cta--skin-classic elementor-animated-content elementor-bg-transform elementor-bg-transform-zoom-in elementor-widget elementor-widget-call-to-action\" data-id=\"155dfa5\" data-element_type=\"widget\" data-widget_type=\"call-to-action.default\">\n\t\t\t\t\t\t\t<div class=\"elementor-cta\">\n\t\t\t\t\t<div class=\"elementor-cta__bg-wrapper\">\n\t\t\t\t<div class=\"elementor-cta__bg elementor-bg\" style=\"background-image: url(https:\/\/www.cnshining.com\/wp-content\/uploads\/elementor\/thumbs\/Aluminum-Cartridge-for-Milita-Chaff-2-rf0fkkuqer6lkjtug9v31z72zagbtn5x974scpo6vo.webp);\" role=\"img\" aria-label=\"Cartouche en aluminium pour paillettes militaires\"><\/div>\n\t\t\t\t<div class=\"elementor-cta__bg-overlay\"><\/div>\n\t\t\t<\/div>\n\t\t\t\t\t\t\t\t<\/div>\n\t\t\t\t\t\t<\/div>\n\t\t\t\t<div class=\"elementor-element elementor-element-ba34d0e elementor-widget elementor-widget-heading\" data-id=\"ba34d0e\" data-element_type=\"widget\" data-widget_type=\"heading.default\">\n\t\t\t\t\t<h2 class=\"elementor-heading-title elementor-size-default\">Cartouche en aluminium pour paillettes militaires<\/h2>\t\t\t\t<\/div>\n\t\t\t\t<\/a>\n\t\t<a class=\"elementor-element elementor-element-895ee84 e-con-full e-flex e-con e-child\" data-id=\"895ee84\" data-element_type=\"container\" href=\"https:\/\/www.cnshining.com\/fr\/cartouche-en-aluminium-pour-grenade-fumigene\/\" target=\"_blank\" rel=\"nofollow\">\n\t\t\t\t<div class=\"elementor-element elementor-element-f7d9658 img elementor-cta--skin-classic elementor-animated-content elementor-bg-transform elementor-bg-transform-zoom-in elementor-widget elementor-widget-call-to-action\" data-id=\"f7d9658\" data-element_type=\"widget\" data-widget_type=\"call-to-action.default\">\n\t\t\t\t\t\t\t<div class=\"elementor-cta\">\n\t\t\t\t\t<div class=\"elementor-cta__bg-wrapper\">\n\t\t\t\t<div class=\"elementor-cta__bg elementor-bg\" style=\"background-image: url(https:\/\/www.cnshining.com\/wp-content\/uploads\/elementor\/thumbs\/Aluminum-Cartridge-for-Smoke-Grenade-1-rf0ia4jrnspufq4wuft9td16atnmmuf400etah1d5g.webp);\" role=\"img\" aria-label=\"Cartouche en aluminium pour grenade fumig\u00e8ne\"><\/div>\n\t\t\t\t<div class=\"elementor-cta__bg-overlay\"><\/div>\n\t\t\t<\/div>\n\t\t\t\t\t\t\t\t<\/div>\n\t\t\t\t\t\t<\/div>\n\t\t\t\t<div class=\"elementor-element elementor-element-f64e611 elementor-widget elementor-widget-heading\" data-id=\"f64e611\" data-element_type=\"widget\" data-widget_type=\"heading.default\">\n\t\t\t\t\t<h2 class=\"elementor-heading-title elementor-size-default\">Cartouche en aluminium pour grenade fumig\u00e8ne<\/h2>\t\t\t\t<\/div>\n\t\t\t\t<\/a>\n\t\t<a class=\"elementor-element elementor-element-764084e e-con-full e-flex e-con e-child\" data-id=\"764084e\" data-element_type=\"container\" href=\"https:\/\/www.cnshining.com\/fr\/grenade-a-main-fumante\/\" target=\"_blank\" rel=\"nofollow\">\n\t\t\t\t<div class=\"elementor-element elementor-element-36ba9f6 img elementor-cta--skin-classic elementor-animated-content elementor-bg-transform elementor-bg-transform-zoom-in elementor-widget elementor-widget-call-to-action\" data-id=\"36ba9f6\" data-element_type=\"widget\" data-widget_type=\"call-to-action.default\">\n\t\t\t\t\t\t\t<div class=\"elementor-cta\">\n\t\t\t\t\t<div class=\"elementor-cta__bg-wrapper\">\n\t\t\t\t<div class=\"elementor-cta__bg elementor-bg\" style=\"background-image: url(https:\/\/www.cnshining.com\/wp-content\/uploads\/elementor\/thumbs\/Smoke-Hand-Grenade-1-rf0ia2o3a4n9si7n5f00odi941ww7g7nbr3ubx45hw.webp);\" role=\"img\" aria-label=\"Grenade fumig\u00e8ne\"><\/div>\n\t\t\t\t<div class=\"elementor-cta__bg-overlay\"><\/div>\n\t\t\t<\/div>\n\t\t\t\t\t\t\t\t<\/div>\n\t\t\t\t\t\t<\/div>\n\t\t\t\t<div class=\"elementor-element elementor-element-e0120da elementor-widget elementor-widget-heading\" data-id=\"e0120da\" data-element_type=\"widget\" data-widget_type=\"heading.default\">\n\t\t\t\t\t<h2 class=\"elementor-heading-title elementor-size-default\">grenade fumig\u00e8ne<\/h2>\t\t\t\t<\/div>\n\t\t\t\t<\/a>\n\t\t<a class=\"elementor-element elementor-element-f406e09 e-con-full e-flex e-con e-child\" data-id=\"f406e09\" data-element_type=\"container\" href=\"https:\/\/www.cnshining.com\/fr\/boitier-en-aluminium-pour-filtre-de-masque-a-gaz\/\" target=\"_blank\" rel=\"nofollow\">\n\t\t\t\t<div class=\"elementor-element elementor-element-b7515f4 img elementor-cta--skin-classic elementor-animated-content elementor-bg-transform elementor-bg-transform-zoom-in elementor-widget elementor-widget-call-to-action\" data-id=\"b7515f4\" data-element_type=\"widget\" data-widget_type=\"call-to-action.default\">\n\t\t\t\t\t\t\t<div class=\"elementor-cta\">\n\t\t\t\t\t<div class=\"elementor-cta__bg-wrapper\">\n\t\t\t\t<div class=\"elementor-cta__bg elementor-bg\" style=\"background-image: url(https:\/\/www.cnshining.com\/wp-content\/uploads\/elementor\/thumbs\/Aluminum-Housing-for-Gas-Mask-Filter-1-rf0ia6fg1gsf2y26jgmiyck3hled28mko9ps90ykt0.webp);\" role=\"img\" aria-label=\"Bo\u00eetier en aluminium pour filtre de masque \u00e0 gaz\"><\/div>\n\t\t\t\t<div class=\"elementor-cta__bg-overlay\"><\/div>\n\t\t\t<\/div>\n\t\t\t\t\t\t\t\t<\/div>\n\t\t\t\t\t\t<\/div>\n\t\t\t\t<div class=\"elementor-element elementor-element-d43d792 elementor-widget elementor-widget-heading\" data-id=\"d43d792\" data-element_type=\"widget\" data-widget_type=\"heading.default\">\n\t\t\t\t\t<h2 class=\"elementor-heading-title elementor-size-default\">Bo\u00eetier en aluminium pour filtre de masque \u00e0 gaz<\/h2>\t\t\t\t<\/div>\n\t\t\t\t<\/a>\n\t\t<a class=\"elementor-element elementor-element-f24ddd2 e-con-full e-flex e-con e-child\" data-id=\"f24ddd2\" data-element_type=\"container\" href=\"https:\/\/www.cnshining.com\/fr\/aluminium-detonator-blasting-caps-tube-case\/\" target=\"_blank\" rel=\"nofollow\">\n\t\t\t\t<div class=\"elementor-element elementor-element-a0ac230 img elementor-cta--skin-classic elementor-animated-content elementor-bg-transform elementor-bg-transform-zoom-in elementor-widget elementor-widget-call-to-action\" data-id=\"a0ac230\" data-element_type=\"widget\" data-widget_type=\"call-to-action.default\">\n\t\t\t\t\t\t\t<div class=\"elementor-cta\">\n\t\t\t\t\t<div class=\"elementor-cta__bg-wrapper\">\n\t\t\t\t<div class=\"elementor-cta__bg elementor-bg\" style=\"background-image: url(https:\/\/www.cnshining.com\/wp-content\/uploads\/elementor\/thumbs\/Aluminum-Detonator-Blasting-Caps-1-rf0ia6fg1gsf2y26jgmiyck3hled28mko9ps90ykt0.webp);\" role=\"img\" aria-label=\"D\u00e9tonateurs en aluminium, capsules explosives\"><\/div>\n\t\t\t\t<div class=\"elementor-cta__bg-overlay\"><\/div>\n\t\t\t<\/div>\n\t\t\t\t\t\t\t\t<\/div>\n\t\t\t\t\t\t<\/div>\n\t\t\t\t<div class=\"elementor-element elementor-element-5899901 elementor-widget elementor-widget-heading\" data-id=\"5899901\" data-element_type=\"widget\" data-widget_type=\"heading.default\">\n\t\t\t\t\t<h2 class=\"elementor-heading-title elementor-size-default\">D\u00e9tonateurs en aluminium<\/h2>\t\t\t\t<\/div>\n\t\t\t\t<\/a>\n\t\t\t\t<\/div>\n\t\t\t\t\t<\/div>\n\t\t\t\t<\/div>\n\t\t\t\t<\/div>","protected":false},"excerpt":{"rendered":"<p>Cartouches et \u00e9tuis vides en aluminium de pr\u00e9cision pour munitions fumig\u00e8nes, \u00e9clairantes et \u00e0 paillettes de 26,5 \u00e0 66 mm, munitions non l\u00e9tales de 37 \u00e0 40 mm et d\u00e9tonateurs. Vendues vides, sans amorce ni poudre. Quantit\u00e9 minimale de commande\u00a0: 5\u00a0000 \u00e0 200\u00a0000 unit\u00e9s. Fournisseur OEM sur mesure.<\/p>","protected":false},"author":1,"featured_media":31428,"parent":0,"menu_order":0,"comment_status":"closed","ping_status":"closed","template":"","meta":{"footnotes":""},"class_list":["post-29145","page","type-page","status-publish","has-post-thumbnail","hentry"],"_links":{"self":[{"href":"https:\/\/www.cnshining.com\/fr\/wp-json\/wp\/v2\/pages\/29145","targetHints":{"allow":["GET"]}}],"collection":[{"href":"https:\/\/www.cnshining.com\/fr\/wp-json\/wp\/v2\/pages"}],"about":[{"href":"https:\/\/www.cnshining.com\/fr\/wp-json\/wp\/v2\/types\/page"}],"author":[{"embeddable":true,"href":"https:\/\/www.cnshining.com\/fr\/wp-json\/wp\/v2\/users\/1"}],"replies":[{"embeddable":true,"href":"https:\/\/www.cnshining.com\/fr\/wp-json\/wp\/v2\/comments?post=29145"}],"version-history":[{"count":0,"href":"https:\/\/www.cnshining.com\/fr\/wp-json\/wp\/v2\/pages\/29145\/revisions"}],"wp:featuredmedia":[{"embeddable":true,"href":"https:\/\/www.cnshining.com\/fr\/wp-json\/wp\/v2\/media\/31428"}],"wp:attachment":[{"href":"https:\/\/www.cnshining.com\/fr\/wp-json\/wp\/v2\/media?parent=29145"}],"curies":[{"name":"wp","href":"https:\/\/api.w.org\/{rel}","templated":true}]}}