{"id":37448,"date":"2025-11-25T09:26:59","date_gmt":"2025-11-25T09:26:59","guid":{"rendered":"https:\/\/www.cnshining.com\/?page_id=37448"},"modified":"2025-12-23T05:36:33","modified_gmt":"2025-12-23T05:36:33","slug":"industrie-de-lentretien-automobile","status":"publish","type":"page","link":"https:\/\/www.cnshining.com\/fr\/industrie\/industrie-de-lentretien-automobile","title":{"rendered":"Emballages m\u00e9talliques pour produits d&#039;entretien automobile et produits chimiques"},"content":{"rendered":"<div data-elementor-type=\"wp-page\" data-elementor-id=\"37448\" class=\"elementor elementor-37448\" data-elementor-post-type=\"page\">\n\t\t\t\t<div class=\"elementor-element elementor-element-2fa62fb1 e-flex e-con-boxed e-con e-parent\" data-id=\"2fa62fb1\" data-element_type=\"container\" data-settings=\"{&quot;background_background&quot;:&quot;classic&quot;}\">\n\t\t\t\t\t<div class=\"e-con-inner\">\n\t\t\t\t<div class=\"elementor-element elementor-element-36a3e17 elementor-icon-list--layout-inline elementor-align-center elementor-list-item-link-full_width elementor-widget elementor-widget-icon-list\" data-id=\"36a3e17\" data-element_type=\"widget\" data-widget_type=\"icon-list.default\">\n\t\t\t\t\t\t\t<ul class=\"elementor-icon-list-items elementor-inline-items\">\n\t\t\t\t\t\t\t<li class=\"elementor-icon-list-item elementor-inline-item\">\n\t\t\t\t\t\t\t\t\t\t\t<a href=\"https:\/\/www.cnshining.com\/fr\" target=\"_blank\">\n\n\t\t\t\t\t\t\t\t\t\t\t\t<span class=\"elementor-icon-list-icon\">\n\t\t\t\t\t\t\t<svg aria-hidden=\"true\" class=\"e-font-icon-svg e-fas-home\" viewbox=\"0 0 576 512\" xmlns=\"http:\/\/www.w3.org\/2000\/svg\"><path d=\"M280.37 148.26L96 300.11V464a16 16 0 0 0 16 16l112.06-.29a16 16 0 0 0 15.92-16V368a16 16 0 0 1 16-16h64a16 16 0 0 1 16 16v95.64a16 16 0 0 0 16 16.05L464 480a16 16 0 0 0 16-16V300L295.67 148.26a12.19 12.19 0 0 0-15.3 0zM571.6 251.47L488 182.56V44.05a12 12 0 0 0-12-12h-56a12 12 0 0 0-12 12v72.61L318.47 43a48 48 0 0 0-61 0L4.34 251.47a12 12 0 0 0-1.6 16.9l25.5 31A12 12 0 0 0 45.15 301l235.22-193.74a12.19 12.19 0 0 1 15.3 0L530.9 301a12 12 0 0 0 16.9-1.6l25.5-31a12 12 0 0 0-1.7-16.93z\"><\/path><\/svg>\t\t\t\t\t\t<\/span>\n\t\t\t\t\t\t\t\t\t\t<span class=\"elementor-icon-list-text\">Maison \/<\/span>\n\t\t\t\t\t\t\t\t\t\t\t<\/a>\n\t\t\t\t\t\t\t\t\t<\/li>\n\t\t\t\t\t\t\t\t<li class=\"elementor-icon-list-item elementor-inline-item\">\n\t\t\t\t\t\t\t\t\t\t\t<a href=\"https:\/\/www.cnshining.com\/fr\/industrie\/\" target=\"_blank\">\n\n\t\t\t\t\t\t\t\t\t\t\t<span class=\"elementor-icon-list-text\">Industrie \/<\/span>\n\t\t\t\t\t\t\t\t\t\t\t<\/a>\n\t\t\t\t\t\t\t\t\t<\/li>\n\t\t\t\t\t\t<\/ul>\n\t\t\t\t\t\t<\/div>\n\t\t\t\t\t<\/div>\n\t\t\t\t<\/div>\n\t\t<div class=\"elementor-element elementor-element-208c9b0 e-flex e-con-boxed e-con e-parent\" data-id=\"208c9b0\" data-element_type=\"container\" data-settings=\"{&quot;background_background&quot;:&quot;classic&quot;}\">\n\t\t\t\t\t<div class=\"e-con-inner\">\n\t\t\t\t<div class=\"elementor-element elementor-element-d42cce6 elementor-widget elementor-widget-text-editor\" data-id=\"d42cce6\" data-element_type=\"widget\" data-widget_type=\"text-editor.default\">\n\t\t\t\t\t\t\t\t\t<p>Les produits chimiques industriels exigent une fiabilit\u00e9 d&#039;emballage maximale. Nos solutions d&#039;emballage m\u00e9tallique privil\u00e9gient la s\u00e9curit\u00e9 et la qualit\u00e9, attest\u00e9es par la certification ISO et la conformit\u00e9 aux normes DOT et ONU, garantissant ainsi une manutention et un transport s\u00e9curis\u00e9s.<\/p>\t\t\t\t\t\t\t\t<\/div>\n\t\t\t\t\t<\/div>\n\t\t\t\t<\/div>\n\t\t<div class=\"elementor-element elementor-element-a68e6bb e-flex e-con-boxed e-con e-parent\" data-id=\"a68e6bb\" data-element_type=\"container\" data-settings=\"{&quot;background_background&quot;:&quot;classic&quot;}\">\n\t\t\t\t\t<div class=\"e-con-inner\">\n\t\t<div class=\"elementor-element elementor-element-3b48f3b e-con-full e-flex e-con e-child\" data-id=\"3b48f3b\" data-element_type=\"container\">\n\t\t<a class=\"elementor-element elementor-element-66133df e-con-full e-flex e-con e-child\" data-id=\"66133df\" data-element_type=\"container\" href=\"https:\/\/www.cnshining.com\/fr\/fabricant-de-bombes-aerosol-en-aluminium\/\" target=\"_blank\">\n\t\t\t\t<div class=\"elementor-element elementor-element-1257809 img elementor-cta--skin-classic elementor-animated-content elementor-bg-transform elementor-bg-transform-zoom-in elementor-widget elementor-widget-call-to-action\" data-id=\"1257809\" data-element_type=\"widget\" data-widget_type=\"call-to-action.default\">\n\t\t\t\t\t\t\t<div class=\"elementor-cta\">\n\t\t\t\t\t<div class=\"elementor-cta__bg-wrapper\">\n\t\t\t\t<div class=\"elementor-cta__bg elementor-bg\" style=\"background-image: url(https:\/\/www.cnshining.com\/wp-content\/uploads\/elementor\/thumbs\/Aerosol-Can-rgfalug30amnuogmlswnyyfdrhndt1s0ex4jjd8b6u.webp);\" role=\"img\" aria-label=\"A\u00e9rosol\"><\/div>\n\t\t\t\t<div class=\"elementor-cta__bg-overlay\"><\/div>\n\t\t\t<\/div>\n\t\t\t\t\t\t\t\t<\/div>\n\t\t\t\t\t\t<\/div>\n\t\t\t\t<div class=\"elementor-element elementor-element-88772ff elementor-widget elementor-widget-heading\" data-id=\"88772ff\" data-element_type=\"widget\" data-widget_type=\"heading.default\">\n\t\t\t\t\t<h2 class=\"elementor-heading-title elementor-size-default\"> A\u00e9rosol<\/h2>\t\t\t\t<\/div>\n\t\t\t\t<\/a>\n\t\t<a class=\"elementor-element elementor-element-a4db9a7 e-con-full e-flex e-con e-child\" data-id=\"a4db9a7\" data-element_type=\"container\" href=\"https:\/\/www.cnshining.com\/fr\/marche-des-bouteilles-en-aluminium\/\" target=\"_blank\">\n\t\t\t\t<div class=\"elementor-element elementor-element-67ac3e9 img elementor-cta--skin-classic elementor-animated-content elementor-bg-transform elementor-bg-transform-zoom-in elementor-widget elementor-widget-call-to-action\" data-id=\"67ac3e9\" data-element_type=\"widget\" data-widget_type=\"call-to-action.default\">\n\t\t\t\t\t\t\t<div class=\"elementor-cta\">\n\t\t\t\t\t<div class=\"elementor-cta__bg-wrapper\">\n\t\t\t\t<div class=\"elementor-cta__bg elementor-bg\" style=\"background-image: url(https:\/\/www.cnshining.com\/wp-content\/uploads\/elementor\/thumbs\/Aluminum-Bottle-1-rav0a3hze2h2pgwqazin5hdulvrb3cxga1s4rwuld2.webp);\" role=\"img\" aria-label=\"Bouteille en aluminium\"><\/div>\n\t\t\t\t<div class=\"elementor-cta__bg-overlay\"><\/div>\n\t\t\t<\/div>\n\t\t\t\t\t\t\t\t<\/div>\n\t\t\t\t\t\t<\/div>\n\t\t\t\t<div class=\"elementor-element elementor-element-13adf5a elementor-widget elementor-widget-heading\" data-id=\"13adf5a\" data-element_type=\"widget\" data-widget_type=\"heading.default\">\n\t\t\t\t\t<h2 class=\"elementor-heading-title elementor-size-default\">Bouteille en aluminium<\/h2>\t\t\t\t<\/div>\n\t\t\t\t<\/a>\n\t\t<a class=\"elementor-element elementor-element-9d40615 e-con-full e-flex e-con e-child\" data-id=\"9d40615\" data-element_type=\"container\" href=\"https:\/\/www.cnshining.com\/fr\/tube-en-aluminium\/\" target=\"_blank\">\n\t\t\t\t<div class=\"elementor-element elementor-element-3219dc6 img elementor-cta--skin-classic elementor-animated-content elementor-bg-transform elementor-bg-transform-zoom-in elementor-widget elementor-widget-call-to-action\" data-id=\"3219dc6\" data-element_type=\"widget\" data-widget_type=\"call-to-action.default\">\n\t\t\t\t\t\t\t<div class=\"elementor-cta\">\n\t\t\t\t\t<div class=\"elementor-cta__bg-wrapper\">\n\t\t\t\t<div class=\"elementor-cta__bg elementor-bg\" style=\"background-image: url(https:\/\/www.cnshining.com\/wp-content\/uploads\/elementor\/thumbs\/Aluminum-Tube-rautojqc7dacl5ynfayw0fe62alvt3viyagkkh2e1s.webp);\" role=\"img\" aria-label=\"Tube en aluminium\"><\/div>\n\t\t\t\t<div class=\"elementor-cta__bg-overlay\"><\/div>\n\t\t\t<\/div>\n\t\t\t\t\t\t\t\t<\/div>\n\t\t\t\t\t\t<\/div>\n\t\t\t\t<div class=\"elementor-element elementor-element-497d0fc elementor-widget elementor-widget-heading\" data-id=\"497d0fc\" data-element_type=\"widget\" data-widget_type=\"heading.default\">\n\t\t\t\t\t<h2 class=\"elementor-heading-title elementor-size-default\">Tube en aluminium<\/h2>\t\t\t\t<\/div>\n\t\t\t\t<\/a>\n\t\t<a class=\"elementor-element elementor-element-dff01f4 e-con-full e-flex e-con e-child\" data-id=\"dff01f4\" data-element_type=\"container\" href=\"https:\/\/www.cnshining.com\/fr\/boites-metalliques\/\" target=\"_blank\">\n\t\t\t\t<div class=\"elementor-element elementor-element-11af310 img elementor-cta--skin-classic elementor-animated-content elementor-bg-transform elementor-bg-transform-zoom-in elementor-widget elementor-widget-call-to-action\" data-id=\"11af310\" data-element_type=\"widget\" data-widget_type=\"call-to-action.default\">\n\t\t\t\t\t\t\t<div class=\"elementor-cta\">\n\t\t\t\t\t<div class=\"elementor-cta__bg-wrapper\">\n\t\t\t\t<div class=\"elementor-cta__bg elementor-bg\" style=\"background-image: url(https:\/\/www.cnshining.com\/wp-content\/uploads\/elementor\/thumbs\/Metal-Can-1-rf9dk2si00qxv5o5xov9wdhlhwg27h8sbbz4kcl7ho.webp);\" role=\"img\" aria-label=\"Bo\u00eete m\u00e9tallique\"><\/div>\n\t\t\t\t<div class=\"elementor-cta__bg-overlay\"><\/div>\n\t\t\t<\/div>\n\t\t\t\t\t\t\t\t<\/div>\n\t\t\t\t\t\t<\/div>\n\t\t\t\t<div class=\"elementor-element elementor-element-23a6afd elementor-widget elementor-widget-heading\" data-id=\"23a6afd\" data-element_type=\"widget\" data-widget_type=\"heading.default\">\n\t\t\t\t\t<h2 class=\"elementor-heading-title elementor-size-default\">Bo\u00eete m\u00e9tallique<\/h2>\t\t\t\t<\/div>\n\t\t\t\t<\/a>\n\t\t<a class=\"elementor-element elementor-element-3641a80 e-con-full e-flex e-con e-child\" data-id=\"3641a80\" data-element_type=\"container\" href=\"https:\/\/www.cnshining.com\/fr\/boites-metalliques-2\/\" target=\"_blank\">\n\t\t\t\t<div class=\"elementor-element elementor-element-1e573a1 img elementor-cta--skin-classic elementor-animated-content elementor-bg-transform elementor-bg-transform-zoom-in elementor-widget elementor-widget-call-to-action\" data-id=\"1e573a1\" data-element_type=\"widget\" data-widget_type=\"call-to-action.default\">\n\t\t\t\t\t\t\t<div class=\"elementor-cta\">\n\t\t\t\t\t<div class=\"elementor-cta__bg-wrapper\">\n\t\t\t\t<div class=\"elementor-cta__bg elementor-bg\" style=\"background-image: url(https:\/\/www.cnshining.com\/wp-content\/uploads\/elementor\/thumbs\/Tea-Tin-1-rf9e7u5mr99vcb5p6ylrxdn22jc2s1kiwxmza5cxzy.webp);\" role=\"img\" aria-label=\"Bo\u00eetes m\u00e9talliques\"><\/div>\n\t\t\t\t<div class=\"elementor-cta__bg-overlay\"><\/div>\n\t\t\t<\/div>\n\t\t\t\t\t\t\t\t<\/div>\n\t\t\t\t\t\t<\/div>\n\t\t\t\t<div class=\"elementor-element elementor-element-91a13d7 elementor-widget elementor-widget-heading\" data-id=\"91a13d7\" data-element_type=\"widget\" data-widget_type=\"heading.default\">\n\t\t\t\t\t<h2 class=\"elementor-heading-title elementor-size-default\">Bo\u00eetes m\u00e9talliques<\/h2>\t\t\t\t<\/div>\n\t\t\t\t<\/a>\n\t\t<a class=\"elementor-element elementor-element-3e7582c e-con-full e-flex e-con e-child\" data-id=\"3e7582c\" data-element_type=\"container\" href=\"https:\/\/www.cnshining.com\/fr\/fabricant-de-bouteilles-de-gaz-en-aluminium\/\" target=\"_blank\">\n\t\t\t\t<div class=\"elementor-element elementor-element-4de3f2e img elementor-cta--skin-classic elementor-animated-content elementor-bg-transform elementor-bg-transform-zoom-in elementor-widget elementor-widget-call-to-action\" data-id=\"4de3f2e\" data-element_type=\"widget\" data-widget_type=\"call-to-action.default\">\n\t\t\t\t\t\t\t<div class=\"elementor-cta\">\n\t\t\t\t\t<div class=\"elementor-cta__bg-wrapper\">\n\t\t\t\t<div class=\"elementor-cta__bg elementor-bg\" style=\"background-image: url(https:\/\/www.cnshining.com\/wp-content\/uploads\/elementor\/thumbs\/Aluminium-Gas-Cylinders-rflon7y4iknsjjqugnrn35qe9zahsi6de5t67do42u.webp);\" role=\"img\" aria-label=\"Bouteilles de gaz en aluminium\"><\/div>\n\t\t\t\t<div class=\"elementor-cta__bg-overlay\"><\/div>\n\t\t\t<\/div>\n\t\t\t\t\t\t\t\t<\/div>\n\t\t\t\t\t\t<\/div>\n\t\t\t\t<div class=\"elementor-element elementor-element-3a51d89 elementor-widget elementor-widget-heading\" data-id=\"3a51d89\" data-element_type=\"widget\" data-widget_type=\"heading.default\">\n\t\t\t\t\t<h2 class=\"elementor-heading-title elementor-size-default\">Bouteilles de gaz en aluminium<\/h2>\t\t\t\t<\/div>\n\t\t\t\t<\/a>\n\t\t\t\t<\/div>\n\t\t\t\t\t<\/div>\n\t\t\t\t<\/div>\n\t\t\t\t<\/div>","protected":false},"excerpt":{"rendered":"<p>Shining Packaging propose des solutions d&#039;emballage m\u00e9tallique industriel pour a\u00e9rosols, bouteilles et tubes en aluminium, bo\u00eetes m\u00e9talliques, canettes et bouteilles de gaz. Certifications ISO, DOT et ONU pour une manutention et un transport en toute s\u00e9curit\u00e9.<\/p>","protected":false},"author":1,"featured_media":0,"parent":37407,"menu_order":0,"comment_status":"closed","ping_status":"closed","template":"","meta":{"footnotes":""},"class_list":["post-37448","page","type-page","status-publish","hentry"],"_links":{"self":[{"href":"https:\/\/www.cnshining.com\/fr\/wp-json\/wp\/v2\/pages\/37448","targetHints":{"allow":["GET"]}}],"collection":[{"href":"https:\/\/www.cnshining.com\/fr\/wp-json\/wp\/v2\/pages"}],"about":[{"href":"https:\/\/www.cnshining.com\/fr\/wp-json\/wp\/v2\/types\/page"}],"author":[{"embeddable":true,"href":"https:\/\/www.cnshining.com\/fr\/wp-json\/wp\/v2\/users\/1"}],"replies":[{"embeddable":true,"href":"https:\/\/www.cnshining.com\/fr\/wp-json\/wp\/v2\/comments?post=37448"}],"version-history":[{"count":0,"href":"https:\/\/www.cnshining.com\/fr\/wp-json\/wp\/v2\/pages\/37448\/revisions"}],"up":[{"embeddable":true,"href":"https:\/\/www.cnshining.com\/fr\/wp-json\/wp\/v2\/pages\/37407"}],"wp:attachment":[{"href":"https:\/\/www.cnshining.com\/fr\/wp-json\/wp\/v2\/media?parent=37448"}],"curies":[{"name":"wp","href":"https:\/\/api.w.org\/{rel}","templated":true}]}}