{"id":37573,"date":"2025-11-26T02:30:47","date_gmt":"2025-11-26T02:30:47","guid":{"rendered":"https:\/\/www.cnshining.com\/?page_id=37573"},"modified":"2025-12-23T05:37:19","modified_gmt":"2025-12-23T05:37:19","slug":"nutrition-et-sante","status":"publish","type":"page","link":"https:\/\/www.cnshining.com\/fr\/industrie\/nutrition-et-sante","title":{"rendered":"Emballages m\u00e9talliques pour la sant\u00e9 et la nutrition"},"content":{"rendered":"<div data-elementor-type=\"wp-page\" data-elementor-id=\"37573\" class=\"elementor elementor-37573\" data-elementor-post-type=\"page\">\n\t\t\t\t<div class=\"elementor-element elementor-element-efea99b e-flex e-con-boxed e-con e-parent\" data-id=\"efea99b\" data-element_type=\"container\" data-settings=\"{&quot;background_background&quot;:&quot;classic&quot;}\">\n\t\t\t\t\t<div class=\"e-con-inner\">\n\t\t\t\t<div class=\"elementor-element elementor-element-bd13305 elementor-icon-list--layout-inline elementor-align-center elementor-list-item-link-full_width elementor-widget elementor-widget-icon-list\" data-id=\"bd13305\" data-element_type=\"widget\" data-widget_type=\"icon-list.default\">\n\t\t\t\t\t\t\t<ul class=\"elementor-icon-list-items elementor-inline-items\">\n\t\t\t\t\t\t\t<li class=\"elementor-icon-list-item elementor-inline-item\">\n\t\t\t\t\t\t\t\t\t\t\t<a href=\"https:\/\/www.cnshining.com\/fr\" target=\"_blank\">\n\n\t\t\t\t\t\t\t\t\t\t\t\t<span class=\"elementor-icon-list-icon\">\n\t\t\t\t\t\t\t<svg aria-hidden=\"true\" class=\"e-font-icon-svg e-fas-home\" viewbox=\"0 0 576 512\" xmlns=\"http:\/\/www.w3.org\/2000\/svg\"><path d=\"M280.37 148.26L96 300.11V464a16 16 0 0 0 16 16l112.06-.29a16 16 0 0 0 15.92-16V368a16 16 0 0 1 16-16h64a16 16 0 0 1 16 16v95.64a16 16 0 0 0 16 16.05L464 480a16 16 0 0 0 16-16V300L295.67 148.26a12.19 12.19 0 0 0-15.3 0zM571.6 251.47L488 182.56V44.05a12 12 0 0 0-12-12h-56a12 12 0 0 0-12 12v72.61L318.47 43a48 48 0 0 0-61 0L4.34 251.47a12 12 0 0 0-1.6 16.9l25.5 31A12 12 0 0 0 45.15 301l235.22-193.74a12.19 12.19 0 0 1 15.3 0L530.9 301a12 12 0 0 0 16.9-1.6l25.5-31a12 12 0 0 0-1.7-16.93z\"><\/path><\/svg>\t\t\t\t\t\t<\/span>\n\t\t\t\t\t\t\t\t\t\t<span class=\"elementor-icon-list-text\">Maison \/<\/span>\n\t\t\t\t\t\t\t\t\t\t\t<\/a>\n\t\t\t\t\t\t\t\t\t<\/li>\n\t\t\t\t\t\t\t\t<li class=\"elementor-icon-list-item elementor-inline-item\">\n\t\t\t\t\t\t\t\t\t\t\t<a href=\"https:\/\/www.cnshining.com\/fr\/industrie\/\" target=\"_blank\">\n\n\t\t\t\t\t\t\t\t\t\t\t<span class=\"elementor-icon-list-text\">Industrie \/<\/span>\n\t\t\t\t\t\t\t\t\t\t\t<\/a>\n\t\t\t\t\t\t\t\t\t<\/li>\n\t\t\t\t\t\t<\/ul>\n\t\t\t\t\t\t<\/div>\n\t\t\t\t\t<\/div>\n\t\t\t\t<\/div>\n\t\t<div class=\"elementor-element elementor-element-f5f277a e-flex e-con-boxed e-con e-parent\" data-id=\"f5f277a\" data-element_type=\"container\" data-settings=\"{&quot;background_background&quot;:&quot;classic&quot;}\">\n\t\t\t\t\t<div class=\"e-con-inner\">\n\t\t\t\t<div class=\"elementor-element elementor-element-a29c4bc elementor-widget elementor-widget-text-editor\" data-id=\"a29c4bc\" data-element_type=\"widget\" data-widget_type=\"text-editor.default\">\n\t\t\t\t\t\t\t\t\t<p>Les produits de sant\u00e9 et de nutrition exigent des emballages r\u00e9pondant \u00e0 des normes de qualit\u00e9 et de s\u00e9curit\u00e9 strictes. Nos solutions d&#039;emballage m\u00e9tallique sont con\u00e7ues sur mesure pour les produits pharmaceutiques et nutraceutiques, et font l&#039;objet de tests de conformit\u00e9 r\u00e9alis\u00e9s par un organisme tiers afin de garantir le respect des r\u00e9glementations et la confiance des consommateurs.<\/p>\t\t\t\t\t\t\t\t<\/div>\n\t\t\t\t\t<\/div>\n\t\t\t\t<\/div>\n\t\t<div class=\"elementor-element elementor-element-c862f89 e-flex e-con-boxed e-con e-parent\" data-id=\"c862f89\" data-element_type=\"container\" data-settings=\"{&quot;background_background&quot;:&quot;classic&quot;}\">\n\t\t\t\t\t<div class=\"e-con-inner\">\n\t\t<div class=\"elementor-element elementor-element-9df91e4 e-con-full e-flex e-con e-child\" data-id=\"9df91e4\" data-element_type=\"container\">\n\t\t<a class=\"elementor-element elementor-element-ce93793 e-con-full e-flex e-con e-child\" data-id=\"ce93793\" data-element_type=\"container\" href=\"https:\/\/www.cnshining.com\/fr\/fabricant-de-bombes-aerosol-en-aluminium\/\" target=\"_blank\">\n\t\t\t\t<div class=\"elementor-element elementor-element-ae81ebf img elementor-cta--skin-classic elementor-animated-content elementor-bg-transform elementor-bg-transform-zoom-in elementor-widget elementor-widget-call-to-action\" data-id=\"ae81ebf\" data-element_type=\"widget\" data-widget_type=\"call-to-action.default\">\n\t\t\t\t\t\t\t<div class=\"elementor-cta\">\n\t\t\t\t\t<div class=\"elementor-cta__bg-wrapper\">\n\t\t\t\t<div class=\"elementor-cta__bg elementor-bg\" style=\"background-image: url(https:\/\/www.cnshining.com\/wp-content\/uploads\/elementor\/thumbs\/Aerosol-Can-rgfalug30amnuogmlswnyyfdrhndt1s0ex4jjd8b6u.webp);\" role=\"img\" aria-label=\"A\u00e9rosol\"><\/div>\n\t\t\t\t<div class=\"elementor-cta__bg-overlay\"><\/div>\n\t\t\t<\/div>\n\t\t\t\t\t\t\t\t<\/div>\n\t\t\t\t\t\t<\/div>\n\t\t\t\t<div class=\"elementor-element elementor-element-4ccd345 elementor-widget elementor-widget-heading\" data-id=\"4ccd345\" data-element_type=\"widget\" data-widget_type=\"heading.default\">\n\t\t\t\t\t<h2 class=\"elementor-heading-title elementor-size-default\"> A\u00e9rosol<\/h2>\t\t\t\t<\/div>\n\t\t\t\t<\/a>\n\t\t<a class=\"elementor-element elementor-element-d38f1e6 e-con-full e-flex e-con e-child\" data-id=\"d38f1e6\" data-element_type=\"container\" href=\"https:\/\/www.cnshining.com\/fr\/marche-des-bouteilles-en-aluminium\/\" target=\"_blank\">\n\t\t\t\t<div class=\"elementor-element elementor-element-72a48bd img elementor-cta--skin-classic elementor-animated-content elementor-bg-transform elementor-bg-transform-zoom-in elementor-widget elementor-widget-call-to-action\" data-id=\"72a48bd\" data-element_type=\"widget\" data-widget_type=\"call-to-action.default\">\n\t\t\t\t\t\t\t<div class=\"elementor-cta\">\n\t\t\t\t\t<div class=\"elementor-cta__bg-wrapper\">\n\t\t\t\t<div class=\"elementor-cta__bg elementor-bg\" style=\"background-image: url(https:\/\/www.cnshining.com\/wp-content\/uploads\/elementor\/thumbs\/Aluminum-Bottle-1-rav0a3hze2h2pgwqazin5hdulvrb3cxga1s4rwuld2.webp);\" role=\"img\" aria-label=\"Bouteille en aluminium\"><\/div>\n\t\t\t\t<div class=\"elementor-cta__bg-overlay\"><\/div>\n\t\t\t<\/div>\n\t\t\t\t\t\t\t\t<\/div>\n\t\t\t\t\t\t<\/div>\n\t\t\t\t<div class=\"elementor-element elementor-element-e460868 elementor-widget elementor-widget-heading\" data-id=\"e460868\" data-element_type=\"widget\" data-widget_type=\"heading.default\">\n\t\t\t\t\t<h2 class=\"elementor-heading-title elementor-size-default\">Bouteille en aluminium<\/h2>\t\t\t\t<\/div>\n\t\t\t\t<\/a>\n\t\t<a class=\"elementor-element elementor-element-68aee27 e-con-full e-flex e-con e-child\" data-id=\"68aee27\" data-element_type=\"container\" href=\"https:\/\/www.cnshining.com\/fr\/bidon-en-aluminium\/\" target=\"_blank\">\n\t\t\t\t<div class=\"elementor-element elementor-element-2cdae66 img elementor-cta--skin-classic elementor-animated-content elementor-bg-transform elementor-bg-transform-zoom-in elementor-widget elementor-widget-call-to-action\" data-id=\"2cdae66\" data-element_type=\"widget\" data-widget_type=\"call-to-action.default\">\n\t\t\t\t\t\t\t<div class=\"elementor-cta\">\n\t\t\t\t\t<div class=\"elementor-cta__bg-wrapper\">\n\t\t\t\t<div class=\"elementor-cta__bg elementor-bg\" style=\"background-image: url(https:\/\/www.cnshining.com\/wp-content\/uploads\/elementor\/thumbs\/Aluminum-Canister-rautot4q3pn7t9kzwf15pd0s05bjy2wubkzfd8ogbk.webp);\" role=\"img\" aria-label=\"Bo\u00eete en aluminium\"><\/div>\n\t\t\t\t<div class=\"elementor-cta__bg-overlay\"><\/div>\n\t\t\t<\/div>\n\t\t\t\t\t\t\t\t<\/div>\n\t\t\t\t\t\t<\/div>\n\t\t\t\t<div class=\"elementor-element elementor-element-5ef1c43 elementor-widget elementor-widget-heading\" data-id=\"5ef1c43\" data-element_type=\"widget\" data-widget_type=\"heading.default\">\n\t\t\t\t\t<h2 class=\"elementor-heading-title elementor-size-default\">Bo\u00eete en aluminium<\/h2>\t\t\t\t<\/div>\n\t\t\t\t<\/a>\n\t\t<a class=\"elementor-element elementor-element-706259a e-con-full e-flex e-con e-child\" data-id=\"706259a\" data-element_type=\"container\" href=\"https:\/\/www.cnshining.com\/fr\/tube-en-aluminium\/\" target=\"_blank\">\n\t\t\t\t<div class=\"elementor-element elementor-element-210abb8 img elementor-cta--skin-classic elementor-animated-content elementor-bg-transform elementor-bg-transform-zoom-in elementor-widget elementor-widget-call-to-action\" data-id=\"210abb8\" data-element_type=\"widget\" data-widget_type=\"call-to-action.default\">\n\t\t\t\t\t\t\t<div class=\"elementor-cta\">\n\t\t\t\t\t<div class=\"elementor-cta__bg-wrapper\">\n\t\t\t\t<div class=\"elementor-cta__bg elementor-bg\" style=\"background-image: url(https:\/\/www.cnshining.com\/wp-content\/uploads\/elementor\/thumbs\/Aluminum-Tube-rautojqc7dacl5ynfayw0fe62alvt3viyagkkh2e1s.webp);\" role=\"img\" aria-label=\"Tube en aluminium\"><\/div>\n\t\t\t\t<div class=\"elementor-cta__bg-overlay\"><\/div>\n\t\t\t<\/div>\n\t\t\t\t\t\t\t\t<\/div>\n\t\t\t\t\t\t<\/div>\n\t\t\t\t<div class=\"elementor-element elementor-element-557ee00 elementor-widget elementor-widget-heading\" data-id=\"557ee00\" data-element_type=\"widget\" data-widget_type=\"heading.default\">\n\t\t\t\t\t<h2 class=\"elementor-heading-title elementor-size-default\">Tube en aluminium<\/h2>\t\t\t\t<\/div>\n\t\t\t\t<\/a>\n\t\t<a class=\"elementor-element elementor-element-637ab02 e-con-full e-flex e-con e-child\" data-id=\"637ab02\" data-element_type=\"container\" href=\"https:\/\/www.cnshining.com\/fr\/boites-metalliques\/\" target=\"_blank\">\n\t\t\t\t<div class=\"elementor-element elementor-element-b8e6291 img elementor-cta--skin-classic elementor-animated-content elementor-bg-transform elementor-bg-transform-zoom-in elementor-widget elementor-widget-call-to-action\" data-id=\"b8e6291\" data-element_type=\"widget\" data-widget_type=\"call-to-action.default\">\n\t\t\t\t\t\t\t<div class=\"elementor-cta\">\n\t\t\t\t\t<div class=\"elementor-cta__bg-wrapper\">\n\t\t\t\t<div class=\"elementor-cta__bg elementor-bg\" style=\"background-image: url(https:\/\/www.cnshining.com\/wp-content\/uploads\/elementor\/thumbs\/Metal-Can-1-rf9dk2si00qxv5o5xov9wdhlhwg27h8sbbz4kcl7ho.webp);\" role=\"img\" aria-label=\"Bo\u00eete m\u00e9tallique\"><\/div>\n\t\t\t\t<div class=\"elementor-cta__bg-overlay\"><\/div>\n\t\t\t<\/div>\n\t\t\t\t\t\t\t\t<\/div>\n\t\t\t\t\t\t<\/div>\n\t\t\t\t<div class=\"elementor-element elementor-element-876ef6b elementor-widget elementor-widget-heading\" data-id=\"876ef6b\" data-element_type=\"widget\" data-widget_type=\"heading.default\">\n\t\t\t\t\t<h2 class=\"elementor-heading-title elementor-size-default\">Bo\u00eete m\u00e9tallique<\/h2>\t\t\t\t<\/div>\n\t\t\t\t<\/a>\n\t\t<a class=\"elementor-element elementor-element-6208eeb e-con-full e-flex e-con e-child\" data-id=\"6208eeb\" data-element_type=\"container\" href=\"https:\/\/www.cnshining.com\/fr\/boites-metalliques-2\/\" target=\"_blank\">\n\t\t\t\t<div class=\"elementor-element elementor-element-386bf1b img elementor-cta--skin-classic elementor-animated-content elementor-bg-transform elementor-bg-transform-zoom-in elementor-widget elementor-widget-call-to-action\" data-id=\"386bf1b\" data-element_type=\"widget\" data-widget_type=\"call-to-action.default\">\n\t\t\t\t\t\t\t<div class=\"elementor-cta\">\n\t\t\t\t\t<div class=\"elementor-cta__bg-wrapper\">\n\t\t\t\t<div class=\"elementor-cta__bg elementor-bg\" style=\"background-image: url(https:\/\/www.cnshining.com\/wp-content\/uploads\/elementor\/thumbs\/Tea-Tin-1-rf9e7u5mr99vcb5p6ylrxdn22jc2s1kiwxmza5cxzy.webp);\" role=\"img\" aria-label=\"Bo\u00eetes m\u00e9talliques\"><\/div>\n\t\t\t\t<div class=\"elementor-cta__bg-overlay\"><\/div>\n\t\t\t<\/div>\n\t\t\t\t\t\t\t\t<\/div>\n\t\t\t\t\t\t<\/div>\n\t\t\t\t<div class=\"elementor-element elementor-element-7976764 elementor-widget elementor-widget-heading\" data-id=\"7976764\" data-element_type=\"widget\" data-widget_type=\"heading.default\">\n\t\t\t\t\t<h2 class=\"elementor-heading-title elementor-size-default\">Bo\u00eetes m\u00e9talliques<\/h2>\t\t\t\t<\/div>\n\t\t\t\t<\/a>\n\t\t\t\t<\/div>\n\t\t\t\t\t<\/div>\n\t\t\t\t<\/div>\n\t\t\t\t<\/div>","protected":false},"excerpt":{"rendered":"<p>Shining Packaging propose des emballages m\u00e9talliques s\u00fbrs et conformes \u00e0 la r\u00e9glementation pour les produits pharmaceutiques et nutraceutiques, notamment des a\u00e9rosols, des flacons en aluminium, des bidons, des tubes, des bo\u00eetes m\u00e9talliques et des bo\u00eetes en fer-blanc.<\/p>","protected":false},"author":1,"featured_media":0,"parent":37407,"menu_order":0,"comment_status":"closed","ping_status":"closed","template":"","meta":{"footnotes":""},"class_list":["post-37573","page","type-page","status-publish","hentry"],"_links":{"self":[{"href":"https:\/\/www.cnshining.com\/fr\/wp-json\/wp\/v2\/pages\/37573","targetHints":{"allow":["GET"]}}],"collection":[{"href":"https:\/\/www.cnshining.com\/fr\/wp-json\/wp\/v2\/pages"}],"about":[{"href":"https:\/\/www.cnshining.com\/fr\/wp-json\/wp\/v2\/types\/page"}],"author":[{"embeddable":true,"href":"https:\/\/www.cnshining.com\/fr\/wp-json\/wp\/v2\/users\/1"}],"replies":[{"embeddable":true,"href":"https:\/\/www.cnshining.com\/fr\/wp-json\/wp\/v2\/comments?post=37573"}],"version-history":[{"count":0,"href":"https:\/\/www.cnshining.com\/fr\/wp-json\/wp\/v2\/pages\/37573\/revisions"}],"up":[{"embeddable":true,"href":"https:\/\/www.cnshining.com\/fr\/wp-json\/wp\/v2\/pages\/37407"}],"wp:attachment":[{"href":"https:\/\/www.cnshining.com\/fr\/wp-json\/wp\/v2\/media?parent=37573"}],"curies":[{"name":"wp","href":"https:\/\/api.w.org\/{rel}","templated":true}]}}