{"id":1422,"date":"2014-10-29T08:47:26","date_gmt":"2014-10-29T08:47:26","guid":{"rendered":"http:\/\/www.cnshining.com\/?page_id=1422"},"modified":"2025-12-07T11:30:38","modified_gmt":"2025-12-07T11:30:38","slug":"politica-de-privacidade","status":"publish","type":"page","link":"https:\/\/www.cnshining.com\/pt\/politica-de-privacidade","title":{"rendered":"pol\u00edtica de Privacidade"},"content":{"rendered":"<div data-elementor-type=\"wp-page\" data-elementor-id=\"1422\" class=\"elementor elementor-1422\" data-elementor-post-type=\"page\">\n\t\t\t\t<div class=\"elementor-element elementor-element-72b4c427 e-flex e-con-boxed e-con e-parent\" data-id=\"72b4c427\" data-element_type=\"container\" data-settings=\"{&quot;background_background&quot;:&quot;classic&quot;}\">\n\t\t\t\t\t<div class=\"e-con-inner\">\n\t\t\t\t<div class=\"elementor-element elementor-element-5bcc330b elementor-icon-list--layout-inline elementor-align-center elementor-list-item-link-full_width elementor-widget elementor-widget-icon-list\" data-id=\"5bcc330b\" data-element_type=\"widget\" data-widget_type=\"icon-list.default\">\n\t\t\t\t\t\t\t<ul class=\"elementor-icon-list-items elementor-inline-items\">\n\t\t\t\t\t\t\t<li class=\"elementor-icon-list-item elementor-inline-item\">\n\t\t\t\t\t\t\t\t\t\t\t<a href=\"https:\/\/www.cnshining.com\/pt\" target=\"_blank\">\n\n\t\t\t\t\t\t\t\t\t\t\t\t<span class=\"elementor-icon-list-icon\">\n\t\t\t\t\t\t\t<svg aria-hidden=\"true\" class=\"e-font-icon-svg e-fas-home\" viewbox=\"0 0 576 512\" xmlns=\"http:\/\/www.w3.org\/2000\/svg\"><path d=\"M280.37 148.26L96 300.11V464a16 16 0 0 0 16 16l112.06-.29a16 16 0 0 0 15.92-16V368a16 16 0 0 1 16-16h64a16 16 0 0 1 16 16v95.64a16 16 0 0 0 16 16.05L464 480a16 16 0 0 0 16-16V300L295.67 148.26a12.19 12.19 0 0 0-15.3 0zM571.6 251.47L488 182.56V44.05a12 12 0 0 0-12-12h-56a12 12 0 0 0-12 12v72.61L318.47 43a48 48 0 0 0-61 0L4.34 251.47a12 12 0 0 0-1.6 16.9l25.5 31A12 12 0 0 0 45.15 301l235.22-193.74a12.19 12.19 0 0 1 15.3 0L530.9 301a12 12 0 0 0 16.9-1.6l25.5-31a12 12 0 0 0-1.7-16.93z\"><\/path><\/svg>\t\t\t\t\t\t<\/span>\n\t\t\t\t\t\t\t\t\t\t<span class=\"elementor-icon-list-text\">Lar \/<\/span>\n\t\t\t\t\t\t\t\t\t\t\t<\/a>\n\t\t\t\t\t\t\t\t\t<\/li>\n\t\t\t\t\t\t<\/ul>\n\t\t\t\t\t\t<\/div>\n\t\t\t\t\t<\/div>\n\t\t\t\t<\/div>\n\t\t<div class=\"elementor-element elementor-element-3e13885a e-flex e-con-boxed e-con e-parent\" data-id=\"3e13885a\" data-element_type=\"container\">\n\t\t\t\t\t<div class=\"e-con-inner\">\n\t\t\t\t<div class=\"elementor-element elementor-element-4f037485 elementor-widget elementor-widget-text-editor\" data-id=\"4f037485\" data-element_type=\"widget\" data-widget_type=\"text-editor.default\">\n\t\t\t\t\t\t\t\t\t\n<p>A Shining Packaging est\u00e1 empenhada em proteger todas as informa\u00e7\u00f5es pessoais que voc\u00ea nos fornecer. Em particular, acreditamos ser importante que voc\u00ea saiba como tratamos as informa\u00e7\u00f5es sobre voc\u00ea que possamos receber por meio deste site.<\/p>\n\t\t\t\t\t\t\t\t<\/div>\n\t\t\t\t<div class=\"elementor-element elementor-element-b7f82fc elementor-widget elementor-widget-heading\" data-id=\"b7f82fc\" data-element_type=\"widget\" data-widget_type=\"heading.default\">\n\t\t\t\t\t<h2 class=\"elementor-heading-title elementor-size-default\">Informa\u00e7\u00f5es coletadas<\/h2>\t\t\t\t<\/div>\n\t\t\t\t<div class=\"elementor-element elementor-element-105d2e4 elementor-widget elementor-widget-text-editor\" data-id=\"105d2e4\" data-element_type=\"widget\" data-widget_type=\"text-editor.default\">\n\t\t\t\t\t\t\t\t\t<p>Em geral, voc\u00ea pode visitar este site sem nos dizer quem voc\u00ea \u00e9 ou revelar qualquer informa\u00e7\u00e3o pessoal. Nossos servidores coletam os nomes de dom\u00ednio, n\u00e3o os endere\u00e7os de e-mail, dos visitantes. Nossos servidores tamb\u00e9m tentam (como muitos sites fazem) instalar um &quot;cookie&quot; (um pequeno arquivo de dados) no disco r\u00edgido do seu computador, o que permite ao servidor identificar o computador quando ele visitar o site novamente, a fim de rastrear informa\u00e7\u00f5es estat\u00edsticas sobre a navega\u00e7\u00e3o em determinadas \u00e1reas do nosso site e sobre as promo\u00e7\u00f5es da Shining Packaging em outros sites. Este cookie n\u00e3o \u00e9 usado para obter seu nome ou quaisquer dados pessoais, e as informa\u00e7\u00f5es rastreadas s\u00e3o usadas apenas para fins internos, como melhorar a navega\u00e7\u00e3o no site e medir a efic\u00e1cia de nossas campanhas promocionais, e n\u00e3o s\u00e3o compartilhadas com ningu\u00e9m al\u00e9m de afiliados e contratados da Shining Packaging que auxiliam a Shining Packaging nesses esfor\u00e7os e est\u00e3o sujeitos a sigilo. No entanto, se preferir n\u00e3o aceitar cookies, voc\u00ea pode configurar seu navegador para rejeit\u00e1-los ou para alert\u00e1-lo antes que um seja instalado.<\/p>\n<p><!-- \/wp:paragraph --><!-- wp:paragraph --><\/p>\n<p><!-- \/wp:paragraph --><!-- wp:paragraph --><\/p>\t\t\t\t\t\t\t\t<\/div>\n\t\t\t\t<div class=\"elementor-element elementor-element-b71065f elementor-widget elementor-widget-text-editor\" data-id=\"b71065f\" data-element_type=\"widget\" data-widget_type=\"text-editor.default\">\n\t\t\t\t\t\t\t\t\t<p>Al\u00e9m disso, em algumas se\u00e7\u00f5es deste site, podemos precisar coletar informa\u00e7\u00f5es pessoais suas para fins espec\u00edficos, como fornecer determinadas informa\u00e7\u00f5es que voc\u00ea solicitar. As informa\u00e7\u00f5es coletadas podem incluir seu nome, endere\u00e7o, telefone, n\u00famero de fax ou endere\u00e7o de e-mail. Para acesso eletr\u00f4nico a relat\u00f3rios anuais e declara\u00e7\u00f5es de procura\u00e7\u00e3o, coletamos seu n\u00famero de identifica\u00e7\u00e3o fiscal para verificar sua condi\u00e7\u00e3o de acionista. Para nosso site sobre diversidade de fornecedores, coletamos necessariamente informa\u00e7\u00f5es sobre g\u00eanero e etnia, como, por exemplo, se sua empresa \u00e9 de propriedade feminina.<\/p>\n<p><!-- \/wp:paragraph --><!-- wp:paragraph --><\/p>\n<p><!-- \/wp:paragraph --><!-- wp:paragraph --><\/p>\t\t\t\t\t\t\t\t<\/div>\n\t\t\t\t<div class=\"elementor-element elementor-element-8bad1be elementor-widget elementor-widget-text-editor\" data-id=\"8bad1be\" data-element_type=\"widget\" data-widget_type=\"text-editor.default\">\n\t\t\t\t\t\t\t\t\t<p>Utilizamos tecnologia de terceiros para exibir nossos an\u00fancios em outros sites. Essa tecnologia instala um pequeno arquivo de &quot;cookie&quot; no seu computador quando voc\u00ea visualiza um de nossos an\u00fancios. Esses cookies n\u00e3o cont\u00eam nenhuma informa\u00e7\u00e3o que o identifique pessoalmente (como seu nome ou endere\u00e7o de e-mail), mas cont\u00eam um n\u00famero gerado aleatoriamente, exclusivo para o seu navegador, que pode ser reconhecido por um &quot;web beacon&quot; (arquivo GIF transparente) em nosso site caso voc\u00ea clique em um de nossos an\u00fancios e seja redirecionado para o nosso site. Isso nos permite monitorar o n\u00famero de visitantes \u00fanicos em nosso site e de quais an\u00fancios eles vieram, para que possamos medir a efic\u00e1cia de nossos an\u00fancios e da forma como os exibimos. As pol\u00edticas de privacidade dos sites em que anunciamos e por meio dos quais os cookies s\u00e3o instalados devem inform\u00e1-lo sobre o uso de cookies, e voc\u00ea pode, naturalmente, configurar seu navegador para rejeit\u00e1-los.<\/p>\n<p><!-- \/wp:paragraph --><!-- wp:paragraph --><\/p>\n<p><!-- \/wp:paragraph --><!-- wp:paragraph --><\/p>\n<p><!-- \/wp:paragraph --><!-- wp:paragraph --><\/p>\t\t\t\t\t\t\t\t<\/div>\n\t\t\t\t<div class=\"elementor-element elementor-element-7a4761e elementor-widget elementor-widget-text-editor\" data-id=\"7a4761e\" data-element_type=\"widget\" data-widget_type=\"text-editor.default\">\n\t\t\t\t\t\t\t\t\t<p>Este site n\u00e3o se destina a pessoas com menos de 13 anos de idade. N\u00e3o solicitamos nem coletamos intencionalmente informa\u00e7\u00f5es pessoais de ou sobre crian\u00e7as, e n\u00e3o comercializamos nossos produtos ou servi\u00e7os para crian\u00e7as de forma consciente.<\/p>\n<p><!-- \/wp:paragraph --><!-- wp:paragraph --><\/p>\t\t\t\t\t\t\t\t<\/div>\n\t\t\t\t<div class=\"elementor-element elementor-element-9b07115 elementor-widget elementor-widget-heading\" data-id=\"9b07115\" data-element_type=\"widget\" data-widget_type=\"heading.default\">\n\t\t\t\t\t<h2 class=\"elementor-heading-title elementor-size-default\">Utiliza\u00e7\u00e3o das informa\u00e7\u00f5es coletadas<\/h2>\t\t\t\t<\/div>\n\t\t\t\t<div class=\"elementor-element elementor-element-92944ac elementor-widget elementor-widget-text-editor\" data-id=\"92944ac\" data-element_type=\"widget\" data-widget_type=\"text-editor.default\">\n\t\t\t\t\t\t\t\t\t<p>As informa\u00e7\u00f5es de dom\u00ednio que coletamos n\u00e3o s\u00e3o usadas para identific\u00e1-lo pessoalmente, mas sim agregadas para medir o n\u00famero de visitas, o tempo m\u00e9dio gasto no site, as p\u00e1ginas visualizadas, etc. Usamos essas informa\u00e7\u00f5es para avaliar o uso do nosso site e melhorar seu conte\u00fado.<\/p>\n<p><!-- \/wp:paragraph --><!-- wp:paragraph --><\/p>\n<p><!-- \/wp:paragraph --><!-- wp:paragraph --><\/p>\t\t\t\t\t\t\t\t<\/div>\n\t\t\t\t<div class=\"elementor-element elementor-element-0cf241f elementor-widget elementor-widget-text-editor\" data-id=\"0cf241f\" data-element_type=\"widget\" data-widget_type=\"text-editor.default\">\n\t\t\t\t\t\t\t\t\t<p>Quando coletamos outras informa\u00e7\u00f5es suas, como seu nome e endere\u00e7o de e-mail, geralmente informamos no momento da coleta como utilizaremos essas informa\u00e7\u00f5es pessoais. Normalmente, usamos as informa\u00e7\u00f5es pessoais que voc\u00ea fornece apenas para responder \u00e0 sua consulta ou processar sua solicita\u00e7\u00e3o (como, por exemplo, para receber relat\u00f3rios anuais eletr\u00f4nicos ou para ser adicionado ao nosso banco de dados de diversidade de fornecedores). Essas informa\u00e7\u00f5es podem ser compartilhadas com outras empresas do grupo Shining Packaging, mas somente se necess\u00e1rio para atender \u00e0 sua solicita\u00e7\u00e3o ou para fins relacionados.<\/p>\n<p><!-- \/wp:paragraph --><!-- wp:paragraph --><\/p>\n<p><!-- \/wp:paragraph --><!-- wp:paragraph --><\/p>\t\t\t\t\t\t\t\t<\/div>\n\t\t\t\t<div class=\"elementor-element elementor-element-9e0bcb1 elementor-widget elementor-widget-text-editor\" data-id=\"9e0bcb1\" data-element_type=\"widget\" data-widget_type=\"text-editor.default\">\n\t\t\t\t\t\t\t\t\t<p>Podemos compartilhar as informa\u00e7\u00f5es pessoais que voc\u00ea nos fornece com outras empresas que contratamos para nos prestar servi\u00e7os. Essas empresas \u2014 nossos fornecedores \u2014 s\u00e3o contratualmente obrigadas a usar as informa\u00e7\u00f5es pessoais que compartilhamos com elas apenas para executar os servi\u00e7os para os quais as contratamos. N\u00e3o compartilhamos, vendemos ou alugamos suas informa\u00e7\u00f5es pessoais a terceiros para fins de marketing. Divulgaremos informa\u00e7\u00f5es sobre voc\u00ea se voc\u00ea nos instruir a faz\u00ea-lo, se formos obrigados por lei ou em outras circunst\u00e2ncias legalmente limitadas (por exemplo, para proteger sua conta contra fraudes).<\/p>\n<p><!-- \/wp:paragraph --><!-- wp:paragraph --><\/p>\n<p><!-- \/wp:paragraph --><!-- wp:paragraph --><\/p>\t\t\t\t\t\t\t\t<\/div>\n\t\t\t\t<div class=\"elementor-element elementor-element-28ec41d elementor-widget elementor-widget-text-editor\" data-id=\"28ec41d\" data-element_type=\"widget\" data-widget_type=\"text-editor.default\">\n\t\t\t\t\t\t\t\t\t<p>Se voc\u00ea se cadastrar online em uma das unidades de neg\u00f3cios da Shining Packaging, essas informa\u00e7\u00f5es poder\u00e3o ser usadas para fornecer conte\u00fado personalizado sobre os produtos e servi\u00e7os da Shining Packaging que atendam \u00e0s necessidades da sua empresa. Elas tamb\u00e9m poder\u00e3o instalar um &quot;cookie&quot; (pequeno arquivo de dados), conforme mencionado anteriormente, para fornecer informa\u00e7\u00f5es personalizadas. Recomendamos que voc\u00ea consulte a pol\u00edtica de privacidade do site da respectiva unidade de neg\u00f3cios da Shining Packaging para obter mais informa\u00e7\u00f5es sobre as pr\u00e1ticas de privacidade dessa empresa da Shining Aluminium Container.<\/p>\n<p><!-- \/wp:paragraph --><!-- wp:paragraph --><\/p>\t\t\t\t\t\t\t\t<\/div>\n\t\t\t\t<div class=\"elementor-element elementor-element-58abbf3 elementor-widget elementor-widget-heading\" data-id=\"58abbf3\" data-element_type=\"widget\" data-widget_type=\"heading.default\">\n\t\t\t\t\t<h2 class=\"elementor-heading-title elementor-size-default\">Links para outros sites<\/h2>\t\t\t\t<\/div>\n\t\t\t\t<div class=\"elementor-element elementor-element-875a40c elementor-widget elementor-widget-text-editor\" data-id=\"875a40c\" data-element_type=\"widget\" data-widget_type=\"text-editor.default\">\n\t\t\t\t\t\t\t\t\t<p>O site da Shining Packaging pode conter links para outros sites, como distribuidores e afiliados de vendas da Shining Packaging. Embora nos esforcemos para incluir links apenas para sites que compartilhem nossos altos padr\u00f5es e respeito pela privacidade, n\u00e3o nos responsabilizamos pelo conte\u00fado, seguran\u00e7a ou pr\u00e1ticas de privacidade adotadas por outros sites.<\/p>\n<p><!-- \/wp:paragraph --><!-- wp:paragraph --><\/p>\n<p><!-- \/wp:paragraph --><!-- wp:paragraph --><\/p>\t\t\t\t\t\t\t\t<\/div>\n\t\t\t\t<div class=\"elementor-element elementor-element-73cb71b elementor-widget elementor-widget-heading\" data-id=\"73cb71b\" data-element_type=\"widget\" data-widget_type=\"heading.default\">\n\t\t\t\t\t<h2 class=\"elementor-heading-title elementor-size-default\">Seguran\u00e7a das informa\u00e7\u00f5es coletadas<\/h2>\t\t\t\t<\/div>\n\t\t\t\t<div class=\"elementor-element elementor-element-914ab92 elementor-widget elementor-widget-text-editor\" data-id=\"914ab92\" data-element_type=\"widget\" data-widget_type=\"text-editor.default\">\n\t\t\t\t\t\t\t\t\t<p>Mantemos medidas de seguran\u00e7a f\u00edsicas, eletr\u00f4nicas e administrativas rigorosas para proteger suas informa\u00e7\u00f5es pessoais contra acesso n\u00e3o autorizado ou inadequado. Restringimos o acesso \u00e0s suas informa\u00e7\u00f5es aos funcion\u00e1rios da Shining Packaging que precisam delas para responder \u00e0 sua consulta ou solicita\u00e7\u00e3o. Funcion\u00e1rios que fizerem uso indevido de informa\u00e7\u00f5es pessoais est\u00e3o sujeitos a medidas disciplinares.<\/p>\n<p><!-- \/wp:paragraph --><!-- wp:paragraph --><\/p>\t\t\t\t\t\t\t\t<\/div>\n\t\t\t\t<div class=\"elementor-element elementor-element-c034338 elementor-widget elementor-widget-heading\" data-id=\"c034338\" data-element_type=\"widget\" data-widget_type=\"heading.default\">\n\t\t\t\t\t<h2 class=\"elementor-heading-title elementor-size-default\">Acesso \u00e0s informa\u00e7\u00f5es coletadas<\/h2>\t\t\t\t<\/div>\n\t\t\t\t<div class=\"elementor-element elementor-element-a105339 elementor-widget elementor-widget-text-editor\" data-id=\"a105339\" data-element_type=\"widget\" data-widget_type=\"text-editor.default\">\n\t\t\t\t\t\t\t\t\t<p>Voc\u00ea pode revisar e atualizar as informa\u00e7\u00f5es que nos fornece por meio deste site entrando em contato conosco conforme descrito abaixo.<\/p>\n<p><!-- \/wp:paragraph --><!-- wp:paragraph --><\/p>\n<p><!-- \/wp:paragraph --><!-- wp:paragraph --><\/p>\t\t\t\t\t\t\t\t<\/div>\n\t\t\t\t<div class=\"elementor-element elementor-element-0d2060c elementor-widget elementor-widget-heading\" data-id=\"0d2060c\" data-element_type=\"widget\" data-widget_type=\"heading.default\">\n\t\t\t\t\t<h2 class=\"elementor-heading-title elementor-size-default\">Como entrar em contato conosco<\/h2>\t\t\t\t<\/div>\n\t\t\t\t<div class=\"elementor-element elementor-element-bee52be elementor-widget elementor-widget-text-editor\" data-id=\"bee52be\" data-element_type=\"widget\" data-widget_type=\"text-editor.default\">\n\t\t\t\t\t\t\t\t\t<p>Se voc\u00ea tiver alguma d\u00favida sobre esta pol\u00edtica de privacidade, entre em contato conosco atrav\u00e9s da p\u00e1gina &quot;Fale Conosco&quot;. Agradecemos suas perguntas e sugest\u00f5es sobre nossa pol\u00edtica de privacidade.<\/p>\n<p><!-- \/wp:paragraph --><!-- wp:paragraph --><\/p>\t\t\t\t\t\t\t\t<\/div>\n\t\t\t\t<div class=\"elementor-element elementor-element-7c53d25 elementor-widget elementor-widget-heading\" data-id=\"7c53d25\" data-element_type=\"widget\" data-widget_type=\"heading.default\">\n\t\t\t\t\t<h2 class=\"elementor-heading-title elementor-size-default\">Altera\u00e7\u00f5es a esta Pol\u00edtica<\/h2>\t\t\t\t<\/div>\n\t\t\t\t<div class=\"elementor-element elementor-element-eb52e40 elementor-widget elementor-widget-text-editor\" data-id=\"eb52e40\" data-element_type=\"widget\" data-widget_type=\"text-editor.default\">\n\t\t\t\t\t\t\t\t\t<p>Consulte esta pol\u00edtica de privacidade periodicamente para se manter informado sobre quaisquer altera\u00e7\u00f5es. Embora nos reservemos o direito de modificar ou complementar esta pol\u00edtica de privacidade, notificaremos voc\u00ea neste site sobre quaisquer altera\u00e7\u00f5es importantes por pelo menos 30 dias ap\u00f3s a altera\u00e7\u00e3o.<\/p>\t\t\t\t\t\t\t\t<\/div>\n\t\t\t\t\t<\/div>\n\t\t\t\t<\/div>\n\t\t\t\t<\/div>","protected":false},"excerpt":{"rendered":"<p>P\u00e1gina inicial \/ A Shining Packaging est\u00e1 comprometida em proteger todas as informa\u00e7\u00f5es pessoais que voc\u00ea nos fornecer. Em particular, acreditamos ser importante que voc\u00ea saiba como tratamos as informa\u00e7\u00f5es sobre voc\u00ea que podemos receber deste site. Informa\u00e7\u00f5es coletadas Em geral, voc\u00ea pode visitar este site sem nos informar [\u2026]<\/p>","protected":false},"author":1,"featured_media":0,"parent":0,"menu_order":0,"comment_status":"closed","ping_status":"closed","template":"","meta":{"footnotes":""},"class_list":["post-1422","page","type-page","status-publish","hentry"],"_links":{"self":[{"href":"https:\/\/www.cnshining.com\/pt\/wp-json\/wp\/v2\/pages\/1422","targetHints":{"allow":["GET"]}}],"collection":[{"href":"https:\/\/www.cnshining.com\/pt\/wp-json\/wp\/v2\/pages"}],"about":[{"href":"https:\/\/www.cnshining.com\/pt\/wp-json\/wp\/v2\/types\/page"}],"author":[{"embeddable":true,"href":"https:\/\/www.cnshining.com\/pt\/wp-json\/wp\/v2\/users\/1"}],"replies":[{"embeddable":true,"href":"https:\/\/www.cnshining.com\/pt\/wp-json\/wp\/v2\/comments?post=1422"}],"version-history":[{"count":0,"href":"https:\/\/www.cnshining.com\/pt\/wp-json\/wp\/v2\/pages\/1422\/revisions"}],"wp:attachment":[{"href":"https:\/\/www.cnshining.com\/pt\/wp-json\/wp\/v2\/media?parent=1422"}],"curies":[{"name":"wp","href":"https:\/\/api.w.org\/{rel}","templated":true}]}}