{"id":15251,"date":"2022-11-24T13:01:48","date_gmt":"2022-11-24T13:01:48","guid":{"rendered":"https:\/\/www.cnshining.com\/?page_id=15251"},"modified":"2025-12-23T05:33:33","modified_gmt":"2025-12-23T05:33:33","slug":"cartucho-de-palha-de-aluminio","status":"publish","type":"page","link":"https:\/\/www.cnshining.com\/pt\/cartucho-de-palha-de-aluminio","title":{"rendered":"Cartuchos vazios de alum\u00ednio para remo\u00e7\u00e3o de palha"},"content":{"rendered":"<div data-elementor-type=\"wp-page\" data-elementor-id=\"15251\" class=\"elementor elementor-15251\" data-elementor-post-type=\"page\">\n\t\t\t\t<div class=\"elementor-element elementor-element-39890c8a e-flex e-con-boxed e-con e-parent\" data-id=\"39890c8a\" data-element_type=\"container\" data-settings=\"{&quot;background_background&quot;:&quot;classic&quot;}\">\n\t\t\t\t\t<div class=\"e-con-inner\">\n\t\t\t\t<div class=\"elementor-element elementor-element-c3bb075 elementor-icon-list--layout-inline elementor-align-center elementor-list-item-link-full_width elementor-widget elementor-widget-icon-list\" data-id=\"c3bb075\" data-element_type=\"widget\" data-widget_type=\"icon-list.default\">\n\t\t\t\t\t\t\t<ul class=\"elementor-icon-list-items elementor-inline-items\">\n\t\t\t\t\t\t\t<li class=\"elementor-icon-list-item elementor-inline-item\">\n\t\t\t\t\t\t\t\t\t\t\t<a href=\"https:\/\/www.cnshining.com\/pt\" target=\"_blank\">\n\n\t\t\t\t\t\t\t\t\t\t\t\t<span class=\"elementor-icon-list-icon\">\n\t\t\t\t\t\t\t<svg aria-hidden=\"true\" class=\"e-font-icon-svg e-fas-home\" viewbox=\"0 0 576 512\" xmlns=\"http:\/\/www.w3.org\/2000\/svg\"><path d=\"M280.37 148.26L96 300.11V464a16 16 0 0 0 16 16l112.06-.29a16 16 0 0 0 15.92-16V368a16 16 0 0 1 16-16h64a16 16 0 0 1 16 16v95.64a16 16 0 0 0 16 16.05L464 480a16 16 0 0 0 16-16V300L295.67 148.26a12.19 12.19 0 0 0-15.3 0zM571.6 251.47L488 182.56V44.05a12 12 0 0 0-12-12h-56a12 12 0 0 0-12 12v72.61L318.47 43a48 48 0 0 0-61 0L4.34 251.47a12 12 0 0 0-1.6 16.9l25.5 31A12 12 0 0 0 45.15 301l235.22-193.74a12.19 12.19 0 0 1 15.3 0L530.9 301a12 12 0 0 0 16.9-1.6l25.5-31a12 12 0 0 0-1.7-16.93z\"><\/path><\/svg>\t\t\t\t\t\t<\/span>\n\t\t\t\t\t\t\t\t\t\t<span class=\"elementor-icon-list-text\">Lar \/<\/span>\n\t\t\t\t\t\t\t\t\t\t\t<\/a>\n\t\t\t\t\t\t\t\t\t<\/li>\n\t\t\t\t\t\t\t\t<li class=\"elementor-icon-list-item elementor-inline-item\">\n\t\t\t\t\t\t\t\t\t\t\t<a href=\"https:\/\/www.cnshining.com\/pt\/cartucho-nao-letal\/\" target=\"_blank\">\n\n\t\t\t\t\t\t\t\t\t\t\t<span class=\"elementor-icon-list-text\">Cartucho n\u00e3o letal\/<\/span>\n\t\t\t\t\t\t\t\t\t\t\t<\/a>\n\t\t\t\t\t\t\t\t\t<\/li>\n\t\t\t\t\t\t<\/ul>\n\t\t\t\t\t\t<\/div>\n\t\t\t\t\t<\/div>\n\t\t\t\t<\/div>\n\t\t<div class=\"elementor-element elementor-element-bbf017b e-flex e-con-boxed e-con e-parent\" data-id=\"bbf017b\" data-element_type=\"container\" data-settings=\"{&quot;background_background&quot;:&quot;classic&quot;}\">\n\t\t\t\t\t<div class=\"e-con-inner\">\n\t\t<div class=\"elementor-element elementor-element-574e862 e-con-full e-flex e-con e-child\" data-id=\"574e862\" data-element_type=\"container\">\n\t\t<div class=\"elementor-element elementor-element-78e22ba e-con-full e-flex e-con e-child\" data-id=\"78e22ba\" data-element_type=\"container\">\n\t\t\t\t<div class=\"elementor-element elementor-element-4bdfa6c elementor-widget elementor-widget-image\" data-id=\"4bdfa6c\" data-element_type=\"widget\" data-widget_type=\"image.default\">\n\t\t\t\t\t\t\t\t\t\t\t\t\t\t\t<img fetchpriority=\"high\" decoding=\"async\" width=\"1000\" height=\"1000\" src=\"https:\/\/www.cnshining.com\/wp-content\/uploads\/2025\/10\/Aluminium-Chaff-Cartridge-2.webp\" class=\"attachment-large size-large wp-image-30501\" alt=\"Cartucho de alum\u00ednio para palha\" title=\"\">\t\t\t\t\t\t\t\t\t\t\t\t\t\t\t<\/div>\n\t\t\t\t<\/div>\n\t\t<div class=\"elementor-element elementor-element-1dd51a5 e-con-full e-flex e-con e-child\" data-id=\"1dd51a5\" data-element_type=\"container\">\n\t\t<div class=\"elementor-element elementor-element-b5bb97e e-con-full e-flex e-con e-child\" data-id=\"b5bb97e\" data-element_type=\"container\">\n\t\t<div class=\"elementor-element elementor-element-a262cfb e-con-full e-flex e-con e-child\" data-id=\"a262cfb\" data-element_type=\"container\">\n\t\t\t\t<div class=\"elementor-element elementor-element-92d1ad0 elementor-widget elementor-widget-heading\" data-id=\"92d1ad0\" data-element_type=\"widget\" data-widget_type=\"heading.default\">\n\t\t\t\t\t<h3 class=\"elementor-heading-title elementor-size-default\">Material<\/h3>\t\t\t\t<\/div>\n\t\t\t\t<div class=\"elementor-element elementor-element-b9aa4f1 elementor-widget__width-initial elementor-widget-tablet__width-initial elementor-widget elementor-widget-text-editor\" data-id=\"b9aa4f1\" data-element_type=\"widget\" data-widget_type=\"text-editor.default\">\n\t\t\t\t\t\t\t\t\t<p>Liga de alum\u00ednio<\/p>\t\t\t\t\t\t\t\t<\/div>\n\t\t\t\t<\/div>\n\t\t<div class=\"elementor-element elementor-element-cf3897c e-con-full e-flex e-con e-child\" data-id=\"cf3897c\" data-element_type=\"container\">\n\t\t\t\t<div class=\"elementor-element elementor-element-117d8cc elementor-widget elementor-widget-heading\" data-id=\"117d8cc\" data-element_type=\"widget\" data-widget_type=\"heading.default\">\n\t\t\t\t\t<h3 class=\"elementor-heading-title elementor-size-default\">Di\u00e2metro<\/h3>\t\t\t\t<\/div>\n\t\t\t\t<div class=\"elementor-element elementor-element-a3bb42f elementor-widget__width-initial elementor-widget-tablet__width-initial elementor-widget elementor-widget-text-editor\" data-id=\"a3bb42f\" data-element_type=\"widget\" data-widget_type=\"text-editor.default\">\n\t\t\t\t\t\t\t\t\t<p dir=\"auto\">26,5\/27\/37\/38\/40 mm<\/p>\t\t\t\t\t\t\t\t<\/div>\n\t\t\t\t<\/div>\n\t\t\t\t<\/div>\n\t\t<div class=\"elementor-element elementor-element-088b797 e-con-full e-flex e-con e-child\" data-id=\"088b797\" data-element_type=\"container\">\n\t\t<div class=\"elementor-element elementor-element-f022dcb e-con-full e-flex e-con e-child\" data-id=\"f022dcb\" data-element_type=\"container\">\n\t\t\t\t<div class=\"elementor-element elementor-element-f998340 elementor-widget elementor-widget-heading\" data-id=\"f998340\" data-element_type=\"widget\" data-widget_type=\"heading.default\">\n\t\t\t\t\t<h3 class=\"elementor-heading-title elementor-size-default\">Personalizado<\/h3>\t\t\t\t<\/div>\n\t\t\t\t<div class=\"elementor-element elementor-element-0d53a00 elementor-widget__width-initial elementor-widget-tablet__width-initial elementor-widget elementor-widget-text-editor\" data-id=\"0d53a00\" data-element_type=\"widget\" data-widget_type=\"text-editor.default\">\n\t\t\t\t\t\t\t\t\t<p>Aceitamos tamanhos personalizados.<\/p>\t\t\t\t\t\t\t\t<\/div>\n\t\t\t\t<\/div>\n\t\t<div class=\"elementor-element elementor-element-9bd2a0d e-con-full e-flex e-con e-child\" data-id=\"9bd2a0d\" data-element_type=\"container\">\n\t\t\t\t<div class=\"elementor-element elementor-element-0346712 elementor-widget elementor-widget-heading\" data-id=\"0346712\" data-element_type=\"widget\" data-widget_type=\"heading.default\">\n\t\t\t\t\t<h3 class=\"elementor-heading-title elementor-size-default\">MOQ<\/h3>\t\t\t\t<\/div>\n\t\t\t\t<div class=\"elementor-element elementor-element-a547487 elementor-widget__width-initial elementor-widget-tablet__width-initial elementor-widget elementor-widget-text-editor\" data-id=\"a547487\" data-element_type=\"widget\" data-widget_type=\"text-editor.default\">\n\t\t\t\t\t\t\t\t\t<p>10.000 unidades<\/p>\t\t\t\t\t\t\t\t<\/div>\n\t\t\t\t<\/div>\n\t\t\t\t<\/div>\n\t\t<div class=\"elementor-element elementor-element-8ba6325 e-con-full e-flex e-con e-child\" data-id=\"8ba6325\" data-element_type=\"container\">\n\t\t\t\t<div class=\"elementor-element elementor-element-17c8ba7 elementor-widget-divider--view-line elementor-widget elementor-widget-divider\" data-id=\"17c8ba7\" data-element_type=\"widget\" data-widget_type=\"divider.default\">\n\t\t\t\t\t\t\t<div class=\"elementor-divider\">\n\t\t\t<span class=\"elementor-divider-separator\">\n\t\t\t\t\t\t<\/span>\n\t\t<\/div>\n\t\t\t\t\t\t<\/div>\n\t\t\t\t<\/div>\n\t\t\t\t<div class=\"elementor-element elementor-element-d639589 elementor-mobile-align-left elementor-align-right elementor-widget elementor-widget-button\" data-id=\"d639589\" data-element_type=\"widget\" data-widget_type=\"button.default\">\n\t\t\t\t\t\t\t\t\t\t<a class=\"elementor-button elementor-button-link elementor-size-sm\" href=\"#elementor-action%3Aaction%3Dpopup%3Aopen%26settings%3DeyJpZCI6IjE0MTMyIiwidG9nZ2xlIjpmYWxzZX0%3D\" target=\"_blank\">\n\t\t\t\t\t\t<span class=\"elementor-button-content-wrapper\">\n\t\t\t\t\t\t<span class=\"elementor-button-icon\">\n\t\t\t\t<svg aria-hidden=\"true\" class=\"e-font-icon-svg e-fas-arrow-right\" viewbox=\"0 0 448 512\" xmlns=\"http:\/\/www.w3.org\/2000\/svg\"><path d=\"M190.5 66.9l22.2-22.2c9.4-9.4 24.6-9.4 33.9 0L441 239c9.4 9.4 9.4 24.6 0 33.9L246.6 467.3c-9.4 9.4-24.6 9.4-33.9 0l-22.2-22.2c-9.5-9.5-9.3-25 .4-34.3L311.4 296H24c-13.3 0-24-10.7-24-24v-32c0-13.3 10.7-24 24-24h287.4L190.9 101.2c-9.8-9.3-10-24.8-.4-34.3z\"><\/path><\/svg>\t\t\t<\/span>\n\t\t\t\t\t\t\t\t\t<span class=\"elementor-button-text\">Contate-nos<\/span>\n\t\t\t\t\t<\/span>\n\t\t\t\t\t<\/a>\n\t\t\t\t\t\t\t\t<\/div>\n\t\t\t\t<\/div>\n\t\t\t\t<\/div>\n\t\t\t\t\t<\/div>\n\t\t\t\t<\/div>\n\t\t<div class=\"elementor-element elementor-element-50a6d63 e-flex e-con-boxed e-con e-parent\" data-id=\"50a6d63\" data-element_type=\"container\" data-settings=\"{&quot;background_background&quot;:&quot;classic&quot;}\">\n\t\t\t\t\t<div class=\"e-con-inner\">\n\t\t<div class=\"elementor-element elementor-element-3d1e0f1 e-con-full e-flex e-con e-child\" data-id=\"3d1e0f1\" data-element_type=\"container\">\n\t\t\t\t<div class=\"elementor-element elementor-element-0dfa1ec elementor-skin-carousel elementor-arrows-yes elementor-widget elementor-widget-media-carousel\" data-id=\"0dfa1ec\" data-element_type=\"widget\" data-settings=\"{&quot;lazyload&quot;:&quot;yes&quot;,&quot;slides_per_view&quot;:&quot;2&quot;,&quot;space_between&quot;:{&quot;unit&quot;:&quot;px&quot;,&quot;size&quot;:25,&quot;sizes&quot;:[]},&quot;slides_per_view_tablet&quot;:&quot;1&quot;,&quot;skin&quot;:&quot;carousel&quot;,&quot;effect&quot;:&quot;slide&quot;,&quot;show_arrows&quot;:&quot;yes&quot;,&quot;speed&quot;:500,&quot;autoplay&quot;:&quot;yes&quot;,&quot;autoplay_speed&quot;:5000,&quot;loop&quot;:&quot;yes&quot;,&quot;pause_on_hover&quot;:&quot;yes&quot;,&quot;pause_on_interaction&quot;:&quot;yes&quot;,&quot;space_between_tablet&quot;:{&quot;unit&quot;:&quot;px&quot;,&quot;size&quot;:10,&quot;sizes&quot;:[]},&quot;space_between_mobile&quot;:{&quot;unit&quot;:&quot;px&quot;,&quot;size&quot;:10,&quot;sizes&quot;:[]}}\" data-widget_type=\"media-carousel.default\">\n\t\t\t\t\t\t\t\t\t\t<div class=\"elementor-main-swiper swiper\" role=\"region\" aria-roledescription=\"carousel\" aria-label=\"Slides\">\n\t\t\t\t<div class=\"swiper-wrapper\">\n\t\t\t\t\t\t\t\t\t\t\t<div class=\"swiper-slide\" role=\"group\" aria-roledescription=\"slide\">\n\t\t\t\t\t\t\t<a href=\"https:\/\/www.cnshining.com\/wp-content\/uploads\/2025\/10\/Aluminium-Chaff-Cartridge-1.webp\" data-elementor-open-lightbox=\"yes\" data-elementor-lightbox-slideshow=\"0dfa1ec\" data-elementor-lightbox-title=\"Aluminium Chaff Cartridge\" data-e-action-hash=\"#elementor-action%3Aaction%3Dlightbox%26settings%3DeyJpZCI6MzA1MDAsInVybCI6Imh0dHBzOlwvXC93d3cuY25zaGluaW5nLmNvbVwvd3AtY29udGVudFwvdXBsb2Fkc1wvMjAyNVwvMTBcL0FsdW1pbml1bS1DaGFmZi1DYXJ0cmlkZ2UtMS53ZWJwIiwic2xpZGVzaG93IjoiMGRmYTFlYyJ9\">\t\t<div class=\"elementor-carousel-image swiper-lazy\" role=\"img\" aria-label=\"Cartucho de alum\u00ednio para palha\" data-background=\"https:\/\/www.cnshining.com\/wp-content\/uploads\/2025\/10\/Aluminium-Chaff-Cartridge-1.webp\">\n\n\t\t\t\t\t\t\t<div class=\"swiper-lazy-preloader\"><\/div>\n\t\t\t\n\t\t\t\t\t<\/div>\n\t\t<\/a>\t\t\t\t\t\t<\/div>\n\t\t\t\t\t\t\t\t\t\t\t<div class=\"swiper-slide\" role=\"group\" aria-roledescription=\"slide\">\n\t\t\t\t\t\t\t<a href=\"https:\/\/www.cnshining.com\/wp-content\/uploads\/2025\/10\/Aluminum-37-38-40mm-CS-Cartridge.webp\" data-elementor-open-lightbox=\"yes\" data-elementor-lightbox-slideshow=\"0dfa1ec\" data-elementor-lightbox-title=\"Aluminum 37 38 40mm CS Cartridge\" data-e-action-hash=\"#elementor-action%3Aaction%3Dlightbox%26settings%3DeyJpZCI6MzA0MTcsInVybCI6Imh0dHBzOlwvXC93d3cuY25zaGluaW5nLmNvbVwvd3AtY29udGVudFwvdXBsb2Fkc1wvMjAyNVwvMTBcL0FsdW1pbnVtLTM3LTM4LTQwbW0tQ1MtQ2FydHJpZGdlLndlYnAiLCJzbGlkZXNob3ciOiIwZGZhMWVjIn0%3D\">\t\t<div class=\"elementor-carousel-image swiper-lazy\" role=\"img\" aria-label=\"Cartucho CS de alum\u00ednio 37 38 40mm\" data-background=\"https:\/\/www.cnshining.com\/wp-content\/uploads\/2025\/10\/Aluminum-37-38-40mm-CS-Cartridge.webp\">\n\n\t\t\t\t\t\t\t<div class=\"swiper-lazy-preloader\"><\/div>\n\t\t\t\n\t\t\t\t\t<\/div>\n\t\t<\/a>\t\t\t\t\t\t<\/div>\n\t\t\t\t\t\t\t\t\t<\/div>\n\t\t\t\t\t\t\t\t\t\t\t\t\t\t\t<div class=\"elementor-swiper-button elementor-swiper-button-prev\" role=\"button\" tabindex=\"0\" aria-label=\"Anterior\">\n\t\t\t\t\t\t\t<svg aria-hidden=\"true\" class=\"e-font-icon-svg e-eicon-chevron-left\" viewbox=\"0 0 1000 1000\" xmlns=\"http:\/\/www.w3.org\/2000\/svg\"><path d=\"M646 125C629 125 613 133 604 142L308 442C296 454 292 471 292 487 292 504 296 521 308 533L604 854C617 867 629 875 646 875 663 875 679 871 692 858 704 846 713 829 713 812 713 796 708 779 692 767L438 487 692 225C700 217 708 204 708 187 708 171 704 154 692 142 675 129 663 125 646 125Z\"><\/path><\/svg>\t\t\t\t\t\t<\/div>\n\t\t\t\t\t\t<div class=\"elementor-swiper-button elementor-swiper-button-next\" role=\"button\" tabindex=\"0\" aria-label=\"Pr\u00f3ximo\">\n\t\t\t\t\t\t\t<svg aria-hidden=\"true\" class=\"e-font-icon-svg e-eicon-chevron-right\" viewbox=\"0 0 1000 1000\" xmlns=\"http:\/\/www.w3.org\/2000\/svg\"><path d=\"M696 533C708 521 713 504 713 487 713 471 708 454 696 446L400 146C388 133 375 125 354 125 338 125 325 129 313 142 300 154 292 171 292 187 292 204 296 221 308 233L563 492 304 771C292 783 288 800 288 817 288 833 296 850 308 863 321 871 338 875 354 875 371 875 388 867 400 854L696 533Z\"><\/path><\/svg>\t\t\t\t\t\t<\/div>\n\t\t\t\t\t\t\t\t\t\t\t\t\t\t\t\t\t<\/div>\n\t\t\t\t\t\t\t\t<\/div>\n\t\t\t\t<\/div>\n\t\t\t\t\t<\/div>\n\t\t\t\t<\/div>\n\t\t<div class=\"elementor-element elementor-element-8b1f06f e-flex e-con-boxed e-con e-parent\" data-id=\"8b1f06f\" data-element_type=\"container\">\n\t\t\t\t\t<div class=\"e-con-inner\">\n\t\t<div class=\"elementor-element elementor-element-02e11cb e-con-full e-flex e-con e-child\" data-id=\"02e11cb\" data-element_type=\"container\">\n\t\t<div class=\"elementor-element elementor-element-cf4dd68 e-con-full e-flex e-con e-child\" data-id=\"cf4dd68\" data-element_type=\"container\">\n\t\t\t\t<div class=\"elementor-element elementor-element-968dd0b truncate-text elementor-widget elementor-widget-text-editor\" data-id=\"968dd0b\" data-element_type=\"widget\" data-widget_type=\"text-editor.default\">\n\t\t\t\t\t\t\t\t\t<h2>O que \u00e9 um cartucho de palha de alum\u00ednio?<\/h2><p>Um cartucho de chaff \u00e9 um dispositivo usado para neutralizar m\u00edsseis ou aeronaves inimigas, liberando uma nuvem de pequenas tiras met\u00e1licas, chamadas chaff, no ar. O chaff confunde os m\u00edsseis guiados por radar, refletindo seus sinais de radar de volta para eles, fazendo com que percam o alvo de vista. Os cartuchos de chaff s\u00e3o normalmente encontrados em aeronaves e navios militares.<\/p><p>O chaff foi usado pela primeira vez durante a Segunda Guerra Mundial e, desde ent\u00e3o, tem sido empregado de diversas formas por for\u00e7as armadas em todo o mundo. As for\u00e7as armadas dos Estados Unidos utilizam atualmente um tipo de chaff chamado cartucho do Sistema de Dispensa\u00e7\u00e3o de Contramedidas (CDS). Os cartuchos CDS s\u00e3o projetados para serem liberados de pontos espec\u00edficos de uma aeronave, dependendo da dire\u00e7\u00e3o da amea\u00e7a.<\/p><p>O chaff \u00e9 uma contramedida eficaz contra m\u00edsseis guiados por radar, mas n\u00e3o \u00e9 infal\u00edvel.<\/p><h2>Uso na hist\u00f3ria<\/h2><p>Durante a Segunda Guerra Mundial, os brit\u00e2nicos desenvolveram um sistema chamado &quot;Window&quot; que liberava tiras de alum\u00ednio para frustrar as bombas alem\u00e3s guiadas por radar. Os Estados Unidos tamb\u00e9m utilizaram chaff durante a Segunda Guerra Mundial, e as for\u00e7as armadas continuam a us\u00e1-lo atualmente como defesa contra m\u00edsseis e outras amea\u00e7as.<\/p><h2>Uso atual<\/h2><p>O cartucho de chaff \u00e9 um tipo de muni\u00e7\u00e3o usada em canh\u00f5es antia\u00e9reos. Tamb\u00e9m \u00e9 usado em alguns tipos de m\u00edsseis guiados por radar. O cartucho de chaff consiste em um recipiente contendo pequenas tiras ou fibras met\u00e1licas. Quando o recipiente \u00e9 disparado, as tiras s\u00e3o expelidas para o ar. As tiras refletem os sinais de radar, criando a ilus\u00e3o de m\u00faltiplos alvos. Isso dificulta o ataque de aeronaves ou m\u00edsseis inimigos.<\/p><h2>Pr\u00f3s e contras do uso de cartuchos de alum\u00ednio para remo\u00e7\u00e3o de palha<\/h2><p>Cartuchos de contramedidas eletr\u00f4nicas de alum\u00ednio s\u00e3o usados em aplica\u00e7\u00f5es militares e comerciais para neutralizar m\u00edsseis guiados por radar. Os cartuchos s\u00e3o preenchidos com milhares de pequenas tiras de alum\u00ednio ejetadas no ar por uma pequena carga explosiva. As tiras de alum\u00ednio refletem os sinais de radar, desviando-os do alvo e confundindo o sistema de orienta\u00e7\u00e3o do m\u00edssil, fazendo com que ele erre o alvo.<\/p><p>Existem diversas vantagens no uso de cartuchos de contramedidas eletr\u00f4nicas de alum\u00ednio. S\u00e3o baratos, f\u00e1ceis de usar e eficazes contra a maioria dos m\u00edsseis guiados por radar. Al\u00e9m disso, as contramedidas eletr\u00f4nicas representam pouco perigo para aeronaves ou pessoal aliados, j\u00e1 que as tiras caem rapidamente no solo ap\u00f3s o lan\u00e7amento.<\/p><p>O uso de chaff tamb\u00e9m apresenta algumas desvantagens. Por exemplo, ventos fortes podem lev\u00e1-lo de volta em dire\u00e7\u00e3o \u00e0s for\u00e7as amigas, causando danos ou ferimentos. Al\u00e9m disso, o chaff pode obstruir motores e outros equipamentos sens\u00edveis se n\u00e3o for lan\u00e7ado corretamente.<\/p><h2>Conclus\u00e3o<\/h2><p>Se voc\u00ea procura um fabricante e fornecedor confi\u00e1vel de cartuchos de alum\u00ednio para palha na China, sua busca acabou! Oferecemos produtos de alta qualidade a pre\u00e7os competitivos. Entre em contato conosco hoje mesmo para saber mais.<\/p>\t\t\t\t\t\t\t\t<\/div>\n\t\t\t\t<\/div>\n\t\t\t\t<\/div>\n\t\t\t\t\t<\/div>\n\t\t\t\t<\/div>\n\t\t\t\t<\/div>","protected":false},"excerpt":{"rendered":"<p>Cartuchos vazios de alum\u00ednio usinados com precis\u00e3o em CNC, calibres 26,5\/27\/37\/38\/40 mm. Descarregados, sem espoleta\/propelente, para recarga de fuma\u00e7a\/sinalizador\/chaff. Pedido m\u00ednimo de 10.000 unidades, fornecedor OEM com comprimento personalizado.<\/p>","protected":false},"author":1,"featured_media":30916,"parent":0,"menu_order":0,"comment_status":"closed","ping_status":"closed","template":"","meta":{"footnotes":""},"class_list":["post-15251","page","type-page","status-publish","has-post-thumbnail","hentry"],"_links":{"self":[{"href":"https:\/\/www.cnshining.com\/pt\/wp-json\/wp\/v2\/pages\/15251","targetHints":{"allow":["GET"]}}],"collection":[{"href":"https:\/\/www.cnshining.com\/pt\/wp-json\/wp\/v2\/pages"}],"about":[{"href":"https:\/\/www.cnshining.com\/pt\/wp-json\/wp\/v2\/types\/page"}],"author":[{"embeddable":true,"href":"https:\/\/www.cnshining.com\/pt\/wp-json\/wp\/v2\/users\/1"}],"replies":[{"embeddable":true,"href":"https:\/\/www.cnshining.com\/pt\/wp-json\/wp\/v2\/comments?post=15251"}],"version-history":[{"count":0,"href":"https:\/\/www.cnshining.com\/pt\/wp-json\/wp\/v2\/pages\/15251\/revisions"}],"wp:featuredmedia":[{"embeddable":true,"href":"https:\/\/www.cnshining.com\/pt\/wp-json\/wp\/v2\/media\/30916"}],"wp:attachment":[{"href":"https:\/\/www.cnshining.com\/pt\/wp-json\/wp\/v2\/media?parent=15251"}],"curies":[{"name":"wp","href":"https:\/\/api.w.org\/{rel}","templated":true}]}}