{"id":15604,"date":"2022-12-14T06:49:47","date_gmt":"2022-12-14T06:49:47","guid":{"rendered":"https:\/\/www.cnshining.com\/?page_id=15604"},"modified":"2025-12-23T02:02:25","modified_gmt":"2025-12-23T02:02:25","slug":"cartucho-de-aluminio-para-flares-de-26-5mm","status":"publish","type":"page","link":"https:\/\/www.cnshining.com\/pt\/cartucho-de-aluminio-para-flares-de-26-5mm","title":{"rendered":"Cartuchos de sinaliza\u00e7\u00e3o de alum\u00ednio de 26,5 mm"},"content":{"rendered":"<div data-elementor-type=\"wp-page\" data-elementor-id=\"15604\" class=\"elementor elementor-15604\" data-elementor-post-type=\"page\">\n\t\t\t\t<div class=\"elementor-element elementor-element-980d8c6 e-flex e-con-boxed e-con e-parent\" data-id=\"980d8c6\" data-element_type=\"container\" data-settings=\"{&quot;background_background&quot;:&quot;classic&quot;}\">\n\t\t\t\t\t<div class=\"e-con-inner\">\n\t\t\t\t<div class=\"elementor-element elementor-element-5d7284d elementor-icon-list--layout-inline elementor-align-center elementor-list-item-link-full_width elementor-widget elementor-widget-icon-list\" data-id=\"5d7284d\" data-element_type=\"widget\" data-widget_type=\"icon-list.default\">\n\t\t\t\t\t\t\t<ul class=\"elementor-icon-list-items elementor-inline-items\">\n\t\t\t\t\t\t\t<li class=\"elementor-icon-list-item elementor-inline-item\">\n\t\t\t\t\t\t\t\t\t\t\t<a href=\"https:\/\/www.cnshining.com\/pt\" target=\"_blank\">\n\n\t\t\t\t\t\t\t\t\t\t\t\t<span class=\"elementor-icon-list-icon\">\n\t\t\t\t\t\t\t<svg aria-hidden=\"true\" class=\"e-font-icon-svg e-fas-home\" viewbox=\"0 0 576 512\" xmlns=\"http:\/\/www.w3.org\/2000\/svg\"><path d=\"M280.37 148.26L96 300.11V464a16 16 0 0 0 16 16l112.06-.29a16 16 0 0 0 15.92-16V368a16 16 0 0 1 16-16h64a16 16 0 0 1 16 16v95.64a16 16 0 0 0 16 16.05L464 480a16 16 0 0 0 16-16V300L295.67 148.26a12.19 12.19 0 0 0-15.3 0zM571.6 251.47L488 182.56V44.05a12 12 0 0 0-12-12h-56a12 12 0 0 0-12 12v72.61L318.47 43a48 48 0 0 0-61 0L4.34 251.47a12 12 0 0 0-1.6 16.9l25.5 31A12 12 0 0 0 45.15 301l235.22-193.74a12.19 12.19 0 0 1 15.3 0L530.9 301a12 12 0 0 0 16.9-1.6l25.5-31a12 12 0 0 0-1.7-16.93z\"><\/path><\/svg>\t\t\t\t\t\t<\/span>\n\t\t\t\t\t\t\t\t\t\t<span class=\"elementor-icon-list-text\">Lar \/<\/span>\n\t\t\t\t\t\t\t\t\t\t\t<\/a>\n\t\t\t\t\t\t\t\t\t<\/li>\n\t\t\t\t\t\t\t\t<li class=\"elementor-icon-list-item elementor-inline-item\">\n\t\t\t\t\t\t\t\t\t\t\t<a href=\"https:\/\/www.cnshining.com\/pt\/cartucho-nao-letal\/\" target=\"_blank\">\n\n\t\t\t\t\t\t\t\t\t\t\t<span class=\"elementor-icon-list-text\">Cartucho n\u00e3o letal\/<\/span>\n\t\t\t\t\t\t\t\t\t\t\t<\/a>\n\t\t\t\t\t\t\t\t\t<\/li>\n\t\t\t\t\t\t<\/ul>\n\t\t\t\t\t\t<\/div>\n\t\t\t\t\t<\/div>\n\t\t\t\t<\/div>\n\t\t<div class=\"elementor-element elementor-element-112e894 e-flex e-con-boxed e-con e-parent\" data-id=\"112e894\" data-element_type=\"container\" data-settings=\"{&quot;background_background&quot;:&quot;classic&quot;}\">\n\t\t\t\t\t<div class=\"e-con-inner\">\n\t\t<div class=\"elementor-element elementor-element-c31d3a2 e-con-full e-flex e-con e-child\" data-id=\"c31d3a2\" data-element_type=\"container\">\n\t\t<div class=\"elementor-element elementor-element-04e0664 e-con-full e-flex e-con e-child\" data-id=\"04e0664\" data-element_type=\"container\">\n\t\t\t\t<div class=\"elementor-element elementor-element-1a56b99 elementor-widget elementor-widget-image\" data-id=\"1a56b99\" data-element_type=\"widget\" data-widget_type=\"image.default\">\n\t\t\t\t\t\t\t\t\t\t\t\t\t\t\t<img fetchpriority=\"high\" decoding=\"async\" width=\"1000\" height=\"1000\" src=\"https:\/\/www.cnshining.com\/wp-content\/uploads\/2025\/11\/Aluminium-Cartridge-For-26.5mm-Flares.webp\" class=\"attachment-large size-large wp-image-31837\" alt=\"Cartucho de alum\u00ednio para foguetes de sinaliza\u00e7\u00e3o de 26,5 mm\" title=\"\">\t\t\t\t\t\t\t\t\t\t\t\t\t\t\t<\/div>\n\t\t\t\t<\/div>\n\t\t<div class=\"elementor-element elementor-element-5ac2bb3 e-con-full e-flex e-con e-child\" data-id=\"5ac2bb3\" data-element_type=\"container\">\n\t\t<div class=\"elementor-element elementor-element-cf879ea e-con-full e-flex e-con e-child\" data-id=\"cf879ea\" data-element_type=\"container\">\n\t\t<div class=\"elementor-element elementor-element-e0a7cae e-con-full e-flex e-con e-child\" data-id=\"e0a7cae\" data-element_type=\"container\">\n\t\t\t\t<div class=\"elementor-element elementor-element-dc9db9e elementor-widget elementor-widget-heading\" data-id=\"dc9db9e\" data-element_type=\"widget\" data-widget_type=\"heading.default\">\n\t\t\t\t\t<h3 class=\"elementor-heading-title elementor-size-default\">Material<\/h3>\t\t\t\t<\/div>\n\t\t\t\t<div class=\"elementor-element elementor-element-1113cc5 elementor-widget__width-initial elementor-widget-tablet__width-initial elementor-widget elementor-widget-text-editor\" data-id=\"1113cc5\" data-element_type=\"widget\" data-widget_type=\"text-editor.default\">\n\t\t\t\t\t\t\t\t\t<p>Liga de alum\u00ednio<\/p>\t\t\t\t\t\t\t\t<\/div>\n\t\t\t\t<\/div>\n\t\t<div class=\"elementor-element elementor-element-c6172e1 e-con-full e-flex e-con e-child\" data-id=\"c6172e1\" data-element_type=\"container\">\n\t\t\t\t<div class=\"elementor-element elementor-element-17f3cf8 elementor-widget elementor-widget-heading\" data-id=\"17f3cf8\" data-element_type=\"widget\" data-widget_type=\"heading.default\">\n\t\t\t\t\t<h3 class=\"elementor-heading-title elementor-size-default\">Di\u00e2metro<\/h3>\t\t\t\t<\/div>\n\t\t\t\t<div class=\"elementor-element elementor-element-3ed213d elementor-widget__width-initial elementor-widget-tablet__width-initial elementor-widget elementor-widget-text-editor\" data-id=\"3ed213d\" data-element_type=\"widget\" data-widget_type=\"text-editor.default\">\n\t\t\t\t\t\t\t\t\t<p>26,5 mm<\/p>\t\t\t\t\t\t\t\t<\/div>\n\t\t\t\t<\/div>\n\t\t\t\t<\/div>\n\t\t<div class=\"elementor-element elementor-element-a711ec6 e-con-full e-flex e-con e-child\" data-id=\"a711ec6\" data-element_type=\"container\">\n\t\t<div class=\"elementor-element elementor-element-ba8f761 e-con-full e-flex e-con e-child\" data-id=\"ba8f761\" data-element_type=\"container\">\n\t\t\t\t<div class=\"elementor-element elementor-element-7aff87a elementor-widget elementor-widget-heading\" data-id=\"7aff87a\" data-element_type=\"widget\" data-widget_type=\"heading.default\">\n\t\t\t\t\t<h3 class=\"elementor-heading-title elementor-size-default\">MOQ<\/h3>\t\t\t\t<\/div>\n\t\t\t\t<div class=\"elementor-element elementor-element-1efdacf elementor-widget__width-initial elementor-widget-tablet__width-initial elementor-widget elementor-widget-text-editor\" data-id=\"1efdacf\" data-element_type=\"widget\" data-widget_type=\"text-editor.default\">\n\t\t\t\t\t\t\t\t\t<p>10.000 unidades<\/p>\t\t\t\t\t\t\t\t<\/div>\n\t\t\t\t<\/div>\n\t\t<div class=\"elementor-element elementor-element-cff5ca2 e-con-full e-flex e-con e-child\" data-id=\"cff5ca2\" data-element_type=\"container\">\n\t\t\t\t<div class=\"elementor-element elementor-element-603f3e2 elementor-widget elementor-widget-heading\" data-id=\"603f3e2\" data-element_type=\"widget\" data-widget_type=\"heading.default\">\n\t\t\t\t\t<h3 class=\"elementor-heading-title elementor-size-default\">personalizado<\/h3>\t\t\t\t<\/div>\n\t\t\t\t<div class=\"elementor-element elementor-element-c91f2be elementor-widget__width-initial elementor-widget-tablet__width-initial elementor-widget elementor-widget-text-editor\" data-id=\"c91f2be\" data-element_type=\"widget\" data-widget_type=\"text-editor.default\">\n\t\t\t\t\t\t\t\t\t<p>Tamanhos personalizados aceitos<\/p>\t\t\t\t\t\t\t\t<\/div>\n\t\t\t\t<\/div>\n\t\t\t\t<\/div>\n\t\t\t\t<div class=\"elementor-element elementor-element-9f4f01b elementor-mobile-align-left elementor-align-right elementor-widget elementor-widget-button\" data-id=\"9f4f01b\" data-element_type=\"widget\" data-widget_type=\"button.default\">\n\t\t\t\t\t\t\t\t\t\t<a class=\"elementor-button elementor-button-link elementor-size-sm\" href=\"#elementor-action%3Aaction%3Dpopup%3Aopen%26settings%3DeyJpZCI6IjE0MTMyIiwidG9nZ2xlIjpmYWxzZX0%3D\" target=\"_blank\">\n\t\t\t\t\t\t<span class=\"elementor-button-content-wrapper\">\n\t\t\t\t\t\t<span class=\"elementor-button-icon\">\n\t\t\t\t<svg aria-hidden=\"true\" class=\"e-font-icon-svg e-fas-arrow-right\" viewbox=\"0 0 448 512\" xmlns=\"http:\/\/www.w3.org\/2000\/svg\"><path d=\"M190.5 66.9l22.2-22.2c9.4-9.4 24.6-9.4 33.9 0L441 239c9.4 9.4 9.4 24.6 0 33.9L246.6 467.3c-9.4 9.4-24.6 9.4-33.9 0l-22.2-22.2c-9.5-9.5-9.3-25 .4-34.3L311.4 296H24c-13.3 0-24-10.7-24-24v-32c0-13.3 10.7-24 24-24h287.4L190.9 101.2c-9.8-9.3-10-24.8-.4-34.3z\"><\/path><\/svg>\t\t\t<\/span>\n\t\t\t\t\t\t\t\t\t<span class=\"elementor-button-text\">Contate-nos<\/span>\n\t\t\t\t\t<\/span>\n\t\t\t\t\t<\/a>\n\t\t\t\t\t\t\t\t<\/div>\n\t\t\t\t<\/div>\n\t\t\t\t<\/div>\n\t\t\t\t\t<\/div>\n\t\t\t\t<\/div>\n\t\t<div class=\"elementor-element elementor-element-94a3fa1 e-flex e-con-boxed e-con e-parent\" data-id=\"94a3fa1\" data-element_type=\"container\" data-settings=\"{&quot;background_background&quot;:&quot;classic&quot;}\">\n\t\t\t\t\t<div class=\"e-con-inner\">\n\t\t<div class=\"elementor-element elementor-element-8fbbe8c e-con-full e-flex e-con e-child\" data-id=\"8fbbe8c\" data-element_type=\"container\">\n\t\t\t\t<div class=\"elementor-element elementor-element-52f3749 elementor-skin-carousel elementor-arrows-yes elementor-widget elementor-widget-media-carousel\" data-id=\"52f3749\" data-element_type=\"widget\" data-settings=\"{&quot;lazyload&quot;:&quot;yes&quot;,&quot;space_between&quot;:{&quot;unit&quot;:&quot;px&quot;,&quot;size&quot;:25,&quot;sizes&quot;:[]},&quot;slides_per_view_tablet&quot;:&quot;1&quot;,&quot;skin&quot;:&quot;carousel&quot;,&quot;effect&quot;:&quot;slide&quot;,&quot;show_arrows&quot;:&quot;yes&quot;,&quot;speed&quot;:500,&quot;autoplay&quot;:&quot;yes&quot;,&quot;autoplay_speed&quot;:5000,&quot;loop&quot;:&quot;yes&quot;,&quot;pause_on_hover&quot;:&quot;yes&quot;,&quot;pause_on_interaction&quot;:&quot;yes&quot;,&quot;space_between_tablet&quot;:{&quot;unit&quot;:&quot;px&quot;,&quot;size&quot;:10,&quot;sizes&quot;:[]},&quot;space_between_mobile&quot;:{&quot;unit&quot;:&quot;px&quot;,&quot;size&quot;:10,&quot;sizes&quot;:[]}}\" data-widget_type=\"media-carousel.default\">\n\t\t\t\t\t\t\t\t\t\t<div class=\"elementor-main-swiper swiper\" role=\"region\" aria-roledescription=\"carousel\" aria-label=\"Slides\">\n\t\t\t\t<div class=\"swiper-wrapper\">\n\t\t\t\t\t\t\t\t\t\t\t<div class=\"swiper-slide\" role=\"group\" aria-roledescription=\"slide\">\n\t\t\t\t\t\t\t<a href=\"https:\/\/www.cnshining.com\/wp-content\/uploads\/2025\/10\/Aluminium-Cartridge-For-26.5mm-Flares-1.webp\" data-elementor-open-lightbox=\"yes\" data-elementor-lightbox-slideshow=\"52f3749\" data-elementor-lightbox-title=\"Aluminium Cartridge For 26.5mm Flares\" data-e-action-hash=\"#elementor-action%3Aaction%3Dlightbox%26settings%3DeyJpZCI6MzA0MTYsInVybCI6Imh0dHBzOlwvXC93d3cuY25zaGluaW5nLmNvbVwvd3AtY29udGVudFwvdXBsb2Fkc1wvMjAyNVwvMTBcL0FsdW1pbml1bS1DYXJ0cmlkZ2UtRm9yLTI2LjVtbS1GbGFyZXMtMS53ZWJwIiwic2xpZGVzaG93IjoiNTJmMzc0OSJ9\">\t\t<div class=\"elementor-carousel-image swiper-lazy\" role=\"img\" aria-label=\"Cartucho de alum\u00ednio para foguetes de sinaliza\u00e7\u00e3o de 26,5 mm\" data-background=\"https:\/\/www.cnshining.com\/wp-content\/uploads\/2025\/10\/Aluminium-Cartridge-For-26.5mm-Flares-1.webp\">\n\n\t\t\t\t\t\t\t<div class=\"swiper-lazy-preloader\"><\/div>\n\t\t\t\n\t\t\t\t\t<\/div>\n\t\t<\/a>\t\t\t\t\t\t<\/div>\n\t\t\t\t\t\t\t\t\t\t\t<div class=\"swiper-slide\" role=\"group\" aria-roledescription=\"slide\">\n\t\t\t\t\t\t\t<a href=\"https:\/\/www.cnshining.com\/wp-content\/uploads\/2025\/10\/Aluminum-37-38-40mm-CS-Cartridge.webp\" data-elementor-open-lightbox=\"yes\" data-elementor-lightbox-slideshow=\"52f3749\" data-elementor-lightbox-title=\"Aluminum 37 38 40mm CS Cartridge\" data-e-action-hash=\"#elementor-action%3Aaction%3Dlightbox%26settings%3DeyJpZCI6MzA0MTcsInVybCI6Imh0dHBzOlwvXC93d3cuY25zaGluaW5nLmNvbVwvd3AtY29udGVudFwvdXBsb2Fkc1wvMjAyNVwvMTBcL0FsdW1pbnVtLTM3LTM4LTQwbW0tQ1MtQ2FydHJpZGdlLndlYnAiLCJzbGlkZXNob3ciOiI1MmYzNzQ5In0%3D\">\t\t<div class=\"elementor-carousel-image swiper-lazy\" role=\"img\" aria-label=\"Cartucho CS de alum\u00ednio 37 38 40mm\" data-background=\"https:\/\/www.cnshining.com\/wp-content\/uploads\/2025\/10\/Aluminum-37-38-40mm-CS-Cartridge.webp\">\n\n\t\t\t\t\t\t\t<div class=\"swiper-lazy-preloader\"><\/div>\n\t\t\t\n\t\t\t\t\t<\/div>\n\t\t<\/a>\t\t\t\t\t\t<\/div>\n\t\t\t\t\t\t\t\t\t<\/div>\n\t\t\t\t\t\t\t\t\t\t\t\t\t\t\t<div class=\"elementor-swiper-button elementor-swiper-button-prev\" role=\"button\" tabindex=\"0\" aria-label=\"Anterior\">\n\t\t\t\t\t\t\t<svg aria-hidden=\"true\" class=\"e-font-icon-svg e-eicon-chevron-left\" viewbox=\"0 0 1000 1000\" xmlns=\"http:\/\/www.w3.org\/2000\/svg\"><path d=\"M646 125C629 125 613 133 604 142L308 442C296 454 292 471 292 487 292 504 296 521 308 533L604 854C617 867 629 875 646 875 663 875 679 871 692 858 704 846 713 829 713 812 713 796 708 779 692 767L438 487 692 225C700 217 708 204 708 187 708 171 704 154 692 142 675 129 663 125 646 125Z\"><\/path><\/svg>\t\t\t\t\t\t<\/div>\n\t\t\t\t\t\t<div class=\"elementor-swiper-button elementor-swiper-button-next\" role=\"button\" tabindex=\"0\" aria-label=\"Pr\u00f3ximo\">\n\t\t\t\t\t\t\t<svg aria-hidden=\"true\" class=\"e-font-icon-svg e-eicon-chevron-right\" viewbox=\"0 0 1000 1000\" xmlns=\"http:\/\/www.w3.org\/2000\/svg\"><path d=\"M696 533C708 521 713 504 713 487 713 471 708 454 696 446L400 146C388 133 375 125 354 125 338 125 325 129 313 142 300 154 292 171 292 187 292 204 296 221 308 233L563 492 304 771C292 783 288 800 288 817 288 833 296 850 308 863 321 871 338 875 354 875 371 875 388 867 400 854L696 533Z\"><\/path><\/svg>\t\t\t\t\t\t<\/div>\n\t\t\t\t\t\t\t\t\t\t\t\t\t\t\t\t\t<\/div>\n\t\t\t\t\t\t\t\t<\/div>\n\t\t\t\t<\/div>\n\t\t\t\t\t<\/div>\n\t\t\t\t<\/div>\n\t\t<div class=\"elementor-element elementor-element-3affb2c e-flex e-con-boxed e-con e-parent\" data-id=\"3affb2c\" data-element_type=\"container\">\n\t\t\t\t\t<div class=\"e-con-inner\">\n\t\t<div class=\"elementor-element elementor-element-d3b4749 e-con-full e-flex e-con e-child\" data-id=\"d3b4749\" data-element_type=\"container\">\n\t\t<div class=\"elementor-element elementor-element-4923882 e-con-full e-flex e-con e-child\" data-id=\"4923882\" data-element_type=\"container\">\n\t\t\t\t<div class=\"elementor-element elementor-element-4b45c9a truncate-text elementor-widget elementor-widget-text-editor\" data-id=\"4b45c9a\" data-element_type=\"widget\" data-widget_type=\"text-editor.default\">\n\t\t\t\t\t\t\t\t\t<p>O cartucho de alum\u00ednio para sinalizadores de 26,5 mm \u00e9 um equipamento essencial para qualquer atirador que precise usar muni\u00e7\u00e3o de 26,5 mm em campo. Este cartucho foi projetado especificamente para encaixar no adaptador de sinalizador de 26,5 mm e fornecer poder de fogo confi\u00e1vel e preciso em qualquer situa\u00e7\u00e3o. A constru\u00e7\u00e3o em alum\u00ednio garante m\u00e1xima durabilidade e seu peso leve facilita o transporte e o armazenamento quando n\u00e3o estiver em uso.<\/p><h2>Hist\u00f3ria: Origens e Desenvolvimento<\/h2><p>O uso de pistolas de sinaliza\u00e7\u00e3o de 26,5 mm e seus adaptadores subsequentes possui uma rica hist\u00f3ria que remonta ao in\u00edcio do s\u00e9culo XIX. O primeiro uso documentado dessas armas, tamb\u00e9m conhecidas como pistolas de sinaliza\u00e7\u00e3o, data de 1820, quando foram utilizadas por tropas brit\u00e2nicas estacionadas na \u00cdndia durante o conflito. Os sinalizadores eram disparados para acionar um alarme ou alertar as tropas pr\u00f3ximas sobre uma situa\u00e7\u00e3o de emerg\u00eancia. Antes da inven\u00e7\u00e3o dos cartuchos, essas armas dependiam de p\u00f3lvora e bucha em vez de propuls\u00e3o.<\/p><p>Ao longo de sua evolu\u00e7\u00e3o, a pistola de sinaliza\u00e7\u00e3o de 26,5 mm foi adaptada para acomodar diversos tipos de muni\u00e7\u00e3o, incluindo cartuchos de festim, balas tra\u00e7adoras e outros tipos que podem ser facilmente carregados em cartuchos atrav\u00e9s de um adaptador de alum\u00ednio projetado para essa finalidade.<\/p><h2>Descri\u00e7\u00e3o: Projeto e Constru\u00e7\u00e3o<\/h2><p>Os sinalizadores de foguete de 26,5 mm s\u00e3o projetados para uso em diversas situa\u00e7\u00f5es, como sinais de socorro e tiros de advert\u00eancia. O projeto e a constru\u00e7\u00e3o dos sinalizadores s\u00e3o cruciais para garantir seu desempenho nesses cen\u00e1rios.<\/p><p>O cartucho para sinalizadores de 26,5 mm consiste em um corpo de alum\u00ednio que cont\u00e9m a carga propelente e o material do n\u00facleo do sinalizador, um adaptador com um mecanismo de gatilho que libera o sinalizador quando disparado, al\u00e9m de um escudo t\u00e9rmico para evitar danos causados por materiais em chamas ejetados durante o disparo. O cartucho tamb\u00e9m possui um sistema de igni\u00e7\u00e3o que utiliza sinais el\u00e9tricos enviados atrav\u00e9s de cargas pirot\u00e9cnicas para inflamar o propelente em seu interior.<\/p><h2>Usos: Diversas finalidades<\/h2><p>O cartucho de alum\u00ednio para sinalizadores de 26,5 mm \u00e9 uma ferramenta vers\u00e1til e confi\u00e1vel que pode ser usada em diversas situa\u00e7\u00f5es. Esses cartuchos s\u00e3o particularmente \u00fateis para produzir sinalizadores luminosos, tornando-os ideais para opera\u00e7\u00f5es de busca e salvamento e atividades recreativas. Tamb\u00e9m s\u00e3o usados em aplica\u00e7\u00f5es militares para fornecer marcadores visuais e fontes de ilumina\u00e7\u00e3o confi\u00e1veis no campo de batalha.<\/p><p>Os cartuchos de sinaliza\u00e7\u00e3o de 26,5 mm combinam constru\u00e7\u00e3o em alum\u00ednio, engenharia avan\u00e7ada e materiais especializados para produzir um produto dur\u00e1vel, confi\u00e1vel e de alta qualidade, ideal para diversas situa\u00e7\u00f5es. Essa versatilidade torna esses cartuchos muito procurados, devido \u00e0 sua capacidade de funcionar em condi\u00e7\u00f5es clim\u00e1ticas extremas, sendo adequados tanto para uso diurno quanto noturno.<\/p><h2>Benef\u00edcios: Efici\u00eancia e Seguran\u00e7a<\/h2><p>O cartucho de alum\u00ednio para sinalizadores de 26,5 mm \u00e9 um acess\u00f3rio importante para iluminar o c\u00e9u noturno com diversos sinais e mensagens luminosas. Este dispositivo exclusivo oferece in\u00fameros benef\u00edcios, incluindo maior efici\u00eancia e seguran\u00e7a, para aqueles que o utilizam em suas atividades de sinaliza\u00e7\u00e3o.<\/p><h2>Conclus\u00e3o<\/h2><p>A conclus\u00e3o do artigo sobre cartuchos de alum\u00ednio para sinalizadores de 26,5 mm \u00e9 que eles representam uma solu\u00e7\u00e3o eficaz e confi\u00e1vel para fornecer ilumina\u00e7\u00e3o e sinais de fuma\u00e7a em emerg\u00eancias. Os cartuchos de sinalizador de 26,5 mm s\u00e3o projetados para serem leves e dur\u00e1veis, tornando-os uma \u00f3tima op\u00e7\u00e3o para quem precisa de dispositivos de sinaliza\u00e7\u00e3o port\u00e1teis. Al\u00e9m disso, s\u00e3o relativamente baratos em compara\u00e7\u00e3o com outros tipos de dispositivos de sinaliza\u00e7\u00e3o, oferecendo uma maneira econ\u00f4mica de se comunicar em situa\u00e7\u00f5es de perigo.<\/p><p>Em geral, o cartucho de alum\u00ednio para sinalizadores de 26,5 mm oferece uma forma confi\u00e1vel e eficiente de comunica\u00e7\u00e3o em situa\u00e7\u00f5es de emerg\u00eancia ou perigo. Gra\u00e7as ao seu design superior e aos materiais utilizados na fabrica\u00e7\u00e3o, podem ser usados tanto como sinalizadores de ilumina\u00e7\u00e3o quanto como sinalizadores de fuma\u00e7a, tornando-os ideais para qualquer situa\u00e7\u00e3o que exija aten\u00e7\u00e3o imediata de fontes pr\u00f3ximas.<\/p>\t\t\t\t\t\t\t\t<\/div>\n\t\t\t\t<\/div>\n\t\t\t\t<\/div>\n\t\t\t\t\t<\/div>\n\t\t\t\t<\/div>\n\t\t\t\t<\/div>","protected":false},"excerpt":{"rendered":"<p>Cartuchos de sinaliza\u00e7\u00e3o de alum\u00ednio CNC de 26,5 mm para pistola\/lan\u00e7ador de sinalizadores. Vermelho\/branco\/verde\/paraquedas, para uso mar\u00edtimo, socorro e militar. Pedido m\u00ednimo de 10.000 unidades, comprimento\/cor personalizados dispon\u00edveis.<\/p>","protected":false},"author":1,"featured_media":31837,"parent":0,"menu_order":0,"comment_status":"closed","ping_status":"closed","template":"","meta":{"footnotes":""},"class_list":["post-15604","page","type-page","status-publish","has-post-thumbnail","hentry"],"_links":{"self":[{"href":"https:\/\/www.cnshining.com\/pt\/wp-json\/wp\/v2\/pages\/15604","targetHints":{"allow":["GET"]}}],"collection":[{"href":"https:\/\/www.cnshining.com\/pt\/wp-json\/wp\/v2\/pages"}],"about":[{"href":"https:\/\/www.cnshining.com\/pt\/wp-json\/wp\/v2\/types\/page"}],"author":[{"embeddable":true,"href":"https:\/\/www.cnshining.com\/pt\/wp-json\/wp\/v2\/users\/1"}],"replies":[{"embeddable":true,"href":"https:\/\/www.cnshining.com\/pt\/wp-json\/wp\/v2\/comments?post=15604"}],"version-history":[{"count":0,"href":"https:\/\/www.cnshining.com\/pt\/wp-json\/wp\/v2\/pages\/15604\/revisions"}],"wp:featuredmedia":[{"embeddable":true,"href":"https:\/\/www.cnshining.com\/pt\/wp-json\/wp\/v2\/media\/31837"}],"wp:attachment":[{"href":"https:\/\/www.cnshining.com\/pt\/wp-json\/wp\/v2\/media?parent=15604"}],"curies":[{"name":"wp","href":"https:\/\/api.w.org\/{rel}","templated":true}]}}