{"id":16708,"date":"2024-07-21T07:11:32","date_gmt":"2024-07-21T07:11:32","guid":{"rendered":"https:\/\/www.cnshining.com\/?page_id=16708"},"modified":"2025-12-23T02:06:00","modified_gmt":"2025-12-23T02:06:00","slug":"caixa-de-aluminio-para-granada-de-40mm","status":"publish","type":"page","link":"https:\/\/www.cnshining.com\/pt\/caixa-de-aluminio-para-granada-de-40mm","title":{"rendered":"Cartucho de granada vazio de alum\u00ednio de 40 mm"},"content":{"rendered":"<div data-elementor-type=\"wp-page\" data-elementor-id=\"16708\" class=\"elementor elementor-16708\" data-elementor-post-type=\"page\">\n\t\t\t\t<div class=\"elementor-element elementor-element-482fce0e e-flex e-con-boxed e-con e-parent\" data-id=\"482fce0e\" data-element_type=\"container\" data-settings=\"{&quot;background_background&quot;:&quot;classic&quot;}\">\n\t\t\t\t\t<div class=\"e-con-inner\">\n\t\t\t\t<div class=\"elementor-element elementor-element-897a9cd elementor-icon-list--layout-inline elementor-align-center elementor-list-item-link-full_width elementor-widget elementor-widget-icon-list\" data-id=\"897a9cd\" data-element_type=\"widget\" data-widget_type=\"icon-list.default\">\n\t\t\t\t\t\t\t<ul class=\"elementor-icon-list-items elementor-inline-items\">\n\t\t\t\t\t\t\t<li class=\"elementor-icon-list-item elementor-inline-item\">\n\t\t\t\t\t\t\t\t\t\t\t<a href=\"https:\/\/www.cnshining.com\/pt\" target=\"_blank\">\n\n\t\t\t\t\t\t\t\t\t\t\t\t<span class=\"elementor-icon-list-icon\">\n\t\t\t\t\t\t\t<svg aria-hidden=\"true\" class=\"e-font-icon-svg e-fas-home\" viewbox=\"0 0 576 512\" xmlns=\"http:\/\/www.w3.org\/2000\/svg\"><path d=\"M280.37 148.26L96 300.11V464a16 16 0 0 0 16 16l112.06-.29a16 16 0 0 0 15.92-16V368a16 16 0 0 1 16-16h64a16 16 0 0 1 16 16v95.64a16 16 0 0 0 16 16.05L464 480a16 16 0 0 0 16-16V300L295.67 148.26a12.19 12.19 0 0 0-15.3 0zM571.6 251.47L488 182.56V44.05a12 12 0 0 0-12-12h-56a12 12 0 0 0-12 12v72.61L318.47 43a48 48 0 0 0-61 0L4.34 251.47a12 12 0 0 0-1.6 16.9l25.5 31A12 12 0 0 0 45.15 301l235.22-193.74a12.19 12.19 0 0 1 15.3 0L530.9 301a12 12 0 0 0 16.9-1.6l25.5-31a12 12 0 0 0-1.7-16.93z\"><\/path><\/svg>\t\t\t\t\t\t<\/span>\n\t\t\t\t\t\t\t\t\t\t<span class=\"elementor-icon-list-text\">Lar \/<\/span>\n\t\t\t\t\t\t\t\t\t\t\t<\/a>\n\t\t\t\t\t\t\t\t\t<\/li>\n\t\t\t\t\t\t\t\t<li class=\"elementor-icon-list-item elementor-inline-item\">\n\t\t\t\t\t\t\t\t\t\t\t<a href=\"https:\/\/www.cnshining.com\/pt\/cartucho-nao-letal\/\" target=\"_blank\">\n\n\t\t\t\t\t\t\t\t\t\t\t<span class=\"elementor-icon-list-text\">Cartucho n\u00e3o letal\/<\/span>\n\t\t\t\t\t\t\t\t\t\t\t<\/a>\n\t\t\t\t\t\t\t\t\t<\/li>\n\t\t\t\t\t\t<\/ul>\n\t\t\t\t\t\t<\/div>\n\t\t\t\t\t<\/div>\n\t\t\t\t<\/div>\n\t\t<div class=\"elementor-element elementor-element-0831303 e-flex e-con-boxed e-con e-parent\" data-id=\"0831303\" data-element_type=\"container\" data-settings=\"{&quot;background_background&quot;:&quot;classic&quot;}\">\n\t\t\t\t\t<div class=\"e-con-inner\">\n\t\t<div class=\"elementor-element elementor-element-9a7f8dd e-con-full e-flex e-con e-child\" data-id=\"9a7f8dd\" data-element_type=\"container\">\n\t\t<div class=\"elementor-element elementor-element-8d5ee8d e-con-full e-flex e-con e-child\" data-id=\"8d5ee8d\" data-element_type=\"container\">\n\t\t\t\t<div class=\"elementor-element elementor-element-1ae40c1 elementor-widget elementor-widget-image\" data-id=\"1ae40c1\" data-element_type=\"widget\" data-widget_type=\"image.default\">\n\t\t\t\t\t\t\t\t\t\t\t\t\t\t\t<img fetchpriority=\"high\" decoding=\"async\" width=\"1200\" height=\"787\" src=\"https:\/\/www.cnshining.com\/wp-content\/uploads\/2025\/10\/Aluminum-Cartridge-for-40mm-Grenade-Shell-1.webp\" class=\"attachment-large size-large wp-image-30698\" alt=\"Cartucho de alum\u00ednio para proj\u00e9til de granada de 40 mm\" title=\"\">\t\t\t\t\t\t\t\t\t\t\t\t\t\t\t<\/div>\n\t\t\t\t<\/div>\n\t\t<div class=\"elementor-element elementor-element-2b695f7 e-con-full e-flex e-con e-child\" data-id=\"2b695f7\" data-element_type=\"container\">\n\t\t<div class=\"elementor-element elementor-element-b954591 e-con-full e-flex e-con e-child\" data-id=\"b954591\" data-element_type=\"container\">\n\t\t<div class=\"elementor-element elementor-element-df2e709 e-con-full e-flex e-con e-child\" data-id=\"df2e709\" data-element_type=\"container\">\n\t\t\t\t<div class=\"elementor-element elementor-element-bbb119b elementor-widget elementor-widget-heading\" data-id=\"bbb119b\" data-element_type=\"widget\" data-widget_type=\"heading.default\">\n\t\t\t\t\t<h3 class=\"elementor-heading-title elementor-size-default\">Material<\/h3>\t\t\t\t<\/div>\n\t\t\t\t<div class=\"elementor-element elementor-element-3d6fd4b elementor-widget__width-initial elementor-widget-tablet__width-initial elementor-widget elementor-widget-text-editor\" data-id=\"3d6fd4b\" data-element_type=\"widget\" data-widget_type=\"text-editor.default\">\n\t\t\t\t\t\t\t\t\t<p>Alum\u00ednio<\/p>\t\t\t\t\t\t\t\t<\/div>\n\t\t\t\t<\/div>\n\t\t<div class=\"elementor-element elementor-element-9044622 e-con-full e-flex e-con e-child\" data-id=\"9044622\" data-element_type=\"container\">\n\t\t\t\t<div class=\"elementor-element elementor-element-a5fc041 elementor-widget elementor-widget-heading\" data-id=\"a5fc041\" data-element_type=\"widget\" data-widget_type=\"heading.default\">\n\t\t\t\t\t<h3 class=\"elementor-heading-title elementor-size-default\">Di\u00e2metro<\/h3>\t\t\t\t<\/div>\n\t\t\t\t<div class=\"elementor-element elementor-element-16c3864 elementor-widget__width-initial elementor-widget-tablet__width-initial elementor-widget elementor-widget-text-editor\" data-id=\"16c3864\" data-element_type=\"widget\" data-widget_type=\"text-editor.default\">\n\t\t\t\t\t\t\t\t\t<p>40 mm\u00a0<\/p>\t\t\t\t\t\t\t\t<\/div>\n\t\t\t\t<\/div>\n\t\t\t\t<\/div>\n\t\t<div class=\"elementor-element elementor-element-c9ae06f e-con-full e-flex e-con e-child\" data-id=\"c9ae06f\" data-element_type=\"container\">\n\t\t<div class=\"elementor-element elementor-element-4d5d63d e-con-full e-flex e-con e-child\" data-id=\"4d5d63d\" data-element_type=\"container\">\n\t\t\t\t<div class=\"elementor-element elementor-element-24422c8 elementor-widget elementor-widget-heading\" data-id=\"24422c8\" data-element_type=\"widget\" data-widget_type=\"heading.default\">\n\t\t\t\t\t<h3 class=\"elementor-heading-title elementor-size-default\">Altura<\/h3>\t\t\t\t<\/div>\n\t\t\t\t<div class=\"elementor-element elementor-element-806a47d elementor-widget__width-initial elementor-widget-tablet__width-initial elementor-widget elementor-widget-text-editor\" data-id=\"806a47d\" data-element_type=\"widget\" data-widget_type=\"text-editor.default\">\n\t\t\t\t\t\t\t\t\t<p>\u00a0107 mm, pode ser personalizado.<\/p>\t\t\t\t\t\t\t\t<\/div>\n\t\t\t\t<\/div>\n\t\t<div class=\"elementor-element elementor-element-1b51e97 e-con-full e-flex e-con e-child\" data-id=\"1b51e97\" data-element_type=\"container\">\n\t\t\t\t<div class=\"elementor-element elementor-element-7c8b29a elementor-widget elementor-widget-heading\" data-id=\"7c8b29a\" data-element_type=\"widget\" data-widget_type=\"heading.default\">\n\t\t\t\t\t<h3 class=\"elementor-heading-title elementor-size-default\">Uso<\/h3>\t\t\t\t<\/div>\n\t\t\t\t<div class=\"elementor-element elementor-element-697e192 elementor-widget__width-initial elementor-widget-tablet__width-initial elementor-widget elementor-widget-text-editor\" data-id=\"697e192\" data-element_type=\"widget\" data-widget_type=\"text-editor.default\">\n\t\t\t\t\t\t\t\t\t<p>Cartucho de granada de 40 mm<\/p>\t\t\t\t\t\t\t\t<\/div>\n\t\t\t\t<\/div>\n\t\t\t\t<\/div>\n\t\t<div class=\"elementor-element elementor-element-d4b8b14 e-con-full e-flex e-con e-child\" data-id=\"d4b8b14\" data-element_type=\"container\">\n\t\t<div class=\"elementor-element elementor-element-c45da86 e-con-full e-flex e-con e-child\" data-id=\"c45da86\" data-element_type=\"container\">\n\t\t\t\t<div class=\"elementor-element elementor-element-0904d03 elementor-widget elementor-widget-heading\" data-id=\"0904d03\" data-element_type=\"widget\" data-widget_type=\"heading.default\">\n\t\t\t\t\t<h3 class=\"elementor-heading-title elementor-size-default\">Acabamento da superf\u00edcie<\/h3>\t\t\t\t<\/div>\n\t\t\t\t<div class=\"elementor-element elementor-element-15d2a1b elementor-widget__width-initial elementor-widget-tablet__width-initial elementor-widget elementor-widget-text-editor\" data-id=\"15d2a1b\" data-element_type=\"widget\" data-widget_type=\"text-editor.default\">\n\t\t\t\t\t\t\t\t\t<p>Oxida\u00e7\u00e3o, Anodiza\u00e7\u00e3o<\/p>\t\t\t\t\t\t\t\t<\/div>\n\t\t\t\t<\/div>\n\t\t<div class=\"elementor-element elementor-element-6fda6ee e-con-full e-flex e-con e-child\" data-id=\"6fda6ee\" data-element_type=\"container\">\n\t\t\t\t<div class=\"elementor-element elementor-element-7caaffc elementor-widget elementor-widget-heading\" data-id=\"7caaffc\" data-element_type=\"widget\" data-widget_type=\"heading.default\">\n\t\t\t\t\t<h3 class=\"elementor-heading-title elementor-size-default\">MOQ<\/h3>\t\t\t\t<\/div>\n\t\t\t\t<div class=\"elementor-element elementor-element-29a1e29 elementor-widget__width-initial elementor-widget-tablet__width-initial elementor-widget elementor-widget-text-editor\" data-id=\"29a1e29\" data-element_type=\"widget\" data-widget_type=\"text-editor.default\">\n\t\t\t\t\t\t\t\t\t<p>10.000 unidades<\/p>\t\t\t\t\t\t\t\t<\/div>\n\t\t\t\t<\/div>\n\t\t\t\t<\/div>\n\t\t\t\t<div class=\"elementor-element elementor-element-9b12ac5 elementor-mobile-align-left elementor-align-right elementor-widget elementor-widget-button\" data-id=\"9b12ac5\" data-element_type=\"widget\" data-widget_type=\"button.default\">\n\t\t\t\t\t\t\t\t\t\t<a class=\"elementor-button elementor-button-link elementor-size-sm\" href=\"#elementor-action%3Aaction%3Dpopup%3Aopen%26settings%3DeyJpZCI6IjE0MTMyIiwidG9nZ2xlIjpmYWxzZX0%3D\" target=\"_blank\">\n\t\t\t\t\t\t<span class=\"elementor-button-content-wrapper\">\n\t\t\t\t\t\t<span class=\"elementor-button-icon\">\n\t\t\t\t<svg aria-hidden=\"true\" class=\"e-font-icon-svg e-fas-arrow-right\" viewbox=\"0 0 448 512\" xmlns=\"http:\/\/www.w3.org\/2000\/svg\"><path d=\"M190.5 66.9l22.2-22.2c9.4-9.4 24.6-9.4 33.9 0L441 239c9.4 9.4 9.4 24.6 0 33.9L246.6 467.3c-9.4 9.4-24.6 9.4-33.9 0l-22.2-22.2c-9.5-9.5-9.3-25 .4-34.3L311.4 296H24c-13.3 0-24-10.7-24-24v-32c0-13.3 10.7-24 24-24h287.4L190.9 101.2c-9.8-9.3-10-24.8-.4-34.3z\"><\/path><\/svg>\t\t\t<\/span>\n\t\t\t\t\t\t\t\t\t<span class=\"elementor-button-text\">Contate-nos<\/span>\n\t\t\t\t\t<\/span>\n\t\t\t\t\t<\/a>\n\t\t\t\t\t\t\t\t<\/div>\n\t\t\t\t<\/div>\n\t\t\t\t<\/div>\n\t\t\t\t\t<\/div>\n\t\t\t\t<\/div>\n\t\t<div class=\"elementor-element elementor-element-a735f1b e-flex e-con-boxed e-con e-parent\" data-id=\"a735f1b\" data-element_type=\"container\" data-settings=\"{&quot;background_background&quot;:&quot;classic&quot;}\">\n\t\t\t\t\t<div class=\"e-con-inner\">\n\t\t<div class=\"elementor-element elementor-element-24d9032 e-con-full e-flex e-con e-child\" data-id=\"24d9032\" data-element_type=\"container\">\n\t\t\t\t<div class=\"elementor-element elementor-element-19b948d elementor-widget elementor-widget-text-editor\" data-id=\"19b948d\" data-element_type=\"widget\" data-widget_type=\"text-editor.default\">\n\t\t\t\t\t\t\t\t\t<p>Na Shining Packaging, fabricamos estojos vazios de alum\u00ednio de alta qualidade, projetados especificamente para granadas de 40 mm. Nossos estojos s\u00e3o fabricados para oferecer durabilidade, precis\u00e3o e confiabilidade, garantindo desempenho ideal em aplica\u00e7\u00f5es militares e de defesa exigentes. Explore nossa ampla gama de cartuchos para granadas de 40 mm e encontre a op\u00e7\u00e3o perfeita para suas necessidades.<\/p>\t\t\t\t\t\t\t\t<\/div>\n\t\t\t\t<\/div>\n\t\t\t\t<div class=\"elementor-element elementor-element-7dcd78d e-n-tabs-mobile elementor-widget elementor-widget-n-tabs\" data-id=\"7dcd78d\" data-element_type=\"widget\" data-widget_type=\"nested-tabs.default\">\n\t\t\t\t\t\t\t<div class=\"e-n-tabs\" data-widget-number=\"131913613\" aria-label=\"Abas. Abra os itens com Enter ou Espa\u00e7o, feche com Esc e navegue usando as teclas de seta.\">\n\t\t\t<div class=\"e-n-tabs-heading\" role=\"tablist\">\n\t\t\t\t\t<button id=\"e-n-tab-title-1319136131\" data-tab-title-id=\"e-n-tab-title-1319136131\" class=\"e-n-tab-title\" aria-selected=\"true\" data-tab-index=\"1\" role=\"tab\" tabindex=\"0\" aria-controls=\"e-n-tab-content-1319136131\" style=\"--n-tabs-title-order: 1;\">\n\t\t\t\t\t\t<span class=\"e-n-tab-title-text\">\n\t\t\t\tEstojos LV de 40\u00d746mm\t\t\t<\/span>\n\t\t<\/button>\n\t\t\t\t<button id=\"e-n-tab-title-1319136132\" data-tab-title-id=\"e-n-tab-title-1319136132\" class=\"e-n-tab-title\" aria-selected=\"false\" data-tab-index=\"2\" role=\"tab\" tabindex=\"-1\" aria-controls=\"e-n-tab-content-1319136132\" style=\"--n-tabs-title-order: 2;\">\n\t\t\t\t\t\t<span class=\"e-n-tab-title-text\">\n\t\t\t\tCaixas MV de 40\u00d751mm\t\t\t<\/span>\n\t\t<\/button>\n\t\t\t\t<button id=\"e-n-tab-title-1319136133\" data-tab-title-id=\"e-n-tab-title-1319136133\" class=\"e-n-tab-title\" aria-selected=\"false\" data-tab-index=\"3\" role=\"tab\" tabindex=\"-1\" aria-controls=\"e-n-tab-content-1319136133\" style=\"--n-tabs-title-order: 3;\">\n\t\t\t\t\t\t<span class=\"e-n-tab-title-text\">\n\t\t\t\tCaixas HV de 40\u00d753mm\t\t\t<\/span>\n\t\t<\/button>\n\t\t\t\t\t<\/div>\n\t\t\t<div class=\"e-n-tabs-content\">\n\t\t\t\t<div id=\"e-n-tab-content-1319136131\" role=\"tabpanel\" aria-labelledby=\"e-n-tab-title-1319136131\" data-tab-index=\"1\" style=\"--n-tabs-title-order: 1;\" class=\"e-active elementor-element elementor-element-cd0b8f4 e-con-full e-flex e-con e-child\" data-id=\"cd0b8f4\" data-element_type=\"container\">\n\t\t\t\t<div class=\"elementor-element elementor-element-10d9712 elementor-widget elementor-widget-image\" data-id=\"10d9712\" data-element_type=\"widget\" data-widget_type=\"image.default\">\n\t\t\t\t\t\t\t\t\t\t\t\t\t\t\t<img decoding=\"async\" width=\"1200\" height=\"675\" src=\"https:\/\/www.cnshining.com\/wp-content\/uploads\/2025\/10\/Aluminum-Cartridge-for-40mm-Grenade-Shell-2.webp\" class=\"attachment-large size-large wp-image-30699\" alt=\"Cartucho de alum\u00ednio para proj\u00e9til de granada de 40 mm\" title=\"\">\t\t\t\t\t\t\t\t\t\t\t\t\t\t\t<\/div>\n\t\t\t\t<div class=\"elementor-element elementor-element-ac402ee truncate-text elementor-widget elementor-widget-text-editor\" data-id=\"ac402ee\" data-element_type=\"widget\" data-widget_type=\"text-editor.default\">\n\t\t\t\t\t\t\t\t\t<p>Nossos estojos de alum\u00ednio LV de 40\u00d746 mm s\u00e3o projetados para granadas de baixa velocidade. Esses estojos oferecem resist\u00eancia e durabilidade excepcionais, tornando-os ideais para diversos cen\u00e1rios t\u00e1ticos e de treinamento. Com foco em precis\u00e3o e qualidade, esses cartuchos garantem manuseio seguro e desempenho consistente.<\/p>\t\t\t\t\t\t\t\t<\/div>\n\t\t\t\t<\/div>\n\t\t<div id=\"e-n-tab-content-1319136132\" role=\"tabpanel\" aria-labelledby=\"e-n-tab-title-1319136132\" data-tab-index=\"2\" style=\"--n-tabs-title-order: 2;\" class=\"elementor-element elementor-element-0f7260d e-con-full e-flex e-con e-child\" data-id=\"0f7260d\" data-element_type=\"container\">\n\t\t<div class=\"elementor-element elementor-element-e150b88 e-flex e-con-boxed e-con e-child\" data-id=\"e150b88\" data-element_type=\"container\">\n\t\t\t\t\t<div class=\"e-con-inner\">\n\t\t\t\t<div class=\"elementor-element elementor-element-7335a07 elementor-widget elementor-widget-image\" data-id=\"7335a07\" data-element_type=\"widget\" data-widget_type=\"image.default\">\n\t\t\t\t\t\t\t\t\t\t\t\t\t\t\t<img decoding=\"async\" width=\"1200\" height=\"675\" src=\"https:\/\/www.cnshining.com\/wp-content\/uploads\/2025\/10\/Aluminum-Cartridge-for-40mm-Grenade-Shell-3.webp\" class=\"attachment-large size-large wp-image-30700\" alt=\"Cartucho de alum\u00ednio para proj\u00e9til de granada de 40 mm\" title=\"\">\t\t\t\t\t\t\t\t\t\t\t\t\t\t\t<\/div>\n\t\t\t\t<div class=\"elementor-element elementor-element-84edf2d truncate-text elementor-widget elementor-widget-text-editor\" data-id=\"84edf2d\" data-element_type=\"widget\" data-widget_type=\"text-editor.default\">\n\t\t\t\t\t\t\t\t\t<p>Para aplica\u00e7\u00f5es de velocidade m\u00e9dia, nossas caixas de alum\u00ednio MV de 40\u00d751 mm oferecem desempenho e confiabilidade aprimorados. Projetadas para suportar press\u00f5es e impactos mais elevados, essas caixas s\u00e3o perfeitas para uma ampla gama de necessidades operacionais. Nosso meticuloso processo de fabrica\u00e7\u00e3o garante qualidade e durabilidade de primeira linha.<\/p>\t\t\t\t\t\t\t\t<\/div>\n\t\t\t\t\t<\/div>\n\t\t\t\t<\/div>\n\t\t\t\t<\/div>\n\t\t<div id=\"e-n-tab-content-1319136133\" role=\"tabpanel\" aria-labelledby=\"e-n-tab-title-1319136133\" data-tab-index=\"3\" style=\"--n-tabs-title-order: 3;\" class=\"elementor-element elementor-element-98003fd e-con-full e-flex e-con e-child\" data-id=\"98003fd\" data-element_type=\"container\">\n\t\t<div class=\"elementor-element elementor-element-0201438 e-flex e-con-boxed e-con e-child\" data-id=\"0201438\" data-element_type=\"container\">\n\t\t\t\t\t<div class=\"e-con-inner\">\n\t\t\t\t<div class=\"elementor-element elementor-element-b3d9cac elementor-widget elementor-widget-image\" data-id=\"b3d9cac\" data-element_type=\"widget\" data-widget_type=\"image.default\">\n\t\t\t\t\t\t\t\t\t\t\t\t\t\t\t<img loading=\"lazy\" decoding=\"async\" width=\"1200\" height=\"675\" src=\"https:\/\/www.cnshining.com\/wp-content\/uploads\/2025\/10\/Aluminum-Cartridge-for-40mm-Grenade-Shell-4.webp\" class=\"attachment-large size-large wp-image-30701\" alt=\"Cartucho de alum\u00ednio para proj\u00e9til de granada de 40 mm\" title=\"\">\t\t\t\t\t\t\t\t\t\t\t\t\t\t\t<\/div>\n\t\t\t\t<div class=\"elementor-element elementor-element-94c8321 truncate-text elementor-widget elementor-widget-text-editor\" data-id=\"94c8321\" data-element_type=\"widget\" data-widget_type=\"text-editor.default\">\n\t\t\t\t\t\t\t\t\t<p>Os estojos de alum\u00ednio HV de 40\u00d753 mm s\u00e3o fabricados para granadas de alta velocidade, apresentando uma constru\u00e7\u00e3o robusta para suportar condi\u00e7\u00f5es extremas. Esses estojos s\u00e3o projetados para uso de alto desempenho, garantindo funcionalidade confi\u00e1vel e seguran\u00e7a em situa\u00e7\u00f5es cr\u00edticas. Confie em nossa experi\u00eancia para fornecer produtos da mais alta qualidade.<\/p>\t\t\t\t\t\t\t\t<\/div>\n\t\t\t\t\t<\/div>\n\t\t\t\t<\/div>\n\t\t\t\t<\/div>\n\t\t\t\t\t<\/div>\n\t\t<\/div>\n\t\t\t\t\t\t<\/div>\n\t\t<div class=\"elementor-element elementor-element-dfd1f95 e-con-full e-flex e-con e-child\" data-id=\"dfd1f95\" data-element_type=\"container\">\n\t\t\t\t<div class=\"elementor-element elementor-element-bb72886 truncate-text elementor-widget elementor-widget-text-editor\" data-id=\"bb72886\" data-element_type=\"widget\" id=\"truncate-text\" data-widget_type=\"text-editor.default\">\n\t\t\t\t\t\t\t\t\t<p>Se voc\u00ea procura componentes de alta qualidade para granadas de 40 mm, veio ao lugar certo. Como fabricante confi\u00e1vel, somos especializados na produ\u00e7\u00e3o de... <strong>proj\u00e9teis de granada de 40 mm<\/strong> Fabricadas em alum\u00ednio dur\u00e1vel. Embora n\u00e3o produzamos granadas completas de 40 mm, nossos inv\u00f3lucros de alum\u00ednio de engenharia de precis\u00e3o s\u00e3o essenciais para a constru\u00e7\u00e3o de diversos tipos de muni\u00e7\u00e3o. <strong>proj\u00e9teis de granada de 40 mm<\/strong> para <strong>Cartuchos de espingarda de 40 mm<\/strong> e <strong>Granadas de fuma\u00e7a de 40 mm<\/strong>.<\/p>\n<p><!-- \/wp:paragraph --><!-- wp:paragraph --><\/p>\t\t\t\t\t\t\t\t<\/div>\n\t\t\t\t<div class=\"elementor-element elementor-element-2f58e0b truncate-text elementor-widget elementor-widget-text-editor\" data-id=\"2f58e0b\" data-element_type=\"widget\" data-widget_type=\"text-editor.default\">\n\t\t\t\t\t\t\t\t\t<p>Nosso <strong>Estojos de muni\u00e7\u00e3o de 40 mm<\/strong> S\u00e3o fabricadas com meticulosa aten\u00e7\u00e3o aos detalhes, garantindo que atendam aos rigorosos padr\u00f5es exigidos pela ind\u00fastria. Essas c\u00e1psulas podem ser usadas para uma ampla variedade de aplica\u00e7\u00f5es, incluindo muni\u00e7\u00e3o de treino, dispositivos de uso militar e at\u00e9 mesmo projetos personalizados de airsoft, como <strong>Granadas de airsoft de 40 mm<\/strong>. Se voc\u00ea trabalha na produ\u00e7\u00e3o de muni\u00e7\u00e3o de 40 mm, nossos estojos oferecem a base perfeita.<\/p>\n<p><!-- \/wp:paragraph --><!-- wp:paragraph --><\/p>\n<p><!-- \/wp:paragraph --><!-- wp:paragraph --><\/p>\t\t\t\t\t\t\t\t<\/div>\n\t\t\t\t<div class=\"elementor-element elementor-element-dc49f6a truncate-text elementor-widget elementor-widget-text-editor\" data-id=\"dc49f6a\" data-element_type=\"widget\" data-widget_type=\"text-editor.default\">\n\t\t\t\t\t\t\t\t\t<p>Oferecemos uma variedade de op\u00e7\u00f5es para <strong>tipos de granadas de 40 mm<\/strong>, permitindo que voc\u00ea personalize seu produto para atender a necessidades espec\u00edficas. Seja para produzir muni\u00e7\u00e3o de treinamento, proj\u00e9teis n\u00e3o letais ou equipamentos especializados, nossa plataforma oferece solu\u00e7\u00f5es completas. <strong>Cartuchos de alum\u00ednio de 40 mm<\/strong> Oferecemos a flexibilidade e a durabilidade que voc\u00ea precisa. Embora n\u00e3o trabalhemos com produtos totalmente montados. <strong>Granadas de 40 mm \u00e0 venda<\/strong>, Nossos componentes s\u00e3o procurados por profissionais que entendem a import\u00e2ncia da qualidade em cada etapa do processo de fabrica\u00e7\u00e3o.<\/p>\n<p><!-- \/wp:paragraph --><!-- wp:paragraph --><\/p>\n<p><!-- \/wp:paragraph --><!-- wp:paragraph --><\/p>\n<p><!-- \/wp:paragraph --><!-- wp:paragraph --><\/p>\t\t\t\t\t\t\t\t<\/div>\n\t\t\t\t<div class=\"elementor-element elementor-element-20954a4 truncate-text elementor-widget elementor-widget-text-editor\" data-id=\"20954a4\" data-element_type=\"widget\" data-widget_type=\"text-editor.default\">\n\t\t\t\t\t\t\t\t\t<p>Ao focar exclusivamente em <strong>cartucho de 40 mm<\/strong> Na produ\u00e7\u00e3o, conseguimos manter um alto n\u00edvel de precis\u00e3o e confiabilidade. Se voc\u00ea busca aprimorar seu processo de fabrica\u00e7\u00e3o com tecnologia de ponta, <strong>estojo de muni\u00e7\u00e3o de 40 mm<\/strong> Nossos produtos s\u00e3o projetados para atender aos mais altos padr\u00f5es da ind\u00fastria, gra\u00e7as aos seus componentes.<\/p>\n<p><!-- \/wp:paragraph --><!-- wp:paragraph --><\/p>\n<p><!-- \/wp:paragraph --><!-- wp:paragraph --><\/p>\n<p><!-- \/wp:paragraph --><!-- wp:paragraph --><\/p>\n<p><!-- \/wp:paragraph --><!-- wp:paragraph --><\/p>\t\t\t\t\t\t\t\t<\/div>\n\t\t\t\t<div class=\"elementor-element elementor-element-6f4e48a truncate-text elementor-widget elementor-widget-text-editor\" data-id=\"6f4e48a\" data-element_type=\"widget\" data-widget_type=\"text-editor.default\">\n\t\t\t\t\t\t\t\t\t<p>Nossos inv\u00f3lucros de alum\u00ednio s\u00e3o compat\u00edveis com diversas muni\u00e7\u00f5es, desde... <strong>proj\u00e9teis de granada de 40 mm<\/strong> para <strong>Granadas de fuma\u00e7a de 40 mm<\/strong> e muito mais. Seja para uso civil, militar ou airsoft, podemos atender \u00e0s suas necessidades de produ\u00e7\u00e3o de cartuchos. Se voc\u00ea busca durabilidade e confiabilidade, n\u00f3s temos a solu\u00e7\u00e3o. <strong>Cartuchos de alum\u00ednio de 40 mm<\/strong>, N\u00e3o precisa procurar mais.<\/p>\n<p><!-- \/wp:paragraph --><!-- wp:paragraph --><\/p>\n<p><!-- \/wp:paragraph --><!-- wp:paragraph --><\/p>\n<p><!-- \/wp:paragraph --><!-- wp:paragraph --><\/p>\n<p><!-- \/wp:paragraph --><!-- wp:paragraph --><\/p>\t\t\t\t\t\t\t\t<\/div>\n\t\t\t\t<div class=\"elementor-element elementor-element-f9896d3 elementor-widget elementor-widget-text-editor\" data-id=\"f9896d3\" data-element_type=\"widget\" data-widget_type=\"text-editor.default\">\n\t\t\t\t\t\t\t\t\t<div class=\"wp-block-group\">\n<div class=\"wp-block-group__inner-container\"><a title=\"\" href=\"https:\/\/www.cnshining.com\/pt\/contato\/\" target=\"_blank\" rel=\"noopener nofollow noreferrer\">Contate-nos<\/a> Entre em contato hoje mesmo para saber mais sobre como nossos produtos podem atender \u00e0s suas necessidades de fabrica\u00e7\u00e3o e levar suas muni\u00e7\u00f5es de 40 mm para o pr\u00f3ximo n\u00edvel.<\/div>\n<\/div>\t\t\t\t\t\t\t\t<\/div>\n\t\t\t\t<\/div>\n\t\t\t\t\t<\/div>\n\t\t\t\t<\/div>\n\t\t\t\t<\/div>","protected":false},"excerpt":{"rendered":"<p>Estojos vazios de alum\u00ednio de 40 mm para recarga de granadas de fuma\u00e7a, n\u00e3o letais e de treinamento. Acabamento oxidado, espessura de parede e altura personaliz\u00e1veis. Pedido m\u00ednimo de 10.000 unidades. Fornecedor OEM.<\/p>","protected":false},"author":1,"featured_media":30698,"parent":0,"menu_order":0,"comment_status":"closed","ping_status":"closed","template":"","meta":{"footnotes":""},"class_list":["post-16708","page","type-page","status-publish","has-post-thumbnail","hentry"],"_links":{"self":[{"href":"https:\/\/www.cnshining.com\/pt\/wp-json\/wp\/v2\/pages\/16708","targetHints":{"allow":["GET"]}}],"collection":[{"href":"https:\/\/www.cnshining.com\/pt\/wp-json\/wp\/v2\/pages"}],"about":[{"href":"https:\/\/www.cnshining.com\/pt\/wp-json\/wp\/v2\/types\/page"}],"author":[{"embeddable":true,"href":"https:\/\/www.cnshining.com\/pt\/wp-json\/wp\/v2\/users\/1"}],"replies":[{"embeddable":true,"href":"https:\/\/www.cnshining.com\/pt\/wp-json\/wp\/v2\/comments?post=16708"}],"version-history":[{"count":0,"href":"https:\/\/www.cnshining.com\/pt\/wp-json\/wp\/v2\/pages\/16708\/revisions"}],"wp:featuredmedia":[{"embeddable":true,"href":"https:\/\/www.cnshining.com\/pt\/wp-json\/wp\/v2\/media\/30698"}],"wp:attachment":[{"href":"https:\/\/www.cnshining.com\/pt\/wp-json\/wp\/v2\/media?parent=16708"}],"curies":[{"name":"wp","href":"https:\/\/api.w.org\/{rel}","templated":true}]}}