{"id":29145,"date":"2025-09-09T09:14:34","date_gmt":"2025-09-09T09:14:34","guid":{"rendered":"https:\/\/www.cnshining.com\/?page_id=29145"},"modified":"2025-12-26T05:07:39","modified_gmt":"2025-12-26T05:07:39","slug":"cartucho-nao-letal","status":"publish","type":"page","link":"https:\/\/www.cnshining.com\/pt\/cartucho-nao-letal","title":{"rendered":"Cartucho de alum\u00ednio para uso n\u00e3o letal e defesa"},"content":{"rendered":"<div data-elementor-type=\"wp-page\" data-elementor-id=\"29145\" class=\"elementor elementor-29145\" data-elementor-post-type=\"page\">\n\t\t\t\t<div class=\"elementor-element elementor-element-1b14bb36 e-flex e-con-boxed e-con e-parent\" data-id=\"1b14bb36\" data-element_type=\"container\" data-settings=\"{&quot;background_background&quot;:&quot;classic&quot;}\">\n\t\t\t\t\t<div class=\"e-con-inner\">\n\t\t\t\t<div class=\"elementor-element elementor-element-78e7e049 elementor-icon-list--layout-inline elementor-align-center elementor-list-item-link-full_width elementor-widget elementor-widget-icon-list\" data-id=\"78e7e049\" data-element_type=\"widget\" data-widget_type=\"icon-list.default\">\n\t\t\t\t\t\t\t<ul class=\"elementor-icon-list-items elementor-inline-items\">\n\t\t\t\t\t\t\t<li class=\"elementor-icon-list-item elementor-inline-item\">\n\t\t\t\t\t\t\t\t\t\t\t<a href=\"https:\/\/www.cnshining.com\/pt\" target=\"_blank\">\n\n\t\t\t\t\t\t\t\t\t\t\t\t<span class=\"elementor-icon-list-icon\">\n\t\t\t\t\t\t\t<svg aria-hidden=\"true\" class=\"e-font-icon-svg e-fas-home\" viewbox=\"0 0 576 512\" xmlns=\"http:\/\/www.w3.org\/2000\/svg\"><path d=\"M280.37 148.26L96 300.11V464a16 16 0 0 0 16 16l112.06-.29a16 16 0 0 0 15.92-16V368a16 16 0 0 1 16-16h64a16 16 0 0 1 16 16v95.64a16 16 0 0 0 16 16.05L464 480a16 16 0 0 0 16-16V300L295.67 148.26a12.19 12.19 0 0 0-15.3 0zM571.6 251.47L488 182.56V44.05a12 12 0 0 0-12-12h-56a12 12 0 0 0-12 12v72.61L318.47 43a48 48 0 0 0-61 0L4.34 251.47a12 12 0 0 0-1.6 16.9l25.5 31A12 12 0 0 0 45.15 301l235.22-193.74a12.19 12.19 0 0 1 15.3 0L530.9 301a12 12 0 0 0 16.9-1.6l25.5-31a12 12 0 0 0-1.7-16.93z\"><\/path><\/svg>\t\t\t\t\t\t<\/span>\n\t\t\t\t\t\t\t\t\t\t<span class=\"elementor-icon-list-text\">Lar \/<\/span>\n\t\t\t\t\t\t\t\t\t\t\t<\/a>\n\t\t\t\t\t\t\t\t\t<\/li>\n\t\t\t\t\t\t<\/ul>\n\t\t\t\t\t\t<\/div>\n\t\t\t\t\t<\/div>\n\t\t\t\t<\/div>\n\t\t<div class=\"elementor-element elementor-element-153950f e-flex e-con-boxed e-con e-parent\" data-id=\"153950f\" data-element_type=\"container\">\n\t\t\t\t\t<div class=\"e-con-inner\">\n\t\t<div class=\"elementor-element elementor-element-15ad32e e-con-full e-flex e-con e-child\" data-id=\"15ad32e\" data-element_type=\"container\">\n\t\t<div class=\"elementor-element elementor-element-8dad211 e-con-full e-flex e-con e-child\" data-id=\"8dad211\" data-element_type=\"container\">\n\t\t<div class=\"elementor-element elementor-element-8ca8122 e-con-full e-flex e-con e-child\" data-id=\"8ca8122\" data-element_type=\"container\">\n\t\t\t\t<div class=\"elementor-element elementor-element-944e207 elementor-widget elementor-widget-heading\" data-id=\"944e207\" data-element_type=\"widget\" data-widget_type=\"heading.default\">\n\t\t\t\t\t<h2 class=\"elementor-heading-title elementor-size-default\">Cartucho de alum\u00ednio para uso n\u00e3o letal e defesa<\/h2>\t\t\t\t<\/div>\n\t\t\t\t<\/div>\n\t\t<div class=\"elementor-element elementor-element-5baf03f e-con-full e-flex e-con e-child\" data-id=\"5baf03f\" data-element_type=\"container\">\n\t\t\t\t<div class=\"elementor-element elementor-element-0cdee16 elementor-widget elementor-widget-text-editor\" data-id=\"0cdee16\" data-element_type=\"widget\" data-widget_type=\"text-editor.default\">\n\t\t\t\t\t\t\t\t\t<p><strong>Embalagem brilhante<\/strong> \u00e9 um fabricante profissional especializado em <strong>conchas e inv\u00f3lucros de alum\u00ednio vazios de precis\u00e3o<\/strong> para sistemas n\u00e3o letais, de treino, sinaliza\u00e7\u00e3o e defesa. <strong>Todos os produtos s\u00e3o fornecidos sem carga, sem primer, propelente ou composi\u00e7\u00e3o pirot\u00e9cnica \u2013 apenas componentes de alum\u00ednio puro.<\/strong><\/p><h2>A nossa gama de produtos<\/h2><ul><li>Cartuchos vazios de sinaliza\u00e7\u00e3o e sinaliza\u00e7\u00e3o de 26,5 mm \u2013 40 mm (p\u00e1ra-quedas, foguete, multiestrelas)<\/li><li>Caixas vazias para granadas menos letais e de fumo de 37\/38\/40 mm (CS, borracha, bast\u00e3o, explos\u00e3o, distra\u00e7\u00e3o)<\/li><li>60\/66 mm cartuchos vazios para granadas de fumo e de treino<\/li><li>Cartuchos vazios de 16\u201338 mm para chaff e flares IR para aeronaves\u00a0<\/li><li>Caixas de filtro vazias de 40 mm e 60 mm\u00a0<\/li><li>Detonadores industriais vazios de 7\u20137,5 mm e c\u00e1psulas detonantes (minera\u00e7\u00e3o e petr\u00f3leo-g\u00e1s)<\/li><li>Corpos de alum\u00ednio vazios personalizados para sauda\u00e7\u00f5es, controlo de dist\u00farbios, lan\u00e7amento e aplica\u00e7\u00f5es especiais<\/li><\/ul><h2>Capacidades t\u00e9cnicas<\/h2><p>Fabricado a partir de <strong>Alum\u00ednio 6061 \/ 6063 \/ 5052<\/strong> Com precis\u00e3o CNC, toler\u00e2ncia de \u00b10,03 mm, op\u00e7\u00f5es de anodiza\u00e7\u00e3o, oxida\u00e7\u00e3o e impress\u00e3o a 1 cor dispon\u00edveis. Quantidade m\u00ednima de encomenda de 5.000 a 200.000 unidades, dimens\u00f5es, roscas e acabamento superficial totalmente personaliz\u00e1veis.<\/p><p>Confiado por autoridades policiais, treinadores e fabricantes OEM em todo o mundo h\u00e1 mais de 20 anos.<\/p><p><a href=\"https:\/\/www.cnshining.com\/pt\/contato\/\" target=\"_blank\" rel=\"noopener\" data-wplink-edit=\"true\"><strong>Entre em contato conosco hoje mesmo<\/strong><\/a> para cat\u00e1logo, desenhos t\u00e9cnicos e or\u00e7amento.<\/p>\t\t\t\t\t\t\t\t<\/div>\n\t\t\t\t<\/div>\n\t\t\t\t<\/div>\n\t\t\t\t<\/div>\n\t\t\t\t\t<\/div>\n\t\t\t\t<\/div>\n\t\t<div class=\"elementor-element elementor-element-0823494 e-flex e-con-boxed e-con e-parent\" data-id=\"0823494\" data-element_type=\"container\" data-settings=\"{&quot;background_background&quot;:&quot;classic&quot;}\">\n\t\t\t\t\t<div class=\"e-con-inner\">\n\t\t<div class=\"elementor-element elementor-element-08cee02 e-con-full e-flex e-con e-child\" data-id=\"08cee02\" data-element_type=\"container\">\n\t\t<a class=\"elementor-element elementor-element-9904973 e-con-full e-flex e-con e-child\" data-id=\"9904973\" data-element_type=\"container\" href=\"https:\/\/www.cnshining.com\/pt\/adaptador-de-cartucho-de-aluminio-de-37-mm\/\" target=\"_blank\" rel=\"nofollow\">\n\t\t\t\t<div class=\"elementor-element elementor-element-869ede2 img elementor-cta--skin-classic elementor-animated-content elementor-bg-transform elementor-bg-transform-zoom-in elementor-widget elementor-widget-call-to-action\" data-id=\"869ede2\" data-element_type=\"widget\" data-widget_type=\"call-to-action.default\">\n\t\t\t\t\t\t\t<div class=\"elementor-cta\">\n\t\t\t\t\t<div class=\"elementor-cta__bg-wrapper\">\n\t\t\t\t<div class=\"elementor-cta__bg elementor-bg\" style=\"background-image: url(https:\/\/www.cnshining.com\/wp-content\/uploads\/elementor\/thumbs\/37mm-Aluminium-Cartridge-adapter-1-rgf68tiputztz1ertzzs23yk10li2zrfg64dj4b2l0.webp);\" role=\"img\" aria-label=\"Adaptador de cartucho de alum\u00ednio de 37 mm\"><\/div>\n\t\t\t\t<div class=\"elementor-cta__bg-overlay\"><\/div>\n\t\t\t<\/div>\n\t\t\t\t\t\t\t\t<\/div>\n\t\t\t\t\t\t<\/div>\n\t\t\t\t<div class=\"elementor-element elementor-element-50b13e9 elementor-widget elementor-widget-heading\" data-id=\"50b13e9\" data-element_type=\"widget\" data-widget_type=\"heading.default\">\n\t\t\t\t\t<h2 class=\"elementor-heading-title elementor-size-default\">Adaptador de cartucho de alum\u00ednio de 37 mm<\/h2>\t\t\t\t<\/div>\n\t\t\t\t<\/a>\n\t\t<a class=\"elementor-element elementor-element-dc87832 e-con-full e-flex e-con e-child\" data-id=\"dc87832\" data-element_type=\"container\" href=\"https:\/\/www.cnshining.com\/pt\/cartucho-de-aluminio-para-flares-de-26-5mm\/\" target=\"_blank\" rel=\"nofollow\">\n\t\t\t\t<div class=\"elementor-element elementor-element-5226141 img elementor-cta--skin-classic elementor-animated-content elementor-bg-transform elementor-bg-transform-zoom-in elementor-widget elementor-widget-call-to-action\" data-id=\"5226141\" data-element_type=\"widget\" data-widget_type=\"call-to-action.default\">\n\t\t\t\t\t\t\t<div class=\"elementor-cta\">\n\t\t\t\t\t<div class=\"elementor-cta__bg-wrapper\">\n\t\t\t\t<div class=\"elementor-cta__bg elementor-bg\" style=\"background-image: url(https:\/\/www.cnshining.com\/wp-content\/uploads\/elementor\/thumbs\/Aluminium-Cartridge-For-26.5mm-Flares-3-rgf68z5qzu7jwp6kx2fjh2jblbtpd6dtgy1aes2pjo.webp);\" role=\"img\" aria-label=\"Cartucho de alum\u00ednio para foguetes de sinaliza\u00e7\u00e3o de 26,5 mm\"><\/div>\n\t\t\t\t<div class=\"elementor-cta__bg-overlay\"><\/div>\n\t\t\t<\/div>\n\t\t\t\t\t\t\t\t<\/div>\n\t\t\t\t\t\t<\/div>\n\t\t\t\t<div class=\"elementor-element elementor-element-702319f elementor-widget elementor-widget-heading\" data-id=\"702319f\" data-element_type=\"widget\" data-widget_type=\"heading.default\">\n\t\t\t\t\t<h2 class=\"elementor-heading-title elementor-size-default\">Cartucho de alum\u00ednio de 26,5 mm<\/h2>\t\t\t\t<\/div>\n\t\t\t\t<\/a>\n\t\t<a class=\"elementor-element elementor-element-487fd93 e-con-full e-flex e-con e-child\" data-id=\"487fd93\" data-element_type=\"container\" href=\"https:\/\/www.cnshining.com\/pt\/cartucho-de-aluminio-37-38-40mm-cs\/\" target=\"_blank\" rel=\"nofollow\">\n\t\t\t\t<div class=\"elementor-element elementor-element-e34c0ff img elementor-cta--skin-classic elementor-animated-content elementor-bg-transform elementor-bg-transform-zoom-in elementor-widget elementor-widget-call-to-action\" data-id=\"e34c0ff\" data-element_type=\"widget\" data-widget_type=\"call-to-action.default\">\n\t\t\t\t\t\t\t<div class=\"elementor-cta\">\n\t\t\t\t\t<div class=\"elementor-cta__bg-wrapper\">\n\t\t\t\t<div class=\"elementor-cta__bg elementor-bg\" style=\"background-image: url(https:\/\/www.cnshining.com\/wp-content\/uploads\/2025\/11\/Aluminum-373840mm-CS-Cartridge.webp);\" role=\"img\" aria-label=\"Cartucho CS de alum\u00ednio 37\/38\/40mm\"><\/div>\n\t\t\t\t<div class=\"elementor-cta__bg-overlay\"><\/div>\n\t\t\t<\/div>\n\t\t\t\t\t\t\t\t<\/div>\n\t\t\t\t\t\t<\/div>\n\t\t\t\t<div class=\"elementor-element elementor-element-e074ae9 elementor-widget elementor-widget-heading\" data-id=\"e074ae9\" data-element_type=\"widget\" data-widget_type=\"heading.default\">\n\t\t\t\t\t<h2 class=\"elementor-heading-title elementor-size-default\">Cartucho de alum\u00ednio 37\/38\/40 mm<\/h2>\t\t\t\t<\/div>\n\t\t\t\t<\/a>\n\t\t<a class=\"elementor-element elementor-element-de384db e-con-full e-flex e-con e-child\" data-id=\"de384db\" data-element_type=\"container\" href=\"https:\/\/www.cnshining.com\/pt\/cartucho-de-aluminio-para-aviao-militar-chaff\/\" target=\"_blank\" rel=\"nofollow\">\n\t\t\t\t<div class=\"elementor-element elementor-element-155dfa5 img elementor-cta--skin-classic elementor-animated-content elementor-bg-transform elementor-bg-transform-zoom-in elementor-widget elementor-widget-call-to-action\" data-id=\"155dfa5\" data-element_type=\"widget\" data-widget_type=\"call-to-action.default\">\n\t\t\t\t\t\t\t<div class=\"elementor-cta\">\n\t\t\t\t\t<div class=\"elementor-cta__bg-wrapper\">\n\t\t\t\t<div class=\"elementor-cta__bg elementor-bg\" style=\"background-image: url(https:\/\/www.cnshining.com\/wp-content\/uploads\/elementor\/thumbs\/Aluminum-Cartridge-for-Milita-Chaff-2-rf0fkkuqer6lkjtug9v31z72zagbtn5x974scpo6vo.webp);\" role=\"img\" aria-label=\"Cartucho de alum\u00ednio para chaff militar\"><\/div>\n\t\t\t\t<div class=\"elementor-cta__bg-overlay\"><\/div>\n\t\t\t<\/div>\n\t\t\t\t\t\t\t\t<\/div>\n\t\t\t\t\t\t<\/div>\n\t\t\t\t<div class=\"elementor-element elementor-element-ba34d0e elementor-widget elementor-widget-heading\" data-id=\"ba34d0e\" data-element_type=\"widget\" data-widget_type=\"heading.default\">\n\t\t\t\t\t<h2 class=\"elementor-heading-title elementor-size-default\">Cartucho de alum\u00ednio para chaff militar<\/h2>\t\t\t\t<\/div>\n\t\t\t\t<\/a>\n\t\t<a class=\"elementor-element elementor-element-895ee84 e-con-full e-flex e-con e-child\" data-id=\"895ee84\" data-element_type=\"container\" href=\"https:\/\/www.cnshining.com\/pt\/granada-de-fumo-cartucho-de-aluminio\/\" target=\"_blank\" rel=\"nofollow\">\n\t\t\t\t<div class=\"elementor-element elementor-element-f7d9658 img elementor-cta--skin-classic elementor-animated-content elementor-bg-transform elementor-bg-transform-zoom-in elementor-widget elementor-widget-call-to-action\" data-id=\"f7d9658\" data-element_type=\"widget\" data-widget_type=\"call-to-action.default\">\n\t\t\t\t\t\t\t<div class=\"elementor-cta\">\n\t\t\t\t\t<div class=\"elementor-cta__bg-wrapper\">\n\t\t\t\t<div class=\"elementor-cta__bg elementor-bg\" style=\"background-image: url(https:\/\/www.cnshining.com\/wp-content\/uploads\/elementor\/thumbs\/Aluminum-Cartridge-for-Smoke-Grenade-1-rf0ia4jrnspufq4wuft9td16atnmmuf400etah1d5g.webp);\" role=\"img\" aria-label=\"Cartucho de alum\u00ednio para granada de fumo\"><\/div>\n\t\t\t\t<div class=\"elementor-cta__bg-overlay\"><\/div>\n\t\t\t<\/div>\n\t\t\t\t\t\t\t\t<\/div>\n\t\t\t\t\t\t<\/div>\n\t\t\t\t<div class=\"elementor-element elementor-element-f64e611 elementor-widget elementor-widget-heading\" data-id=\"f64e611\" data-element_type=\"widget\" data-widget_type=\"heading.default\">\n\t\t\t\t\t<h2 class=\"elementor-heading-title elementor-size-default\">Cartucho de alum\u00ednio para granada de fumo<\/h2>\t\t\t\t<\/div>\n\t\t\t\t<\/a>\n\t\t<a class=\"elementor-element elementor-element-764084e e-con-full e-flex e-con e-child\" data-id=\"764084e\" data-element_type=\"container\" href=\"https:\/\/www.cnshining.com\/pt\/granada-de-mao-de-fumaca\/\" target=\"_blank\" rel=\"nofollow\">\n\t\t\t\t<div class=\"elementor-element elementor-element-36ba9f6 img elementor-cta--skin-classic elementor-animated-content elementor-bg-transform elementor-bg-transform-zoom-in elementor-widget elementor-widget-call-to-action\" data-id=\"36ba9f6\" data-element_type=\"widget\" data-widget_type=\"call-to-action.default\">\n\t\t\t\t\t\t\t<div class=\"elementor-cta\">\n\t\t\t\t\t<div class=\"elementor-cta__bg-wrapper\">\n\t\t\t\t<div class=\"elementor-cta__bg elementor-bg\" style=\"background-image: url(https:\/\/www.cnshining.com\/wp-content\/uploads\/elementor\/thumbs\/Smoke-Hand-Grenade-1-rf0ia2o3a4n9si7n5f00odi941ww7g7nbr3ubx45hw.webp);\" role=\"img\" aria-label=\"Granada de fumo\"><\/div>\n\t\t\t\t<div class=\"elementor-cta__bg-overlay\"><\/div>\n\t\t\t<\/div>\n\t\t\t\t\t\t\t\t<\/div>\n\t\t\t\t\t\t<\/div>\n\t\t\t\t<div class=\"elementor-element elementor-element-e0120da elementor-widget elementor-widget-heading\" data-id=\"e0120da\" data-element_type=\"widget\" data-widget_type=\"heading.default\">\n\t\t\t\t\t<h2 class=\"elementor-heading-title elementor-size-default\">granada de fumo<\/h2>\t\t\t\t<\/div>\n\t\t\t\t<\/a>\n\t\t<a class=\"elementor-element elementor-element-f406e09 e-con-full e-flex e-con e-child\" data-id=\"f406e09\" data-element_type=\"container\" href=\"https:\/\/www.cnshining.com\/pt\/carcaca-de-aluminio-para-filtro-de-mascara-de-gas\/\" target=\"_blank\" rel=\"nofollow\">\n\t\t\t\t<div class=\"elementor-element elementor-element-b7515f4 img elementor-cta--skin-classic elementor-animated-content elementor-bg-transform elementor-bg-transform-zoom-in elementor-widget elementor-widget-call-to-action\" data-id=\"b7515f4\" data-element_type=\"widget\" data-widget_type=\"call-to-action.default\">\n\t\t\t\t\t\t\t<div class=\"elementor-cta\">\n\t\t\t\t\t<div class=\"elementor-cta__bg-wrapper\">\n\t\t\t\t<div class=\"elementor-cta__bg elementor-bg\" style=\"background-image: url(https:\/\/www.cnshining.com\/wp-content\/uploads\/elementor\/thumbs\/Aluminum-Housing-for-Gas-Mask-Filter-1-rf0ia6fg1gsf2y26jgmiyck3hled28mko9ps90ykt0.webp);\" role=\"img\" aria-label=\"Caixa de alum\u00ednio para filtro de m\u00e1scara de g\u00e1s\"><\/div>\n\t\t\t\t<div class=\"elementor-cta__bg-overlay\"><\/div>\n\t\t\t<\/div>\n\t\t\t\t\t\t\t\t<\/div>\n\t\t\t\t\t\t<\/div>\n\t\t\t\t<div class=\"elementor-element elementor-element-d43d792 elementor-widget elementor-widget-heading\" data-id=\"d43d792\" data-element_type=\"widget\" data-widget_type=\"heading.default\">\n\t\t\t\t\t<h2 class=\"elementor-heading-title elementor-size-default\">Caixa de alum\u00ednio para filtro de m\u00e1scara de g\u00e1s<\/h2>\t\t\t\t<\/div>\n\t\t\t\t<\/a>\n\t\t<a class=\"elementor-element elementor-element-f24ddd2 e-con-full e-flex e-con e-child\" data-id=\"f24ddd2\" data-element_type=\"container\" href=\"https:\/\/www.cnshining.com\/pt\/detonador-detonador-de-aluminio-capa-tubo-caixa\/\" target=\"_blank\" rel=\"nofollow\">\n\t\t\t\t<div class=\"elementor-element elementor-element-a0ac230 img elementor-cta--skin-classic elementor-animated-content elementor-bg-transform elementor-bg-transform-zoom-in elementor-widget elementor-widget-call-to-action\" data-id=\"a0ac230\" data-element_type=\"widget\" data-widget_type=\"call-to-action.default\">\n\t\t\t\t\t\t\t<div class=\"elementor-cta\">\n\t\t\t\t\t<div class=\"elementor-cta__bg-wrapper\">\n\t\t\t\t<div class=\"elementor-cta__bg elementor-bg\" style=\"background-image: url(https:\/\/www.cnshining.com\/wp-content\/uploads\/elementor\/thumbs\/Aluminum-Detonator-Blasting-Caps-1-rf0ia6fg1gsf2y26jgmiyck3hled28mko9ps90ykt0.webp);\" role=\"img\" aria-label=\"Detonadores de alum\u00ednio para c\u00e1psulas detonadoras\"><\/div>\n\t\t\t\t<div class=\"elementor-cta__bg-overlay\"><\/div>\n\t\t\t<\/div>\n\t\t\t\t\t\t\t\t<\/div>\n\t\t\t\t\t\t<\/div>\n\t\t\t\t<div class=\"elementor-element elementor-element-5899901 elementor-widget elementor-widget-heading\" data-id=\"5899901\" data-element_type=\"widget\" data-widget_type=\"heading.default\">\n\t\t\t\t\t<h2 class=\"elementor-heading-title elementor-size-default\">Tampas detonadoras de alum\u00ednio<\/h2>\t\t\t\t<\/div>\n\t\t\t\t<\/a>\n\t\t\t\t<\/div>\n\t\t\t\t\t<\/div>\n\t\t\t\t<\/div>\n\t\t\t\t<\/div>","protected":false},"excerpt":{"rendered":"<p>Cartuchos e inv\u00f3lucros de alum\u00ednio vazios de precis\u00e3o para muni\u00e7\u00e3o de fuma\u00e7a, sinalizador e chaff de 26,5 a 66 mm, e para muni\u00e7\u00e3o n\u00e3o letal de 37 a 40 mm, al\u00e9m de detonadores. Sem carga, sem espoleta\/p\u00f3lvora, pedido m\u00ednimo de 5.000 a 200.000 unidades, fornecedor OEM personalizado.<\/p>","protected":false},"author":1,"featured_media":31428,"parent":0,"menu_order":0,"comment_status":"closed","ping_status":"closed","template":"","meta":{"footnotes":""},"class_list":["post-29145","page","type-page","status-publish","has-post-thumbnail","hentry"],"_links":{"self":[{"href":"https:\/\/www.cnshining.com\/pt\/wp-json\/wp\/v2\/pages\/29145","targetHints":{"allow":["GET"]}}],"collection":[{"href":"https:\/\/www.cnshining.com\/pt\/wp-json\/wp\/v2\/pages"}],"about":[{"href":"https:\/\/www.cnshining.com\/pt\/wp-json\/wp\/v2\/types\/page"}],"author":[{"embeddable":true,"href":"https:\/\/www.cnshining.com\/pt\/wp-json\/wp\/v2\/users\/1"}],"replies":[{"embeddable":true,"href":"https:\/\/www.cnshining.com\/pt\/wp-json\/wp\/v2\/comments?post=29145"}],"version-history":[{"count":0,"href":"https:\/\/www.cnshining.com\/pt\/wp-json\/wp\/v2\/pages\/29145\/revisions"}],"wp:featuredmedia":[{"embeddable":true,"href":"https:\/\/www.cnshining.com\/pt\/wp-json\/wp\/v2\/media\/31428"}],"wp:attachment":[{"href":"https:\/\/www.cnshining.com\/pt\/wp-json\/wp\/v2\/media?parent=29145"}],"curies":[{"name":"wp","href":"https:\/\/api.w.org\/{rel}","templated":true}]}}