{"id":33789,"date":"2025-11-11T08:25:49","date_gmt":"2025-11-11T08:25:49","guid":{"rendered":"https:\/\/www.cnshining.com\/?page_id=33789"},"modified":"2025-12-23T06:42:14","modified_gmt":"2025-12-23T06:42:14","slug":"garrafa-de-aluminio-para-oleo-essencial","status":"publish","type":"page","link":"https:\/\/www.cnshining.com\/pt\/projeto\/garrafa-de-aluminio-para-oleo-essencial","title":{"rendered":"Frascos de alum\u00ednio para \u00f3leos essenciais"},"content":{"rendered":"<div data-elementor-type=\"wp-page\" data-elementor-id=\"33789\" class=\"elementor elementor-33789\" data-elementor-post-type=\"page\">\n\t\t\t\t<div class=\"elementor-element elementor-element-794ff14c e-flex e-con-boxed e-con e-parent\" data-id=\"794ff14c\" data-element_type=\"container\" data-settings=\"{&quot;background_background&quot;:&quot;classic&quot;}\">\n\t\t\t\t\t<div class=\"e-con-inner\">\n\t\t\t\t<div class=\"elementor-element elementor-element-586127fa elementor-icon-list--layout-inline elementor-align-center elementor-list-item-link-full_width elementor-widget elementor-widget-icon-list\" data-id=\"586127fa\" data-element_type=\"widget\" data-widget_type=\"icon-list.default\">\n\t\t\t\t\t\t\t<ul class=\"elementor-icon-list-items elementor-inline-items\">\n\t\t\t\t\t\t\t<li class=\"elementor-icon-list-item elementor-inline-item\">\n\t\t\t\t\t\t\t\t\t\t\t<a href=\"https:\/\/www.cnshining.com\/pt\" target=\"_blank\">\n\n\t\t\t\t\t\t\t\t\t\t\t\t<span class=\"elementor-icon-list-icon\">\n\t\t\t\t\t\t\t<svg aria-hidden=\"true\" class=\"e-font-icon-svg e-fas-home\" viewbox=\"0 0 576 512\" xmlns=\"http:\/\/www.w3.org\/2000\/svg\"><path d=\"M280.37 148.26L96 300.11V464a16 16 0 0 0 16 16l112.06-.29a16 16 0 0 0 15.92-16V368a16 16 0 0 1 16-16h64a16 16 0 0 1 16 16v95.64a16 16 0 0 0 16 16.05L464 480a16 16 0 0 0 16-16V300L295.67 148.26a12.19 12.19 0 0 0-15.3 0zM571.6 251.47L488 182.56V44.05a12 12 0 0 0-12-12h-56a12 12 0 0 0-12 12v72.61L318.47 43a48 48 0 0 0-61 0L4.34 251.47a12 12 0 0 0-1.6 16.9l25.5 31A12 12 0 0 0 45.15 301l235.22-193.74a12.19 12.19 0 0 1 15.3 0L530.9 301a12 12 0 0 0 16.9-1.6l25.5-31a12 12 0 0 0-1.7-16.93z\"><\/path><\/svg>\t\t\t\t\t\t<\/span>\n\t\t\t\t\t\t\t\t\t\t<span class=\"elementor-icon-list-text\">Lar \/<\/span>\n\t\t\t\t\t\t\t\t\t\t\t<\/a>\n\t\t\t\t\t\t\t\t\t<\/li>\n\t\t\t\t\t\t\t\t<li class=\"elementor-icon-list-item elementor-inline-item\">\n\t\t\t\t\t\t\t\t\t\t\t<a href=\"https:\/\/www.cnshining.com\/pt\/mercado-de-garrafas-de-aluminio\/\" target=\"_blank\">\n\n\t\t\t\t\t\t\t\t\t\t\t<span class=\"elementor-icon-list-text\">Garrafa de alum\u00ednio \/<\/span>\n\t\t\t\t\t\t\t\t\t\t\t<\/a>\n\t\t\t\t\t\t\t\t\t<\/li>\n\t\t\t\t\t\t<\/ul>\n\t\t\t\t\t\t<\/div>\n\t\t\t\t\t<\/div>\n\t\t\t\t<\/div>\n\t\t<div class=\"elementor-element elementor-element-2e53b2e9 e-flex e-con-boxed e-con e-parent\" data-id=\"2e53b2e9\" data-element_type=\"container\" data-settings=\"{&quot;background_background&quot;:&quot;classic&quot;}\">\n\t\t\t\t\t<div class=\"e-con-inner\">\n\t\t\t\t\t<\/div>\n\t\t\t\t<\/div>\n\t\t<div class=\"elementor-element elementor-element-747374ab e-flex e-con-boxed e-con e-parent\" data-id=\"747374ab\" data-element_type=\"container\">\n\t\t\t\t\t<div class=\"e-con-inner\">\n\t\t\t\t<div class=\"elementor-element elementor-element-17ee4b52 elementor-widget elementor-widget-image\" data-id=\"17ee4b52\" data-element_type=\"widget\" data-widget_type=\"image.default\">\n\t\t\t\t\t\t\t\t\t\t\t\t\t\t\t<img fetchpriority=\"high\" decoding=\"async\" width=\"1000\" height=\"566\" src=\"https:\/\/www.cnshining.com\/wp-content\/uploads\/2025\/11\/Aluminum-Bottle-for-Essential-Oil-4.webp\" class=\"attachment-large size-large wp-image-33798\" alt=\"Frasco de alum\u00ednio para \u00f3leo essencial\" title=\"\">\t\t\t\t\t\t\t\t\t\t\t\t\t\t\t<\/div>\n\t\t\t\t\t<\/div>\n\t\t\t\t<\/div>\n\t\t<div class=\"elementor-element elementor-element-4b917172 e-flex e-con-boxed e-con e-parent\" data-id=\"4b917172\" data-element_type=\"container\">\n\t\t\t\t\t<div class=\"e-con-inner\">\n\t\t<div class=\"elementor-element elementor-element-3ca76cc9 e-con-full e-flex e-con e-child\" data-id=\"3ca76cc9\" data-element_type=\"container\">\n\t\t\t\t<div class=\"elementor-element elementor-element-abb2afa elementor-widget__width-initial truncate-text elementor-widget elementor-widget-text-editor\" data-id=\"abb2afa\" data-element_type=\"widget\" data-widget_type=\"text-editor.default\">\n\t\t\t\t\t\t\t\t\t<h2>Por que escolher frascos de alum\u00ednio para \u00f3leos essenciais?<\/h2><p>Na Shining Packaging, somos especializados na fabrica\u00e7\u00e3o de produtos de alta qualidade.\u00a0<b>garrafas de alum\u00ednio<\/b>\u00a0projetado para atender \u00e0s necessidades exclusivas de\u00a0<b>\u00f3leo essencial<\/b>\u00a0Armazenamento. Feitas de alum\u00ednio puro, nossas garrafas oferecem prote\u00e7\u00e3o excepcional contra choques, compress\u00f5es e perfura\u00e7\u00f5es. A neutralidade qu\u00edmica do alum\u00ednio garante a seguran\u00e7a do seu produto.\u00a0<b>\u00f3leos essenciais<\/b>\u00a0permanecem imaculados, preservando sua pureza e pot\u00eancia. Como um fornecedor confi\u00e1vel.\u00a0<b>fabricante<\/b>\u00a0e\u00a0<b>fornecedor<\/b>, Em todos os nossos produtos, priorizamos a durabilidade e a funcionalidade.<\/p><p>Nosso\u00a0<b>garrafas de alum\u00ednio<\/b>\u00a0Disponibilizamos uma ampla variedade de tamanhos, de 30 ml a 30.000 ml, atendendo tanto \u00e0s necessidades de embalagens em pequena escala quanto em grande volume. Seja voc\u00ea uma empresa em busca de embalagens confi\u00e1veis ou uma marca que visa aprimorar a apresenta\u00e7\u00e3o do produto, nossas garrafas oferecem a solu\u00e7\u00e3o perfeita.<\/p><h2>Benef\u00edcios dos frascos de alum\u00ednio para \u00f3leos essenciais<\/h2><p>Nosso\u00a0<b>frascos de alum\u00ednio para \u00f3leos essenciais<\/b>\u00a0S\u00e3o projetadas para conveni\u00eancia e efici\u00eancia. O design com abertura ampla facilita o despejo, enquanto as op\u00e7\u00f5es com conta-gotas garantem uma dosagem precisa, ideal para\u00a0<b>\u00f3leo essencial<\/b>\u00a0Aplica\u00e7\u00f5es. Essas garrafas n\u00e3o s\u00e3o apenas robustas, mas tamb\u00e9m leves, o que facilita o manuseio e o transporte.<\/p><p>Como l\u00edder\u00a0<b>fabricante de garrafas de alum\u00ednio<\/b>, Garantimos que nossos produtos sejam ecol\u00f3gicos e recicl\u00e1veis, alinhando-se \u00e0s tend\u00eancias de embalagens sustent\u00e1veis. Isso faz com que nossas garrafas sejam a escolha preferida de empresas que buscam reduzir seu impacto ambiental, mantendo a integridade do produto.<\/p><h2>Aplica\u00e7\u00f5es vers\u00e1teis de garrafas de alum\u00ednio<\/h2><p>Shining Packaging's\u00a0<b>Frascos de alum\u00ednio para \u00f3leos essenciais<\/b>\u00a0S\u00e3o vers\u00e1teis, atendendo a ind\u00fastrias al\u00e9m da aromaterapia, incluindo cosm\u00e9ticos, produtos farmac\u00eauticos e cuidados pessoais. A neutralidade qu\u00edmica de nossos frascos garante compatibilidade com uma ampla gama de produtos, tornando-os a escolha ideal para\u00a0<b>embalagens de \u00f3leos essenciais<\/b>.<\/p><p>Nosso compromisso como uma empresa confi\u00e1vel\u00a0<b>fornecedor<\/b>\u00a0Isso significa que oferecemos op\u00e7\u00f5es personaliz\u00e1veis para atender \u00e0s suas necessidades espec\u00edficas. Seja para frascos pequenos de 30 ml para varejo ou recipientes maiores para uso industrial, nossos produtos est\u00e3o dispon\u00edveis.\u00a0<b>garrafas de alum\u00ednio<\/b>\u00a0Oferecer qualidade e desempenho incompar\u00e1veis.<\/p><h2>Frascos de alum\u00ednio para embalagens de \u00f3leos essenciais<\/h2><p>Como um primeiro-ministro\u00a0<b>fornecedor de garrafas de alum\u00ednio<\/b>, A Shining Packaging combina inova\u00e7\u00e3o com qualidade para oferecer solu\u00e7\u00f5es de embalagem que se destacam. Nossa experi\u00eancia como...\u00a0<b>fabricante<\/b>\u00a0Garante que cada garrafa atenda a rigorosos padr\u00f5es de qualidade, proporcionando tranquilidade para empresas em todo o mundo.<\/p><p>Escolha Shining Packaging para\u00a0<b>garrafas de alum\u00ednio<\/b>\u00a0que oferecem durabilidade, sustentabilidade e versatilidade. Entre em contato conosco hoje mesmo para explorar nossa linha de produtos.\u00a0<b>frascos de alum\u00ednio para \u00f3leos essenciais<\/b>\u00a0e fortale\u00e7a sua marca com solu\u00e7\u00f5es de embalagem premium.<\/p>\t\t\t\t\t\t\t\t<\/div>\n\t\t\t\t<div class=\"elementor-element elementor-element-4147afe elementor-widget elementor-widget-html\" data-id=\"4147afe\" data-element_type=\"widget\" data-widget_type=\"html.default\">\n\t\t\t\t\t<script>\r\ndocument.addEventListener('DOMContentLoaded', function() {\r\n    const button = document.querySelector('.read-more-btn');\r\n    const text = document.querySelector('.truncate-text');\r\n    button.addEventListener('click', function() {\r\n        text.classList.toggle('expanded');\r\n        button.textContent = text.classList.contains('expanded') ? 'Read Less' : 'Reading More';\r\n    });\r\n});\r\n<\/script>\t\t\t\t<\/div>\n\t\t\t\t<\/div>\n\t\t<div class=\"elementor-element elementor-element-ea0ec50 e-con-full e-flex e-con e-child\" data-id=\"ea0ec50\" data-element_type=\"container\">\n\t\t\t\t<div class=\"elementor-element elementor-element-1f8784d elementor-widget__width-initial read-more-btn elementor-widget elementor-widget-button\" data-id=\"1f8784d\" data-element_type=\"widget\" data-widget_type=\"button.default\">\n\t\t\t\t\t\t\t\t\t\t<a class=\"elementor-button elementor-size-sm\" role=\"button\">\n\t\t\t\t\t\t<span class=\"elementor-button-content-wrapper\">\n\t\t\t\t\t\t\t\t\t<span class=\"elementor-button-text\">Leia mais<\/span>\n\t\t\t\t\t<\/span>\n\t\t\t\t\t<\/a>\n\t\t\t\t\t\t\t\t<\/div>\n\t\t\t\t<\/div>\n\t\t\t\t\t<\/div>\n\t\t\t\t<\/div>\n\t\t<div class=\"elementor-element elementor-element-35f0612f e-flex e-con-boxed e-con e-parent\" data-id=\"35f0612f\" data-element_type=\"container\" data-settings=\"{&quot;background_background&quot;:&quot;classic&quot;}\">\n\t\t\t\t\t<div class=\"e-con-inner\">\n\t\t<div class=\"elementor-element elementor-element-2bea90ed e-con-full e-flex e-con e-child\" data-id=\"2bea90ed\" data-element_type=\"container\">\n\t\t<div class=\"elementor-element elementor-element-2555aadf e-con-full e-flex e-con e-child\" data-id=\"2555aadf\" data-element_type=\"container\">\n\t\t\t\t<div class=\"elementor-element elementor-element-0de6686 image-container elementor-widget elementor-widget-image\" data-id=\"0de6686\" data-element_type=\"widget\" data-widget_type=\"image.default\">\n\t\t\t\t\t\t\t\t\t\t\t\t\t\t\t\t<a href=\"https:\/\/www.cnshining.com\/wp-content\/uploads\/2025\/11\/Aluminum-Bottle-for-Essential-Oil-1.webp\" data-elementor-open-lightbox=\"yes\" data-elementor-lightbox-title=\"Aluminum Bottle for Essential Oil\" data-e-action-hash=\"#elementor-action%3Aaction%3Dlightbox%26settings%3DeyJpZCI6MzM3OTUsInVybCI6Imh0dHBzOlwvXC93d3cuY25zaGluaW5nLmNvbVwvd3AtY29udGVudFwvdXBsb2Fkc1wvMjAyNVwvMTFcL0FsdW1pbnVtLUJvdHRsZS1mb3ItRXNzZW50aWFsLU9pbC0xLndlYnAifQ%3D%3D\">\n\t\t\t\t\t\t\t<img decoding=\"async\" src=\"https:\/\/www.cnshining.com\/wp-content\/uploads\/elementor\/thumbs\/Aluminum-Bottle-for-Essential-Oil-1-rejhkbd4h4cmz9y85ypj3h68ktqxb8xzrju5eyv7g4.webp\" title=\"Frasco de alum\u00ednio para \u00f3leo essencial\" alt=\"Frasco de alum\u00ednio para \u00f3leo essencial\" loading=\"lazy\" \/>\t\t\t\t\t\t\t\t<\/a>\n\t\t\t\t\t\t\t\t\t\t\t\t\t\t\t<\/div>\n\t\t\t\t<div class=\"elementor-element elementor-element-995382d elementor-align-center elementor-widget elementor-widget-button\" data-id=\"995382d\" data-element_type=\"widget\" data-widget_type=\"button.default\">\n\t\t\t\t\t\t\t\t\t\t<a class=\"elementor-button elementor-button-link elementor-size-sm\" href=\"https:\/\/www.cnshining.com\/pt\/produtos\/garrafa-de-oleo-essencial-de-aluminio\/\" target=\"_blank\">\n\t\t\t\t\t\t<span class=\"elementor-button-content-wrapper\">\n\t\t\t\t\t\t<span class=\"elementor-button-icon\">\n\t\t\t\t<svg aria-hidden=\"true\" class=\"e-font-icon-svg e-fas-arrow-right\" viewbox=\"0 0 448 512\" xmlns=\"http:\/\/www.w3.org\/2000\/svg\"><path d=\"M190.5 66.9l22.2-22.2c9.4-9.4 24.6-9.4 33.9 0L441 239c9.4 9.4 9.4 24.6 0 33.9L246.6 467.3c-9.4 9.4-24.6 9.4-33.9 0l-22.2-22.2c-9.5-9.5-9.3-25 .4-34.3L311.4 296H24c-13.3 0-24-10.7-24-24v-32c0-13.3 10.7-24 24-24h287.4L190.9 101.2c-9.8-9.3-10-24.8-.4-34.3z\"><\/path><\/svg>\t\t\t<\/span>\n\t\t\t\t\t\t\t\t\t<span class=\"elementor-button-text\">\u00d3leo essencial<\/span>\n\t\t\t\t\t<\/span>\n\t\t\t\t\t<\/a>\n\t\t\t\t\t\t\t\t<\/div>\n\t\t\t\t<\/div>\n\t\t<div class=\"elementor-element elementor-element-4b92899 e-con-full e-flex e-con e-child\" data-id=\"4b92899\" data-element_type=\"container\">\n\t\t\t\t<div class=\"elementor-element elementor-element-9e03161 image-container elementor-widget elementor-widget-image\" data-id=\"9e03161\" data-element_type=\"widget\" data-widget_type=\"image.default\">\n\t\t\t\t\t\t\t\t\t\t\t\t\t\t\t\t<a href=\"https:\/\/www.cnshining.com\/wp-content\/uploads\/2025\/11\/Aluminum-Bottle-for-Essential-Oil-2.webp\" data-elementor-open-lightbox=\"yes\" data-elementor-lightbox-title=\"Aluminum Bottle for Essential Oil\" data-e-action-hash=\"#elementor-action%3Aaction%3Dlightbox%26settings%3DeyJpZCI6MzM3OTYsInVybCI6Imh0dHBzOlwvXC93d3cuY25zaGluaW5nLmNvbVwvd3AtY29udGVudFwvdXBsb2Fkc1wvMjAyNVwvMTFcL0FsdW1pbnVtLUJvdHRsZS1mb3ItRXNzZW50aWFsLU9pbC0yLndlYnAifQ%3D%3D\">\n\t\t\t\t\t\t\t<img decoding=\"async\" src=\"https:\/\/www.cnshining.com\/wp-content\/uploads\/elementor\/thumbs\/Aluminum-Bottle-for-Essential-Oil-2-rejhls033ucp1ftrmlgmz3w1uejhaaqymsdcagp5ro.webp\" title=\"Frasco de alum\u00ednio para \u00f3leo essencial\" alt=\"Frasco de alum\u00ednio para \u00f3leo essencial\" loading=\"lazy\" \/>\t\t\t\t\t\t\t\t<\/a>\n\t\t\t\t\t\t\t\t\t\t\t\t\t\t\t<\/div>\n\t\t\t\t<div class=\"elementor-element elementor-element-1fbe6f9 elementor-align-center elementor-widget elementor-widget-button\" data-id=\"1fbe6f9\" data-element_type=\"widget\" data-widget_type=\"button.default\">\n\t\t\t\t\t\t\t\t\t\t<a class=\"elementor-button elementor-button-link elementor-size-sm\" href=\"https:\/\/www.cnshining.com\/pt\/produtos\/frasco-conta-gotas-de-aluminio\/\" target=\"_blank\">\n\t\t\t\t\t\t<span class=\"elementor-button-content-wrapper\">\n\t\t\t\t\t\t<span class=\"elementor-button-icon\">\n\t\t\t\t<svg aria-hidden=\"true\" class=\"e-font-icon-svg e-fas-arrow-right\" viewbox=\"0 0 448 512\" xmlns=\"http:\/\/www.w3.org\/2000\/svg\"><path d=\"M190.5 66.9l22.2-22.2c9.4-9.4 24.6-9.4 33.9 0L441 239c9.4 9.4 9.4 24.6 0 33.9L246.6 467.3c-9.4 9.4-24.6 9.4-33.9 0l-22.2-22.2c-9.5-9.5-9.3-25 .4-34.3L311.4 296H24c-13.3 0-24-10.7-24-24v-32c0-13.3 10.7-24 24-24h287.4L190.9 101.2c-9.8-9.3-10-24.8-.4-34.3z\"><\/path><\/svg>\t\t\t<\/span>\n\t\t\t\t\t\t\t\t\t<span class=\"elementor-button-text\">\u00d3leo essencial<\/span>\n\t\t\t\t\t<\/span>\n\t\t\t\t\t<\/a>\n\t\t\t\t\t\t\t\t<\/div>\n\t\t\t\t<\/div>\n\t\t<div class=\"elementor-element elementor-element-b680d83 e-con-full e-flex e-con e-child\" data-id=\"b680d83\" data-element_type=\"container\">\n\t\t\t\t<div class=\"elementor-element elementor-element-5fcf46e image-container elementor-widget elementor-widget-image\" data-id=\"5fcf46e\" data-element_type=\"widget\" data-widget_type=\"image.default\">\n\t\t\t\t\t\t\t\t\t\t\t\t\t\t\t\t<a href=\"https:\/\/www.cnshining.com\/wp-content\/uploads\/2025\/11\/Aluminum-Bottle-for-Essential-Oil-3.webp\" data-elementor-open-lightbox=\"yes\" data-elementor-lightbox-title=\"Aluminum Bottle for Essential Oil\" data-e-action-hash=\"#elementor-action%3Aaction%3Dlightbox%26settings%3DeyJpZCI6MzM3OTcsInVybCI6Imh0dHBzOlwvXC93d3cuY25zaGluaW5nLmNvbVwvd3AtY29udGVudFwvdXBsb2Fkc1wvMjAyNVwvMTFcL0FsdW1pbnVtLUJvdHRsZS1mb3ItRXNzZW50aWFsLU9pbC0zLndlYnAifQ%3D%3D\">\n\t\t\t\t\t\t\t<img decoding=\"async\" src=\"https:\/\/www.cnshining.com\/wp-content\/uploads\/elementor\/thumbs\/Aluminum-Bottle-for-Essential-Oil-3-rejhmgfw1ja5fau9nw0xrxq1af70uffze5byrnox9w.webp\" title=\"Frasco de alum\u00ednio para \u00f3leo essencial\" alt=\"Frasco de alum\u00ednio para \u00f3leo essencial\" loading=\"lazy\" \/>\t\t\t\t\t\t\t\t<\/a>\n\t\t\t\t\t\t\t\t\t\t\t\t\t\t\t<\/div>\n\t\t\t\t<div class=\"elementor-element elementor-element-4dc1ad4 elementor-align-center elementor-widget elementor-widget-button\" data-id=\"4dc1ad4\" data-element_type=\"widget\" data-widget_type=\"button.default\">\n\t\t\t\t\t\t\t\t\t\t<a class=\"elementor-button elementor-button-link elementor-size-sm\" href=\"https:\/\/www.cnshining.com\/pt\/produtos\/garrafa-de-aluminio-anodizado-de-boca-larga\/\" target=\"_blank\">\n\t\t\t\t\t\t<span class=\"elementor-button-content-wrapper\">\n\t\t\t\t\t\t<span class=\"elementor-button-icon\">\n\t\t\t\t<svg aria-hidden=\"true\" class=\"e-font-icon-svg e-fas-arrow-right\" viewbox=\"0 0 448 512\" xmlns=\"http:\/\/www.w3.org\/2000\/svg\"><path d=\"M190.5 66.9l22.2-22.2c9.4-9.4 24.6-9.4 33.9 0L441 239c9.4 9.4 9.4 24.6 0 33.9L246.6 467.3c-9.4 9.4-24.6 9.4-33.9 0l-22.2-22.2c-9.5-9.5-9.3-25 .4-34.3L311.4 296H24c-13.3 0-24-10.7-24-24v-32c0-13.3 10.7-24 24-24h287.4L190.9 101.2c-9.8-9.3-10-24.8-.4-34.3z\"><\/path><\/svg>\t\t\t<\/span>\n\t\t\t\t\t\t\t\t\t<span class=\"elementor-button-text\">\u00d3leo essencial<\/span>\n\t\t\t\t\t<\/span>\n\t\t\t\t\t<\/a>\n\t\t\t\t\t\t\t\t<\/div>\n\t\t\t\t<\/div>\n\t\t<div class=\"elementor-element elementor-element-9f26125 e-con-full e-flex e-con e-child\" data-id=\"9f26125\" data-element_type=\"container\">\n\t\t\t\t<div class=\"elementor-element elementor-element-0ac4c03 image-container elementor-widget elementor-widget-image\" data-id=\"0ac4c03\" data-element_type=\"widget\" data-widget_type=\"image.default\">\n\t\t\t\t\t\t\t\t\t\t\t\t\t\t\t\t<a href=\"https:\/\/www.cnshining.com\/wp-content\/uploads\/2025\/11\/Aluminum-Bottle-for-Essential-Oil-4.webp\" data-elementor-open-lightbox=\"yes\" data-elementor-lightbox-title=\"Aluminum Bottle for Essential Oil\" data-e-action-hash=\"#elementor-action%3Aaction%3Dlightbox%26settings%3DeyJpZCI6MzM3OTgsInVybCI6Imh0dHBzOlwvXC93d3cuY25zaGluaW5nLmNvbVwvd3AtY29udGVudFwvdXBsb2Fkc1wvMjAyNVwvMTFcL0FsdW1pbnVtLUJvdHRsZS1mb3ItRXNzZW50aWFsLU9pbC00LndlYnAifQ%3D%3D\">\n\t\t\t\t\t\t\t<img decoding=\"async\" src=\"https:\/\/www.cnshining.com\/wp-content\/uploads\/elementor\/thumbs\/Aluminum-Bottle-for-Essential-Oil-4-rejhn8n1qkcr3lpb387quqlv3zc19cjxi0wj5yj438.webp\" title=\"Frasco de alum\u00ednio para \u00f3leo essencial\" alt=\"Frasco de alum\u00ednio para \u00f3leo essencial\" loading=\"lazy\" \/>\t\t\t\t\t\t\t\t<\/a>\n\t\t\t\t\t\t\t\t\t\t\t\t\t\t\t<\/div>\n\t\t\t\t<div class=\"elementor-element elementor-element-8b05903 elementor-align-center elementor-widget elementor-widget-button\" data-id=\"8b05903\" data-element_type=\"widget\" data-widget_type=\"button.default\">\n\t\t\t\t\t\t\t\t\t\t<a class=\"elementor-button elementor-button-link elementor-size-sm\" href=\"https:\/\/www.cnshining.com\/pt\/produtos\/garrafa-de-oleo-essencial-de-aluminio\/\" target=\"_blank\">\n\t\t\t\t\t\t<span class=\"elementor-button-content-wrapper\">\n\t\t\t\t\t\t<span class=\"elementor-button-icon\">\n\t\t\t\t<svg aria-hidden=\"true\" class=\"e-font-icon-svg e-fas-arrow-right\" viewbox=\"0 0 448 512\" xmlns=\"http:\/\/www.w3.org\/2000\/svg\"><path d=\"M190.5 66.9l22.2-22.2c9.4-9.4 24.6-9.4 33.9 0L441 239c9.4 9.4 9.4 24.6 0 33.9L246.6 467.3c-9.4 9.4-24.6 9.4-33.9 0l-22.2-22.2c-9.5-9.5-9.3-25 .4-34.3L311.4 296H24c-13.3 0-24-10.7-24-24v-32c0-13.3 10.7-24 24-24h287.4L190.9 101.2c-9.8-9.3-10-24.8-.4-34.3z\"><\/path><\/svg>\t\t\t<\/span>\n\t\t\t\t\t\t\t\t\t<span class=\"elementor-button-text\">\u00d3leo essencial<\/span>\n\t\t\t\t\t<\/span>\n\t\t\t\t\t<\/a>\n\t\t\t\t\t\t\t\t<\/div>\n\t\t\t\t<\/div>\n\t\t\t\t<\/div>\n\t\t\t\t\t<\/div>\n\t\t\t\t<\/div>\n\t\t<div class=\"elementor-element elementor-element-e41763d e-con-full e-flex e-con e-parent\" data-id=\"e41763d\" data-element_type=\"container\">\n\t\t\t\t<div class=\"elementor-element elementor-element-7aa2258 elementor-widget elementor-widget-text-editor\" data-id=\"7aa2258\" data-element_type=\"widget\" data-widget_type=\"text-editor.default\">\n\t\t\t\t\t\t\t\t\t<p>\t\t<div data-elementor-type=\"container\" data-elementor-id=\"22909\" class=\"elementor elementor-22909\" data-elementor-post-type=\"elementor_library\">\n\t\t\t\t<div class=\"elementor-element elementor-element-31fc8a4b e-flex e-con-boxed e-con e-parent\" data-id=\"31fc8a4b\" data-element_type=\"container\">\n\t\t\t\t\t<div class=\"e-con-inner\">\n\t\t\t\t<div class=\"elementor-element elementor-element-00eb7f0 elementor-widget elementor-widget-text-editor\" data-id=\"00eb7f0\" data-element_type=\"widget\" data-widget_type=\"text-editor.default\">\n\t\t\t\t\t\t\t\t\t<p>Aprovado por mais de 1.000 marcas<\/p>\t\t\t\t\t\t\t\t<\/div>\n\t\t\t\t<div class=\"elementor-element elementor-element-57c5a96c elementor-widget elementor-widget-image-carousel\" data-id=\"57c5a96c\" data-element_type=\"widget\" data-settings=\"{&quot;slides_to_show&quot;:&quot;6&quot;,&quot;slides_to_show_tablet&quot;:&quot;4&quot;,&quot;slides_to_show_mobile&quot;:&quot;2&quot;,&quot;navigation&quot;:&quot;none&quot;,&quot;autoplay_speed&quot;:3000,&quot;slides_to_scroll&quot;:&quot;2&quot;,&quot;autoplay&quot;:&quot;yes&quot;,&quot;pause_on_hover&quot;:&quot;yes&quot;,&quot;pause_on_interaction&quot;:&quot;yes&quot;,&quot;infinite&quot;:&quot;yes&quot;,&quot;speed&quot;:500}\" data-widget_type=\"image-carousel.default\">\n\t\t\t\t\t\t\t<div class=\"elementor-image-carousel-wrapper swiper\" role=\"region\" aria-roledescription=\"carousel\" aria-label=\"Carrossel de imagens\" dir=\"ltr\">\n\t\t\t<div class=\"elementor-image-carousel swiper-wrapper\" aria-live=\"off\">\n\t\t\t\t\t\t\t\t<div class=\"swiper-slide\" role=\"group\" aria-roledescription=\"slide\" aria-label=\"1 de 8\"><figure class=\"swiper-slide-inner\"><img decoding=\"async\" class=\"swiper-slide-image\" src=\"https:\/\/www.cnshining.com\/wp-content\/uploads\/2025\/08\/McDonalds-logo.webp\" alt=\"Logotipo do McDonald&#039;s\" title=\"\"><\/figure><\/div><div class=\"swiper-slide\" role=\"group\" aria-roledescription=\"slide\" aria-label=\"2 de 8\"><figure class=\"swiper-slide-inner\"><img decoding=\"async\" class=\"swiper-slide-image\" src=\"https:\/\/www.cnshining.com\/wp-content\/uploads\/2025\/08\/Castrol-logo.webp\" alt=\"Logotipo da Castrol\" title=\"\"><\/figure><\/div><div class=\"swiper-slide\" role=\"group\" aria-roledescription=\"slide\" aria-label=\"3 de 8\"><figure class=\"swiper-slide-inner\"><img decoding=\"async\" class=\"swiper-slide-image\" src=\"https:\/\/www.cnshining.com\/wp-content\/uploads\/2025\/08\/Coca-Cola-logo.webp\" alt=\"Logotipo da Coca-Cola\" title=\"\"><\/figure><\/div><div class=\"swiper-slide\" role=\"group\" aria-roledescription=\"slide\" aria-label=\"4 de 8\"><figure class=\"swiper-slide-inner\"><img decoding=\"async\" class=\"swiper-slide-image\" src=\"https:\/\/www.cnshining.com\/wp-content\/uploads\/2025\/08\/Disney-logo.webp\" alt=\"Logotipo da Disney\" title=\"\"><\/figure><\/div><div class=\"swiper-slide\" role=\"group\" aria-roledescription=\"slide\" aria-label=\"5 de 8\"><figure class=\"swiper-slide-inner\"><img decoding=\"async\" class=\"swiper-slide-image\" src=\"https:\/\/www.cnshining.com\/wp-content\/uploads\/2025\/08\/Dove-logo.webp\" alt=\"Logotipo da pomba\" title=\"\"><\/figure><\/div><div class=\"swiper-slide\" role=\"group\" aria-roledescription=\"slide\" aria-label=\"6 de 8\"><figure class=\"swiper-slide-inner\"><img decoding=\"async\" class=\"swiper-slide-image\" src=\"https:\/\/www.cnshining.com\/wp-content\/uploads\/2025\/08\/Fuchs-logo.webp\" alt=\"Logotipo da Fuchs\" title=\"\"><\/figure><\/div><div class=\"swiper-slide\" role=\"group\" aria-roledescription=\"slide\" aria-label=\"7 de 8\"><figure class=\"swiper-slide-inner\"><img decoding=\"async\" class=\"swiper-slide-image\" src=\"https:\/\/www.cnshining.com\/wp-content\/uploads\/2025\/08\/Gillette-logo.webp\" alt=\"Logotipo da Gillette\" title=\"\"><\/figure><\/div><div class=\"swiper-slide\" role=\"group\" aria-roledescription=\"slide\" aria-label=\"8 de 8\"><figure class=\"swiper-slide-inner\"><img decoding=\"async\" class=\"swiper-slide-image\" src=\"https:\/\/www.cnshining.com\/wp-content\/uploads\/2025\/08\/Grove-logo.webp\" alt=\"Logotipo da Grove\" title=\"\"><\/figure><\/div>\t\t\t<\/div>\n\t\t\t\t\t\t\t\n\t\t\t\t\t\t\t\t\t<\/div>\n\t\t\t\t\t\t<\/div>\n\t\t\t\t\t<\/div>\n\t\t\t\t<\/div>\n\t\t\t\t<\/div>\n\t\t<\/p>\t\t\t\t\t\t\t\t<\/div>\n\t\t\t\t<\/div>\n\t\t\t\t<\/div>","protected":false},"excerpt":{"rendered":"<p>Frascos de alum\u00ednio para \u00f3leos essenciais \u2013 100%, resistentes \u00e0 luz, neutros em termos qu\u00edmicos, \u00e0 prova de vazamentos e com conta-gotas. Leves e recicl\u00e1veis. Embalagem premium, confi\u00e1vel por marcas de aromaterapia.<\/p>","protected":false},"author":1,"featured_media":43402,"parent":25916,"menu_order":0,"comment_status":"closed","ping_status":"closed","template":"","meta":{"footnotes":""},"class_list":["post-33789","page","type-page","status-publish","has-post-thumbnail","hentry"],"_links":{"self":[{"href":"https:\/\/www.cnshining.com\/pt\/wp-json\/wp\/v2\/pages\/33789","targetHints":{"allow":["GET"]}}],"collection":[{"href":"https:\/\/www.cnshining.com\/pt\/wp-json\/wp\/v2\/pages"}],"about":[{"href":"https:\/\/www.cnshining.com\/pt\/wp-json\/wp\/v2\/types\/page"}],"author":[{"embeddable":true,"href":"https:\/\/www.cnshining.com\/pt\/wp-json\/wp\/v2\/users\/1"}],"replies":[{"embeddable":true,"href":"https:\/\/www.cnshining.com\/pt\/wp-json\/wp\/v2\/comments?post=33789"}],"version-history":[{"count":0,"href":"https:\/\/www.cnshining.com\/pt\/wp-json\/wp\/v2\/pages\/33789\/revisions"}],"up":[{"embeddable":true,"href":"https:\/\/www.cnshining.com\/pt\/wp-json\/wp\/v2\/pages\/25916"}],"wp:featuredmedia":[{"embeddable":true,"href":"https:\/\/www.cnshining.com\/pt\/wp-json\/wp\/v2\/media\/43402"}],"wp:attachment":[{"href":"https:\/\/www.cnshining.com\/pt\/wp-json\/wp\/v2\/media?parent=33789"}],"curies":[{"name":"wp","href":"https:\/\/api.w.org\/{rel}","templated":true}]}}