{"id":37153,"date":"2025-11-25T02:42:01","date_gmt":"2025-11-25T02:42:01","guid":{"rendered":"https:\/\/www.cnshining.com\/?page_id=37153"},"modified":"2025-12-23T05:30:29","modified_gmt":"2025-12-23T05:30:29","slug":"jarra-quadrada-de-aluminio","status":"publish","type":"page","link":"https:\/\/www.cnshining.com\/pt\/produtos\/jarra-quadrada-de-aluminio","title":{"rendered":"Potes quadrados de alum\u00ednio"},"content":{"rendered":"<div data-elementor-type=\"wp-page\" data-elementor-id=\"37153\" class=\"elementor elementor-37153\" data-elementor-post-type=\"page\">\n\t\t\t\t<div class=\"elementor-element elementor-element-648321ad e-flex e-con-boxed e-con e-parent\" data-id=\"648321ad\" data-element_type=\"container\" data-settings=\"{&quot;background_background&quot;:&quot;classic&quot;}\">\n\t\t\t\t\t<div class=\"e-con-inner\">\n\t\t\t\t<div class=\"elementor-element elementor-element-21269ec9 elementor-icon-list--layout-inline elementor-align-center elementor-list-item-link-full_width elementor-widget elementor-widget-icon-list\" data-id=\"21269ec9\" data-element_type=\"widget\" data-widget_type=\"icon-list.default\">\n\t\t\t\t\t\t\t<ul class=\"elementor-icon-list-items elementor-inline-items\">\n\t\t\t\t\t\t\t<li class=\"elementor-icon-list-item elementor-inline-item\">\n\t\t\t\t\t\t\t\t\t\t\t<a href=\"https:\/\/www.cnshining.com\/pt\" target=\"_blank\">\n\n\t\t\t\t\t\t\t\t\t\t\t\t<span class=\"elementor-icon-list-icon\">\n\t\t\t\t\t\t\t<svg aria-hidden=\"true\" class=\"e-font-icon-svg e-fas-home\" viewbox=\"0 0 576 512\" xmlns=\"http:\/\/www.w3.org\/2000\/svg\"><path d=\"M280.37 148.26L96 300.11V464a16 16 0 0 0 16 16l112.06-.29a16 16 0 0 0 15.92-16V368a16 16 0 0 1 16-16h64a16 16 0 0 1 16 16v95.64a16 16 0 0 0 16 16.05L464 480a16 16 0 0 0 16-16V300L295.67 148.26a12.19 12.19 0 0 0-15.3 0zM571.6 251.47L488 182.56V44.05a12 12 0 0 0-12-12h-56a12 12 0 0 0-12 12v72.61L318.47 43a48 48 0 0 0-61 0L4.34 251.47a12 12 0 0 0-1.6 16.9l25.5 31A12 12 0 0 0 45.15 301l235.22-193.74a12.19 12.19 0 0 1 15.3 0L530.9 301a12 12 0 0 0 16.9-1.6l25.5-31a12 12 0 0 0-1.7-16.93z\"><\/path><\/svg>\t\t\t\t\t\t<\/span>\n\t\t\t\t\t\t\t\t\t\t<span class=\"elementor-icon-list-text\">Lar \/<\/span>\n\t\t\t\t\t\t\t\t\t\t\t<\/a>\n\t\t\t\t\t\t\t\t\t<\/li>\n\t\t\t\t\t\t\t\t<li class=\"elementor-icon-list-item elementor-inline-item\">\n\t\t\t\t\t\t\t\t\t\t\t<a href=\"https:\/\/www.cnshining.com\/pt\/produtos\/\" target=\"_blank\">\n\n\t\t\t\t\t\t\t\t\t\t\t<span class=\"elementor-icon-list-text\">Produto \/<\/span>\n\t\t\t\t\t\t\t\t\t\t\t<\/a>\n\t\t\t\t\t\t\t\t\t<\/li>\n\t\t\t\t\t\t\t\t<li class=\"elementor-icon-list-item elementor-inline-item\">\n\t\t\t\t\t\t\t\t\t\t\t<a href=\"https:\/\/www.cnshining.com\/pt\/lata-de-aluminio\/\" target=\"_blank\">\n\n\t\t\t\t\t\t\t\t\t\t\t<span class=\"elementor-icon-list-text\">Lata de alum\u00ednio \/<\/span>\n\t\t\t\t\t\t\t\t\t\t\t<\/a>\n\t\t\t\t\t\t\t\t\t<\/li>\n\t\t\t\t\t\t<\/ul>\n\t\t\t\t\t\t<\/div>\n\t\t\t\t\t<\/div>\n\t\t\t\t<\/div>\n\t\t<div class=\"elementor-element elementor-element-1c03a72e e-flex e-con-boxed e-con e-parent\" data-id=\"1c03a72e\" data-element_type=\"container\" data-settings=\"{&quot;background_background&quot;:&quot;classic&quot;}\">\n\t\t\t\t\t<div class=\"e-con-inner\">\n\t\t\t\t<div class=\"elementor-element elementor-element-aa4a36f elementor-widget elementor-widget-heading\" data-id=\"aa4a36f\" data-element_type=\"widget\" data-widget_type=\"heading.default\">\n\t\t\t\t\t<h2 class=\"elementor-heading-title elementor-size-default\">Pote quadrado de alum\u00ednio<\/h2>\t\t\t\t<\/div>\n\t\t<div class=\"elementor-element elementor-element-510512c9 e-con-full e-flex e-con e-child\" data-id=\"510512c9\" data-element_type=\"container\">\n\t\t<div class=\"elementor-element elementor-element-58473c96 e-con-full e-flex e-con e-child\" data-id=\"58473c96\" data-element_type=\"container\">\n\t\t\t\t<div class=\"elementor-element elementor-element-1982bc6 elementor-widget elementor-widget-image\" data-id=\"1982bc6\" data-element_type=\"widget\" data-widget_type=\"image.default\">\n\t\t\t\t\t\t\t\t\t\t\t\t\t\t\t<img decoding=\"async\" src=\"https:\/\/www.cnshining.com\/wp-content\/uploads\/elementor\/thumbs\/Aluminum-Square-Jar-1-rf7gqhv3ut4joshv9qqgol0hdg4ncff1ofz0224flu.webp\" title=\"Pote quadrado de alum\u00ednio\" alt=\"Pote quadrado de alum\u00ednio\" loading=\"lazy\" \/>\t\t\t\t\t\t\t\t\t\t\t\t\t\t\t<\/div>\n\t\t\t\t<\/div>\n\t\t<div class=\"elementor-element elementor-element-34138d34 e-con-full e-flex e-con e-child\" data-id=\"34138d34\" data-element_type=\"container\">\n\t\t<div class=\"elementor-element elementor-element-52689bc5 e-con-full e-flex e-con e-child\" data-id=\"52689bc5\" data-element_type=\"container\">\n\t\t<div class=\"elementor-element elementor-element-4d0f9563 e-con-full e-flex e-con e-child\" data-id=\"4d0f9563\" data-element_type=\"container\">\n\t\t\t\t<div class=\"elementor-element elementor-element-1a336c2d elementor-widget elementor-widget-heading\" data-id=\"1a336c2d\" data-element_type=\"widget\" data-widget_type=\"heading.default\">\n\t\t\t\t\t<h3 class=\"elementor-heading-title elementor-size-default\">Capacidade<\/h3>\t\t\t\t<\/div>\n\t\t\t\t<div class=\"elementor-element elementor-element-45b04cf3 elementor-widget__width-initial elementor-widget-tablet__width-initial elementor-widget elementor-widget-text-editor\" data-id=\"45b04cf3\" data-element_type=\"widget\" data-widget_type=\"text-editor.default\">\n\t\t\t\t\t\t\t\t\t<p>\u00a0\u2264150ml<\/p>\t\t\t\t\t\t\t\t<\/div>\n\t\t\t\t<\/div>\n\t\t<div class=\"elementor-element elementor-element-1a53373f e-con-full e-flex e-con e-child\" data-id=\"1a53373f\" data-element_type=\"container\">\n\t\t\t\t<div class=\"elementor-element elementor-element-494d6f23 elementor-widget elementor-widget-heading\" data-id=\"494d6f23\" data-element_type=\"widget\" data-widget_type=\"heading.default\">\n\t\t\t\t\t<h3 class=\"elementor-heading-title elementor-size-default\">Grossura<\/h3>\t\t\t\t<\/div>\n\t\t\t\t<div class=\"elementor-element elementor-element-31766626 elementor-widget__width-initial elementor-widget-tablet__width-initial elementor-widget elementor-widget-text-editor\" data-id=\"31766626\" data-element_type=\"widget\" data-widget_type=\"text-editor.default\">\n\t\t\t\t\t\t\t\t\t<p>0,25-0,5 mm<\/p>\t\t\t\t\t\t\t\t<\/div>\n\t\t\t\t<\/div>\n\t\t\t\t<\/div>\n\t\t<div class=\"elementor-element elementor-element-2601a8cb e-con-full e-flex e-con e-child\" data-id=\"2601a8cb\" data-element_type=\"container\">\n\t\t<div class=\"elementor-element elementor-element-44a18f49 e-con-full e-flex e-con e-child\" data-id=\"44a18f49\" data-element_type=\"container\">\n\t\t\t\t<div class=\"elementor-element elementor-element-61b049a5 elementor-widget elementor-widget-heading\" data-id=\"61b049a5\" data-element_type=\"widget\" data-widget_type=\"heading.default\">\n\t\t\t\t\t<h3 class=\"elementor-heading-title elementor-size-default\">Altura<\/h3>\t\t\t\t<\/div>\n\t\t\t\t<div class=\"elementor-element elementor-element-23729970 elementor-widget__width-initial elementor-widget-tablet__width-initial elementor-widget elementor-widget-text-editor\" data-id=\"23729970\" data-element_type=\"widget\" data-widget_type=\"text-editor.default\">\n\t\t\t\t\t\t\t\t\t<p>61x44x24mm 30ml<\/p>\n<p>83x61x26mm 80ml<\/p>\n<p>90x62x25 100ml<\/p>\t\t\t\t\t\t\t\t<\/div>\n\t\t\t\t<\/div>\n\t\t<div class=\"elementor-element elementor-element-6337971f e-con-full e-flex e-con e-child\" data-id=\"6337971f\" data-element_type=\"container\">\n\t\t\t\t<div class=\"elementor-element elementor-element-16209a5 elementor-widget elementor-widget-heading\" data-id=\"16209a5\" data-element_type=\"widget\" data-widget_type=\"heading.default\">\n\t\t\t\t\t<h3 class=\"elementor-heading-title elementor-size-default\">Acabamento da superf\u00edcie<\/h3>\t\t\t\t<\/div>\n\t\t\t\t<div class=\"elementor-element elementor-element-3420d3a elementor-widget__width-initial elementor-widget-tablet__width-initial elementor-widget elementor-widget-text-editor\" data-id=\"3420d3a\" data-element_type=\"widget\" data-widget_type=\"text-editor.default\">\n\t\t\t\t\t\t\t\t\t<p>Polimento, Pintura colorida, Anodiza\u00e7\u00e3o, Serigrafia, Impress\u00e3o offset, Rotulagem (arte)<\/p>\t\t\t\t\t\t\t\t<\/div>\n\t\t\t\t<\/div>\n\t\t\t\t<\/div>\n\t\t<div class=\"elementor-element elementor-element-ca80420 e-con-full e-flex e-con e-child\" data-id=\"ca80420\" data-element_type=\"container\">\n\t\t<div class=\"elementor-element elementor-element-f36fa6e e-con-full e-flex e-con e-child\" data-id=\"f36fa6e\" data-element_type=\"container\">\n\t\t\t\t<div class=\"elementor-element elementor-element-46167237 elementor-widget elementor-widget-heading\" data-id=\"46167237\" data-element_type=\"widget\" data-widget_type=\"heading.default\">\n\t\t\t\t\t<h3 class=\"elementor-heading-title elementor-size-default\">Bon\u00e9<\/h3>\t\t\t\t<\/div>\n\t\t\t\t<div class=\"elementor-element elementor-element-709cb9fe elementor-widget__width-initial elementor-widget-tablet__width-initial elementor-widget elementor-widget-text-editor\" data-id=\"709cb9fe\" data-element_type=\"widget\" data-widget_type=\"text-editor.default\">\n\t\t\t\t\t\t\t\t\t<p>Tampa de rosca de alum\u00ednio, tampa de press\u00e3o de alum\u00ednio<\/p>\t\t\t\t\t\t\t\t<\/div>\n\t\t\t\t<\/div>\n\t\t<div class=\"elementor-element elementor-element-8ce1415 e-con-full e-flex e-con e-child\" data-id=\"8ce1415\" data-element_type=\"container\">\n\t\t\t\t<div class=\"elementor-element elementor-element-63d30db elementor-widget elementor-widget-heading\" data-id=\"63d30db\" data-element_type=\"widget\" data-widget_type=\"heading.default\">\n\t\t\t\t\t<h3 class=\"elementor-heading-title elementor-size-default\">MOQ<\/h3>\t\t\t\t<\/div>\n\t\t\t\t<div class=\"elementor-element elementor-element-932f5af elementor-widget__width-initial elementor-widget-tablet__width-initial elementor-widget elementor-widget-text-editor\" data-id=\"932f5af\" data-element_type=\"widget\" data-widget_type=\"text-editor.default\">\n\t\t\t\t\t\t\t\t\t<p>50.000 unidades<\/p>\t\t\t\t\t\t\t\t<\/div>\n\t\t\t\t<\/div>\n\t\t\t\t<\/div>\n\t\t<div class=\"elementor-element elementor-element-e565eea e-con-full e-flex e-con e-child\" data-id=\"e565eea\" data-element_type=\"container\">\n\t\t\t\t<div class=\"elementor-element elementor-element-5bc5d288 elementor-widget-divider--view-line elementor-widget elementor-widget-divider\" data-id=\"5bc5d288\" data-element_type=\"widget\" data-widget_type=\"divider.default\">\n\t\t\t\t\t\t\t<div class=\"elementor-divider\">\n\t\t\t<span class=\"elementor-divider-separator\">\n\t\t\t\t\t\t<\/span>\n\t\t<\/div>\n\t\t\t\t\t\t<\/div>\n\t\t\t\t<\/div>\n\t\t\t\t<div class=\"elementor-element elementor-element-20d7ef31 elementor-mobile-align-left elementor-align-right elementor-widget elementor-widget-button\" data-id=\"20d7ef31\" data-element_type=\"widget\" data-widget_type=\"button.default\">\n\t\t\t\t\t\t\t\t\t\t<a class=\"elementor-button elementor-button-link elementor-size-sm\" href=\"#elementor-action%3Aaction%3Dpopup%3Aopen%26settings%3DeyJpZCI6IjE0MTMyIiwidG9nZ2xlIjpmYWxzZX0%3D\" target=\"_blank\">\n\t\t\t\t\t\t<span class=\"elementor-button-content-wrapper\">\n\t\t\t\t\t\t<span class=\"elementor-button-icon\">\n\t\t\t\t<svg aria-hidden=\"true\" class=\"e-font-icon-svg e-fas-arrow-right\" viewbox=\"0 0 448 512\" xmlns=\"http:\/\/www.w3.org\/2000\/svg\"><path d=\"M190.5 66.9l22.2-22.2c9.4-9.4 24.6-9.4 33.9 0L441 239c9.4 9.4 9.4 24.6 0 33.9L246.6 467.3c-9.4 9.4-24.6 9.4-33.9 0l-22.2-22.2c-9.5-9.5-9.3-25 .4-34.3L311.4 296H24c-13.3 0-24-10.7-24-24v-32c0-13.3 10.7-24 24-24h287.4L190.9 101.2c-9.8-9.3-10-24.8-.4-34.3z\"><\/path><\/svg>\t\t\t<\/span>\n\t\t\t\t\t\t\t\t\t<span class=\"elementor-button-text\">Contate-nos<\/span>\n\t\t\t\t\t<\/span>\n\t\t\t\t\t<\/a>\n\t\t\t\t\t\t\t\t<\/div>\n\t\t\t\t<\/div>\n\t\t\t\t<\/div>\n\t\t\t\t\t<\/div>\n\t\t\t\t<\/div>\n\t\t<div class=\"elementor-element elementor-element-e8a77a2 e-flex e-con-boxed e-con e-parent\" data-id=\"e8a77a2\" data-element_type=\"container\" data-settings=\"{&quot;background_background&quot;:&quot;classic&quot;}\">\n\t\t\t\t\t<div class=\"e-con-inner\">\n\t\t<div class=\"elementor-element elementor-element-3afd609 e-con-full e-flex e-con e-child\" data-id=\"3afd609\" data-element_type=\"container\">\n\t\t\t\t<div class=\"elementor-element elementor-element-1e25f63 elementor-widget-tablet__width-inherit elementor-headline--style-highlight elementor-widget elementor-widget-animated-headline\" data-id=\"1e25f63\" data-element_type=\"widget\" data-settings=\"{&quot;marker&quot;:&quot;double_underline&quot;,&quot;highlighted_text&quot;:&quot; Detail &quot;,&quot;headline_style&quot;:&quot;highlight&quot;,&quot;loop&quot;:&quot;yes&quot;,&quot;highlight_animation_duration&quot;:1200,&quot;highlight_iteration_delay&quot;:8000}\" data-widget_type=\"animated-headline.default\">\n\t\t\t\t\t\t\t<h2 class=\"elementor-headline\">\n\t\t\t\t<span class=\"elementor-headline-dynamic-wrapper elementor-headline-text-wrapper\">\n\t\t\t\t\t<span class=\"elementor-headline-dynamic-text elementor-headline-text-active\"> Detalhe <\/span>\n\t\t\t\t<\/span>\n\t\t\t\t\t<span class=\"elementor-headline-plain-text elementor-headline-text-wrapper\">de pote quadrado de alum\u00ednio<\/span>\n\t\t\t\t\t<\/h2>\n\t\t\t\t\t\t<\/div>\n\t\t\t\t<\/div>\n\t\t<div class=\"elementor-element elementor-element-82990a4 e-con-full e-flex e-con e-child\" data-id=\"82990a4\" data-element_type=\"container\">\n\t\t<div class=\"elementor-element elementor-element-3a3a1fb e-con-full e-flex e-con e-child\" data-id=\"3a3a1fb\" data-element_type=\"container\">\n\t\t\t\t<div class=\"elementor-element elementor-element-7b95d31 elementor-widget elementor-widget-image\" data-id=\"7b95d31\" data-element_type=\"widget\" data-widget_type=\"image.default\">\n\t\t\t\t\t\t\t\t\t\t\t\t\t\t\t<img fetchpriority=\"high\" decoding=\"async\" width=\"1000\" height=\"622\" src=\"https:\/\/www.cnshining.com\/wp-content\/uploads\/2025\/11\/Aluminum-Square-Jar.webp\" class=\"attachment-full size-full wp-image-37189\" alt=\"Pote quadrado de alum\u00ednio\" title=\"\">\t\t\t\t\t\t\t\t\t\t\t\t\t\t\t<\/div>\n\t\t\t\t<\/div>\n\t\t\t\t<\/div>\n\t\t\t\t\t<\/div>\n\t\t\t\t<\/div>\n\t\t<div class=\"elementor-element elementor-element-a8f2346 e-flex e-con-boxed e-con e-parent\" data-id=\"a8f2346\" data-element_type=\"container\" data-settings=\"{&quot;background_background&quot;:&quot;classic&quot;}\">\n\t\t\t\t\t<div class=\"e-con-inner\">\n\t\t<div class=\"elementor-element elementor-element-9a1effe e-con-full e-flex e-con e-child\" data-id=\"9a1effe\" data-element_type=\"container\">\n\t\t<div class=\"elementor-element elementor-element-2fa26e3 e-con-full e-flex e-con e-child\" data-id=\"2fa26e3\" data-element_type=\"container\">\n\t\t\t\t<div class=\"elementor-element elementor-element-eefa42b elementor-headline--style-highlight elementor-widget elementor-widget-animated-headline\" data-id=\"eefa42b\" data-element_type=\"widget\" data-settings=\"{&quot;marker&quot;:&quot;double_underline&quot;,&quot;highlighted_text&quot;:&quot;Products&quot;,&quot;headline_style&quot;:&quot;highlight&quot;,&quot;loop&quot;:&quot;yes&quot;,&quot;highlight_animation_duration&quot;:1200,&quot;highlight_iteration_delay&quot;:8000}\" data-widget_type=\"animated-headline.default\">\n\t\t\t\t\t\t\t<h2 class=\"elementor-headline\">\n\t\t\t\t\t<span class=\"elementor-headline-plain-text elementor-headline-text-wrapper\">Relacionado<\/span>\n\t\t\t\t<span class=\"elementor-headline-dynamic-wrapper elementor-headline-text-wrapper\">\n\t\t\t\t\t<span class=\"elementor-headline-dynamic-text elementor-headline-text-active\">Produtos<\/span>\n\t\t\t\t<\/span>\n\t\t\t\t<\/h2>\n\t\t\t\t\t\t<\/div>\n\t\t\t\t<\/div>\n\t\t<div class=\"elementor-element elementor-element-256e678 e-con-full e-flex e-con e-child\" data-id=\"256e678\" data-element_type=\"container\">\n\t\t\t\t<div class=\"elementor-element elementor-element-4c92ef6 elementor-mobile-align-left elementor-align-right elementor-widget elementor-widget-button\" data-id=\"4c92ef6\" data-element_type=\"widget\" data-widget_type=\"button.default\">\n\t\t\t\t\t\t\t\t\t\t<a class=\"elementor-button elementor-button-link elementor-size-sm\" href=\"https:\/\/www.cnshining.com\/pt\/produtos\/\" target=\"_blank\">\n\t\t\t\t\t\t<span class=\"elementor-button-content-wrapper\">\n\t\t\t\t\t\t<span class=\"elementor-button-icon\">\n\t\t\t\t<svg aria-hidden=\"true\" class=\"e-font-icon-svg e-fas-arrow-right\" viewbox=\"0 0 448 512\" xmlns=\"http:\/\/www.w3.org\/2000\/svg\"><path d=\"M190.5 66.9l22.2-22.2c9.4-9.4 24.6-9.4 33.9 0L441 239c9.4 9.4 9.4 24.6 0 33.9L246.6 467.3c-9.4 9.4-24.6 9.4-33.9 0l-22.2-22.2c-9.5-9.5-9.3-25 .4-34.3L311.4 296H24c-13.3 0-24-10.7-24-24v-32c0-13.3 10.7-24 24-24h287.4L190.9 101.2c-9.8-9.3-10-24.8-.4-34.3z\"><\/path><\/svg>\t\t\t<\/span>\n\t\t\t\t\t\t\t\t\t<span class=\"elementor-button-text\">Todos os produtos<\/span>\n\t\t\t\t\t<\/span>\n\t\t\t\t\t<\/a>\n\t\t\t\t\t\t\t\t<\/div>\n\t\t\t\t<\/div>\n\t\t\t\t<\/div>\n\t\t<div class=\"elementor-element elementor-element-b55eb9b e-con-full e-flex e-con e-child\" data-id=\"b55eb9b\" data-element_type=\"container\">\n\t\t<div class=\"elementor-element elementor-element-7e8d090 e-con-full e-flex e-con e-child\" data-id=\"7e8d090\" data-element_type=\"container\" data-settings=\"{&quot;background_background&quot;:&quot;classic&quot;}\">\n\t\t\t\t<div class=\"elementor-element elementor-element-9917c2a img elementor-cta--valign-bottom elementor-cta--skin-classic elementor-animated-content elementor-bg-transform elementor-bg-transform-zoom-in elementor-widget elementor-widget-call-to-action\" data-id=\"9917c2a\" data-element_type=\"widget\" data-widget_type=\"call-to-action.default\">\n\t\t\t\t\t\t\t<div class=\"elementor-cta\">\n\t\t\t\t\t<div class=\"elementor-cta__bg-wrapper\">\n\t\t\t\t<div class=\"elementor-cta__bg elementor-bg\" style=\"background-image: url(https:\/\/www.cnshining.com\/wp-content\/uploads\/elementor\/thumbs\/Aluminum-Bottle-1-rav0a3hze2h2pgwqazin5hdulvrb3cxga1s4rwuld2.webp);\" role=\"img\" aria-label=\"Garrafa de alum\u00ednio\"><\/div>\n\t\t\t\t<div class=\"elementor-cta__bg-overlay\"><\/div>\n\t\t\t<\/div>\n\t\t\t\t\t\t\t\t<\/div>\n\t\t\t\t\t\t<\/div>\n\t\t<div class=\"elementor-element elementor-element-9679a4e e-con-full e-flex e-con e-child\" data-id=\"9679a4e\" data-element_type=\"container\">\n\t\t\t\t<div class=\"elementor-element elementor-element-94d9eb3 elementor-widget elementor-widget-text-editor\" data-id=\"94d9eb3\" data-element_type=\"widget\" data-widget_type=\"text-editor.default\">\n\t\t\t\t\t\t\t\t\t<p><a href=\"https:\/\/www.cnshining.com\/pt\/mercado-de-garrafas-de-aluminio\/\" target=\"_blank\" rel=\"noopener\">Garrafa de alum\u00ednio \u2192<\/a><\/p>\t\t\t\t\t\t\t\t<\/div>\n\t\t\t\t<\/div>\n\t\t\t\t<\/div>\n\t\t<div class=\"elementor-element elementor-element-f6274de e-con-full e-flex e-con e-child\" data-id=\"f6274de\" data-element_type=\"container\" data-settings=\"{&quot;background_background&quot;:&quot;classic&quot;}\">\n\t\t\t\t<div class=\"elementor-element elementor-element-33c2d0a img elementor-cta--valign-bottom elementor-cta--skin-classic elementor-animated-content elementor-bg-transform elementor-bg-transform-zoom-in elementor-widget elementor-widget-call-to-action\" data-id=\"33c2d0a\" data-element_type=\"widget\" data-widget_type=\"call-to-action.default\">\n\t\t\t\t\t\t\t<div class=\"elementor-cta\">\n\t\t\t\t\t<div class=\"elementor-cta__bg-wrapper\">\n\t\t\t\t<div class=\"elementor-cta__bg elementor-bg\" style=\"background-image: url(https:\/\/www.cnshining.com\/wp-content\/uploads\/elementor\/thumbs\/Aerosol-Can-rgfalug30amnuogmlswnyyfdrhndt1s0ex4jjd8b6u.webp);\" role=\"img\" aria-label=\"Lata de aerossol\"><\/div>\n\t\t\t\t<div class=\"elementor-cta__bg-overlay\"><\/div>\n\t\t\t<\/div>\n\t\t\t\t\t\t\t\t<\/div>\n\t\t\t\t\t\t<\/div>\n\t\t<div class=\"elementor-element elementor-element-81748c8 e-con-full e-flex e-con e-child\" data-id=\"81748c8\" data-element_type=\"container\">\n\t\t\t\t<div class=\"elementor-element elementor-element-d3daf4c elementor-widget elementor-widget-text-editor\" data-id=\"d3daf4c\" data-element_type=\"widget\" data-widget_type=\"text-editor.default\">\n\t\t\t\t\t\t\t\t\t<p><a href=\"https:\/\/www.cnshining.com\/pt\/fabricante-de-latas-de-aerossol-de-aluminio\/\" target=\"_blank\" rel=\"noopener\">Lata de aerossol \u2192<\/a><\/p>\t\t\t\t\t\t\t\t<\/div>\n\t\t\t\t<\/div>\n\t\t\t\t<\/div>\n\t\t<div class=\"elementor-element elementor-element-d977471 e-con-full e-flex e-con e-child\" data-id=\"d977471\" data-element_type=\"container\" data-settings=\"{&quot;background_background&quot;:&quot;classic&quot;}\">\n\t\t\t\t<div class=\"elementor-element elementor-element-4a2d148 img elementor-cta--valign-bottom elementor-cta--skin-classic elementor-animated-content elementor-bg-transform elementor-bg-transform-zoom-in elementor-widget elementor-widget-call-to-action\" data-id=\"4a2d148\" data-element_type=\"widget\" data-widget_type=\"call-to-action.default\">\n\t\t\t\t\t\t\t<div class=\"elementor-cta\">\n\t\t\t\t\t<div class=\"elementor-cta__bg-wrapper\">\n\t\t\t\t<div class=\"elementor-cta__bg elementor-bg\" style=\"background-image: url(https:\/\/www.cnshining.com\/wp-content\/uploads\/elementor\/thumbs\/Metal-Can-1-rf9dk2si00qxv5o5xov9wdhlhwg27h8sbbz4kcl7ho.webp);\" role=\"img\" aria-label=\"Lata de metal\"><\/div>\n\t\t\t\t<div class=\"elementor-cta__bg-overlay\"><\/div>\n\t\t\t<\/div>\n\t\t\t\t\t\t\t\t<\/div>\n\t\t\t\t\t\t<\/div>\n\t\t<div class=\"elementor-element elementor-element-ecca06f e-con-full e-flex e-con e-child\" data-id=\"ecca06f\" data-element_type=\"container\">\n\t\t\t\t<div class=\"elementor-element elementor-element-f55cb2a elementor-widget elementor-widget-text-editor\" data-id=\"f55cb2a\" data-element_type=\"widget\" data-widget_type=\"text-editor.default\">\n\t\t\t\t\t\t\t\t\t<p><a href=\"https:\/\/www.cnshining.com\/pt\/latas-de-metal-2\/\" target=\"_blank\" rel=\"noopener\">Lata de metal \u2192<\/a><\/p>\t\t\t\t\t\t\t\t<\/div>\n\t\t\t\t<\/div>\n\t\t\t\t<\/div>\n\t\t<div class=\"elementor-element elementor-element-0cb3ea2 e-con-full e-flex e-con e-child\" data-id=\"0cb3ea2\" data-element_type=\"container\" data-settings=\"{&quot;background_background&quot;:&quot;classic&quot;}\">\n\t\t\t\t<div class=\"elementor-element elementor-element-dd13a64 img elementor-cta--valign-bottom elementor-cta--skin-classic elementor-animated-content elementor-bg-transform elementor-bg-transform-zoom-in elementor-widget elementor-widget-call-to-action\" data-id=\"dd13a64\" data-element_type=\"widget\" data-widget_type=\"call-to-action.default\">\n\t\t\t\t\t\t\t<div class=\"elementor-cta\">\n\t\t\t\t\t<div class=\"elementor-cta__bg-wrapper\">\n\t\t\t\t<div class=\"elementor-cta__bg elementor-bg\" style=\"background-image: url(https:\/\/www.cnshining.com\/wp-content\/uploads\/2025\/11\/Tea-Tin-1.webp);\" role=\"img\" aria-label=\"Latas de metal\"><\/div>\n\t\t\t\t<div class=\"elementor-cta__bg-overlay\"><\/div>\n\t\t\t<\/div>\n\t\t\t\t\t\t\t\t<\/div>\n\t\t\t\t\t\t<\/div>\n\t\t<div class=\"elementor-element elementor-element-31da21c e-con-full e-flex e-con e-child\" data-id=\"31da21c\" data-element_type=\"container\">\n\t\t\t\t<div class=\"elementor-element elementor-element-8a5c0ac elementor-widget elementor-widget-text-editor\" data-id=\"8a5c0ac\" data-element_type=\"widget\" data-widget_type=\"text-editor.default\">\n\t\t\t\t\t\t\t\t\t<p><a href=\"https:\/\/www.cnshining.com\/pt\/latas-de-metal\/\" target=\"_blank\" rel=\"noopener\">Latas de metal \u2192<\/a><\/p>\t\t\t\t\t\t\t\t<\/div>\n\t\t\t\t<\/div>\n\t\t\t\t<\/div>\n\t\t\t\t<\/div>\n\t\t\t\t\t<\/div>\n\t\t\t\t<\/div>\n\t\t\t\t<\/div>","protected":false},"excerpt":{"rendered":"<p>Potes quadrados de alum\u00ednio premium com capacidades de 30 a 100 ml. Dur\u00e1veis e personaliz\u00e1veis com anodiza\u00e7\u00e3o, impress\u00e3o e tampas de rosca. Ideais para cosm\u00e9ticos, cremes e velas. Grau aliment\u00edcio. Pedido m\u00ednimo de 50.000 unidades.<\/p>","protected":false},"author":1,"featured_media":37188,"parent":327,"menu_order":0,"comment_status":"closed","ping_status":"closed","template":"","meta":{"footnotes":""},"class_list":["post-37153","page","type-page","status-publish","has-post-thumbnail","hentry"],"_links":{"self":[{"href":"https:\/\/www.cnshining.com\/pt\/wp-json\/wp\/v2\/pages\/37153","targetHints":{"allow":["GET"]}}],"collection":[{"href":"https:\/\/www.cnshining.com\/pt\/wp-json\/wp\/v2\/pages"}],"about":[{"href":"https:\/\/www.cnshining.com\/pt\/wp-json\/wp\/v2\/types\/page"}],"author":[{"embeddable":true,"href":"https:\/\/www.cnshining.com\/pt\/wp-json\/wp\/v2\/users\/1"}],"replies":[{"embeddable":true,"href":"https:\/\/www.cnshining.com\/pt\/wp-json\/wp\/v2\/comments?post=37153"}],"version-history":[{"count":0,"href":"https:\/\/www.cnshining.com\/pt\/wp-json\/wp\/v2\/pages\/37153\/revisions"}],"up":[{"embeddable":true,"href":"https:\/\/www.cnshining.com\/pt\/wp-json\/wp\/v2\/pages\/327"}],"wp:featuredmedia":[{"embeddable":true,"href":"https:\/\/www.cnshining.com\/pt\/wp-json\/wp\/v2\/media\/37188"}],"wp:attachment":[{"href":"https:\/\/www.cnshining.com\/pt\/wp-json\/wp\/v2\/media?parent=37153"}],"curies":[{"name":"wp","href":"https:\/\/api.w.org\/{rel}","templated":true}]}}