{"id":37575,"date":"2025-11-26T02:31:08","date_gmt":"2025-11-26T02:31:08","guid":{"rendered":"https:\/\/www.cnshining.com\/?page_id=37575"},"modified":"2025-12-23T05:37:40","modified_gmt":"2025-12-23T05:37:40","slug":"cuidados-pessoais","status":"publish","type":"page","link":"https:\/\/www.cnshining.com\/pt\/industria\/cuidados-pessoais","title":{"rendered":"Embalagens met\u00e1licas para produtos de higiene pessoal."},"content":{"rendered":"<div data-elementor-type=\"wp-page\" data-elementor-id=\"37575\" class=\"elementor elementor-37575\" data-elementor-post-type=\"page\">\n\t\t\t\t<div class=\"elementor-element elementor-element-4e39ce7 e-flex e-con-boxed e-con e-parent\" data-id=\"4e39ce7\" data-element_type=\"container\" data-settings=\"{&quot;background_background&quot;:&quot;classic&quot;}\">\n\t\t\t\t\t<div class=\"e-con-inner\">\n\t\t\t\t<div class=\"elementor-element elementor-element-d53bfa1 elementor-icon-list--layout-inline elementor-align-center elementor-list-item-link-full_width elementor-widget elementor-widget-icon-list\" data-id=\"d53bfa1\" data-element_type=\"widget\" data-widget_type=\"icon-list.default\">\n\t\t\t\t\t\t\t<ul class=\"elementor-icon-list-items elementor-inline-items\">\n\t\t\t\t\t\t\t<li class=\"elementor-icon-list-item elementor-inline-item\">\n\t\t\t\t\t\t\t\t\t\t\t<a href=\"https:\/\/www.cnshining.com\/pt\" target=\"_blank\">\n\n\t\t\t\t\t\t\t\t\t\t\t\t<span class=\"elementor-icon-list-icon\">\n\t\t\t\t\t\t\t<svg aria-hidden=\"true\" class=\"e-font-icon-svg e-fas-home\" viewbox=\"0 0 576 512\" xmlns=\"http:\/\/www.w3.org\/2000\/svg\"><path d=\"M280.37 148.26L96 300.11V464a16 16 0 0 0 16 16l112.06-.29a16 16 0 0 0 15.92-16V368a16 16 0 0 1 16-16h64a16 16 0 0 1 16 16v95.64a16 16 0 0 0 16 16.05L464 480a16 16 0 0 0 16-16V300L295.67 148.26a12.19 12.19 0 0 0-15.3 0zM571.6 251.47L488 182.56V44.05a12 12 0 0 0-12-12h-56a12 12 0 0 0-12 12v72.61L318.47 43a48 48 0 0 0-61 0L4.34 251.47a12 12 0 0 0-1.6 16.9l25.5 31A12 12 0 0 0 45.15 301l235.22-193.74a12.19 12.19 0 0 1 15.3 0L530.9 301a12 12 0 0 0 16.9-1.6l25.5-31a12 12 0 0 0-1.7-16.93z\"><\/path><\/svg>\t\t\t\t\t\t<\/span>\n\t\t\t\t\t\t\t\t\t\t<span class=\"elementor-icon-list-text\">Lar \/<\/span>\n\t\t\t\t\t\t\t\t\t\t\t<\/a>\n\t\t\t\t\t\t\t\t\t<\/li>\n\t\t\t\t\t\t\t\t<li class=\"elementor-icon-list-item elementor-inline-item\">\n\t\t\t\t\t\t\t\t\t\t\t<a href=\"https:\/\/www.cnshining.com\/pt\/industria\/\" target=\"_blank\">\n\n\t\t\t\t\t\t\t\t\t\t\t<span class=\"elementor-icon-list-text\">Ind\u00fastria \/<\/span>\n\t\t\t\t\t\t\t\t\t\t\t<\/a>\n\t\t\t\t\t\t\t\t\t<\/li>\n\t\t\t\t\t\t<\/ul>\n\t\t\t\t\t\t<\/div>\n\t\t\t\t\t<\/div>\n\t\t\t\t<\/div>\n\t\t<div class=\"elementor-element elementor-element-5c349fe e-flex e-con-boxed e-con e-parent\" data-id=\"5c349fe\" data-element_type=\"container\" data-settings=\"{&quot;background_background&quot;:&quot;classic&quot;}\">\n\t\t\t\t\t<div class=\"e-con-inner\">\n\t\t\t\t<div class=\"elementor-element elementor-element-7b04ed1 elementor-widget elementor-widget-text-editor\" data-id=\"7b04ed1\" data-element_type=\"widget\" data-widget_type=\"text-editor.default\">\n\t\t\t\t\t\t\t\t\t<p>No setor de cuidados pessoais, as embalagens met\u00e1licas oferecem op\u00e7\u00f5es sustent\u00e1veis e luxuosas que valorizam as marcas. Nossas solu\u00e7\u00f5es combinam materiais ecol\u00f3gicos com decora\u00e7\u00f5es sofisticadas, garantindo que os produtos se destaquem e, ao mesmo tempo, atendendo \u00e0s demandas dos consumidores por qualidade e inova\u00e7\u00e3o.<\/p>\t\t\t\t\t\t\t\t<\/div>\n\t\t\t\t\t<\/div>\n\t\t\t\t<\/div>\n\t\t<div class=\"elementor-element elementor-element-4704cd6 e-flex e-con-boxed e-con e-parent\" data-id=\"4704cd6\" data-element_type=\"container\" data-settings=\"{&quot;background_background&quot;:&quot;classic&quot;}\">\n\t\t\t\t\t<div class=\"e-con-inner\">\n\t\t<div class=\"elementor-element elementor-element-b289cb2 e-con-full e-flex e-con e-child\" data-id=\"b289cb2\" data-element_type=\"container\">\n\t\t<a class=\"elementor-element elementor-element-cee7c87 e-con-full e-flex e-con e-child\" data-id=\"cee7c87\" data-element_type=\"container\" href=\"https:\/\/www.cnshining.com\/pt\/fabricante-de-latas-de-aerossol-de-aluminio\/\" target=\"_blank\">\n\t\t\t\t<div class=\"elementor-element elementor-element-4508487 img elementor-cta--skin-classic elementor-animated-content elementor-bg-transform elementor-bg-transform-zoom-in elementor-widget elementor-widget-call-to-action\" data-id=\"4508487\" data-element_type=\"widget\" data-widget_type=\"call-to-action.default\">\n\t\t\t\t\t\t\t<div class=\"elementor-cta\">\n\t\t\t\t\t<div class=\"elementor-cta__bg-wrapper\">\n\t\t\t\t<div class=\"elementor-cta__bg elementor-bg\" style=\"background-image: url(https:\/\/www.cnshining.com\/wp-content\/uploads\/elementor\/thumbs\/Aerosol-Can-rgfalug30amnuogmlswnyyfdrhndt1s0ex4jjd8b6u.webp);\" role=\"img\" aria-label=\"Lata de aerossol\"><\/div>\n\t\t\t\t<div class=\"elementor-cta__bg-overlay\"><\/div>\n\t\t\t<\/div>\n\t\t\t\t\t\t\t\t<\/div>\n\t\t\t\t\t\t<\/div>\n\t\t\t\t<div class=\"elementor-element elementor-element-56d035b elementor-widget elementor-widget-heading\" data-id=\"56d035b\" data-element_type=\"widget\" data-widget_type=\"heading.default\">\n\t\t\t\t\t<h2 class=\"elementor-heading-title elementor-size-default\"> Lata de aerossol<\/h2>\t\t\t\t<\/div>\n\t\t\t\t<\/a>\n\t\t<a class=\"elementor-element elementor-element-cbabbbb e-con-full e-flex e-con e-child\" data-id=\"cbabbbb\" data-element_type=\"container\" href=\"https:\/\/www.cnshining.com\/pt\/mercado-de-garrafas-de-aluminio\/\" target=\"_blank\">\n\t\t\t\t<div class=\"elementor-element elementor-element-3a68a94 img elementor-cta--skin-classic elementor-animated-content elementor-bg-transform elementor-bg-transform-zoom-in elementor-widget elementor-widget-call-to-action\" data-id=\"3a68a94\" data-element_type=\"widget\" data-widget_type=\"call-to-action.default\">\n\t\t\t\t\t\t\t<div class=\"elementor-cta\">\n\t\t\t\t\t<div class=\"elementor-cta__bg-wrapper\">\n\t\t\t\t<div class=\"elementor-cta__bg elementor-bg\" style=\"background-image: url(https:\/\/www.cnshining.com\/wp-content\/uploads\/elementor\/thumbs\/Aluminum-Bottle-1-rav0a3hze2h2pgwqazin5hdulvrb3cxga1s4rwuld2.webp);\" role=\"img\" aria-label=\"Garrafa de alum\u00ednio\"><\/div>\n\t\t\t\t<div class=\"elementor-cta__bg-overlay\"><\/div>\n\t\t\t<\/div>\n\t\t\t\t\t\t\t\t<\/div>\n\t\t\t\t\t\t<\/div>\n\t\t\t\t<div class=\"elementor-element elementor-element-752c9d0 elementor-widget elementor-widget-heading\" data-id=\"752c9d0\" data-element_type=\"widget\" data-widget_type=\"heading.default\">\n\t\t\t\t\t<h2 class=\"elementor-heading-title elementor-size-default\">Garrafa de alum\u00ednio<\/h2>\t\t\t\t<\/div>\n\t\t\t\t<\/a>\n\t\t<a class=\"elementor-element elementor-element-9697608 e-con-full e-flex e-con e-child\" data-id=\"9697608\" data-element_type=\"container\" href=\"https:\/\/www.cnshining.com\/pt\/lata-de-aluminio\/\" target=\"_blank\">\n\t\t\t\t<div class=\"elementor-element elementor-element-32d976b img elementor-cta--skin-classic elementor-animated-content elementor-bg-transform elementor-bg-transform-zoom-in elementor-widget elementor-widget-call-to-action\" data-id=\"32d976b\" data-element_type=\"widget\" data-widget_type=\"call-to-action.default\">\n\t\t\t\t\t\t\t<div class=\"elementor-cta\">\n\t\t\t\t\t<div class=\"elementor-cta__bg-wrapper\">\n\t\t\t\t<div class=\"elementor-cta__bg elementor-bg\" style=\"background-image: url(https:\/\/www.cnshining.com\/wp-content\/uploads\/elementor\/thumbs\/Aluminum-Canister-rautot4q3pn7t9kzwf15pd0s05bjy2wubkzfd8ogbk.webp);\" role=\"img\" aria-label=\"Lata de alum\u00ednio\"><\/div>\n\t\t\t\t<div class=\"elementor-cta__bg-overlay\"><\/div>\n\t\t\t<\/div>\n\t\t\t\t\t\t\t\t<\/div>\n\t\t\t\t\t\t<\/div>\n\t\t\t\t<div class=\"elementor-element elementor-element-0b664b5 elementor-widget elementor-widget-heading\" data-id=\"0b664b5\" data-element_type=\"widget\" data-widget_type=\"heading.default\">\n\t\t\t\t\t<h2 class=\"elementor-heading-title elementor-size-default\">Lata de alum\u00ednio<\/h2>\t\t\t\t<\/div>\n\t\t\t\t<\/a>\n\t\t<a class=\"elementor-element elementor-element-e73a475 e-con-full e-flex e-con e-child\" data-id=\"e73a475\" data-element_type=\"container\" href=\"https:\/\/www.cnshining.com\/pt\/tubo-de-aluminio\/\" target=\"_blank\">\n\t\t\t\t<div class=\"elementor-element elementor-element-8052b10 img elementor-cta--skin-classic elementor-animated-content elementor-bg-transform elementor-bg-transform-zoom-in elementor-widget elementor-widget-call-to-action\" data-id=\"8052b10\" data-element_type=\"widget\" data-widget_type=\"call-to-action.default\">\n\t\t\t\t\t\t\t<div class=\"elementor-cta\">\n\t\t\t\t\t<div class=\"elementor-cta__bg-wrapper\">\n\t\t\t\t<div class=\"elementor-cta__bg elementor-bg\" style=\"background-image: url(https:\/\/www.cnshining.com\/wp-content\/uploads\/elementor\/thumbs\/Aluminum-Tube-rautojqc7dacl5ynfayw0fe62alvt3viyagkkh2e1s.webp);\" role=\"img\" aria-label=\"Tubo de alum\u00ednio\"><\/div>\n\t\t\t\t<div class=\"elementor-cta__bg-overlay\"><\/div>\n\t\t\t<\/div>\n\t\t\t\t\t\t\t\t<\/div>\n\t\t\t\t\t\t<\/div>\n\t\t\t\t<div class=\"elementor-element elementor-element-ca46e55 elementor-widget elementor-widget-heading\" data-id=\"ca46e55\" data-element_type=\"widget\" data-widget_type=\"heading.default\">\n\t\t\t\t\t<h2 class=\"elementor-heading-title elementor-size-default\">Tubo de alum\u00ednio<\/h2>\t\t\t\t<\/div>\n\t\t\t\t<\/a>\n\t\t<a class=\"elementor-element elementor-element-126e6e2 e-con-full e-flex e-con e-child\" data-id=\"126e6e2\" data-element_type=\"container\" href=\"https:\/\/www.cnshining.com\/pt\/latas-de-metal\/\" target=\"_blank\">\n\t\t\t\t<div class=\"elementor-element elementor-element-b950ad1 img elementor-cta--skin-classic elementor-animated-content elementor-bg-transform elementor-bg-transform-zoom-in elementor-widget elementor-widget-call-to-action\" data-id=\"b950ad1\" data-element_type=\"widget\" data-widget_type=\"call-to-action.default\">\n\t\t\t\t\t\t\t<div class=\"elementor-cta\">\n\t\t\t\t\t<div class=\"elementor-cta__bg-wrapper\">\n\t\t\t\t<div class=\"elementor-cta__bg elementor-bg\" style=\"background-image: url(https:\/\/www.cnshining.com\/wp-content\/uploads\/elementor\/thumbs\/Tea-Tin-1-rf9e7u5mr99vcb5p6ylrxdn22jc2s1kiwxmza5cxzy.webp);\" role=\"img\" aria-label=\"Latas de metal\"><\/div>\n\t\t\t\t<div class=\"elementor-cta__bg-overlay\"><\/div>\n\t\t\t<\/div>\n\t\t\t\t\t\t\t\t<\/div>\n\t\t\t\t\t\t<\/div>\n\t\t\t\t<div class=\"elementor-element elementor-element-4d58a9c elementor-widget elementor-widget-heading\" data-id=\"4d58a9c\" data-element_type=\"widget\" data-widget_type=\"heading.default\">\n\t\t\t\t\t<h2 class=\"elementor-heading-title elementor-size-default\">Latas de metal<\/h2>\t\t\t\t<\/div>\n\t\t\t\t<\/a>\n\t\t<a class=\"elementor-element elementor-element-4242286 e-con-full e-flex e-con e-child\" data-id=\"4242286\" data-element_type=\"container\" href=\"https:\/\/www.cnshining.com\/pt\/latas-de-metal\/\" target=\"_blank\">\n\t\t\t\t<\/a>\n\t\t\t\t<\/div>\n\t\t\t\t\t<\/div>\n\t\t\t\t<\/div>\n\t\t\t\t<\/div>","protected":false},"excerpt":{"rendered":"<p>A Shining Packaging oferece solu\u00e7\u00f5es de embalagens met\u00e1licas sustent\u00e1veis e luxuosas para produtos de higiene pessoal, incluindo latas de aerossol, frascos de alum\u00ednio, recipientes, tubos e latas.<\/p>","protected":false},"author":1,"featured_media":0,"parent":37407,"menu_order":0,"comment_status":"closed","ping_status":"closed","template":"","meta":{"footnotes":""},"class_list":["post-37575","page","type-page","status-publish","hentry"],"_links":{"self":[{"href":"https:\/\/www.cnshining.com\/pt\/wp-json\/wp\/v2\/pages\/37575","targetHints":{"allow":["GET"]}}],"collection":[{"href":"https:\/\/www.cnshining.com\/pt\/wp-json\/wp\/v2\/pages"}],"about":[{"href":"https:\/\/www.cnshining.com\/pt\/wp-json\/wp\/v2\/types\/page"}],"author":[{"embeddable":true,"href":"https:\/\/www.cnshining.com\/pt\/wp-json\/wp\/v2\/users\/1"}],"replies":[{"embeddable":true,"href":"https:\/\/www.cnshining.com\/pt\/wp-json\/wp\/v2\/comments?post=37575"}],"version-history":[{"count":0,"href":"https:\/\/www.cnshining.com\/pt\/wp-json\/wp\/v2\/pages\/37575\/revisions"}],"up":[{"embeddable":true,"href":"https:\/\/www.cnshining.com\/pt\/wp-json\/wp\/v2\/pages\/37407"}],"wp:attachment":[{"href":"https:\/\/www.cnshining.com\/pt\/wp-json\/wp\/v2\/media?parent=37575"}],"curies":[{"name":"wp","href":"https:\/\/api.w.org\/{rel}","templated":true}]}}